{"id":31247,"date":"2025-08-07T08:26:40","date_gmt":"2025-08-07T11:26:40","guid":{"rendered":"https:\/\/tienda.rigelec.com.ar\/?product=contactor-ac3-tesys-deca-3p-25a-110v-1na1-nc"},"modified":"2026-05-01T02:13:35","modified_gmt":"2026-05-01T05:13:35","slug":"contactor-ac3","status":"publish","type":"product","link":"https:\/\/tienda.rigelec.com.ar\/?product=contactor-ac3","title":{"rendered":"CONTACTOR AC3 TESYS DECA 3P &#8211; 25A &#8211; 110V &#8211; 1NA+1 NC"},"content":{"rendered":"<p>CONTACTOR AC3<\/p>\n<p data-start=\"264\" data-end=\"320\"><strong data-start=\"264\" data-end=\"318\">CONTACTOR AC3 TESYS DECA 3P \u2013 25A \u2013 110V \u2013 1NA+1NC<\/strong><\/p>\n<p data-start=\"322\" data-end=\"543\">El <strong data-start=\"325\" data-end=\"353\">Contactor AC3 TeSys Deca<\/strong> de Schneider Electric ofrece una soluci\u00f3n confiable y robusta para el control de motores el\u00e9ctricos. Est\u00e1 dise\u00f1ado con <strong data-start=\"473\" data-end=\"489\">3 polos (NO)<\/strong> y soporta hasta <strong data-start=\"506\" data-end=\"540\">25A \/ 690V AC-3\/3e (11kW\/400V)<\/strong>.<\/p>\n<p data-start=\"545\" data-end=\"807\">Su <strong data-start=\"548\" data-end=\"577\">bobina de 110V AC 50\/60Hz<\/strong> incluye <strong data-start=\"586\" data-end=\"620\">contactos auxiliares 1NO + 1NC<\/strong>, certificados como <strong data-start=\"640\" data-end=\"653\">NC espejo<\/strong> para mayor seguridad. Adem\u00e1s, la conexi\u00f3n se realiza mediante <strong data-start=\"716\" data-end=\"756\">terminales de abrazadera de tornillo<\/strong>, lo que simplifica el montaje y asegura firmeza.<\/p>\n<p data-start=\"809\" data-end=\"1069\">Gracias a su dise\u00f1o compacto de <strong data-start=\"841\" data-end=\"859\">45 mm de ancho<\/strong>, este contactor se adapta a diferentes instalaciones. Se puede montar en <strong data-start=\"933\" data-end=\"945\">riel DIN<\/strong> o fijar con tornillos, brindando flexibilidad de uso. Asimismo, cuenta con <strong data-start=\"1021\" data-end=\"1040\">protecci\u00f3n IP20<\/strong> contra contactos directos.<\/p>\n<p data-start=\"1071\" data-end=\"1390\">Este modelo puede operar en ambientes de hasta <strong data-start=\"1118\" data-end=\"1126\">60\u00b0C<\/strong> y soporta un ritmo de trabajo de <strong data-start=\"1160\" data-end=\"1181\">3.600 ciclos\/hora<\/strong>. Por lo tanto, es ideal para entornos exigentes. Adem\u00e1s, cumple con <strong data-start=\"1250\" data-end=\"1281\">certificaci\u00f3n multiest\u00e1ndar<\/strong> (IEC, UL, CSA, CCC, EAC, Marine), lo que garantiza compatibilidad con diversas normativas internacionales.<\/p>\n<p data-start=\"1392\" data-end=\"1604\">El <strong data-start=\"1395\" data-end=\"1419\">sello Green Premium\u2122<\/strong> asegura que este producto respeta las regulaciones actuales y ofrece transparencia sobre su impacto ambiental. Tambi\u00e9n fomenta la circularidad y ayuda a reducir las emisiones de CO\u2082.<\/p>\n<p data-start=\"1606\" data-end=\"1843\">En conclusi\u00f3n, el <strong data-start=\"1624\" data-end=\"1652\">Contactor TeSys Deca AC3<\/strong> combina durabilidad, eficiencia energ\u00e9tica y facilidad de instalaci\u00f3n. Es perfecto para aplicaciones en <strong data-start=\"1757\" data-end=\"1840\">automatizaci\u00f3n industrial, maquinaria, control de motores y sistemas el\u00e9ctricos<\/strong>.<\/p>\n","protected":false},"excerpt":{"rendered":"<p>El contactor de la nueva generaci\u00f3n de la serie TeSys Deca ofrece una soluci\u00f3n confiable y robusta para acelerar el tiempo de llegada al mercado de las m\u00e1quinas. Este producto tiene 3 (NO) polos y est\u00e1 destinado para aplicaciones de control de motores hasta 25A\/690V AC-3\/3e (11kW\/400V). Dispone de bobina 110V AC 50\/60Hz con contactos auxiliares incorporados 1NO+1NC (certificados NC espejo) y conexi\u00f3n mediante terminales de abrazadera de tornillo. Este contactor garantiza sencillez y facilidad de instalaci\u00f3n, es muy resistente y compacto (45mm de ancho). Tiene un rango de operaci\u00f3n de 3.600 ciclos\/hora en ambientes de hasta 60\u00b0C, proporcionando alta confiabilidad y durabilidad. Adem\u00e1s, tiene protecci\u00f3n IP20 y montaje en riel DIN o fijaci\u00f3n por tornillos. Este producto tiene certificaci\u00f3n multiest\u00e1ndar (IEC, UL, CSA, CCC, EAC, Marine). Los contactores Tesys Deca cuentan con la etiqueta Green PremiumTM, la cual promete el cumplimiento de las reglamentaciones m\u00e1s recientes, transparencia sobre los impactos medioambientales, productos circulares y de bajo nivel de CO2.<\/p>\n","protected":false},"featured_media":31248,"comment_status":"open","ping_status":"closed","template":"","meta":{"_monsterinsights_skip_tracking":false,"_monsterinsights_sitenote_active":false,"_monsterinsights_sitenote_note":"","_monsterinsights_sitenote_category":0},"product_brand":[],"product_cat":[332],"product_tag":[450],"class_list":{"0":"post-31247","1":"product","2":"type-product","3":"status-publish","4":"has-post-thumbnail","6":"product_cat-a-contactores","7":"product_tag-schneider","9":"first","10":"outofstock","11":"shipping-taxable","12":"purchasable","13":"product-type-simple"},"yoast_head":"<!-- This site is optimized with the Yoast SEO plugin v25.3.1 - https:\/\/yoast.com\/wordpress\/plugins\/seo\/ -->\n<title>CONTACTOR AC3 TESYS DECA 3P - 25A - 110V - 1NA+1 NC - Tienda Rigelec<\/title>\n<meta name=\"description\" content=\"CONTACTOR AC3 Tienda Rigelec CONTACTOR AC3 TESYS DECA 3P - 25A - 110V - 1NA+1 NC Tienda Rigelec CONTACTOR AC3 TESYS DECA 3P - 25A - 110V - 1NA+1 NC\" \/>\n<meta name=\"robots\" content=\"index, follow, max-snippet:-1, max-image-preview:large, max-video-preview:-1\" \/>\n<link rel=\"canonical\" href=\"https:\/\/tienda.rigelec.com.ar\/?product=contactor-ac3\" \/>\n<meta property=\"og:locale\" content=\"es_ES\" \/>\n<meta property=\"og:type\" content=\"article\" \/>\n<meta property=\"og:title\" content=\"CONTACTOR AC3 TESYS DECA 3P - 25A - 110V - 1NA+1 NC - Tienda Rigelec\" \/>\n<meta property=\"og:description\" content=\"CONTACTOR AC3 Tienda Rigelec CONTACTOR AC3 TESYS DECA 3P - 25A - 110V - 1NA+1 NC Tienda Rigelec CONTACTOR AC3 TESYS DECA 3P - 25A - 110V - 1NA+1 NC\" \/>\n<meta property=\"og:url\" content=\"https:\/\/tienda.rigelec.com.ar\/?product=contactor-ac3\" \/>\n<meta property=\"og:site_name\" content=\"Tienda Rigelec\" \/>\n<meta property=\"article:modified_time\" content=\"2026-05-01T05:13:35+00:00\" \/>\n<meta property=\"og:image\" content=\"https:\/\/tienda.rigelec.com.ar\/wp-content\/uploads\/2025\/08\/CONTACTORAC3.jpg\" \/>\n\t<meta property=\"og:image:width\" content=\"2000\" \/>\n\t<meta property=\"og:image:height\" content=\"2000\" \/>\n\t<meta property=\"og:image:type\" content=\"image\/jpeg\" \/>\n<meta name=\"twitter:card\" content=\"summary_large_image\" \/>\n<meta name=\"twitter:label1\" content=\"Tiempo de lectura\" \/>\n\t<meta name=\"twitter:data1\" content=\"2 minutos\" \/>\n<script type=\"application\/ld+json\" class=\"yoast-schema-graph\">{\"@context\":\"https:\/\/schema.org\",\"@graph\":[{\"@type\":\"WebPage\",\"@id\":\"https:\/\/tienda.rigelec.com.ar\/?product=contactor-ac3\",\"url\":\"https:\/\/tienda.rigelec.com.ar\/?product=contactor-ac3\",\"name\":\"CONTACTOR AC3 TESYS DECA 3P - 25A - 110V - 1NA+1 NC - Tienda Rigelec\",\"isPartOf\":{\"@id\":\"https:\/\/tienda.rigelec.com.ar\/#website\"},\"primaryImageOfPage\":{\"@id\":\"https:\/\/tienda.rigelec.com.ar\/?product=contactor-ac3#primaryimage\"},\"image\":{\"@id\":\"https:\/\/tienda.rigelec.com.ar\/?product=contactor-ac3#primaryimage\"},\"thumbnailUrl\":\"https:\/\/tienda.rigelec.com.ar\/wp-content\/uploads\/2025\/08\/CONTACTORAC3.jpg\",\"datePublished\":\"2025-08-07T11:26:40+00:00\",\"dateModified\":\"2026-05-01T05:13:35+00:00\",\"description\":\"CONTACTOR AC3 Tienda Rigelec CONTACTOR AC3 TESYS DECA 3P - 25A - 110V - 1NA+1 NC Tienda Rigelec CONTACTOR AC3 TESYS DECA 3P - 25A - 110V - 1NA+1 NC\",\"breadcrumb\":{\"@id\":\"https:\/\/tienda.rigelec.com.ar\/?product=contactor-ac3#breadcrumb\"},\"inLanguage\":\"es-AR\",\"potentialAction\":[{\"@type\":\"ReadAction\",\"target\":[\"https:\/\/tienda.rigelec.com.ar\/?product=contactor-ac3\"]}]},{\"@type\":\"ImageObject\",\"inLanguage\":\"es-AR\",\"@id\":\"https:\/\/tienda.rigelec.com.ar\/?product=contactor-ac3#primaryimage\",\"url\":\"https:\/\/tienda.rigelec.com.ar\/wp-content\/uploads\/2025\/08\/CONTACTORAC3.jpg\",\"contentUrl\":\"https:\/\/tienda.rigelec.com.ar\/wp-content\/uploads\/2025\/08\/CONTACTORAC3.jpg\",\"width\":2000,\"height\":2000},{\"@type\":\"BreadcrumbList\",\"@id\":\"https:\/\/tienda.rigelec.com.ar\/?product=contactor-ac3#breadcrumb\",\"itemListElement\":[{\"@type\":\"ListItem\",\"position\":1,\"name\":\"Inicio\",\"item\":\"https:\/\/tienda.rigelec.com.ar\/\"},{\"@type\":\"ListItem\",\"position\":2,\"name\":\"Shop\",\"item\":\"https:\/\/tienda.rigelec.com.ar\/?page_id=12\"},{\"@type\":\"ListItem\",\"position\":3,\"name\":\"CONTACTOR AC3 TESYS DECA 3P &#8211; 25A &#8211; 110V &#8211; 1NA+1 NC\"}]},{\"@type\":\"WebSite\",\"@id\":\"https:\/\/tienda.rigelec.com.ar\/#website\",\"url\":\"https:\/\/tienda.rigelec.com.ar\/\",\"name\":\"Tienda Rigelec\",\"description\":\"Energia en movimiento\",\"publisher\":{\"@id\":\"https:\/\/tienda.rigelec.com.ar\/#organization\"},\"potentialAction\":[{\"@type\":\"SearchAction\",\"target\":{\"@type\":\"EntryPoint\",\"urlTemplate\":\"https:\/\/tienda.rigelec.com.ar\/?s={search_term_string}\"},\"query-input\":{\"@type\":\"PropertyValueSpecification\",\"valueRequired\":true,\"valueName\":\"search_term_string\"}}],\"inLanguage\":\"es-AR\"},{\"@type\":\"Organization\",\"@id\":\"https:\/\/tienda.rigelec.com.ar\/#organization\",\"name\":\"Tienda Rigelec\",\"url\":\"https:\/\/tienda.rigelec.com.ar\/\",\"logo\":{\"@type\":\"ImageObject\",\"inLanguage\":\"es-AR\",\"@id\":\"https:\/\/tienda.rigelec.com.ar\/#\/schema\/logo\/image\/\",\"url\":\"https:\/\/tienda.rigelec.com.ar\/wp-content\/uploads\/2024\/09\/isologo-blanco-rigelec.png\",\"contentUrl\":\"https:\/\/tienda.rigelec.com.ar\/wp-content\/uploads\/2024\/09\/isologo-blanco-rigelec.png\",\"width\":94,\"height\":97,\"caption\":\"Tienda Rigelec\"},\"image\":{\"@id\":\"https:\/\/tienda.rigelec.com.ar\/#\/schema\/logo\/image\/\"}}]}<\/script>\n<!-- \/ Yoast SEO plugin. -->","yoast_head_json":{"title":"CONTACTOR AC3 TESYS DECA 3P - 25A - 110V - 1NA+1 NC - Tienda Rigelec","description":"CONTACTOR AC3 Tienda Rigelec CONTACTOR AC3 TESYS DECA 3P - 25A - 110V - 1NA+1 NC Tienda Rigelec CONTACTOR AC3 TESYS DECA 3P - 25A - 110V - 1NA+1 NC","robots":{"index":"index","follow":"follow","max-snippet":"max-snippet:-1","max-image-preview":"max-image-preview:large","max-video-preview":"max-video-preview:-1"},"canonical":"https:\/\/tienda.rigelec.com.ar\/?product=contactor-ac3","og_locale":"es_ES","og_type":"article","og_title":"CONTACTOR AC3 TESYS DECA 3P - 25A - 110V - 1NA+1 NC - Tienda Rigelec","og_description":"CONTACTOR AC3 Tienda Rigelec CONTACTOR AC3 TESYS DECA 3P - 25A - 110V - 1NA+1 NC Tienda Rigelec CONTACTOR AC3 TESYS DECA 3P - 25A - 110V - 1NA+1 NC","og_url":"https:\/\/tienda.rigelec.com.ar\/?product=contactor-ac3","og_site_name":"Tienda Rigelec","article_modified_time":"2026-05-01T05:13:35+00:00","og_image":[{"width":2000,"height":2000,"url":"https:\/\/tienda.rigelec.com.ar\/wp-content\/uploads\/2025\/08\/CONTACTORAC3.jpg","type":"image\/jpeg"}],"twitter_card":"summary_large_image","twitter_misc":{"Tiempo de lectura":"2 minutos"},"schema":{"@context":"https:\/\/schema.org","@graph":[{"@type":"WebPage","@id":"https:\/\/tienda.rigelec.com.ar\/?product=contactor-ac3","url":"https:\/\/tienda.rigelec.com.ar\/?product=contactor-ac3","name":"CONTACTOR AC3 TESYS DECA 3P - 25A - 110V - 1NA+1 NC - Tienda Rigelec","isPartOf":{"@id":"https:\/\/tienda.rigelec.com.ar\/#website"},"primaryImageOfPage":{"@id":"https:\/\/tienda.rigelec.com.ar\/?product=contactor-ac3#primaryimage"},"image":{"@id":"https:\/\/tienda.rigelec.com.ar\/?product=contactor-ac3#primaryimage"},"thumbnailUrl":"https:\/\/tienda.rigelec.com.ar\/wp-content\/uploads\/2025\/08\/CONTACTORAC3.jpg","datePublished":"2025-08-07T11:26:40+00:00","dateModified":"2026-05-01T05:13:35+00:00","description":"CONTACTOR AC3 Tienda Rigelec CONTACTOR AC3 TESYS DECA 3P - 25A - 110V - 1NA+1 NC Tienda Rigelec CONTACTOR AC3 TESYS DECA 3P - 25A - 110V - 1NA+1 NC","breadcrumb":{"@id":"https:\/\/tienda.rigelec.com.ar\/?product=contactor-ac3#breadcrumb"},"inLanguage":"es-AR","potentialAction":[{"@type":"ReadAction","target":["https:\/\/tienda.rigelec.com.ar\/?product=contactor-ac3"]}]},{"@type":"ImageObject","inLanguage":"es-AR","@id":"https:\/\/tienda.rigelec.com.ar\/?product=contactor-ac3#primaryimage","url":"https:\/\/tienda.rigelec.com.ar\/wp-content\/uploads\/2025\/08\/CONTACTORAC3.jpg","contentUrl":"https:\/\/tienda.rigelec.com.ar\/wp-content\/uploads\/2025\/08\/CONTACTORAC3.jpg","width":2000,"height":2000},{"@type":"BreadcrumbList","@id":"https:\/\/tienda.rigelec.com.ar\/?product=contactor-ac3#breadcrumb","itemListElement":[{"@type":"ListItem","position":1,"name":"Inicio","item":"https:\/\/tienda.rigelec.com.ar\/"},{"@type":"ListItem","position":2,"name":"Shop","item":"https:\/\/tienda.rigelec.com.ar\/?page_id=12"},{"@type":"ListItem","position":3,"name":"CONTACTOR AC3 TESYS DECA 3P &#8211; 25A &#8211; 110V &#8211; 1NA+1 NC"}]},{"@type":"WebSite","@id":"https:\/\/tienda.rigelec.com.ar\/#website","url":"https:\/\/tienda.rigelec.com.ar\/","name":"Tienda Rigelec","description":"Energia en movimiento","publisher":{"@id":"https:\/\/tienda.rigelec.com.ar\/#organization"},"potentialAction":[{"@type":"SearchAction","target":{"@type":"EntryPoint","urlTemplate":"https:\/\/tienda.rigelec.com.ar\/?s={search_term_string}"},"query-input":{"@type":"PropertyValueSpecification","valueRequired":true,"valueName":"search_term_string"}}],"inLanguage":"es-AR"},{"@type":"Organization","@id":"https:\/\/tienda.rigelec.com.ar\/#organization","name":"Tienda Rigelec","url":"https:\/\/tienda.rigelec.com.ar\/","logo":{"@type":"ImageObject","inLanguage":"es-AR","@id":"https:\/\/tienda.rigelec.com.ar\/#\/schema\/logo\/image\/","url":"https:\/\/tienda.rigelec.com.ar\/wp-content\/uploads\/2024\/09\/isologo-blanco-rigelec.png","contentUrl":"https:\/\/tienda.rigelec.com.ar\/wp-content\/uploads\/2024\/09\/isologo-blanco-rigelec.png","width":94,"height":97,"caption":"Tienda Rigelec"},"image":{"@id":"https:\/\/tienda.rigelec.com.ar\/#\/schema\/logo\/image\/"}}]}},"jetpack_sharing_enabled":true,"_links":{"self":[{"href":"https:\/\/tienda.rigelec.com.ar\/index.php?rest_route=\/wp\/v2\/product\/31247","targetHints":{"allow":["GET"]}}],"collection":[{"href":"https:\/\/tienda.rigelec.com.ar\/index.php?rest_route=\/wp\/v2\/product"}],"about":[{"href":"https:\/\/tienda.rigelec.com.ar\/index.php?rest_route=\/wp\/v2\/types\/product"}],"replies":[{"embeddable":true,"href":"https:\/\/tienda.rigelec.com.ar\/index.php?rest_route=%2Fwp%2Fv2%2Fcomments&post=31247"}],"wp:featuredmedia":[{"embeddable":true,"href":"https:\/\/tienda.rigelec.com.ar\/index.php?rest_route=\/wp\/v2\/media\/31248"}],"wp:attachment":[{"href":"https:\/\/tienda.rigelec.com.ar\/index.php?rest_route=%2Fwp%2Fv2%2Fmedia&parent=31247"}],"wp:term":[{"taxonomy":"product_brand","embeddable":true,"href":"https:\/\/tienda.rigelec.com.ar\/index.php?rest_route=%2Fwp%2Fv2%2Fproduct_brand&post=31247"},{"taxonomy":"product_cat","embeddable":true,"href":"https:\/\/tienda.rigelec.com.ar\/index.php?rest_route=%2Fwp%2Fv2%2Fproduct_cat&post=31247"},{"taxonomy":"product_tag","embeddable":true,"href":"https:\/\/tienda.rigelec.com.ar\/index.php?rest_route=%2Fwp%2Fv2%2Fproduct_tag&post=31247"}],"curies":[{"name":"wp","href":"https:\/\/api.w.org\/{rel}","templated":true}]}}