{"id":31307,"date":"2025-08-08T13:02:00","date_gmt":"2025-08-08T16:02:00","guid":{"rendered":"https:\/\/tienda.rigelec.com.ar\/?product=interruptor-compacto-en-caja-moldeada-nxms-630h-3300-630a-3x630a"},"modified":"2026-05-02T18:58:45","modified_gmt":"2026-05-02T21:58:45","slug":"interruptor-compacto-en-caja-moldeada-nxms-630h-3300-630a-3x630a","status":"publish","type":"product","link":"https:\/\/tienda.rigelec.com.ar\/?product=interruptor-compacto-en-caja-moldeada-nxms-630h-3300-630a-3x630a","title":{"rendered":"INTERRUPTOR COMPACTO EN CAJA MOLDEADA NXMS-630H\/3300 630A 3X630A"},"content":{"rendered":"<p>INTERRUPTOR COMPACTO EN CAJA MOLDEADA<\/p>\n","protected":false},"excerpt":{"rendered":"<p>Polos:3<br \/>\nIntensidad Nominal In (A): 630<br \/>\nTensi\u00f3n nominal (V): 400<br \/>\nCorriente de Cortocircuito Icc (kA)1: 70<br \/>\nNorma: IEC 60947-2<br \/>\nVida \u00datil Mec\u00e1nica (Ciclos)3: 10000<br \/>\nVida \u00datil El\u00e9ctrica (Ciclos): 8000<br \/>\nProtecci\u00f3n MCCB: Protecci\u00f3n Electr\u00f3nica (L-S-I)<br \/>\nRango de Ajuste\tL: 400-630A &#8211; S: 0-8 x Ir &#8211; I: 0-12 x In &#8211; N: 0\/50\/100%<br \/>\nTama\u00f1o constructivo: M4<\/p>\n","protected":false},"featured_media":31308,"comment_status":"open","ping_status":"closed","template":"","meta":{"_monsterinsights_skip_tracking":false,"_monsterinsights_sitenote_active":false,"_monsterinsights_sitenote_note":"","_monsterinsights_sitenote_category":0},"product_brand":[],"product_cat":[265],"product_tag":[430],"class_list":{"0":"post-31307","1":"product","2":"type-product","3":"status-publish","4":"has-post-thumbnail","6":"product_cat-a-termomagneticos","7":"product_tag-chint","9":"first","10":"outofstock","11":"shipping-taxable","12":"purchasable","13":"product-type-simple"},"yoast_head":"<!-- This site is optimized with the Yoast SEO plugin v25.3.1 - https:\/\/yoast.com\/wordpress\/plugins\/seo\/ -->\n<title>INTERRUPTOR COMPACTO EN CAJA MOLDEADA NXMS-630H\/3300 630A 3X630A - Tienda Rigelec<\/title>\n<meta name=\"robots\" content=\"index, follow, max-snippet:-1, max-image-preview:large, max-video-preview:-1\" \/>\n<link rel=\"canonical\" href=\"https:\/\/tienda.rigelec.com.ar\/?product=interruptor-compacto-en-caja-moldeada-nxms-630h-3300-630a-3x630a\" \/>\n<meta property=\"og:locale\" content=\"es_ES\" \/>\n<meta property=\"og:type\" content=\"article\" \/>\n<meta property=\"og:title\" content=\"INTERRUPTOR COMPACTO EN CAJA MOLDEADA NXMS-630H\/3300 630A 3X630A - Tienda Rigelec\" \/>\n<meta property=\"og:description\" content=\"Polos:3 Intensidad Nominal In (A): 630 Tensi\u00f3n nominal (V): 400 Corriente de Cortocircuito Icc (kA)1: 70 Norma: IEC 60947-2 Vida \u00datil Mec\u00e1nica (Ciclos)3: 10000 Vida \u00datil El\u00e9ctrica (Ciclos): 8000 Protecci\u00f3n MCCB: Protecci\u00f3n Electr\u00f3nica (L-S-I) Rango de Ajuste L: 400-630A - S: 0-8 x Ir - I: 0-12 x In - N: 0\/50\/100% Tama\u00f1o constructivo: M4\" \/>\n<meta property=\"og:url\" content=\"https:\/\/tienda.rigelec.com.ar\/?product=interruptor-compacto-en-caja-moldeada-nxms-630h-3300-630a-3x630a\" \/>\n<meta property=\"og:site_name\" content=\"Tienda Rigelec\" \/>\n<meta property=\"article:modified_time\" content=\"2026-05-02T21:58:45+00:00\" \/>\n<meta name=\"twitter:card\" content=\"summary_large_image\" \/>\n<script type=\"application\/ld+json\" class=\"yoast-schema-graph\">{\"@context\":\"https:\/\/schema.org\",\"@graph\":[{\"@type\":\"WebPage\",\"@id\":\"https:\/\/tienda.rigelec.com.ar\/?product=interruptor-compacto-en-caja-moldeada-nxms-630h-3300-630a-3x630a\",\"url\":\"https:\/\/tienda.rigelec.com.ar\/?product=interruptor-compacto-en-caja-moldeada-nxms-630h-3300-630a-3x630a\",\"name\":\"INTERRUPTOR COMPACTO EN CAJA MOLDEADA NXMS-630H\/3300 630A 3X630A - Tienda Rigelec\",\"isPartOf\":{\"@id\":\"https:\/\/tienda.rigelec.com.ar\/#website\"},\"primaryImageOfPage\":{\"@id\":\"https:\/\/tienda.rigelec.com.ar\/?product=interruptor-compacto-en-caja-moldeada-nxms-630h-3300-630a-3x630a#primaryimage\"},\"image\":{\"@id\":\"https:\/\/tienda.rigelec.com.ar\/?product=interruptor-compacto-en-caja-moldeada-nxms-630h-3300-630a-3x630a#primaryimage\"},\"thumbnailUrl\":\"https:\/\/tienda.rigelec.com.ar\/wp-content\/uploads\/2025\/08\/INTERRUPTORCOMPACTOENCAJAMOLDEADA.jpg\",\"datePublished\":\"2025-08-08T16:02:00+00:00\",\"dateModified\":\"2026-05-02T21:58:45+00:00\",\"breadcrumb\":{\"@id\":\"https:\/\/tienda.rigelec.com.ar\/?product=interruptor-compacto-en-caja-moldeada-nxms-630h-3300-630a-3x630a#breadcrumb\"},\"inLanguage\":\"es-AR\",\"potentialAction\":[{\"@type\":\"ReadAction\",\"target\":[\"https:\/\/tienda.rigelec.com.ar\/?product=interruptor-compacto-en-caja-moldeada-nxms-630h-3300-630a-3x630a\"]}]},{\"@type\":\"ImageObject\",\"inLanguage\":\"es-AR\",\"@id\":\"https:\/\/tienda.rigelec.com.ar\/?product=interruptor-compacto-en-caja-moldeada-nxms-630h-3300-630a-3x630a#primaryimage\",\"url\":\"https:\/\/tienda.rigelec.com.ar\/wp-content\/uploads\/2025\/08\/INTERRUPTORCOMPACTOENCAJAMOLDEADA.jpg\",\"contentUrl\":\"https:\/\/tienda.rigelec.com.ar\/wp-content\/uploads\/2025\/08\/INTERRUPTORCOMPACTOENCAJAMOLDEADA.jpg\",\"width\":2000,\"height\":2000},{\"@type\":\"BreadcrumbList\",\"@id\":\"https:\/\/tienda.rigelec.com.ar\/?product=interruptor-compacto-en-caja-moldeada-nxms-630h-3300-630a-3x630a#breadcrumb\",\"itemListElement\":[{\"@type\":\"ListItem\",\"position\":1,\"name\":\"Inicio\",\"item\":\"https:\/\/tienda.rigelec.com.ar\/\"},{\"@type\":\"ListItem\",\"position\":2,\"name\":\"Shop\",\"item\":\"https:\/\/tienda.rigelec.com.ar\/?page_id=12\"},{\"@type\":\"ListItem\",\"position\":3,\"name\":\"INTERRUPTOR COMPACTO EN CAJA MOLDEADA NXMS-630H\/3300 630A 3X630A\"}]},{\"@type\":\"WebSite\",\"@id\":\"https:\/\/tienda.rigelec.com.ar\/#website\",\"url\":\"https:\/\/tienda.rigelec.com.ar\/\",\"name\":\"Tienda Rigelec\",\"description\":\"Energia en movimiento\",\"publisher\":{\"@id\":\"https:\/\/tienda.rigelec.com.ar\/#organization\"},\"potentialAction\":[{\"@type\":\"SearchAction\",\"target\":{\"@type\":\"EntryPoint\",\"urlTemplate\":\"https:\/\/tienda.rigelec.com.ar\/?s={search_term_string}\"},\"query-input\":{\"@type\":\"PropertyValueSpecification\",\"valueRequired\":true,\"valueName\":\"search_term_string\"}}],\"inLanguage\":\"es-AR\"},{\"@type\":\"Organization\",\"@id\":\"https:\/\/tienda.rigelec.com.ar\/#organization\",\"name\":\"Tienda Rigelec\",\"url\":\"https:\/\/tienda.rigelec.com.ar\/\",\"logo\":{\"@type\":\"ImageObject\",\"inLanguage\":\"es-AR\",\"@id\":\"https:\/\/tienda.rigelec.com.ar\/#\/schema\/logo\/image\/\",\"url\":\"https:\/\/tienda.rigelec.com.ar\/wp-content\/uploads\/2024\/09\/isologo-blanco-rigelec.png\",\"contentUrl\":\"https:\/\/tienda.rigelec.com.ar\/wp-content\/uploads\/2024\/09\/isologo-blanco-rigelec.png\",\"width\":94,\"height\":97,\"caption\":\"Tienda Rigelec\"},\"image\":{\"@id\":\"https:\/\/tienda.rigelec.com.ar\/#\/schema\/logo\/image\/\"}}]}<\/script>\n<!-- \/ Yoast SEO plugin. -->","yoast_head_json":{"title":"INTERRUPTOR COMPACTO EN CAJA MOLDEADA NXMS-630H\/3300 630A 3X630A - Tienda Rigelec","robots":{"index":"index","follow":"follow","max-snippet":"max-snippet:-1","max-image-preview":"max-image-preview:large","max-video-preview":"max-video-preview:-1"},"canonical":"https:\/\/tienda.rigelec.com.ar\/?product=interruptor-compacto-en-caja-moldeada-nxms-630h-3300-630a-3x630a","og_locale":"es_ES","og_type":"article","og_title":"INTERRUPTOR COMPACTO EN CAJA MOLDEADA NXMS-630H\/3300 630A 3X630A - Tienda Rigelec","og_description":"Polos:3 Intensidad Nominal In (A): 630 Tensi\u00f3n nominal (V): 400 Corriente de Cortocircuito Icc (kA)1: 70 Norma: IEC 60947-2 Vida \u00datil Mec\u00e1nica (Ciclos)3: 10000 Vida \u00datil El\u00e9ctrica (Ciclos): 8000 Protecci\u00f3n MCCB: Protecci\u00f3n Electr\u00f3nica (L-S-I) Rango de Ajuste L: 400-630A - S: 0-8 x Ir - I: 0-12 x In - N: 0\/50\/100% Tama\u00f1o constructivo: M4","og_url":"https:\/\/tienda.rigelec.com.ar\/?product=interruptor-compacto-en-caja-moldeada-nxms-630h-3300-630a-3x630a","og_site_name":"Tienda Rigelec","article_modified_time":"2026-05-02T21:58:45+00:00","twitter_card":"summary_large_image","schema":{"@context":"https:\/\/schema.org","@graph":[{"@type":"WebPage","@id":"https:\/\/tienda.rigelec.com.ar\/?product=interruptor-compacto-en-caja-moldeada-nxms-630h-3300-630a-3x630a","url":"https:\/\/tienda.rigelec.com.ar\/?product=interruptor-compacto-en-caja-moldeada-nxms-630h-3300-630a-3x630a","name":"INTERRUPTOR COMPACTO EN CAJA MOLDEADA NXMS-630H\/3300 630A 3X630A - Tienda Rigelec","isPartOf":{"@id":"https:\/\/tienda.rigelec.com.ar\/#website"},"primaryImageOfPage":{"@id":"https:\/\/tienda.rigelec.com.ar\/?product=interruptor-compacto-en-caja-moldeada-nxms-630h-3300-630a-3x630a#primaryimage"},"image":{"@id":"https:\/\/tienda.rigelec.com.ar\/?product=interruptor-compacto-en-caja-moldeada-nxms-630h-3300-630a-3x630a#primaryimage"},"thumbnailUrl":"https:\/\/tienda.rigelec.com.ar\/wp-content\/uploads\/2025\/08\/INTERRUPTORCOMPACTOENCAJAMOLDEADA.jpg","datePublished":"2025-08-08T16:02:00+00:00","dateModified":"2026-05-02T21:58:45+00:00","breadcrumb":{"@id":"https:\/\/tienda.rigelec.com.ar\/?product=interruptor-compacto-en-caja-moldeada-nxms-630h-3300-630a-3x630a#breadcrumb"},"inLanguage":"es-AR","potentialAction":[{"@type":"ReadAction","target":["https:\/\/tienda.rigelec.com.ar\/?product=interruptor-compacto-en-caja-moldeada-nxms-630h-3300-630a-3x630a"]}]},{"@type":"ImageObject","inLanguage":"es-AR","@id":"https:\/\/tienda.rigelec.com.ar\/?product=interruptor-compacto-en-caja-moldeada-nxms-630h-3300-630a-3x630a#primaryimage","url":"https:\/\/tienda.rigelec.com.ar\/wp-content\/uploads\/2025\/08\/INTERRUPTORCOMPACTOENCAJAMOLDEADA.jpg","contentUrl":"https:\/\/tienda.rigelec.com.ar\/wp-content\/uploads\/2025\/08\/INTERRUPTORCOMPACTOENCAJAMOLDEADA.jpg","width":2000,"height":2000},{"@type":"BreadcrumbList","@id":"https:\/\/tienda.rigelec.com.ar\/?product=interruptor-compacto-en-caja-moldeada-nxms-630h-3300-630a-3x630a#breadcrumb","itemListElement":[{"@type":"ListItem","position":1,"name":"Inicio","item":"https:\/\/tienda.rigelec.com.ar\/"},{"@type":"ListItem","position":2,"name":"Shop","item":"https:\/\/tienda.rigelec.com.ar\/?page_id=12"},{"@type":"ListItem","position":3,"name":"INTERRUPTOR COMPACTO EN CAJA MOLDEADA NXMS-630H\/3300 630A 3X630A"}]},{"@type":"WebSite","@id":"https:\/\/tienda.rigelec.com.ar\/#website","url":"https:\/\/tienda.rigelec.com.ar\/","name":"Tienda Rigelec","description":"Energia en movimiento","publisher":{"@id":"https:\/\/tienda.rigelec.com.ar\/#organization"},"potentialAction":[{"@type":"SearchAction","target":{"@type":"EntryPoint","urlTemplate":"https:\/\/tienda.rigelec.com.ar\/?s={search_term_string}"},"query-input":{"@type":"PropertyValueSpecification","valueRequired":true,"valueName":"search_term_string"}}],"inLanguage":"es-AR"},{"@type":"Organization","@id":"https:\/\/tienda.rigelec.com.ar\/#organization","name":"Tienda Rigelec","url":"https:\/\/tienda.rigelec.com.ar\/","logo":{"@type":"ImageObject","inLanguage":"es-AR","@id":"https:\/\/tienda.rigelec.com.ar\/#\/schema\/logo\/image\/","url":"https:\/\/tienda.rigelec.com.ar\/wp-content\/uploads\/2024\/09\/isologo-blanco-rigelec.png","contentUrl":"https:\/\/tienda.rigelec.com.ar\/wp-content\/uploads\/2024\/09\/isologo-blanco-rigelec.png","width":94,"height":97,"caption":"Tienda Rigelec"},"image":{"@id":"https:\/\/tienda.rigelec.com.ar\/#\/schema\/logo\/image\/"}}]}},"jetpack_sharing_enabled":true,"_links":{"self":[{"href":"https:\/\/tienda.rigelec.com.ar\/index.php?rest_route=\/wp\/v2\/product\/31307","targetHints":{"allow":["GET"]}}],"collection":[{"href":"https:\/\/tienda.rigelec.com.ar\/index.php?rest_route=\/wp\/v2\/product"}],"about":[{"href":"https:\/\/tienda.rigelec.com.ar\/index.php?rest_route=\/wp\/v2\/types\/product"}],"replies":[{"embeddable":true,"href":"https:\/\/tienda.rigelec.com.ar\/index.php?rest_route=%2Fwp%2Fv2%2Fcomments&post=31307"}],"wp:featuredmedia":[{"embeddable":true,"href":"https:\/\/tienda.rigelec.com.ar\/index.php?rest_route=\/wp\/v2\/media\/31308"}],"wp:attachment":[{"href":"https:\/\/tienda.rigelec.com.ar\/index.php?rest_route=%2Fwp%2Fv2%2Fmedia&parent=31307"}],"wp:term":[{"taxonomy":"product_brand","embeddable":true,"href":"https:\/\/tienda.rigelec.com.ar\/index.php?rest_route=%2Fwp%2Fv2%2Fproduct_brand&post=31307"},{"taxonomy":"product_cat","embeddable":true,"href":"https:\/\/tienda.rigelec.com.ar\/index.php?rest_route=%2Fwp%2Fv2%2Fproduct_cat&post=31307"},{"taxonomy":"product_tag","embeddable":true,"href":"https:\/\/tienda.rigelec.com.ar\/index.php?rest_route=%2Fwp%2Fv2%2Fproduct_tag&post=31307"}],"curies":[{"name":"wp","href":"https:\/\/api.w.org\/{rel}","templated":true}]}}