{"id":31502,"date":"2025-08-11T17:11:25","date_gmt":"2025-08-11T20:11:25","guid":{"rendered":"https:\/\/tienda.rigelec.com.ar\/?product=combo-basico-instalacion-domiciliaria-kit-domiciliario-15-productos"},"modified":"2026-05-03T21:29:05","modified_gmt":"2026-05-04T00:29:05","slug":"combo-basico-instalacion-domiciliaria","status":"publish","type":"product","link":"https:\/\/tienda.rigelec.com.ar\/?product=combo-basico-instalacion-domiciliaria","title":{"rendered":"COMBO BASICO INSTALACION DOMICILIARIA KIT DOMICILIARIO 15 PRODUCTOS"},"content":{"rendered":"<p>COMBO BASICO INSTALACION DOMICILIARIA<\/p>\n<p data-start=\"814\" data-end=\"1203\">l <strong data-start=\"817\" data-end=\"874\">Combo B\u00e1sico de Instalaci\u00f3n Domiciliaria 15 Productos<\/strong> est\u00e1 dise\u00f1ado para facilitar una instalaci\u00f3n el\u00e9ctrica completa, segura y adaptada a la normativa vigente. Este kit re\u00fane componentes de primeras marcas, cuidadosamente seleccionados para asegurar la <strong data-start=\"1075\" data-end=\"1119\">compatibilidad, durabilidad y eficiencia<\/strong> de tu proyecto el\u00e9ctrico, evitando faltantes y reduciendo tiempos de instalaci\u00f3n.<\/p>\n<p data-start=\"1205\" data-end=\"1530\">Su versatilidad permite adaptarlo a viviendas de distintos tama\u00f1os y estilos, siendo ideal tanto para obras nuevas como para reformas. Adem\u00e1s, la facilidad de instalaci\u00f3n lo convierte en una excelente opci\u00f3n tanto para profesionales como para usuarios con conocimientos b\u00e1sicos que deseen realizar el trabajo por su cuenta.<\/p>\n<p data-start=\"1532\" data-end=\"1556\"><strong data-start=\"1532\" data-end=\"1554\">Contenido del kit:<\/strong><\/p>\n<ul data-start=\"1557\" data-end=\"2330\">\n<li data-start=\"1557\" data-end=\"1625\">\n<p data-start=\"1559\" data-end=\"1625\">12 Cajas de embutir rectangulares con orejas pl\u00e1sticas \u2013 Genrod.<\/p>\n<\/li>\n<li data-start=\"1626\" data-end=\"1692\">\n<p data-start=\"1628\" data-end=\"1692\">12 Cajas de embutir octogonales con orejas pl\u00e1sticas \u2013 Genrod.<\/p>\n<\/li>\n<li data-start=\"1693\" data-end=\"1758\">\n<p data-start=\"1695\" data-end=\"1758\">1 Caja herm\u00e9tica de sobreponer con tapa gris 4 bocas \u2013 Trefi.<\/p>\n<\/li>\n<li data-start=\"1759\" data-end=\"1792\">\n<p data-start=\"1761\" data-end=\"1792\">1 Termomagn\u00e9tica 2x32A \u2013 BAW.<\/p>\n<\/li>\n<li data-start=\"1793\" data-end=\"1835\">\n<p data-start=\"1795\" data-end=\"1835\">1 Interruptor diferencial 2x40A \u2013 BAW.<\/p>\n<\/li>\n<li data-start=\"1836\" data-end=\"1881\">\n<p data-start=\"1838\" data-end=\"1881\">1 Cinta aisladora PVC negra 10m \u2013 Inteck.<\/p>\n<\/li>\n<li data-start=\"1882\" data-end=\"1932\">\n<p data-start=\"1884\" data-end=\"1932\">10 Bastidores rectangulares 3 m\u00f3dulos \u2013 Jeluz.<\/p>\n<\/li>\n<li data-start=\"1933\" data-end=\"1972\">\n<p data-start=\"1935\" data-end=\"1972\">10 Tapas 3 m\u00f3dulos blancas \u2013 Jeluz.<\/p>\n<\/li>\n<li data-start=\"1973\" data-end=\"2016\">\n<p data-start=\"1975\" data-end=\"2016\">10 M\u00f3dulos tap\u00f3n ciego blancos \u2013 Jeluz.<\/p>\n<\/li>\n<li data-start=\"2017\" data-end=\"2054\">\n<p data-start=\"2019\" data-end=\"2054\">10 M\u00f3dulos punto blancos \u2013 Jeluz.<\/p>\n<\/li>\n<li data-start=\"2055\" data-end=\"2108\">\n<p data-start=\"2057\" data-end=\"2108\">10 M\u00f3dulos tomacorriente binorma blancos \u2013 Jeluz.<\/p>\n<\/li>\n<li data-start=\"2109\" data-end=\"2180\">\n<p data-start=\"2111\" data-end=\"2180\">1 Rollo de cable unipolar celeste 2,5mm\u00b2 clase 4 x 100m \u2013 Magnoluz.<\/p>\n<\/li>\n<li data-start=\"2181\" data-end=\"2251\">\n<p data-start=\"2183\" data-end=\"2251\">1 Rollo de cable unipolar marr\u00f3n 2,5mm\u00b2 clase 4 x 100m \u2013 Magnoluz.<\/p>\n<\/li>\n<li data-start=\"2252\" data-end=\"2330\">\n<p data-start=\"2254\" data-end=\"2330\">1 Rollo de cable unipolar verde\/amarillo 2,5mm\u00b2 clase 4 x 100m \u2013 Magnoluz.<\/p>\n<\/li>\n<\/ul>\n<p data-start=\"2332\" data-end=\"2500\">Con este <strong data-start=\"2341\" data-end=\"2373\">combo el\u00e9ctrico domiciliario<\/strong>, garantiz\u00e1s una instalaci\u00f3n <strong data-start=\"2402\" data-end=\"2437\">profesional, segura y eficiente<\/strong>, cumpliendo con las normas de calidad y seguridad el\u00e9ctrica.<\/p>\n","protected":false},"excerpt":{"rendered":"<p>Kit dise\u00f1ado para que puedas realizar una instalaci\u00f3n domiciliaria eficiente, normativa y profesional, evitando faltantes de materiales y asegurando compatibilidad entre todos los componentes.<br \/>\nLa versatilidad de este kit permite adaptarse a diferentes necesidades y espacios, lo que lo convierte en una opci\u00f3n perfecta para cualquier tipo de vivienda. Adem\u00e1s, su f\u00e1cil manejo asegura que incluso aquellos sin experiencia previa puedan realizar la instalaci\u00f3n sin complicaciones.<\/p>\n<p>Incluye:<br \/>\n-12 Cajas de embutir rectangulares con orejas pl\u00e1sticas marca Genrod.<br \/>\n-12 Cajas de embutir octogonales con orejas pl\u00e1sticas marca Genrod.<br \/>\n-1 Caja herm\u00e9tica de sobreponer con tapa gris 4 bocas Trefi.<br \/>\n-1 Termomagn\u00e9tica 2x32A marca BAW.<br \/>\n-1 Interruptor diferencial 2x40A marca BAW.<br \/>\n-1 Cinta aisladora de PVC negra 10m marca Inteck.<br \/>\n-10 Bastidores rectangulares de 3 m\u00f3dulos marca Jeluz.<br \/>\n-10 Tapas de 3 m\u00f3dulos color blanco marca Jeluz.<br \/>\n-10 M\u00f3dulos tap\u00f3n ciego color blanco marca Jeluz.<br \/>\n-10 M\u00f3dulos punto color blanco marca Jeluz.<br \/>\n-10 M\u00f3dulos tomacorriente binorma color blanco marca Jeluz.<br \/>\n-1 Rollo de cable unipolar celeste 2,5mm\u00b2 clase 4 x 100m marca Magnoluz.<br \/>\n-1 Rollo de cable unipolar marr\u00f3n 2,5mm\u00b2 clase 4 x 100m marca Magnoluz.<br \/>\n-1 Rollo de cable unipolar verde\/amarillo 2,5mm\u00b2 clase 4 x 100m marca Magnoluz.<\/p>\n","protected":false},"featured_media":31503,"comment_status":"open","ping_status":"closed","template":"","meta":{"_monsterinsights_skip_tracking":false,"_monsterinsights_sitenote_active":false,"_monsterinsights_sitenote_note":"","_monsterinsights_sitenote_category":0},"product_brand":[],"product_cat":[164],"product_tag":[453],"class_list":{"0":"post-31502","1":"product","2":"type-product","3":"status-publish","4":"has-post-thumbnail","6":"product_cat-c-domiciliario","7":"product_tag-rigelec","9":"first","10":"instock","11":"shipping-taxable","12":"purchasable","13":"product-type-simple"},"yoast_head":"<!-- This site is optimized with the Yoast SEO plugin v25.3.1 - https:\/\/yoast.com\/wordpress\/plugins\/seo\/ -->\n<title>COMBO BASICO INSTALACION DOMICILIARIA KIT DOMICILIARIO 15 PRODUCTOS - Tienda Rigelec<\/title>\n<meta name=\"description\" content=\"COMBO BASICO INSTALACION DOMICILIARIA KIT DOMICILIARIO 15 PRODUCTOS Tienda Rigelec COMBO BASICO INSTALACION DOMICILIARIA -\" \/>\n<meta name=\"robots\" content=\"index, follow, max-snippet:-1, max-image-preview:large, max-video-preview:-1\" \/>\n<link rel=\"canonical\" href=\"https:\/\/tienda.rigelec.com.ar\/?product=combo-basico-instalacion-domiciliaria\" \/>\n<meta property=\"og:locale\" content=\"es_ES\" \/>\n<meta property=\"og:type\" content=\"article\" \/>\n<meta property=\"og:title\" content=\"COMBO BASICO INSTALACION DOMICILIARIA KIT DOMICILIARIO 15 PRODUCTOS - Tienda Rigelec\" \/>\n<meta property=\"og:description\" content=\"COMBO BASICO INSTALACION DOMICILIARIA KIT DOMICILIARIO 15 PRODUCTOS Tienda Rigelec COMBO BASICO INSTALACION DOMICILIARIA -\" \/>\n<meta property=\"og:url\" content=\"https:\/\/tienda.rigelec.com.ar\/?product=combo-basico-instalacion-domiciliaria\" \/>\n<meta property=\"og:site_name\" content=\"Tienda Rigelec\" \/>\n<meta property=\"article:modified_time\" content=\"2026-05-04T00:29:05+00:00\" \/>\n<meta property=\"og:image\" content=\"https:\/\/tienda.rigelec.com.ar\/wp-content\/uploads\/2025\/08\/COMBOBASICOINSTALACIONDOMICILIARIA.jpg\" \/>\n\t<meta property=\"og:image:width\" content=\"1080\" \/>\n\t<meta property=\"og:image:height\" content=\"1080\" \/>\n\t<meta property=\"og:image:type\" content=\"image\/jpeg\" \/>\n<meta name=\"twitter:card\" content=\"summary_large_image\" \/>\n<meta name=\"twitter:label1\" content=\"Tiempo de lectura\" \/>\n\t<meta name=\"twitter:data1\" content=\"1 minuto\" \/>\n<script type=\"application\/ld+json\" class=\"yoast-schema-graph\">{\"@context\":\"https:\/\/schema.org\",\"@graph\":[{\"@type\":\"WebPage\",\"@id\":\"https:\/\/tienda.rigelec.com.ar\/?product=combo-basico-instalacion-domiciliaria\",\"url\":\"https:\/\/tienda.rigelec.com.ar\/?product=combo-basico-instalacion-domiciliaria\",\"name\":\"COMBO BASICO INSTALACION DOMICILIARIA KIT DOMICILIARIO 15 PRODUCTOS - Tienda Rigelec\",\"isPartOf\":{\"@id\":\"https:\/\/tienda.rigelec.com.ar\/#website\"},\"primaryImageOfPage\":{\"@id\":\"https:\/\/tienda.rigelec.com.ar\/?product=combo-basico-instalacion-domiciliaria#primaryimage\"},\"image\":{\"@id\":\"https:\/\/tienda.rigelec.com.ar\/?product=combo-basico-instalacion-domiciliaria#primaryimage\"},\"thumbnailUrl\":\"https:\/\/tienda.rigelec.com.ar\/wp-content\/uploads\/2025\/08\/COMBOBASICOINSTALACIONDOMICILIARIA.jpg\",\"datePublished\":\"2025-08-11T20:11:25+00:00\",\"dateModified\":\"2026-05-04T00:29:05+00:00\",\"description\":\"COMBO BASICO INSTALACION DOMICILIARIA KIT DOMICILIARIO 15 PRODUCTOS Tienda Rigelec COMBO BASICO INSTALACION DOMICILIARIA -\",\"breadcrumb\":{\"@id\":\"https:\/\/tienda.rigelec.com.ar\/?product=combo-basico-instalacion-domiciliaria#breadcrumb\"},\"inLanguage\":\"es-AR\",\"potentialAction\":[{\"@type\":\"ReadAction\",\"target\":[\"https:\/\/tienda.rigelec.com.ar\/?product=combo-basico-instalacion-domiciliaria\"]}]},{\"@type\":\"ImageObject\",\"inLanguage\":\"es-AR\",\"@id\":\"https:\/\/tienda.rigelec.com.ar\/?product=combo-basico-instalacion-domiciliaria#primaryimage\",\"url\":\"https:\/\/tienda.rigelec.com.ar\/wp-content\/uploads\/2025\/08\/COMBOBASICOINSTALACIONDOMICILIARIA.jpg\",\"contentUrl\":\"https:\/\/tienda.rigelec.com.ar\/wp-content\/uploads\/2025\/08\/COMBOBASICOINSTALACIONDOMICILIARIA.jpg\",\"width\":1080,\"height\":1080},{\"@type\":\"BreadcrumbList\",\"@id\":\"https:\/\/tienda.rigelec.com.ar\/?product=combo-basico-instalacion-domiciliaria#breadcrumb\",\"itemListElement\":[{\"@type\":\"ListItem\",\"position\":1,\"name\":\"Inicio\",\"item\":\"https:\/\/tienda.rigelec.com.ar\/\"},{\"@type\":\"ListItem\",\"position\":2,\"name\":\"Shop\",\"item\":\"https:\/\/tienda.rigelec.com.ar\/?page_id=12\"},{\"@type\":\"ListItem\",\"position\":3,\"name\":\"COMBO BASICO INSTALACION DOMICILIARIA KIT DOMICILIARIO 15 PRODUCTOS\"}]},{\"@type\":\"WebSite\",\"@id\":\"https:\/\/tienda.rigelec.com.ar\/#website\",\"url\":\"https:\/\/tienda.rigelec.com.ar\/\",\"name\":\"Tienda Rigelec\",\"description\":\"Energia en movimiento\",\"publisher\":{\"@id\":\"https:\/\/tienda.rigelec.com.ar\/#organization\"},\"potentialAction\":[{\"@type\":\"SearchAction\",\"target\":{\"@type\":\"EntryPoint\",\"urlTemplate\":\"https:\/\/tienda.rigelec.com.ar\/?s={search_term_string}\"},\"query-input\":{\"@type\":\"PropertyValueSpecification\",\"valueRequired\":true,\"valueName\":\"search_term_string\"}}],\"inLanguage\":\"es-AR\"},{\"@type\":\"Organization\",\"@id\":\"https:\/\/tienda.rigelec.com.ar\/#organization\",\"name\":\"Tienda Rigelec\",\"url\":\"https:\/\/tienda.rigelec.com.ar\/\",\"logo\":{\"@type\":\"ImageObject\",\"inLanguage\":\"es-AR\",\"@id\":\"https:\/\/tienda.rigelec.com.ar\/#\/schema\/logo\/image\/\",\"url\":\"https:\/\/tienda.rigelec.com.ar\/wp-content\/uploads\/2024\/09\/isologo-blanco-rigelec.png\",\"contentUrl\":\"https:\/\/tienda.rigelec.com.ar\/wp-content\/uploads\/2024\/09\/isologo-blanco-rigelec.png\",\"width\":94,\"height\":97,\"caption\":\"Tienda Rigelec\"},\"image\":{\"@id\":\"https:\/\/tienda.rigelec.com.ar\/#\/schema\/logo\/image\/\"}}]}<\/script>\n<!-- \/ Yoast SEO plugin. -->","yoast_head_json":{"title":"COMBO BASICO INSTALACION DOMICILIARIA KIT DOMICILIARIO 15 PRODUCTOS - Tienda Rigelec","description":"COMBO BASICO INSTALACION DOMICILIARIA KIT DOMICILIARIO 15 PRODUCTOS Tienda Rigelec COMBO BASICO INSTALACION DOMICILIARIA -","robots":{"index":"index","follow":"follow","max-snippet":"max-snippet:-1","max-image-preview":"max-image-preview:large","max-video-preview":"max-video-preview:-1"},"canonical":"https:\/\/tienda.rigelec.com.ar\/?product=combo-basico-instalacion-domiciliaria","og_locale":"es_ES","og_type":"article","og_title":"COMBO BASICO INSTALACION DOMICILIARIA KIT DOMICILIARIO 15 PRODUCTOS - Tienda Rigelec","og_description":"COMBO BASICO INSTALACION DOMICILIARIA KIT DOMICILIARIO 15 PRODUCTOS Tienda Rigelec COMBO BASICO INSTALACION DOMICILIARIA -","og_url":"https:\/\/tienda.rigelec.com.ar\/?product=combo-basico-instalacion-domiciliaria","og_site_name":"Tienda Rigelec","article_modified_time":"2026-05-04T00:29:05+00:00","og_image":[{"width":1080,"height":1080,"url":"https:\/\/tienda.rigelec.com.ar\/wp-content\/uploads\/2025\/08\/COMBOBASICOINSTALACIONDOMICILIARIA.jpg","type":"image\/jpeg"}],"twitter_card":"summary_large_image","twitter_misc":{"Tiempo de lectura":"1 minuto"},"schema":{"@context":"https:\/\/schema.org","@graph":[{"@type":"WebPage","@id":"https:\/\/tienda.rigelec.com.ar\/?product=combo-basico-instalacion-domiciliaria","url":"https:\/\/tienda.rigelec.com.ar\/?product=combo-basico-instalacion-domiciliaria","name":"COMBO BASICO INSTALACION DOMICILIARIA KIT DOMICILIARIO 15 PRODUCTOS - Tienda Rigelec","isPartOf":{"@id":"https:\/\/tienda.rigelec.com.ar\/#website"},"primaryImageOfPage":{"@id":"https:\/\/tienda.rigelec.com.ar\/?product=combo-basico-instalacion-domiciliaria#primaryimage"},"image":{"@id":"https:\/\/tienda.rigelec.com.ar\/?product=combo-basico-instalacion-domiciliaria#primaryimage"},"thumbnailUrl":"https:\/\/tienda.rigelec.com.ar\/wp-content\/uploads\/2025\/08\/COMBOBASICOINSTALACIONDOMICILIARIA.jpg","datePublished":"2025-08-11T20:11:25+00:00","dateModified":"2026-05-04T00:29:05+00:00","description":"COMBO BASICO INSTALACION DOMICILIARIA KIT DOMICILIARIO 15 PRODUCTOS Tienda Rigelec COMBO BASICO INSTALACION DOMICILIARIA -","breadcrumb":{"@id":"https:\/\/tienda.rigelec.com.ar\/?product=combo-basico-instalacion-domiciliaria#breadcrumb"},"inLanguage":"es-AR","potentialAction":[{"@type":"ReadAction","target":["https:\/\/tienda.rigelec.com.ar\/?product=combo-basico-instalacion-domiciliaria"]}]},{"@type":"ImageObject","inLanguage":"es-AR","@id":"https:\/\/tienda.rigelec.com.ar\/?product=combo-basico-instalacion-domiciliaria#primaryimage","url":"https:\/\/tienda.rigelec.com.ar\/wp-content\/uploads\/2025\/08\/COMBOBASICOINSTALACIONDOMICILIARIA.jpg","contentUrl":"https:\/\/tienda.rigelec.com.ar\/wp-content\/uploads\/2025\/08\/COMBOBASICOINSTALACIONDOMICILIARIA.jpg","width":1080,"height":1080},{"@type":"BreadcrumbList","@id":"https:\/\/tienda.rigelec.com.ar\/?product=combo-basico-instalacion-domiciliaria#breadcrumb","itemListElement":[{"@type":"ListItem","position":1,"name":"Inicio","item":"https:\/\/tienda.rigelec.com.ar\/"},{"@type":"ListItem","position":2,"name":"Shop","item":"https:\/\/tienda.rigelec.com.ar\/?page_id=12"},{"@type":"ListItem","position":3,"name":"COMBO BASICO INSTALACION DOMICILIARIA KIT DOMICILIARIO 15 PRODUCTOS"}]},{"@type":"WebSite","@id":"https:\/\/tienda.rigelec.com.ar\/#website","url":"https:\/\/tienda.rigelec.com.ar\/","name":"Tienda Rigelec","description":"Energia en movimiento","publisher":{"@id":"https:\/\/tienda.rigelec.com.ar\/#organization"},"potentialAction":[{"@type":"SearchAction","target":{"@type":"EntryPoint","urlTemplate":"https:\/\/tienda.rigelec.com.ar\/?s={search_term_string}"},"query-input":{"@type":"PropertyValueSpecification","valueRequired":true,"valueName":"search_term_string"}}],"inLanguage":"es-AR"},{"@type":"Organization","@id":"https:\/\/tienda.rigelec.com.ar\/#organization","name":"Tienda Rigelec","url":"https:\/\/tienda.rigelec.com.ar\/","logo":{"@type":"ImageObject","inLanguage":"es-AR","@id":"https:\/\/tienda.rigelec.com.ar\/#\/schema\/logo\/image\/","url":"https:\/\/tienda.rigelec.com.ar\/wp-content\/uploads\/2024\/09\/isologo-blanco-rigelec.png","contentUrl":"https:\/\/tienda.rigelec.com.ar\/wp-content\/uploads\/2024\/09\/isologo-blanco-rigelec.png","width":94,"height":97,"caption":"Tienda Rigelec"},"image":{"@id":"https:\/\/tienda.rigelec.com.ar\/#\/schema\/logo\/image\/"}}]}},"jetpack_sharing_enabled":true,"_links":{"self":[{"href":"https:\/\/tienda.rigelec.com.ar\/index.php?rest_route=\/wp\/v2\/product\/31502","targetHints":{"allow":["GET"]}}],"collection":[{"href":"https:\/\/tienda.rigelec.com.ar\/index.php?rest_route=\/wp\/v2\/product"}],"about":[{"href":"https:\/\/tienda.rigelec.com.ar\/index.php?rest_route=\/wp\/v2\/types\/product"}],"replies":[{"embeddable":true,"href":"https:\/\/tienda.rigelec.com.ar\/index.php?rest_route=%2Fwp%2Fv2%2Fcomments&post=31502"}],"wp:featuredmedia":[{"embeddable":true,"href":"https:\/\/tienda.rigelec.com.ar\/index.php?rest_route=\/wp\/v2\/media\/31503"}],"wp:attachment":[{"href":"https:\/\/tienda.rigelec.com.ar\/index.php?rest_route=%2Fwp%2Fv2%2Fmedia&parent=31502"}],"wp:term":[{"taxonomy":"product_brand","embeddable":true,"href":"https:\/\/tienda.rigelec.com.ar\/index.php?rest_route=%2Fwp%2Fv2%2Fproduct_brand&post=31502"},{"taxonomy":"product_cat","embeddable":true,"href":"https:\/\/tienda.rigelec.com.ar\/index.php?rest_route=%2Fwp%2Fv2%2Fproduct_cat&post=31502"},{"taxonomy":"product_tag","embeddable":true,"href":"https:\/\/tienda.rigelec.com.ar\/index.php?rest_route=%2Fwp%2Fv2%2Fproduct_tag&post=31502"}],"curies":[{"name":"wp","href":"https:\/\/api.w.org\/{rel}","templated":true}]}}