{"id":31510,"date":"2025-08-11T17:11:32","date_gmt":"2025-08-11T20:11:32","guid":{"rendered":"https:\/\/tienda.rigelec.com.ar\/?product=rele-de-control-tesys-2na2nc-220vca-50-60hz"},"modified":"2026-05-01T01:37:51","modified_gmt":"2026-05-01T04:37:51","slug":"rele-de-control-tesys-schneider-electric-2na2nc-220vca-50-60hz","status":"publish","type":"product","link":"https:\/\/tienda.rigelec.com.ar\/?product=rele-de-control-tesys-schneider-electric-2na2nc-220vca-50-60hz","title":{"rendered":"RELE DE CONTROL TESYS 2NA+2NC -220VCA -50\/60Hz"},"content":{"rendered":"<p data-start=\"539\" data-end=\"737\">El <strong data-start=\"542\" data-end=\"609\">Rel\u00e9 de Control Tesys Schneider Electric 2NA+2NC 220VCA 50\/60Hz<\/strong> est\u00e1 dise\u00f1ado para ofrecer una soluci\u00f3n eficiente y confiable en el control de circuitos el\u00e9ctricos y sistemas automatizados.<\/p>\n<p data-start=\"739\" data-end=\"958\">Con dos contactos normalmente abiertos (2NA) y dos normalmente cerrados (2NC), permite manejar diferentes se\u00f1ales y funciones en tableros de control, facilitando la gesti\u00f3n de motores, equipos y procesos industriales.<\/p>\n<p data-start=\"960\" data-end=\"1222\">La bobina de 220VCA operativa a frecuencias de 50 o 60 Hz lo hace compatible con la mayor\u00eda de las instalaciones el\u00e9ctricas est\u00e1ndar. Fabricado bajo los est\u00e1ndares de calidad Schneider Electric, asegura durabilidad y desempe\u00f1o \u00f3ptimo en aplicaciones exigentes.<\/p>\n<h2 data-start=\"1229\" data-end=\"1264\"><strong data-start=\"1232\" data-end=\"1262\">Caracter\u00edsticas<\/strong><\/h2>\n<ul data-start=\"1265\" data-end=\"1615\">\n<li data-start=\"1265\" data-end=\"1298\">\n<p data-start=\"1267\" data-end=\"1298\">Marca: <strong data-start=\"1274\" data-end=\"1296\">Schneider Electric<\/strong><\/p>\n<\/li>\n<li data-start=\"1299\" data-end=\"1319\">\n<p data-start=\"1301\" data-end=\"1319\">L\u00ednea: <strong data-start=\"1308\" data-end=\"1317\">Tesys<\/strong><\/p>\n<\/li>\n<li data-start=\"1320\" data-end=\"1361\">\n<p data-start=\"1322\" data-end=\"1361\">Tipo: Rel\u00e9 de control electromec\u00e1nico<\/p>\n<\/li>\n<li data-start=\"1362\" data-end=\"1436\">\n<p data-start=\"1364\" data-end=\"1436\">Contactos: <strong data-start=\"1375\" data-end=\"1434\">2NA (normalmente abiertos) + 2NC (normalmente cerrados)<\/strong><\/p>\n<\/li>\n<li data-start=\"1437\" data-end=\"1470\">\n<p data-start=\"1439\" data-end=\"1470\">Tensi\u00f3n de bobina: <strong data-start=\"1458\" data-end=\"1468\">220VCA<\/strong><\/p>\n<\/li>\n<li data-start=\"1471\" data-end=\"1498\">\n<p data-start=\"1473\" data-end=\"1498\">Frecuencia: <strong data-start=\"1485\" data-end=\"1496\">50\/60Hz<\/strong><\/p>\n<\/li>\n<li data-start=\"1499\" data-end=\"1543\">\n<p data-start=\"1501\" data-end=\"1543\">Uso: Control y automatizaci\u00f3n industrial<\/p>\n<\/li>\n<li data-start=\"1544\" data-end=\"1577\">\n<p data-start=\"1546\" data-end=\"1577\">Alta fiabilidad y durabilidad<\/p>\n<\/li>\n<li data-start=\"1578\" data-end=\"1615\">\n<p data-start=\"1580\" data-end=\"1615\">F\u00e1cil instalaci\u00f3n y mantenimiento<\/p>\n<\/li>\n<\/ul>\n<h2 data-start=\"1622\" data-end=\"1656\"><strong data-start=\"1625\" data-end=\"1654\">Aplicaciones recomendadas<\/strong><\/h2>\n<ul data-start=\"1657\" data-end=\"1883\">\n<li data-start=\"1657\" data-end=\"1708\">\n<p data-start=\"1659\" data-end=\"1708\">Sistemas de automatizaci\u00f3n y control industrial<\/p>\n<\/li>\n<li data-start=\"1709\" data-end=\"1743\">\n<p data-start=\"1711\" data-end=\"1743\">Tableros de control de motores<\/p>\n<\/li>\n<li data-start=\"1744\" data-end=\"1782\">\n<p data-start=\"1746\" data-end=\"1782\">Procesos industriales y maquinaria<\/p>\n<\/li>\n<li data-start=\"1783\" data-end=\"1838\">\n<p data-start=\"1785\" data-end=\"1838\">Equipos el\u00e9ctricos con m\u00faltiples se\u00f1ales de control<\/p>\n<\/li>\n<li data-start=\"1839\" data-end=\"1883\">\n<p data-start=\"1841\" data-end=\"1883\">Instalaciones comerciales e industriales<\/p>\n<\/li>\n<\/ul>\n<p><a href=\"https:\/\/www.se.com\/ar\/es\/product\/CA2KN22M7\/contactor-aux-k-2na+2nc-220v-50-60hz\/\">https:\/\/www.se.com\/ar\/es\/product\/CA2KN22M7\/contactor-aux-k-2na+2nc-220v-50-60hz\/<\/a><\/p>\n","protected":false},"excerpt":{"rendered":"<p>Rel\u00e9 de control TeSys K, 4 contactos (2NA + 2NC), 1A\/69V, para control de cargas electromagn\u00e9ticas AC-15\/DC-13. Proporciona un circuito de control de CA de 22-23 V 5\/6 Hz, conexi\u00f3n por borne atornillado. Para altos \u00edndices de operaci\u00f3n hasta 18 ciclos\/min y temperatura ambiente -25\/+5\u00b0C, obtiene alta fiabilidad y durabilidad. Compacto (45mm de anchura) para enganche en carril DIN de 35mm o fijaci\u00f3n por tornillo. Certificaci\u00f3n de est\u00e1ndares m\u00faltiples (IEC, UL, CSA, CCC, EAC), producto Green Premium (RoHS\/REACh).<\/p>\n","protected":false},"featured_media":31511,"comment_status":"open","ping_status":"closed","template":"","meta":{"_monsterinsights_skip_tracking":false,"_monsterinsights_sitenote_active":false,"_monsterinsights_sitenote_note":"","_monsterinsights_sitenote_category":0},"product_brand":[],"product_cat":[327],"product_tag":[450],"class_list":{"0":"post-31510","1":"product","2":"type-product","3":"status-publish","4":"has-post-thumbnail","6":"product_cat-c-descargadores","7":"product_tag-schneider","9":"first","10":"outofstock","11":"shipping-taxable","12":"purchasable","13":"product-type-simple"},"yoast_head":"<!-- This site is optimized with the Yoast SEO plugin v25.3.1 - https:\/\/yoast.com\/wordpress\/plugins\/seo\/ -->\n<title>Tienda Rigelec Rel\u00e9 de Control Schneider Electric 2NA+2NC 220VCA 50\/60Hz<\/title>\n<meta name=\"description\" content=\"Rel\u00e9 de control Schneider Electric Tesys con contactos 2NA+2NC y bobina 220VCA. Ideal para automatizaci\u00f3n y control industrial.\" \/>\n<meta name=\"robots\" content=\"index, follow, max-snippet:-1, max-image-preview:large, max-video-preview:-1\" \/>\n<link rel=\"canonical\" href=\"https:\/\/tienda.rigelec.com.ar\/?product=rele-de-control-tesys-schneider-electric-2na2nc-220vca-50-60hz\" \/>\n<meta property=\"og:locale\" content=\"es_ES\" \/>\n<meta property=\"og:type\" content=\"article\" \/>\n<meta property=\"og:title\" content=\"Tienda Rigelec Rel\u00e9 de Control Schneider Electric 2NA+2NC 220VCA 50\/60Hz\" \/>\n<meta property=\"og:description\" content=\"Rel\u00e9 de control Schneider Electric Tesys con contactos 2NA+2NC y bobina 220VCA. Ideal para automatizaci\u00f3n y control industrial.\" \/>\n<meta property=\"og:url\" content=\"https:\/\/tienda.rigelec.com.ar\/?product=rele-de-control-tesys-schneider-electric-2na2nc-220vca-50-60hz\" \/>\n<meta property=\"og:site_name\" content=\"Tienda Rigelec\" \/>\n<meta property=\"article:modified_time\" content=\"2026-05-01T04:37:51+00:00\" \/>\n<meta property=\"og:image\" content=\"https:\/\/tienda.rigelec.com.ar\/wp-content\/uploads\/2025\/08\/RELEDECONTROL.jpg\" \/>\n\t<meta property=\"og:image:width\" content=\"1080\" \/>\n\t<meta property=\"og:image:height\" content=\"1080\" \/>\n\t<meta property=\"og:image:type\" content=\"image\/jpeg\" \/>\n<meta name=\"twitter:card\" content=\"summary_large_image\" \/>\n<meta name=\"twitter:label1\" content=\"Tiempo de lectura\" \/>\n\t<meta name=\"twitter:data1\" content=\"1 minuto\" \/>\n<script type=\"application\/ld+json\" class=\"yoast-schema-graph\">{\"@context\":\"https:\/\/schema.org\",\"@graph\":[{\"@type\":\"WebPage\",\"@id\":\"https:\/\/tienda.rigelec.com.ar\/?product=rele-de-control-tesys-schneider-electric-2na2nc-220vca-50-60hz\",\"url\":\"https:\/\/tienda.rigelec.com.ar\/?product=rele-de-control-tesys-schneider-electric-2na2nc-220vca-50-60hz\",\"name\":\"Tienda Rigelec Rel\u00e9 de Control Schneider Electric 2NA+2NC 220VCA 50\/60Hz\",\"isPartOf\":{\"@id\":\"https:\/\/tienda.rigelec.com.ar\/#website\"},\"primaryImageOfPage\":{\"@id\":\"https:\/\/tienda.rigelec.com.ar\/?product=rele-de-control-tesys-schneider-electric-2na2nc-220vca-50-60hz#primaryimage\"},\"image\":{\"@id\":\"https:\/\/tienda.rigelec.com.ar\/?product=rele-de-control-tesys-schneider-electric-2na2nc-220vca-50-60hz#primaryimage\"},\"thumbnailUrl\":\"https:\/\/tienda.rigelec.com.ar\/wp-content\/uploads\/2025\/08\/RELEDECONTROL.jpg\",\"datePublished\":\"2025-08-11T20:11:32+00:00\",\"dateModified\":\"2026-05-01T04:37:51+00:00\",\"description\":\"Rel\u00e9 de control Schneider Electric Tesys con contactos 2NA+2NC y bobina 220VCA. Ideal para automatizaci\u00f3n y control industrial.\",\"breadcrumb\":{\"@id\":\"https:\/\/tienda.rigelec.com.ar\/?product=rele-de-control-tesys-schneider-electric-2na2nc-220vca-50-60hz#breadcrumb\"},\"inLanguage\":\"es-AR\",\"potentialAction\":[{\"@type\":\"ReadAction\",\"target\":[\"https:\/\/tienda.rigelec.com.ar\/?product=rele-de-control-tesys-schneider-electric-2na2nc-220vca-50-60hz\"]}]},{\"@type\":\"ImageObject\",\"inLanguage\":\"es-AR\",\"@id\":\"https:\/\/tienda.rigelec.com.ar\/?product=rele-de-control-tesys-schneider-electric-2na2nc-220vca-50-60hz#primaryimage\",\"url\":\"https:\/\/tienda.rigelec.com.ar\/wp-content\/uploads\/2025\/08\/RELEDECONTROL.jpg\",\"contentUrl\":\"https:\/\/tienda.rigelec.com.ar\/wp-content\/uploads\/2025\/08\/RELEDECONTROL.jpg\",\"width\":1080,\"height\":1080},{\"@type\":\"BreadcrumbList\",\"@id\":\"https:\/\/tienda.rigelec.com.ar\/?product=rele-de-control-tesys-schneider-electric-2na2nc-220vca-50-60hz#breadcrumb\",\"itemListElement\":[{\"@type\":\"ListItem\",\"position\":1,\"name\":\"Inicio\",\"item\":\"https:\/\/tienda.rigelec.com.ar\/\"},{\"@type\":\"ListItem\",\"position\":2,\"name\":\"Shop\",\"item\":\"https:\/\/tienda.rigelec.com.ar\/?page_id=12\"},{\"@type\":\"ListItem\",\"position\":3,\"name\":\"RELE DE CONTROL TESYS 2NA+2NC -220VCA -50\/60Hz\"}]},{\"@type\":\"WebSite\",\"@id\":\"https:\/\/tienda.rigelec.com.ar\/#website\",\"url\":\"https:\/\/tienda.rigelec.com.ar\/\",\"name\":\"Tienda Rigelec\",\"description\":\"Energia en movimiento\",\"publisher\":{\"@id\":\"https:\/\/tienda.rigelec.com.ar\/#organization\"},\"potentialAction\":[{\"@type\":\"SearchAction\",\"target\":{\"@type\":\"EntryPoint\",\"urlTemplate\":\"https:\/\/tienda.rigelec.com.ar\/?s={search_term_string}\"},\"query-input\":{\"@type\":\"PropertyValueSpecification\",\"valueRequired\":true,\"valueName\":\"search_term_string\"}}],\"inLanguage\":\"es-AR\"},{\"@type\":\"Organization\",\"@id\":\"https:\/\/tienda.rigelec.com.ar\/#organization\",\"name\":\"Tienda Rigelec\",\"url\":\"https:\/\/tienda.rigelec.com.ar\/\",\"logo\":{\"@type\":\"ImageObject\",\"inLanguage\":\"es-AR\",\"@id\":\"https:\/\/tienda.rigelec.com.ar\/#\/schema\/logo\/image\/\",\"url\":\"https:\/\/tienda.rigelec.com.ar\/wp-content\/uploads\/2024\/09\/isologo-blanco-rigelec.png\",\"contentUrl\":\"https:\/\/tienda.rigelec.com.ar\/wp-content\/uploads\/2024\/09\/isologo-blanco-rigelec.png\",\"width\":94,\"height\":97,\"caption\":\"Tienda Rigelec\"},\"image\":{\"@id\":\"https:\/\/tienda.rigelec.com.ar\/#\/schema\/logo\/image\/\"}}]}<\/script>\n<!-- \/ Yoast SEO plugin. -->","yoast_head_json":{"title":"Tienda Rigelec Rel\u00e9 de Control Schneider Electric 2NA+2NC 220VCA 50\/60Hz","description":"Rel\u00e9 de control Schneider Electric Tesys con contactos 2NA+2NC y bobina 220VCA. Ideal para automatizaci\u00f3n y control industrial.","robots":{"index":"index","follow":"follow","max-snippet":"max-snippet:-1","max-image-preview":"max-image-preview:large","max-video-preview":"max-video-preview:-1"},"canonical":"https:\/\/tienda.rigelec.com.ar\/?product=rele-de-control-tesys-schneider-electric-2na2nc-220vca-50-60hz","og_locale":"es_ES","og_type":"article","og_title":"Tienda Rigelec Rel\u00e9 de Control Schneider Electric 2NA+2NC 220VCA 50\/60Hz","og_description":"Rel\u00e9 de control Schneider Electric Tesys con contactos 2NA+2NC y bobina 220VCA. Ideal para automatizaci\u00f3n y control industrial.","og_url":"https:\/\/tienda.rigelec.com.ar\/?product=rele-de-control-tesys-schneider-electric-2na2nc-220vca-50-60hz","og_site_name":"Tienda Rigelec","article_modified_time":"2026-05-01T04:37:51+00:00","og_image":[{"width":1080,"height":1080,"url":"https:\/\/tienda.rigelec.com.ar\/wp-content\/uploads\/2025\/08\/RELEDECONTROL.jpg","type":"image\/jpeg"}],"twitter_card":"summary_large_image","twitter_misc":{"Tiempo de lectura":"1 minuto"},"schema":{"@context":"https:\/\/schema.org","@graph":[{"@type":"WebPage","@id":"https:\/\/tienda.rigelec.com.ar\/?product=rele-de-control-tesys-schneider-electric-2na2nc-220vca-50-60hz","url":"https:\/\/tienda.rigelec.com.ar\/?product=rele-de-control-tesys-schneider-electric-2na2nc-220vca-50-60hz","name":"Tienda Rigelec Rel\u00e9 de Control Schneider Electric 2NA+2NC 220VCA 50\/60Hz","isPartOf":{"@id":"https:\/\/tienda.rigelec.com.ar\/#website"},"primaryImageOfPage":{"@id":"https:\/\/tienda.rigelec.com.ar\/?product=rele-de-control-tesys-schneider-electric-2na2nc-220vca-50-60hz#primaryimage"},"image":{"@id":"https:\/\/tienda.rigelec.com.ar\/?product=rele-de-control-tesys-schneider-electric-2na2nc-220vca-50-60hz#primaryimage"},"thumbnailUrl":"https:\/\/tienda.rigelec.com.ar\/wp-content\/uploads\/2025\/08\/RELEDECONTROL.jpg","datePublished":"2025-08-11T20:11:32+00:00","dateModified":"2026-05-01T04:37:51+00:00","description":"Rel\u00e9 de control Schneider Electric Tesys con contactos 2NA+2NC y bobina 220VCA. Ideal para automatizaci\u00f3n y control industrial.","breadcrumb":{"@id":"https:\/\/tienda.rigelec.com.ar\/?product=rele-de-control-tesys-schneider-electric-2na2nc-220vca-50-60hz#breadcrumb"},"inLanguage":"es-AR","potentialAction":[{"@type":"ReadAction","target":["https:\/\/tienda.rigelec.com.ar\/?product=rele-de-control-tesys-schneider-electric-2na2nc-220vca-50-60hz"]}]},{"@type":"ImageObject","inLanguage":"es-AR","@id":"https:\/\/tienda.rigelec.com.ar\/?product=rele-de-control-tesys-schneider-electric-2na2nc-220vca-50-60hz#primaryimage","url":"https:\/\/tienda.rigelec.com.ar\/wp-content\/uploads\/2025\/08\/RELEDECONTROL.jpg","contentUrl":"https:\/\/tienda.rigelec.com.ar\/wp-content\/uploads\/2025\/08\/RELEDECONTROL.jpg","width":1080,"height":1080},{"@type":"BreadcrumbList","@id":"https:\/\/tienda.rigelec.com.ar\/?product=rele-de-control-tesys-schneider-electric-2na2nc-220vca-50-60hz#breadcrumb","itemListElement":[{"@type":"ListItem","position":1,"name":"Inicio","item":"https:\/\/tienda.rigelec.com.ar\/"},{"@type":"ListItem","position":2,"name":"Shop","item":"https:\/\/tienda.rigelec.com.ar\/?page_id=12"},{"@type":"ListItem","position":3,"name":"RELE DE CONTROL TESYS 2NA+2NC -220VCA -50\/60Hz"}]},{"@type":"WebSite","@id":"https:\/\/tienda.rigelec.com.ar\/#website","url":"https:\/\/tienda.rigelec.com.ar\/","name":"Tienda Rigelec","description":"Energia en movimiento","publisher":{"@id":"https:\/\/tienda.rigelec.com.ar\/#organization"},"potentialAction":[{"@type":"SearchAction","target":{"@type":"EntryPoint","urlTemplate":"https:\/\/tienda.rigelec.com.ar\/?s={search_term_string}"},"query-input":{"@type":"PropertyValueSpecification","valueRequired":true,"valueName":"search_term_string"}}],"inLanguage":"es-AR"},{"@type":"Organization","@id":"https:\/\/tienda.rigelec.com.ar\/#organization","name":"Tienda Rigelec","url":"https:\/\/tienda.rigelec.com.ar\/","logo":{"@type":"ImageObject","inLanguage":"es-AR","@id":"https:\/\/tienda.rigelec.com.ar\/#\/schema\/logo\/image\/","url":"https:\/\/tienda.rigelec.com.ar\/wp-content\/uploads\/2024\/09\/isologo-blanco-rigelec.png","contentUrl":"https:\/\/tienda.rigelec.com.ar\/wp-content\/uploads\/2024\/09\/isologo-blanco-rigelec.png","width":94,"height":97,"caption":"Tienda Rigelec"},"image":{"@id":"https:\/\/tienda.rigelec.com.ar\/#\/schema\/logo\/image\/"}}]}},"jetpack_sharing_enabled":true,"_links":{"self":[{"href":"https:\/\/tienda.rigelec.com.ar\/index.php?rest_route=\/wp\/v2\/product\/31510","targetHints":{"allow":["GET"]}}],"collection":[{"href":"https:\/\/tienda.rigelec.com.ar\/index.php?rest_route=\/wp\/v2\/product"}],"about":[{"href":"https:\/\/tienda.rigelec.com.ar\/index.php?rest_route=\/wp\/v2\/types\/product"}],"replies":[{"embeddable":true,"href":"https:\/\/tienda.rigelec.com.ar\/index.php?rest_route=%2Fwp%2Fv2%2Fcomments&post=31510"}],"wp:featuredmedia":[{"embeddable":true,"href":"https:\/\/tienda.rigelec.com.ar\/index.php?rest_route=\/wp\/v2\/media\/31511"}],"wp:attachment":[{"href":"https:\/\/tienda.rigelec.com.ar\/index.php?rest_route=%2Fwp%2Fv2%2Fmedia&parent=31510"}],"wp:term":[{"taxonomy":"product_brand","embeddable":true,"href":"https:\/\/tienda.rigelec.com.ar\/index.php?rest_route=%2Fwp%2Fv2%2Fproduct_brand&post=31510"},{"taxonomy":"product_cat","embeddable":true,"href":"https:\/\/tienda.rigelec.com.ar\/index.php?rest_route=%2Fwp%2Fv2%2Fproduct_cat&post=31510"},{"taxonomy":"product_tag","embeddable":true,"href":"https:\/\/tienda.rigelec.com.ar\/index.php?rest_route=%2Fwp%2Fv2%2Fproduct_tag&post=31510"}],"curies":[{"name":"wp","href":"https:\/\/api.w.org\/{rel}","templated":true}]}}