{"id":31592,"date":"2025-08-12T11:31:00","date_gmt":"2025-08-12T14:31:00","guid":{"rendered":"https:\/\/tienda.rigelec.com.ar\/?product=contactor-ac3-easy-tesys-3p-25a-220v-1-nc"},"modified":"2026-05-01T01:29:48","modified_gmt":"2026-05-01T04:29:48","slug":"contactor-ac3-8","status":"publish","type":"product","link":"https:\/\/tienda.rigelec.com.ar\/?product=contactor-ac3-8","title":{"rendered":"CONTACTOR AC3 EASY TESYS 3P &#8211; 25A &#8211; 220V &#8211; 1 NC"},"content":{"rendered":"<p>CONTACTOR AC3<\/p>\n<p data-start=\"131\" data-end=\"185\"><strong data-start=\"131\" data-end=\"183\">CONTACTOR AC3 EASY TESYS \u2013 3P \u2013 25A \u2013 220V \u2013 1NC<\/strong><\/p>\n<p data-start=\"187\" data-end=\"468\">El <strong data-start=\"190\" data-end=\"216\">contactor EasyPact TVS<\/strong> de Schneider Electric es un dispositivo confiable y duradero para el <strong data-start=\"286\" data-end=\"319\">control de motores el\u00e9ctricos<\/strong>. Dise\u00f1ado con <strong data-start=\"334\" data-end=\"345\">3 polos<\/strong>, soporta hasta <strong data-start=\"361\" data-end=\"368\">25A<\/strong> y <strong data-start=\"371\" data-end=\"386\">11kW a 440V<\/strong>, garantizando un rendimiento seguro en aplicaciones industriales y comerciales.<\/p>\n<p data-start=\"470\" data-end=\"713\">Este modelo cuenta con <strong data-start=\"493\" data-end=\"523\">bobina de 220V CA 50\/60 Hz<\/strong> y <strong data-start=\"526\" data-end=\"563\">contacto auxiliar incorporado 1NC<\/strong>. Las conexiones de alimentaci\u00f3n y control se realizan mediante <strong data-start=\"627\" data-end=\"667\">terminales de abrazadera de tornillo<\/strong>, ofreciendo una instalaci\u00f3n firme y segura.<\/p>\n<p data-start=\"715\" data-end=\"966\">Con <strong data-start=\"719\" data-end=\"739\">45,5 mm de ancho<\/strong>, est\u00e1 preparado para velocidades de operaci\u00f3n est\u00e1ndar de hasta <strong data-start=\"804\" data-end=\"829\">1.800 ciclos por hora<\/strong>. Su durabilidad alcanza <strong data-start=\"854\" data-end=\"896\">1,2 millones de ciclos el\u00e9ctricos AC-3<\/strong> y <strong data-start=\"899\" data-end=\"931\">1 mill\u00f3n de ciclos mec\u00e1nicos<\/strong>, asegurando una larga vida \u00fatil.<\/p>\n<p data-start=\"968\" data-end=\"1122\">Opera en un rango de temperatura de <strong data-start=\"1004\" data-end=\"1019\">-5\u00b0C a 55\u00b0C<\/strong> y puede montarse en <strong data-start=\"1040\" data-end=\"1054\">carril DIN<\/strong> sin p\u00e9rdida de rendimiento hasta una altitud de <strong data-start=\"1103\" data-end=\"1119\">3.000 metros<\/strong>.<\/p>\n<p data-start=\"1124\" data-end=\"1383\">Cumple con <strong data-start=\"1135\" data-end=\"1166\">certificaci\u00f3n multiest\u00e1ndar<\/strong> (IEC, CCC, EAC) y forma parte de la l\u00ednea <strong data-start=\"1209\" data-end=\"1227\">Green Premium\u2122<\/strong>, que garantiza cumplimiento de regulaciones ambientales, transparencia sobre el impacto ecol\u00f3gico y productos circulares seg\u00fan directivas <strong data-start=\"1366\" data-end=\"1380\">RoHS\/REACH<\/strong>.<\/p>\n","protected":false},"excerpt":{"rendered":"<p>Contactor EasyPact TVS de 3 polos para aplicaciones de motor de hasta 25 A 11kW@440V. Proporciona una bobina de CA de 22 V y 5\/6 Hz, contactos auxiliares incorporados 1NC, conexiones de alimentaci\u00f3n y control mediante terminales de abrazadera de tornillo. 45.5mm de ancho para velocidades de operaci\u00f3n est\u00e1ndar de hasta 18 ciclos por hora. Ofrece fiabilidad y durabilidad est\u00e1ndar con 1,2 Mciclos de duraci\u00f3n el\u00e9ctrica AC-3 y 1 Mciclos de duraci\u00f3n mec\u00e1nica. Puede cubrir de -5\u00b0C a 55\u00b0C de temperatura de trabajo y montarse por carril DIN, sin disminuir hasta 3 m de altitud. Certificaci\u00f3n multiest\u00e1ndar (IEC, CCC, EAC) y compatible con Green Premium (RoHs\/Reach).<\/p>\n","protected":false},"featured_media":31593,"comment_status":"open","ping_status":"closed","template":"","meta":{"_monsterinsights_skip_tracking":false,"_monsterinsights_sitenote_active":false,"_monsterinsights_sitenote_note":"","_monsterinsights_sitenote_category":0},"product_brand":[],"product_cat":[332],"product_tag":[450],"class_list":{"0":"post-31592","1":"product","2":"type-product","3":"status-publish","4":"has-post-thumbnail","6":"product_cat-a-contactores","7":"product_tag-schneider","9":"first","10":"instock","11":"shipping-taxable","12":"purchasable","13":"product-type-simple"},"yoast_head":"<!-- This site is optimized with the Yoast SEO plugin v25.3.1 - https:\/\/yoast.com\/wordpress\/plugins\/seo\/ -->\n<title>CONTACTOR AC3 EASY TESYS 3P - 25A - 220V - 1 NC - Tienda Rigelec<\/title>\n<meta name=\"description\" content=\"CONTACTOR AC3 EASY TESYS 3P - 25A - 220V - 1 NC Tienda Rigelec CONTACTOR AC3 EASY TESYS 3P - 25A - 220V - 1 NC CONTACTOR AC3\" \/>\n<meta name=\"robots\" content=\"index, follow, max-snippet:-1, max-image-preview:large, max-video-preview:-1\" \/>\n<link rel=\"canonical\" href=\"https:\/\/tienda.rigelec.com.ar\/?product=contactor-ac3-8\" \/>\n<meta property=\"og:locale\" content=\"es_ES\" \/>\n<meta property=\"og:type\" content=\"article\" \/>\n<meta property=\"og:title\" content=\"CONTACTOR AC3 EASY TESYS 3P - 25A - 220V - 1 NC - Tienda Rigelec\" \/>\n<meta property=\"og:description\" content=\"CONTACTOR AC3 EASY TESYS 3P - 25A - 220V - 1 NC Tienda Rigelec CONTACTOR AC3 EASY TESYS 3P - 25A - 220V - 1 NC CONTACTOR AC3\" \/>\n<meta property=\"og:url\" content=\"https:\/\/tienda.rigelec.com.ar\/?product=contactor-ac3-8\" \/>\n<meta property=\"og:site_name\" content=\"Tienda Rigelec\" \/>\n<meta property=\"article:modified_time\" content=\"2026-05-01T04:29:48+00:00\" \/>\n<meta property=\"og:image\" content=\"https:\/\/tienda.rigelec.com.ar\/wp-content\/uploads\/2025\/08\/CONTACTORAC3-2.jpg\" \/>\n\t<meta property=\"og:image:width\" content=\"1080\" \/>\n\t<meta property=\"og:image:height\" content=\"1080\" \/>\n\t<meta property=\"og:image:type\" content=\"image\/jpeg\" \/>\n<meta name=\"twitter:card\" content=\"summary_large_image\" \/>\n<meta name=\"twitter:label1\" content=\"Tiempo de lectura\" \/>\n\t<meta name=\"twitter:data1\" content=\"1 minuto\" \/>\n<script type=\"application\/ld+json\" class=\"yoast-schema-graph\">{\"@context\":\"https:\/\/schema.org\",\"@graph\":[{\"@type\":\"WebPage\",\"@id\":\"https:\/\/tienda.rigelec.com.ar\/?product=contactor-ac3-8\",\"url\":\"https:\/\/tienda.rigelec.com.ar\/?product=contactor-ac3-8\",\"name\":\"CONTACTOR AC3 EASY TESYS 3P - 25A - 220V - 1 NC - Tienda Rigelec\",\"isPartOf\":{\"@id\":\"https:\/\/tienda.rigelec.com.ar\/#website\"},\"primaryImageOfPage\":{\"@id\":\"https:\/\/tienda.rigelec.com.ar\/?product=contactor-ac3-8#primaryimage\"},\"image\":{\"@id\":\"https:\/\/tienda.rigelec.com.ar\/?product=contactor-ac3-8#primaryimage\"},\"thumbnailUrl\":\"https:\/\/tienda.rigelec.com.ar\/wp-content\/uploads\/2025\/08\/CONTACTORAC3-2.jpg\",\"datePublished\":\"2025-08-12T14:31:00+00:00\",\"dateModified\":\"2026-05-01T04:29:48+00:00\",\"description\":\"CONTACTOR AC3 EASY TESYS 3P - 25A - 220V - 1 NC Tienda Rigelec CONTACTOR AC3 EASY TESYS 3P - 25A - 220V - 1 NC CONTACTOR AC3\",\"breadcrumb\":{\"@id\":\"https:\/\/tienda.rigelec.com.ar\/?product=contactor-ac3-8#breadcrumb\"},\"inLanguage\":\"es-AR\",\"potentialAction\":[{\"@type\":\"ReadAction\",\"target\":[\"https:\/\/tienda.rigelec.com.ar\/?product=contactor-ac3-8\"]}]},{\"@type\":\"ImageObject\",\"inLanguage\":\"es-AR\",\"@id\":\"https:\/\/tienda.rigelec.com.ar\/?product=contactor-ac3-8#primaryimage\",\"url\":\"https:\/\/tienda.rigelec.com.ar\/wp-content\/uploads\/2025\/08\/CONTACTORAC3-2.jpg\",\"contentUrl\":\"https:\/\/tienda.rigelec.com.ar\/wp-content\/uploads\/2025\/08\/CONTACTORAC3-2.jpg\",\"width\":1080,\"height\":1080},{\"@type\":\"BreadcrumbList\",\"@id\":\"https:\/\/tienda.rigelec.com.ar\/?product=contactor-ac3-8#breadcrumb\",\"itemListElement\":[{\"@type\":\"ListItem\",\"position\":1,\"name\":\"Inicio\",\"item\":\"https:\/\/tienda.rigelec.com.ar\/\"},{\"@type\":\"ListItem\",\"position\":2,\"name\":\"Shop\",\"item\":\"https:\/\/tienda.rigelec.com.ar\/?page_id=12\"},{\"@type\":\"ListItem\",\"position\":3,\"name\":\"CONTACTOR AC3 EASY TESYS 3P &#8211; 25A &#8211; 220V &#8211; 1 NC\"}]},{\"@type\":\"WebSite\",\"@id\":\"https:\/\/tienda.rigelec.com.ar\/#website\",\"url\":\"https:\/\/tienda.rigelec.com.ar\/\",\"name\":\"Tienda Rigelec\",\"description\":\"Energia en movimiento\",\"publisher\":{\"@id\":\"https:\/\/tienda.rigelec.com.ar\/#organization\"},\"potentialAction\":[{\"@type\":\"SearchAction\",\"target\":{\"@type\":\"EntryPoint\",\"urlTemplate\":\"https:\/\/tienda.rigelec.com.ar\/?s={search_term_string}\"},\"query-input\":{\"@type\":\"PropertyValueSpecification\",\"valueRequired\":true,\"valueName\":\"search_term_string\"}}],\"inLanguage\":\"es-AR\"},{\"@type\":\"Organization\",\"@id\":\"https:\/\/tienda.rigelec.com.ar\/#organization\",\"name\":\"Tienda Rigelec\",\"url\":\"https:\/\/tienda.rigelec.com.ar\/\",\"logo\":{\"@type\":\"ImageObject\",\"inLanguage\":\"es-AR\",\"@id\":\"https:\/\/tienda.rigelec.com.ar\/#\/schema\/logo\/image\/\",\"url\":\"https:\/\/tienda.rigelec.com.ar\/wp-content\/uploads\/2024\/09\/isologo-blanco-rigelec.png\",\"contentUrl\":\"https:\/\/tienda.rigelec.com.ar\/wp-content\/uploads\/2024\/09\/isologo-blanco-rigelec.png\",\"width\":94,\"height\":97,\"caption\":\"Tienda Rigelec\"},\"image\":{\"@id\":\"https:\/\/tienda.rigelec.com.ar\/#\/schema\/logo\/image\/\"}}]}<\/script>\n<!-- \/ Yoast SEO plugin. -->","yoast_head_json":{"title":"CONTACTOR AC3 EASY TESYS 3P - 25A - 220V - 1 NC - Tienda Rigelec","description":"CONTACTOR AC3 EASY TESYS 3P - 25A - 220V - 1 NC Tienda Rigelec CONTACTOR AC3 EASY TESYS 3P - 25A - 220V - 1 NC CONTACTOR AC3","robots":{"index":"index","follow":"follow","max-snippet":"max-snippet:-1","max-image-preview":"max-image-preview:large","max-video-preview":"max-video-preview:-1"},"canonical":"https:\/\/tienda.rigelec.com.ar\/?product=contactor-ac3-8","og_locale":"es_ES","og_type":"article","og_title":"CONTACTOR AC3 EASY TESYS 3P - 25A - 220V - 1 NC - Tienda Rigelec","og_description":"CONTACTOR AC3 EASY TESYS 3P - 25A - 220V - 1 NC Tienda Rigelec CONTACTOR AC3 EASY TESYS 3P - 25A - 220V - 1 NC CONTACTOR AC3","og_url":"https:\/\/tienda.rigelec.com.ar\/?product=contactor-ac3-8","og_site_name":"Tienda Rigelec","article_modified_time":"2026-05-01T04:29:48+00:00","og_image":[{"width":1080,"height":1080,"url":"https:\/\/tienda.rigelec.com.ar\/wp-content\/uploads\/2025\/08\/CONTACTORAC3-2.jpg","type":"image\/jpeg"}],"twitter_card":"summary_large_image","twitter_misc":{"Tiempo de lectura":"1 minuto"},"schema":{"@context":"https:\/\/schema.org","@graph":[{"@type":"WebPage","@id":"https:\/\/tienda.rigelec.com.ar\/?product=contactor-ac3-8","url":"https:\/\/tienda.rigelec.com.ar\/?product=contactor-ac3-8","name":"CONTACTOR AC3 EASY TESYS 3P - 25A - 220V - 1 NC - Tienda Rigelec","isPartOf":{"@id":"https:\/\/tienda.rigelec.com.ar\/#website"},"primaryImageOfPage":{"@id":"https:\/\/tienda.rigelec.com.ar\/?product=contactor-ac3-8#primaryimage"},"image":{"@id":"https:\/\/tienda.rigelec.com.ar\/?product=contactor-ac3-8#primaryimage"},"thumbnailUrl":"https:\/\/tienda.rigelec.com.ar\/wp-content\/uploads\/2025\/08\/CONTACTORAC3-2.jpg","datePublished":"2025-08-12T14:31:00+00:00","dateModified":"2026-05-01T04:29:48+00:00","description":"CONTACTOR AC3 EASY TESYS 3P - 25A - 220V - 1 NC Tienda Rigelec CONTACTOR AC3 EASY TESYS 3P - 25A - 220V - 1 NC CONTACTOR AC3","breadcrumb":{"@id":"https:\/\/tienda.rigelec.com.ar\/?product=contactor-ac3-8#breadcrumb"},"inLanguage":"es-AR","potentialAction":[{"@type":"ReadAction","target":["https:\/\/tienda.rigelec.com.ar\/?product=contactor-ac3-8"]}]},{"@type":"ImageObject","inLanguage":"es-AR","@id":"https:\/\/tienda.rigelec.com.ar\/?product=contactor-ac3-8#primaryimage","url":"https:\/\/tienda.rigelec.com.ar\/wp-content\/uploads\/2025\/08\/CONTACTORAC3-2.jpg","contentUrl":"https:\/\/tienda.rigelec.com.ar\/wp-content\/uploads\/2025\/08\/CONTACTORAC3-2.jpg","width":1080,"height":1080},{"@type":"BreadcrumbList","@id":"https:\/\/tienda.rigelec.com.ar\/?product=contactor-ac3-8#breadcrumb","itemListElement":[{"@type":"ListItem","position":1,"name":"Inicio","item":"https:\/\/tienda.rigelec.com.ar\/"},{"@type":"ListItem","position":2,"name":"Shop","item":"https:\/\/tienda.rigelec.com.ar\/?page_id=12"},{"@type":"ListItem","position":3,"name":"CONTACTOR AC3 EASY TESYS 3P &#8211; 25A &#8211; 220V &#8211; 1 NC"}]},{"@type":"WebSite","@id":"https:\/\/tienda.rigelec.com.ar\/#website","url":"https:\/\/tienda.rigelec.com.ar\/","name":"Tienda Rigelec","description":"Energia en movimiento","publisher":{"@id":"https:\/\/tienda.rigelec.com.ar\/#organization"},"potentialAction":[{"@type":"SearchAction","target":{"@type":"EntryPoint","urlTemplate":"https:\/\/tienda.rigelec.com.ar\/?s={search_term_string}"},"query-input":{"@type":"PropertyValueSpecification","valueRequired":true,"valueName":"search_term_string"}}],"inLanguage":"es-AR"},{"@type":"Organization","@id":"https:\/\/tienda.rigelec.com.ar\/#organization","name":"Tienda Rigelec","url":"https:\/\/tienda.rigelec.com.ar\/","logo":{"@type":"ImageObject","inLanguage":"es-AR","@id":"https:\/\/tienda.rigelec.com.ar\/#\/schema\/logo\/image\/","url":"https:\/\/tienda.rigelec.com.ar\/wp-content\/uploads\/2024\/09\/isologo-blanco-rigelec.png","contentUrl":"https:\/\/tienda.rigelec.com.ar\/wp-content\/uploads\/2024\/09\/isologo-blanco-rigelec.png","width":94,"height":97,"caption":"Tienda Rigelec"},"image":{"@id":"https:\/\/tienda.rigelec.com.ar\/#\/schema\/logo\/image\/"}}]}},"jetpack_sharing_enabled":true,"_links":{"self":[{"href":"https:\/\/tienda.rigelec.com.ar\/index.php?rest_route=\/wp\/v2\/product\/31592","targetHints":{"allow":["GET"]}}],"collection":[{"href":"https:\/\/tienda.rigelec.com.ar\/index.php?rest_route=\/wp\/v2\/product"}],"about":[{"href":"https:\/\/tienda.rigelec.com.ar\/index.php?rest_route=\/wp\/v2\/types\/product"}],"replies":[{"embeddable":true,"href":"https:\/\/tienda.rigelec.com.ar\/index.php?rest_route=%2Fwp%2Fv2%2Fcomments&post=31592"}],"wp:featuredmedia":[{"embeddable":true,"href":"https:\/\/tienda.rigelec.com.ar\/index.php?rest_route=\/wp\/v2\/media\/31593"}],"wp:attachment":[{"href":"https:\/\/tienda.rigelec.com.ar\/index.php?rest_route=%2Fwp%2Fv2%2Fmedia&parent=31592"}],"wp:term":[{"taxonomy":"product_brand","embeddable":true,"href":"https:\/\/tienda.rigelec.com.ar\/index.php?rest_route=%2Fwp%2Fv2%2Fproduct_brand&post=31592"},{"taxonomy":"product_cat","embeddable":true,"href":"https:\/\/tienda.rigelec.com.ar\/index.php?rest_route=%2Fwp%2Fv2%2Fproduct_cat&post=31592"},{"taxonomy":"product_tag","embeddable":true,"href":"https:\/\/tienda.rigelec.com.ar\/index.php?rest_route=%2Fwp%2Fv2%2Fproduct_tag&post=31592"}],"curies":[{"name":"wp","href":"https:\/\/api.w.org\/{rel}","templated":true}]}}