{"id":31596,"date":"2025-08-12T11:31:04","date_gmt":"2025-08-12T14:31:04","guid":{"rendered":"https:\/\/tienda.rigelec.com.ar\/?product=rele-termico-easy-tesys-4-6a-1na1nc"},"modified":"2026-05-01T01:30:13","modified_gmt":"2026-05-01T04:30:13","slug":"rele-termico","status":"publish","type":"product","link":"https:\/\/tienda.rigelec.com.ar\/?product=rele-termico","title":{"rendered":"RELE TERMICO EASY TESYS 4-6A &#8211; 1NA+1NC"},"content":{"rendered":"<p>RELE TERMICO<\/p>\n<p data-start=\"151\" data-end=\"197\"><strong data-start=\"151\" data-end=\"195\">REL\u00c9 T\u00c9RMICO EASY TESYS \u2013 4-6A \u2013 1NA+1NC<\/strong><\/p>\n<p data-start=\"199\" data-end=\"510\">El <strong data-start=\"202\" data-end=\"235\">rel\u00e9 t\u00e9rmico EasyPact TVS LRE<\/strong> de Schneider Electric es un dispositivo de <strong data-start=\"279\" data-end=\"312\">protecci\u00f3n contra sobrecargas<\/strong> dise\u00f1ado para usarse con <strong data-start=\"338\" data-end=\"350\">fusibles<\/strong> o <strong data-start=\"353\" data-end=\"393\">disyuntores magn\u00e9ticos GV2 L y GV3 L<\/strong>. Su rango de ajuste t\u00e9rmico es de <strong data-start=\"428\" data-end=\"438\">4 a 6A<\/strong> a 50\/60 Hz y cuenta con <strong data-start=\"463\" data-end=\"487\">clase de disparo 10A<\/strong> seg\u00fan IEC 60947-4-1.<\/p>\n<p data-start=\"512\" data-end=\"723\">Este modelo puede montarse directamente sobre <strong data-start=\"558\" data-end=\"586\">contactores EasyPact TVS<\/strong> mediante conexi\u00f3n de <strong data-start=\"608\" data-end=\"648\">terminales de abrazadera de tornillo<\/strong>. Protege cargas y motores desequilibrados de hasta <strong data-start=\"700\" data-end=\"720\">2,2 kW a 400V CA<\/strong>.<\/p>\n<p data-start=\"725\" data-end=\"900\">El rel\u00e9 ofrece <strong data-start=\"740\" data-end=\"780\">restablecimiento manual o autom\u00e1tico<\/strong>, incorpora <strong data-start=\"792\" data-end=\"824\">contacto auxiliar de disparo<\/strong> e <strong data-start=\"827\" data-end=\"858\">indicador visual de disparo<\/strong>, lo que facilita su uso y verificaci\u00f3n.<\/p>\n<p data-start=\"902\" data-end=\"1281\">Es un dispositivo compacto, fiable y resistente, disponible a nivel mundial y certificado bajo <strong data-start=\"997\" data-end=\"1023\">normas internacionales<\/strong> (IEC, UL, CSA, CCC, EAC, Marine). Adem\u00e1s, forma parte de la l\u00ednea <strong data-start=\"1090\" data-end=\"1108\">Green Premium\u2122<\/strong>, que garantiza cumplimiento con regulaciones ambientales, transparencia sobre el impacto ecol\u00f3gico y productos circulares de bajo nivel de CO\u2082, conforme a <strong data-start=\"1264\" data-end=\"1278\">RoHS\/REACH<\/strong>.<\/p>\n","protected":false},"excerpt":{"rendered":"<p>El rel\u00e9 LRE es un relevador de sobrecarga t\u00e9rmica diferencial para usar con fusibles o disyuntores magn\u00e9ticos GV2 L y GV3 L. Su rango de ajuste t\u00e9rmico es de 4-6A 5\/6Hz y la clase de disparo es de 1A de acuerdo con IEC 6947-4-1. Se puede montar directamente en contactores EasyPact TVS con conexi\u00f3n de terminales de abrazadera de tornillo. Protege las cargas y los motores desequilibrados con 2,2 kW a 4 V CA. Proporciona restablecimiento manual o autom\u00e1tico, contacto auxiliar de disparo e indicador de indicador. Disponible en todo el mundo, cumple con m\u00faltiples est\u00e1ndares (IEC, UL, CSA, CCC, EAC, Marine) y Green Premium (RoHs\/Reach).<\/p>\n","protected":false},"featured_media":31597,"comment_status":"open","ping_status":"closed","template":"","meta":{"_monsterinsights_skip_tracking":false,"_monsterinsights_sitenote_active":false,"_monsterinsights_sitenote_note":"","_monsterinsights_sitenote_category":0},"product_brand":[],"product_cat":[335],"product_tag":[450],"class_list":{"0":"post-31596","1":"product","2":"type-product","3":"status-publish","4":"has-post-thumbnail","6":"product_cat-i-relevo","7":"product_tag-schneider","9":"first","10":"instock","11":"shipping-taxable","12":"purchasable","13":"product-type-simple"},"yoast_head":"<!-- This site is optimized with the Yoast SEO plugin v25.3.1 - https:\/\/yoast.com\/wordpress\/plugins\/seo\/ -->\n<title>RELE TERMICO EASY TESYS 4-6A - 1NA+1NC - Tienda Rigelec<\/title>\n<meta name=\"description\" content=\"RELE TERMICO EASY TESYS 4-6A - 1NA+1NC Tienda Rigelec RELE TERMICO EASY TESYS 4-6A - 1NA+1NC RELE TERMICO Tienda Rigelec -\" \/>\n<meta name=\"robots\" content=\"index, follow, max-snippet:-1, max-image-preview:large, max-video-preview:-1\" \/>\n<link rel=\"canonical\" href=\"https:\/\/tienda.rigelec.com.ar\/?product=rele-termico\" \/>\n<meta property=\"og:locale\" content=\"es_ES\" \/>\n<meta property=\"og:type\" content=\"article\" \/>\n<meta property=\"og:title\" content=\"RELE TERMICO EASY TESYS 4-6A - 1NA+1NC - Tienda Rigelec\" \/>\n<meta property=\"og:description\" content=\"RELE TERMICO EASY TESYS 4-6A - 1NA+1NC Tienda Rigelec RELE TERMICO EASY TESYS 4-6A - 1NA+1NC RELE TERMICO Tienda Rigelec -\" \/>\n<meta property=\"og:url\" content=\"https:\/\/tienda.rigelec.com.ar\/?product=rele-termico\" \/>\n<meta property=\"og:site_name\" content=\"Tienda Rigelec\" \/>\n<meta property=\"article:modified_time\" content=\"2026-05-01T04:30:13+00:00\" \/>\n<meta property=\"og:image\" content=\"https:\/\/tienda.rigelec.com.ar\/wp-content\/uploads\/2025\/08\/RELETERMICO.jpg\" \/>\n\t<meta property=\"og:image:width\" content=\"1080\" \/>\n\t<meta property=\"og:image:height\" content=\"1080\" \/>\n\t<meta property=\"og:image:type\" content=\"image\/jpeg\" \/>\n<meta name=\"twitter:card\" content=\"summary_large_image\" \/>\n<meta name=\"twitter:label1\" content=\"Tiempo de lectura\" \/>\n\t<meta name=\"twitter:data1\" content=\"1 minuto\" \/>\n<script type=\"application\/ld+json\" class=\"yoast-schema-graph\">{\"@context\":\"https:\/\/schema.org\",\"@graph\":[{\"@type\":\"WebPage\",\"@id\":\"https:\/\/tienda.rigelec.com.ar\/?product=rele-termico\",\"url\":\"https:\/\/tienda.rigelec.com.ar\/?product=rele-termico\",\"name\":\"RELE TERMICO EASY TESYS 4-6A - 1NA+1NC - Tienda Rigelec\",\"isPartOf\":{\"@id\":\"https:\/\/tienda.rigelec.com.ar\/#website\"},\"primaryImageOfPage\":{\"@id\":\"https:\/\/tienda.rigelec.com.ar\/?product=rele-termico#primaryimage\"},\"image\":{\"@id\":\"https:\/\/tienda.rigelec.com.ar\/?product=rele-termico#primaryimage\"},\"thumbnailUrl\":\"https:\/\/tienda.rigelec.com.ar\/wp-content\/uploads\/2025\/08\/RELETERMICO.jpg\",\"datePublished\":\"2025-08-12T14:31:04+00:00\",\"dateModified\":\"2026-05-01T04:30:13+00:00\",\"description\":\"RELE TERMICO EASY TESYS 4-6A - 1NA+1NC Tienda Rigelec RELE TERMICO EASY TESYS 4-6A - 1NA+1NC RELE TERMICO Tienda Rigelec -\",\"breadcrumb\":{\"@id\":\"https:\/\/tienda.rigelec.com.ar\/?product=rele-termico#breadcrumb\"},\"inLanguage\":\"es-AR\",\"potentialAction\":[{\"@type\":\"ReadAction\",\"target\":[\"https:\/\/tienda.rigelec.com.ar\/?product=rele-termico\"]}]},{\"@type\":\"ImageObject\",\"inLanguage\":\"es-AR\",\"@id\":\"https:\/\/tienda.rigelec.com.ar\/?product=rele-termico#primaryimage\",\"url\":\"https:\/\/tienda.rigelec.com.ar\/wp-content\/uploads\/2025\/08\/RELETERMICO.jpg\",\"contentUrl\":\"https:\/\/tienda.rigelec.com.ar\/wp-content\/uploads\/2025\/08\/RELETERMICO.jpg\",\"width\":1080,\"height\":1080},{\"@type\":\"BreadcrumbList\",\"@id\":\"https:\/\/tienda.rigelec.com.ar\/?product=rele-termico#breadcrumb\",\"itemListElement\":[{\"@type\":\"ListItem\",\"position\":1,\"name\":\"Inicio\",\"item\":\"https:\/\/tienda.rigelec.com.ar\/\"},{\"@type\":\"ListItem\",\"position\":2,\"name\":\"Shop\",\"item\":\"https:\/\/tienda.rigelec.com.ar\/?page_id=12\"},{\"@type\":\"ListItem\",\"position\":3,\"name\":\"RELE TERMICO EASY TESYS 4-6A &#8211; 1NA+1NC\"}]},{\"@type\":\"WebSite\",\"@id\":\"https:\/\/tienda.rigelec.com.ar\/#website\",\"url\":\"https:\/\/tienda.rigelec.com.ar\/\",\"name\":\"Tienda Rigelec\",\"description\":\"Energia en movimiento\",\"publisher\":{\"@id\":\"https:\/\/tienda.rigelec.com.ar\/#organization\"},\"potentialAction\":[{\"@type\":\"SearchAction\",\"target\":{\"@type\":\"EntryPoint\",\"urlTemplate\":\"https:\/\/tienda.rigelec.com.ar\/?s={search_term_string}\"},\"query-input\":{\"@type\":\"PropertyValueSpecification\",\"valueRequired\":true,\"valueName\":\"search_term_string\"}}],\"inLanguage\":\"es-AR\"},{\"@type\":\"Organization\",\"@id\":\"https:\/\/tienda.rigelec.com.ar\/#organization\",\"name\":\"Tienda Rigelec\",\"url\":\"https:\/\/tienda.rigelec.com.ar\/\",\"logo\":{\"@type\":\"ImageObject\",\"inLanguage\":\"es-AR\",\"@id\":\"https:\/\/tienda.rigelec.com.ar\/#\/schema\/logo\/image\/\",\"url\":\"https:\/\/tienda.rigelec.com.ar\/wp-content\/uploads\/2024\/09\/isologo-blanco-rigelec.png\",\"contentUrl\":\"https:\/\/tienda.rigelec.com.ar\/wp-content\/uploads\/2024\/09\/isologo-blanco-rigelec.png\",\"width\":94,\"height\":97,\"caption\":\"Tienda Rigelec\"},\"image\":{\"@id\":\"https:\/\/tienda.rigelec.com.ar\/#\/schema\/logo\/image\/\"}}]}<\/script>\n<!-- \/ Yoast SEO plugin. -->","yoast_head_json":{"title":"RELE TERMICO EASY TESYS 4-6A - 1NA+1NC - Tienda Rigelec","description":"RELE TERMICO EASY TESYS 4-6A - 1NA+1NC Tienda Rigelec RELE TERMICO EASY TESYS 4-6A - 1NA+1NC RELE TERMICO Tienda Rigelec -","robots":{"index":"index","follow":"follow","max-snippet":"max-snippet:-1","max-image-preview":"max-image-preview:large","max-video-preview":"max-video-preview:-1"},"canonical":"https:\/\/tienda.rigelec.com.ar\/?product=rele-termico","og_locale":"es_ES","og_type":"article","og_title":"RELE TERMICO EASY TESYS 4-6A - 1NA+1NC - Tienda Rigelec","og_description":"RELE TERMICO EASY TESYS 4-6A - 1NA+1NC Tienda Rigelec RELE TERMICO EASY TESYS 4-6A - 1NA+1NC RELE TERMICO Tienda Rigelec -","og_url":"https:\/\/tienda.rigelec.com.ar\/?product=rele-termico","og_site_name":"Tienda Rigelec","article_modified_time":"2026-05-01T04:30:13+00:00","og_image":[{"width":1080,"height":1080,"url":"https:\/\/tienda.rigelec.com.ar\/wp-content\/uploads\/2025\/08\/RELETERMICO.jpg","type":"image\/jpeg"}],"twitter_card":"summary_large_image","twitter_misc":{"Tiempo de lectura":"1 minuto"},"schema":{"@context":"https:\/\/schema.org","@graph":[{"@type":"WebPage","@id":"https:\/\/tienda.rigelec.com.ar\/?product=rele-termico","url":"https:\/\/tienda.rigelec.com.ar\/?product=rele-termico","name":"RELE TERMICO EASY TESYS 4-6A - 1NA+1NC - Tienda Rigelec","isPartOf":{"@id":"https:\/\/tienda.rigelec.com.ar\/#website"},"primaryImageOfPage":{"@id":"https:\/\/tienda.rigelec.com.ar\/?product=rele-termico#primaryimage"},"image":{"@id":"https:\/\/tienda.rigelec.com.ar\/?product=rele-termico#primaryimage"},"thumbnailUrl":"https:\/\/tienda.rigelec.com.ar\/wp-content\/uploads\/2025\/08\/RELETERMICO.jpg","datePublished":"2025-08-12T14:31:04+00:00","dateModified":"2026-05-01T04:30:13+00:00","description":"RELE TERMICO EASY TESYS 4-6A - 1NA+1NC Tienda Rigelec RELE TERMICO EASY TESYS 4-6A - 1NA+1NC RELE TERMICO Tienda Rigelec -","breadcrumb":{"@id":"https:\/\/tienda.rigelec.com.ar\/?product=rele-termico#breadcrumb"},"inLanguage":"es-AR","potentialAction":[{"@type":"ReadAction","target":["https:\/\/tienda.rigelec.com.ar\/?product=rele-termico"]}]},{"@type":"ImageObject","inLanguage":"es-AR","@id":"https:\/\/tienda.rigelec.com.ar\/?product=rele-termico#primaryimage","url":"https:\/\/tienda.rigelec.com.ar\/wp-content\/uploads\/2025\/08\/RELETERMICO.jpg","contentUrl":"https:\/\/tienda.rigelec.com.ar\/wp-content\/uploads\/2025\/08\/RELETERMICO.jpg","width":1080,"height":1080},{"@type":"BreadcrumbList","@id":"https:\/\/tienda.rigelec.com.ar\/?product=rele-termico#breadcrumb","itemListElement":[{"@type":"ListItem","position":1,"name":"Inicio","item":"https:\/\/tienda.rigelec.com.ar\/"},{"@type":"ListItem","position":2,"name":"Shop","item":"https:\/\/tienda.rigelec.com.ar\/?page_id=12"},{"@type":"ListItem","position":3,"name":"RELE TERMICO EASY TESYS 4-6A &#8211; 1NA+1NC"}]},{"@type":"WebSite","@id":"https:\/\/tienda.rigelec.com.ar\/#website","url":"https:\/\/tienda.rigelec.com.ar\/","name":"Tienda Rigelec","description":"Energia en movimiento","publisher":{"@id":"https:\/\/tienda.rigelec.com.ar\/#organization"},"potentialAction":[{"@type":"SearchAction","target":{"@type":"EntryPoint","urlTemplate":"https:\/\/tienda.rigelec.com.ar\/?s={search_term_string}"},"query-input":{"@type":"PropertyValueSpecification","valueRequired":true,"valueName":"search_term_string"}}],"inLanguage":"es-AR"},{"@type":"Organization","@id":"https:\/\/tienda.rigelec.com.ar\/#organization","name":"Tienda Rigelec","url":"https:\/\/tienda.rigelec.com.ar\/","logo":{"@type":"ImageObject","inLanguage":"es-AR","@id":"https:\/\/tienda.rigelec.com.ar\/#\/schema\/logo\/image\/","url":"https:\/\/tienda.rigelec.com.ar\/wp-content\/uploads\/2024\/09\/isologo-blanco-rigelec.png","contentUrl":"https:\/\/tienda.rigelec.com.ar\/wp-content\/uploads\/2024\/09\/isologo-blanco-rigelec.png","width":94,"height":97,"caption":"Tienda Rigelec"},"image":{"@id":"https:\/\/tienda.rigelec.com.ar\/#\/schema\/logo\/image\/"}}]}},"jetpack_sharing_enabled":true,"_links":{"self":[{"href":"https:\/\/tienda.rigelec.com.ar\/index.php?rest_route=\/wp\/v2\/product\/31596","targetHints":{"allow":["GET"]}}],"collection":[{"href":"https:\/\/tienda.rigelec.com.ar\/index.php?rest_route=\/wp\/v2\/product"}],"about":[{"href":"https:\/\/tienda.rigelec.com.ar\/index.php?rest_route=\/wp\/v2\/types\/product"}],"replies":[{"embeddable":true,"href":"https:\/\/tienda.rigelec.com.ar\/index.php?rest_route=%2Fwp%2Fv2%2Fcomments&post=31596"}],"wp:featuredmedia":[{"embeddable":true,"href":"https:\/\/tienda.rigelec.com.ar\/index.php?rest_route=\/wp\/v2\/media\/31597"}],"wp:attachment":[{"href":"https:\/\/tienda.rigelec.com.ar\/index.php?rest_route=%2Fwp%2Fv2%2Fmedia&parent=31596"}],"wp:term":[{"taxonomy":"product_brand","embeddable":true,"href":"https:\/\/tienda.rigelec.com.ar\/index.php?rest_route=%2Fwp%2Fv2%2Fproduct_brand&post=31596"},{"taxonomy":"product_cat","embeddable":true,"href":"https:\/\/tienda.rigelec.com.ar\/index.php?rest_route=%2Fwp%2Fv2%2Fproduct_cat&post=31596"},{"taxonomy":"product_tag","embeddable":true,"href":"https:\/\/tienda.rigelec.com.ar\/index.php?rest_route=%2Fwp%2Fv2%2Fproduct_tag&post=31596"}],"curies":[{"name":"wp","href":"https:\/\/api.w.org\/{rel}","templated":true}]}}