{"id":31598,"date":"2025-08-12T11:31:05","date_gmt":"2025-08-12T14:31:05","guid":{"rendered":"https:\/\/tienda.rigelec.com.ar\/?product=rele-termico-easy-tesys-5-5-8a-1na1nc"},"modified":"2026-05-06T04:01:22","modified_gmt":"2026-05-06T07:01:22","slug":"rele-termico-2","status":"publish","type":"product","link":"https:\/\/tienda.rigelec.com.ar\/?product=rele-termico-2","title":{"rendered":"RELE TERMICO EASY TESYS 5.5-8A &#8211; 1NA+1NC"},"content":{"rendered":"<p>RELE TERMICO<\/p>\n<p data-start=\"133\" data-end=\"181\"><strong data-start=\"133\" data-end=\"179\">REL\u00c9 T\u00c9RMICO EASY TESYS \u2013 5.5-8A \u2013 1NA+1NC<\/strong><\/p>\n<p data-start=\"183\" data-end=\"503\">El <strong data-start=\"186\" data-end=\"219\">rel\u00e9 t\u00e9rmico EasyPact TVS LRE<\/strong> de Schneider Electric es un dispositivo de <strong data-start=\"263\" data-end=\"296\">protecci\u00f3n contra sobrecargas<\/strong> dise\u00f1ado para trabajar con <strong data-start=\"324\" data-end=\"336\">fusibles<\/strong> o <strong data-start=\"339\" data-end=\"379\">disyuntores magn\u00e9ticos GV2 L y GV3 L<\/strong>. Su rango de ajuste t\u00e9rmico es de <strong data-start=\"414\" data-end=\"426\">5,5 a 8A<\/strong> a 50\/60 Hz y cuenta con <strong data-start=\"451\" data-end=\"475\">clase de disparo 10A<\/strong> conforme a IEC 60947-4-1.<\/p>\n<p data-start=\"505\" data-end=\"786\">Este modelo puede montarse directamente sobre <strong data-start=\"551\" data-end=\"579\">contactores EasyPact TVS<\/strong>, utilizando conexi\u00f3n por <strong data-start=\"605\" data-end=\"640\">terminales de borne atornillado<\/strong>. Est\u00e1 dise\u00f1ado para proteger <strong data-start=\"670\" data-end=\"706\">cargas desequilibradas y motores<\/strong> de hasta <strong data-start=\"716\" data-end=\"734\">3 kW a 400V CA<\/strong>, ofreciendo un funcionamiento confiable y seguro.<\/p>\n<p data-start=\"788\" data-end=\"942\">Dispone de <strong data-start=\"799\" data-end=\"829\">rearme manual o autom\u00e1tico<\/strong>, incorpora <strong data-start=\"841\" data-end=\"873\">contacto auxiliar de disparo<\/strong> e <strong data-start=\"876\" data-end=\"896\">indicador visual<\/strong>, lo que facilita su control y verificaci\u00f3n.<\/p>\n<p data-start=\"944\" data-end=\"1327\">El <strong data-start=\"947\" data-end=\"967\">EasyPact TVS LRE<\/strong> es un equipo compacto, resistente y confiable, con disponibilidad a nivel mundial. Cumple con <strong data-start=\"1062\" data-end=\"1097\">certificaciones internacionales<\/strong> (IEC, UL, CSA, CCC, EAC, Marine) y forma parte de la l\u00ednea <strong data-start=\"1157\" data-end=\"1175\">Green Premium\u2122<\/strong>, que asegura el cumplimiento de regulaciones ambientales, transparencia sobre el impacto ecol\u00f3gico y dise\u00f1o circular seg\u00fan directivas <strong data-start=\"1310\" data-end=\"1324\">RoHS\/REACH<\/strong>.<\/p>\n","protected":false},"excerpt":{"rendered":"<p>El rel\u00e9 LRE es un rel\u00e9 de sobrecarga t\u00e9rmica diferencial para usar con fusibles o disyuntores magn\u00e9ticos GV2 L y GV3 L. Su rango de ajuste t\u00e9rmico es de 5,5-8 A 5\/6 Hz y la clase de disparo es de 1 A conforme a IEC 6947-4-1. Puede montarse directamente en contactores EasyPact TVS con conexi\u00f3n de terminales de borne atornillado. Protege las cargas desequilibradas y los motores con 3 kW a 4 V CA. Proporciona rearme manual o autom\u00e1tico, contacto auxiliar de disparo e indicador. Disponible en todo el mundo, cuenta con certificaci\u00f3n de m\u00faltiples est\u00e1ndares (IEC, UL, CSA, CCC, EAC, Mar\u00edtimo) y cumple con Green Premium (RoHs\/Reach).<\/p>\n","protected":false},"featured_media":31599,"comment_status":"open","ping_status":"closed","template":"","meta":{"_monsterinsights_skip_tracking":false,"_monsterinsights_sitenote_active":false,"_monsterinsights_sitenote_note":"","_monsterinsights_sitenote_category":0},"product_brand":[],"product_cat":[335],"product_tag":[450],"class_list":{"0":"post-31598","1":"product","2":"type-product","3":"status-publish","4":"has-post-thumbnail","6":"product_cat-i-relevo","7":"product_tag-schneider","9":"first","10":"instock","11":"shipping-taxable","12":"purchasable","13":"product-type-simple"},"yoast_head":"<!-- This site is optimized with the Yoast SEO plugin v25.3.1 - https:\/\/yoast.com\/wordpress\/plugins\/seo\/ -->\n<title>RELE TERMICO EASY TESYS 5.5-8A - 1NA+1NC - Tienda Rigelec<\/title>\n<meta name=\"description\" content=\"RELE TERMICO EASY TESYS 5.5-8A - 1NA+1NC Tienda Rigelec RELE TERMICO EASY TESYS 5.5-8A - 1NA+1NC Tienda Rigelec RELE TERMICO\" \/>\n<meta name=\"robots\" content=\"index, follow, max-snippet:-1, max-image-preview:large, max-video-preview:-1\" \/>\n<link rel=\"canonical\" href=\"https:\/\/tienda.rigelec.com.ar\/?product=rele-termico-2\" \/>\n<meta property=\"og:locale\" content=\"es_ES\" \/>\n<meta property=\"og:type\" content=\"article\" \/>\n<meta property=\"og:title\" content=\"RELE TERMICO EASY TESYS 5.5-8A - 1NA+1NC - Tienda Rigelec\" \/>\n<meta property=\"og:description\" content=\"RELE TERMICO EASY TESYS 5.5-8A - 1NA+1NC Tienda Rigelec RELE TERMICO EASY TESYS 5.5-8A - 1NA+1NC Tienda Rigelec RELE TERMICO\" \/>\n<meta property=\"og:url\" content=\"https:\/\/tienda.rigelec.com.ar\/?product=rele-termico-2\" \/>\n<meta property=\"og:site_name\" content=\"Tienda Rigelec\" \/>\n<meta property=\"article:modified_time\" content=\"2026-05-06T07:01:22+00:00\" \/>\n<meta property=\"og:image\" content=\"https:\/\/tienda.rigelec.com.ar\/wp-content\/uploads\/2025\/08\/RELETERMICO-1.jpg\" \/>\n\t<meta property=\"og:image:width\" content=\"1080\" \/>\n\t<meta property=\"og:image:height\" content=\"1080\" \/>\n\t<meta property=\"og:image:type\" content=\"image\/jpeg\" \/>\n<meta name=\"twitter:card\" content=\"summary_large_image\" \/>\n<meta name=\"twitter:label1\" content=\"Tiempo de lectura\" \/>\n\t<meta name=\"twitter:data1\" content=\"1 minuto\" \/>\n<script type=\"application\/ld+json\" class=\"yoast-schema-graph\">{\"@context\":\"https:\/\/schema.org\",\"@graph\":[{\"@type\":\"WebPage\",\"@id\":\"https:\/\/tienda.rigelec.com.ar\/?product=rele-termico-2\",\"url\":\"https:\/\/tienda.rigelec.com.ar\/?product=rele-termico-2\",\"name\":\"RELE TERMICO EASY TESYS 5.5-8A - 1NA+1NC - Tienda Rigelec\",\"isPartOf\":{\"@id\":\"https:\/\/tienda.rigelec.com.ar\/#website\"},\"primaryImageOfPage\":{\"@id\":\"https:\/\/tienda.rigelec.com.ar\/?product=rele-termico-2#primaryimage\"},\"image\":{\"@id\":\"https:\/\/tienda.rigelec.com.ar\/?product=rele-termico-2#primaryimage\"},\"thumbnailUrl\":\"https:\/\/tienda.rigelec.com.ar\/wp-content\/uploads\/2025\/08\/RELETERMICO-1.jpg\",\"datePublished\":\"2025-08-12T14:31:05+00:00\",\"dateModified\":\"2026-05-06T07:01:22+00:00\",\"description\":\"RELE TERMICO EASY TESYS 5.5-8A - 1NA+1NC Tienda Rigelec RELE TERMICO EASY TESYS 5.5-8A - 1NA+1NC Tienda Rigelec RELE TERMICO\",\"breadcrumb\":{\"@id\":\"https:\/\/tienda.rigelec.com.ar\/?product=rele-termico-2#breadcrumb\"},\"inLanguage\":\"es-AR\",\"potentialAction\":[{\"@type\":\"ReadAction\",\"target\":[\"https:\/\/tienda.rigelec.com.ar\/?product=rele-termico-2\"]}]},{\"@type\":\"ImageObject\",\"inLanguage\":\"es-AR\",\"@id\":\"https:\/\/tienda.rigelec.com.ar\/?product=rele-termico-2#primaryimage\",\"url\":\"https:\/\/tienda.rigelec.com.ar\/wp-content\/uploads\/2025\/08\/RELETERMICO-1.jpg\",\"contentUrl\":\"https:\/\/tienda.rigelec.com.ar\/wp-content\/uploads\/2025\/08\/RELETERMICO-1.jpg\",\"width\":1080,\"height\":1080},{\"@type\":\"BreadcrumbList\",\"@id\":\"https:\/\/tienda.rigelec.com.ar\/?product=rele-termico-2#breadcrumb\",\"itemListElement\":[{\"@type\":\"ListItem\",\"position\":1,\"name\":\"Inicio\",\"item\":\"https:\/\/tienda.rigelec.com.ar\/\"},{\"@type\":\"ListItem\",\"position\":2,\"name\":\"Shop\",\"item\":\"https:\/\/tienda.rigelec.com.ar\/?page_id=12\"},{\"@type\":\"ListItem\",\"position\":3,\"name\":\"RELE TERMICO EASY TESYS 5.5-8A &#8211; 1NA+1NC\"}]},{\"@type\":\"WebSite\",\"@id\":\"https:\/\/tienda.rigelec.com.ar\/#website\",\"url\":\"https:\/\/tienda.rigelec.com.ar\/\",\"name\":\"Tienda Rigelec\",\"description\":\"Energia en movimiento\",\"publisher\":{\"@id\":\"https:\/\/tienda.rigelec.com.ar\/#organization\"},\"potentialAction\":[{\"@type\":\"SearchAction\",\"target\":{\"@type\":\"EntryPoint\",\"urlTemplate\":\"https:\/\/tienda.rigelec.com.ar\/?s={search_term_string}\"},\"query-input\":{\"@type\":\"PropertyValueSpecification\",\"valueRequired\":true,\"valueName\":\"search_term_string\"}}],\"inLanguage\":\"es-AR\"},{\"@type\":\"Organization\",\"@id\":\"https:\/\/tienda.rigelec.com.ar\/#organization\",\"name\":\"Tienda Rigelec\",\"url\":\"https:\/\/tienda.rigelec.com.ar\/\",\"logo\":{\"@type\":\"ImageObject\",\"inLanguage\":\"es-AR\",\"@id\":\"https:\/\/tienda.rigelec.com.ar\/#\/schema\/logo\/image\/\",\"url\":\"https:\/\/tienda.rigelec.com.ar\/wp-content\/uploads\/2024\/09\/isologo-blanco-rigelec.png\",\"contentUrl\":\"https:\/\/tienda.rigelec.com.ar\/wp-content\/uploads\/2024\/09\/isologo-blanco-rigelec.png\",\"width\":94,\"height\":97,\"caption\":\"Tienda Rigelec\"},\"image\":{\"@id\":\"https:\/\/tienda.rigelec.com.ar\/#\/schema\/logo\/image\/\"}}]}<\/script>\n<!-- \/ Yoast SEO plugin. -->","yoast_head_json":{"title":"RELE TERMICO EASY TESYS 5.5-8A - 1NA+1NC - Tienda Rigelec","description":"RELE TERMICO EASY TESYS 5.5-8A - 1NA+1NC Tienda Rigelec RELE TERMICO EASY TESYS 5.5-8A - 1NA+1NC Tienda Rigelec RELE TERMICO","robots":{"index":"index","follow":"follow","max-snippet":"max-snippet:-1","max-image-preview":"max-image-preview:large","max-video-preview":"max-video-preview:-1"},"canonical":"https:\/\/tienda.rigelec.com.ar\/?product=rele-termico-2","og_locale":"es_ES","og_type":"article","og_title":"RELE TERMICO EASY TESYS 5.5-8A - 1NA+1NC - Tienda Rigelec","og_description":"RELE TERMICO EASY TESYS 5.5-8A - 1NA+1NC Tienda Rigelec RELE TERMICO EASY TESYS 5.5-8A - 1NA+1NC Tienda Rigelec RELE TERMICO","og_url":"https:\/\/tienda.rigelec.com.ar\/?product=rele-termico-2","og_site_name":"Tienda Rigelec","article_modified_time":"2026-05-06T07:01:22+00:00","og_image":[{"width":1080,"height":1080,"url":"https:\/\/tienda.rigelec.com.ar\/wp-content\/uploads\/2025\/08\/RELETERMICO-1.jpg","type":"image\/jpeg"}],"twitter_card":"summary_large_image","twitter_misc":{"Tiempo de lectura":"1 minuto"},"schema":{"@context":"https:\/\/schema.org","@graph":[{"@type":"WebPage","@id":"https:\/\/tienda.rigelec.com.ar\/?product=rele-termico-2","url":"https:\/\/tienda.rigelec.com.ar\/?product=rele-termico-2","name":"RELE TERMICO EASY TESYS 5.5-8A - 1NA+1NC - Tienda Rigelec","isPartOf":{"@id":"https:\/\/tienda.rigelec.com.ar\/#website"},"primaryImageOfPage":{"@id":"https:\/\/tienda.rigelec.com.ar\/?product=rele-termico-2#primaryimage"},"image":{"@id":"https:\/\/tienda.rigelec.com.ar\/?product=rele-termico-2#primaryimage"},"thumbnailUrl":"https:\/\/tienda.rigelec.com.ar\/wp-content\/uploads\/2025\/08\/RELETERMICO-1.jpg","datePublished":"2025-08-12T14:31:05+00:00","dateModified":"2026-05-06T07:01:22+00:00","description":"RELE TERMICO EASY TESYS 5.5-8A - 1NA+1NC Tienda Rigelec RELE TERMICO EASY TESYS 5.5-8A - 1NA+1NC Tienda Rigelec RELE TERMICO","breadcrumb":{"@id":"https:\/\/tienda.rigelec.com.ar\/?product=rele-termico-2#breadcrumb"},"inLanguage":"es-AR","potentialAction":[{"@type":"ReadAction","target":["https:\/\/tienda.rigelec.com.ar\/?product=rele-termico-2"]}]},{"@type":"ImageObject","inLanguage":"es-AR","@id":"https:\/\/tienda.rigelec.com.ar\/?product=rele-termico-2#primaryimage","url":"https:\/\/tienda.rigelec.com.ar\/wp-content\/uploads\/2025\/08\/RELETERMICO-1.jpg","contentUrl":"https:\/\/tienda.rigelec.com.ar\/wp-content\/uploads\/2025\/08\/RELETERMICO-1.jpg","width":1080,"height":1080},{"@type":"BreadcrumbList","@id":"https:\/\/tienda.rigelec.com.ar\/?product=rele-termico-2#breadcrumb","itemListElement":[{"@type":"ListItem","position":1,"name":"Inicio","item":"https:\/\/tienda.rigelec.com.ar\/"},{"@type":"ListItem","position":2,"name":"Shop","item":"https:\/\/tienda.rigelec.com.ar\/?page_id=12"},{"@type":"ListItem","position":3,"name":"RELE TERMICO EASY TESYS 5.5-8A &#8211; 1NA+1NC"}]},{"@type":"WebSite","@id":"https:\/\/tienda.rigelec.com.ar\/#website","url":"https:\/\/tienda.rigelec.com.ar\/","name":"Tienda Rigelec","description":"Energia en movimiento","publisher":{"@id":"https:\/\/tienda.rigelec.com.ar\/#organization"},"potentialAction":[{"@type":"SearchAction","target":{"@type":"EntryPoint","urlTemplate":"https:\/\/tienda.rigelec.com.ar\/?s={search_term_string}"},"query-input":{"@type":"PropertyValueSpecification","valueRequired":true,"valueName":"search_term_string"}}],"inLanguage":"es-AR"},{"@type":"Organization","@id":"https:\/\/tienda.rigelec.com.ar\/#organization","name":"Tienda Rigelec","url":"https:\/\/tienda.rigelec.com.ar\/","logo":{"@type":"ImageObject","inLanguage":"es-AR","@id":"https:\/\/tienda.rigelec.com.ar\/#\/schema\/logo\/image\/","url":"https:\/\/tienda.rigelec.com.ar\/wp-content\/uploads\/2024\/09\/isologo-blanco-rigelec.png","contentUrl":"https:\/\/tienda.rigelec.com.ar\/wp-content\/uploads\/2024\/09\/isologo-blanco-rigelec.png","width":94,"height":97,"caption":"Tienda Rigelec"},"image":{"@id":"https:\/\/tienda.rigelec.com.ar\/#\/schema\/logo\/image\/"}}]}},"jetpack_sharing_enabled":true,"_links":{"self":[{"href":"https:\/\/tienda.rigelec.com.ar\/index.php?rest_route=\/wp\/v2\/product\/31598","targetHints":{"allow":["GET"]}}],"collection":[{"href":"https:\/\/tienda.rigelec.com.ar\/index.php?rest_route=\/wp\/v2\/product"}],"about":[{"href":"https:\/\/tienda.rigelec.com.ar\/index.php?rest_route=\/wp\/v2\/types\/product"}],"replies":[{"embeddable":true,"href":"https:\/\/tienda.rigelec.com.ar\/index.php?rest_route=%2Fwp%2Fv2%2Fcomments&post=31598"}],"wp:featuredmedia":[{"embeddable":true,"href":"https:\/\/tienda.rigelec.com.ar\/index.php?rest_route=\/wp\/v2\/media\/31599"}],"wp:attachment":[{"href":"https:\/\/tienda.rigelec.com.ar\/index.php?rest_route=%2Fwp%2Fv2%2Fmedia&parent=31598"}],"wp:term":[{"taxonomy":"product_brand","embeddable":true,"href":"https:\/\/tienda.rigelec.com.ar\/index.php?rest_route=%2Fwp%2Fv2%2Fproduct_brand&post=31598"},{"taxonomy":"product_cat","embeddable":true,"href":"https:\/\/tienda.rigelec.com.ar\/index.php?rest_route=%2Fwp%2Fv2%2Fproduct_cat&post=31598"},{"taxonomy":"product_tag","embeddable":true,"href":"https:\/\/tienda.rigelec.com.ar\/index.php?rest_route=%2Fwp%2Fv2%2Fproduct_tag&post=31598"}],"curies":[{"name":"wp","href":"https:\/\/api.w.org\/{rel}","templated":true}]}}