{"id":31600,"date":"2025-08-12T11:31:06","date_gmt":"2025-08-12T14:31:06","guid":{"rendered":"https:\/\/tienda.rigelec.com.ar\/?product=rele-termico-easy-tesys-7-10a-1na1nc"},"modified":"2026-05-01T01:30:13","modified_gmt":"2026-05-01T04:30:13","slug":"rele-termico-3","status":"publish","type":"product","link":"https:\/\/tienda.rigelec.com.ar\/?product=rele-termico-3","title":{"rendered":"RELE TERMICO EASY TESYS 7-10A &#8211; 1NA+1NC"},"content":{"rendered":"<p>RELE TERMICO<\/p>\n<p data-start=\"154\" data-end=\"201\"><strong data-start=\"154\" data-end=\"199\">REL\u00c9 T\u00c9RMICO EASY TESYS \u2013 7-10A \u2013 1NA+1NC<\/strong><\/p>\n<p data-start=\"203\" data-end=\"522\">El <strong data-start=\"206\" data-end=\"239\">rel\u00e9 t\u00e9rmico EasyPact TVS LRE<\/strong> de Schneider Electric es un dispositivo de <strong data-start=\"283\" data-end=\"316\">protecci\u00f3n contra sobrecargas<\/strong> dise\u00f1ado para trabajar con <strong data-start=\"344\" data-end=\"356\">fusibles<\/strong> o <strong data-start=\"359\" data-end=\"399\">disyuntores magn\u00e9ticos GV2 L y GV3 L<\/strong>. Su rango de ajuste t\u00e9rmico es de <strong data-start=\"434\" data-end=\"445\">7 a 10A<\/strong> a 50\/60 Hz y cuenta con <strong data-start=\"470\" data-end=\"494\">clase de disparo 10A<\/strong> conforme a IEC 60947-4-1.<\/p>\n<p data-start=\"524\" data-end=\"789\">Este modelo puede montarse directamente sobre <strong data-start=\"570\" data-end=\"598\">contactores EasyPact TVS<\/strong> mediante conexi\u00f3n de <strong data-start=\"620\" data-end=\"641\">borne atornillado<\/strong>. Est\u00e1 dise\u00f1ado para proteger <strong data-start=\"671\" data-end=\"707\">cargas y motores desequilibrados<\/strong> de hasta <strong data-start=\"717\" data-end=\"735\">4 kW a 400V CA<\/strong>, garantizando un funcionamiento seguro y confiable.<\/p>\n<p data-start=\"791\" data-end=\"936\">Dispone de <strong data-start=\"802\" data-end=\"832\">rearme manual o autom\u00e1tico<\/strong>, un <strong data-start=\"837\" data-end=\"869\">contacto auxiliar de disparo<\/strong> y <strong data-start=\"872\" data-end=\"895\">un indicador visual<\/strong>, lo que facilita su uso y supervisi\u00f3n.<\/p>\n<p data-start=\"938\" data-end=\"1295\">El <strong data-start=\"941\" data-end=\"961\">EasyPact TVS LRE<\/strong> es compacto, duradero y confiable, con disponibilidad global. Cumple con <strong data-start=\"1035\" data-end=\"1070\">certificaciones internacionales<\/strong> (IEC, UL, CSA, CCC, EAC, Marine) y pertenece a la l\u00ednea <strong data-start=\"1127\" data-end=\"1145\">Green Premium\u2122<\/strong>, que asegura cumplimiento con normativas ambientales, transparencia en el impacto ecol\u00f3gico y dise\u00f1o circular conforme a directivas <strong data-start=\"1278\" data-end=\"1292\">RoHS\/REACH<\/strong>.<\/p>\n","protected":false},"excerpt":{"rendered":"<p>El rel\u00e9 LRE es un rel\u00e9 de sobrecarga t\u00e9rmica diferencial para usar con fusibles o disyuntores magn\u00e9ticos GV2 L y GV3 L. Su rango de ajuste t\u00e9rmico es de 7-1 A 5\/6 Hz y la clase de disparo es de 1 A conforme a IEC 6947-4-1. Puede montarse directamente en contactores EasyPact TVS con conexi\u00f3n de terminales de borne atornillado. Protege cargas y motores desequilibrados con 4 kW a 4 V CA. Proporciona rearme manual o autom\u00e1tico, contacto auxiliar de disparo e indicador. Disponible en todo el mundo, cuenta con certificaci\u00f3n de m\u00faltiples est\u00e1ndares (IEC, UL, CSA, CCC, EAC, Mar\u00edtimo) y cumple con Green Premium (RoHs\/Reach).<\/p>\n","protected":false},"featured_media":31601,"comment_status":"open","ping_status":"closed","template":"","meta":{"_monsterinsights_skip_tracking":false,"_monsterinsights_sitenote_active":false,"_monsterinsights_sitenote_note":"","_monsterinsights_sitenote_category":0},"product_brand":[],"product_cat":[335],"product_tag":[450],"class_list":{"0":"post-31600","1":"product","2":"type-product","3":"status-publish","4":"has-post-thumbnail","6":"product_cat-i-relevo","7":"product_tag-schneider","9":"first","10":"instock","11":"shipping-taxable","12":"purchasable","13":"product-type-simple"},"yoast_head":"<!-- This site is optimized with the Yoast SEO plugin v25.3.1 - https:\/\/yoast.com\/wordpress\/plugins\/seo\/ -->\n<title>RELE TERMICO EASY TESYS 7-10A - 1NA+1NC - Tienda Rigelec<\/title>\n<meta name=\"description\" content=\"RELE TERMICO EASY TESYS 7-10A - 1NA+1NC Tienda Rigelec RELE TERMICO EASY TESYS 7-10A - 1NA+1NC RELE TERMICO EASY TESYS 7-10A - 1NA+1NC\" \/>\n<meta name=\"robots\" content=\"index, follow, max-snippet:-1, max-image-preview:large, max-video-preview:-1\" \/>\n<link rel=\"canonical\" href=\"https:\/\/tienda.rigelec.com.ar\/?product=rele-termico-3\" \/>\n<meta property=\"og:locale\" content=\"es_ES\" \/>\n<meta property=\"og:type\" content=\"article\" \/>\n<meta property=\"og:title\" content=\"RELE TERMICO EASY TESYS 7-10A - 1NA+1NC - Tienda Rigelec\" \/>\n<meta property=\"og:description\" content=\"RELE TERMICO EASY TESYS 7-10A - 1NA+1NC Tienda Rigelec RELE TERMICO EASY TESYS 7-10A - 1NA+1NC RELE TERMICO EASY TESYS 7-10A - 1NA+1NC\" \/>\n<meta property=\"og:url\" content=\"https:\/\/tienda.rigelec.com.ar\/?product=rele-termico-3\" \/>\n<meta property=\"og:site_name\" content=\"Tienda Rigelec\" \/>\n<meta property=\"article:modified_time\" content=\"2026-05-01T04:30:13+00:00\" \/>\n<meta property=\"og:image\" content=\"https:\/\/tienda.rigelec.com.ar\/wp-content\/uploads\/2025\/08\/RELETERMICO-2.jpg\" \/>\n\t<meta property=\"og:image:width\" content=\"1080\" \/>\n\t<meta property=\"og:image:height\" content=\"1080\" \/>\n\t<meta property=\"og:image:type\" content=\"image\/jpeg\" \/>\n<meta name=\"twitter:card\" content=\"summary_large_image\" \/>\n<meta name=\"twitter:label1\" content=\"Tiempo de lectura\" \/>\n\t<meta name=\"twitter:data1\" content=\"1 minuto\" \/>\n<script type=\"application\/ld+json\" class=\"yoast-schema-graph\">{\"@context\":\"https:\/\/schema.org\",\"@graph\":[{\"@type\":\"WebPage\",\"@id\":\"https:\/\/tienda.rigelec.com.ar\/?product=rele-termico-3\",\"url\":\"https:\/\/tienda.rigelec.com.ar\/?product=rele-termico-3\",\"name\":\"RELE TERMICO EASY TESYS 7-10A - 1NA+1NC - Tienda Rigelec\",\"isPartOf\":{\"@id\":\"https:\/\/tienda.rigelec.com.ar\/#website\"},\"primaryImageOfPage\":{\"@id\":\"https:\/\/tienda.rigelec.com.ar\/?product=rele-termico-3#primaryimage\"},\"image\":{\"@id\":\"https:\/\/tienda.rigelec.com.ar\/?product=rele-termico-3#primaryimage\"},\"thumbnailUrl\":\"https:\/\/tienda.rigelec.com.ar\/wp-content\/uploads\/2025\/08\/RELETERMICO-2.jpg\",\"datePublished\":\"2025-08-12T14:31:06+00:00\",\"dateModified\":\"2026-05-01T04:30:13+00:00\",\"description\":\"RELE TERMICO EASY TESYS 7-10A - 1NA+1NC Tienda Rigelec RELE TERMICO EASY TESYS 7-10A - 1NA+1NC RELE TERMICO EASY TESYS 7-10A - 1NA+1NC\",\"breadcrumb\":{\"@id\":\"https:\/\/tienda.rigelec.com.ar\/?product=rele-termico-3#breadcrumb\"},\"inLanguage\":\"es-AR\",\"potentialAction\":[{\"@type\":\"ReadAction\",\"target\":[\"https:\/\/tienda.rigelec.com.ar\/?product=rele-termico-3\"]}]},{\"@type\":\"ImageObject\",\"inLanguage\":\"es-AR\",\"@id\":\"https:\/\/tienda.rigelec.com.ar\/?product=rele-termico-3#primaryimage\",\"url\":\"https:\/\/tienda.rigelec.com.ar\/wp-content\/uploads\/2025\/08\/RELETERMICO-2.jpg\",\"contentUrl\":\"https:\/\/tienda.rigelec.com.ar\/wp-content\/uploads\/2025\/08\/RELETERMICO-2.jpg\",\"width\":1080,\"height\":1080},{\"@type\":\"BreadcrumbList\",\"@id\":\"https:\/\/tienda.rigelec.com.ar\/?product=rele-termico-3#breadcrumb\",\"itemListElement\":[{\"@type\":\"ListItem\",\"position\":1,\"name\":\"Inicio\",\"item\":\"https:\/\/tienda.rigelec.com.ar\/\"},{\"@type\":\"ListItem\",\"position\":2,\"name\":\"Shop\",\"item\":\"https:\/\/tienda.rigelec.com.ar\/?page_id=12\"},{\"@type\":\"ListItem\",\"position\":3,\"name\":\"RELE TERMICO EASY TESYS 7-10A &#8211; 1NA+1NC\"}]},{\"@type\":\"WebSite\",\"@id\":\"https:\/\/tienda.rigelec.com.ar\/#website\",\"url\":\"https:\/\/tienda.rigelec.com.ar\/\",\"name\":\"Tienda Rigelec\",\"description\":\"Energia en movimiento\",\"publisher\":{\"@id\":\"https:\/\/tienda.rigelec.com.ar\/#organization\"},\"potentialAction\":[{\"@type\":\"SearchAction\",\"target\":{\"@type\":\"EntryPoint\",\"urlTemplate\":\"https:\/\/tienda.rigelec.com.ar\/?s={search_term_string}\"},\"query-input\":{\"@type\":\"PropertyValueSpecification\",\"valueRequired\":true,\"valueName\":\"search_term_string\"}}],\"inLanguage\":\"es-AR\"},{\"@type\":\"Organization\",\"@id\":\"https:\/\/tienda.rigelec.com.ar\/#organization\",\"name\":\"Tienda Rigelec\",\"url\":\"https:\/\/tienda.rigelec.com.ar\/\",\"logo\":{\"@type\":\"ImageObject\",\"inLanguage\":\"es-AR\",\"@id\":\"https:\/\/tienda.rigelec.com.ar\/#\/schema\/logo\/image\/\",\"url\":\"https:\/\/tienda.rigelec.com.ar\/wp-content\/uploads\/2024\/09\/isologo-blanco-rigelec.png\",\"contentUrl\":\"https:\/\/tienda.rigelec.com.ar\/wp-content\/uploads\/2024\/09\/isologo-blanco-rigelec.png\",\"width\":94,\"height\":97,\"caption\":\"Tienda Rigelec\"},\"image\":{\"@id\":\"https:\/\/tienda.rigelec.com.ar\/#\/schema\/logo\/image\/\"}}]}<\/script>\n<!-- \/ Yoast SEO plugin. -->","yoast_head_json":{"title":"RELE TERMICO EASY TESYS 7-10A - 1NA+1NC - Tienda Rigelec","description":"RELE TERMICO EASY TESYS 7-10A - 1NA+1NC Tienda Rigelec RELE TERMICO EASY TESYS 7-10A - 1NA+1NC RELE TERMICO EASY TESYS 7-10A - 1NA+1NC","robots":{"index":"index","follow":"follow","max-snippet":"max-snippet:-1","max-image-preview":"max-image-preview:large","max-video-preview":"max-video-preview:-1"},"canonical":"https:\/\/tienda.rigelec.com.ar\/?product=rele-termico-3","og_locale":"es_ES","og_type":"article","og_title":"RELE TERMICO EASY TESYS 7-10A - 1NA+1NC - Tienda Rigelec","og_description":"RELE TERMICO EASY TESYS 7-10A - 1NA+1NC Tienda Rigelec RELE TERMICO EASY TESYS 7-10A - 1NA+1NC RELE TERMICO EASY TESYS 7-10A - 1NA+1NC","og_url":"https:\/\/tienda.rigelec.com.ar\/?product=rele-termico-3","og_site_name":"Tienda Rigelec","article_modified_time":"2026-05-01T04:30:13+00:00","og_image":[{"width":1080,"height":1080,"url":"https:\/\/tienda.rigelec.com.ar\/wp-content\/uploads\/2025\/08\/RELETERMICO-2.jpg","type":"image\/jpeg"}],"twitter_card":"summary_large_image","twitter_misc":{"Tiempo de lectura":"1 minuto"},"schema":{"@context":"https:\/\/schema.org","@graph":[{"@type":"WebPage","@id":"https:\/\/tienda.rigelec.com.ar\/?product=rele-termico-3","url":"https:\/\/tienda.rigelec.com.ar\/?product=rele-termico-3","name":"RELE TERMICO EASY TESYS 7-10A - 1NA+1NC - Tienda Rigelec","isPartOf":{"@id":"https:\/\/tienda.rigelec.com.ar\/#website"},"primaryImageOfPage":{"@id":"https:\/\/tienda.rigelec.com.ar\/?product=rele-termico-3#primaryimage"},"image":{"@id":"https:\/\/tienda.rigelec.com.ar\/?product=rele-termico-3#primaryimage"},"thumbnailUrl":"https:\/\/tienda.rigelec.com.ar\/wp-content\/uploads\/2025\/08\/RELETERMICO-2.jpg","datePublished":"2025-08-12T14:31:06+00:00","dateModified":"2026-05-01T04:30:13+00:00","description":"RELE TERMICO EASY TESYS 7-10A - 1NA+1NC Tienda Rigelec RELE TERMICO EASY TESYS 7-10A - 1NA+1NC RELE TERMICO EASY TESYS 7-10A - 1NA+1NC","breadcrumb":{"@id":"https:\/\/tienda.rigelec.com.ar\/?product=rele-termico-3#breadcrumb"},"inLanguage":"es-AR","potentialAction":[{"@type":"ReadAction","target":["https:\/\/tienda.rigelec.com.ar\/?product=rele-termico-3"]}]},{"@type":"ImageObject","inLanguage":"es-AR","@id":"https:\/\/tienda.rigelec.com.ar\/?product=rele-termico-3#primaryimage","url":"https:\/\/tienda.rigelec.com.ar\/wp-content\/uploads\/2025\/08\/RELETERMICO-2.jpg","contentUrl":"https:\/\/tienda.rigelec.com.ar\/wp-content\/uploads\/2025\/08\/RELETERMICO-2.jpg","width":1080,"height":1080},{"@type":"BreadcrumbList","@id":"https:\/\/tienda.rigelec.com.ar\/?product=rele-termico-3#breadcrumb","itemListElement":[{"@type":"ListItem","position":1,"name":"Inicio","item":"https:\/\/tienda.rigelec.com.ar\/"},{"@type":"ListItem","position":2,"name":"Shop","item":"https:\/\/tienda.rigelec.com.ar\/?page_id=12"},{"@type":"ListItem","position":3,"name":"RELE TERMICO EASY TESYS 7-10A &#8211; 1NA+1NC"}]},{"@type":"WebSite","@id":"https:\/\/tienda.rigelec.com.ar\/#website","url":"https:\/\/tienda.rigelec.com.ar\/","name":"Tienda Rigelec","description":"Energia en movimiento","publisher":{"@id":"https:\/\/tienda.rigelec.com.ar\/#organization"},"potentialAction":[{"@type":"SearchAction","target":{"@type":"EntryPoint","urlTemplate":"https:\/\/tienda.rigelec.com.ar\/?s={search_term_string}"},"query-input":{"@type":"PropertyValueSpecification","valueRequired":true,"valueName":"search_term_string"}}],"inLanguage":"es-AR"},{"@type":"Organization","@id":"https:\/\/tienda.rigelec.com.ar\/#organization","name":"Tienda Rigelec","url":"https:\/\/tienda.rigelec.com.ar\/","logo":{"@type":"ImageObject","inLanguage":"es-AR","@id":"https:\/\/tienda.rigelec.com.ar\/#\/schema\/logo\/image\/","url":"https:\/\/tienda.rigelec.com.ar\/wp-content\/uploads\/2024\/09\/isologo-blanco-rigelec.png","contentUrl":"https:\/\/tienda.rigelec.com.ar\/wp-content\/uploads\/2024\/09\/isologo-blanco-rigelec.png","width":94,"height":97,"caption":"Tienda Rigelec"},"image":{"@id":"https:\/\/tienda.rigelec.com.ar\/#\/schema\/logo\/image\/"}}]}},"jetpack_sharing_enabled":true,"_links":{"self":[{"href":"https:\/\/tienda.rigelec.com.ar\/index.php?rest_route=\/wp\/v2\/product\/31600","targetHints":{"allow":["GET"]}}],"collection":[{"href":"https:\/\/tienda.rigelec.com.ar\/index.php?rest_route=\/wp\/v2\/product"}],"about":[{"href":"https:\/\/tienda.rigelec.com.ar\/index.php?rest_route=\/wp\/v2\/types\/product"}],"replies":[{"embeddable":true,"href":"https:\/\/tienda.rigelec.com.ar\/index.php?rest_route=%2Fwp%2Fv2%2Fcomments&post=31600"}],"wp:featuredmedia":[{"embeddable":true,"href":"https:\/\/tienda.rigelec.com.ar\/index.php?rest_route=\/wp\/v2\/media\/31601"}],"wp:attachment":[{"href":"https:\/\/tienda.rigelec.com.ar\/index.php?rest_route=%2Fwp%2Fv2%2Fmedia&parent=31600"}],"wp:term":[{"taxonomy":"product_brand","embeddable":true,"href":"https:\/\/tienda.rigelec.com.ar\/index.php?rest_route=%2Fwp%2Fv2%2Fproduct_brand&post=31600"},{"taxonomy":"product_cat","embeddable":true,"href":"https:\/\/tienda.rigelec.com.ar\/index.php?rest_route=%2Fwp%2Fv2%2Fproduct_cat&post=31600"},{"taxonomy":"product_tag","embeddable":true,"href":"https:\/\/tienda.rigelec.com.ar\/index.php?rest_route=%2Fwp%2Fv2%2Fproduct_tag&post=31600"}],"curies":[{"name":"wp","href":"https:\/\/api.w.org\/{rel}","templated":true}]}}