{"id":31604,"date":"2025-08-12T11:31:09","date_gmt":"2025-08-12T14:31:09","guid":{"rendered":"https:\/\/tienda.rigelec.com.ar\/?product=rele-termico-easy-tesys-12-18a-1na1nc"},"modified":"2026-05-06T04:01:23","modified_gmt":"2026-05-06T07:01:23","slug":"rele-termico-5","status":"publish","type":"product","link":"https:\/\/tienda.rigelec.com.ar\/?product=rele-termico-5","title":{"rendered":"RELE TERMICO EASY TESYS 12-18A &#8211; 1NA+1NC"},"content":{"rendered":"<p>RELE TERMICO<\/p>\n<p data-start=\"147\" data-end=\"195\"><strong data-start=\"147\" data-end=\"193\">REL\u00c9 T\u00c9RMICO EASY TESYS \u2013 12-18A \u2013 1NA+1NC<\/strong><\/p>\n<p data-start=\"197\" data-end=\"512\">El <strong data-start=\"200\" data-end=\"233\">rel\u00e9 t\u00e9rmico EasyPact TVS LRE<\/strong> de Schneider Electric es un dispositivo de <strong data-start=\"277\" data-end=\"310\">protecci\u00f3n contra sobrecargas<\/strong> dise\u00f1ado para trabajar con <strong data-start=\"338\" data-end=\"350\">fusibles<\/strong> o <strong data-start=\"353\" data-end=\"393\">disyuntores magn\u00e9ticos GV2 L y GV3 L<\/strong>. Su rango de ajuste t\u00e9rmico es de <strong data-start=\"428\" data-end=\"440\">12 a 18A<\/strong> a 50\/60 Hz y cuenta con <strong data-start=\"465\" data-end=\"489\">clase de disparo 10A<\/strong> seg\u00fan IEC 60947-4-1.<\/p>\n<p data-start=\"514\" data-end=\"800\">Puede montarse directamente sobre <strong data-start=\"548\" data-end=\"576\">contactores EasyPact TVS<\/strong>, mediante conexi\u00f3n de <strong data-start=\"599\" data-end=\"620\">borne atornillado<\/strong>, asegurando una instalaci\u00f3n firme y segura. Est\u00e1 dise\u00f1ado para proteger <strong data-start=\"693\" data-end=\"729\">cargas y motores desequilibrados<\/strong> de hasta <strong data-start=\"739\" data-end=\"759\">7,5 kW a 400V CA<\/strong>, garantizando rendimiento y seguridad.<\/p>\n<p data-start=\"802\" data-end=\"972\">Dispone de <strong data-start=\"813\" data-end=\"843\">rearme manual o autom\u00e1tico<\/strong>, un <strong data-start=\"848\" data-end=\"880\">contacto auxiliar de disparo<\/strong> y <strong data-start=\"883\" data-end=\"906\">un indicador visual<\/strong>, facilitando la supervisi\u00f3n y el restablecimiento del servicio.<\/p>\n<p data-start=\"974\" data-end=\"1314\">Este rel\u00e9 es compacto, resistente y fiable, disponible a nivel mundial. Cumple con <strong data-start=\"1057\" data-end=\"1092\">certificaciones internacionales<\/strong> (IEC, UL, CSA, CCC, EAC, Marine) y forma parte de la l\u00ednea <strong data-start=\"1152\" data-end=\"1170\">Green Premium\u2122<\/strong>, que asegura el cumplimiento de normativas ambientales, transparencia sobre el impacto ecol\u00f3gico y dise\u00f1o circular conforme a <strong data-start=\"1297\" data-end=\"1311\">RoHS\/REACH<\/strong>.<\/p>\n","protected":false},"excerpt":{"rendered":"<p>El rel\u00e9 LRE es un rel\u00e9 de sobrecarga t\u00e9rmica diferencial para utilizarlo con fusibles o disyuntores magn\u00e9ticos GV2 L y GV3 L. Su rango de ajuste t\u00e9rmico es de 12-18A 5\/6Hz y la clase de disparo es de 1A conforme a la norma IEC 6947-4-1. Puede montarse directamente en contactores EasyPact TVS con conexi\u00f3n de borne atornillado. Protege cargas y motores no balanceados con 7,5 kW a 4 VCA. Proporciona reinicio manual o autom\u00e1tico, contacto auxiliar de disparo e indicador de indicador. Est\u00e1 disponible en todo el mundo y cumple con los est\u00e1ndares m\u00faltiples (IEC, UL, CSA, CCC, EAC, Marine) y Green Premium (RoHs\/Reach).<\/p>\n","protected":false},"featured_media":31605,"comment_status":"open","ping_status":"closed","template":"","meta":{"_monsterinsights_skip_tracking":false,"_monsterinsights_sitenote_active":false,"_monsterinsights_sitenote_note":"","_monsterinsights_sitenote_category":0},"product_brand":[],"product_cat":[335],"product_tag":[450],"class_list":{"0":"post-31604","1":"product","2":"type-product","3":"status-publish","4":"has-post-thumbnail","6":"product_cat-i-relevo","7":"product_tag-schneider","9":"first","10":"instock","11":"shipping-taxable","12":"purchasable","13":"product-type-simple"},"yoast_head":"<!-- This site is optimized with the Yoast SEO plugin v25.3.1 - https:\/\/yoast.com\/wordpress\/plugins\/seo\/ -->\n<title>RELE TERMICO EASY TESYS 12-18A - 1NA+1NC - Tienda Rigelec<\/title>\n<meta name=\"description\" content=\"RELE TERMICO EASY TESYS 12-18A - 1NA+1NC Tienda Rigelec RELE TERMICO EASY TESYS 12-18A - 1NA+1NC Tienda Rigelec RELE TERMICO\" \/>\n<meta name=\"robots\" content=\"index, follow, max-snippet:-1, max-image-preview:large, max-video-preview:-1\" \/>\n<link rel=\"canonical\" href=\"https:\/\/tienda.rigelec.com.ar\/?product=rele-termico-5\" \/>\n<meta property=\"og:locale\" content=\"es_ES\" \/>\n<meta property=\"og:type\" content=\"article\" \/>\n<meta property=\"og:title\" content=\"RELE TERMICO EASY TESYS 12-18A - 1NA+1NC - Tienda Rigelec\" \/>\n<meta property=\"og:description\" content=\"RELE TERMICO EASY TESYS 12-18A - 1NA+1NC Tienda Rigelec RELE TERMICO EASY TESYS 12-18A - 1NA+1NC Tienda Rigelec RELE TERMICO\" \/>\n<meta property=\"og:url\" content=\"https:\/\/tienda.rigelec.com.ar\/?product=rele-termico-5\" \/>\n<meta property=\"og:site_name\" content=\"Tienda Rigelec\" \/>\n<meta property=\"article:modified_time\" content=\"2026-05-06T07:01:23+00:00\" \/>\n<meta property=\"og:image\" content=\"https:\/\/tienda.rigelec.com.ar\/wp-content\/uploads\/2025\/08\/RELETERMICO-4.jpg\" \/>\n\t<meta property=\"og:image:width\" content=\"1080\" \/>\n\t<meta property=\"og:image:height\" content=\"1080\" \/>\n\t<meta property=\"og:image:type\" content=\"image\/jpeg\" \/>\n<meta name=\"twitter:card\" content=\"summary_large_image\" \/>\n<meta name=\"twitter:label1\" content=\"Tiempo de lectura\" \/>\n\t<meta name=\"twitter:data1\" content=\"1 minuto\" \/>\n<script type=\"application\/ld+json\" class=\"yoast-schema-graph\">{\"@context\":\"https:\/\/schema.org\",\"@graph\":[{\"@type\":\"WebPage\",\"@id\":\"https:\/\/tienda.rigelec.com.ar\/?product=rele-termico-5\",\"url\":\"https:\/\/tienda.rigelec.com.ar\/?product=rele-termico-5\",\"name\":\"RELE TERMICO EASY TESYS 12-18A - 1NA+1NC - Tienda Rigelec\",\"isPartOf\":{\"@id\":\"https:\/\/tienda.rigelec.com.ar\/#website\"},\"primaryImageOfPage\":{\"@id\":\"https:\/\/tienda.rigelec.com.ar\/?product=rele-termico-5#primaryimage\"},\"image\":{\"@id\":\"https:\/\/tienda.rigelec.com.ar\/?product=rele-termico-5#primaryimage\"},\"thumbnailUrl\":\"https:\/\/tienda.rigelec.com.ar\/wp-content\/uploads\/2025\/08\/RELETERMICO-4.jpg\",\"datePublished\":\"2025-08-12T14:31:09+00:00\",\"dateModified\":\"2026-05-06T07:01:23+00:00\",\"description\":\"RELE TERMICO EASY TESYS 12-18A - 1NA+1NC Tienda Rigelec RELE TERMICO EASY TESYS 12-18A - 1NA+1NC Tienda Rigelec RELE TERMICO\",\"breadcrumb\":{\"@id\":\"https:\/\/tienda.rigelec.com.ar\/?product=rele-termico-5#breadcrumb\"},\"inLanguage\":\"es-AR\",\"potentialAction\":[{\"@type\":\"ReadAction\",\"target\":[\"https:\/\/tienda.rigelec.com.ar\/?product=rele-termico-5\"]}]},{\"@type\":\"ImageObject\",\"inLanguage\":\"es-AR\",\"@id\":\"https:\/\/tienda.rigelec.com.ar\/?product=rele-termico-5#primaryimage\",\"url\":\"https:\/\/tienda.rigelec.com.ar\/wp-content\/uploads\/2025\/08\/RELETERMICO-4.jpg\",\"contentUrl\":\"https:\/\/tienda.rigelec.com.ar\/wp-content\/uploads\/2025\/08\/RELETERMICO-4.jpg\",\"width\":1080,\"height\":1080},{\"@type\":\"BreadcrumbList\",\"@id\":\"https:\/\/tienda.rigelec.com.ar\/?product=rele-termico-5#breadcrumb\",\"itemListElement\":[{\"@type\":\"ListItem\",\"position\":1,\"name\":\"Inicio\",\"item\":\"https:\/\/tienda.rigelec.com.ar\/\"},{\"@type\":\"ListItem\",\"position\":2,\"name\":\"Shop\",\"item\":\"https:\/\/tienda.rigelec.com.ar\/?page_id=12\"},{\"@type\":\"ListItem\",\"position\":3,\"name\":\"RELE TERMICO EASY TESYS 12-18A &#8211; 1NA+1NC\"}]},{\"@type\":\"WebSite\",\"@id\":\"https:\/\/tienda.rigelec.com.ar\/#website\",\"url\":\"https:\/\/tienda.rigelec.com.ar\/\",\"name\":\"Tienda Rigelec\",\"description\":\"Energia en movimiento\",\"publisher\":{\"@id\":\"https:\/\/tienda.rigelec.com.ar\/#organization\"},\"potentialAction\":[{\"@type\":\"SearchAction\",\"target\":{\"@type\":\"EntryPoint\",\"urlTemplate\":\"https:\/\/tienda.rigelec.com.ar\/?s={search_term_string}\"},\"query-input\":{\"@type\":\"PropertyValueSpecification\",\"valueRequired\":true,\"valueName\":\"search_term_string\"}}],\"inLanguage\":\"es-AR\"},{\"@type\":\"Organization\",\"@id\":\"https:\/\/tienda.rigelec.com.ar\/#organization\",\"name\":\"Tienda Rigelec\",\"url\":\"https:\/\/tienda.rigelec.com.ar\/\",\"logo\":{\"@type\":\"ImageObject\",\"inLanguage\":\"es-AR\",\"@id\":\"https:\/\/tienda.rigelec.com.ar\/#\/schema\/logo\/image\/\",\"url\":\"https:\/\/tienda.rigelec.com.ar\/wp-content\/uploads\/2024\/09\/isologo-blanco-rigelec.png\",\"contentUrl\":\"https:\/\/tienda.rigelec.com.ar\/wp-content\/uploads\/2024\/09\/isologo-blanco-rigelec.png\",\"width\":94,\"height\":97,\"caption\":\"Tienda Rigelec\"},\"image\":{\"@id\":\"https:\/\/tienda.rigelec.com.ar\/#\/schema\/logo\/image\/\"}}]}<\/script>\n<!-- \/ Yoast SEO plugin. -->","yoast_head_json":{"title":"RELE TERMICO EASY TESYS 12-18A - 1NA+1NC - Tienda Rigelec","description":"RELE TERMICO EASY TESYS 12-18A - 1NA+1NC Tienda Rigelec RELE TERMICO EASY TESYS 12-18A - 1NA+1NC Tienda Rigelec RELE TERMICO","robots":{"index":"index","follow":"follow","max-snippet":"max-snippet:-1","max-image-preview":"max-image-preview:large","max-video-preview":"max-video-preview:-1"},"canonical":"https:\/\/tienda.rigelec.com.ar\/?product=rele-termico-5","og_locale":"es_ES","og_type":"article","og_title":"RELE TERMICO EASY TESYS 12-18A - 1NA+1NC - Tienda Rigelec","og_description":"RELE TERMICO EASY TESYS 12-18A - 1NA+1NC Tienda Rigelec RELE TERMICO EASY TESYS 12-18A - 1NA+1NC Tienda Rigelec RELE TERMICO","og_url":"https:\/\/tienda.rigelec.com.ar\/?product=rele-termico-5","og_site_name":"Tienda Rigelec","article_modified_time":"2026-05-06T07:01:23+00:00","og_image":[{"width":1080,"height":1080,"url":"https:\/\/tienda.rigelec.com.ar\/wp-content\/uploads\/2025\/08\/RELETERMICO-4.jpg","type":"image\/jpeg"}],"twitter_card":"summary_large_image","twitter_misc":{"Tiempo de lectura":"1 minuto"},"schema":{"@context":"https:\/\/schema.org","@graph":[{"@type":"WebPage","@id":"https:\/\/tienda.rigelec.com.ar\/?product=rele-termico-5","url":"https:\/\/tienda.rigelec.com.ar\/?product=rele-termico-5","name":"RELE TERMICO EASY TESYS 12-18A - 1NA+1NC - Tienda Rigelec","isPartOf":{"@id":"https:\/\/tienda.rigelec.com.ar\/#website"},"primaryImageOfPage":{"@id":"https:\/\/tienda.rigelec.com.ar\/?product=rele-termico-5#primaryimage"},"image":{"@id":"https:\/\/tienda.rigelec.com.ar\/?product=rele-termico-5#primaryimage"},"thumbnailUrl":"https:\/\/tienda.rigelec.com.ar\/wp-content\/uploads\/2025\/08\/RELETERMICO-4.jpg","datePublished":"2025-08-12T14:31:09+00:00","dateModified":"2026-05-06T07:01:23+00:00","description":"RELE TERMICO EASY TESYS 12-18A - 1NA+1NC Tienda Rigelec RELE TERMICO EASY TESYS 12-18A - 1NA+1NC Tienda Rigelec RELE TERMICO","breadcrumb":{"@id":"https:\/\/tienda.rigelec.com.ar\/?product=rele-termico-5#breadcrumb"},"inLanguage":"es-AR","potentialAction":[{"@type":"ReadAction","target":["https:\/\/tienda.rigelec.com.ar\/?product=rele-termico-5"]}]},{"@type":"ImageObject","inLanguage":"es-AR","@id":"https:\/\/tienda.rigelec.com.ar\/?product=rele-termico-5#primaryimage","url":"https:\/\/tienda.rigelec.com.ar\/wp-content\/uploads\/2025\/08\/RELETERMICO-4.jpg","contentUrl":"https:\/\/tienda.rigelec.com.ar\/wp-content\/uploads\/2025\/08\/RELETERMICO-4.jpg","width":1080,"height":1080},{"@type":"BreadcrumbList","@id":"https:\/\/tienda.rigelec.com.ar\/?product=rele-termico-5#breadcrumb","itemListElement":[{"@type":"ListItem","position":1,"name":"Inicio","item":"https:\/\/tienda.rigelec.com.ar\/"},{"@type":"ListItem","position":2,"name":"Shop","item":"https:\/\/tienda.rigelec.com.ar\/?page_id=12"},{"@type":"ListItem","position":3,"name":"RELE TERMICO EASY TESYS 12-18A &#8211; 1NA+1NC"}]},{"@type":"WebSite","@id":"https:\/\/tienda.rigelec.com.ar\/#website","url":"https:\/\/tienda.rigelec.com.ar\/","name":"Tienda Rigelec","description":"Energia en movimiento","publisher":{"@id":"https:\/\/tienda.rigelec.com.ar\/#organization"},"potentialAction":[{"@type":"SearchAction","target":{"@type":"EntryPoint","urlTemplate":"https:\/\/tienda.rigelec.com.ar\/?s={search_term_string}"},"query-input":{"@type":"PropertyValueSpecification","valueRequired":true,"valueName":"search_term_string"}}],"inLanguage":"es-AR"},{"@type":"Organization","@id":"https:\/\/tienda.rigelec.com.ar\/#organization","name":"Tienda Rigelec","url":"https:\/\/tienda.rigelec.com.ar\/","logo":{"@type":"ImageObject","inLanguage":"es-AR","@id":"https:\/\/tienda.rigelec.com.ar\/#\/schema\/logo\/image\/","url":"https:\/\/tienda.rigelec.com.ar\/wp-content\/uploads\/2024\/09\/isologo-blanco-rigelec.png","contentUrl":"https:\/\/tienda.rigelec.com.ar\/wp-content\/uploads\/2024\/09\/isologo-blanco-rigelec.png","width":94,"height":97,"caption":"Tienda Rigelec"},"image":{"@id":"https:\/\/tienda.rigelec.com.ar\/#\/schema\/logo\/image\/"}}]}},"jetpack_sharing_enabled":true,"_links":{"self":[{"href":"https:\/\/tienda.rigelec.com.ar\/index.php?rest_route=\/wp\/v2\/product\/31604","targetHints":{"allow":["GET"]}}],"collection":[{"href":"https:\/\/tienda.rigelec.com.ar\/index.php?rest_route=\/wp\/v2\/product"}],"about":[{"href":"https:\/\/tienda.rigelec.com.ar\/index.php?rest_route=\/wp\/v2\/types\/product"}],"replies":[{"embeddable":true,"href":"https:\/\/tienda.rigelec.com.ar\/index.php?rest_route=%2Fwp%2Fv2%2Fcomments&post=31604"}],"wp:featuredmedia":[{"embeddable":true,"href":"https:\/\/tienda.rigelec.com.ar\/index.php?rest_route=\/wp\/v2\/media\/31605"}],"wp:attachment":[{"href":"https:\/\/tienda.rigelec.com.ar\/index.php?rest_route=%2Fwp%2Fv2%2Fmedia&parent=31604"}],"wp:term":[{"taxonomy":"product_brand","embeddable":true,"href":"https:\/\/tienda.rigelec.com.ar\/index.php?rest_route=%2Fwp%2Fv2%2Fproduct_brand&post=31604"},{"taxonomy":"product_cat","embeddable":true,"href":"https:\/\/tienda.rigelec.com.ar\/index.php?rest_route=%2Fwp%2Fv2%2Fproduct_cat&post=31604"},{"taxonomy":"product_tag","embeddable":true,"href":"https:\/\/tienda.rigelec.com.ar\/index.php?rest_route=%2Fwp%2Fv2%2Fproduct_tag&post=31604"}],"curies":[{"name":"wp","href":"https:\/\/api.w.org\/{rel}","templated":true}]}}