{"id":31612,"date":"2025-08-12T11:32:08","date_gmt":"2025-08-12T14:32:08","guid":{"rendered":"https:\/\/tienda.rigelec.com.ar\/?product=guardamotor-magnetotermico-easy-tesys-3p-9-14a"},"modified":"2026-05-01T01:30:15","modified_gmt":"2026-05-01T04:30:15","slug":"guardamotor-magnetotermico-4","status":"publish","type":"product","link":"https:\/\/tienda.rigelec.com.ar\/?product=guardamotor-magnetotermico-4","title":{"rendered":"GUARDAMOTOR MAGNETOTERMICO EASY TESYS 3P- 9-14A"},"content":{"rendered":"<p>GUARDAMOTOR MAGNETOTERMICO<\/p>\n<p data-start=\"138\" data-end=\"194\"><strong data-start=\"138\" data-end=\"192\">GUARDAMOTOR MAGNETOT\u00c9RMICO EASY TESYS \u2013 3P \u2013 9-14A<\/strong><\/p>\n<p data-start=\"196\" data-end=\"452\">El <strong data-start=\"199\" data-end=\"248\">guardamotor magnetot\u00e9rmico EasyPact TVS GZ1 E<\/strong> de Schneider Electric es un <strong data-start=\"277\" data-end=\"328\">interruptor autom\u00e1tico termomagn\u00e9tico trif\u00e1sico<\/strong> de 3 polos, dise\u00f1ado para el <strong data-start=\"358\" data-end=\"396\">control y la protecci\u00f3n de motores<\/strong> seg\u00fan las normas <strong data-start=\"414\" data-end=\"429\">IEC 60947-2<\/strong> e <strong data-start=\"432\" data-end=\"449\">IEC 60947-4-1<\/strong>.<\/p>\n<p data-start=\"454\" data-end=\"641\">Cuenta con un <strong data-start=\"468\" data-end=\"495\">rango de ajuste t\u00e9rmico<\/strong> de <strong data-start=\"499\" data-end=\"510\">9 a 14A<\/strong> y unidad de disparo <strong data-start=\"531\" data-end=\"549\">termomagn\u00e9tica<\/strong>, lo que permite proteger contra <strong data-start=\"582\" data-end=\"597\">sobrecargas<\/strong> y <strong data-start=\"600\" data-end=\"618\">cortocircuitos<\/strong> de manera confiable.<\/p>\n<p data-start=\"643\" data-end=\"923\">Ofrece <strong data-start=\"650\" data-end=\"681\">protecci\u00f3n de gabinete IP41<\/strong> (en GV2 MC1) e <strong data-start=\"697\" data-end=\"705\">IP55<\/strong> (en GV2 MC2), garantizando resistencia frente al polvo y salpicaduras de agua. Su <strong data-start=\"788\" data-end=\"824\">durabilidad el\u00e9ctrica y mec\u00e1nica<\/strong> es de <strong data-start=\"831\" data-end=\"853\">1 mill\u00f3n de ciclos<\/strong>, lo que asegura un uso prolongado incluso en condiciones exigentes.<\/p>\n<p data-start=\"925\" data-end=\"1159\">Se conecta mediante <strong data-start=\"945\" data-end=\"982\">terminales de tornillo de estribo<\/strong>, proporcionando una instalaci\u00f3n firme y segura. Este modelo est\u00e1 disponible a nivel mundial y cumple con <strong data-start=\"1088\" data-end=\"1123\">certificaciones internacionales<\/strong> (IEC, UL, CSA, CCC, EAC, Marine).<\/p>\n<p data-start=\"1161\" data-end=\"1364\">Adem\u00e1s, forma parte de la l\u00ednea <strong data-start=\"1193\" data-end=\"1211\">Green Premium\u2122<\/strong>, que certifica el cumplimiento de regulaciones medioambientales, transparencia sobre el impacto ecol\u00f3gico y dise\u00f1o circular conforme a <strong data-start=\"1347\" data-end=\"1361\">RoHS\/REACH<\/strong>.<\/p>\n","protected":false},"excerpt":{"rendered":"<p>GZ1 E son interruptores autom\u00e1ticos termomagn\u00e9ticos 3d de 3 polos dise\u00f1ados espec\u00edficamente para el control y la protecci\u00f3n de motores conforme a las normas IEC 6947-2 e IEC 6947-4-1. El rango de ajuste de los disparos t\u00e9rmicos es de 9 a 14 A con la unidad de control termomagn\u00e9tica. Proporciona protecci\u00f3n IP 41 en el gabinete GV2 MC1 e IP 55 en el gabinete GV2 MC2. Proporciona fiabilidad y durabilidad est\u00e1ndar con una durabilidad el\u00e9ctrica\/mec\u00e1nica de 1 Mc. Estos interruptores autom\u00e1ticos est\u00e1n dise\u00f1ados para su conexi\u00f3n mediante terminales de tornillo de estribo. Disponible en todo el mundo, cuenta con certificaci\u00f3n de m\u00faltiples est\u00e1ndares (IEC, UL, CSA, CCC, EAC, Mar\u00edtimo) y cumple con Green Premium (RoHs\/Reach).<\/p>\n","protected":false},"featured_media":31613,"comment_status":"open","ping_status":"closed","template":"","meta":{"_monsterinsights_skip_tracking":false,"_monsterinsights_sitenote_active":false,"_monsterinsights_sitenote_note":"","_monsterinsights_sitenote_category":0},"product_brand":[],"product_cat":[335],"product_tag":[450],"class_list":{"0":"post-31612","1":"product","2":"type-product","3":"status-publish","4":"has-post-thumbnail","6":"product_cat-i-relevo","7":"product_tag-schneider","9":"first","10":"instock","11":"shipping-taxable","12":"purchasable","13":"product-type-simple"},"yoast_head":"<!-- This site is optimized with the Yoast SEO plugin v25.3.1 - https:\/\/yoast.com\/wordpress\/plugins\/seo\/ -->\n<title>GUARDAMOTOR MAGNETOTERMICO EASY TESYS 3P- 9-14A - Tienda Rigelec<\/title>\n<meta name=\"description\" content=\"GUARDAMOTOR MAGNETOTERMICO EASY TESYS 3P- 9-14A Tienda Rigelec GUARDAMOTOR MAGNETOTERMICO EASY TESYS 3P- 9-14A GUARDAMOTOR MAGNETOTERMICO\" \/>\n<meta name=\"robots\" content=\"index, follow, max-snippet:-1, max-image-preview:large, max-video-preview:-1\" \/>\n<link rel=\"canonical\" href=\"https:\/\/tienda.rigelec.com.ar\/?product=guardamotor-magnetotermico-4\" \/>\n<meta property=\"og:locale\" content=\"es_ES\" \/>\n<meta property=\"og:type\" content=\"article\" \/>\n<meta property=\"og:title\" content=\"GUARDAMOTOR MAGNETOTERMICO EASY TESYS 3P- 9-14A - Tienda Rigelec\" \/>\n<meta property=\"og:description\" content=\"GUARDAMOTOR MAGNETOTERMICO EASY TESYS 3P- 9-14A Tienda Rigelec GUARDAMOTOR MAGNETOTERMICO EASY TESYS 3P- 9-14A GUARDAMOTOR MAGNETOTERMICO\" \/>\n<meta property=\"og:url\" content=\"https:\/\/tienda.rigelec.com.ar\/?product=guardamotor-magnetotermico-4\" \/>\n<meta property=\"og:site_name\" content=\"Tienda Rigelec\" \/>\n<meta property=\"article:modified_time\" content=\"2026-05-01T04:30:15+00:00\" \/>\n<meta property=\"og:image\" content=\"https:\/\/tienda.rigelec.com.ar\/wp-content\/uploads\/2025\/08\/GUARDAMOTORMAGNETOTERMICO-3.jpg\" \/>\n\t<meta property=\"og:image:width\" content=\"1080\" \/>\n\t<meta property=\"og:image:height\" content=\"1080\" \/>\n\t<meta property=\"og:image:type\" content=\"image\/jpeg\" \/>\n<meta name=\"twitter:card\" content=\"summary_large_image\" \/>\n<meta name=\"twitter:label1\" content=\"Tiempo de lectura\" \/>\n\t<meta name=\"twitter:data1\" content=\"1 minuto\" \/>\n<script type=\"application\/ld+json\" class=\"yoast-schema-graph\">{\"@context\":\"https:\/\/schema.org\",\"@graph\":[{\"@type\":\"WebPage\",\"@id\":\"https:\/\/tienda.rigelec.com.ar\/?product=guardamotor-magnetotermico-4\",\"url\":\"https:\/\/tienda.rigelec.com.ar\/?product=guardamotor-magnetotermico-4\",\"name\":\"GUARDAMOTOR MAGNETOTERMICO EASY TESYS 3P- 9-14A - Tienda Rigelec\",\"isPartOf\":{\"@id\":\"https:\/\/tienda.rigelec.com.ar\/#website\"},\"primaryImageOfPage\":{\"@id\":\"https:\/\/tienda.rigelec.com.ar\/?product=guardamotor-magnetotermico-4#primaryimage\"},\"image\":{\"@id\":\"https:\/\/tienda.rigelec.com.ar\/?product=guardamotor-magnetotermico-4#primaryimage\"},\"thumbnailUrl\":\"https:\/\/tienda.rigelec.com.ar\/wp-content\/uploads\/2025\/08\/GUARDAMOTORMAGNETOTERMICO-3.jpg\",\"datePublished\":\"2025-08-12T14:32:08+00:00\",\"dateModified\":\"2026-05-01T04:30:15+00:00\",\"description\":\"GUARDAMOTOR MAGNETOTERMICO EASY TESYS 3P- 9-14A Tienda Rigelec GUARDAMOTOR MAGNETOTERMICO EASY TESYS 3P- 9-14A GUARDAMOTOR MAGNETOTERMICO\",\"breadcrumb\":{\"@id\":\"https:\/\/tienda.rigelec.com.ar\/?product=guardamotor-magnetotermico-4#breadcrumb\"},\"inLanguage\":\"es-AR\",\"potentialAction\":[{\"@type\":\"ReadAction\",\"target\":[\"https:\/\/tienda.rigelec.com.ar\/?product=guardamotor-magnetotermico-4\"]}]},{\"@type\":\"ImageObject\",\"inLanguage\":\"es-AR\",\"@id\":\"https:\/\/tienda.rigelec.com.ar\/?product=guardamotor-magnetotermico-4#primaryimage\",\"url\":\"https:\/\/tienda.rigelec.com.ar\/wp-content\/uploads\/2025\/08\/GUARDAMOTORMAGNETOTERMICO-3.jpg\",\"contentUrl\":\"https:\/\/tienda.rigelec.com.ar\/wp-content\/uploads\/2025\/08\/GUARDAMOTORMAGNETOTERMICO-3.jpg\",\"width\":1080,\"height\":1080},{\"@type\":\"BreadcrumbList\",\"@id\":\"https:\/\/tienda.rigelec.com.ar\/?product=guardamotor-magnetotermico-4#breadcrumb\",\"itemListElement\":[{\"@type\":\"ListItem\",\"position\":1,\"name\":\"Inicio\",\"item\":\"https:\/\/tienda.rigelec.com.ar\/\"},{\"@type\":\"ListItem\",\"position\":2,\"name\":\"Shop\",\"item\":\"https:\/\/tienda.rigelec.com.ar\/?page_id=12\"},{\"@type\":\"ListItem\",\"position\":3,\"name\":\"GUARDAMOTOR MAGNETOTERMICO EASY TESYS 3P- 9-14A\"}]},{\"@type\":\"WebSite\",\"@id\":\"https:\/\/tienda.rigelec.com.ar\/#website\",\"url\":\"https:\/\/tienda.rigelec.com.ar\/\",\"name\":\"Tienda Rigelec\",\"description\":\"Energia en movimiento\",\"publisher\":{\"@id\":\"https:\/\/tienda.rigelec.com.ar\/#organization\"},\"potentialAction\":[{\"@type\":\"SearchAction\",\"target\":{\"@type\":\"EntryPoint\",\"urlTemplate\":\"https:\/\/tienda.rigelec.com.ar\/?s={search_term_string}\"},\"query-input\":{\"@type\":\"PropertyValueSpecification\",\"valueRequired\":true,\"valueName\":\"search_term_string\"}}],\"inLanguage\":\"es-AR\"},{\"@type\":\"Organization\",\"@id\":\"https:\/\/tienda.rigelec.com.ar\/#organization\",\"name\":\"Tienda Rigelec\",\"url\":\"https:\/\/tienda.rigelec.com.ar\/\",\"logo\":{\"@type\":\"ImageObject\",\"inLanguage\":\"es-AR\",\"@id\":\"https:\/\/tienda.rigelec.com.ar\/#\/schema\/logo\/image\/\",\"url\":\"https:\/\/tienda.rigelec.com.ar\/wp-content\/uploads\/2024\/09\/isologo-blanco-rigelec.png\",\"contentUrl\":\"https:\/\/tienda.rigelec.com.ar\/wp-content\/uploads\/2024\/09\/isologo-blanco-rigelec.png\",\"width\":94,\"height\":97,\"caption\":\"Tienda Rigelec\"},\"image\":{\"@id\":\"https:\/\/tienda.rigelec.com.ar\/#\/schema\/logo\/image\/\"}}]}<\/script>\n<!-- \/ Yoast SEO plugin. -->","yoast_head_json":{"title":"GUARDAMOTOR MAGNETOTERMICO EASY TESYS 3P- 9-14A - Tienda Rigelec","description":"GUARDAMOTOR MAGNETOTERMICO EASY TESYS 3P- 9-14A Tienda Rigelec GUARDAMOTOR MAGNETOTERMICO EASY TESYS 3P- 9-14A GUARDAMOTOR MAGNETOTERMICO","robots":{"index":"index","follow":"follow","max-snippet":"max-snippet:-1","max-image-preview":"max-image-preview:large","max-video-preview":"max-video-preview:-1"},"canonical":"https:\/\/tienda.rigelec.com.ar\/?product=guardamotor-magnetotermico-4","og_locale":"es_ES","og_type":"article","og_title":"GUARDAMOTOR MAGNETOTERMICO EASY TESYS 3P- 9-14A - Tienda Rigelec","og_description":"GUARDAMOTOR MAGNETOTERMICO EASY TESYS 3P- 9-14A Tienda Rigelec GUARDAMOTOR MAGNETOTERMICO EASY TESYS 3P- 9-14A GUARDAMOTOR MAGNETOTERMICO","og_url":"https:\/\/tienda.rigelec.com.ar\/?product=guardamotor-magnetotermico-4","og_site_name":"Tienda Rigelec","article_modified_time":"2026-05-01T04:30:15+00:00","og_image":[{"width":1080,"height":1080,"url":"https:\/\/tienda.rigelec.com.ar\/wp-content\/uploads\/2025\/08\/GUARDAMOTORMAGNETOTERMICO-3.jpg","type":"image\/jpeg"}],"twitter_card":"summary_large_image","twitter_misc":{"Tiempo de lectura":"1 minuto"},"schema":{"@context":"https:\/\/schema.org","@graph":[{"@type":"WebPage","@id":"https:\/\/tienda.rigelec.com.ar\/?product=guardamotor-magnetotermico-4","url":"https:\/\/tienda.rigelec.com.ar\/?product=guardamotor-magnetotermico-4","name":"GUARDAMOTOR MAGNETOTERMICO EASY TESYS 3P- 9-14A - Tienda Rigelec","isPartOf":{"@id":"https:\/\/tienda.rigelec.com.ar\/#website"},"primaryImageOfPage":{"@id":"https:\/\/tienda.rigelec.com.ar\/?product=guardamotor-magnetotermico-4#primaryimage"},"image":{"@id":"https:\/\/tienda.rigelec.com.ar\/?product=guardamotor-magnetotermico-4#primaryimage"},"thumbnailUrl":"https:\/\/tienda.rigelec.com.ar\/wp-content\/uploads\/2025\/08\/GUARDAMOTORMAGNETOTERMICO-3.jpg","datePublished":"2025-08-12T14:32:08+00:00","dateModified":"2026-05-01T04:30:15+00:00","description":"GUARDAMOTOR MAGNETOTERMICO EASY TESYS 3P- 9-14A Tienda Rigelec GUARDAMOTOR MAGNETOTERMICO EASY TESYS 3P- 9-14A GUARDAMOTOR MAGNETOTERMICO","breadcrumb":{"@id":"https:\/\/tienda.rigelec.com.ar\/?product=guardamotor-magnetotermico-4#breadcrumb"},"inLanguage":"es-AR","potentialAction":[{"@type":"ReadAction","target":["https:\/\/tienda.rigelec.com.ar\/?product=guardamotor-magnetotermico-4"]}]},{"@type":"ImageObject","inLanguage":"es-AR","@id":"https:\/\/tienda.rigelec.com.ar\/?product=guardamotor-magnetotermico-4#primaryimage","url":"https:\/\/tienda.rigelec.com.ar\/wp-content\/uploads\/2025\/08\/GUARDAMOTORMAGNETOTERMICO-3.jpg","contentUrl":"https:\/\/tienda.rigelec.com.ar\/wp-content\/uploads\/2025\/08\/GUARDAMOTORMAGNETOTERMICO-3.jpg","width":1080,"height":1080},{"@type":"BreadcrumbList","@id":"https:\/\/tienda.rigelec.com.ar\/?product=guardamotor-magnetotermico-4#breadcrumb","itemListElement":[{"@type":"ListItem","position":1,"name":"Inicio","item":"https:\/\/tienda.rigelec.com.ar\/"},{"@type":"ListItem","position":2,"name":"Shop","item":"https:\/\/tienda.rigelec.com.ar\/?page_id=12"},{"@type":"ListItem","position":3,"name":"GUARDAMOTOR MAGNETOTERMICO EASY TESYS 3P- 9-14A"}]},{"@type":"WebSite","@id":"https:\/\/tienda.rigelec.com.ar\/#website","url":"https:\/\/tienda.rigelec.com.ar\/","name":"Tienda Rigelec","description":"Energia en movimiento","publisher":{"@id":"https:\/\/tienda.rigelec.com.ar\/#organization"},"potentialAction":[{"@type":"SearchAction","target":{"@type":"EntryPoint","urlTemplate":"https:\/\/tienda.rigelec.com.ar\/?s={search_term_string}"},"query-input":{"@type":"PropertyValueSpecification","valueRequired":true,"valueName":"search_term_string"}}],"inLanguage":"es-AR"},{"@type":"Organization","@id":"https:\/\/tienda.rigelec.com.ar\/#organization","name":"Tienda Rigelec","url":"https:\/\/tienda.rigelec.com.ar\/","logo":{"@type":"ImageObject","inLanguage":"es-AR","@id":"https:\/\/tienda.rigelec.com.ar\/#\/schema\/logo\/image\/","url":"https:\/\/tienda.rigelec.com.ar\/wp-content\/uploads\/2024\/09\/isologo-blanco-rigelec.png","contentUrl":"https:\/\/tienda.rigelec.com.ar\/wp-content\/uploads\/2024\/09\/isologo-blanco-rigelec.png","width":94,"height":97,"caption":"Tienda Rigelec"},"image":{"@id":"https:\/\/tienda.rigelec.com.ar\/#\/schema\/logo\/image\/"}}]}},"jetpack_sharing_enabled":true,"_links":{"self":[{"href":"https:\/\/tienda.rigelec.com.ar\/index.php?rest_route=\/wp\/v2\/product\/31612","targetHints":{"allow":["GET"]}}],"collection":[{"href":"https:\/\/tienda.rigelec.com.ar\/index.php?rest_route=\/wp\/v2\/product"}],"about":[{"href":"https:\/\/tienda.rigelec.com.ar\/index.php?rest_route=\/wp\/v2\/types\/product"}],"replies":[{"embeddable":true,"href":"https:\/\/tienda.rigelec.com.ar\/index.php?rest_route=%2Fwp%2Fv2%2Fcomments&post=31612"}],"wp:featuredmedia":[{"embeddable":true,"href":"https:\/\/tienda.rigelec.com.ar\/index.php?rest_route=\/wp\/v2\/media\/31613"}],"wp:attachment":[{"href":"https:\/\/tienda.rigelec.com.ar\/index.php?rest_route=%2Fwp%2Fv2%2Fmedia&parent=31612"}],"wp:term":[{"taxonomy":"product_brand","embeddable":true,"href":"https:\/\/tienda.rigelec.com.ar\/index.php?rest_route=%2Fwp%2Fv2%2Fproduct_brand&post=31612"},{"taxonomy":"product_cat","embeddable":true,"href":"https:\/\/tienda.rigelec.com.ar\/index.php?rest_route=%2Fwp%2Fv2%2Fproduct_cat&post=31612"},{"taxonomy":"product_tag","embeddable":true,"href":"https:\/\/tienda.rigelec.com.ar\/index.php?rest_route=%2Fwp%2Fv2%2Fproduct_tag&post=31612"}],"curies":[{"name":"wp","href":"https:\/\/api.w.org\/{rel}","templated":true}]}}