{"id":31614,"date":"2025-08-12T11:32:09","date_gmt":"2025-08-12T14:32:09","guid":{"rendered":"https:\/\/tienda.rigelec.com.ar\/?product=guardamotor-magnetotermico-easy-tesys-3p-13-18a"},"modified":"2026-05-01T01:31:18","modified_gmt":"2026-05-01T04:31:18","slug":"guardamotor-magnetotermico-5","status":"publish","type":"product","link":"https:\/\/tienda.rigelec.com.ar\/?product=guardamotor-magnetotermico-5","title":{"rendered":"GUARDAMOTOR MAGNETOTERMICO EASY TESYS 3P- 13-18A"},"content":{"rendered":"<p>GUARDAMOTOR MAGNETOTERMICO<\/p>\n<p data-start=\"148\" data-end=\"205\"><strong data-start=\"148\" data-end=\"203\">GUARDAMOTOR MAGNETOT\u00c9RMICO EASY TESYS \u2013 3P \u2013 13-18A<\/strong><\/p>\n<p data-start=\"207\" data-end=\"457\">El <strong data-start=\"210\" data-end=\"259\">guardamotor magnetot\u00e9rmico EasyPact TVS GZ1 E<\/strong> de Schneider Electric es un <strong data-start=\"288\" data-end=\"328\">interruptor termomagn\u00e9tico trif\u00e1sico<\/strong> de 3 polos, dise\u00f1ado para el <strong data-start=\"358\" data-end=\"396\">control y la protecci\u00f3n de motores<\/strong> conforme a las normas <strong data-start=\"419\" data-end=\"434\">IEC 60947-2<\/strong> e <strong data-start=\"437\" data-end=\"454\">IEC 60947-4-1<\/strong>.<\/p>\n<p data-start=\"459\" data-end=\"635\">Cuenta con un <strong data-start=\"473\" data-end=\"500\">rango de ajuste t\u00e9rmico<\/strong> de <strong data-start=\"504\" data-end=\"516\">13 a 18A<\/strong> y unidad de disparo <strong data-start=\"537\" data-end=\"555\">termomagn\u00e9tica<\/strong>, ofreciendo protecci\u00f3n confiable contra <strong data-start=\"596\" data-end=\"611\">sobrecargas<\/strong> y <strong data-start=\"614\" data-end=\"632\">cortocircuitos<\/strong>.<\/p>\n<p data-start=\"637\" data-end=\"898\">Proporciona <strong data-start=\"649\" data-end=\"680\">protecci\u00f3n de gabinete IP41<\/strong> (en GV2 MC1) e <strong data-start=\"696\" data-end=\"704\">IP55<\/strong> (en GV2 MC2), asegurando resistencia frente a polvo y salpicaduras. Su durabilidad el\u00e9ctrica y mec\u00e1nica es de <strong data-start=\"815\" data-end=\"841\">0,1 millones de ciclos<\/strong>, garantizando un uso prolongado en entornos exigentes.<\/p>\n<p data-start=\"900\" data-end=\"1159\">La conexi\u00f3n se realiza mediante <strong data-start=\"932\" data-end=\"974\">terminales con abrazaderas de tornillo<\/strong>, asegurando firmeza y seguridad en la instalaci\u00f3n. Este guardamotor est\u00e1 disponible a nivel mundial y cumple con <strong data-start=\"1088\" data-end=\"1123\">certificaciones internacionales<\/strong> (IEC, UL, CSA, CCC, EAC, Marine).<\/p>\n<p data-start=\"1161\" data-end=\"1359\">Adem\u00e1s, pertenece a la l\u00ednea <strong data-start=\"1190\" data-end=\"1208\">Green Premium\u2122<\/strong>, que certifica cumplimiento con regulaciones medioambientales, transparencia sobre el impacto ecol\u00f3gico y dise\u00f1o circular conforme a <strong data-start=\"1342\" data-end=\"1356\">RoHS\/REACH<\/strong>.<\/p>\n","protected":false},"excerpt":{"rendered":"<p>GZ1 E son interruptores termomagn\u00e9ticos 3d de 3 polos dise\u00f1ados espec\u00edficamente para el control y la protecci\u00f3n de motores de conformidad con las normas IEC 60947-2 e IEC 60947-4-1. El rango de ajuste de los disparos t\u00e9rmicos es de 13-18A con unidad de disparo termomagn\u00e9tica. Proporciona protecci\u00f3n de gabinete IP 41 en GV2 MC1 e IP 55 en GV2 MC2. Proporciona confiabilidad y durabilidad est\u00e1ndar con una durabilidad el\u00e9ctrica\/mec\u00e1nica de .1 Mciclos. Estos interruptores autom\u00e1ticos est\u00e1n dise\u00f1ados para ser conectados mediante terminales con abrazaderas de tornillo. Disponible en todo el mundo, cumple con m\u00faltiples est\u00e1ndares (IEC, UL, CSA, CCC, EAC, Marine) y Green Premium (RoHs\/Reach).<\/p>\n","protected":false},"featured_media":31615,"comment_status":"open","ping_status":"closed","template":"","meta":{"_monsterinsights_skip_tracking":false,"_monsterinsights_sitenote_active":false,"_monsterinsights_sitenote_note":"","_monsterinsights_sitenote_category":0},"product_brand":[],"product_cat":[335],"product_tag":[450],"class_list":{"0":"post-31614","1":"product","2":"type-product","3":"status-publish","4":"has-post-thumbnail","6":"product_cat-i-relevo","7":"product_tag-schneider","9":"first","10":"instock","11":"shipping-taxable","12":"purchasable","13":"product-type-simple"},"yoast_head":"<!-- This site is optimized with the Yoast SEO plugin v25.3.1 - https:\/\/yoast.com\/wordpress\/plugins\/seo\/ -->\n<title>GUARDAMOTOR MAGNETOTERMICO EASY TESYS 3P- 13-18A - Tienda Rigelec<\/title>\n<meta name=\"description\" content=\"GUARDAMOTOR MAGNETOTERMICO EASY TESYS 3P- 13-18A Tienda Rigelec GUARDAMOTOR MAGNETOTERMICO EASY TESYS 3P- 13-18A GUARDAMOTOR MAGNETOTERMICO\" \/>\n<meta name=\"robots\" content=\"index, follow, max-snippet:-1, max-image-preview:large, max-video-preview:-1\" \/>\n<link rel=\"canonical\" href=\"https:\/\/tienda.rigelec.com.ar\/?product=guardamotor-magnetotermico-5\" \/>\n<meta property=\"og:locale\" content=\"es_ES\" \/>\n<meta property=\"og:type\" content=\"article\" \/>\n<meta property=\"og:title\" content=\"GUARDAMOTOR MAGNETOTERMICO EASY TESYS 3P- 13-18A - Tienda Rigelec\" \/>\n<meta property=\"og:description\" content=\"GUARDAMOTOR MAGNETOTERMICO EASY TESYS 3P- 13-18A Tienda Rigelec GUARDAMOTOR MAGNETOTERMICO EASY TESYS 3P- 13-18A GUARDAMOTOR MAGNETOTERMICO\" \/>\n<meta property=\"og:url\" content=\"https:\/\/tienda.rigelec.com.ar\/?product=guardamotor-magnetotermico-5\" \/>\n<meta property=\"og:site_name\" content=\"Tienda Rigelec\" \/>\n<meta property=\"article:modified_time\" content=\"2026-05-01T04:31:18+00:00\" \/>\n<meta property=\"og:image\" content=\"https:\/\/tienda.rigelec.com.ar\/wp-content\/uploads\/2025\/08\/GUARDAMOTORMAGNETOTERMICO-4.jpg\" \/>\n\t<meta property=\"og:image:width\" content=\"1080\" \/>\n\t<meta property=\"og:image:height\" content=\"1080\" \/>\n\t<meta property=\"og:image:type\" content=\"image\/jpeg\" \/>\n<meta name=\"twitter:card\" content=\"summary_large_image\" \/>\n<meta name=\"twitter:label1\" content=\"Tiempo de lectura\" \/>\n\t<meta name=\"twitter:data1\" content=\"1 minuto\" \/>\n<script type=\"application\/ld+json\" class=\"yoast-schema-graph\">{\"@context\":\"https:\/\/schema.org\",\"@graph\":[{\"@type\":\"WebPage\",\"@id\":\"https:\/\/tienda.rigelec.com.ar\/?product=guardamotor-magnetotermico-5\",\"url\":\"https:\/\/tienda.rigelec.com.ar\/?product=guardamotor-magnetotermico-5\",\"name\":\"GUARDAMOTOR MAGNETOTERMICO EASY TESYS 3P- 13-18A - Tienda Rigelec\",\"isPartOf\":{\"@id\":\"https:\/\/tienda.rigelec.com.ar\/#website\"},\"primaryImageOfPage\":{\"@id\":\"https:\/\/tienda.rigelec.com.ar\/?product=guardamotor-magnetotermico-5#primaryimage\"},\"image\":{\"@id\":\"https:\/\/tienda.rigelec.com.ar\/?product=guardamotor-magnetotermico-5#primaryimage\"},\"thumbnailUrl\":\"https:\/\/tienda.rigelec.com.ar\/wp-content\/uploads\/2025\/08\/GUARDAMOTORMAGNETOTERMICO-4.jpg\",\"datePublished\":\"2025-08-12T14:32:09+00:00\",\"dateModified\":\"2026-05-01T04:31:18+00:00\",\"description\":\"GUARDAMOTOR MAGNETOTERMICO EASY TESYS 3P- 13-18A Tienda Rigelec GUARDAMOTOR MAGNETOTERMICO EASY TESYS 3P- 13-18A GUARDAMOTOR MAGNETOTERMICO\",\"breadcrumb\":{\"@id\":\"https:\/\/tienda.rigelec.com.ar\/?product=guardamotor-magnetotermico-5#breadcrumb\"},\"inLanguage\":\"es-AR\",\"potentialAction\":[{\"@type\":\"ReadAction\",\"target\":[\"https:\/\/tienda.rigelec.com.ar\/?product=guardamotor-magnetotermico-5\"]}]},{\"@type\":\"ImageObject\",\"inLanguage\":\"es-AR\",\"@id\":\"https:\/\/tienda.rigelec.com.ar\/?product=guardamotor-magnetotermico-5#primaryimage\",\"url\":\"https:\/\/tienda.rigelec.com.ar\/wp-content\/uploads\/2025\/08\/GUARDAMOTORMAGNETOTERMICO-4.jpg\",\"contentUrl\":\"https:\/\/tienda.rigelec.com.ar\/wp-content\/uploads\/2025\/08\/GUARDAMOTORMAGNETOTERMICO-4.jpg\",\"width\":1080,\"height\":1080},{\"@type\":\"BreadcrumbList\",\"@id\":\"https:\/\/tienda.rigelec.com.ar\/?product=guardamotor-magnetotermico-5#breadcrumb\",\"itemListElement\":[{\"@type\":\"ListItem\",\"position\":1,\"name\":\"Inicio\",\"item\":\"https:\/\/tienda.rigelec.com.ar\/\"},{\"@type\":\"ListItem\",\"position\":2,\"name\":\"Shop\",\"item\":\"https:\/\/tienda.rigelec.com.ar\/?page_id=12\"},{\"@type\":\"ListItem\",\"position\":3,\"name\":\"GUARDAMOTOR MAGNETOTERMICO EASY TESYS 3P- 13-18A\"}]},{\"@type\":\"WebSite\",\"@id\":\"https:\/\/tienda.rigelec.com.ar\/#website\",\"url\":\"https:\/\/tienda.rigelec.com.ar\/\",\"name\":\"Tienda Rigelec\",\"description\":\"Energia en movimiento\",\"publisher\":{\"@id\":\"https:\/\/tienda.rigelec.com.ar\/#organization\"},\"potentialAction\":[{\"@type\":\"SearchAction\",\"target\":{\"@type\":\"EntryPoint\",\"urlTemplate\":\"https:\/\/tienda.rigelec.com.ar\/?s={search_term_string}\"},\"query-input\":{\"@type\":\"PropertyValueSpecification\",\"valueRequired\":true,\"valueName\":\"search_term_string\"}}],\"inLanguage\":\"es-AR\"},{\"@type\":\"Organization\",\"@id\":\"https:\/\/tienda.rigelec.com.ar\/#organization\",\"name\":\"Tienda Rigelec\",\"url\":\"https:\/\/tienda.rigelec.com.ar\/\",\"logo\":{\"@type\":\"ImageObject\",\"inLanguage\":\"es-AR\",\"@id\":\"https:\/\/tienda.rigelec.com.ar\/#\/schema\/logo\/image\/\",\"url\":\"https:\/\/tienda.rigelec.com.ar\/wp-content\/uploads\/2024\/09\/isologo-blanco-rigelec.png\",\"contentUrl\":\"https:\/\/tienda.rigelec.com.ar\/wp-content\/uploads\/2024\/09\/isologo-blanco-rigelec.png\",\"width\":94,\"height\":97,\"caption\":\"Tienda Rigelec\"},\"image\":{\"@id\":\"https:\/\/tienda.rigelec.com.ar\/#\/schema\/logo\/image\/\"}}]}<\/script>\n<!-- \/ Yoast SEO plugin. -->","yoast_head_json":{"title":"GUARDAMOTOR MAGNETOTERMICO EASY TESYS 3P- 13-18A - Tienda Rigelec","description":"GUARDAMOTOR MAGNETOTERMICO EASY TESYS 3P- 13-18A Tienda Rigelec GUARDAMOTOR MAGNETOTERMICO EASY TESYS 3P- 13-18A GUARDAMOTOR MAGNETOTERMICO","robots":{"index":"index","follow":"follow","max-snippet":"max-snippet:-1","max-image-preview":"max-image-preview:large","max-video-preview":"max-video-preview:-1"},"canonical":"https:\/\/tienda.rigelec.com.ar\/?product=guardamotor-magnetotermico-5","og_locale":"es_ES","og_type":"article","og_title":"GUARDAMOTOR MAGNETOTERMICO EASY TESYS 3P- 13-18A - Tienda Rigelec","og_description":"GUARDAMOTOR MAGNETOTERMICO EASY TESYS 3P- 13-18A Tienda Rigelec GUARDAMOTOR MAGNETOTERMICO EASY TESYS 3P- 13-18A GUARDAMOTOR MAGNETOTERMICO","og_url":"https:\/\/tienda.rigelec.com.ar\/?product=guardamotor-magnetotermico-5","og_site_name":"Tienda Rigelec","article_modified_time":"2026-05-01T04:31:18+00:00","og_image":[{"width":1080,"height":1080,"url":"https:\/\/tienda.rigelec.com.ar\/wp-content\/uploads\/2025\/08\/GUARDAMOTORMAGNETOTERMICO-4.jpg","type":"image\/jpeg"}],"twitter_card":"summary_large_image","twitter_misc":{"Tiempo de lectura":"1 minuto"},"schema":{"@context":"https:\/\/schema.org","@graph":[{"@type":"WebPage","@id":"https:\/\/tienda.rigelec.com.ar\/?product=guardamotor-magnetotermico-5","url":"https:\/\/tienda.rigelec.com.ar\/?product=guardamotor-magnetotermico-5","name":"GUARDAMOTOR MAGNETOTERMICO EASY TESYS 3P- 13-18A - Tienda Rigelec","isPartOf":{"@id":"https:\/\/tienda.rigelec.com.ar\/#website"},"primaryImageOfPage":{"@id":"https:\/\/tienda.rigelec.com.ar\/?product=guardamotor-magnetotermico-5#primaryimage"},"image":{"@id":"https:\/\/tienda.rigelec.com.ar\/?product=guardamotor-magnetotermico-5#primaryimage"},"thumbnailUrl":"https:\/\/tienda.rigelec.com.ar\/wp-content\/uploads\/2025\/08\/GUARDAMOTORMAGNETOTERMICO-4.jpg","datePublished":"2025-08-12T14:32:09+00:00","dateModified":"2026-05-01T04:31:18+00:00","description":"GUARDAMOTOR MAGNETOTERMICO EASY TESYS 3P- 13-18A Tienda Rigelec GUARDAMOTOR MAGNETOTERMICO EASY TESYS 3P- 13-18A GUARDAMOTOR MAGNETOTERMICO","breadcrumb":{"@id":"https:\/\/tienda.rigelec.com.ar\/?product=guardamotor-magnetotermico-5#breadcrumb"},"inLanguage":"es-AR","potentialAction":[{"@type":"ReadAction","target":["https:\/\/tienda.rigelec.com.ar\/?product=guardamotor-magnetotermico-5"]}]},{"@type":"ImageObject","inLanguage":"es-AR","@id":"https:\/\/tienda.rigelec.com.ar\/?product=guardamotor-magnetotermico-5#primaryimage","url":"https:\/\/tienda.rigelec.com.ar\/wp-content\/uploads\/2025\/08\/GUARDAMOTORMAGNETOTERMICO-4.jpg","contentUrl":"https:\/\/tienda.rigelec.com.ar\/wp-content\/uploads\/2025\/08\/GUARDAMOTORMAGNETOTERMICO-4.jpg","width":1080,"height":1080},{"@type":"BreadcrumbList","@id":"https:\/\/tienda.rigelec.com.ar\/?product=guardamotor-magnetotermico-5#breadcrumb","itemListElement":[{"@type":"ListItem","position":1,"name":"Inicio","item":"https:\/\/tienda.rigelec.com.ar\/"},{"@type":"ListItem","position":2,"name":"Shop","item":"https:\/\/tienda.rigelec.com.ar\/?page_id=12"},{"@type":"ListItem","position":3,"name":"GUARDAMOTOR MAGNETOTERMICO EASY TESYS 3P- 13-18A"}]},{"@type":"WebSite","@id":"https:\/\/tienda.rigelec.com.ar\/#website","url":"https:\/\/tienda.rigelec.com.ar\/","name":"Tienda Rigelec","description":"Energia en movimiento","publisher":{"@id":"https:\/\/tienda.rigelec.com.ar\/#organization"},"potentialAction":[{"@type":"SearchAction","target":{"@type":"EntryPoint","urlTemplate":"https:\/\/tienda.rigelec.com.ar\/?s={search_term_string}"},"query-input":{"@type":"PropertyValueSpecification","valueRequired":true,"valueName":"search_term_string"}}],"inLanguage":"es-AR"},{"@type":"Organization","@id":"https:\/\/tienda.rigelec.com.ar\/#organization","name":"Tienda Rigelec","url":"https:\/\/tienda.rigelec.com.ar\/","logo":{"@type":"ImageObject","inLanguage":"es-AR","@id":"https:\/\/tienda.rigelec.com.ar\/#\/schema\/logo\/image\/","url":"https:\/\/tienda.rigelec.com.ar\/wp-content\/uploads\/2024\/09\/isologo-blanco-rigelec.png","contentUrl":"https:\/\/tienda.rigelec.com.ar\/wp-content\/uploads\/2024\/09\/isologo-blanco-rigelec.png","width":94,"height":97,"caption":"Tienda Rigelec"},"image":{"@id":"https:\/\/tienda.rigelec.com.ar\/#\/schema\/logo\/image\/"}}]}},"jetpack_sharing_enabled":true,"_links":{"self":[{"href":"https:\/\/tienda.rigelec.com.ar\/index.php?rest_route=\/wp\/v2\/product\/31614","targetHints":{"allow":["GET"]}}],"collection":[{"href":"https:\/\/tienda.rigelec.com.ar\/index.php?rest_route=\/wp\/v2\/product"}],"about":[{"href":"https:\/\/tienda.rigelec.com.ar\/index.php?rest_route=\/wp\/v2\/types\/product"}],"replies":[{"embeddable":true,"href":"https:\/\/tienda.rigelec.com.ar\/index.php?rest_route=%2Fwp%2Fv2%2Fcomments&post=31614"}],"wp:featuredmedia":[{"embeddable":true,"href":"https:\/\/tienda.rigelec.com.ar\/index.php?rest_route=\/wp\/v2\/media\/31615"}],"wp:attachment":[{"href":"https:\/\/tienda.rigelec.com.ar\/index.php?rest_route=%2Fwp%2Fv2%2Fmedia&parent=31614"}],"wp:term":[{"taxonomy":"product_brand","embeddable":true,"href":"https:\/\/tienda.rigelec.com.ar\/index.php?rest_route=%2Fwp%2Fv2%2Fproduct_brand&post=31614"},{"taxonomy":"product_cat","embeddable":true,"href":"https:\/\/tienda.rigelec.com.ar\/index.php?rest_route=%2Fwp%2Fv2%2Fproduct_cat&post=31614"},{"taxonomy":"product_tag","embeddable":true,"href":"https:\/\/tienda.rigelec.com.ar\/index.php?rest_route=%2Fwp%2Fv2%2Fproduct_tag&post=31614"}],"curies":[{"name":"wp","href":"https:\/\/api.w.org\/{rel}","templated":true}]}}