{"id":31630,"date":"2025-08-12T11:44:03","date_gmt":"2025-08-12T14:44:03","guid":{"rendered":"https:\/\/tienda.rigelec.com.ar\/?product=bloque-contactos-auxiliares-easy-tesys-1-69vca-2nc"},"modified":"2026-05-01T01:46:30","modified_gmt":"2026-05-01T04:46:30","slug":"bloque-contactos-4","status":"publish","type":"product","link":"https:\/\/tienda.rigelec.com.ar\/?product=bloque-contactos-4","title":{"rendered":"BLOQUE CONTACTOS AUXILIARES EASY TESYS 1-69VCA &#8211; 2NC"},"content":{"rendered":"<p>BLOQUE CONTACTOS AUXILIARES<\/p>\n<p data-start=\"172\" data-end=\"232\"><strong data-start=\"172\" data-end=\"230\">BLOQUE CONTACTOS AUXILIARES EASY TESYS \u2013 1-69VCA \u2013 2NC<\/strong><\/p>\n<p data-start=\"234\" data-end=\"557\">El <strong data-start=\"237\" data-end=\"284\">bloque de contactos auxiliares EasyPact TVS<\/strong> de Schneider Electric es un accesorio dise\u00f1ado para <strong data-start=\"337\" data-end=\"357\">contactores LC1E<\/strong>. Ofrece <strong data-start=\"366\" data-end=\"397\">2 contactos instant\u00e1neos NC<\/strong> con capacidad nominal de hasta <strong data-start=\"429\" data-end=\"446\">10A \u2013 690V CA<\/strong>, conectados mediante <strong data-start=\"468\" data-end=\"508\">terminales de abrazadera de tornillo<\/strong> para garantizar una conexi\u00f3n segura y estable.<\/p>\n<p data-start=\"559\" data-end=\"714\">Gracias a sus <strong data-start=\"573\" data-end=\"617\">contactos de espejo con certificaci\u00f3n NC<\/strong>, es apto para <strong data-start=\"632\" data-end=\"661\">aplicaciones de seguridad<\/strong>, brindando fiabilidad y precisi\u00f3n en la operaci\u00f3n.<\/p>\n<p data-start=\"716\" data-end=\"957\">Su montaje es <strong data-start=\"730\" data-end=\"750\">frontal con clip<\/strong>, lo que facilita una instalaci\u00f3n r\u00e1pida y sin necesidad de herramientas especiales. Este bloque auxiliar est\u00e1 fabricado para ofrecer <strong data-start=\"884\" data-end=\"904\">alta durabilidad<\/strong>, soportando un uso continuo en entornos exigentes.<\/p>\n<p data-start=\"959\" data-end=\"1308\">Cumple con <strong data-start=\"970\" data-end=\"1005\">certificaciones internacionales<\/strong> (IEC, UL, CSA, CCC, EAC, Marine), lo que asegura su compatibilidad en diferentes mercados. Adem\u00e1s, pertenece a la l\u00ednea <strong data-start=\"1126\" data-end=\"1144\">Green Premium\u2122<\/strong>, que garantiza cumplimiento con normativas ambientales vigentes, transparencia sobre el impacto ecol\u00f3gico y productos circulares seg\u00fan directivas <strong data-start=\"1291\" data-end=\"1305\">RoHS\/REACH<\/strong>.<\/p>\n","protected":false},"excerpt":{"rendered":"<p>Bloque de contactos auxiliar complementario para contactores EasyPact TVS LC1E. Proporciona contactos instant\u00e1neos de 2NC con una clasificaci\u00f3n de hasta 10A 690V CA, conectados por terminales de abrazaderas de tornillo. Se puede utilizar en aplicaciones de seguridad gracias a sus contactos de espejado con certificaci\u00f3n NC. F\u00e1cil de montar en la parte delantera mediante un clip, proporciona una gran fiabilidad y durabilidad. Disponible en todo el mundo, cumple con m\u00faltiples est\u00e1ndares (IEC, UL, CSA, CCC, EAC, Marine) y Green Premium (RoHs\/Reach).<\/p>\n","protected":false},"featured_media":31631,"comment_status":"open","ping_status":"closed","template":"","meta":{"_monsterinsights_skip_tracking":false,"_monsterinsights_sitenote_active":false,"_monsterinsights_sitenote_note":"","_monsterinsights_sitenote_category":0},"product_brand":[],"product_cat":[332],"product_tag":[450],"class_list":{"0":"post-31630","1":"product","2":"type-product","3":"status-publish","4":"has-post-thumbnail","6":"product_cat-a-contactores","7":"product_tag-schneider","9":"first","10":"instock","11":"shipping-taxable","12":"purchasable","13":"product-type-simple"},"yoast_head":"<!-- This site is optimized with the Yoast SEO plugin v25.3.1 - https:\/\/yoast.com\/wordpress\/plugins\/seo\/ -->\n<title>BLOQUE CONTACTOS AUXILIARES EASY TESYS 1-69VCA - 2NC - Tienda Rigelec<\/title>\n<meta name=\"description\" content=\"BLOQUE CONTACTOS AUXILIARES EASY TESYS 1-69VCA - 2NC Tienda Rigelec BLOQUE CONTACTOS AUXILIARES EASY TESYS 1-69VCA - 2NC BLOQUE CONTACTOS\" \/>\n<meta name=\"robots\" content=\"index, follow, max-snippet:-1, max-image-preview:large, max-video-preview:-1\" \/>\n<link rel=\"canonical\" href=\"https:\/\/tienda.rigelec.com.ar\/?product=bloque-contactos-4\" \/>\n<meta property=\"og:locale\" content=\"es_ES\" \/>\n<meta property=\"og:type\" content=\"article\" \/>\n<meta property=\"og:title\" content=\"BLOQUE CONTACTOS AUXILIARES EASY TESYS 1-69VCA - 2NC - Tienda Rigelec\" \/>\n<meta property=\"og:description\" content=\"BLOQUE CONTACTOS AUXILIARES EASY TESYS 1-69VCA - 2NC Tienda Rigelec BLOQUE CONTACTOS AUXILIARES EASY TESYS 1-69VCA - 2NC BLOQUE CONTACTOS\" \/>\n<meta property=\"og:url\" content=\"https:\/\/tienda.rigelec.com.ar\/?product=bloque-contactos-4\" \/>\n<meta property=\"og:site_name\" content=\"Tienda Rigelec\" \/>\n<meta property=\"article:modified_time\" content=\"2026-05-01T04:46:30+00:00\" \/>\n<meta property=\"og:image\" content=\"https:\/\/tienda.rigelec.com.ar\/wp-content\/uploads\/2025\/08\/BLOQUECONTACTOSAUXILIARES-3.jpg\" \/>\n\t<meta property=\"og:image:width\" content=\"1080\" \/>\n\t<meta property=\"og:image:height\" content=\"1080\" \/>\n\t<meta property=\"og:image:type\" content=\"image\/jpeg\" \/>\n<meta name=\"twitter:card\" content=\"summary_large_image\" \/>\n<meta name=\"twitter:label1\" content=\"Tiempo de lectura\" \/>\n\t<meta name=\"twitter:data1\" content=\"1 minuto\" \/>\n<script type=\"application\/ld+json\" class=\"yoast-schema-graph\">{\"@context\":\"https:\/\/schema.org\",\"@graph\":[{\"@type\":\"WebPage\",\"@id\":\"https:\/\/tienda.rigelec.com.ar\/?product=bloque-contactos-4\",\"url\":\"https:\/\/tienda.rigelec.com.ar\/?product=bloque-contactos-4\",\"name\":\"BLOQUE CONTACTOS AUXILIARES EASY TESYS 1-69VCA - 2NC - Tienda Rigelec\",\"isPartOf\":{\"@id\":\"https:\/\/tienda.rigelec.com.ar\/#website\"},\"primaryImageOfPage\":{\"@id\":\"https:\/\/tienda.rigelec.com.ar\/?product=bloque-contactos-4#primaryimage\"},\"image\":{\"@id\":\"https:\/\/tienda.rigelec.com.ar\/?product=bloque-contactos-4#primaryimage\"},\"thumbnailUrl\":\"https:\/\/tienda.rigelec.com.ar\/wp-content\/uploads\/2025\/08\/BLOQUECONTACTOSAUXILIARES-3.jpg\",\"datePublished\":\"2025-08-12T14:44:03+00:00\",\"dateModified\":\"2026-05-01T04:46:30+00:00\",\"description\":\"BLOQUE CONTACTOS AUXILIARES EASY TESYS 1-69VCA - 2NC Tienda Rigelec BLOQUE CONTACTOS AUXILIARES EASY TESYS 1-69VCA - 2NC BLOQUE CONTACTOS\",\"breadcrumb\":{\"@id\":\"https:\/\/tienda.rigelec.com.ar\/?product=bloque-contactos-4#breadcrumb\"},\"inLanguage\":\"es-AR\",\"potentialAction\":[{\"@type\":\"ReadAction\",\"target\":[\"https:\/\/tienda.rigelec.com.ar\/?product=bloque-contactos-4\"]}]},{\"@type\":\"ImageObject\",\"inLanguage\":\"es-AR\",\"@id\":\"https:\/\/tienda.rigelec.com.ar\/?product=bloque-contactos-4#primaryimage\",\"url\":\"https:\/\/tienda.rigelec.com.ar\/wp-content\/uploads\/2025\/08\/BLOQUECONTACTOSAUXILIARES-3.jpg\",\"contentUrl\":\"https:\/\/tienda.rigelec.com.ar\/wp-content\/uploads\/2025\/08\/BLOQUECONTACTOSAUXILIARES-3.jpg\",\"width\":1080,\"height\":1080},{\"@type\":\"BreadcrumbList\",\"@id\":\"https:\/\/tienda.rigelec.com.ar\/?product=bloque-contactos-4#breadcrumb\",\"itemListElement\":[{\"@type\":\"ListItem\",\"position\":1,\"name\":\"Inicio\",\"item\":\"https:\/\/tienda.rigelec.com.ar\/\"},{\"@type\":\"ListItem\",\"position\":2,\"name\":\"Shop\",\"item\":\"https:\/\/tienda.rigelec.com.ar\/?page_id=12\"},{\"@type\":\"ListItem\",\"position\":3,\"name\":\"BLOQUE CONTACTOS AUXILIARES EASY TESYS 1-69VCA &#8211; 2NC\"}]},{\"@type\":\"WebSite\",\"@id\":\"https:\/\/tienda.rigelec.com.ar\/#website\",\"url\":\"https:\/\/tienda.rigelec.com.ar\/\",\"name\":\"Tienda Rigelec\",\"description\":\"Energia en movimiento\",\"publisher\":{\"@id\":\"https:\/\/tienda.rigelec.com.ar\/#organization\"},\"potentialAction\":[{\"@type\":\"SearchAction\",\"target\":{\"@type\":\"EntryPoint\",\"urlTemplate\":\"https:\/\/tienda.rigelec.com.ar\/?s={search_term_string}\"},\"query-input\":{\"@type\":\"PropertyValueSpecification\",\"valueRequired\":true,\"valueName\":\"search_term_string\"}}],\"inLanguage\":\"es-AR\"},{\"@type\":\"Organization\",\"@id\":\"https:\/\/tienda.rigelec.com.ar\/#organization\",\"name\":\"Tienda Rigelec\",\"url\":\"https:\/\/tienda.rigelec.com.ar\/\",\"logo\":{\"@type\":\"ImageObject\",\"inLanguage\":\"es-AR\",\"@id\":\"https:\/\/tienda.rigelec.com.ar\/#\/schema\/logo\/image\/\",\"url\":\"https:\/\/tienda.rigelec.com.ar\/wp-content\/uploads\/2024\/09\/isologo-blanco-rigelec.png\",\"contentUrl\":\"https:\/\/tienda.rigelec.com.ar\/wp-content\/uploads\/2024\/09\/isologo-blanco-rigelec.png\",\"width\":94,\"height\":97,\"caption\":\"Tienda Rigelec\"},\"image\":{\"@id\":\"https:\/\/tienda.rigelec.com.ar\/#\/schema\/logo\/image\/\"}}]}<\/script>\n<!-- \/ Yoast SEO plugin. -->","yoast_head_json":{"title":"BLOQUE CONTACTOS AUXILIARES EASY TESYS 1-69VCA - 2NC - Tienda Rigelec","description":"BLOQUE CONTACTOS AUXILIARES EASY TESYS 1-69VCA - 2NC Tienda Rigelec BLOQUE CONTACTOS AUXILIARES EASY TESYS 1-69VCA - 2NC BLOQUE CONTACTOS","robots":{"index":"index","follow":"follow","max-snippet":"max-snippet:-1","max-image-preview":"max-image-preview:large","max-video-preview":"max-video-preview:-1"},"canonical":"https:\/\/tienda.rigelec.com.ar\/?product=bloque-contactos-4","og_locale":"es_ES","og_type":"article","og_title":"BLOQUE CONTACTOS AUXILIARES EASY TESYS 1-69VCA - 2NC - Tienda Rigelec","og_description":"BLOQUE CONTACTOS AUXILIARES EASY TESYS 1-69VCA - 2NC Tienda Rigelec BLOQUE CONTACTOS AUXILIARES EASY TESYS 1-69VCA - 2NC BLOQUE CONTACTOS","og_url":"https:\/\/tienda.rigelec.com.ar\/?product=bloque-contactos-4","og_site_name":"Tienda Rigelec","article_modified_time":"2026-05-01T04:46:30+00:00","og_image":[{"width":1080,"height":1080,"url":"https:\/\/tienda.rigelec.com.ar\/wp-content\/uploads\/2025\/08\/BLOQUECONTACTOSAUXILIARES-3.jpg","type":"image\/jpeg"}],"twitter_card":"summary_large_image","twitter_misc":{"Tiempo de lectura":"1 minuto"},"schema":{"@context":"https:\/\/schema.org","@graph":[{"@type":"WebPage","@id":"https:\/\/tienda.rigelec.com.ar\/?product=bloque-contactos-4","url":"https:\/\/tienda.rigelec.com.ar\/?product=bloque-contactos-4","name":"BLOQUE CONTACTOS AUXILIARES EASY TESYS 1-69VCA - 2NC - Tienda Rigelec","isPartOf":{"@id":"https:\/\/tienda.rigelec.com.ar\/#website"},"primaryImageOfPage":{"@id":"https:\/\/tienda.rigelec.com.ar\/?product=bloque-contactos-4#primaryimage"},"image":{"@id":"https:\/\/tienda.rigelec.com.ar\/?product=bloque-contactos-4#primaryimage"},"thumbnailUrl":"https:\/\/tienda.rigelec.com.ar\/wp-content\/uploads\/2025\/08\/BLOQUECONTACTOSAUXILIARES-3.jpg","datePublished":"2025-08-12T14:44:03+00:00","dateModified":"2026-05-01T04:46:30+00:00","description":"BLOQUE CONTACTOS AUXILIARES EASY TESYS 1-69VCA - 2NC Tienda Rigelec BLOQUE CONTACTOS AUXILIARES EASY TESYS 1-69VCA - 2NC BLOQUE CONTACTOS","breadcrumb":{"@id":"https:\/\/tienda.rigelec.com.ar\/?product=bloque-contactos-4#breadcrumb"},"inLanguage":"es-AR","potentialAction":[{"@type":"ReadAction","target":["https:\/\/tienda.rigelec.com.ar\/?product=bloque-contactos-4"]}]},{"@type":"ImageObject","inLanguage":"es-AR","@id":"https:\/\/tienda.rigelec.com.ar\/?product=bloque-contactos-4#primaryimage","url":"https:\/\/tienda.rigelec.com.ar\/wp-content\/uploads\/2025\/08\/BLOQUECONTACTOSAUXILIARES-3.jpg","contentUrl":"https:\/\/tienda.rigelec.com.ar\/wp-content\/uploads\/2025\/08\/BLOQUECONTACTOSAUXILIARES-3.jpg","width":1080,"height":1080},{"@type":"BreadcrumbList","@id":"https:\/\/tienda.rigelec.com.ar\/?product=bloque-contactos-4#breadcrumb","itemListElement":[{"@type":"ListItem","position":1,"name":"Inicio","item":"https:\/\/tienda.rigelec.com.ar\/"},{"@type":"ListItem","position":2,"name":"Shop","item":"https:\/\/tienda.rigelec.com.ar\/?page_id=12"},{"@type":"ListItem","position":3,"name":"BLOQUE CONTACTOS AUXILIARES EASY TESYS 1-69VCA &#8211; 2NC"}]},{"@type":"WebSite","@id":"https:\/\/tienda.rigelec.com.ar\/#website","url":"https:\/\/tienda.rigelec.com.ar\/","name":"Tienda Rigelec","description":"Energia en movimiento","publisher":{"@id":"https:\/\/tienda.rigelec.com.ar\/#organization"},"potentialAction":[{"@type":"SearchAction","target":{"@type":"EntryPoint","urlTemplate":"https:\/\/tienda.rigelec.com.ar\/?s={search_term_string}"},"query-input":{"@type":"PropertyValueSpecification","valueRequired":true,"valueName":"search_term_string"}}],"inLanguage":"es-AR"},{"@type":"Organization","@id":"https:\/\/tienda.rigelec.com.ar\/#organization","name":"Tienda Rigelec","url":"https:\/\/tienda.rigelec.com.ar\/","logo":{"@type":"ImageObject","inLanguage":"es-AR","@id":"https:\/\/tienda.rigelec.com.ar\/#\/schema\/logo\/image\/","url":"https:\/\/tienda.rigelec.com.ar\/wp-content\/uploads\/2024\/09\/isologo-blanco-rigelec.png","contentUrl":"https:\/\/tienda.rigelec.com.ar\/wp-content\/uploads\/2024\/09\/isologo-blanco-rigelec.png","width":94,"height":97,"caption":"Tienda Rigelec"},"image":{"@id":"https:\/\/tienda.rigelec.com.ar\/#\/schema\/logo\/image\/"}}]}},"jetpack_sharing_enabled":true,"_links":{"self":[{"href":"https:\/\/tienda.rigelec.com.ar\/index.php?rest_route=\/wp\/v2\/product\/31630","targetHints":{"allow":["GET"]}}],"collection":[{"href":"https:\/\/tienda.rigelec.com.ar\/index.php?rest_route=\/wp\/v2\/product"}],"about":[{"href":"https:\/\/tienda.rigelec.com.ar\/index.php?rest_route=\/wp\/v2\/types\/product"}],"replies":[{"embeddable":true,"href":"https:\/\/tienda.rigelec.com.ar\/index.php?rest_route=%2Fwp%2Fv2%2Fcomments&post=31630"}],"wp:featuredmedia":[{"embeddable":true,"href":"https:\/\/tienda.rigelec.com.ar\/index.php?rest_route=\/wp\/v2\/media\/31631"}],"wp:attachment":[{"href":"https:\/\/tienda.rigelec.com.ar\/index.php?rest_route=%2Fwp%2Fv2%2Fmedia&parent=31630"}],"wp:term":[{"taxonomy":"product_brand","embeddable":true,"href":"https:\/\/tienda.rigelec.com.ar\/index.php?rest_route=%2Fwp%2Fv2%2Fproduct_brand&post=31630"},{"taxonomy":"product_cat","embeddable":true,"href":"https:\/\/tienda.rigelec.com.ar\/index.php?rest_route=%2Fwp%2Fv2%2Fproduct_cat&post=31630"},{"taxonomy":"product_tag","embeddable":true,"href":"https:\/\/tienda.rigelec.com.ar\/index.php?rest_route=%2Fwp%2Fv2%2Fproduct_tag&post=31630"}],"curies":[{"name":"wp","href":"https:\/\/api.w.org\/{rel}","templated":true}]}}