{"id":31977,"date":"2025-08-19T18:32:58","date_gmt":"2025-08-19T21:32:58","guid":{"rendered":"https:\/\/tienda.rigelec.com.ar\/?product=guardamotor-ms116-100-50ka-3x380v-rango-63-10"},"modified":"2026-05-02T19:00:52","modified_gmt":"2026-05-02T22:00:52","slug":"guardamotor-ms116-100-50ka-3x380v-rango-63-10","status":"publish","type":"product","link":"https:\/\/tienda.rigelec.com.ar\/?product=guardamotor-ms116-100-50ka-3x380v-rango-63-10","title":{"rendered":"GUARDAMOTOR MS116-10,0 50KA &#8211; 3X380V &#8211; RANGO 6,3-10"},"content":{"rendered":"<p>GUARDAMOTOR<\/p>\n","protected":false},"excerpt":{"rendered":"<p>Ajuste de corriente de cortocircuito instant\u00e1nea nominal (I i ): 150 A<br \/>\nRango de ajuste: 6.3 &#8230; 10 A<br \/>\nPotencia operativa nominal AC-3 (P e ): (400 V) Trif\u00e1sico 4 kW<br \/>\nPotencia operativa nominal AC-3e (P e ): (400 V) Trif\u00e1sico 4 kW<br \/>\nVoltaje operativo nominal: Circuito principal 690 V CA<br \/>\nCorriente nominal de funcionamiento (I e ): 10 A<br \/>\nCorriente nominal de funcionamiento AC-3 (I e ): 10 A<br \/>\nCorriente nominal de funcionamiento AC-3e (I e ): 10 A<\/p>\n","protected":false},"featured_media":31978,"comment_status":"open","ping_status":"closed","template":"","meta":{"_monsterinsights_skip_tracking":false,"_monsterinsights_sitenote_active":false,"_monsterinsights_sitenote_note":"","_monsterinsights_sitenote_category":0},"product_brand":[],"product_cat":[293],"product_tag":[61],"class_list":{"0":"post-31977","1":"product","2":"type-product","3":"status-publish","4":"has-post-thumbnail","6":"product_cat-g-guardamotores","7":"product_tag-eaton-moeller","9":"first","10":"outofstock","11":"shipping-taxable","12":"purchasable","13":"product-type-simple"},"yoast_head":"<!-- This site is optimized with the Yoast SEO plugin v25.3.1 - https:\/\/yoast.com\/wordpress\/plugins\/seo\/ -->\n<title>GUARDAMOTOR MS116-10,0 50KA - 3X380V - RANGO 6,3-10 - Tienda Rigelec<\/title>\n<meta name=\"robots\" content=\"index, follow, max-snippet:-1, max-image-preview:large, max-video-preview:-1\" \/>\n<link rel=\"canonical\" href=\"https:\/\/tienda.rigelec.com.ar\/?product=guardamotor-ms116-100-50ka-3x380v-rango-63-10\" \/>\n<meta property=\"og:locale\" content=\"es_ES\" \/>\n<meta property=\"og:type\" content=\"article\" \/>\n<meta property=\"og:title\" content=\"GUARDAMOTOR MS116-10,0 50KA - 3X380V - RANGO 6,3-10 - Tienda Rigelec\" \/>\n<meta property=\"og:description\" content=\"Ajuste de corriente de cortocircuito instant\u00e1nea nominal (I i ): 150 A Rango de ajuste: 6.3 ... 10 A Potencia operativa nominal AC-3 (P e ): (400 V) Trif\u00e1sico 4 kW Potencia operativa nominal AC-3e (P e ): (400 V) Trif\u00e1sico 4 kW Voltaje operativo nominal: Circuito principal 690 V CA Corriente nominal de funcionamiento (I e ): 10 A Corriente nominal de funcionamiento AC-3 (I e ): 10 A Corriente nominal de funcionamiento AC-3e (I e ): 10 A\" \/>\n<meta property=\"og:url\" content=\"https:\/\/tienda.rigelec.com.ar\/?product=guardamotor-ms116-100-50ka-3x380v-rango-63-10\" \/>\n<meta property=\"og:site_name\" content=\"Tienda Rigelec\" \/>\n<meta property=\"article:modified_time\" content=\"2026-05-02T22:00:52+00:00\" \/>\n<meta name=\"twitter:card\" content=\"summary_large_image\" \/>\n<script type=\"application\/ld+json\" class=\"yoast-schema-graph\">{\"@context\":\"https:\/\/schema.org\",\"@graph\":[{\"@type\":\"WebPage\",\"@id\":\"https:\/\/tienda.rigelec.com.ar\/?product=guardamotor-ms116-100-50ka-3x380v-rango-63-10\",\"url\":\"https:\/\/tienda.rigelec.com.ar\/?product=guardamotor-ms116-100-50ka-3x380v-rango-63-10\",\"name\":\"GUARDAMOTOR MS116-10,0 50KA - 3X380V - RANGO 6,3-10 - Tienda Rigelec\",\"isPartOf\":{\"@id\":\"https:\/\/tienda.rigelec.com.ar\/#website\"},\"primaryImageOfPage\":{\"@id\":\"https:\/\/tienda.rigelec.com.ar\/?product=guardamotor-ms116-100-50ka-3x380v-rango-63-10#primaryimage\"},\"image\":{\"@id\":\"https:\/\/tienda.rigelec.com.ar\/?product=guardamotor-ms116-100-50ka-3x380v-rango-63-10#primaryimage\"},\"thumbnailUrl\":\"https:\/\/tienda.rigelec.com.ar\/wp-content\/uploads\/2025\/08\/GUARDAMOTOR.jpg\",\"datePublished\":\"2025-08-19T21:32:58+00:00\",\"dateModified\":\"2026-05-02T22:00:52+00:00\",\"breadcrumb\":{\"@id\":\"https:\/\/tienda.rigelec.com.ar\/?product=guardamotor-ms116-100-50ka-3x380v-rango-63-10#breadcrumb\"},\"inLanguage\":\"es-AR\",\"potentialAction\":[{\"@type\":\"ReadAction\",\"target\":[\"https:\/\/tienda.rigelec.com.ar\/?product=guardamotor-ms116-100-50ka-3x380v-rango-63-10\"]}]},{\"@type\":\"ImageObject\",\"inLanguage\":\"es-AR\",\"@id\":\"https:\/\/tienda.rigelec.com.ar\/?product=guardamotor-ms116-100-50ka-3x380v-rango-63-10#primaryimage\",\"url\":\"https:\/\/tienda.rigelec.com.ar\/wp-content\/uploads\/2025\/08\/GUARDAMOTOR.jpg\",\"contentUrl\":\"https:\/\/tienda.rigelec.com.ar\/wp-content\/uploads\/2025\/08\/GUARDAMOTOR.jpg\",\"width\":400,\"height\":400},{\"@type\":\"BreadcrumbList\",\"@id\":\"https:\/\/tienda.rigelec.com.ar\/?product=guardamotor-ms116-100-50ka-3x380v-rango-63-10#breadcrumb\",\"itemListElement\":[{\"@type\":\"ListItem\",\"position\":1,\"name\":\"Inicio\",\"item\":\"https:\/\/tienda.rigelec.com.ar\/\"},{\"@type\":\"ListItem\",\"position\":2,\"name\":\"Shop\",\"item\":\"https:\/\/tienda.rigelec.com.ar\/?page_id=12\"},{\"@type\":\"ListItem\",\"position\":3,\"name\":\"GUARDAMOTOR MS116-10,0 50KA &#8211; 3X380V &#8211; RANGO 6,3-10\"}]},{\"@type\":\"WebSite\",\"@id\":\"https:\/\/tienda.rigelec.com.ar\/#website\",\"url\":\"https:\/\/tienda.rigelec.com.ar\/\",\"name\":\"Tienda Rigelec\",\"description\":\"Energia en movimiento\",\"publisher\":{\"@id\":\"https:\/\/tienda.rigelec.com.ar\/#organization\"},\"potentialAction\":[{\"@type\":\"SearchAction\",\"target\":{\"@type\":\"EntryPoint\",\"urlTemplate\":\"https:\/\/tienda.rigelec.com.ar\/?s={search_term_string}\"},\"query-input\":{\"@type\":\"PropertyValueSpecification\",\"valueRequired\":true,\"valueName\":\"search_term_string\"}}],\"inLanguage\":\"es-AR\"},{\"@type\":\"Organization\",\"@id\":\"https:\/\/tienda.rigelec.com.ar\/#organization\",\"name\":\"Tienda Rigelec\",\"url\":\"https:\/\/tienda.rigelec.com.ar\/\",\"logo\":{\"@type\":\"ImageObject\",\"inLanguage\":\"es-AR\",\"@id\":\"https:\/\/tienda.rigelec.com.ar\/#\/schema\/logo\/image\/\",\"url\":\"https:\/\/tienda.rigelec.com.ar\/wp-content\/uploads\/2024\/09\/isologo-blanco-rigelec.png\",\"contentUrl\":\"https:\/\/tienda.rigelec.com.ar\/wp-content\/uploads\/2024\/09\/isologo-blanco-rigelec.png\",\"width\":94,\"height\":97,\"caption\":\"Tienda Rigelec\"},\"image\":{\"@id\":\"https:\/\/tienda.rigelec.com.ar\/#\/schema\/logo\/image\/\"}}]}<\/script>\n<!-- \/ Yoast SEO plugin. -->","yoast_head_json":{"title":"GUARDAMOTOR MS116-10,0 50KA - 3X380V - RANGO 6,3-10 - Tienda Rigelec","robots":{"index":"index","follow":"follow","max-snippet":"max-snippet:-1","max-image-preview":"max-image-preview:large","max-video-preview":"max-video-preview:-1"},"canonical":"https:\/\/tienda.rigelec.com.ar\/?product=guardamotor-ms116-100-50ka-3x380v-rango-63-10","og_locale":"es_ES","og_type":"article","og_title":"GUARDAMOTOR MS116-10,0 50KA - 3X380V - RANGO 6,3-10 - Tienda Rigelec","og_description":"Ajuste de corriente de cortocircuito instant\u00e1nea nominal (I i ): 150 A Rango de ajuste: 6.3 ... 10 A Potencia operativa nominal AC-3 (P e ): (400 V) Trif\u00e1sico 4 kW Potencia operativa nominal AC-3e (P e ): (400 V) Trif\u00e1sico 4 kW Voltaje operativo nominal: Circuito principal 690 V CA Corriente nominal de funcionamiento (I e ): 10 A Corriente nominal de funcionamiento AC-3 (I e ): 10 A Corriente nominal de funcionamiento AC-3e (I e ): 10 A","og_url":"https:\/\/tienda.rigelec.com.ar\/?product=guardamotor-ms116-100-50ka-3x380v-rango-63-10","og_site_name":"Tienda Rigelec","article_modified_time":"2026-05-02T22:00:52+00:00","twitter_card":"summary_large_image","schema":{"@context":"https:\/\/schema.org","@graph":[{"@type":"WebPage","@id":"https:\/\/tienda.rigelec.com.ar\/?product=guardamotor-ms116-100-50ka-3x380v-rango-63-10","url":"https:\/\/tienda.rigelec.com.ar\/?product=guardamotor-ms116-100-50ka-3x380v-rango-63-10","name":"GUARDAMOTOR MS116-10,0 50KA - 3X380V - RANGO 6,3-10 - Tienda Rigelec","isPartOf":{"@id":"https:\/\/tienda.rigelec.com.ar\/#website"},"primaryImageOfPage":{"@id":"https:\/\/tienda.rigelec.com.ar\/?product=guardamotor-ms116-100-50ka-3x380v-rango-63-10#primaryimage"},"image":{"@id":"https:\/\/tienda.rigelec.com.ar\/?product=guardamotor-ms116-100-50ka-3x380v-rango-63-10#primaryimage"},"thumbnailUrl":"https:\/\/tienda.rigelec.com.ar\/wp-content\/uploads\/2025\/08\/GUARDAMOTOR.jpg","datePublished":"2025-08-19T21:32:58+00:00","dateModified":"2026-05-02T22:00:52+00:00","breadcrumb":{"@id":"https:\/\/tienda.rigelec.com.ar\/?product=guardamotor-ms116-100-50ka-3x380v-rango-63-10#breadcrumb"},"inLanguage":"es-AR","potentialAction":[{"@type":"ReadAction","target":["https:\/\/tienda.rigelec.com.ar\/?product=guardamotor-ms116-100-50ka-3x380v-rango-63-10"]}]},{"@type":"ImageObject","inLanguage":"es-AR","@id":"https:\/\/tienda.rigelec.com.ar\/?product=guardamotor-ms116-100-50ka-3x380v-rango-63-10#primaryimage","url":"https:\/\/tienda.rigelec.com.ar\/wp-content\/uploads\/2025\/08\/GUARDAMOTOR.jpg","contentUrl":"https:\/\/tienda.rigelec.com.ar\/wp-content\/uploads\/2025\/08\/GUARDAMOTOR.jpg","width":400,"height":400},{"@type":"BreadcrumbList","@id":"https:\/\/tienda.rigelec.com.ar\/?product=guardamotor-ms116-100-50ka-3x380v-rango-63-10#breadcrumb","itemListElement":[{"@type":"ListItem","position":1,"name":"Inicio","item":"https:\/\/tienda.rigelec.com.ar\/"},{"@type":"ListItem","position":2,"name":"Shop","item":"https:\/\/tienda.rigelec.com.ar\/?page_id=12"},{"@type":"ListItem","position":3,"name":"GUARDAMOTOR MS116-10,0 50KA &#8211; 3X380V &#8211; RANGO 6,3-10"}]},{"@type":"WebSite","@id":"https:\/\/tienda.rigelec.com.ar\/#website","url":"https:\/\/tienda.rigelec.com.ar\/","name":"Tienda Rigelec","description":"Energia en movimiento","publisher":{"@id":"https:\/\/tienda.rigelec.com.ar\/#organization"},"potentialAction":[{"@type":"SearchAction","target":{"@type":"EntryPoint","urlTemplate":"https:\/\/tienda.rigelec.com.ar\/?s={search_term_string}"},"query-input":{"@type":"PropertyValueSpecification","valueRequired":true,"valueName":"search_term_string"}}],"inLanguage":"es-AR"},{"@type":"Organization","@id":"https:\/\/tienda.rigelec.com.ar\/#organization","name":"Tienda Rigelec","url":"https:\/\/tienda.rigelec.com.ar\/","logo":{"@type":"ImageObject","inLanguage":"es-AR","@id":"https:\/\/tienda.rigelec.com.ar\/#\/schema\/logo\/image\/","url":"https:\/\/tienda.rigelec.com.ar\/wp-content\/uploads\/2024\/09\/isologo-blanco-rigelec.png","contentUrl":"https:\/\/tienda.rigelec.com.ar\/wp-content\/uploads\/2024\/09\/isologo-blanco-rigelec.png","width":94,"height":97,"caption":"Tienda Rigelec"},"image":{"@id":"https:\/\/tienda.rigelec.com.ar\/#\/schema\/logo\/image\/"}}]}},"jetpack_sharing_enabled":true,"_links":{"self":[{"href":"https:\/\/tienda.rigelec.com.ar\/index.php?rest_route=\/wp\/v2\/product\/31977","targetHints":{"allow":["GET"]}}],"collection":[{"href":"https:\/\/tienda.rigelec.com.ar\/index.php?rest_route=\/wp\/v2\/product"}],"about":[{"href":"https:\/\/tienda.rigelec.com.ar\/index.php?rest_route=\/wp\/v2\/types\/product"}],"replies":[{"embeddable":true,"href":"https:\/\/tienda.rigelec.com.ar\/index.php?rest_route=%2Fwp%2Fv2%2Fcomments&post=31977"}],"wp:featuredmedia":[{"embeddable":true,"href":"https:\/\/tienda.rigelec.com.ar\/index.php?rest_route=\/wp\/v2\/media\/31978"}],"wp:attachment":[{"href":"https:\/\/tienda.rigelec.com.ar\/index.php?rest_route=%2Fwp%2Fv2%2Fmedia&parent=31977"}],"wp:term":[{"taxonomy":"product_brand","embeddable":true,"href":"https:\/\/tienda.rigelec.com.ar\/index.php?rest_route=%2Fwp%2Fv2%2Fproduct_brand&post=31977"},{"taxonomy":"product_cat","embeddable":true,"href":"https:\/\/tienda.rigelec.com.ar\/index.php?rest_route=%2Fwp%2Fv2%2Fproduct_cat&post=31977"},{"taxonomy":"product_tag","embeddable":true,"href":"https:\/\/tienda.rigelec.com.ar\/index.php?rest_route=%2Fwp%2Fv2%2Fproduct_tag&post=31977"}],"curies":[{"name":"wp","href":"https:\/\/api.w.org\/{rel}","templated":true}]}}