{"id":32037,"date":"2025-08-21T17:08:17","date_gmt":"2025-08-21T20:08:17","guid":{"rendered":"https:\/\/tienda.rigelec.com.ar\/?product=panel-solar-620w-132-celdas-monocristalino-perc-bifacial-2382-x-1134-x-30-mm"},"modified":"2026-04-03T15:20:47","modified_gmt":"2026-04-03T18:20:47","slug":"panel-solar-620w-132-celdas-monocristalino-perc-bifacial-2382-x-1134-x-30-mm","status":"publish","type":"product","link":"https:\/\/tienda.rigelec.com.ar\/?product=panel-solar-620w-132-celdas-monocristalino-perc-bifacial-2382-x-1134-x-30-mm","title":{"rendered":"PANEL SOLAR 620W 132 CELDAS MONOCRISTALINO &#8211; PERC &#8211; BIFACIAL 2382 X 1134 X 30 MM"},"content":{"rendered":"<p>PANEL SOLAR 620W 132 CELDAS<\/p>\n","protected":false},"excerpt":{"rendered":"<p>El panel solar SPDGxxx-N132R12 de Sunpro Power pertenece a la serie TOPCon bifacial de doble vidrio. Su rango de potencia nominal va desde 595 W hasta 620 W, logrando una eficiencia de hasta 22.95 %. Est\u00e1 dise\u00f1ado con tecnolog\u00eda de pantalla blanca y un marco plateado de aluminio, lo que le otorga durabilidad y excelente rendimiento incluso con luz tenue.<\/p>\n<p>Gracias a su dise\u00f1o bifacial, puede generar hasta un 15 % m\u00e1s de energ\u00eda al captar luz reflejada en su parte trasera. Est\u00e1 fabricado con c\u00e9lulas mitad (half-cells) tipo N monocristalinas de tama\u00f1o considerable, lo que aporta mayor rendimiento y menores p\u00e9rdidas por degradaci\u00f3n (LID\/LETID).<\/p>\n<p>Voltaje a m\u00e1xima potencia (Vmp): entre 40.02 V y 41.2 V<\/p>\n<p>Corriente a m\u00e1xima potencia (Imp): entre 14.87 A y 15.05 A<\/p>\n<p>Voltaje en circuito abierto (Voc): entre 47.99 V y 49.25 V<\/p>\n<p>Corriente en cortocircuito (Isc): entre 15.74 A y 15.92 A<\/p>\n<p>Eficiencia del m\u00f3dulo: entre 22.03 % y 22.95 %<br \/>\nEstructura y componentes<\/p>\n<p>Vidrio frontal: 2.0 mm ultra claro, doble capa, incoloro<\/p>\n<p>Vidrio trasero: 2.0 mm semi-templado con malla blanca<\/p>\n<p>Cables de salida: 4 mm\u00b2, longitud t\u00edpica de 1 300 mm (o 1 400 mm)<\/p>\n<p>Conectores: compatibles MC4, IP68<\/p>\n<p>Tipo de c\u00e9lula: monocristalinas tipo N, media c\u00e9lula de 182.2 \u00d7 105 mm<\/p>\n<p>Cantidad de c\u00e9lulas: 132 medio-celdas<\/p>\n","protected":false},"featured_media":32038,"comment_status":"open","ping_status":"closed","template":"","meta":[],"product_brand":[],"product_cat":[336],"product_tag":[488],"class_list":{"0":"post-32037","1":"product","2":"type-product","3":"status-publish","4":"has-post-thumbnail","6":"product_cat-b-panel-solar","7":"product_tag-sunpro","9":"first","10":"instock","11":"shipping-taxable","12":"purchasable","13":"product-type-simple"},"yoast_head":"<!-- This site is optimized with the Yoast SEO plugin v25.3.1 - https:\/\/yoast.com\/wordpress\/plugins\/seo\/ -->\n<title>PANEL SOLAR 620W 132 CELDAS MONOCRISTALINO - PERC - BIFACIAL 2382 X 1134 X 30 MM - Tienda Rigelec<\/title>\n<meta name=\"robots\" content=\"index, follow, max-snippet:-1, max-image-preview:large, max-video-preview:-1\" \/>\n<link rel=\"canonical\" href=\"https:\/\/tienda.rigelec.com.ar\/?product=panel-solar-620w-132-celdas-monocristalino-perc-bifacial-2382-x-1134-x-30-mm\" \/>\n<meta property=\"og:locale\" content=\"es_ES\" \/>\n<meta property=\"og:type\" content=\"article\" \/>\n<meta property=\"og:title\" content=\"PANEL SOLAR 620W 132 CELDAS MONOCRISTALINO - PERC - BIFACIAL 2382 X 1134 X 30 MM - Tienda Rigelec\" \/>\n<meta property=\"og:description\" content=\"El panel solar SPDGxxx-N132R12 de Sunpro Power pertenece a la serie TOPCon bifacial de doble vidrio. Su rango de potencia nominal va desde 595 W hasta 620 W, logrando una eficiencia de hasta 22.95 %. Est\u00e1 dise\u00f1ado con tecnolog\u00eda de pantalla blanca y un marco plateado de aluminio, lo que le otorga durabilidad y excelente rendimiento incluso con luz tenue. Gracias a su dise\u00f1o bifacial, puede generar hasta un 15 % m\u00e1s de energ\u00eda al captar luz reflejada en su parte trasera. Est\u00e1 fabricado con c\u00e9lulas mitad (half-cells) tipo N monocristalinas de tama\u00f1o considerable, lo que aporta mayor rendimiento y menores p\u00e9rdidas por degradaci\u00f3n (LID\/LETID).  Voltaje a m\u00e1xima potencia (Vmp): entre 40.02 V y 41.2 V  Corriente a m\u00e1xima potencia (Imp): entre 14.87 A y 15.05 A  Voltaje en circuito abierto (Voc): entre 47.99 V y 49.25 V  Corriente en cortocircuito (Isc): entre 15.74 A y 15.92 A  Eficiencia del m\u00f3dulo: entre 22.03 % y 22.95 % Estructura y componentes   Vidrio frontal: 2.0 mm ultra claro, doble capa, incoloro  Vidrio trasero: 2.0 mm semi-templado con malla blanca  Cables de salida: 4 mm\u00b2, longitud t\u00edpica de 1 300 mm (o 1 400 mm)  Conectores: compatibles MC4, IP68  Tipo de c\u00e9lula: monocristalinas tipo N, media c\u00e9lula de 182.2 \u00d7 105 mm  Cantidad de c\u00e9lulas: 132 medio-celdas\" \/>\n<meta property=\"og:url\" content=\"https:\/\/tienda.rigelec.com.ar\/?product=panel-solar-620w-132-celdas-monocristalino-perc-bifacial-2382-x-1134-x-30-mm\" \/>\n<meta property=\"og:site_name\" content=\"Tienda Rigelec\" \/>\n<meta property=\"article:modified_time\" content=\"2026-04-03T18:20:47+00:00\" \/>\n<meta name=\"twitter:card\" content=\"summary_large_image\" \/>\n<script type=\"application\/ld+json\" class=\"yoast-schema-graph\">{\"@context\":\"https:\/\/schema.org\",\"@graph\":[{\"@type\":\"WebPage\",\"@id\":\"https:\/\/tienda.rigelec.com.ar\/?product=panel-solar-620w-132-celdas-monocristalino-perc-bifacial-2382-x-1134-x-30-mm\",\"url\":\"https:\/\/tienda.rigelec.com.ar\/?product=panel-solar-620w-132-celdas-monocristalino-perc-bifacial-2382-x-1134-x-30-mm\",\"name\":\"PANEL SOLAR 620W 132 CELDAS MONOCRISTALINO - PERC - BIFACIAL 2382 X 1134 X 30 MM - Tienda Rigelec\",\"isPartOf\":{\"@id\":\"https:\/\/tienda.rigelec.com.ar\/#website\"},\"primaryImageOfPage\":{\"@id\":\"https:\/\/tienda.rigelec.com.ar\/?product=panel-solar-620w-132-celdas-monocristalino-perc-bifacial-2382-x-1134-x-30-mm#primaryimage\"},\"image\":{\"@id\":\"https:\/\/tienda.rigelec.com.ar\/?product=panel-solar-620w-132-celdas-monocristalino-perc-bifacial-2382-x-1134-x-30-mm#primaryimage\"},\"thumbnailUrl\":\"https:\/\/tienda.rigelec.com.ar\/wp-content\/uploads\/2025\/08\/PANELSOLAR620W132CELDAS.jpg\",\"datePublished\":\"2025-08-21T20:08:17+00:00\",\"dateModified\":\"2026-04-03T18:20:47+00:00\",\"breadcrumb\":{\"@id\":\"https:\/\/tienda.rigelec.com.ar\/?product=panel-solar-620w-132-celdas-monocristalino-perc-bifacial-2382-x-1134-x-30-mm#breadcrumb\"},\"inLanguage\":\"es-AR\",\"potentialAction\":[{\"@type\":\"ReadAction\",\"target\":[\"https:\/\/tienda.rigelec.com.ar\/?product=panel-solar-620w-132-celdas-monocristalino-perc-bifacial-2382-x-1134-x-30-mm\"]}]},{\"@type\":\"ImageObject\",\"inLanguage\":\"es-AR\",\"@id\":\"https:\/\/tienda.rigelec.com.ar\/?product=panel-solar-620w-132-celdas-monocristalino-perc-bifacial-2382-x-1134-x-30-mm#primaryimage\",\"url\":\"https:\/\/tienda.rigelec.com.ar\/wp-content\/uploads\/2025\/08\/PANELSOLAR620W132CELDAS.jpg\",\"contentUrl\":\"https:\/\/tienda.rigelec.com.ar\/wp-content\/uploads\/2025\/08\/PANELSOLAR620W132CELDAS.jpg\",\"width\":1080,\"height\":1080},{\"@type\":\"BreadcrumbList\",\"@id\":\"https:\/\/tienda.rigelec.com.ar\/?product=panel-solar-620w-132-celdas-monocristalino-perc-bifacial-2382-x-1134-x-30-mm#breadcrumb\",\"itemListElement\":[{\"@type\":\"ListItem\",\"position\":1,\"name\":\"Inicio\",\"item\":\"https:\/\/tienda.rigelec.com.ar\/\"},{\"@type\":\"ListItem\",\"position\":2,\"name\":\"Shop\",\"item\":\"https:\/\/tienda.rigelec.com.ar\/?page_id=12\"},{\"@type\":\"ListItem\",\"position\":3,\"name\":\"PANEL SOLAR 620W 132 CELDAS MONOCRISTALINO &#8211; PERC &#8211; BIFACIAL 2382 X 1134 X 30 MM\"}]},{\"@type\":\"WebSite\",\"@id\":\"https:\/\/tienda.rigelec.com.ar\/#website\",\"url\":\"https:\/\/tienda.rigelec.com.ar\/\",\"name\":\"Tienda Rigelec\",\"description\":\"Energia en movimiento\",\"publisher\":{\"@id\":\"https:\/\/tienda.rigelec.com.ar\/#organization\"},\"potentialAction\":[{\"@type\":\"SearchAction\",\"target\":{\"@type\":\"EntryPoint\",\"urlTemplate\":\"https:\/\/tienda.rigelec.com.ar\/?s={search_term_string}\"},\"query-input\":{\"@type\":\"PropertyValueSpecification\",\"valueRequired\":true,\"valueName\":\"search_term_string\"}}],\"inLanguage\":\"es-AR\"},{\"@type\":\"Organization\",\"@id\":\"https:\/\/tienda.rigelec.com.ar\/#organization\",\"name\":\"Tienda Rigelec\",\"url\":\"https:\/\/tienda.rigelec.com.ar\/\",\"logo\":{\"@type\":\"ImageObject\",\"inLanguage\":\"es-AR\",\"@id\":\"https:\/\/tienda.rigelec.com.ar\/#\/schema\/logo\/image\/\",\"url\":\"https:\/\/tienda.rigelec.com.ar\/wp-content\/uploads\/2024\/09\/isologo-blanco-rigelec.png\",\"contentUrl\":\"https:\/\/tienda.rigelec.com.ar\/wp-content\/uploads\/2024\/09\/isologo-blanco-rigelec.png\",\"width\":94,\"height\":97,\"caption\":\"Tienda Rigelec\"},\"image\":{\"@id\":\"https:\/\/tienda.rigelec.com.ar\/#\/schema\/logo\/image\/\"}}]}<\/script>\n<!-- \/ Yoast SEO plugin. -->","yoast_head_json":{"title":"PANEL SOLAR 620W 132 CELDAS MONOCRISTALINO - PERC - BIFACIAL 2382 X 1134 X 30 MM - Tienda Rigelec","robots":{"index":"index","follow":"follow","max-snippet":"max-snippet:-1","max-image-preview":"max-image-preview:large","max-video-preview":"max-video-preview:-1"},"canonical":"https:\/\/tienda.rigelec.com.ar\/?product=panel-solar-620w-132-celdas-monocristalino-perc-bifacial-2382-x-1134-x-30-mm","og_locale":"es_ES","og_type":"article","og_title":"PANEL SOLAR 620W 132 CELDAS MONOCRISTALINO - PERC - BIFACIAL 2382 X 1134 X 30 MM - Tienda Rigelec","og_description":"El panel solar SPDGxxx-N132R12 de Sunpro Power pertenece a la serie TOPCon bifacial de doble vidrio. Su rango de potencia nominal va desde 595 W hasta 620 W, logrando una eficiencia de hasta 22.95 %. Est\u00e1 dise\u00f1ado con tecnolog\u00eda de pantalla blanca y un marco plateado de aluminio, lo que le otorga durabilidad y excelente rendimiento incluso con luz tenue. Gracias a su dise\u00f1o bifacial, puede generar hasta un 15 % m\u00e1s de energ\u00eda al captar luz reflejada en su parte trasera. Est\u00e1 fabricado con c\u00e9lulas mitad (half-cells) tipo N monocristalinas de tama\u00f1o considerable, lo que aporta mayor rendimiento y menores p\u00e9rdidas por degradaci\u00f3n (LID\/LETID).  Voltaje a m\u00e1xima potencia (Vmp): entre 40.02 V y 41.2 V  Corriente a m\u00e1xima potencia (Imp): entre 14.87 A y 15.05 A  Voltaje en circuito abierto (Voc): entre 47.99 V y 49.25 V  Corriente en cortocircuito (Isc): entre 15.74 A y 15.92 A  Eficiencia del m\u00f3dulo: entre 22.03 % y 22.95 % Estructura y componentes   Vidrio frontal: 2.0 mm ultra claro, doble capa, incoloro  Vidrio trasero: 2.0 mm semi-templado con malla blanca  Cables de salida: 4 mm\u00b2, longitud t\u00edpica de 1 300 mm (o 1 400 mm)  Conectores: compatibles MC4, IP68  Tipo de c\u00e9lula: monocristalinas tipo N, media c\u00e9lula de 182.2 \u00d7 105 mm  Cantidad de c\u00e9lulas: 132 medio-celdas","og_url":"https:\/\/tienda.rigelec.com.ar\/?product=panel-solar-620w-132-celdas-monocristalino-perc-bifacial-2382-x-1134-x-30-mm","og_site_name":"Tienda Rigelec","article_modified_time":"2026-04-03T18:20:47+00:00","twitter_card":"summary_large_image","schema":{"@context":"https:\/\/schema.org","@graph":[{"@type":"WebPage","@id":"https:\/\/tienda.rigelec.com.ar\/?product=panel-solar-620w-132-celdas-monocristalino-perc-bifacial-2382-x-1134-x-30-mm","url":"https:\/\/tienda.rigelec.com.ar\/?product=panel-solar-620w-132-celdas-monocristalino-perc-bifacial-2382-x-1134-x-30-mm","name":"PANEL SOLAR 620W 132 CELDAS MONOCRISTALINO - PERC - BIFACIAL 2382 X 1134 X 30 MM - Tienda Rigelec","isPartOf":{"@id":"https:\/\/tienda.rigelec.com.ar\/#website"},"primaryImageOfPage":{"@id":"https:\/\/tienda.rigelec.com.ar\/?product=panel-solar-620w-132-celdas-monocristalino-perc-bifacial-2382-x-1134-x-30-mm#primaryimage"},"image":{"@id":"https:\/\/tienda.rigelec.com.ar\/?product=panel-solar-620w-132-celdas-monocristalino-perc-bifacial-2382-x-1134-x-30-mm#primaryimage"},"thumbnailUrl":"https:\/\/tienda.rigelec.com.ar\/wp-content\/uploads\/2025\/08\/PANELSOLAR620W132CELDAS.jpg","datePublished":"2025-08-21T20:08:17+00:00","dateModified":"2026-04-03T18:20:47+00:00","breadcrumb":{"@id":"https:\/\/tienda.rigelec.com.ar\/?product=panel-solar-620w-132-celdas-monocristalino-perc-bifacial-2382-x-1134-x-30-mm#breadcrumb"},"inLanguage":"es-AR","potentialAction":[{"@type":"ReadAction","target":["https:\/\/tienda.rigelec.com.ar\/?product=panel-solar-620w-132-celdas-monocristalino-perc-bifacial-2382-x-1134-x-30-mm"]}]},{"@type":"ImageObject","inLanguage":"es-AR","@id":"https:\/\/tienda.rigelec.com.ar\/?product=panel-solar-620w-132-celdas-monocristalino-perc-bifacial-2382-x-1134-x-30-mm#primaryimage","url":"https:\/\/tienda.rigelec.com.ar\/wp-content\/uploads\/2025\/08\/PANELSOLAR620W132CELDAS.jpg","contentUrl":"https:\/\/tienda.rigelec.com.ar\/wp-content\/uploads\/2025\/08\/PANELSOLAR620W132CELDAS.jpg","width":1080,"height":1080},{"@type":"BreadcrumbList","@id":"https:\/\/tienda.rigelec.com.ar\/?product=panel-solar-620w-132-celdas-monocristalino-perc-bifacial-2382-x-1134-x-30-mm#breadcrumb","itemListElement":[{"@type":"ListItem","position":1,"name":"Inicio","item":"https:\/\/tienda.rigelec.com.ar\/"},{"@type":"ListItem","position":2,"name":"Shop","item":"https:\/\/tienda.rigelec.com.ar\/?page_id=12"},{"@type":"ListItem","position":3,"name":"PANEL SOLAR 620W 132 CELDAS MONOCRISTALINO &#8211; PERC &#8211; BIFACIAL 2382 X 1134 X 30 MM"}]},{"@type":"WebSite","@id":"https:\/\/tienda.rigelec.com.ar\/#website","url":"https:\/\/tienda.rigelec.com.ar\/","name":"Tienda Rigelec","description":"Energia en movimiento","publisher":{"@id":"https:\/\/tienda.rigelec.com.ar\/#organization"},"potentialAction":[{"@type":"SearchAction","target":{"@type":"EntryPoint","urlTemplate":"https:\/\/tienda.rigelec.com.ar\/?s={search_term_string}"},"query-input":{"@type":"PropertyValueSpecification","valueRequired":true,"valueName":"search_term_string"}}],"inLanguage":"es-AR"},{"@type":"Organization","@id":"https:\/\/tienda.rigelec.com.ar\/#organization","name":"Tienda Rigelec","url":"https:\/\/tienda.rigelec.com.ar\/","logo":{"@type":"ImageObject","inLanguage":"es-AR","@id":"https:\/\/tienda.rigelec.com.ar\/#\/schema\/logo\/image\/","url":"https:\/\/tienda.rigelec.com.ar\/wp-content\/uploads\/2024\/09\/isologo-blanco-rigelec.png","contentUrl":"https:\/\/tienda.rigelec.com.ar\/wp-content\/uploads\/2024\/09\/isologo-blanco-rigelec.png","width":94,"height":97,"caption":"Tienda Rigelec"},"image":{"@id":"https:\/\/tienda.rigelec.com.ar\/#\/schema\/logo\/image\/"}}]}},"jetpack_sharing_enabled":true,"_links":{"self":[{"href":"https:\/\/tienda.rigelec.com.ar\/index.php?rest_route=\/wp\/v2\/product\/32037","targetHints":{"allow":["GET"]}}],"collection":[{"href":"https:\/\/tienda.rigelec.com.ar\/index.php?rest_route=\/wp\/v2\/product"}],"about":[{"href":"https:\/\/tienda.rigelec.com.ar\/index.php?rest_route=\/wp\/v2\/types\/product"}],"replies":[{"embeddable":true,"href":"https:\/\/tienda.rigelec.com.ar\/index.php?rest_route=%2Fwp%2Fv2%2Fcomments&post=32037"}],"wp:featuredmedia":[{"embeddable":true,"href":"https:\/\/tienda.rigelec.com.ar\/index.php?rest_route=\/wp\/v2\/media\/32038"}],"wp:attachment":[{"href":"https:\/\/tienda.rigelec.com.ar\/index.php?rest_route=%2Fwp%2Fv2%2Fmedia&parent=32037"}],"wp:term":[{"taxonomy":"product_brand","embeddable":true,"href":"https:\/\/tienda.rigelec.com.ar\/index.php?rest_route=%2Fwp%2Fv2%2Fproduct_brand&post=32037"},{"taxonomy":"product_cat","embeddable":true,"href":"https:\/\/tienda.rigelec.com.ar\/index.php?rest_route=%2Fwp%2Fv2%2Fproduct_cat&post=32037"},{"taxonomy":"product_tag","embeddable":true,"href":"https:\/\/tienda.rigelec.com.ar\/index.php?rest_route=%2Fwp%2Fv2%2Fproduct_tag&post=32037"}],"curies":[{"name":"wp","href":"https:\/\/api.w.org\/{rel}","templated":true}]}}