{"id":32080,"date":"2025-08-25T15:12:17","date_gmt":"2025-08-25T18:12:17","guid":{"rendered":"https:\/\/tienda.rigelec.com.ar\/?product=interruptor-compacto-en-caja-moldeada-easypact-3x30ka-100a-415vca"},"modified":"2026-05-06T04:53:03","modified_gmt":"2026-05-06T07:53:03","slug":"interruptor-compacto-en-caja-moldeada-easypact-3x30ka-100a-415vca","status":"publish","type":"product","link":"https:\/\/tienda.rigelec.com.ar\/?product=interruptor-compacto-en-caja-moldeada-easypact-3x30ka-100a-415vca","title":{"rendered":"INTERRUPTOR COMPACTO EN CAJA MOLDEADA EASYPACT 3X30KA -100A &#8211; 415VCA"},"content":{"rendered":"<p>INTERRUPTOR COMPACTO EN CAJA MOLDEADA<\/p>\n","protected":false},"excerpt":{"rendered":"<p>Easypact de Schneider Electric es la soluci\u00f3n f\u00e1cil y sencilla que responde a todas las necesidades en t\u00e9rminos de protecci\u00f3n de instalaciones el\u00e9ctricas de baja tensi\u00f3n.&#8221; &#8220;Este es un interruptor termomagn\u00e9tico, o llave t\u00e9rmica, fijo de 3 polos para EasyPact EZC100H.&#8221; &#8220;Se utiliza para aplicaciones est\u00e1ndar en industrias y edificios, ofreciendo un buen rendimiento a un precio competitivo.&#8221; &#8220;La capacidad de corte (Icu) es de 30kA rms a 415V CA 50\/60Hz. &#8221; &#8220;El voltaje de operaci\u00f3n es de 550V CA 50\/60Hz o 250V CC. &#8221; &#8220;El valor nominal de la unidad de disparo termomagn\u00e9tico es de 100A.&#8221; &#8220;La unidad de disparo proporciona protecci\u00f3n contra sobrecarga fija e instant\u00e1nea. &#8221; &#8220;Este llave t\u00e9rmica tripolar tiene dimensiones de 75mm (An.) x 130mm (Alt.) x 60mm(Prof.) e incluye una variedad de funciones y accesorios opcionales.&#8221; &#8221; Este producto cumple con las normas internacionales (IEC 60947, UL 508) y las certificaciones mar\u00edtimas.&#8221; &#8220;Los interruptores termomagn\u00e9ticos Easypact EZC cuentan con la etiqueta Green PremiumTM,&#8221; &#8220;la cual promete el cumplimiento de las reglamentaciones m\u00e1s recientes, transparencia sobre los impactos medioambientales, productos circulares y de bajo nivel de CO2.&#8221;<\/p>\n","protected":false},"featured_media":32081,"comment_status":"open","ping_status":"closed","template":"","meta":{"_monsterinsights_skip_tracking":false,"_monsterinsights_sitenote_active":false,"_monsterinsights_sitenote_note":"","_monsterinsights_sitenote_category":0},"product_brand":[],"product_cat":[151],"product_tag":[450],"class_list":{"0":"post-32080","1":"product","2":"type-product","3":"status-publish","4":"has-post-thumbnail","6":"product_cat-k-interruptor-compacto","7":"product_tag-schneider","9":"first","10":"outofstock","11":"shipping-taxable","12":"purchasable","13":"product-type-simple"},"yoast_head":"<!-- This site is optimized with the Yoast SEO plugin v25.3.1 - https:\/\/yoast.com\/wordpress\/plugins\/seo\/ -->\n<title>INTERRUPTOR COMPACTO EN CAJA MOLDEADA EASYPACT 3X30KA -100A - 415VCA - Tienda Rigelec<\/title>\n<meta name=\"robots\" content=\"index, follow, max-snippet:-1, max-image-preview:large, max-video-preview:-1\" \/>\n<link rel=\"canonical\" href=\"https:\/\/tienda.rigelec.com.ar\/?product=interruptor-compacto-en-caja-moldeada-easypact-3x30ka-100a-415vca\" \/>\n<meta property=\"og:locale\" content=\"es_ES\" \/>\n<meta property=\"og:type\" content=\"article\" \/>\n<meta property=\"og:title\" content=\"INTERRUPTOR COMPACTO EN CAJA MOLDEADA EASYPACT 3X30KA -100A - 415VCA - Tienda Rigelec\" \/>\n<meta property=\"og:description\" content=\"Easypact de Schneider Electric es la soluci\u00f3n f\u00e1cil y sencilla que responde a todas las necesidades en t\u00e9rminos de protecci\u00f3n de instalaciones el\u00e9ctricas de baja tensi\u00f3n.&quot; &quot;Este es un interruptor termomagn\u00e9tico, o llave t\u00e9rmica, fijo de 3 polos para EasyPact EZC100H.&quot; &quot;Se utiliza para aplicaciones est\u00e1ndar en industrias y edificios, ofreciendo un buen rendimiento a un precio competitivo.&quot; &quot;La capacidad de corte (Icu) es de 30kA rms a 415V CA 50\/60Hz. &quot; &quot;El voltaje de operaci\u00f3n es de 550V CA 50\/60Hz o 250V CC. &quot; &quot;El valor nominal de la unidad de disparo termomagn\u00e9tico es de 100A.&quot; &quot;La unidad de disparo proporciona protecci\u00f3n contra sobrecarga fija e instant\u00e1nea. &quot; &quot;Este llave t\u00e9rmica tripolar tiene dimensiones de 75mm (An.) x 130mm (Alt.) x 60mm(Prof.) e incluye una variedad de funciones y accesorios opcionales.&quot; &quot; Este producto cumple con las normas internacionales (IEC 60947, UL 508) y las certificaciones mar\u00edtimas.&quot; &quot;Los interruptores termomagn\u00e9ticos Easypact EZC cuentan con la etiqueta Green PremiumTM,&quot; &quot;la cual promete el cumplimiento de las reglamentaciones m\u00e1s recientes, transparencia sobre los impactos medioambientales, productos circulares y de bajo nivel de CO2.&quot;\" \/>\n<meta property=\"og:url\" content=\"https:\/\/tienda.rigelec.com.ar\/?product=interruptor-compacto-en-caja-moldeada-easypact-3x30ka-100a-415vca\" \/>\n<meta property=\"og:site_name\" content=\"Tienda Rigelec\" \/>\n<meta property=\"article:modified_time\" content=\"2026-05-06T07:53:03+00:00\" \/>\n<meta name=\"twitter:card\" content=\"summary_large_image\" \/>\n<script type=\"application\/ld+json\" class=\"yoast-schema-graph\">{\"@context\":\"https:\/\/schema.org\",\"@graph\":[{\"@type\":\"WebPage\",\"@id\":\"https:\/\/tienda.rigelec.com.ar\/?product=interruptor-compacto-en-caja-moldeada-easypact-3x30ka-100a-415vca\",\"url\":\"https:\/\/tienda.rigelec.com.ar\/?product=interruptor-compacto-en-caja-moldeada-easypact-3x30ka-100a-415vca\",\"name\":\"INTERRUPTOR COMPACTO EN CAJA MOLDEADA EASYPACT 3X30KA -100A - 415VCA - Tienda Rigelec\",\"isPartOf\":{\"@id\":\"https:\/\/tienda.rigelec.com.ar\/#website\"},\"primaryImageOfPage\":{\"@id\":\"https:\/\/tienda.rigelec.com.ar\/?product=interruptor-compacto-en-caja-moldeada-easypact-3x30ka-100a-415vca#primaryimage\"},\"image\":{\"@id\":\"https:\/\/tienda.rigelec.com.ar\/?product=interruptor-compacto-en-caja-moldeada-easypact-3x30ka-100a-415vca#primaryimage\"},\"thumbnailUrl\":\"https:\/\/tienda.rigelec.com.ar\/wp-content\/uploads\/2025\/08\/INTERRUPTORCOMPACTOENCAJAMOLDEADA-7.jpg\",\"datePublished\":\"2025-08-25T18:12:17+00:00\",\"dateModified\":\"2026-05-06T07:53:03+00:00\",\"breadcrumb\":{\"@id\":\"https:\/\/tienda.rigelec.com.ar\/?product=interruptor-compacto-en-caja-moldeada-easypact-3x30ka-100a-415vca#breadcrumb\"},\"inLanguage\":\"es-AR\",\"potentialAction\":[{\"@type\":\"ReadAction\",\"target\":[\"https:\/\/tienda.rigelec.com.ar\/?product=interruptor-compacto-en-caja-moldeada-easypact-3x30ka-100a-415vca\"]}]},{\"@type\":\"ImageObject\",\"inLanguage\":\"es-AR\",\"@id\":\"https:\/\/tienda.rigelec.com.ar\/?product=interruptor-compacto-en-caja-moldeada-easypact-3x30ka-100a-415vca#primaryimage\",\"url\":\"https:\/\/tienda.rigelec.com.ar\/wp-content\/uploads\/2025\/08\/INTERRUPTORCOMPACTOENCAJAMOLDEADA-7.jpg\",\"contentUrl\":\"https:\/\/tienda.rigelec.com.ar\/wp-content\/uploads\/2025\/08\/INTERRUPTORCOMPACTOENCAJAMOLDEADA-7.jpg\",\"width\":1080,\"height\":1080},{\"@type\":\"BreadcrumbList\",\"@id\":\"https:\/\/tienda.rigelec.com.ar\/?product=interruptor-compacto-en-caja-moldeada-easypact-3x30ka-100a-415vca#breadcrumb\",\"itemListElement\":[{\"@type\":\"ListItem\",\"position\":1,\"name\":\"Inicio\",\"item\":\"https:\/\/tienda.rigelec.com.ar\/\"},{\"@type\":\"ListItem\",\"position\":2,\"name\":\"Shop\",\"item\":\"https:\/\/tienda.rigelec.com.ar\/?page_id=12\"},{\"@type\":\"ListItem\",\"position\":3,\"name\":\"INTERRUPTOR COMPACTO EN CAJA MOLDEADA EASYPACT 3X30KA -100A &#8211; 415VCA\"}]},{\"@type\":\"WebSite\",\"@id\":\"https:\/\/tienda.rigelec.com.ar\/#website\",\"url\":\"https:\/\/tienda.rigelec.com.ar\/\",\"name\":\"Tienda Rigelec\",\"description\":\"Energia en movimiento\",\"publisher\":{\"@id\":\"https:\/\/tienda.rigelec.com.ar\/#organization\"},\"potentialAction\":[{\"@type\":\"SearchAction\",\"target\":{\"@type\":\"EntryPoint\",\"urlTemplate\":\"https:\/\/tienda.rigelec.com.ar\/?s={search_term_string}\"},\"query-input\":{\"@type\":\"PropertyValueSpecification\",\"valueRequired\":true,\"valueName\":\"search_term_string\"}}],\"inLanguage\":\"es-AR\"},{\"@type\":\"Organization\",\"@id\":\"https:\/\/tienda.rigelec.com.ar\/#organization\",\"name\":\"Tienda Rigelec\",\"url\":\"https:\/\/tienda.rigelec.com.ar\/\",\"logo\":{\"@type\":\"ImageObject\",\"inLanguage\":\"es-AR\",\"@id\":\"https:\/\/tienda.rigelec.com.ar\/#\/schema\/logo\/image\/\",\"url\":\"https:\/\/tienda.rigelec.com.ar\/wp-content\/uploads\/2024\/09\/isologo-blanco-rigelec.png\",\"contentUrl\":\"https:\/\/tienda.rigelec.com.ar\/wp-content\/uploads\/2024\/09\/isologo-blanco-rigelec.png\",\"width\":94,\"height\":97,\"caption\":\"Tienda Rigelec\"},\"image\":{\"@id\":\"https:\/\/tienda.rigelec.com.ar\/#\/schema\/logo\/image\/\"}}]}<\/script>\n<!-- \/ Yoast SEO plugin. -->","yoast_head_json":{"title":"INTERRUPTOR COMPACTO EN CAJA MOLDEADA EASYPACT 3X30KA -100A - 415VCA - Tienda Rigelec","robots":{"index":"index","follow":"follow","max-snippet":"max-snippet:-1","max-image-preview":"max-image-preview:large","max-video-preview":"max-video-preview:-1"},"canonical":"https:\/\/tienda.rigelec.com.ar\/?product=interruptor-compacto-en-caja-moldeada-easypact-3x30ka-100a-415vca","og_locale":"es_ES","og_type":"article","og_title":"INTERRUPTOR COMPACTO EN CAJA MOLDEADA EASYPACT 3X30KA -100A - 415VCA - Tienda Rigelec","og_description":"Easypact de Schneider Electric es la soluci\u00f3n f\u00e1cil y sencilla que responde a todas las necesidades en t\u00e9rminos de protecci\u00f3n de instalaciones el\u00e9ctricas de baja tensi\u00f3n.\" \"Este es un interruptor termomagn\u00e9tico, o llave t\u00e9rmica, fijo de 3 polos para EasyPact EZC100H.\" \"Se utiliza para aplicaciones est\u00e1ndar en industrias y edificios, ofreciendo un buen rendimiento a un precio competitivo.\" \"La capacidad de corte (Icu) es de 30kA rms a 415V CA 50\/60Hz. \" \"El voltaje de operaci\u00f3n es de 550V CA 50\/60Hz o 250V CC. \" \"El valor nominal de la unidad de disparo termomagn\u00e9tico es de 100A.\" \"La unidad de disparo proporciona protecci\u00f3n contra sobrecarga fija e instant\u00e1nea. \" \"Este llave t\u00e9rmica tripolar tiene dimensiones de 75mm (An.) x 130mm (Alt.) x 60mm(Prof.) e incluye una variedad de funciones y accesorios opcionales.\" \" Este producto cumple con las normas internacionales (IEC 60947, UL 508) y las certificaciones mar\u00edtimas.\" \"Los interruptores termomagn\u00e9ticos Easypact EZC cuentan con la etiqueta Green PremiumTM,\" \"la cual promete el cumplimiento de las reglamentaciones m\u00e1s recientes, transparencia sobre los impactos medioambientales, productos circulares y de bajo nivel de CO2.\"","og_url":"https:\/\/tienda.rigelec.com.ar\/?product=interruptor-compacto-en-caja-moldeada-easypact-3x30ka-100a-415vca","og_site_name":"Tienda Rigelec","article_modified_time":"2026-05-06T07:53:03+00:00","twitter_card":"summary_large_image","schema":{"@context":"https:\/\/schema.org","@graph":[{"@type":"WebPage","@id":"https:\/\/tienda.rigelec.com.ar\/?product=interruptor-compacto-en-caja-moldeada-easypact-3x30ka-100a-415vca","url":"https:\/\/tienda.rigelec.com.ar\/?product=interruptor-compacto-en-caja-moldeada-easypact-3x30ka-100a-415vca","name":"INTERRUPTOR COMPACTO EN CAJA MOLDEADA EASYPACT 3X30KA -100A - 415VCA - Tienda Rigelec","isPartOf":{"@id":"https:\/\/tienda.rigelec.com.ar\/#website"},"primaryImageOfPage":{"@id":"https:\/\/tienda.rigelec.com.ar\/?product=interruptor-compacto-en-caja-moldeada-easypact-3x30ka-100a-415vca#primaryimage"},"image":{"@id":"https:\/\/tienda.rigelec.com.ar\/?product=interruptor-compacto-en-caja-moldeada-easypact-3x30ka-100a-415vca#primaryimage"},"thumbnailUrl":"https:\/\/tienda.rigelec.com.ar\/wp-content\/uploads\/2025\/08\/INTERRUPTORCOMPACTOENCAJAMOLDEADA-7.jpg","datePublished":"2025-08-25T18:12:17+00:00","dateModified":"2026-05-06T07:53:03+00:00","breadcrumb":{"@id":"https:\/\/tienda.rigelec.com.ar\/?product=interruptor-compacto-en-caja-moldeada-easypact-3x30ka-100a-415vca#breadcrumb"},"inLanguage":"es-AR","potentialAction":[{"@type":"ReadAction","target":["https:\/\/tienda.rigelec.com.ar\/?product=interruptor-compacto-en-caja-moldeada-easypact-3x30ka-100a-415vca"]}]},{"@type":"ImageObject","inLanguage":"es-AR","@id":"https:\/\/tienda.rigelec.com.ar\/?product=interruptor-compacto-en-caja-moldeada-easypact-3x30ka-100a-415vca#primaryimage","url":"https:\/\/tienda.rigelec.com.ar\/wp-content\/uploads\/2025\/08\/INTERRUPTORCOMPACTOENCAJAMOLDEADA-7.jpg","contentUrl":"https:\/\/tienda.rigelec.com.ar\/wp-content\/uploads\/2025\/08\/INTERRUPTORCOMPACTOENCAJAMOLDEADA-7.jpg","width":1080,"height":1080},{"@type":"BreadcrumbList","@id":"https:\/\/tienda.rigelec.com.ar\/?product=interruptor-compacto-en-caja-moldeada-easypact-3x30ka-100a-415vca#breadcrumb","itemListElement":[{"@type":"ListItem","position":1,"name":"Inicio","item":"https:\/\/tienda.rigelec.com.ar\/"},{"@type":"ListItem","position":2,"name":"Shop","item":"https:\/\/tienda.rigelec.com.ar\/?page_id=12"},{"@type":"ListItem","position":3,"name":"INTERRUPTOR COMPACTO EN CAJA MOLDEADA EASYPACT 3X30KA -100A &#8211; 415VCA"}]},{"@type":"WebSite","@id":"https:\/\/tienda.rigelec.com.ar\/#website","url":"https:\/\/tienda.rigelec.com.ar\/","name":"Tienda Rigelec","description":"Energia en movimiento","publisher":{"@id":"https:\/\/tienda.rigelec.com.ar\/#organization"},"potentialAction":[{"@type":"SearchAction","target":{"@type":"EntryPoint","urlTemplate":"https:\/\/tienda.rigelec.com.ar\/?s={search_term_string}"},"query-input":{"@type":"PropertyValueSpecification","valueRequired":true,"valueName":"search_term_string"}}],"inLanguage":"es-AR"},{"@type":"Organization","@id":"https:\/\/tienda.rigelec.com.ar\/#organization","name":"Tienda Rigelec","url":"https:\/\/tienda.rigelec.com.ar\/","logo":{"@type":"ImageObject","inLanguage":"es-AR","@id":"https:\/\/tienda.rigelec.com.ar\/#\/schema\/logo\/image\/","url":"https:\/\/tienda.rigelec.com.ar\/wp-content\/uploads\/2024\/09\/isologo-blanco-rigelec.png","contentUrl":"https:\/\/tienda.rigelec.com.ar\/wp-content\/uploads\/2024\/09\/isologo-blanco-rigelec.png","width":94,"height":97,"caption":"Tienda Rigelec"},"image":{"@id":"https:\/\/tienda.rigelec.com.ar\/#\/schema\/logo\/image\/"}}]}},"jetpack_sharing_enabled":true,"_links":{"self":[{"href":"https:\/\/tienda.rigelec.com.ar\/index.php?rest_route=\/wp\/v2\/product\/32080","targetHints":{"allow":["GET"]}}],"collection":[{"href":"https:\/\/tienda.rigelec.com.ar\/index.php?rest_route=\/wp\/v2\/product"}],"about":[{"href":"https:\/\/tienda.rigelec.com.ar\/index.php?rest_route=\/wp\/v2\/types\/product"}],"replies":[{"embeddable":true,"href":"https:\/\/tienda.rigelec.com.ar\/index.php?rest_route=%2Fwp%2Fv2%2Fcomments&post=32080"}],"wp:featuredmedia":[{"embeddable":true,"href":"https:\/\/tienda.rigelec.com.ar\/index.php?rest_route=\/wp\/v2\/media\/32081"}],"wp:attachment":[{"href":"https:\/\/tienda.rigelec.com.ar\/index.php?rest_route=%2Fwp%2Fv2%2Fmedia&parent=32080"}],"wp:term":[{"taxonomy":"product_brand","embeddable":true,"href":"https:\/\/tienda.rigelec.com.ar\/index.php?rest_route=%2Fwp%2Fv2%2Fproduct_brand&post=32080"},{"taxonomy":"product_cat","embeddable":true,"href":"https:\/\/tienda.rigelec.com.ar\/index.php?rest_route=%2Fwp%2Fv2%2Fproduct_cat&post=32080"},{"taxonomy":"product_tag","embeddable":true,"href":"https:\/\/tienda.rigelec.com.ar\/index.php?rest_route=%2Fwp%2Fv2%2Fproduct_tag&post=32080"}],"curies":[{"name":"wp","href":"https:\/\/api.w.org\/{rel}","templated":true}]}}