{"id":32101,"date":"2025-08-26T09:55:40","date_gmt":"2025-08-26T12:55:40","guid":{"rendered":"https:\/\/tienda.rigelec.com.ar\/?product=interruptor-compacto-en-caja-moldeada-nsx250b-3x25ka-415vca-205a"},"modified":"2026-05-01T02:21:09","modified_gmt":"2026-05-01T05:21:09","slug":"interruptor-compacto-en-caja-moldeada-nsx250b-3x25ka-415vca-205a","status":"publish","type":"product","link":"https:\/\/tienda.rigelec.com.ar\/?product=interruptor-compacto-en-caja-moldeada-nsx250b-3x25ka-415vca-205a","title":{"rendered":"INTERRUPTOR COMPACTO EN CAJA MOLDEADA NSX250B 3X25KA &#8211; 415VCA -205A"},"content":{"rendered":"<p>INTERRUPTOR COMPACTO EN CAJA MOLDEADA<\/p>\n","protected":false},"excerpt":{"rendered":"<p>Este ComPacT NSX250B es un disyuntor fijo 3P 3d completo dise\u00f1ado para optimizar el espacio y la capacidad de interrupci\u00f3n. Es una opci\u00f3n \u00f3ptima para todas las aplicaciones est\u00e1ndar y espec\u00edficas. La capacidad de apertura (Icu) es de 25 kA rms a 415 V CA 50\/60 Hz. El voltaje de funcionamiento es de 690VCA 50\/60Hz. Este producto incorpora una unidad de desconexi\u00f3n termomagn\u00e9tica (TMD) de 250 A. La unidad de desconexi\u00f3n TMD proporciona una protecci\u00f3n t\u00e9rmica ajustable contra la sobrecarga y una protecci\u00f3n magn\u00e9tica fija. Esta versi\u00f3n de 3 polos (105mm x 161mm x 86mm) incluye una variedad de funciones y accesorios opcionales. Cumple con est\u00e1ndares internacionales (IEC 60947), CCC, EAC y especificaciones marinas. ComPacT NSX250B es parte de la arquitectura EcoStruxure Power de Schneider Electric.<\/p>\n","protected":false},"featured_media":32102,"comment_status":"open","ping_status":"closed","template":"","meta":{"_monsterinsights_skip_tracking":false,"_monsterinsights_sitenote_active":false,"_monsterinsights_sitenote_note":"","_monsterinsights_sitenote_category":0},"product_brand":[],"product_cat":[151],"product_tag":[450],"class_list":{"0":"post-32101","1":"product","2":"type-product","3":"status-publish","4":"has-post-thumbnail","6":"product_cat-k-interruptor-compacto","7":"product_tag-schneider","9":"first","10":"outofstock","11":"shipping-taxable","12":"purchasable","13":"product-type-simple"},"yoast_head":"<!-- This site is optimized with the Yoast SEO plugin v25.3.1 - https:\/\/yoast.com\/wordpress\/plugins\/seo\/ -->\n<title>INTERRUPTOR COMPACTO EN CAJA MOLDEADA NSX250B 3X25KA - 415VCA -205A - Tienda Rigelec<\/title>\n<meta name=\"robots\" content=\"index, follow, max-snippet:-1, max-image-preview:large, max-video-preview:-1\" \/>\n<link rel=\"canonical\" href=\"https:\/\/tienda.rigelec.com.ar\/?product=interruptor-compacto-en-caja-moldeada-nsx250b-3x25ka-415vca-205a\" \/>\n<meta property=\"og:locale\" content=\"es_ES\" \/>\n<meta property=\"og:type\" content=\"article\" \/>\n<meta property=\"og:title\" content=\"INTERRUPTOR COMPACTO EN CAJA MOLDEADA NSX250B 3X25KA - 415VCA -205A - Tienda Rigelec\" \/>\n<meta property=\"og:description\" content=\"Este ComPacT NSX250B es un disyuntor fijo 3P 3d completo dise\u00f1ado para optimizar el espacio y la capacidad de interrupci\u00f3n. Es una opci\u00f3n \u00f3ptima para todas las aplicaciones est\u00e1ndar y espec\u00edficas. La capacidad de apertura (Icu) es de 25 kA rms a 415 V CA 50\/60 Hz. El voltaje de funcionamiento es de 690VCA 50\/60Hz. Este producto incorpora una unidad de desconexi\u00f3n termomagn\u00e9tica (TMD) de 250 A. La unidad de desconexi\u00f3n TMD proporciona una protecci\u00f3n t\u00e9rmica ajustable contra la sobrecarga y una protecci\u00f3n magn\u00e9tica fija. Esta versi\u00f3n de 3 polos (105mm x 161mm x 86mm) incluye una variedad de funciones y accesorios opcionales. Cumple con est\u00e1ndares internacionales (IEC 60947), CCC, EAC y especificaciones marinas. ComPacT NSX250B es parte de la arquitectura EcoStruxure Power de Schneider Electric.\" \/>\n<meta property=\"og:url\" content=\"https:\/\/tienda.rigelec.com.ar\/?product=interruptor-compacto-en-caja-moldeada-nsx250b-3x25ka-415vca-205a\" \/>\n<meta property=\"og:site_name\" content=\"Tienda Rigelec\" \/>\n<meta property=\"article:modified_time\" content=\"2026-05-01T05:21:09+00:00\" \/>\n<meta name=\"twitter:card\" content=\"summary_large_image\" \/>\n<script type=\"application\/ld+json\" class=\"yoast-schema-graph\">{\"@context\":\"https:\/\/schema.org\",\"@graph\":[{\"@type\":\"WebPage\",\"@id\":\"https:\/\/tienda.rigelec.com.ar\/?product=interruptor-compacto-en-caja-moldeada-nsx250b-3x25ka-415vca-205a\",\"url\":\"https:\/\/tienda.rigelec.com.ar\/?product=interruptor-compacto-en-caja-moldeada-nsx250b-3x25ka-415vca-205a\",\"name\":\"INTERRUPTOR COMPACTO EN CAJA MOLDEADA NSX250B 3X25KA - 415VCA -205A - Tienda Rigelec\",\"isPartOf\":{\"@id\":\"https:\/\/tienda.rigelec.com.ar\/#website\"},\"primaryImageOfPage\":{\"@id\":\"https:\/\/tienda.rigelec.com.ar\/?product=interruptor-compacto-en-caja-moldeada-nsx250b-3x25ka-415vca-205a#primaryimage\"},\"image\":{\"@id\":\"https:\/\/tienda.rigelec.com.ar\/?product=interruptor-compacto-en-caja-moldeada-nsx250b-3x25ka-415vca-205a#primaryimage\"},\"thumbnailUrl\":\"https:\/\/tienda.rigelec.com.ar\/wp-content\/uploads\/2025\/08\/INTERRUPTORCOMPACTOENCAJAMOLDEADA-9.jpg\",\"datePublished\":\"2025-08-26T12:55:40+00:00\",\"dateModified\":\"2026-05-01T05:21:09+00:00\",\"breadcrumb\":{\"@id\":\"https:\/\/tienda.rigelec.com.ar\/?product=interruptor-compacto-en-caja-moldeada-nsx250b-3x25ka-415vca-205a#breadcrumb\"},\"inLanguage\":\"es-AR\",\"potentialAction\":[{\"@type\":\"ReadAction\",\"target\":[\"https:\/\/tienda.rigelec.com.ar\/?product=interruptor-compacto-en-caja-moldeada-nsx250b-3x25ka-415vca-205a\"]}]},{\"@type\":\"ImageObject\",\"inLanguage\":\"es-AR\",\"@id\":\"https:\/\/tienda.rigelec.com.ar\/?product=interruptor-compacto-en-caja-moldeada-nsx250b-3x25ka-415vca-205a#primaryimage\",\"url\":\"https:\/\/tienda.rigelec.com.ar\/wp-content\/uploads\/2025\/08\/INTERRUPTORCOMPACTOENCAJAMOLDEADA-9.jpg\",\"contentUrl\":\"https:\/\/tienda.rigelec.com.ar\/wp-content\/uploads\/2025\/08\/INTERRUPTORCOMPACTOENCAJAMOLDEADA-9.jpg\",\"width\":1500,\"height\":1500},{\"@type\":\"BreadcrumbList\",\"@id\":\"https:\/\/tienda.rigelec.com.ar\/?product=interruptor-compacto-en-caja-moldeada-nsx250b-3x25ka-415vca-205a#breadcrumb\",\"itemListElement\":[{\"@type\":\"ListItem\",\"position\":1,\"name\":\"Inicio\",\"item\":\"https:\/\/tienda.rigelec.com.ar\/\"},{\"@type\":\"ListItem\",\"position\":2,\"name\":\"Shop\",\"item\":\"https:\/\/tienda.rigelec.com.ar\/?page_id=12\"},{\"@type\":\"ListItem\",\"position\":3,\"name\":\"INTERRUPTOR COMPACTO EN CAJA MOLDEADA NSX250B 3X25KA &#8211; 415VCA -205A\"}]},{\"@type\":\"WebSite\",\"@id\":\"https:\/\/tienda.rigelec.com.ar\/#website\",\"url\":\"https:\/\/tienda.rigelec.com.ar\/\",\"name\":\"Tienda Rigelec\",\"description\":\"Energia en movimiento\",\"publisher\":{\"@id\":\"https:\/\/tienda.rigelec.com.ar\/#organization\"},\"potentialAction\":[{\"@type\":\"SearchAction\",\"target\":{\"@type\":\"EntryPoint\",\"urlTemplate\":\"https:\/\/tienda.rigelec.com.ar\/?s={search_term_string}\"},\"query-input\":{\"@type\":\"PropertyValueSpecification\",\"valueRequired\":true,\"valueName\":\"search_term_string\"}}],\"inLanguage\":\"es-AR\"},{\"@type\":\"Organization\",\"@id\":\"https:\/\/tienda.rigelec.com.ar\/#organization\",\"name\":\"Tienda Rigelec\",\"url\":\"https:\/\/tienda.rigelec.com.ar\/\",\"logo\":{\"@type\":\"ImageObject\",\"inLanguage\":\"es-AR\",\"@id\":\"https:\/\/tienda.rigelec.com.ar\/#\/schema\/logo\/image\/\",\"url\":\"https:\/\/tienda.rigelec.com.ar\/wp-content\/uploads\/2024\/09\/isologo-blanco-rigelec.png\",\"contentUrl\":\"https:\/\/tienda.rigelec.com.ar\/wp-content\/uploads\/2024\/09\/isologo-blanco-rigelec.png\",\"width\":94,\"height\":97,\"caption\":\"Tienda Rigelec\"},\"image\":{\"@id\":\"https:\/\/tienda.rigelec.com.ar\/#\/schema\/logo\/image\/\"}}]}<\/script>\n<!-- \/ Yoast SEO plugin. -->","yoast_head_json":{"title":"INTERRUPTOR COMPACTO EN CAJA MOLDEADA NSX250B 3X25KA - 415VCA -205A - Tienda Rigelec","robots":{"index":"index","follow":"follow","max-snippet":"max-snippet:-1","max-image-preview":"max-image-preview:large","max-video-preview":"max-video-preview:-1"},"canonical":"https:\/\/tienda.rigelec.com.ar\/?product=interruptor-compacto-en-caja-moldeada-nsx250b-3x25ka-415vca-205a","og_locale":"es_ES","og_type":"article","og_title":"INTERRUPTOR COMPACTO EN CAJA MOLDEADA NSX250B 3X25KA - 415VCA -205A - Tienda Rigelec","og_description":"Este ComPacT NSX250B es un disyuntor fijo 3P 3d completo dise\u00f1ado para optimizar el espacio y la capacidad de interrupci\u00f3n. Es una opci\u00f3n \u00f3ptima para todas las aplicaciones est\u00e1ndar y espec\u00edficas. La capacidad de apertura (Icu) es de 25 kA rms a 415 V CA 50\/60 Hz. El voltaje de funcionamiento es de 690VCA 50\/60Hz. Este producto incorpora una unidad de desconexi\u00f3n termomagn\u00e9tica (TMD) de 250 A. La unidad de desconexi\u00f3n TMD proporciona una protecci\u00f3n t\u00e9rmica ajustable contra la sobrecarga y una protecci\u00f3n magn\u00e9tica fija. Esta versi\u00f3n de 3 polos (105mm x 161mm x 86mm) incluye una variedad de funciones y accesorios opcionales. Cumple con est\u00e1ndares internacionales (IEC 60947), CCC, EAC y especificaciones marinas. ComPacT NSX250B es parte de la arquitectura EcoStruxure Power de Schneider Electric.","og_url":"https:\/\/tienda.rigelec.com.ar\/?product=interruptor-compacto-en-caja-moldeada-nsx250b-3x25ka-415vca-205a","og_site_name":"Tienda Rigelec","article_modified_time":"2026-05-01T05:21:09+00:00","twitter_card":"summary_large_image","schema":{"@context":"https:\/\/schema.org","@graph":[{"@type":"WebPage","@id":"https:\/\/tienda.rigelec.com.ar\/?product=interruptor-compacto-en-caja-moldeada-nsx250b-3x25ka-415vca-205a","url":"https:\/\/tienda.rigelec.com.ar\/?product=interruptor-compacto-en-caja-moldeada-nsx250b-3x25ka-415vca-205a","name":"INTERRUPTOR COMPACTO EN CAJA MOLDEADA NSX250B 3X25KA - 415VCA -205A - Tienda Rigelec","isPartOf":{"@id":"https:\/\/tienda.rigelec.com.ar\/#website"},"primaryImageOfPage":{"@id":"https:\/\/tienda.rigelec.com.ar\/?product=interruptor-compacto-en-caja-moldeada-nsx250b-3x25ka-415vca-205a#primaryimage"},"image":{"@id":"https:\/\/tienda.rigelec.com.ar\/?product=interruptor-compacto-en-caja-moldeada-nsx250b-3x25ka-415vca-205a#primaryimage"},"thumbnailUrl":"https:\/\/tienda.rigelec.com.ar\/wp-content\/uploads\/2025\/08\/INTERRUPTORCOMPACTOENCAJAMOLDEADA-9.jpg","datePublished":"2025-08-26T12:55:40+00:00","dateModified":"2026-05-01T05:21:09+00:00","breadcrumb":{"@id":"https:\/\/tienda.rigelec.com.ar\/?product=interruptor-compacto-en-caja-moldeada-nsx250b-3x25ka-415vca-205a#breadcrumb"},"inLanguage":"es-AR","potentialAction":[{"@type":"ReadAction","target":["https:\/\/tienda.rigelec.com.ar\/?product=interruptor-compacto-en-caja-moldeada-nsx250b-3x25ka-415vca-205a"]}]},{"@type":"ImageObject","inLanguage":"es-AR","@id":"https:\/\/tienda.rigelec.com.ar\/?product=interruptor-compacto-en-caja-moldeada-nsx250b-3x25ka-415vca-205a#primaryimage","url":"https:\/\/tienda.rigelec.com.ar\/wp-content\/uploads\/2025\/08\/INTERRUPTORCOMPACTOENCAJAMOLDEADA-9.jpg","contentUrl":"https:\/\/tienda.rigelec.com.ar\/wp-content\/uploads\/2025\/08\/INTERRUPTORCOMPACTOENCAJAMOLDEADA-9.jpg","width":1500,"height":1500},{"@type":"BreadcrumbList","@id":"https:\/\/tienda.rigelec.com.ar\/?product=interruptor-compacto-en-caja-moldeada-nsx250b-3x25ka-415vca-205a#breadcrumb","itemListElement":[{"@type":"ListItem","position":1,"name":"Inicio","item":"https:\/\/tienda.rigelec.com.ar\/"},{"@type":"ListItem","position":2,"name":"Shop","item":"https:\/\/tienda.rigelec.com.ar\/?page_id=12"},{"@type":"ListItem","position":3,"name":"INTERRUPTOR COMPACTO EN CAJA MOLDEADA NSX250B 3X25KA &#8211; 415VCA -205A"}]},{"@type":"WebSite","@id":"https:\/\/tienda.rigelec.com.ar\/#website","url":"https:\/\/tienda.rigelec.com.ar\/","name":"Tienda Rigelec","description":"Energia en movimiento","publisher":{"@id":"https:\/\/tienda.rigelec.com.ar\/#organization"},"potentialAction":[{"@type":"SearchAction","target":{"@type":"EntryPoint","urlTemplate":"https:\/\/tienda.rigelec.com.ar\/?s={search_term_string}"},"query-input":{"@type":"PropertyValueSpecification","valueRequired":true,"valueName":"search_term_string"}}],"inLanguage":"es-AR"},{"@type":"Organization","@id":"https:\/\/tienda.rigelec.com.ar\/#organization","name":"Tienda Rigelec","url":"https:\/\/tienda.rigelec.com.ar\/","logo":{"@type":"ImageObject","inLanguage":"es-AR","@id":"https:\/\/tienda.rigelec.com.ar\/#\/schema\/logo\/image\/","url":"https:\/\/tienda.rigelec.com.ar\/wp-content\/uploads\/2024\/09\/isologo-blanco-rigelec.png","contentUrl":"https:\/\/tienda.rigelec.com.ar\/wp-content\/uploads\/2024\/09\/isologo-blanco-rigelec.png","width":94,"height":97,"caption":"Tienda Rigelec"},"image":{"@id":"https:\/\/tienda.rigelec.com.ar\/#\/schema\/logo\/image\/"}}]}},"jetpack_sharing_enabled":true,"_links":{"self":[{"href":"https:\/\/tienda.rigelec.com.ar\/index.php?rest_route=\/wp\/v2\/product\/32101","targetHints":{"allow":["GET"]}}],"collection":[{"href":"https:\/\/tienda.rigelec.com.ar\/index.php?rest_route=\/wp\/v2\/product"}],"about":[{"href":"https:\/\/tienda.rigelec.com.ar\/index.php?rest_route=\/wp\/v2\/types\/product"}],"replies":[{"embeddable":true,"href":"https:\/\/tienda.rigelec.com.ar\/index.php?rest_route=%2Fwp%2Fv2%2Fcomments&post=32101"}],"wp:featuredmedia":[{"embeddable":true,"href":"https:\/\/tienda.rigelec.com.ar\/index.php?rest_route=\/wp\/v2\/media\/32102"}],"wp:attachment":[{"href":"https:\/\/tienda.rigelec.com.ar\/index.php?rest_route=%2Fwp%2Fv2%2Fmedia&parent=32101"}],"wp:term":[{"taxonomy":"product_brand","embeddable":true,"href":"https:\/\/tienda.rigelec.com.ar\/index.php?rest_route=%2Fwp%2Fv2%2Fproduct_brand&post=32101"},{"taxonomy":"product_cat","embeddable":true,"href":"https:\/\/tienda.rigelec.com.ar\/index.php?rest_route=%2Fwp%2Fv2%2Fproduct_cat&post=32101"},{"taxonomy":"product_tag","embeddable":true,"href":"https:\/\/tienda.rigelec.com.ar\/index.php?rest_route=%2Fwp%2Fv2%2Fproduct_tag&post=32101"}],"curies":[{"name":"wp","href":"https:\/\/api.w.org\/{rel}","templated":true}]}}