{"id":32140,"date":"2025-08-27T14:16:32","date_gmt":"2025-08-27T17:16:32","guid":{"rendered":"https:\/\/tienda.rigelec.com.ar\/?product=cable-canal-superficie-60x40-ranurado-dexson-2m"},"modified":"2026-05-03T22:17:04","modified_gmt":"2026-05-04T01:17:04","slug":"cable-canal-superficie-60x40-ranurado-dexson-2m","status":"publish","type":"product","link":"https:\/\/tienda.rigelec.com.ar\/?product=cable-canal-superficie-60x40-ranurado-dexson-2m","title":{"rendered":"CABLE CANAL SUPERFICIE 60X40 RANURADO &#8211; DEXSON 2M"},"content":{"rendered":"<p>CABLE CANAL SUPERFICIE 60X40<\/p>\n","protected":false},"excerpt":{"rendered":"<p>Este enlace de Dexson de Schneider Electric tiene 1 compartimiento. El dispositivo puede fijarse con tornillos. Las dimensiones son (An.) 100mm x (Al.) 25mm x (L.) 2000mm. El color de la trayectoria es blanco (RAL 9003). Est\u00e1 hecho de material de PVC (cloruro de polivinilo). Alcanza un grado de protecci\u00f3n IP42. Es con la retardaci\u00f3n de llama de HB-UL 94 y autoextinguible.<\/p>\n<p>Periodo de garant\u00eda: 18 Meses<\/p>\n","protected":false},"featured_media":32141,"comment_status":"open","ping_status":"closed","template":"","meta":{"_monsterinsights_skip_tracking":false,"_monsterinsights_sitenote_active":false,"_monsterinsights_sitenote_note":"","_monsterinsights_sitenote_category":0},"product_brand":[],"product_cat":[161],"product_tag":[450],"class_list":{"0":"post-32140","1":"product","2":"type-product","3":"status-publish","4":"has-post-thumbnail","6":"product_cat-iv-cablecanal","7":"product_tag-schneider","9":"first","10":"instock","11":"shipping-taxable","12":"purchasable","13":"product-type-simple"},"yoast_head":"<!-- This site is optimized with the Yoast SEO plugin v25.3.1 - https:\/\/yoast.com\/wordpress\/plugins\/seo\/ -->\n<title>CABLE CANAL SUPERFICIE 60X40 RANURADO - DEXSON 2M - Tienda Rigelec<\/title>\n<meta name=\"robots\" content=\"index, follow, max-snippet:-1, max-image-preview:large, max-video-preview:-1\" \/>\n<link rel=\"canonical\" href=\"https:\/\/tienda.rigelec.com.ar\/?product=cable-canal-superficie-60x40-ranurado-dexson-2m\" \/>\n<meta property=\"og:locale\" content=\"es_ES\" \/>\n<meta property=\"og:type\" content=\"article\" \/>\n<meta property=\"og:title\" content=\"CABLE CANAL SUPERFICIE 60X40 RANURADO - DEXSON 2M - Tienda Rigelec\" \/>\n<meta property=\"og:description\" content=\"Este enlace de Dexson de Schneider Electric tiene 1 compartimiento. El dispositivo puede fijarse con tornillos. Las dimensiones son (An.) 100mm x (Al.) 25mm x (L.) 2000mm. El color de la trayectoria es blanco (RAL 9003). Est\u00e1 hecho de material de PVC (cloruro de polivinilo). Alcanza un grado de protecci\u00f3n IP42. Es con la retardaci\u00f3n de llama de HB-UL 94 y autoextinguible.  Periodo de garant\u00eda: 18 Meses\" \/>\n<meta property=\"og:url\" content=\"https:\/\/tienda.rigelec.com.ar\/?product=cable-canal-superficie-60x40-ranurado-dexson-2m\" \/>\n<meta property=\"og:site_name\" content=\"Tienda Rigelec\" \/>\n<meta property=\"article:modified_time\" content=\"2026-05-04T01:17:04+00:00\" \/>\n<meta name=\"twitter:card\" content=\"summary_large_image\" \/>\n<script type=\"application\/ld+json\" class=\"yoast-schema-graph\">{\"@context\":\"https:\/\/schema.org\",\"@graph\":[{\"@type\":\"WebPage\",\"@id\":\"https:\/\/tienda.rigelec.com.ar\/?product=cable-canal-superficie-60x40-ranurado-dexson-2m\",\"url\":\"https:\/\/tienda.rigelec.com.ar\/?product=cable-canal-superficie-60x40-ranurado-dexson-2m\",\"name\":\"CABLE CANAL SUPERFICIE 60X40 RANURADO - DEXSON 2M - Tienda Rigelec\",\"isPartOf\":{\"@id\":\"https:\/\/tienda.rigelec.com.ar\/#website\"},\"primaryImageOfPage\":{\"@id\":\"https:\/\/tienda.rigelec.com.ar\/?product=cable-canal-superficie-60x40-ranurado-dexson-2m#primaryimage\"},\"image\":{\"@id\":\"https:\/\/tienda.rigelec.com.ar\/?product=cable-canal-superficie-60x40-ranurado-dexson-2m#primaryimage\"},\"thumbnailUrl\":\"https:\/\/tienda.rigelec.com.ar\/wp-content\/uploads\/2025\/08\/CABLECANALSUPERFICIE60X40.jpg\",\"datePublished\":\"2025-08-27T17:16:32+00:00\",\"dateModified\":\"2026-05-04T01:17:04+00:00\",\"breadcrumb\":{\"@id\":\"https:\/\/tienda.rigelec.com.ar\/?product=cable-canal-superficie-60x40-ranurado-dexson-2m#breadcrumb\"},\"inLanguage\":\"es-AR\",\"potentialAction\":[{\"@type\":\"ReadAction\",\"target\":[\"https:\/\/tienda.rigelec.com.ar\/?product=cable-canal-superficie-60x40-ranurado-dexson-2m\"]}]},{\"@type\":\"ImageObject\",\"inLanguage\":\"es-AR\",\"@id\":\"https:\/\/tienda.rigelec.com.ar\/?product=cable-canal-superficie-60x40-ranurado-dexson-2m#primaryimage\",\"url\":\"https:\/\/tienda.rigelec.com.ar\/wp-content\/uploads\/2025\/08\/CABLECANALSUPERFICIE60X40.jpg\",\"contentUrl\":\"https:\/\/tienda.rigelec.com.ar\/wp-content\/uploads\/2025\/08\/CABLECANALSUPERFICIE60X40.jpg\",\"width\":1080,\"height\":1080},{\"@type\":\"BreadcrumbList\",\"@id\":\"https:\/\/tienda.rigelec.com.ar\/?product=cable-canal-superficie-60x40-ranurado-dexson-2m#breadcrumb\",\"itemListElement\":[{\"@type\":\"ListItem\",\"position\":1,\"name\":\"Inicio\",\"item\":\"https:\/\/tienda.rigelec.com.ar\/\"},{\"@type\":\"ListItem\",\"position\":2,\"name\":\"Shop\",\"item\":\"https:\/\/tienda.rigelec.com.ar\/?page_id=12\"},{\"@type\":\"ListItem\",\"position\":3,\"name\":\"CABLE CANAL SUPERFICIE 60X40 RANURADO &#8211; DEXSON 2M\"}]},{\"@type\":\"WebSite\",\"@id\":\"https:\/\/tienda.rigelec.com.ar\/#website\",\"url\":\"https:\/\/tienda.rigelec.com.ar\/\",\"name\":\"Tienda Rigelec\",\"description\":\"Energia en movimiento\",\"publisher\":{\"@id\":\"https:\/\/tienda.rigelec.com.ar\/#organization\"},\"potentialAction\":[{\"@type\":\"SearchAction\",\"target\":{\"@type\":\"EntryPoint\",\"urlTemplate\":\"https:\/\/tienda.rigelec.com.ar\/?s={search_term_string}\"},\"query-input\":{\"@type\":\"PropertyValueSpecification\",\"valueRequired\":true,\"valueName\":\"search_term_string\"}}],\"inLanguage\":\"es-AR\"},{\"@type\":\"Organization\",\"@id\":\"https:\/\/tienda.rigelec.com.ar\/#organization\",\"name\":\"Tienda Rigelec\",\"url\":\"https:\/\/tienda.rigelec.com.ar\/\",\"logo\":{\"@type\":\"ImageObject\",\"inLanguage\":\"es-AR\",\"@id\":\"https:\/\/tienda.rigelec.com.ar\/#\/schema\/logo\/image\/\",\"url\":\"https:\/\/tienda.rigelec.com.ar\/wp-content\/uploads\/2024\/09\/isologo-blanco-rigelec.png\",\"contentUrl\":\"https:\/\/tienda.rigelec.com.ar\/wp-content\/uploads\/2024\/09\/isologo-blanco-rigelec.png\",\"width\":94,\"height\":97,\"caption\":\"Tienda Rigelec\"},\"image\":{\"@id\":\"https:\/\/tienda.rigelec.com.ar\/#\/schema\/logo\/image\/\"}}]}<\/script>\n<!-- \/ Yoast SEO plugin. -->","yoast_head_json":{"title":"CABLE CANAL SUPERFICIE 60X40 RANURADO - DEXSON 2M - Tienda Rigelec","robots":{"index":"index","follow":"follow","max-snippet":"max-snippet:-1","max-image-preview":"max-image-preview:large","max-video-preview":"max-video-preview:-1"},"canonical":"https:\/\/tienda.rigelec.com.ar\/?product=cable-canal-superficie-60x40-ranurado-dexson-2m","og_locale":"es_ES","og_type":"article","og_title":"CABLE CANAL SUPERFICIE 60X40 RANURADO - DEXSON 2M - Tienda Rigelec","og_description":"Este enlace de Dexson de Schneider Electric tiene 1 compartimiento. El dispositivo puede fijarse con tornillos. Las dimensiones son (An.) 100mm x (Al.) 25mm x (L.) 2000mm. El color de la trayectoria es blanco (RAL 9003). Est\u00e1 hecho de material de PVC (cloruro de polivinilo). Alcanza un grado de protecci\u00f3n IP42. Es con la retardaci\u00f3n de llama de HB-UL 94 y autoextinguible.  Periodo de garant\u00eda: 18 Meses","og_url":"https:\/\/tienda.rigelec.com.ar\/?product=cable-canal-superficie-60x40-ranurado-dexson-2m","og_site_name":"Tienda Rigelec","article_modified_time":"2026-05-04T01:17:04+00:00","twitter_card":"summary_large_image","schema":{"@context":"https:\/\/schema.org","@graph":[{"@type":"WebPage","@id":"https:\/\/tienda.rigelec.com.ar\/?product=cable-canal-superficie-60x40-ranurado-dexson-2m","url":"https:\/\/tienda.rigelec.com.ar\/?product=cable-canal-superficie-60x40-ranurado-dexson-2m","name":"CABLE CANAL SUPERFICIE 60X40 RANURADO - DEXSON 2M - Tienda Rigelec","isPartOf":{"@id":"https:\/\/tienda.rigelec.com.ar\/#website"},"primaryImageOfPage":{"@id":"https:\/\/tienda.rigelec.com.ar\/?product=cable-canal-superficie-60x40-ranurado-dexson-2m#primaryimage"},"image":{"@id":"https:\/\/tienda.rigelec.com.ar\/?product=cable-canal-superficie-60x40-ranurado-dexson-2m#primaryimage"},"thumbnailUrl":"https:\/\/tienda.rigelec.com.ar\/wp-content\/uploads\/2025\/08\/CABLECANALSUPERFICIE60X40.jpg","datePublished":"2025-08-27T17:16:32+00:00","dateModified":"2026-05-04T01:17:04+00:00","breadcrumb":{"@id":"https:\/\/tienda.rigelec.com.ar\/?product=cable-canal-superficie-60x40-ranurado-dexson-2m#breadcrumb"},"inLanguage":"es-AR","potentialAction":[{"@type":"ReadAction","target":["https:\/\/tienda.rigelec.com.ar\/?product=cable-canal-superficie-60x40-ranurado-dexson-2m"]}]},{"@type":"ImageObject","inLanguage":"es-AR","@id":"https:\/\/tienda.rigelec.com.ar\/?product=cable-canal-superficie-60x40-ranurado-dexson-2m#primaryimage","url":"https:\/\/tienda.rigelec.com.ar\/wp-content\/uploads\/2025\/08\/CABLECANALSUPERFICIE60X40.jpg","contentUrl":"https:\/\/tienda.rigelec.com.ar\/wp-content\/uploads\/2025\/08\/CABLECANALSUPERFICIE60X40.jpg","width":1080,"height":1080},{"@type":"BreadcrumbList","@id":"https:\/\/tienda.rigelec.com.ar\/?product=cable-canal-superficie-60x40-ranurado-dexson-2m#breadcrumb","itemListElement":[{"@type":"ListItem","position":1,"name":"Inicio","item":"https:\/\/tienda.rigelec.com.ar\/"},{"@type":"ListItem","position":2,"name":"Shop","item":"https:\/\/tienda.rigelec.com.ar\/?page_id=12"},{"@type":"ListItem","position":3,"name":"CABLE CANAL SUPERFICIE 60X40 RANURADO &#8211; DEXSON 2M"}]},{"@type":"WebSite","@id":"https:\/\/tienda.rigelec.com.ar\/#website","url":"https:\/\/tienda.rigelec.com.ar\/","name":"Tienda Rigelec","description":"Energia en movimiento","publisher":{"@id":"https:\/\/tienda.rigelec.com.ar\/#organization"},"potentialAction":[{"@type":"SearchAction","target":{"@type":"EntryPoint","urlTemplate":"https:\/\/tienda.rigelec.com.ar\/?s={search_term_string}"},"query-input":{"@type":"PropertyValueSpecification","valueRequired":true,"valueName":"search_term_string"}}],"inLanguage":"es-AR"},{"@type":"Organization","@id":"https:\/\/tienda.rigelec.com.ar\/#organization","name":"Tienda Rigelec","url":"https:\/\/tienda.rigelec.com.ar\/","logo":{"@type":"ImageObject","inLanguage":"es-AR","@id":"https:\/\/tienda.rigelec.com.ar\/#\/schema\/logo\/image\/","url":"https:\/\/tienda.rigelec.com.ar\/wp-content\/uploads\/2024\/09\/isologo-blanco-rigelec.png","contentUrl":"https:\/\/tienda.rigelec.com.ar\/wp-content\/uploads\/2024\/09\/isologo-blanco-rigelec.png","width":94,"height":97,"caption":"Tienda Rigelec"},"image":{"@id":"https:\/\/tienda.rigelec.com.ar\/#\/schema\/logo\/image\/"}}]}},"jetpack_sharing_enabled":true,"_links":{"self":[{"href":"https:\/\/tienda.rigelec.com.ar\/index.php?rest_route=\/wp\/v2\/product\/32140","targetHints":{"allow":["GET"]}}],"collection":[{"href":"https:\/\/tienda.rigelec.com.ar\/index.php?rest_route=\/wp\/v2\/product"}],"about":[{"href":"https:\/\/tienda.rigelec.com.ar\/index.php?rest_route=\/wp\/v2\/types\/product"}],"replies":[{"embeddable":true,"href":"https:\/\/tienda.rigelec.com.ar\/index.php?rest_route=%2Fwp%2Fv2%2Fcomments&post=32140"}],"wp:featuredmedia":[{"embeddable":true,"href":"https:\/\/tienda.rigelec.com.ar\/index.php?rest_route=\/wp\/v2\/media\/32141"}],"wp:attachment":[{"href":"https:\/\/tienda.rigelec.com.ar\/index.php?rest_route=%2Fwp%2Fv2%2Fmedia&parent=32140"}],"wp:term":[{"taxonomy":"product_brand","embeddable":true,"href":"https:\/\/tienda.rigelec.com.ar\/index.php?rest_route=%2Fwp%2Fv2%2Fproduct_brand&post=32140"},{"taxonomy":"product_cat","embeddable":true,"href":"https:\/\/tienda.rigelec.com.ar\/index.php?rest_route=%2Fwp%2Fv2%2Fproduct_cat&post=32140"},{"taxonomy":"product_tag","embeddable":true,"href":"https:\/\/tienda.rigelec.com.ar\/index.php?rest_route=%2Fwp%2Fv2%2Fproduct_tag&post=32140"}],"curies":[{"name":"wp","href":"https:\/\/api.w.org\/{rel}","templated":true}]}}