{"id":32324,"date":"2025-09-08T12:43:01","date_gmt":"2025-09-08T15:43:01","guid":{"rendered":"https:\/\/tienda.rigelec.com.ar\/?product=gabinete-estanco-s9000-600x500x225mm"},"modified":"2026-05-04T11:59:57","modified_gmt":"2026-05-04T14:59:57","slug":"gabinete-estanco-s9000-600x500x225mm","status":"publish","type":"product","link":"https:\/\/tienda.rigelec.com.ar\/?product=gabinete-estanco-s9000-600x500x225mm","title":{"rendered":"GABINETE ESTANCO S9000 600X500X225MM"},"content":{"rendered":"<p>GABINETE ESTANCO<\/p>\n","protected":false},"excerpt":{"rendered":"<p>Los gabinetes S9000 son estructuras para uso el\u00e9ctrico, autoportantes de alta resistencia al impacto, indeformable, con grado de protecci\u00f3n a la penetraci\u00f3n de cuerpos s\u00f3lidos y l\u00edquidos IP55 (IRAM 2444 &#8211; IEC 60529). Las piezas construidas en chapa de acero al carbono son mecanizadas (punzonado y plegado) utilizando maquinaria de \u00faltima generaci\u00f3n con tecnolog\u00eda de C.N.C; soldadas mediante procesos TIG, MIG y de proyecci\u00f3n. Su presentaci\u00f3n est\u00e1ndar cuenta con bandeja fija galvanizada es con puerta met\u00e1lica ciega. Para usos espec\u00edficos se fabrican con una puerta mixta con visor de vidrio templado de gran tama\u00f1o.<\/p>\n<p>MEDIDAS DE BANDEJAS: 434&#215;540<\/p>\n","protected":false},"featured_media":32325,"comment_status":"open","ping_status":"closed","template":"","meta":{"_monsterinsights_skip_tracking":false,"_monsterinsights_sitenote_active":false,"_monsterinsights_sitenote_note":"","_monsterinsights_sitenote_category":0},"product_brand":[],"product_cat":[353],"product_tag":[66],"class_list":{"0":"post-32324","1":"product","2":"type-product","3":"status-publish","4":"has-post-thumbnail","6":"product_cat-e-gabinetes","7":"product_tag-genrod","9":"first","10":"instock","11":"shipping-taxable","12":"purchasable","13":"product-type-simple"},"yoast_head":"<!-- This site is optimized with the Yoast SEO plugin v25.3.1 - https:\/\/yoast.com\/wordpress\/plugins\/seo\/ -->\n<title>GABINETE ESTANCO S9000 600X500X225MM - Tienda Rigelec<\/title>\n<meta name=\"robots\" content=\"index, follow, max-snippet:-1, max-image-preview:large, max-video-preview:-1\" \/>\n<link rel=\"canonical\" href=\"https:\/\/tienda.rigelec.com.ar\/?product=gabinete-estanco-s9000-600x500x225mm\" \/>\n<meta property=\"og:locale\" content=\"es_ES\" \/>\n<meta property=\"og:type\" content=\"article\" \/>\n<meta property=\"og:title\" content=\"GABINETE ESTANCO S9000 600X500X225MM - Tienda Rigelec\" \/>\n<meta property=\"og:description\" content=\"Los gabinetes S9000 son estructuras para uso el\u00e9ctrico, autoportantes de alta resistencia al impacto, indeformable, con grado de protecci\u00f3n a la penetraci\u00f3n de cuerpos s\u00f3lidos y l\u00edquidos IP55 (IRAM 2444 - IEC 60529). Las piezas construidas en chapa de acero al carbono son mecanizadas (punzonado y plegado) utilizando maquinaria de \u00faltima generaci\u00f3n con tecnolog\u00eda de C.N.C; soldadas mediante procesos TIG, MIG y de proyecci\u00f3n. Su presentaci\u00f3n est\u00e1ndar cuenta con bandeja fija galvanizada es con puerta met\u00e1lica ciega. Para usos espec\u00edficos se fabrican con una puerta mixta con visor de vidrio templado de gran tama\u00f1o.  MEDIDAS DE BANDEJAS: 434x540\" \/>\n<meta property=\"og:url\" content=\"https:\/\/tienda.rigelec.com.ar\/?product=gabinete-estanco-s9000-600x500x225mm\" \/>\n<meta property=\"og:site_name\" content=\"Tienda Rigelec\" \/>\n<meta property=\"article:modified_time\" content=\"2026-05-04T14:59:57+00:00\" \/>\n<meta name=\"twitter:card\" content=\"summary_large_image\" \/>\n<script type=\"application\/ld+json\" class=\"yoast-schema-graph\">{\"@context\":\"https:\/\/schema.org\",\"@graph\":[{\"@type\":\"WebPage\",\"@id\":\"https:\/\/tienda.rigelec.com.ar\/?product=gabinete-estanco-s9000-600x500x225mm\",\"url\":\"https:\/\/tienda.rigelec.com.ar\/?product=gabinete-estanco-s9000-600x500x225mm\",\"name\":\"GABINETE ESTANCO S9000 600X500X225MM - Tienda Rigelec\",\"isPartOf\":{\"@id\":\"https:\/\/tienda.rigelec.com.ar\/#website\"},\"primaryImageOfPage\":{\"@id\":\"https:\/\/tienda.rigelec.com.ar\/?product=gabinete-estanco-s9000-600x500x225mm#primaryimage\"},\"image\":{\"@id\":\"https:\/\/tienda.rigelec.com.ar\/?product=gabinete-estanco-s9000-600x500x225mm#primaryimage\"},\"thumbnailUrl\":\"https:\/\/tienda.rigelec.com.ar\/wp-content\/uploads\/2025\/09\/GABINETEESTANCO.jpg\",\"datePublished\":\"2025-09-08T15:43:01+00:00\",\"dateModified\":\"2026-05-04T14:59:57+00:00\",\"breadcrumb\":{\"@id\":\"https:\/\/tienda.rigelec.com.ar\/?product=gabinete-estanco-s9000-600x500x225mm#breadcrumb\"},\"inLanguage\":\"es-AR\",\"potentialAction\":[{\"@type\":\"ReadAction\",\"target\":[\"https:\/\/tienda.rigelec.com.ar\/?product=gabinete-estanco-s9000-600x500x225mm\"]}]},{\"@type\":\"ImageObject\",\"inLanguage\":\"es-AR\",\"@id\":\"https:\/\/tienda.rigelec.com.ar\/?product=gabinete-estanco-s9000-600x500x225mm#primaryimage\",\"url\":\"https:\/\/tienda.rigelec.com.ar\/wp-content\/uploads\/2025\/09\/GABINETEESTANCO.jpg\",\"contentUrl\":\"https:\/\/tienda.rigelec.com.ar\/wp-content\/uploads\/2025\/09\/GABINETEESTANCO.jpg\",\"width\":1019,\"height\":953},{\"@type\":\"BreadcrumbList\",\"@id\":\"https:\/\/tienda.rigelec.com.ar\/?product=gabinete-estanco-s9000-600x500x225mm#breadcrumb\",\"itemListElement\":[{\"@type\":\"ListItem\",\"position\":1,\"name\":\"Inicio\",\"item\":\"https:\/\/tienda.rigelec.com.ar\/\"},{\"@type\":\"ListItem\",\"position\":2,\"name\":\"Shop\",\"item\":\"https:\/\/tienda.rigelec.com.ar\/?page_id=12\"},{\"@type\":\"ListItem\",\"position\":3,\"name\":\"GABINETE ESTANCO S9000 600X500X225MM\"}]},{\"@type\":\"WebSite\",\"@id\":\"https:\/\/tienda.rigelec.com.ar\/#website\",\"url\":\"https:\/\/tienda.rigelec.com.ar\/\",\"name\":\"Tienda Rigelec\",\"description\":\"Energia en movimiento\",\"publisher\":{\"@id\":\"https:\/\/tienda.rigelec.com.ar\/#organization\"},\"potentialAction\":[{\"@type\":\"SearchAction\",\"target\":{\"@type\":\"EntryPoint\",\"urlTemplate\":\"https:\/\/tienda.rigelec.com.ar\/?s={search_term_string}\"},\"query-input\":{\"@type\":\"PropertyValueSpecification\",\"valueRequired\":true,\"valueName\":\"search_term_string\"}}],\"inLanguage\":\"es-AR\"},{\"@type\":\"Organization\",\"@id\":\"https:\/\/tienda.rigelec.com.ar\/#organization\",\"name\":\"Tienda Rigelec\",\"url\":\"https:\/\/tienda.rigelec.com.ar\/\",\"logo\":{\"@type\":\"ImageObject\",\"inLanguage\":\"es-AR\",\"@id\":\"https:\/\/tienda.rigelec.com.ar\/#\/schema\/logo\/image\/\",\"url\":\"https:\/\/tienda.rigelec.com.ar\/wp-content\/uploads\/2024\/09\/isologo-blanco-rigelec.png\",\"contentUrl\":\"https:\/\/tienda.rigelec.com.ar\/wp-content\/uploads\/2024\/09\/isologo-blanco-rigelec.png\",\"width\":94,\"height\":97,\"caption\":\"Tienda Rigelec\"},\"image\":{\"@id\":\"https:\/\/tienda.rigelec.com.ar\/#\/schema\/logo\/image\/\"}}]}<\/script>\n<!-- \/ Yoast SEO plugin. -->","yoast_head_json":{"title":"GABINETE ESTANCO S9000 600X500X225MM - Tienda Rigelec","robots":{"index":"index","follow":"follow","max-snippet":"max-snippet:-1","max-image-preview":"max-image-preview:large","max-video-preview":"max-video-preview:-1"},"canonical":"https:\/\/tienda.rigelec.com.ar\/?product=gabinete-estanco-s9000-600x500x225mm","og_locale":"es_ES","og_type":"article","og_title":"GABINETE ESTANCO S9000 600X500X225MM - Tienda Rigelec","og_description":"Los gabinetes S9000 son estructuras para uso el\u00e9ctrico, autoportantes de alta resistencia al impacto, indeformable, con grado de protecci\u00f3n a la penetraci\u00f3n de cuerpos s\u00f3lidos y l\u00edquidos IP55 (IRAM 2444 - IEC 60529). Las piezas construidas en chapa de acero al carbono son mecanizadas (punzonado y plegado) utilizando maquinaria de \u00faltima generaci\u00f3n con tecnolog\u00eda de C.N.C; soldadas mediante procesos TIG, MIG y de proyecci\u00f3n. Su presentaci\u00f3n est\u00e1ndar cuenta con bandeja fija galvanizada es con puerta met\u00e1lica ciega. Para usos espec\u00edficos se fabrican con una puerta mixta con visor de vidrio templado de gran tama\u00f1o.  MEDIDAS DE BANDEJAS: 434x540","og_url":"https:\/\/tienda.rigelec.com.ar\/?product=gabinete-estanco-s9000-600x500x225mm","og_site_name":"Tienda Rigelec","article_modified_time":"2026-05-04T14:59:57+00:00","twitter_card":"summary_large_image","schema":{"@context":"https:\/\/schema.org","@graph":[{"@type":"WebPage","@id":"https:\/\/tienda.rigelec.com.ar\/?product=gabinete-estanco-s9000-600x500x225mm","url":"https:\/\/tienda.rigelec.com.ar\/?product=gabinete-estanco-s9000-600x500x225mm","name":"GABINETE ESTANCO S9000 600X500X225MM - Tienda Rigelec","isPartOf":{"@id":"https:\/\/tienda.rigelec.com.ar\/#website"},"primaryImageOfPage":{"@id":"https:\/\/tienda.rigelec.com.ar\/?product=gabinete-estanco-s9000-600x500x225mm#primaryimage"},"image":{"@id":"https:\/\/tienda.rigelec.com.ar\/?product=gabinete-estanco-s9000-600x500x225mm#primaryimage"},"thumbnailUrl":"https:\/\/tienda.rigelec.com.ar\/wp-content\/uploads\/2025\/09\/GABINETEESTANCO.jpg","datePublished":"2025-09-08T15:43:01+00:00","dateModified":"2026-05-04T14:59:57+00:00","breadcrumb":{"@id":"https:\/\/tienda.rigelec.com.ar\/?product=gabinete-estanco-s9000-600x500x225mm#breadcrumb"},"inLanguage":"es-AR","potentialAction":[{"@type":"ReadAction","target":["https:\/\/tienda.rigelec.com.ar\/?product=gabinete-estanco-s9000-600x500x225mm"]}]},{"@type":"ImageObject","inLanguage":"es-AR","@id":"https:\/\/tienda.rigelec.com.ar\/?product=gabinete-estanco-s9000-600x500x225mm#primaryimage","url":"https:\/\/tienda.rigelec.com.ar\/wp-content\/uploads\/2025\/09\/GABINETEESTANCO.jpg","contentUrl":"https:\/\/tienda.rigelec.com.ar\/wp-content\/uploads\/2025\/09\/GABINETEESTANCO.jpg","width":1019,"height":953},{"@type":"BreadcrumbList","@id":"https:\/\/tienda.rigelec.com.ar\/?product=gabinete-estanco-s9000-600x500x225mm#breadcrumb","itemListElement":[{"@type":"ListItem","position":1,"name":"Inicio","item":"https:\/\/tienda.rigelec.com.ar\/"},{"@type":"ListItem","position":2,"name":"Shop","item":"https:\/\/tienda.rigelec.com.ar\/?page_id=12"},{"@type":"ListItem","position":3,"name":"GABINETE ESTANCO S9000 600X500X225MM"}]},{"@type":"WebSite","@id":"https:\/\/tienda.rigelec.com.ar\/#website","url":"https:\/\/tienda.rigelec.com.ar\/","name":"Tienda Rigelec","description":"Energia en movimiento","publisher":{"@id":"https:\/\/tienda.rigelec.com.ar\/#organization"},"potentialAction":[{"@type":"SearchAction","target":{"@type":"EntryPoint","urlTemplate":"https:\/\/tienda.rigelec.com.ar\/?s={search_term_string}"},"query-input":{"@type":"PropertyValueSpecification","valueRequired":true,"valueName":"search_term_string"}}],"inLanguage":"es-AR"},{"@type":"Organization","@id":"https:\/\/tienda.rigelec.com.ar\/#organization","name":"Tienda Rigelec","url":"https:\/\/tienda.rigelec.com.ar\/","logo":{"@type":"ImageObject","inLanguage":"es-AR","@id":"https:\/\/tienda.rigelec.com.ar\/#\/schema\/logo\/image\/","url":"https:\/\/tienda.rigelec.com.ar\/wp-content\/uploads\/2024\/09\/isologo-blanco-rigelec.png","contentUrl":"https:\/\/tienda.rigelec.com.ar\/wp-content\/uploads\/2024\/09\/isologo-blanco-rigelec.png","width":94,"height":97,"caption":"Tienda Rigelec"},"image":{"@id":"https:\/\/tienda.rigelec.com.ar\/#\/schema\/logo\/image\/"}}]}},"jetpack_sharing_enabled":true,"_links":{"self":[{"href":"https:\/\/tienda.rigelec.com.ar\/index.php?rest_route=\/wp\/v2\/product\/32324","targetHints":{"allow":["GET"]}}],"collection":[{"href":"https:\/\/tienda.rigelec.com.ar\/index.php?rest_route=\/wp\/v2\/product"}],"about":[{"href":"https:\/\/tienda.rigelec.com.ar\/index.php?rest_route=\/wp\/v2\/types\/product"}],"replies":[{"embeddable":true,"href":"https:\/\/tienda.rigelec.com.ar\/index.php?rest_route=%2Fwp%2Fv2%2Fcomments&post=32324"}],"wp:featuredmedia":[{"embeddable":true,"href":"https:\/\/tienda.rigelec.com.ar\/index.php?rest_route=\/wp\/v2\/media\/32325"}],"wp:attachment":[{"href":"https:\/\/tienda.rigelec.com.ar\/index.php?rest_route=%2Fwp%2Fv2%2Fmedia&parent=32324"}],"wp:term":[{"taxonomy":"product_brand","embeddable":true,"href":"https:\/\/tienda.rigelec.com.ar\/index.php?rest_route=%2Fwp%2Fv2%2Fproduct_brand&post=32324"},{"taxonomy":"product_cat","embeddable":true,"href":"https:\/\/tienda.rigelec.com.ar\/index.php?rest_route=%2Fwp%2Fv2%2Fproduct_cat&post=32324"},{"taxonomy":"product_tag","embeddable":true,"href":"https:\/\/tienda.rigelec.com.ar\/index.php?rest_route=%2Fwp%2Fv2%2Fproduct_tag&post=32324"}],"curies":[{"name":"wp","href":"https:\/\/api.w.org\/{rel}","templated":true}]}}