{"id":32347,"date":"2025-09-11T09:27:33","date_gmt":"2025-09-11T12:27:33","guid":{"rendered":"https:\/\/tienda.rigelec.com.ar\/?product=tarugo-para-superficie-duopower-o-8mm"},"modified":"2026-05-03T08:45:15","modified_gmt":"2026-05-03T11:45:15","slug":"tarugo-para-superficie-duopower-o-8mm","status":"publish","type":"product","link":"https:\/\/tienda.rigelec.com.ar\/?product=tarugo-para-superficie-duopower-o-8mm","title":{"rendered":"TARUGO PARA SUPERFICIE DUOPOWER \u00d8 8MM"},"content":{"rendered":"<p>TARUGO PARA SUPERFICIE<\/p>\n","protected":false},"excerpt":{"rendered":"<p>El DuoPower de fischer es un taco inteligente de 2 componentes con tres principios de funcionamiento. El taco universal inteligente es ideal para fijaciones en todos los materiales de construcci\u00f3n. Esto permite aplicaciones muy vers\u00e1tiles con s\u00f3lo un taco. El DuoPower de fischer se adapta naturalmente al material y distribuye los m\u00e1ximos valores de carga mediante los tres principios funcionales de bloqueo, expansi\u00f3n y anudado. Esta respuesta tan buena del taco al girar el tornillo ofrece un extra adicional en seguridad. Los DuoPower de fischer de 6 x 50, 8 x 65 y 10 x 80 son especialmente apropiados para fijaciones en materiales perforados, hormig\u00f3n poroso y para puenteados de revoque gracias a su gran profundidad de anclaje.<\/p>\n<p>Principales caracter\u00edsticas<br \/>\nCombinaci\u00f3n de dos componentes de materiales para un mayor rendimiento.<br \/>\nFunciones seguras para materiales macizos (expansi\u00f3n) y perforados o placas(bloqueo\/anudado).<br \/>\nMontaje sencillo: el borde estrecho del taco impide que se hunda en la perforaci\u00f3n.<br \/>\nMejor respuesta posible del taco: se nota que el taco encaja a la perfecci\u00f3n.<\/p>\n<p>Datos t\u00e9cnicos:<br \/>\nDi\u00e1metro de agujero : 8MM<br \/>\nMin. taladro profundidad del agujero: 50<br \/>\nMin. grosor del panel: 12,5<br \/>\nLongitud de anclaje: 40<br \/>\nM\u00edn. penetraci\u00f3n de perno: 46<\/p>\n","protected":false},"featured_media":32348,"comment_status":"open","ping_status":"closed","template":"","meta":{"_monsterinsights_skip_tracking":false,"_monsterinsights_sitenote_active":false,"_monsterinsights_sitenote_note":"","_monsterinsights_sitenote_category":0},"product_brand":[],"product_cat":[369],"product_tag":[489],"class_list":{"0":"post-32347","1":"product","2":"type-product","3":"status-publish","4":"has-post-thumbnail","6":"product_cat-a-fijacion","7":"product_tag-fischer","9":"first","10":"outofstock","11":"shipping-taxable","12":"purchasable","13":"product-type-simple"},"yoast_head":"<!-- This site is optimized with the Yoast SEO plugin v25.3.1 - https:\/\/yoast.com\/wordpress\/plugins\/seo\/ -->\n<title>TARUGO PARA SUPERFICIE DUOPOWER \u00d8 8MM - Tienda Rigelec<\/title>\n<meta name=\"robots\" content=\"index, follow, max-snippet:-1, max-image-preview:large, max-video-preview:-1\" \/>\n<link rel=\"canonical\" href=\"https:\/\/tienda.rigelec.com.ar\/?product=tarugo-para-superficie-duopower-o-8mm\" \/>\n<meta property=\"og:locale\" content=\"es_ES\" \/>\n<meta property=\"og:type\" content=\"article\" \/>\n<meta property=\"og:title\" content=\"TARUGO PARA SUPERFICIE DUOPOWER \u00d8 8MM - Tienda Rigelec\" \/>\n<meta property=\"og:description\" content=\"El DuoPower de fischer es un taco inteligente de 2 componentes con tres principios de funcionamiento. El taco universal inteligente es ideal para fijaciones en todos los materiales de construcci\u00f3n. Esto permite aplicaciones muy vers\u00e1tiles con s\u00f3lo un taco. El DuoPower de fischer se adapta naturalmente al material y distribuye los m\u00e1ximos valores de carga mediante los tres principios funcionales de bloqueo, expansi\u00f3n y anudado. Esta respuesta tan buena del taco al girar el tornillo ofrece un extra adicional en seguridad. Los DuoPower de fischer de 6 x 50, 8 x 65 y 10 x 80 son especialmente apropiados para fijaciones en materiales perforados, hormig\u00f3n poroso y para puenteados de revoque gracias a su gran profundidad de anclaje.  Principales caracter\u00edsticas Combinaci\u00f3n de dos componentes de materiales para un mayor rendimiento. Funciones seguras para materiales macizos (expansi\u00f3n) y perforados o placas(bloqueo\/anudado). Montaje sencillo: el borde estrecho del taco impide que se hunda en la perforaci\u00f3n. Mejor respuesta posible del taco: se nota que el taco encaja a la perfecci\u00f3n.  Datos t\u00e9cnicos: Di\u00e1metro de agujero : 8MM Min. taladro profundidad del agujero: 50 Min. grosor del panel: 12,5 Longitud de anclaje: 40 M\u00edn. penetraci\u00f3n de perno: 46\" \/>\n<meta property=\"og:url\" content=\"https:\/\/tienda.rigelec.com.ar\/?product=tarugo-para-superficie-duopower-o-8mm\" \/>\n<meta property=\"og:site_name\" content=\"Tienda Rigelec\" \/>\n<meta property=\"article:modified_time\" content=\"2026-05-03T11:45:15+00:00\" \/>\n<meta name=\"twitter:card\" content=\"summary_large_image\" \/>\n<script type=\"application\/ld+json\" class=\"yoast-schema-graph\">{\"@context\":\"https:\/\/schema.org\",\"@graph\":[{\"@type\":\"WebPage\",\"@id\":\"https:\/\/tienda.rigelec.com.ar\/?product=tarugo-para-superficie-duopower-o-8mm\",\"url\":\"https:\/\/tienda.rigelec.com.ar\/?product=tarugo-para-superficie-duopower-o-8mm\",\"name\":\"TARUGO PARA SUPERFICIE DUOPOWER \u00d8 8MM - Tienda Rigelec\",\"isPartOf\":{\"@id\":\"https:\/\/tienda.rigelec.com.ar\/#website\"},\"primaryImageOfPage\":{\"@id\":\"https:\/\/tienda.rigelec.com.ar\/?product=tarugo-para-superficie-duopower-o-8mm#primaryimage\"},\"image\":{\"@id\":\"https:\/\/tienda.rigelec.com.ar\/?product=tarugo-para-superficie-duopower-o-8mm#primaryimage\"},\"thumbnailUrl\":\"https:\/\/tienda.rigelec.com.ar\/wp-content\/uploads\/2025\/09\/TARUGOPARASUPERFICIE-1.jpg\",\"datePublished\":\"2025-09-11T12:27:33+00:00\",\"dateModified\":\"2026-05-03T11:45:15+00:00\",\"breadcrumb\":{\"@id\":\"https:\/\/tienda.rigelec.com.ar\/?product=tarugo-para-superficie-duopower-o-8mm#breadcrumb\"},\"inLanguage\":\"es-AR\",\"potentialAction\":[{\"@type\":\"ReadAction\",\"target\":[\"https:\/\/tienda.rigelec.com.ar\/?product=tarugo-para-superficie-duopower-o-8mm\"]}]},{\"@type\":\"ImageObject\",\"inLanguage\":\"es-AR\",\"@id\":\"https:\/\/tienda.rigelec.com.ar\/?product=tarugo-para-superficie-duopower-o-8mm#primaryimage\",\"url\":\"https:\/\/tienda.rigelec.com.ar\/wp-content\/uploads\/2025\/09\/TARUGOPARASUPERFICIE-1.jpg\",\"contentUrl\":\"https:\/\/tienda.rigelec.com.ar\/wp-content\/uploads\/2025\/09\/TARUGOPARASUPERFICIE-1.jpg\",\"width\":1080,\"height\":1080},{\"@type\":\"BreadcrumbList\",\"@id\":\"https:\/\/tienda.rigelec.com.ar\/?product=tarugo-para-superficie-duopower-o-8mm#breadcrumb\",\"itemListElement\":[{\"@type\":\"ListItem\",\"position\":1,\"name\":\"Inicio\",\"item\":\"https:\/\/tienda.rigelec.com.ar\/\"},{\"@type\":\"ListItem\",\"position\":2,\"name\":\"Shop\",\"item\":\"https:\/\/tienda.rigelec.com.ar\/?page_id=12\"},{\"@type\":\"ListItem\",\"position\":3,\"name\":\"TARUGO PARA SUPERFICIE DUOPOWER \u00d8 8MM\"}]},{\"@type\":\"WebSite\",\"@id\":\"https:\/\/tienda.rigelec.com.ar\/#website\",\"url\":\"https:\/\/tienda.rigelec.com.ar\/\",\"name\":\"Tienda Rigelec\",\"description\":\"Energia en movimiento\",\"publisher\":{\"@id\":\"https:\/\/tienda.rigelec.com.ar\/#organization\"},\"potentialAction\":[{\"@type\":\"SearchAction\",\"target\":{\"@type\":\"EntryPoint\",\"urlTemplate\":\"https:\/\/tienda.rigelec.com.ar\/?s={search_term_string}\"},\"query-input\":{\"@type\":\"PropertyValueSpecification\",\"valueRequired\":true,\"valueName\":\"search_term_string\"}}],\"inLanguage\":\"es-AR\"},{\"@type\":\"Organization\",\"@id\":\"https:\/\/tienda.rigelec.com.ar\/#organization\",\"name\":\"Tienda Rigelec\",\"url\":\"https:\/\/tienda.rigelec.com.ar\/\",\"logo\":{\"@type\":\"ImageObject\",\"inLanguage\":\"es-AR\",\"@id\":\"https:\/\/tienda.rigelec.com.ar\/#\/schema\/logo\/image\/\",\"url\":\"https:\/\/tienda.rigelec.com.ar\/wp-content\/uploads\/2024\/09\/isologo-blanco-rigelec.png\",\"contentUrl\":\"https:\/\/tienda.rigelec.com.ar\/wp-content\/uploads\/2024\/09\/isologo-blanco-rigelec.png\",\"width\":94,\"height\":97,\"caption\":\"Tienda Rigelec\"},\"image\":{\"@id\":\"https:\/\/tienda.rigelec.com.ar\/#\/schema\/logo\/image\/\"}}]}<\/script>\n<!-- \/ Yoast SEO plugin. -->","yoast_head_json":{"title":"TARUGO PARA SUPERFICIE DUOPOWER \u00d8 8MM - Tienda Rigelec","robots":{"index":"index","follow":"follow","max-snippet":"max-snippet:-1","max-image-preview":"max-image-preview:large","max-video-preview":"max-video-preview:-1"},"canonical":"https:\/\/tienda.rigelec.com.ar\/?product=tarugo-para-superficie-duopower-o-8mm","og_locale":"es_ES","og_type":"article","og_title":"TARUGO PARA SUPERFICIE DUOPOWER \u00d8 8MM - Tienda Rigelec","og_description":"El DuoPower de fischer es un taco inteligente de 2 componentes con tres principios de funcionamiento. El taco universal inteligente es ideal para fijaciones en todos los materiales de construcci\u00f3n. Esto permite aplicaciones muy vers\u00e1tiles con s\u00f3lo un taco. El DuoPower de fischer se adapta naturalmente al material y distribuye los m\u00e1ximos valores de carga mediante los tres principios funcionales de bloqueo, expansi\u00f3n y anudado. Esta respuesta tan buena del taco al girar el tornillo ofrece un extra adicional en seguridad. Los DuoPower de fischer de 6 x 50, 8 x 65 y 10 x 80 son especialmente apropiados para fijaciones en materiales perforados, hormig\u00f3n poroso y para puenteados de revoque gracias a su gran profundidad de anclaje.  Principales caracter\u00edsticas Combinaci\u00f3n de dos componentes de materiales para un mayor rendimiento. Funciones seguras para materiales macizos (expansi\u00f3n) y perforados o placas(bloqueo\/anudado). Montaje sencillo: el borde estrecho del taco impide que se hunda en la perforaci\u00f3n. Mejor respuesta posible del taco: se nota que el taco encaja a la perfecci\u00f3n.  Datos t\u00e9cnicos: Di\u00e1metro de agujero : 8MM Min. taladro profundidad del agujero: 50 Min. grosor del panel: 12,5 Longitud de anclaje: 40 M\u00edn. penetraci\u00f3n de perno: 46","og_url":"https:\/\/tienda.rigelec.com.ar\/?product=tarugo-para-superficie-duopower-o-8mm","og_site_name":"Tienda Rigelec","article_modified_time":"2026-05-03T11:45:15+00:00","twitter_card":"summary_large_image","schema":{"@context":"https:\/\/schema.org","@graph":[{"@type":"WebPage","@id":"https:\/\/tienda.rigelec.com.ar\/?product=tarugo-para-superficie-duopower-o-8mm","url":"https:\/\/tienda.rigelec.com.ar\/?product=tarugo-para-superficie-duopower-o-8mm","name":"TARUGO PARA SUPERFICIE DUOPOWER \u00d8 8MM - Tienda Rigelec","isPartOf":{"@id":"https:\/\/tienda.rigelec.com.ar\/#website"},"primaryImageOfPage":{"@id":"https:\/\/tienda.rigelec.com.ar\/?product=tarugo-para-superficie-duopower-o-8mm#primaryimage"},"image":{"@id":"https:\/\/tienda.rigelec.com.ar\/?product=tarugo-para-superficie-duopower-o-8mm#primaryimage"},"thumbnailUrl":"https:\/\/tienda.rigelec.com.ar\/wp-content\/uploads\/2025\/09\/TARUGOPARASUPERFICIE-1.jpg","datePublished":"2025-09-11T12:27:33+00:00","dateModified":"2026-05-03T11:45:15+00:00","breadcrumb":{"@id":"https:\/\/tienda.rigelec.com.ar\/?product=tarugo-para-superficie-duopower-o-8mm#breadcrumb"},"inLanguage":"es-AR","potentialAction":[{"@type":"ReadAction","target":["https:\/\/tienda.rigelec.com.ar\/?product=tarugo-para-superficie-duopower-o-8mm"]}]},{"@type":"ImageObject","inLanguage":"es-AR","@id":"https:\/\/tienda.rigelec.com.ar\/?product=tarugo-para-superficie-duopower-o-8mm#primaryimage","url":"https:\/\/tienda.rigelec.com.ar\/wp-content\/uploads\/2025\/09\/TARUGOPARASUPERFICIE-1.jpg","contentUrl":"https:\/\/tienda.rigelec.com.ar\/wp-content\/uploads\/2025\/09\/TARUGOPARASUPERFICIE-1.jpg","width":1080,"height":1080},{"@type":"BreadcrumbList","@id":"https:\/\/tienda.rigelec.com.ar\/?product=tarugo-para-superficie-duopower-o-8mm#breadcrumb","itemListElement":[{"@type":"ListItem","position":1,"name":"Inicio","item":"https:\/\/tienda.rigelec.com.ar\/"},{"@type":"ListItem","position":2,"name":"Shop","item":"https:\/\/tienda.rigelec.com.ar\/?page_id=12"},{"@type":"ListItem","position":3,"name":"TARUGO PARA SUPERFICIE DUOPOWER \u00d8 8MM"}]},{"@type":"WebSite","@id":"https:\/\/tienda.rigelec.com.ar\/#website","url":"https:\/\/tienda.rigelec.com.ar\/","name":"Tienda Rigelec","description":"Energia en movimiento","publisher":{"@id":"https:\/\/tienda.rigelec.com.ar\/#organization"},"potentialAction":[{"@type":"SearchAction","target":{"@type":"EntryPoint","urlTemplate":"https:\/\/tienda.rigelec.com.ar\/?s={search_term_string}"},"query-input":{"@type":"PropertyValueSpecification","valueRequired":true,"valueName":"search_term_string"}}],"inLanguage":"es-AR"},{"@type":"Organization","@id":"https:\/\/tienda.rigelec.com.ar\/#organization","name":"Tienda Rigelec","url":"https:\/\/tienda.rigelec.com.ar\/","logo":{"@type":"ImageObject","inLanguage":"es-AR","@id":"https:\/\/tienda.rigelec.com.ar\/#\/schema\/logo\/image\/","url":"https:\/\/tienda.rigelec.com.ar\/wp-content\/uploads\/2024\/09\/isologo-blanco-rigelec.png","contentUrl":"https:\/\/tienda.rigelec.com.ar\/wp-content\/uploads\/2024\/09\/isologo-blanco-rigelec.png","width":94,"height":97,"caption":"Tienda Rigelec"},"image":{"@id":"https:\/\/tienda.rigelec.com.ar\/#\/schema\/logo\/image\/"}}]}},"jetpack_sharing_enabled":true,"_links":{"self":[{"href":"https:\/\/tienda.rigelec.com.ar\/index.php?rest_route=\/wp\/v2\/product\/32347","targetHints":{"allow":["GET"]}}],"collection":[{"href":"https:\/\/tienda.rigelec.com.ar\/index.php?rest_route=\/wp\/v2\/product"}],"about":[{"href":"https:\/\/tienda.rigelec.com.ar\/index.php?rest_route=\/wp\/v2\/types\/product"}],"replies":[{"embeddable":true,"href":"https:\/\/tienda.rigelec.com.ar\/index.php?rest_route=%2Fwp%2Fv2%2Fcomments&post=32347"}],"wp:featuredmedia":[{"embeddable":true,"href":"https:\/\/tienda.rigelec.com.ar\/index.php?rest_route=\/wp\/v2\/media\/32348"}],"wp:attachment":[{"href":"https:\/\/tienda.rigelec.com.ar\/index.php?rest_route=%2Fwp%2Fv2%2Fmedia&parent=32347"}],"wp:term":[{"taxonomy":"product_brand","embeddable":true,"href":"https:\/\/tienda.rigelec.com.ar\/index.php?rest_route=%2Fwp%2Fv2%2Fproduct_brand&post=32347"},{"taxonomy":"product_cat","embeddable":true,"href":"https:\/\/tienda.rigelec.com.ar\/index.php?rest_route=%2Fwp%2Fv2%2Fproduct_cat&post=32347"},{"taxonomy":"product_tag","embeddable":true,"href":"https:\/\/tienda.rigelec.com.ar\/index.php?rest_route=%2Fwp%2Fv2%2Fproduct_tag&post=32347"}],"curies":[{"name":"wp","href":"https:\/\/api.w.org\/{rel}","templated":true}]}}