{"id":32425,"date":"2025-09-22T13:00:36","date_gmt":"2025-09-22T16:00:36","guid":{"rendered":"https:\/\/tienda.rigelec.com.ar\/?product=cinta-autosoldable-19mm-x-2m-x-0-76mm"},"modified":"2026-05-01T02:28:44","modified_gmt":"2026-05-01T05:28:44","slug":"cinta-autosoldable-19mm-x-2m-x-0-76mm","status":"publish","type":"product","link":"https:\/\/tienda.rigelec.com.ar\/?product=cinta-autosoldable-19mm-x-2m-x-0-76mm","title":{"rendered":"CINTA AUTOSOLDABLE  19MM X 2M X 0.76MM"},"content":{"rendered":"<p>CINTA AUTOSOLDABLE<\/p>\n","protected":false},"excerpt":{"rendered":"<p>LA CINTA DE CAUCHO ETILENO-PROPILENO (EPR) AUTOSOLDABLE TACSA ES MUY EL\u00c1STICA Y TENAZ. SU AUTOSOLDABILIDAD PROVOCA QUE AL POCO TIEMPO DE ESTAR BAJO SU PROPIA TENSI\u00d3N, LA CINTA SE AUTOFUNDE PARA FORMAR UN SOLO BLOQUE. AS\u00cd EVITA LA ENTRADA DE HUMEDAD POR SU GRAN PRESI\u00d3N HACIA EL CABLE.<\/p>\n<p>Aislaciones en conductores hasta 69.000 V.<br \/>\n* Construir conos deflectores en terminales hasta 35.000V.<br \/>\n* N\u00e1utica: Protecci\u00f3n el\u00e9ctrica y mec\u00e1nica (resiste al agua salada).<br \/>\n* Aislaci\u00f3n y protecci\u00f3n contra la intemperie de conductores de comunicaciones.<br \/>\n* Al ser EPR (Caucho de Etileno-Propileno) resiste los rayos UV, corrosi\u00f3n, efecto corona, ozono y sustancias qu\u00edmicas.<br \/>\n* Compatible con todas las aislaciones de conductores (PVC, PE. PE reticulado, caucho but\u00edlico, etc)<\/p>\n","protected":false},"featured_media":32426,"comment_status":"open","ping_status":"closed","template":"","meta":{"_monsterinsights_skip_tracking":false,"_monsterinsights_sitenote_active":false,"_monsterinsights_sitenote_note":"","_monsterinsights_sitenote_category":0},"product_brand":[],"product_cat":[314],"product_tag":[80],"class_list":{"0":"post-32425","1":"product","2":"type-product","3":"status-publish","4":"has-post-thumbnail","6":"product_cat-c-cintas","7":"product_tag-tacsa","9":"first","10":"instock","11":"shipping-taxable","12":"purchasable","13":"product-type-simple"},"yoast_head":"<!-- This site is optimized with the Yoast SEO plugin v25.3.1 - https:\/\/yoast.com\/wordpress\/plugins\/seo\/ -->\n<title>CINTA AUTOSOLDABLE 19MM X 2M X 0.76MM - Tienda Rigelec<\/title>\n<meta name=\"robots\" content=\"index, follow, max-snippet:-1, max-image-preview:large, max-video-preview:-1\" \/>\n<link rel=\"canonical\" href=\"https:\/\/tienda.rigelec.com.ar\/?product=cinta-autosoldable-19mm-x-2m-x-0-76mm\" \/>\n<meta property=\"og:locale\" content=\"es_ES\" \/>\n<meta property=\"og:type\" content=\"article\" \/>\n<meta property=\"og:title\" content=\"CINTA AUTOSOLDABLE 19MM X 2M X 0.76MM - Tienda Rigelec\" \/>\n<meta property=\"og:description\" content=\"LA CINTA DE CAUCHO ETILENO-PROPILENO (EPR) AUTOSOLDABLE TACSA ES MUY EL\u00c1STICA Y TENAZ. SU AUTOSOLDABILIDAD PROVOCA QUE AL POCO TIEMPO DE ESTAR BAJO SU PROPIA TENSI\u00d3N, LA CINTA SE AUTOFUNDE PARA FORMAR UN SOLO BLOQUE. AS\u00cd EVITA LA ENTRADA DE HUMEDAD POR SU GRAN PRESI\u00d3N HACIA EL CABLE.   Aislaciones en conductores hasta 69.000 V. * Construir conos deflectores en terminales hasta 35.000V. * N\u00e1utica: Protecci\u00f3n el\u00e9ctrica y mec\u00e1nica (resiste al agua salada). * Aislaci\u00f3n y protecci\u00f3n contra la intemperie de conductores de comunicaciones. * Al ser EPR (Caucho de Etileno-Propileno) resiste los rayos UV, corrosi\u00f3n, efecto corona, ozono y sustancias qu\u00edmicas. * Compatible con todas las aislaciones de conductores (PVC, PE. PE reticulado, caucho but\u00edlico, etc)\" \/>\n<meta property=\"og:url\" content=\"https:\/\/tienda.rigelec.com.ar\/?product=cinta-autosoldable-19mm-x-2m-x-0-76mm\" \/>\n<meta property=\"og:site_name\" content=\"Tienda Rigelec\" \/>\n<meta property=\"article:modified_time\" content=\"2026-05-01T05:28:44+00:00\" \/>\n<meta name=\"twitter:card\" content=\"summary_large_image\" \/>\n<script type=\"application\/ld+json\" class=\"yoast-schema-graph\">{\"@context\":\"https:\/\/schema.org\",\"@graph\":[{\"@type\":\"WebPage\",\"@id\":\"https:\/\/tienda.rigelec.com.ar\/?product=cinta-autosoldable-19mm-x-2m-x-0-76mm\",\"url\":\"https:\/\/tienda.rigelec.com.ar\/?product=cinta-autosoldable-19mm-x-2m-x-0-76mm\",\"name\":\"CINTA AUTOSOLDABLE 19MM X 2M X 0.76MM - Tienda Rigelec\",\"isPartOf\":{\"@id\":\"https:\/\/tienda.rigelec.com.ar\/#website\"},\"primaryImageOfPage\":{\"@id\":\"https:\/\/tienda.rigelec.com.ar\/?product=cinta-autosoldable-19mm-x-2m-x-0-76mm#primaryimage\"},\"image\":{\"@id\":\"https:\/\/tienda.rigelec.com.ar\/?product=cinta-autosoldable-19mm-x-2m-x-0-76mm#primaryimage\"},\"thumbnailUrl\":\"https:\/\/tienda.rigelec.com.ar\/wp-content\/uploads\/2025\/09\/CINTAAUTOSOLDABLE.jpg\",\"datePublished\":\"2025-09-22T16:00:36+00:00\",\"dateModified\":\"2026-05-01T05:28:44+00:00\",\"breadcrumb\":{\"@id\":\"https:\/\/tienda.rigelec.com.ar\/?product=cinta-autosoldable-19mm-x-2m-x-0-76mm#breadcrumb\"},\"inLanguage\":\"es-AR\",\"potentialAction\":[{\"@type\":\"ReadAction\",\"target\":[\"https:\/\/tienda.rigelec.com.ar\/?product=cinta-autosoldable-19mm-x-2m-x-0-76mm\"]}]},{\"@type\":\"ImageObject\",\"inLanguage\":\"es-AR\",\"@id\":\"https:\/\/tienda.rigelec.com.ar\/?product=cinta-autosoldable-19mm-x-2m-x-0-76mm#primaryimage\",\"url\":\"https:\/\/tienda.rigelec.com.ar\/wp-content\/uploads\/2025\/09\/CINTAAUTOSOLDABLE.jpg\",\"contentUrl\":\"https:\/\/tienda.rigelec.com.ar\/wp-content\/uploads\/2025\/09\/CINTAAUTOSOLDABLE.jpg\",\"width\":983,\"height\":933},{\"@type\":\"BreadcrumbList\",\"@id\":\"https:\/\/tienda.rigelec.com.ar\/?product=cinta-autosoldable-19mm-x-2m-x-0-76mm#breadcrumb\",\"itemListElement\":[{\"@type\":\"ListItem\",\"position\":1,\"name\":\"Inicio\",\"item\":\"https:\/\/tienda.rigelec.com.ar\/\"},{\"@type\":\"ListItem\",\"position\":2,\"name\":\"Shop\",\"item\":\"https:\/\/tienda.rigelec.com.ar\/?page_id=12\"},{\"@type\":\"ListItem\",\"position\":3,\"name\":\"CINTA AUTOSOLDABLE 19MM X 2M X 0.76MM\"}]},{\"@type\":\"WebSite\",\"@id\":\"https:\/\/tienda.rigelec.com.ar\/#website\",\"url\":\"https:\/\/tienda.rigelec.com.ar\/\",\"name\":\"Tienda Rigelec\",\"description\":\"Energia en movimiento\",\"publisher\":{\"@id\":\"https:\/\/tienda.rigelec.com.ar\/#organization\"},\"potentialAction\":[{\"@type\":\"SearchAction\",\"target\":{\"@type\":\"EntryPoint\",\"urlTemplate\":\"https:\/\/tienda.rigelec.com.ar\/?s={search_term_string}\"},\"query-input\":{\"@type\":\"PropertyValueSpecification\",\"valueRequired\":true,\"valueName\":\"search_term_string\"}}],\"inLanguage\":\"es-AR\"},{\"@type\":\"Organization\",\"@id\":\"https:\/\/tienda.rigelec.com.ar\/#organization\",\"name\":\"Tienda Rigelec\",\"url\":\"https:\/\/tienda.rigelec.com.ar\/\",\"logo\":{\"@type\":\"ImageObject\",\"inLanguage\":\"es-AR\",\"@id\":\"https:\/\/tienda.rigelec.com.ar\/#\/schema\/logo\/image\/\",\"url\":\"https:\/\/tienda.rigelec.com.ar\/wp-content\/uploads\/2024\/09\/isologo-blanco-rigelec.png\",\"contentUrl\":\"https:\/\/tienda.rigelec.com.ar\/wp-content\/uploads\/2024\/09\/isologo-blanco-rigelec.png\",\"width\":94,\"height\":97,\"caption\":\"Tienda Rigelec\"},\"image\":{\"@id\":\"https:\/\/tienda.rigelec.com.ar\/#\/schema\/logo\/image\/\"}}]}<\/script>\n<!-- \/ Yoast SEO plugin. -->","yoast_head_json":{"title":"CINTA AUTOSOLDABLE 19MM X 2M X 0.76MM - Tienda Rigelec","robots":{"index":"index","follow":"follow","max-snippet":"max-snippet:-1","max-image-preview":"max-image-preview:large","max-video-preview":"max-video-preview:-1"},"canonical":"https:\/\/tienda.rigelec.com.ar\/?product=cinta-autosoldable-19mm-x-2m-x-0-76mm","og_locale":"es_ES","og_type":"article","og_title":"CINTA AUTOSOLDABLE 19MM X 2M X 0.76MM - Tienda Rigelec","og_description":"LA CINTA DE CAUCHO ETILENO-PROPILENO (EPR) AUTOSOLDABLE TACSA ES MUY EL\u00c1STICA Y TENAZ. SU AUTOSOLDABILIDAD PROVOCA QUE AL POCO TIEMPO DE ESTAR BAJO SU PROPIA TENSI\u00d3N, LA CINTA SE AUTOFUNDE PARA FORMAR UN SOLO BLOQUE. AS\u00cd EVITA LA ENTRADA DE HUMEDAD POR SU GRAN PRESI\u00d3N HACIA EL CABLE.   Aislaciones en conductores hasta 69.000 V. * Construir conos deflectores en terminales hasta 35.000V. * N\u00e1utica: Protecci\u00f3n el\u00e9ctrica y mec\u00e1nica (resiste al agua salada). * Aislaci\u00f3n y protecci\u00f3n contra la intemperie de conductores de comunicaciones. * Al ser EPR (Caucho de Etileno-Propileno) resiste los rayos UV, corrosi\u00f3n, efecto corona, ozono y sustancias qu\u00edmicas. * Compatible con todas las aislaciones de conductores (PVC, PE. PE reticulado, caucho but\u00edlico, etc)","og_url":"https:\/\/tienda.rigelec.com.ar\/?product=cinta-autosoldable-19mm-x-2m-x-0-76mm","og_site_name":"Tienda Rigelec","article_modified_time":"2026-05-01T05:28:44+00:00","twitter_card":"summary_large_image","schema":{"@context":"https:\/\/schema.org","@graph":[{"@type":"WebPage","@id":"https:\/\/tienda.rigelec.com.ar\/?product=cinta-autosoldable-19mm-x-2m-x-0-76mm","url":"https:\/\/tienda.rigelec.com.ar\/?product=cinta-autosoldable-19mm-x-2m-x-0-76mm","name":"CINTA AUTOSOLDABLE 19MM X 2M X 0.76MM - Tienda Rigelec","isPartOf":{"@id":"https:\/\/tienda.rigelec.com.ar\/#website"},"primaryImageOfPage":{"@id":"https:\/\/tienda.rigelec.com.ar\/?product=cinta-autosoldable-19mm-x-2m-x-0-76mm#primaryimage"},"image":{"@id":"https:\/\/tienda.rigelec.com.ar\/?product=cinta-autosoldable-19mm-x-2m-x-0-76mm#primaryimage"},"thumbnailUrl":"https:\/\/tienda.rigelec.com.ar\/wp-content\/uploads\/2025\/09\/CINTAAUTOSOLDABLE.jpg","datePublished":"2025-09-22T16:00:36+00:00","dateModified":"2026-05-01T05:28:44+00:00","breadcrumb":{"@id":"https:\/\/tienda.rigelec.com.ar\/?product=cinta-autosoldable-19mm-x-2m-x-0-76mm#breadcrumb"},"inLanguage":"es-AR","potentialAction":[{"@type":"ReadAction","target":["https:\/\/tienda.rigelec.com.ar\/?product=cinta-autosoldable-19mm-x-2m-x-0-76mm"]}]},{"@type":"ImageObject","inLanguage":"es-AR","@id":"https:\/\/tienda.rigelec.com.ar\/?product=cinta-autosoldable-19mm-x-2m-x-0-76mm#primaryimage","url":"https:\/\/tienda.rigelec.com.ar\/wp-content\/uploads\/2025\/09\/CINTAAUTOSOLDABLE.jpg","contentUrl":"https:\/\/tienda.rigelec.com.ar\/wp-content\/uploads\/2025\/09\/CINTAAUTOSOLDABLE.jpg","width":983,"height":933},{"@type":"BreadcrumbList","@id":"https:\/\/tienda.rigelec.com.ar\/?product=cinta-autosoldable-19mm-x-2m-x-0-76mm#breadcrumb","itemListElement":[{"@type":"ListItem","position":1,"name":"Inicio","item":"https:\/\/tienda.rigelec.com.ar\/"},{"@type":"ListItem","position":2,"name":"Shop","item":"https:\/\/tienda.rigelec.com.ar\/?page_id=12"},{"@type":"ListItem","position":3,"name":"CINTA AUTOSOLDABLE 19MM X 2M X 0.76MM"}]},{"@type":"WebSite","@id":"https:\/\/tienda.rigelec.com.ar\/#website","url":"https:\/\/tienda.rigelec.com.ar\/","name":"Tienda Rigelec","description":"Energia en movimiento","publisher":{"@id":"https:\/\/tienda.rigelec.com.ar\/#organization"},"potentialAction":[{"@type":"SearchAction","target":{"@type":"EntryPoint","urlTemplate":"https:\/\/tienda.rigelec.com.ar\/?s={search_term_string}"},"query-input":{"@type":"PropertyValueSpecification","valueRequired":true,"valueName":"search_term_string"}}],"inLanguage":"es-AR"},{"@type":"Organization","@id":"https:\/\/tienda.rigelec.com.ar\/#organization","name":"Tienda Rigelec","url":"https:\/\/tienda.rigelec.com.ar\/","logo":{"@type":"ImageObject","inLanguage":"es-AR","@id":"https:\/\/tienda.rigelec.com.ar\/#\/schema\/logo\/image\/","url":"https:\/\/tienda.rigelec.com.ar\/wp-content\/uploads\/2024\/09\/isologo-blanco-rigelec.png","contentUrl":"https:\/\/tienda.rigelec.com.ar\/wp-content\/uploads\/2024\/09\/isologo-blanco-rigelec.png","width":94,"height":97,"caption":"Tienda Rigelec"},"image":{"@id":"https:\/\/tienda.rigelec.com.ar\/#\/schema\/logo\/image\/"}}]}},"jetpack_sharing_enabled":true,"_links":{"self":[{"href":"https:\/\/tienda.rigelec.com.ar\/index.php?rest_route=\/wp\/v2\/product\/32425","targetHints":{"allow":["GET"]}}],"collection":[{"href":"https:\/\/tienda.rigelec.com.ar\/index.php?rest_route=\/wp\/v2\/product"}],"about":[{"href":"https:\/\/tienda.rigelec.com.ar\/index.php?rest_route=\/wp\/v2\/types\/product"}],"replies":[{"embeddable":true,"href":"https:\/\/tienda.rigelec.com.ar\/index.php?rest_route=%2Fwp%2Fv2%2Fcomments&post=32425"}],"wp:featuredmedia":[{"embeddable":true,"href":"https:\/\/tienda.rigelec.com.ar\/index.php?rest_route=\/wp\/v2\/media\/32426"}],"wp:attachment":[{"href":"https:\/\/tienda.rigelec.com.ar\/index.php?rest_route=%2Fwp%2Fv2%2Fmedia&parent=32425"}],"wp:term":[{"taxonomy":"product_brand","embeddable":true,"href":"https:\/\/tienda.rigelec.com.ar\/index.php?rest_route=%2Fwp%2Fv2%2Fproduct_brand&post=32425"},{"taxonomy":"product_cat","embeddable":true,"href":"https:\/\/tienda.rigelec.com.ar\/index.php?rest_route=%2Fwp%2Fv2%2Fproduct_cat&post=32425"},{"taxonomy":"product_tag","embeddable":true,"href":"https:\/\/tienda.rigelec.com.ar\/index.php?rest_route=%2Fwp%2Fv2%2Fproduct_tag&post=32425"}],"curies":[{"name":"wp","href":"https:\/\/api.w.org\/{rel}","templated":true}]}}