{"id":32439,"date":"2025-09-22T13:01:39","date_gmt":"2025-09-22T16:01:39","guid":{"rendered":"https:\/\/tienda.rigelec.com.ar\/?product=conjunto-clamp-central-multipanel-drill-multipanel-60-80-lc"},"modified":"2026-05-02T05:39:09","modified_gmt":"2026-05-02T08:39:09","slug":"conjunto-clamp-central-multipanel-drill-multipanel-60-80-lc","status":"publish","type":"product","link":"https:\/\/tienda.rigelec.com.ar\/?product=conjunto-clamp-central-multipanel-drill-multipanel-60-80-lc","title":{"rendered":"CONJUNTO CLAMP CENTRAL MULTIPANEL DRILL MULTIPANEL 60-80 LC"},"content":{"rendered":"<p>CONJUNTO CLAMP CENTRAL MULTIPANEL DRILL<\/p>\n","protected":false},"excerpt":{"rendered":"<p>Plaza de sujecion central que une los paneles entre si.<br \/>\nLas estructuras Tonka Solar son ideales para la instalaci\u00f3n de paneles solares en cualquier superficie o terreno.<br \/>\nMenor costo por Wp.<br \/>\nSoluci\u00f3n integral de estructura y fijaci\u00f3n a piso.<br \/>\nR\u00e1pido y f\u00e1cil armado.<br \/>\nAptas para cualquier tipo de panel solar.<br \/>\nM\u00e1xima duraci\u00f3n bajo condiciones ambientales exigentes.<\/p>\n","protected":false},"featured_media":32440,"comment_status":"open","ping_status":"closed","template":"","meta":{"_monsterinsights_skip_tracking":false,"_monsterinsights_sitenote_active":false,"_monsterinsights_sitenote_note":"","_monsterinsights_sitenote_category":0},"product_brand":[],"product_cat":[414],"product_tag":[490],"class_list":{"0":"post-32439","1":"product","2":"type-product","3":"status-publish","4":"has-post-thumbnail","6":"product_cat-f-estructuras","7":"product_tag-tonka","9":"first","10":"outofstock","11":"shipping-taxable","12":"purchasable","13":"product-type-simple"},"yoast_head":"<!-- This site is optimized with the Yoast SEO plugin v25.3.1 - https:\/\/yoast.com\/wordpress\/plugins\/seo\/ -->\n<title>CONJUNTO CLAMP CENTRAL MULTIPANEL DRILL MULTIPANEL 60-80 LC - Tienda Rigelec<\/title>\n<meta name=\"robots\" content=\"index, follow, max-snippet:-1, max-image-preview:large, max-video-preview:-1\" \/>\n<link rel=\"canonical\" href=\"https:\/\/tienda.rigelec.com.ar\/?product=conjunto-clamp-central-multipanel-drill-multipanel-60-80-lc\" \/>\n<meta property=\"og:locale\" content=\"es_ES\" \/>\n<meta property=\"og:type\" content=\"article\" \/>\n<meta property=\"og:title\" content=\"CONJUNTO CLAMP CENTRAL MULTIPANEL DRILL MULTIPANEL 60-80 LC - Tienda Rigelec\" \/>\n<meta property=\"og:description\" content=\"Plaza de sujecion central que une los paneles entre si. Las estructuras Tonka Solar son ideales para la instalaci\u00f3n de paneles solares en cualquier superficie o terreno. Menor costo por Wp. Soluci\u00f3n integral de estructura y fijaci\u00f3n a piso. R\u00e1pido y f\u00e1cil armado. Aptas para cualquier tipo de panel solar. M\u00e1xima duraci\u00f3n bajo condiciones ambientales exigentes.\" \/>\n<meta property=\"og:url\" content=\"https:\/\/tienda.rigelec.com.ar\/?product=conjunto-clamp-central-multipanel-drill-multipanel-60-80-lc\" \/>\n<meta property=\"og:site_name\" content=\"Tienda Rigelec\" \/>\n<meta property=\"article:modified_time\" content=\"2026-05-02T08:39:09+00:00\" \/>\n<meta name=\"twitter:card\" content=\"summary_large_image\" \/>\n<script type=\"application\/ld+json\" class=\"yoast-schema-graph\">{\"@context\":\"https:\/\/schema.org\",\"@graph\":[{\"@type\":\"WebPage\",\"@id\":\"https:\/\/tienda.rigelec.com.ar\/?product=conjunto-clamp-central-multipanel-drill-multipanel-60-80-lc\",\"url\":\"https:\/\/tienda.rigelec.com.ar\/?product=conjunto-clamp-central-multipanel-drill-multipanel-60-80-lc\",\"name\":\"CONJUNTO CLAMP CENTRAL MULTIPANEL DRILL MULTIPANEL 60-80 LC - Tienda Rigelec\",\"isPartOf\":{\"@id\":\"https:\/\/tienda.rigelec.com.ar\/#website\"},\"primaryImageOfPage\":{\"@id\":\"https:\/\/tienda.rigelec.com.ar\/?product=conjunto-clamp-central-multipanel-drill-multipanel-60-80-lc#primaryimage\"},\"image\":{\"@id\":\"https:\/\/tienda.rigelec.com.ar\/?product=conjunto-clamp-central-multipanel-drill-multipanel-60-80-lc#primaryimage\"},\"thumbnailUrl\":\"https:\/\/tienda.rigelec.com.ar\/wp-content\/uploads\/2025\/09\/CONJUNTOCLAMPCENTRALMULTIPANELDRILL.jpg\",\"datePublished\":\"2025-09-22T16:01:39+00:00\",\"dateModified\":\"2026-05-02T08:39:09+00:00\",\"breadcrumb\":{\"@id\":\"https:\/\/tienda.rigelec.com.ar\/?product=conjunto-clamp-central-multipanel-drill-multipanel-60-80-lc#breadcrumb\"},\"inLanguage\":\"es-AR\",\"potentialAction\":[{\"@type\":\"ReadAction\",\"target\":[\"https:\/\/tienda.rigelec.com.ar\/?product=conjunto-clamp-central-multipanel-drill-multipanel-60-80-lc\"]}]},{\"@type\":\"ImageObject\",\"inLanguage\":\"es-AR\",\"@id\":\"https:\/\/tienda.rigelec.com.ar\/?product=conjunto-clamp-central-multipanel-drill-multipanel-60-80-lc#primaryimage\",\"url\":\"https:\/\/tienda.rigelec.com.ar\/wp-content\/uploads\/2025\/09\/CONJUNTOCLAMPCENTRALMULTIPANELDRILL.jpg\",\"contentUrl\":\"https:\/\/tienda.rigelec.com.ar\/wp-content\/uploads\/2025\/09\/CONJUNTOCLAMPCENTRALMULTIPANELDRILL.jpg\",\"width\":1080,\"height\":1080},{\"@type\":\"BreadcrumbList\",\"@id\":\"https:\/\/tienda.rigelec.com.ar\/?product=conjunto-clamp-central-multipanel-drill-multipanel-60-80-lc#breadcrumb\",\"itemListElement\":[{\"@type\":\"ListItem\",\"position\":1,\"name\":\"Inicio\",\"item\":\"https:\/\/tienda.rigelec.com.ar\/\"},{\"@type\":\"ListItem\",\"position\":2,\"name\":\"Shop\",\"item\":\"https:\/\/tienda.rigelec.com.ar\/?page_id=12\"},{\"@type\":\"ListItem\",\"position\":3,\"name\":\"CONJUNTO CLAMP CENTRAL MULTIPANEL DRILL MULTIPANEL 60-80 LC\"}]},{\"@type\":\"WebSite\",\"@id\":\"https:\/\/tienda.rigelec.com.ar\/#website\",\"url\":\"https:\/\/tienda.rigelec.com.ar\/\",\"name\":\"Tienda Rigelec\",\"description\":\"Energia en movimiento\",\"publisher\":{\"@id\":\"https:\/\/tienda.rigelec.com.ar\/#organization\"},\"potentialAction\":[{\"@type\":\"SearchAction\",\"target\":{\"@type\":\"EntryPoint\",\"urlTemplate\":\"https:\/\/tienda.rigelec.com.ar\/?s={search_term_string}\"},\"query-input\":{\"@type\":\"PropertyValueSpecification\",\"valueRequired\":true,\"valueName\":\"search_term_string\"}}],\"inLanguage\":\"es-AR\"},{\"@type\":\"Organization\",\"@id\":\"https:\/\/tienda.rigelec.com.ar\/#organization\",\"name\":\"Tienda Rigelec\",\"url\":\"https:\/\/tienda.rigelec.com.ar\/\",\"logo\":{\"@type\":\"ImageObject\",\"inLanguage\":\"es-AR\",\"@id\":\"https:\/\/tienda.rigelec.com.ar\/#\/schema\/logo\/image\/\",\"url\":\"https:\/\/tienda.rigelec.com.ar\/wp-content\/uploads\/2024\/09\/isologo-blanco-rigelec.png\",\"contentUrl\":\"https:\/\/tienda.rigelec.com.ar\/wp-content\/uploads\/2024\/09\/isologo-blanco-rigelec.png\",\"width\":94,\"height\":97,\"caption\":\"Tienda Rigelec\"},\"image\":{\"@id\":\"https:\/\/tienda.rigelec.com.ar\/#\/schema\/logo\/image\/\"}}]}<\/script>\n<!-- \/ Yoast SEO plugin. -->","yoast_head_json":{"title":"CONJUNTO CLAMP CENTRAL MULTIPANEL DRILL MULTIPANEL 60-80 LC - Tienda Rigelec","robots":{"index":"index","follow":"follow","max-snippet":"max-snippet:-1","max-image-preview":"max-image-preview:large","max-video-preview":"max-video-preview:-1"},"canonical":"https:\/\/tienda.rigelec.com.ar\/?product=conjunto-clamp-central-multipanel-drill-multipanel-60-80-lc","og_locale":"es_ES","og_type":"article","og_title":"CONJUNTO CLAMP CENTRAL MULTIPANEL DRILL MULTIPANEL 60-80 LC - Tienda Rigelec","og_description":"Plaza de sujecion central que une los paneles entre si. Las estructuras Tonka Solar son ideales para la instalaci\u00f3n de paneles solares en cualquier superficie o terreno. Menor costo por Wp. Soluci\u00f3n integral de estructura y fijaci\u00f3n a piso. R\u00e1pido y f\u00e1cil armado. Aptas para cualquier tipo de panel solar. M\u00e1xima duraci\u00f3n bajo condiciones ambientales exigentes.","og_url":"https:\/\/tienda.rigelec.com.ar\/?product=conjunto-clamp-central-multipanel-drill-multipanel-60-80-lc","og_site_name":"Tienda Rigelec","article_modified_time":"2026-05-02T08:39:09+00:00","twitter_card":"summary_large_image","schema":{"@context":"https:\/\/schema.org","@graph":[{"@type":"WebPage","@id":"https:\/\/tienda.rigelec.com.ar\/?product=conjunto-clamp-central-multipanel-drill-multipanel-60-80-lc","url":"https:\/\/tienda.rigelec.com.ar\/?product=conjunto-clamp-central-multipanel-drill-multipanel-60-80-lc","name":"CONJUNTO CLAMP CENTRAL MULTIPANEL DRILL MULTIPANEL 60-80 LC - Tienda Rigelec","isPartOf":{"@id":"https:\/\/tienda.rigelec.com.ar\/#website"},"primaryImageOfPage":{"@id":"https:\/\/tienda.rigelec.com.ar\/?product=conjunto-clamp-central-multipanel-drill-multipanel-60-80-lc#primaryimage"},"image":{"@id":"https:\/\/tienda.rigelec.com.ar\/?product=conjunto-clamp-central-multipanel-drill-multipanel-60-80-lc#primaryimage"},"thumbnailUrl":"https:\/\/tienda.rigelec.com.ar\/wp-content\/uploads\/2025\/09\/CONJUNTOCLAMPCENTRALMULTIPANELDRILL.jpg","datePublished":"2025-09-22T16:01:39+00:00","dateModified":"2026-05-02T08:39:09+00:00","breadcrumb":{"@id":"https:\/\/tienda.rigelec.com.ar\/?product=conjunto-clamp-central-multipanel-drill-multipanel-60-80-lc#breadcrumb"},"inLanguage":"es-AR","potentialAction":[{"@type":"ReadAction","target":["https:\/\/tienda.rigelec.com.ar\/?product=conjunto-clamp-central-multipanel-drill-multipanel-60-80-lc"]}]},{"@type":"ImageObject","inLanguage":"es-AR","@id":"https:\/\/tienda.rigelec.com.ar\/?product=conjunto-clamp-central-multipanel-drill-multipanel-60-80-lc#primaryimage","url":"https:\/\/tienda.rigelec.com.ar\/wp-content\/uploads\/2025\/09\/CONJUNTOCLAMPCENTRALMULTIPANELDRILL.jpg","contentUrl":"https:\/\/tienda.rigelec.com.ar\/wp-content\/uploads\/2025\/09\/CONJUNTOCLAMPCENTRALMULTIPANELDRILL.jpg","width":1080,"height":1080},{"@type":"BreadcrumbList","@id":"https:\/\/tienda.rigelec.com.ar\/?product=conjunto-clamp-central-multipanel-drill-multipanel-60-80-lc#breadcrumb","itemListElement":[{"@type":"ListItem","position":1,"name":"Inicio","item":"https:\/\/tienda.rigelec.com.ar\/"},{"@type":"ListItem","position":2,"name":"Shop","item":"https:\/\/tienda.rigelec.com.ar\/?page_id=12"},{"@type":"ListItem","position":3,"name":"CONJUNTO CLAMP CENTRAL MULTIPANEL DRILL MULTIPANEL 60-80 LC"}]},{"@type":"WebSite","@id":"https:\/\/tienda.rigelec.com.ar\/#website","url":"https:\/\/tienda.rigelec.com.ar\/","name":"Tienda Rigelec","description":"Energia en movimiento","publisher":{"@id":"https:\/\/tienda.rigelec.com.ar\/#organization"},"potentialAction":[{"@type":"SearchAction","target":{"@type":"EntryPoint","urlTemplate":"https:\/\/tienda.rigelec.com.ar\/?s={search_term_string}"},"query-input":{"@type":"PropertyValueSpecification","valueRequired":true,"valueName":"search_term_string"}}],"inLanguage":"es-AR"},{"@type":"Organization","@id":"https:\/\/tienda.rigelec.com.ar\/#organization","name":"Tienda Rigelec","url":"https:\/\/tienda.rigelec.com.ar\/","logo":{"@type":"ImageObject","inLanguage":"es-AR","@id":"https:\/\/tienda.rigelec.com.ar\/#\/schema\/logo\/image\/","url":"https:\/\/tienda.rigelec.com.ar\/wp-content\/uploads\/2024\/09\/isologo-blanco-rigelec.png","contentUrl":"https:\/\/tienda.rigelec.com.ar\/wp-content\/uploads\/2024\/09\/isologo-blanco-rigelec.png","width":94,"height":97,"caption":"Tienda Rigelec"},"image":{"@id":"https:\/\/tienda.rigelec.com.ar\/#\/schema\/logo\/image\/"}}]}},"jetpack_sharing_enabled":true,"_links":{"self":[{"href":"https:\/\/tienda.rigelec.com.ar\/index.php?rest_route=\/wp\/v2\/product\/32439","targetHints":{"allow":["GET"]}}],"collection":[{"href":"https:\/\/tienda.rigelec.com.ar\/index.php?rest_route=\/wp\/v2\/product"}],"about":[{"href":"https:\/\/tienda.rigelec.com.ar\/index.php?rest_route=\/wp\/v2\/types\/product"}],"replies":[{"embeddable":true,"href":"https:\/\/tienda.rigelec.com.ar\/index.php?rest_route=%2Fwp%2Fv2%2Fcomments&post=32439"}],"wp:featuredmedia":[{"embeddable":true,"href":"https:\/\/tienda.rigelec.com.ar\/index.php?rest_route=\/wp\/v2\/media\/32440"}],"wp:attachment":[{"href":"https:\/\/tienda.rigelec.com.ar\/index.php?rest_route=%2Fwp%2Fv2%2Fmedia&parent=32439"}],"wp:term":[{"taxonomy":"product_brand","embeddable":true,"href":"https:\/\/tienda.rigelec.com.ar\/index.php?rest_route=%2Fwp%2Fv2%2Fproduct_brand&post=32439"},{"taxonomy":"product_cat","embeddable":true,"href":"https:\/\/tienda.rigelec.com.ar\/index.php?rest_route=%2Fwp%2Fv2%2Fproduct_cat&post=32439"},{"taxonomy":"product_tag","embeddable":true,"href":"https:\/\/tienda.rigelec.com.ar\/index.php?rest_route=%2Fwp%2Fv2%2Fproduct_tag&post=32439"}],"curies":[{"name":"wp","href":"https:\/\/api.w.org\/{rel}","templated":true}]}}