{"id":32455,"date":"2025-09-25T09:58:13","date_gmt":"2025-09-25T12:58:13","guid":{"rendered":"https:\/\/tienda.rigelec.com.ar\/?product=pulsador-parada-de-emergencia-harmony-xb5-ip69-ip67-ip66-1na1nc"},"modified":"2026-05-01T02:30:55","modified_gmt":"2026-05-01T05:30:55","slug":"pulsador-parada-de-emergencia-harmony-xb5-ip69-ip67-ip66-1na1nc","status":"publish","type":"product","link":"https:\/\/tienda.rigelec.com.ar\/?product=pulsador-parada-de-emergencia-harmony-xb5-ip69-ip67-ip66-1na1nc","title":{"rendered":"PULSADOR PARADA DE EMERGENCIA HARMONY XB5 IP69- IP67-IP66 \/1NA+1NC"},"content":{"rendered":"<p>PULSADOR PARADA DE EMERGENCIA<\/p>\n","protected":false},"excerpt":{"rendered":"<p>Este pulsador rojo modular de cabeza redonda de 4 mm con parada de emergencia Harmony XB5 funciona con un mecanismo de enganche giratorio a liberaci\u00f3n y utiliza terminales de borne atornillado. Es claramente distinguible visualmente a distancia gracias a su color claro y a su forma destacada de seta de 4 mm. Es resistente al impacto, al polvo, al agua y a las vibraciones gracias a sus interfaces IP66\/IP67\/IP69\/IP69K, lo que lo hace ideal para entornos hostiles. Su cubierta pl\u00e1stica lo hace ideal para aplicaciones que requieren buena resistencia a agentes qu\u00edmicos y\/o doble aislamiento el\u00e9ctrico.<\/p>\n<p>Grado de protecci\u00f3n IP IP66 conforme a IEC 60529, IP67, IP69, IP69K<br \/>\ndi\u00e1metro de montaje: 22,5 mm<\/p>\n","protected":false},"featured_media":32456,"comment_status":"open","ping_status":"closed","template":"","meta":{"_monsterinsights_skip_tracking":false,"_monsterinsights_sitenote_active":false,"_monsterinsights_sitenote_note":"","_monsterinsights_sitenote_category":0},"product_brand":[],"product_cat":[332],"product_tag":[450],"class_list":{"0":"post-32455","1":"product","2":"type-product","3":"status-publish","4":"has-post-thumbnail","6":"product_cat-a-contactores","7":"product_tag-schneider","9":"first","10":"outofstock","11":"shipping-taxable","12":"purchasable","13":"product-type-simple"},"yoast_head":"<!-- This site is optimized with the Yoast SEO plugin v25.3.1 - https:\/\/yoast.com\/wordpress\/plugins\/seo\/ -->\n<title>PULSADOR PARADA DE EMERGENCIA HARMONY XB5 IP69- IP67-IP66 \/1NA+1NC - Tienda Rigelec<\/title>\n<meta name=\"robots\" content=\"index, follow, max-snippet:-1, max-image-preview:large, max-video-preview:-1\" \/>\n<link rel=\"canonical\" href=\"https:\/\/tienda.rigelec.com.ar\/?product=pulsador-parada-de-emergencia-harmony-xb5-ip69-ip67-ip66-1na1nc\" \/>\n<meta property=\"og:locale\" content=\"es_ES\" \/>\n<meta property=\"og:type\" content=\"article\" \/>\n<meta property=\"og:title\" content=\"PULSADOR PARADA DE EMERGENCIA HARMONY XB5 IP69- IP67-IP66 \/1NA+1NC - Tienda Rigelec\" \/>\n<meta property=\"og:description\" content=\"Este pulsador rojo modular de cabeza redonda de 4 mm con parada de emergencia Harmony XB5 funciona con un mecanismo de enganche giratorio a liberaci\u00f3n y utiliza terminales de borne atornillado. Es claramente distinguible visualmente a distancia gracias a su color claro y a su forma destacada de seta de 4 mm. Es resistente al impacto, al polvo, al agua y a las vibraciones gracias a sus interfaces IP66\/IP67\/IP69\/IP69K, lo que lo hace ideal para entornos hostiles. Su cubierta pl\u00e1stica lo hace ideal para aplicaciones que requieren buena resistencia a agentes qu\u00edmicos y\/o doble aislamiento el\u00e9ctrico.  Grado de protecci\u00f3n IP IP66 conforme a IEC 60529, IP67, IP69, IP69K di\u00e1metro de montaje: 22,5 mm\" \/>\n<meta property=\"og:url\" content=\"https:\/\/tienda.rigelec.com.ar\/?product=pulsador-parada-de-emergencia-harmony-xb5-ip69-ip67-ip66-1na1nc\" \/>\n<meta property=\"og:site_name\" content=\"Tienda Rigelec\" \/>\n<meta property=\"article:modified_time\" content=\"2026-05-01T05:30:55+00:00\" \/>\n<meta name=\"twitter:card\" content=\"summary_large_image\" \/>\n<script type=\"application\/ld+json\" class=\"yoast-schema-graph\">{\"@context\":\"https:\/\/schema.org\",\"@graph\":[{\"@type\":\"WebPage\",\"@id\":\"https:\/\/tienda.rigelec.com.ar\/?product=pulsador-parada-de-emergencia-harmony-xb5-ip69-ip67-ip66-1na1nc\",\"url\":\"https:\/\/tienda.rigelec.com.ar\/?product=pulsador-parada-de-emergencia-harmony-xb5-ip69-ip67-ip66-1na1nc\",\"name\":\"PULSADOR PARADA DE EMERGENCIA HARMONY XB5 IP69- IP67-IP66 \/1NA+1NC - Tienda Rigelec\",\"isPartOf\":{\"@id\":\"https:\/\/tienda.rigelec.com.ar\/#website\"},\"primaryImageOfPage\":{\"@id\":\"https:\/\/tienda.rigelec.com.ar\/?product=pulsador-parada-de-emergencia-harmony-xb5-ip69-ip67-ip66-1na1nc#primaryimage\"},\"image\":{\"@id\":\"https:\/\/tienda.rigelec.com.ar\/?product=pulsador-parada-de-emergencia-harmony-xb5-ip69-ip67-ip66-1na1nc#primaryimage\"},\"thumbnailUrl\":\"https:\/\/tienda.rigelec.com.ar\/wp-content\/uploads\/2025\/09\/PULSADORPARADADEEMERGENCIA.jpg\",\"datePublished\":\"2025-09-25T12:58:13+00:00\",\"dateModified\":\"2026-05-01T05:30:55+00:00\",\"breadcrumb\":{\"@id\":\"https:\/\/tienda.rigelec.com.ar\/?product=pulsador-parada-de-emergencia-harmony-xb5-ip69-ip67-ip66-1na1nc#breadcrumb\"},\"inLanguage\":\"es-AR\",\"potentialAction\":[{\"@type\":\"ReadAction\",\"target\":[\"https:\/\/tienda.rigelec.com.ar\/?product=pulsador-parada-de-emergencia-harmony-xb5-ip69-ip67-ip66-1na1nc\"]}]},{\"@type\":\"ImageObject\",\"inLanguage\":\"es-AR\",\"@id\":\"https:\/\/tienda.rigelec.com.ar\/?product=pulsador-parada-de-emergencia-harmony-xb5-ip69-ip67-ip66-1na1nc#primaryimage\",\"url\":\"https:\/\/tienda.rigelec.com.ar\/wp-content\/uploads\/2025\/09\/PULSADORPARADADEEMERGENCIA.jpg\",\"contentUrl\":\"https:\/\/tienda.rigelec.com.ar\/wp-content\/uploads\/2025\/09\/PULSADORPARADADEEMERGENCIA.jpg\",\"width\":1080,\"height\":1080},{\"@type\":\"BreadcrumbList\",\"@id\":\"https:\/\/tienda.rigelec.com.ar\/?product=pulsador-parada-de-emergencia-harmony-xb5-ip69-ip67-ip66-1na1nc#breadcrumb\",\"itemListElement\":[{\"@type\":\"ListItem\",\"position\":1,\"name\":\"Inicio\",\"item\":\"https:\/\/tienda.rigelec.com.ar\/\"},{\"@type\":\"ListItem\",\"position\":2,\"name\":\"Shop\",\"item\":\"https:\/\/tienda.rigelec.com.ar\/?page_id=12\"},{\"@type\":\"ListItem\",\"position\":3,\"name\":\"PULSADOR PARADA DE EMERGENCIA HARMONY XB5 IP69- IP67-IP66 \/1NA+1NC\"}]},{\"@type\":\"WebSite\",\"@id\":\"https:\/\/tienda.rigelec.com.ar\/#website\",\"url\":\"https:\/\/tienda.rigelec.com.ar\/\",\"name\":\"Tienda Rigelec\",\"description\":\"Energia en movimiento\",\"publisher\":{\"@id\":\"https:\/\/tienda.rigelec.com.ar\/#organization\"},\"potentialAction\":[{\"@type\":\"SearchAction\",\"target\":{\"@type\":\"EntryPoint\",\"urlTemplate\":\"https:\/\/tienda.rigelec.com.ar\/?s={search_term_string}\"},\"query-input\":{\"@type\":\"PropertyValueSpecification\",\"valueRequired\":true,\"valueName\":\"search_term_string\"}}],\"inLanguage\":\"es-AR\"},{\"@type\":\"Organization\",\"@id\":\"https:\/\/tienda.rigelec.com.ar\/#organization\",\"name\":\"Tienda Rigelec\",\"url\":\"https:\/\/tienda.rigelec.com.ar\/\",\"logo\":{\"@type\":\"ImageObject\",\"inLanguage\":\"es-AR\",\"@id\":\"https:\/\/tienda.rigelec.com.ar\/#\/schema\/logo\/image\/\",\"url\":\"https:\/\/tienda.rigelec.com.ar\/wp-content\/uploads\/2024\/09\/isologo-blanco-rigelec.png\",\"contentUrl\":\"https:\/\/tienda.rigelec.com.ar\/wp-content\/uploads\/2024\/09\/isologo-blanco-rigelec.png\",\"width\":94,\"height\":97,\"caption\":\"Tienda Rigelec\"},\"image\":{\"@id\":\"https:\/\/tienda.rigelec.com.ar\/#\/schema\/logo\/image\/\"}}]}<\/script>\n<!-- \/ Yoast SEO plugin. -->","yoast_head_json":{"title":"PULSADOR PARADA DE EMERGENCIA HARMONY XB5 IP69- IP67-IP66 \/1NA+1NC - Tienda Rigelec","robots":{"index":"index","follow":"follow","max-snippet":"max-snippet:-1","max-image-preview":"max-image-preview:large","max-video-preview":"max-video-preview:-1"},"canonical":"https:\/\/tienda.rigelec.com.ar\/?product=pulsador-parada-de-emergencia-harmony-xb5-ip69-ip67-ip66-1na1nc","og_locale":"es_ES","og_type":"article","og_title":"PULSADOR PARADA DE EMERGENCIA HARMONY XB5 IP69- IP67-IP66 \/1NA+1NC - Tienda Rigelec","og_description":"Este pulsador rojo modular de cabeza redonda de 4 mm con parada de emergencia Harmony XB5 funciona con un mecanismo de enganche giratorio a liberaci\u00f3n y utiliza terminales de borne atornillado. Es claramente distinguible visualmente a distancia gracias a su color claro y a su forma destacada de seta de 4 mm. Es resistente al impacto, al polvo, al agua y a las vibraciones gracias a sus interfaces IP66\/IP67\/IP69\/IP69K, lo que lo hace ideal para entornos hostiles. Su cubierta pl\u00e1stica lo hace ideal para aplicaciones que requieren buena resistencia a agentes qu\u00edmicos y\/o doble aislamiento el\u00e9ctrico.  Grado de protecci\u00f3n IP IP66 conforme a IEC 60529, IP67, IP69, IP69K di\u00e1metro de montaje: 22,5 mm","og_url":"https:\/\/tienda.rigelec.com.ar\/?product=pulsador-parada-de-emergencia-harmony-xb5-ip69-ip67-ip66-1na1nc","og_site_name":"Tienda Rigelec","article_modified_time":"2026-05-01T05:30:55+00:00","twitter_card":"summary_large_image","schema":{"@context":"https:\/\/schema.org","@graph":[{"@type":"WebPage","@id":"https:\/\/tienda.rigelec.com.ar\/?product=pulsador-parada-de-emergencia-harmony-xb5-ip69-ip67-ip66-1na1nc","url":"https:\/\/tienda.rigelec.com.ar\/?product=pulsador-parada-de-emergencia-harmony-xb5-ip69-ip67-ip66-1na1nc","name":"PULSADOR PARADA DE EMERGENCIA HARMONY XB5 IP69- IP67-IP66 \/1NA+1NC - Tienda Rigelec","isPartOf":{"@id":"https:\/\/tienda.rigelec.com.ar\/#website"},"primaryImageOfPage":{"@id":"https:\/\/tienda.rigelec.com.ar\/?product=pulsador-parada-de-emergencia-harmony-xb5-ip69-ip67-ip66-1na1nc#primaryimage"},"image":{"@id":"https:\/\/tienda.rigelec.com.ar\/?product=pulsador-parada-de-emergencia-harmony-xb5-ip69-ip67-ip66-1na1nc#primaryimage"},"thumbnailUrl":"https:\/\/tienda.rigelec.com.ar\/wp-content\/uploads\/2025\/09\/PULSADORPARADADEEMERGENCIA.jpg","datePublished":"2025-09-25T12:58:13+00:00","dateModified":"2026-05-01T05:30:55+00:00","breadcrumb":{"@id":"https:\/\/tienda.rigelec.com.ar\/?product=pulsador-parada-de-emergencia-harmony-xb5-ip69-ip67-ip66-1na1nc#breadcrumb"},"inLanguage":"es-AR","potentialAction":[{"@type":"ReadAction","target":["https:\/\/tienda.rigelec.com.ar\/?product=pulsador-parada-de-emergencia-harmony-xb5-ip69-ip67-ip66-1na1nc"]}]},{"@type":"ImageObject","inLanguage":"es-AR","@id":"https:\/\/tienda.rigelec.com.ar\/?product=pulsador-parada-de-emergencia-harmony-xb5-ip69-ip67-ip66-1na1nc#primaryimage","url":"https:\/\/tienda.rigelec.com.ar\/wp-content\/uploads\/2025\/09\/PULSADORPARADADEEMERGENCIA.jpg","contentUrl":"https:\/\/tienda.rigelec.com.ar\/wp-content\/uploads\/2025\/09\/PULSADORPARADADEEMERGENCIA.jpg","width":1080,"height":1080},{"@type":"BreadcrumbList","@id":"https:\/\/tienda.rigelec.com.ar\/?product=pulsador-parada-de-emergencia-harmony-xb5-ip69-ip67-ip66-1na1nc#breadcrumb","itemListElement":[{"@type":"ListItem","position":1,"name":"Inicio","item":"https:\/\/tienda.rigelec.com.ar\/"},{"@type":"ListItem","position":2,"name":"Shop","item":"https:\/\/tienda.rigelec.com.ar\/?page_id=12"},{"@type":"ListItem","position":3,"name":"PULSADOR PARADA DE EMERGENCIA HARMONY XB5 IP69- IP67-IP66 \/1NA+1NC"}]},{"@type":"WebSite","@id":"https:\/\/tienda.rigelec.com.ar\/#website","url":"https:\/\/tienda.rigelec.com.ar\/","name":"Tienda Rigelec","description":"Energia en movimiento","publisher":{"@id":"https:\/\/tienda.rigelec.com.ar\/#organization"},"potentialAction":[{"@type":"SearchAction","target":{"@type":"EntryPoint","urlTemplate":"https:\/\/tienda.rigelec.com.ar\/?s={search_term_string}"},"query-input":{"@type":"PropertyValueSpecification","valueRequired":true,"valueName":"search_term_string"}}],"inLanguage":"es-AR"},{"@type":"Organization","@id":"https:\/\/tienda.rigelec.com.ar\/#organization","name":"Tienda Rigelec","url":"https:\/\/tienda.rigelec.com.ar\/","logo":{"@type":"ImageObject","inLanguage":"es-AR","@id":"https:\/\/tienda.rigelec.com.ar\/#\/schema\/logo\/image\/","url":"https:\/\/tienda.rigelec.com.ar\/wp-content\/uploads\/2024\/09\/isologo-blanco-rigelec.png","contentUrl":"https:\/\/tienda.rigelec.com.ar\/wp-content\/uploads\/2024\/09\/isologo-blanco-rigelec.png","width":94,"height":97,"caption":"Tienda Rigelec"},"image":{"@id":"https:\/\/tienda.rigelec.com.ar\/#\/schema\/logo\/image\/"}}]}},"jetpack_sharing_enabled":true,"_links":{"self":[{"href":"https:\/\/tienda.rigelec.com.ar\/index.php?rest_route=\/wp\/v2\/product\/32455","targetHints":{"allow":["GET"]}}],"collection":[{"href":"https:\/\/tienda.rigelec.com.ar\/index.php?rest_route=\/wp\/v2\/product"}],"about":[{"href":"https:\/\/tienda.rigelec.com.ar\/index.php?rest_route=\/wp\/v2\/types\/product"}],"replies":[{"embeddable":true,"href":"https:\/\/tienda.rigelec.com.ar\/index.php?rest_route=%2Fwp%2Fv2%2Fcomments&post=32455"}],"wp:featuredmedia":[{"embeddable":true,"href":"https:\/\/tienda.rigelec.com.ar\/index.php?rest_route=\/wp\/v2\/media\/32456"}],"wp:attachment":[{"href":"https:\/\/tienda.rigelec.com.ar\/index.php?rest_route=%2Fwp%2Fv2%2Fmedia&parent=32455"}],"wp:term":[{"taxonomy":"product_brand","embeddable":true,"href":"https:\/\/tienda.rigelec.com.ar\/index.php?rest_route=%2Fwp%2Fv2%2Fproduct_brand&post=32455"},{"taxonomy":"product_cat","embeddable":true,"href":"https:\/\/tienda.rigelec.com.ar\/index.php?rest_route=%2Fwp%2Fv2%2Fproduct_cat&post=32455"},{"taxonomy":"product_tag","embeddable":true,"href":"https:\/\/tienda.rigelec.com.ar\/index.php?rest_route=%2Fwp%2Fv2%2Fproduct_tag&post=32455"}],"curies":[{"name":"wp","href":"https:\/\/api.w.org\/{rel}","templated":true}]}}