{"id":32505,"date":"2025-09-25T11:02:53","date_gmt":"2025-09-25T14:02:53","guid":{"rendered":"https:\/\/tienda.rigelec.com.ar\/?product=caja-capsulada-vacia-para-bases-linea-cajas-capsuladas-32a"},"modified":"2026-05-04T01:43:41","modified_gmt":"2026-05-04T04:43:41","slug":"caja-capsulada-vacia-para-bases-linea-cajas-capsuladas-32a","status":"publish","type":"product","link":"https:\/\/tienda.rigelec.com.ar\/?product=caja-capsulada-vacia-para-bases-linea-cajas-capsuladas-32a","title":{"rendered":"CAJA CAPSULADA VACIA PARA BASES LINEA CAJAS CAPSULADAS 32A"},"content":{"rendered":"<p>CAJA CAPSULADA VACIA PARA BASES<\/p>\n","protected":false},"excerpt":{"rendered":"<p>Dise\u00f1ada para alojar los soportes con interruptor o tomacorriente. Por su tipo de construcci\u00f3n permite ser instalada en el exterior. Con la posibilidad de proteger el m\u00f3dulo que se coloque posteriormente con su tapa rebatible. Inyectada en polipropileno, material termopl\u00e1stico de alta resistencia con protecci\u00f3n UV. Provista de tapa frontal la cual asegura su estanqueidad y ojales para su fijaci\u00f3n.<br \/>\nGrado de proteccion IP 42: Protecci\u00f3n contra el ingreso de cuerpos s\u00f3lidos mayores a 1 mm. de di\u00e1metro y contra la ca\u00edda de gotas verticales con una inclinaci\u00f3n m\u00e1xima de 15 grados.<br \/>\nMarco soporte con versatilidad de rotaci\u00f3n, permitiendo orientar el orificio de ingreso a los conductores, hacia arriba o hacia abajo.<br \/>\nMontaje de superficie.<\/p>\n","protected":false},"featured_media":32506,"comment_status":"open","ping_status":"closed","template":"","meta":{"_monsterinsights_skip_tracking":false,"_monsterinsights_sitenote_active":false,"_monsterinsights_sitenote_note":"","_monsterinsights_sitenote_category":0},"product_brand":[],"product_cat":[322],"product_tag":[64],"class_list":{"0":"post-32505","1":"product","2":"type-product","3":"status-publish","4":"has-post-thumbnail","6":"product_cat-c-capsuladas","7":"product_tag-kalop","9":"first","10":"instock","11":"shipping-taxable","12":"purchasable","13":"product-type-simple"},"yoast_head":"<!-- This site is optimized with the Yoast SEO plugin v25.3.1 - https:\/\/yoast.com\/wordpress\/plugins\/seo\/ -->\n<title>CAJA CAPSULADA VACIA PARA BASES LINEA CAJAS CAPSULADAS 32A - Tienda Rigelec<\/title>\n<meta name=\"robots\" content=\"index, follow, max-snippet:-1, max-image-preview:large, max-video-preview:-1\" \/>\n<link rel=\"canonical\" href=\"https:\/\/tienda.rigelec.com.ar\/?product=caja-capsulada-vacia-para-bases-linea-cajas-capsuladas-32a\" \/>\n<meta property=\"og:locale\" content=\"es_ES\" \/>\n<meta property=\"og:type\" content=\"article\" \/>\n<meta property=\"og:title\" content=\"CAJA CAPSULADA VACIA PARA BASES LINEA CAJAS CAPSULADAS 32A - Tienda Rigelec\" \/>\n<meta property=\"og:description\" content=\"Dise\u00f1ada para alojar los soportes con interruptor o tomacorriente. Por su tipo de construcci\u00f3n permite ser instalada en el exterior. Con la posibilidad de proteger el m\u00f3dulo que se coloque posteriormente con su tapa rebatible. Inyectada en polipropileno, material termopl\u00e1stico de alta resistencia con protecci\u00f3n UV. Provista de tapa frontal la cual asegura su estanqueidad y ojales para su fijaci\u00f3n. Grado de proteccion IP 42: Protecci\u00f3n contra el ingreso de cuerpos s\u00f3lidos mayores a 1 mm. de di\u00e1metro y contra la ca\u00edda de gotas verticales con una inclinaci\u00f3n m\u00e1xima de 15 grados. Marco soporte con versatilidad de rotaci\u00f3n, permitiendo orientar el orificio de ingreso a los conductores, hacia arriba o hacia abajo. Montaje de superficie.\" \/>\n<meta property=\"og:url\" content=\"https:\/\/tienda.rigelec.com.ar\/?product=caja-capsulada-vacia-para-bases-linea-cajas-capsuladas-32a\" \/>\n<meta property=\"og:site_name\" content=\"Tienda Rigelec\" \/>\n<meta property=\"article:modified_time\" content=\"2026-05-04T04:43:41+00:00\" \/>\n<meta name=\"twitter:card\" content=\"summary_large_image\" \/>\n<script type=\"application\/ld+json\" class=\"yoast-schema-graph\">{\"@context\":\"https:\/\/schema.org\",\"@graph\":[{\"@type\":\"WebPage\",\"@id\":\"https:\/\/tienda.rigelec.com.ar\/?product=caja-capsulada-vacia-para-bases-linea-cajas-capsuladas-32a\",\"url\":\"https:\/\/tienda.rigelec.com.ar\/?product=caja-capsulada-vacia-para-bases-linea-cajas-capsuladas-32a\",\"name\":\"CAJA CAPSULADA VACIA PARA BASES LINEA CAJAS CAPSULADAS 32A - Tienda Rigelec\",\"isPartOf\":{\"@id\":\"https:\/\/tienda.rigelec.com.ar\/#website\"},\"primaryImageOfPage\":{\"@id\":\"https:\/\/tienda.rigelec.com.ar\/?product=caja-capsulada-vacia-para-bases-linea-cajas-capsuladas-32a#primaryimage\"},\"image\":{\"@id\":\"https:\/\/tienda.rigelec.com.ar\/?product=caja-capsulada-vacia-para-bases-linea-cajas-capsuladas-32a#primaryimage\"},\"thumbnailUrl\":\"https:\/\/tienda.rigelec.com.ar\/wp-content\/uploads\/2025\/09\/CAJACAPSULADAVACIAPARABASES-1.jpg\",\"datePublished\":\"2025-09-25T14:02:53+00:00\",\"dateModified\":\"2026-05-04T04:43:41+00:00\",\"breadcrumb\":{\"@id\":\"https:\/\/tienda.rigelec.com.ar\/?product=caja-capsulada-vacia-para-bases-linea-cajas-capsuladas-32a#breadcrumb\"},\"inLanguage\":\"es-AR\",\"potentialAction\":[{\"@type\":\"ReadAction\",\"target\":[\"https:\/\/tienda.rigelec.com.ar\/?product=caja-capsulada-vacia-para-bases-linea-cajas-capsuladas-32a\"]}]},{\"@type\":\"ImageObject\",\"inLanguage\":\"es-AR\",\"@id\":\"https:\/\/tienda.rigelec.com.ar\/?product=caja-capsulada-vacia-para-bases-linea-cajas-capsuladas-32a#primaryimage\",\"url\":\"https:\/\/tienda.rigelec.com.ar\/wp-content\/uploads\/2025\/09\/CAJACAPSULADAVACIAPARABASES-1.jpg\",\"contentUrl\":\"https:\/\/tienda.rigelec.com.ar\/wp-content\/uploads\/2025\/09\/CAJACAPSULADAVACIAPARABASES-1.jpg\",\"width\":944,\"height\":955},{\"@type\":\"BreadcrumbList\",\"@id\":\"https:\/\/tienda.rigelec.com.ar\/?product=caja-capsulada-vacia-para-bases-linea-cajas-capsuladas-32a#breadcrumb\",\"itemListElement\":[{\"@type\":\"ListItem\",\"position\":1,\"name\":\"Inicio\",\"item\":\"https:\/\/tienda.rigelec.com.ar\/\"},{\"@type\":\"ListItem\",\"position\":2,\"name\":\"Shop\",\"item\":\"https:\/\/tienda.rigelec.com.ar\/?page_id=12\"},{\"@type\":\"ListItem\",\"position\":3,\"name\":\"CAJA CAPSULADA VACIA PARA BASES LINEA CAJAS CAPSULADAS 32A\"}]},{\"@type\":\"WebSite\",\"@id\":\"https:\/\/tienda.rigelec.com.ar\/#website\",\"url\":\"https:\/\/tienda.rigelec.com.ar\/\",\"name\":\"Tienda Rigelec\",\"description\":\"Energia en movimiento\",\"publisher\":{\"@id\":\"https:\/\/tienda.rigelec.com.ar\/#organization\"},\"potentialAction\":[{\"@type\":\"SearchAction\",\"target\":{\"@type\":\"EntryPoint\",\"urlTemplate\":\"https:\/\/tienda.rigelec.com.ar\/?s={search_term_string}\"},\"query-input\":{\"@type\":\"PropertyValueSpecification\",\"valueRequired\":true,\"valueName\":\"search_term_string\"}}],\"inLanguage\":\"es-AR\"},{\"@type\":\"Organization\",\"@id\":\"https:\/\/tienda.rigelec.com.ar\/#organization\",\"name\":\"Tienda Rigelec\",\"url\":\"https:\/\/tienda.rigelec.com.ar\/\",\"logo\":{\"@type\":\"ImageObject\",\"inLanguage\":\"es-AR\",\"@id\":\"https:\/\/tienda.rigelec.com.ar\/#\/schema\/logo\/image\/\",\"url\":\"https:\/\/tienda.rigelec.com.ar\/wp-content\/uploads\/2024\/09\/isologo-blanco-rigelec.png\",\"contentUrl\":\"https:\/\/tienda.rigelec.com.ar\/wp-content\/uploads\/2024\/09\/isologo-blanco-rigelec.png\",\"width\":94,\"height\":97,\"caption\":\"Tienda Rigelec\"},\"image\":{\"@id\":\"https:\/\/tienda.rigelec.com.ar\/#\/schema\/logo\/image\/\"}}]}<\/script>\n<!-- \/ Yoast SEO plugin. -->","yoast_head_json":{"title":"CAJA CAPSULADA VACIA PARA BASES LINEA CAJAS CAPSULADAS 32A - Tienda Rigelec","robots":{"index":"index","follow":"follow","max-snippet":"max-snippet:-1","max-image-preview":"max-image-preview:large","max-video-preview":"max-video-preview:-1"},"canonical":"https:\/\/tienda.rigelec.com.ar\/?product=caja-capsulada-vacia-para-bases-linea-cajas-capsuladas-32a","og_locale":"es_ES","og_type":"article","og_title":"CAJA CAPSULADA VACIA PARA BASES LINEA CAJAS CAPSULADAS 32A - Tienda Rigelec","og_description":"Dise\u00f1ada para alojar los soportes con interruptor o tomacorriente. Por su tipo de construcci\u00f3n permite ser instalada en el exterior. Con la posibilidad de proteger el m\u00f3dulo que se coloque posteriormente con su tapa rebatible. Inyectada en polipropileno, material termopl\u00e1stico de alta resistencia con protecci\u00f3n UV. Provista de tapa frontal la cual asegura su estanqueidad y ojales para su fijaci\u00f3n. Grado de proteccion IP 42: Protecci\u00f3n contra el ingreso de cuerpos s\u00f3lidos mayores a 1 mm. de di\u00e1metro y contra la ca\u00edda de gotas verticales con una inclinaci\u00f3n m\u00e1xima de 15 grados. Marco soporte con versatilidad de rotaci\u00f3n, permitiendo orientar el orificio de ingreso a los conductores, hacia arriba o hacia abajo. Montaje de superficie.","og_url":"https:\/\/tienda.rigelec.com.ar\/?product=caja-capsulada-vacia-para-bases-linea-cajas-capsuladas-32a","og_site_name":"Tienda Rigelec","article_modified_time":"2026-05-04T04:43:41+00:00","twitter_card":"summary_large_image","schema":{"@context":"https:\/\/schema.org","@graph":[{"@type":"WebPage","@id":"https:\/\/tienda.rigelec.com.ar\/?product=caja-capsulada-vacia-para-bases-linea-cajas-capsuladas-32a","url":"https:\/\/tienda.rigelec.com.ar\/?product=caja-capsulada-vacia-para-bases-linea-cajas-capsuladas-32a","name":"CAJA CAPSULADA VACIA PARA BASES LINEA CAJAS CAPSULADAS 32A - Tienda Rigelec","isPartOf":{"@id":"https:\/\/tienda.rigelec.com.ar\/#website"},"primaryImageOfPage":{"@id":"https:\/\/tienda.rigelec.com.ar\/?product=caja-capsulada-vacia-para-bases-linea-cajas-capsuladas-32a#primaryimage"},"image":{"@id":"https:\/\/tienda.rigelec.com.ar\/?product=caja-capsulada-vacia-para-bases-linea-cajas-capsuladas-32a#primaryimage"},"thumbnailUrl":"https:\/\/tienda.rigelec.com.ar\/wp-content\/uploads\/2025\/09\/CAJACAPSULADAVACIAPARABASES-1.jpg","datePublished":"2025-09-25T14:02:53+00:00","dateModified":"2026-05-04T04:43:41+00:00","breadcrumb":{"@id":"https:\/\/tienda.rigelec.com.ar\/?product=caja-capsulada-vacia-para-bases-linea-cajas-capsuladas-32a#breadcrumb"},"inLanguage":"es-AR","potentialAction":[{"@type":"ReadAction","target":["https:\/\/tienda.rigelec.com.ar\/?product=caja-capsulada-vacia-para-bases-linea-cajas-capsuladas-32a"]}]},{"@type":"ImageObject","inLanguage":"es-AR","@id":"https:\/\/tienda.rigelec.com.ar\/?product=caja-capsulada-vacia-para-bases-linea-cajas-capsuladas-32a#primaryimage","url":"https:\/\/tienda.rigelec.com.ar\/wp-content\/uploads\/2025\/09\/CAJACAPSULADAVACIAPARABASES-1.jpg","contentUrl":"https:\/\/tienda.rigelec.com.ar\/wp-content\/uploads\/2025\/09\/CAJACAPSULADAVACIAPARABASES-1.jpg","width":944,"height":955},{"@type":"BreadcrumbList","@id":"https:\/\/tienda.rigelec.com.ar\/?product=caja-capsulada-vacia-para-bases-linea-cajas-capsuladas-32a#breadcrumb","itemListElement":[{"@type":"ListItem","position":1,"name":"Inicio","item":"https:\/\/tienda.rigelec.com.ar\/"},{"@type":"ListItem","position":2,"name":"Shop","item":"https:\/\/tienda.rigelec.com.ar\/?page_id=12"},{"@type":"ListItem","position":3,"name":"CAJA CAPSULADA VACIA PARA BASES LINEA CAJAS CAPSULADAS 32A"}]},{"@type":"WebSite","@id":"https:\/\/tienda.rigelec.com.ar\/#website","url":"https:\/\/tienda.rigelec.com.ar\/","name":"Tienda Rigelec","description":"Energia en movimiento","publisher":{"@id":"https:\/\/tienda.rigelec.com.ar\/#organization"},"potentialAction":[{"@type":"SearchAction","target":{"@type":"EntryPoint","urlTemplate":"https:\/\/tienda.rigelec.com.ar\/?s={search_term_string}"},"query-input":{"@type":"PropertyValueSpecification","valueRequired":true,"valueName":"search_term_string"}}],"inLanguage":"es-AR"},{"@type":"Organization","@id":"https:\/\/tienda.rigelec.com.ar\/#organization","name":"Tienda Rigelec","url":"https:\/\/tienda.rigelec.com.ar\/","logo":{"@type":"ImageObject","inLanguage":"es-AR","@id":"https:\/\/tienda.rigelec.com.ar\/#\/schema\/logo\/image\/","url":"https:\/\/tienda.rigelec.com.ar\/wp-content\/uploads\/2024\/09\/isologo-blanco-rigelec.png","contentUrl":"https:\/\/tienda.rigelec.com.ar\/wp-content\/uploads\/2024\/09\/isologo-blanco-rigelec.png","width":94,"height":97,"caption":"Tienda Rigelec"},"image":{"@id":"https:\/\/tienda.rigelec.com.ar\/#\/schema\/logo\/image\/"}}]}},"jetpack_sharing_enabled":true,"_links":{"self":[{"href":"https:\/\/tienda.rigelec.com.ar\/index.php?rest_route=\/wp\/v2\/product\/32505","targetHints":{"allow":["GET"]}}],"collection":[{"href":"https:\/\/tienda.rigelec.com.ar\/index.php?rest_route=\/wp\/v2\/product"}],"about":[{"href":"https:\/\/tienda.rigelec.com.ar\/index.php?rest_route=\/wp\/v2\/types\/product"}],"replies":[{"embeddable":true,"href":"https:\/\/tienda.rigelec.com.ar\/index.php?rest_route=%2Fwp%2Fv2%2Fcomments&post=32505"}],"wp:featuredmedia":[{"embeddable":true,"href":"https:\/\/tienda.rigelec.com.ar\/index.php?rest_route=\/wp\/v2\/media\/32506"}],"wp:attachment":[{"href":"https:\/\/tienda.rigelec.com.ar\/index.php?rest_route=%2Fwp%2Fv2%2Fmedia&parent=32505"}],"wp:term":[{"taxonomy":"product_brand","embeddable":true,"href":"https:\/\/tienda.rigelec.com.ar\/index.php?rest_route=%2Fwp%2Fv2%2Fproduct_brand&post=32505"},{"taxonomy":"product_cat","embeddable":true,"href":"https:\/\/tienda.rigelec.com.ar\/index.php?rest_route=%2Fwp%2Fv2%2Fproduct_cat&post=32505"},{"taxonomy":"product_tag","embeddable":true,"href":"https:\/\/tienda.rigelec.com.ar\/index.php?rest_route=%2Fwp%2Fv2%2Fproduct_tag&post=32505"}],"curies":[{"name":"wp","href":"https:\/\/api.w.org\/{rel}","templated":true}]}}