{"id":32519,"date":"2025-09-25T11:03:52","date_gmt":"2025-09-25T14:03:52","guid":{"rendered":"https:\/\/tienda.rigelec.com.ar\/?product=ficha-hembra-binorma-negra-domiciliaria-kh-10a-250v-2pt"},"modified":"2026-04-30T16:14:29","modified_gmt":"2026-04-30T19:14:29","slug":"ficha-hembra-binorma-negra-domiciliaria-kh-10a-250v-2pt","status":"publish","type":"product","link":"https:\/\/tienda.rigelec.com.ar\/?product=ficha-hembra-binorma-negra-domiciliaria-kh-10a-250v-2pt","title":{"rendered":"FICHA HEMBRA BINORMA NEGRA DOMICILIARIA &#8211; KH 10A &#8211; 250V &#8211; 2P+T"},"content":{"rendered":"<p>FICHA HEMBRA BINORMA NEGRA<\/p>\n","protected":false},"excerpt":{"rendered":"<p>Dise\u00f1ado para el uso como componente en prolongadores y extensiones el\u00e9ctricas de uso m\u00f3vil.<br \/>\nTensi\u00f3n nominal: 250V~.<br \/>\nCorriente nominal: 10A.<br \/>\nConfiguraci\u00f3n: 2P+T<br \/>\nCapacidad de conexi\u00f3n: compatibles con cables de envoltura circular hasta 3 x 1.50 mm\u00b2 tipo 247 NM 53 C5.<br \/>\nGrado de protecci\u00f3n: IP20<br \/>\nPrensa cables con tornillos internos de ajuste, independientes del sistema de cierre. Permiten mayor resistencia<br \/>\na los esfuerzos de tracci\u00f3n ocasionales.<br \/>\n\u00c1ngulo de salida de conductores: 90\u00b0 en direcci\u00f3n a la inserci\u00f3n de la ficha. Contribuye a reducir el volumen ocupado por el tomacorriente y la ficha en ubicaciones especiales (Por ejemplo: detr\u00e1s de equipos o muebles).<br \/>\nBornes de conexi\u00f3n provistos de ajuste mediante tuerca y tornillo.<br \/>\nContactos de lat\u00f3n 70\/30, que aseguran una mayor conductividad el\u00e9ctrica.<br \/>\nResistencia a la llama y al impacto a\u00fan en las condiciones m\u00e1s severas.<\/p>\n","protected":false},"featured_media":32520,"comment_status":"open","ping_status":"closed","template":"","meta":{"_monsterinsights_skip_tracking":false,"_monsterinsights_sitenote_active":false,"_monsterinsights_sitenote_note":"","_monsterinsights_sitenote_category":0},"product_brand":[],"product_cat":[362],"product_tag":[64],"class_list":{"0":"post-32519","1":"product","2":"type-product","3":"status-publish","4":"has-post-thumbnail","6":"product_cat-i-hembra","7":"product_tag-kalop","9":"first","10":"instock","11":"shipping-taxable","12":"purchasable","13":"product-type-simple"},"yoast_head":"<!-- This site is optimized with the Yoast SEO plugin v25.3.1 - https:\/\/yoast.com\/wordpress\/plugins\/seo\/ -->\n<title>FICHA HEMBRA BINORMA NEGRA DOMICILIARIA - KH 10A - 250V - 2P+T - Tienda Rigelec<\/title>\n<meta name=\"robots\" content=\"index, follow, max-snippet:-1, max-image-preview:large, max-video-preview:-1\" \/>\n<link rel=\"canonical\" href=\"https:\/\/tienda.rigelec.com.ar\/?product=ficha-hembra-binorma-negra-domiciliaria-kh-10a-250v-2pt\" \/>\n<meta property=\"og:locale\" content=\"es_ES\" \/>\n<meta property=\"og:type\" content=\"article\" \/>\n<meta property=\"og:title\" content=\"FICHA HEMBRA BINORMA NEGRA DOMICILIARIA - KH 10A - 250V - 2P+T - Tienda Rigelec\" \/>\n<meta property=\"og:description\" content=\"Dise\u00f1ado para el uso como componente en prolongadores y extensiones el\u00e9ctricas de uso m\u00f3vil. Tensi\u00f3n nominal: 250V~. Corriente nominal: 10A. Configuraci\u00f3n: 2P+T Capacidad de conexi\u00f3n: compatibles con cables de envoltura circular hasta 3 x 1.50 mm\u00b2 tipo 247 NM 53 C5. Grado de protecci\u00f3n: IP20 Prensa cables con tornillos internos de ajuste, independientes del sistema de cierre. Permiten mayor resistencia a los esfuerzos de tracci\u00f3n ocasionales. \u00c1ngulo de salida de conductores: 90\u00b0 en direcci\u00f3n a la inserci\u00f3n de la ficha. Contribuye a reducir el volumen ocupado por el tomacorriente y la ficha en ubicaciones especiales (Por ejemplo: detr\u00e1s de equipos o muebles). Bornes de conexi\u00f3n provistos de ajuste mediante tuerca y tornillo. Contactos de lat\u00f3n 70\/30, que aseguran una mayor conductividad el\u00e9ctrica. Resistencia a la llama y al impacto a\u00fan en las condiciones m\u00e1s severas.\" \/>\n<meta property=\"og:url\" content=\"https:\/\/tienda.rigelec.com.ar\/?product=ficha-hembra-binorma-negra-domiciliaria-kh-10a-250v-2pt\" \/>\n<meta property=\"og:site_name\" content=\"Tienda Rigelec\" \/>\n<meta property=\"article:modified_time\" content=\"2026-04-30T19:14:29+00:00\" \/>\n<meta name=\"twitter:card\" content=\"summary_large_image\" \/>\n<script type=\"application\/ld+json\" class=\"yoast-schema-graph\">{\"@context\":\"https:\/\/schema.org\",\"@graph\":[{\"@type\":\"WebPage\",\"@id\":\"https:\/\/tienda.rigelec.com.ar\/?product=ficha-hembra-binorma-negra-domiciliaria-kh-10a-250v-2pt\",\"url\":\"https:\/\/tienda.rigelec.com.ar\/?product=ficha-hembra-binorma-negra-domiciliaria-kh-10a-250v-2pt\",\"name\":\"FICHA HEMBRA BINORMA NEGRA DOMICILIARIA - KH 10A - 250V - 2P+T - Tienda Rigelec\",\"isPartOf\":{\"@id\":\"https:\/\/tienda.rigelec.com.ar\/#website\"},\"primaryImageOfPage\":{\"@id\":\"https:\/\/tienda.rigelec.com.ar\/?product=ficha-hembra-binorma-negra-domiciliaria-kh-10a-250v-2pt#primaryimage\"},\"image\":{\"@id\":\"https:\/\/tienda.rigelec.com.ar\/?product=ficha-hembra-binorma-negra-domiciliaria-kh-10a-250v-2pt#primaryimage\"},\"thumbnailUrl\":\"https:\/\/tienda.rigelec.com.ar\/wp-content\/uploads\/2025\/09\/FICHAHEMBRABINORMANEGRA.jpg\",\"datePublished\":\"2025-09-25T14:03:52+00:00\",\"dateModified\":\"2026-04-30T19:14:29+00:00\",\"breadcrumb\":{\"@id\":\"https:\/\/tienda.rigelec.com.ar\/?product=ficha-hembra-binorma-negra-domiciliaria-kh-10a-250v-2pt#breadcrumb\"},\"inLanguage\":\"es-AR\",\"potentialAction\":[{\"@type\":\"ReadAction\",\"target\":[\"https:\/\/tienda.rigelec.com.ar\/?product=ficha-hembra-binorma-negra-domiciliaria-kh-10a-250v-2pt\"]}]},{\"@type\":\"ImageObject\",\"inLanguage\":\"es-AR\",\"@id\":\"https:\/\/tienda.rigelec.com.ar\/?product=ficha-hembra-binorma-negra-domiciliaria-kh-10a-250v-2pt#primaryimage\",\"url\":\"https:\/\/tienda.rigelec.com.ar\/wp-content\/uploads\/2025\/09\/FICHAHEMBRABINORMANEGRA.jpg\",\"contentUrl\":\"https:\/\/tienda.rigelec.com.ar\/wp-content\/uploads\/2025\/09\/FICHAHEMBRABINORMANEGRA.jpg\",\"width\":1080,\"height\":952},{\"@type\":\"BreadcrumbList\",\"@id\":\"https:\/\/tienda.rigelec.com.ar\/?product=ficha-hembra-binorma-negra-domiciliaria-kh-10a-250v-2pt#breadcrumb\",\"itemListElement\":[{\"@type\":\"ListItem\",\"position\":1,\"name\":\"Inicio\",\"item\":\"https:\/\/tienda.rigelec.com.ar\/\"},{\"@type\":\"ListItem\",\"position\":2,\"name\":\"Shop\",\"item\":\"https:\/\/tienda.rigelec.com.ar\/?page_id=12\"},{\"@type\":\"ListItem\",\"position\":3,\"name\":\"FICHA HEMBRA BINORMA NEGRA DOMICILIARIA &#8211; KH 10A &#8211; 250V &#8211; 2P+T\"}]},{\"@type\":\"WebSite\",\"@id\":\"https:\/\/tienda.rigelec.com.ar\/#website\",\"url\":\"https:\/\/tienda.rigelec.com.ar\/\",\"name\":\"Tienda Rigelec\",\"description\":\"Energia en movimiento\",\"publisher\":{\"@id\":\"https:\/\/tienda.rigelec.com.ar\/#organization\"},\"potentialAction\":[{\"@type\":\"SearchAction\",\"target\":{\"@type\":\"EntryPoint\",\"urlTemplate\":\"https:\/\/tienda.rigelec.com.ar\/?s={search_term_string}\"},\"query-input\":{\"@type\":\"PropertyValueSpecification\",\"valueRequired\":true,\"valueName\":\"search_term_string\"}}],\"inLanguage\":\"es-AR\"},{\"@type\":\"Organization\",\"@id\":\"https:\/\/tienda.rigelec.com.ar\/#organization\",\"name\":\"Tienda Rigelec\",\"url\":\"https:\/\/tienda.rigelec.com.ar\/\",\"logo\":{\"@type\":\"ImageObject\",\"inLanguage\":\"es-AR\",\"@id\":\"https:\/\/tienda.rigelec.com.ar\/#\/schema\/logo\/image\/\",\"url\":\"https:\/\/tienda.rigelec.com.ar\/wp-content\/uploads\/2024\/09\/isologo-blanco-rigelec.png\",\"contentUrl\":\"https:\/\/tienda.rigelec.com.ar\/wp-content\/uploads\/2024\/09\/isologo-blanco-rigelec.png\",\"width\":94,\"height\":97,\"caption\":\"Tienda Rigelec\"},\"image\":{\"@id\":\"https:\/\/tienda.rigelec.com.ar\/#\/schema\/logo\/image\/\"}}]}<\/script>\n<!-- \/ Yoast SEO plugin. -->","yoast_head_json":{"title":"FICHA HEMBRA BINORMA NEGRA DOMICILIARIA - KH 10A - 250V - 2P+T - Tienda Rigelec","robots":{"index":"index","follow":"follow","max-snippet":"max-snippet:-1","max-image-preview":"max-image-preview:large","max-video-preview":"max-video-preview:-1"},"canonical":"https:\/\/tienda.rigelec.com.ar\/?product=ficha-hembra-binorma-negra-domiciliaria-kh-10a-250v-2pt","og_locale":"es_ES","og_type":"article","og_title":"FICHA HEMBRA BINORMA NEGRA DOMICILIARIA - KH 10A - 250V - 2P+T - Tienda Rigelec","og_description":"Dise\u00f1ado para el uso como componente en prolongadores y extensiones el\u00e9ctricas de uso m\u00f3vil. Tensi\u00f3n nominal: 250V~. Corriente nominal: 10A. Configuraci\u00f3n: 2P+T Capacidad de conexi\u00f3n: compatibles con cables de envoltura circular hasta 3 x 1.50 mm\u00b2 tipo 247 NM 53 C5. Grado de protecci\u00f3n: IP20 Prensa cables con tornillos internos de ajuste, independientes del sistema de cierre. Permiten mayor resistencia a los esfuerzos de tracci\u00f3n ocasionales. \u00c1ngulo de salida de conductores: 90\u00b0 en direcci\u00f3n a la inserci\u00f3n de la ficha. Contribuye a reducir el volumen ocupado por el tomacorriente y la ficha en ubicaciones especiales (Por ejemplo: detr\u00e1s de equipos o muebles). Bornes de conexi\u00f3n provistos de ajuste mediante tuerca y tornillo. Contactos de lat\u00f3n 70\/30, que aseguran una mayor conductividad el\u00e9ctrica. Resistencia a la llama y al impacto a\u00fan en las condiciones m\u00e1s severas.","og_url":"https:\/\/tienda.rigelec.com.ar\/?product=ficha-hembra-binorma-negra-domiciliaria-kh-10a-250v-2pt","og_site_name":"Tienda Rigelec","article_modified_time":"2026-04-30T19:14:29+00:00","twitter_card":"summary_large_image","schema":{"@context":"https:\/\/schema.org","@graph":[{"@type":"WebPage","@id":"https:\/\/tienda.rigelec.com.ar\/?product=ficha-hembra-binorma-negra-domiciliaria-kh-10a-250v-2pt","url":"https:\/\/tienda.rigelec.com.ar\/?product=ficha-hembra-binorma-negra-domiciliaria-kh-10a-250v-2pt","name":"FICHA HEMBRA BINORMA NEGRA DOMICILIARIA - KH 10A - 250V - 2P+T - Tienda Rigelec","isPartOf":{"@id":"https:\/\/tienda.rigelec.com.ar\/#website"},"primaryImageOfPage":{"@id":"https:\/\/tienda.rigelec.com.ar\/?product=ficha-hembra-binorma-negra-domiciliaria-kh-10a-250v-2pt#primaryimage"},"image":{"@id":"https:\/\/tienda.rigelec.com.ar\/?product=ficha-hembra-binorma-negra-domiciliaria-kh-10a-250v-2pt#primaryimage"},"thumbnailUrl":"https:\/\/tienda.rigelec.com.ar\/wp-content\/uploads\/2025\/09\/FICHAHEMBRABINORMANEGRA.jpg","datePublished":"2025-09-25T14:03:52+00:00","dateModified":"2026-04-30T19:14:29+00:00","breadcrumb":{"@id":"https:\/\/tienda.rigelec.com.ar\/?product=ficha-hembra-binorma-negra-domiciliaria-kh-10a-250v-2pt#breadcrumb"},"inLanguage":"es-AR","potentialAction":[{"@type":"ReadAction","target":["https:\/\/tienda.rigelec.com.ar\/?product=ficha-hembra-binorma-negra-domiciliaria-kh-10a-250v-2pt"]}]},{"@type":"ImageObject","inLanguage":"es-AR","@id":"https:\/\/tienda.rigelec.com.ar\/?product=ficha-hembra-binorma-negra-domiciliaria-kh-10a-250v-2pt#primaryimage","url":"https:\/\/tienda.rigelec.com.ar\/wp-content\/uploads\/2025\/09\/FICHAHEMBRABINORMANEGRA.jpg","contentUrl":"https:\/\/tienda.rigelec.com.ar\/wp-content\/uploads\/2025\/09\/FICHAHEMBRABINORMANEGRA.jpg","width":1080,"height":952},{"@type":"BreadcrumbList","@id":"https:\/\/tienda.rigelec.com.ar\/?product=ficha-hembra-binorma-negra-domiciliaria-kh-10a-250v-2pt#breadcrumb","itemListElement":[{"@type":"ListItem","position":1,"name":"Inicio","item":"https:\/\/tienda.rigelec.com.ar\/"},{"@type":"ListItem","position":2,"name":"Shop","item":"https:\/\/tienda.rigelec.com.ar\/?page_id=12"},{"@type":"ListItem","position":3,"name":"FICHA HEMBRA BINORMA NEGRA DOMICILIARIA &#8211; KH 10A &#8211; 250V &#8211; 2P+T"}]},{"@type":"WebSite","@id":"https:\/\/tienda.rigelec.com.ar\/#website","url":"https:\/\/tienda.rigelec.com.ar\/","name":"Tienda Rigelec","description":"Energia en movimiento","publisher":{"@id":"https:\/\/tienda.rigelec.com.ar\/#organization"},"potentialAction":[{"@type":"SearchAction","target":{"@type":"EntryPoint","urlTemplate":"https:\/\/tienda.rigelec.com.ar\/?s={search_term_string}"},"query-input":{"@type":"PropertyValueSpecification","valueRequired":true,"valueName":"search_term_string"}}],"inLanguage":"es-AR"},{"@type":"Organization","@id":"https:\/\/tienda.rigelec.com.ar\/#organization","name":"Tienda Rigelec","url":"https:\/\/tienda.rigelec.com.ar\/","logo":{"@type":"ImageObject","inLanguage":"es-AR","@id":"https:\/\/tienda.rigelec.com.ar\/#\/schema\/logo\/image\/","url":"https:\/\/tienda.rigelec.com.ar\/wp-content\/uploads\/2024\/09\/isologo-blanco-rigelec.png","contentUrl":"https:\/\/tienda.rigelec.com.ar\/wp-content\/uploads\/2024\/09\/isologo-blanco-rigelec.png","width":94,"height":97,"caption":"Tienda Rigelec"},"image":{"@id":"https:\/\/tienda.rigelec.com.ar\/#\/schema\/logo\/image\/"}}]}},"jetpack_sharing_enabled":true,"_links":{"self":[{"href":"https:\/\/tienda.rigelec.com.ar\/index.php?rest_route=\/wp\/v2\/product\/32519","targetHints":{"allow":["GET"]}}],"collection":[{"href":"https:\/\/tienda.rigelec.com.ar\/index.php?rest_route=\/wp\/v2\/product"}],"about":[{"href":"https:\/\/tienda.rigelec.com.ar\/index.php?rest_route=\/wp\/v2\/types\/product"}],"replies":[{"embeddable":true,"href":"https:\/\/tienda.rigelec.com.ar\/index.php?rest_route=%2Fwp%2Fv2%2Fcomments&post=32519"}],"wp:featuredmedia":[{"embeddable":true,"href":"https:\/\/tienda.rigelec.com.ar\/index.php?rest_route=\/wp\/v2\/media\/32520"}],"wp:attachment":[{"href":"https:\/\/tienda.rigelec.com.ar\/index.php?rest_route=%2Fwp%2Fv2%2Fmedia&parent=32519"}],"wp:term":[{"taxonomy":"product_brand","embeddable":true,"href":"https:\/\/tienda.rigelec.com.ar\/index.php?rest_route=%2Fwp%2Fv2%2Fproduct_brand&post=32519"},{"taxonomy":"product_cat","embeddable":true,"href":"https:\/\/tienda.rigelec.com.ar\/index.php?rest_route=%2Fwp%2Fv2%2Fproduct_cat&post=32519"},{"taxonomy":"product_tag","embeddable":true,"href":"https:\/\/tienda.rigelec.com.ar\/index.php?rest_route=%2Fwp%2Fv2%2Fproduct_tag&post=32519"}],"curies":[{"name":"wp","href":"https:\/\/api.w.org\/{rel}","templated":true}]}}