{"id":32557,"date":"2025-09-25T11:06:35","date_gmt":"2025-09-25T14:06:35","guid":{"rendered":"https:\/\/tienda.rigelec.com.ar\/?product=perilla-velador-blanca-productos-generales"},"modified":"2026-05-01T19:25:01","modified_gmt":"2026-05-01T22:25:01","slug":"perilla-velador-blanca-productos-generales","status":"publish","type":"product","link":"https:\/\/tienda.rigelec.com.ar\/?product=perilla-velador-blanca-productos-generales","title":{"rendered":"PERILLA VELADOR BLANCA PRODUCTOS GENERALES"},"content":{"rendered":"<p>PERILLA VELADOR BLANCA<\/p>\n","protected":false},"excerpt":{"rendered":"<p>Producto dise\u00f1ado para el encendido y apagado de aparatos el\u00e9ctricos de Clase II, sobre cordon flexible, normalmente veladores.<br \/>\nCaracter\u00edsticas t\u00e9cnicas: Corriente m\u00e1xima y voltaje 4A &#8211; 250V ~.<br \/>\n Cantidad de maniobras 50.000 ciclos.<br \/>\nPara montaje sobre cable flexible para aparatos de Clase II.<br \/>\nSecci\u00f3n admisible de cable de 2 x 0.5 a 0.75mm\u00b2.<br \/>\nGrado de protecci\u00f3n IP20. Seg\u00fan el modelo con indicador luminoso<\/p>\n","protected":false},"featured_media":32558,"comment_status":"open","ping_status":"closed","template":"","meta":{"_monsterinsights_skip_tracking":false,"_monsterinsights_sitenote_active":false,"_monsterinsights_sitenote_note":"","_monsterinsights_sitenote_category":0},"product_brand":[],"product_cat":[262],"product_tag":[64],"class_list":{"0":"post-32557","1":"product","2":"type-product","3":"status-publish","4":"has-post-thumbnail","6":"product_cat-e-llaves","7":"product_tag-kalop","9":"first","10":"instock","11":"shipping-taxable","12":"purchasable","13":"product-type-simple"},"yoast_head":"<!-- This site is optimized with the Yoast SEO plugin v25.3.1 - https:\/\/yoast.com\/wordpress\/plugins\/seo\/ -->\n<title>PERILLA VELADOR BLANCA PRODUCTOS GENERALES - Tienda Rigelec<\/title>\n<meta name=\"robots\" content=\"index, follow, max-snippet:-1, max-image-preview:large, max-video-preview:-1\" \/>\n<link rel=\"canonical\" href=\"https:\/\/tienda.rigelec.com.ar\/?product=perilla-velador-blanca-productos-generales\" \/>\n<meta property=\"og:locale\" content=\"es_ES\" \/>\n<meta property=\"og:type\" content=\"article\" \/>\n<meta property=\"og:title\" content=\"PERILLA VELADOR BLANCA PRODUCTOS GENERALES - Tienda Rigelec\" \/>\n<meta property=\"og:description\" content=\"Producto dise\u00f1ado para el encendido y apagado de aparatos el\u00e9ctricos de Clase II, sobre cordon flexible, normalmente veladores.  Caracter\u00edsticas t\u00e9cnicas: Corriente m\u00e1xima y voltaje 4A - 250V ~.  Cantidad de maniobras 50.000 ciclos.  Para montaje sobre cable flexible para aparatos de Clase II.  Secci\u00f3n admisible de cable de 2 x 0.5 a 0.75mm\u00b2.  Grado de protecci\u00f3n IP20. Seg\u00fan el modelo con indicador luminoso\" \/>\n<meta property=\"og:url\" content=\"https:\/\/tienda.rigelec.com.ar\/?product=perilla-velador-blanca-productos-generales\" \/>\n<meta property=\"og:site_name\" content=\"Tienda Rigelec\" \/>\n<meta property=\"article:modified_time\" content=\"2026-05-01T22:25:01+00:00\" \/>\n<meta name=\"twitter:card\" content=\"summary_large_image\" \/>\n<script type=\"application\/ld+json\" class=\"yoast-schema-graph\">{\"@context\":\"https:\/\/schema.org\",\"@graph\":[{\"@type\":\"WebPage\",\"@id\":\"https:\/\/tienda.rigelec.com.ar\/?product=perilla-velador-blanca-productos-generales\",\"url\":\"https:\/\/tienda.rigelec.com.ar\/?product=perilla-velador-blanca-productos-generales\",\"name\":\"PERILLA VELADOR BLANCA PRODUCTOS GENERALES - Tienda Rigelec\",\"isPartOf\":{\"@id\":\"https:\/\/tienda.rigelec.com.ar\/#website\"},\"primaryImageOfPage\":{\"@id\":\"https:\/\/tienda.rigelec.com.ar\/?product=perilla-velador-blanca-productos-generales#primaryimage\"},\"image\":{\"@id\":\"https:\/\/tienda.rigelec.com.ar\/?product=perilla-velador-blanca-productos-generales#primaryimage\"},\"thumbnailUrl\":\"https:\/\/tienda.rigelec.com.ar\/wp-content\/uploads\/2025\/09\/PERILLAVELADORBLANCA.jpg\",\"datePublished\":\"2025-09-25T14:06:35+00:00\",\"dateModified\":\"2026-05-01T22:25:01+00:00\",\"breadcrumb\":{\"@id\":\"https:\/\/tienda.rigelec.com.ar\/?product=perilla-velador-blanca-productos-generales#breadcrumb\"},\"inLanguage\":\"es-AR\",\"potentialAction\":[{\"@type\":\"ReadAction\",\"target\":[\"https:\/\/tienda.rigelec.com.ar\/?product=perilla-velador-blanca-productos-generales\"]}]},{\"@type\":\"ImageObject\",\"inLanguage\":\"es-AR\",\"@id\":\"https:\/\/tienda.rigelec.com.ar\/?product=perilla-velador-blanca-productos-generales#primaryimage\",\"url\":\"https:\/\/tienda.rigelec.com.ar\/wp-content\/uploads\/2025\/09\/PERILLAVELADORBLANCA.jpg\",\"contentUrl\":\"https:\/\/tienda.rigelec.com.ar\/wp-content\/uploads\/2025\/09\/PERILLAVELADORBLANCA.jpg\",\"width\":951,\"height\":952},{\"@type\":\"BreadcrumbList\",\"@id\":\"https:\/\/tienda.rigelec.com.ar\/?product=perilla-velador-blanca-productos-generales#breadcrumb\",\"itemListElement\":[{\"@type\":\"ListItem\",\"position\":1,\"name\":\"Inicio\",\"item\":\"https:\/\/tienda.rigelec.com.ar\/\"},{\"@type\":\"ListItem\",\"position\":2,\"name\":\"Shop\",\"item\":\"https:\/\/tienda.rigelec.com.ar\/?page_id=12\"},{\"@type\":\"ListItem\",\"position\":3,\"name\":\"PERILLA VELADOR BLANCA PRODUCTOS GENERALES\"}]},{\"@type\":\"WebSite\",\"@id\":\"https:\/\/tienda.rigelec.com.ar\/#website\",\"url\":\"https:\/\/tienda.rigelec.com.ar\/\",\"name\":\"Tienda Rigelec\",\"description\":\"Energia en movimiento\",\"publisher\":{\"@id\":\"https:\/\/tienda.rigelec.com.ar\/#organization\"},\"potentialAction\":[{\"@type\":\"SearchAction\",\"target\":{\"@type\":\"EntryPoint\",\"urlTemplate\":\"https:\/\/tienda.rigelec.com.ar\/?s={search_term_string}\"},\"query-input\":{\"@type\":\"PropertyValueSpecification\",\"valueRequired\":true,\"valueName\":\"search_term_string\"}}],\"inLanguage\":\"es-AR\"},{\"@type\":\"Organization\",\"@id\":\"https:\/\/tienda.rigelec.com.ar\/#organization\",\"name\":\"Tienda Rigelec\",\"url\":\"https:\/\/tienda.rigelec.com.ar\/\",\"logo\":{\"@type\":\"ImageObject\",\"inLanguage\":\"es-AR\",\"@id\":\"https:\/\/tienda.rigelec.com.ar\/#\/schema\/logo\/image\/\",\"url\":\"https:\/\/tienda.rigelec.com.ar\/wp-content\/uploads\/2024\/09\/isologo-blanco-rigelec.png\",\"contentUrl\":\"https:\/\/tienda.rigelec.com.ar\/wp-content\/uploads\/2024\/09\/isologo-blanco-rigelec.png\",\"width\":94,\"height\":97,\"caption\":\"Tienda Rigelec\"},\"image\":{\"@id\":\"https:\/\/tienda.rigelec.com.ar\/#\/schema\/logo\/image\/\"}}]}<\/script>\n<!-- \/ Yoast SEO plugin. -->","yoast_head_json":{"title":"PERILLA VELADOR BLANCA PRODUCTOS GENERALES - Tienda Rigelec","robots":{"index":"index","follow":"follow","max-snippet":"max-snippet:-1","max-image-preview":"max-image-preview:large","max-video-preview":"max-video-preview:-1"},"canonical":"https:\/\/tienda.rigelec.com.ar\/?product=perilla-velador-blanca-productos-generales","og_locale":"es_ES","og_type":"article","og_title":"PERILLA VELADOR BLANCA PRODUCTOS GENERALES - Tienda Rigelec","og_description":"Producto dise\u00f1ado para el encendido y apagado de aparatos el\u00e9ctricos de Clase II, sobre cordon flexible, normalmente veladores.  Caracter\u00edsticas t\u00e9cnicas: Corriente m\u00e1xima y voltaje 4A - 250V ~.  Cantidad de maniobras 50.000 ciclos.  Para montaje sobre cable flexible para aparatos de Clase II.  Secci\u00f3n admisible de cable de 2 x 0.5 a 0.75mm\u00b2.  Grado de protecci\u00f3n IP20. Seg\u00fan el modelo con indicador luminoso","og_url":"https:\/\/tienda.rigelec.com.ar\/?product=perilla-velador-blanca-productos-generales","og_site_name":"Tienda Rigelec","article_modified_time":"2026-05-01T22:25:01+00:00","twitter_card":"summary_large_image","schema":{"@context":"https:\/\/schema.org","@graph":[{"@type":"WebPage","@id":"https:\/\/tienda.rigelec.com.ar\/?product=perilla-velador-blanca-productos-generales","url":"https:\/\/tienda.rigelec.com.ar\/?product=perilla-velador-blanca-productos-generales","name":"PERILLA VELADOR BLANCA PRODUCTOS GENERALES - Tienda Rigelec","isPartOf":{"@id":"https:\/\/tienda.rigelec.com.ar\/#website"},"primaryImageOfPage":{"@id":"https:\/\/tienda.rigelec.com.ar\/?product=perilla-velador-blanca-productos-generales#primaryimage"},"image":{"@id":"https:\/\/tienda.rigelec.com.ar\/?product=perilla-velador-blanca-productos-generales#primaryimage"},"thumbnailUrl":"https:\/\/tienda.rigelec.com.ar\/wp-content\/uploads\/2025\/09\/PERILLAVELADORBLANCA.jpg","datePublished":"2025-09-25T14:06:35+00:00","dateModified":"2026-05-01T22:25:01+00:00","breadcrumb":{"@id":"https:\/\/tienda.rigelec.com.ar\/?product=perilla-velador-blanca-productos-generales#breadcrumb"},"inLanguage":"es-AR","potentialAction":[{"@type":"ReadAction","target":["https:\/\/tienda.rigelec.com.ar\/?product=perilla-velador-blanca-productos-generales"]}]},{"@type":"ImageObject","inLanguage":"es-AR","@id":"https:\/\/tienda.rigelec.com.ar\/?product=perilla-velador-blanca-productos-generales#primaryimage","url":"https:\/\/tienda.rigelec.com.ar\/wp-content\/uploads\/2025\/09\/PERILLAVELADORBLANCA.jpg","contentUrl":"https:\/\/tienda.rigelec.com.ar\/wp-content\/uploads\/2025\/09\/PERILLAVELADORBLANCA.jpg","width":951,"height":952},{"@type":"BreadcrumbList","@id":"https:\/\/tienda.rigelec.com.ar\/?product=perilla-velador-blanca-productos-generales#breadcrumb","itemListElement":[{"@type":"ListItem","position":1,"name":"Inicio","item":"https:\/\/tienda.rigelec.com.ar\/"},{"@type":"ListItem","position":2,"name":"Shop","item":"https:\/\/tienda.rigelec.com.ar\/?page_id=12"},{"@type":"ListItem","position":3,"name":"PERILLA VELADOR BLANCA PRODUCTOS GENERALES"}]},{"@type":"WebSite","@id":"https:\/\/tienda.rigelec.com.ar\/#website","url":"https:\/\/tienda.rigelec.com.ar\/","name":"Tienda Rigelec","description":"Energia en movimiento","publisher":{"@id":"https:\/\/tienda.rigelec.com.ar\/#organization"},"potentialAction":[{"@type":"SearchAction","target":{"@type":"EntryPoint","urlTemplate":"https:\/\/tienda.rigelec.com.ar\/?s={search_term_string}"},"query-input":{"@type":"PropertyValueSpecification","valueRequired":true,"valueName":"search_term_string"}}],"inLanguage":"es-AR"},{"@type":"Organization","@id":"https:\/\/tienda.rigelec.com.ar\/#organization","name":"Tienda Rigelec","url":"https:\/\/tienda.rigelec.com.ar\/","logo":{"@type":"ImageObject","inLanguage":"es-AR","@id":"https:\/\/tienda.rigelec.com.ar\/#\/schema\/logo\/image\/","url":"https:\/\/tienda.rigelec.com.ar\/wp-content\/uploads\/2024\/09\/isologo-blanco-rigelec.png","contentUrl":"https:\/\/tienda.rigelec.com.ar\/wp-content\/uploads\/2024\/09\/isologo-blanco-rigelec.png","width":94,"height":97,"caption":"Tienda Rigelec"},"image":{"@id":"https:\/\/tienda.rigelec.com.ar\/#\/schema\/logo\/image\/"}}]}},"jetpack_sharing_enabled":true,"_links":{"self":[{"href":"https:\/\/tienda.rigelec.com.ar\/index.php?rest_route=\/wp\/v2\/product\/32557","targetHints":{"allow":["GET"]}}],"collection":[{"href":"https:\/\/tienda.rigelec.com.ar\/index.php?rest_route=\/wp\/v2\/product"}],"about":[{"href":"https:\/\/tienda.rigelec.com.ar\/index.php?rest_route=\/wp\/v2\/types\/product"}],"replies":[{"embeddable":true,"href":"https:\/\/tienda.rigelec.com.ar\/index.php?rest_route=%2Fwp%2Fv2%2Fcomments&post=32557"}],"wp:featuredmedia":[{"embeddable":true,"href":"https:\/\/tienda.rigelec.com.ar\/index.php?rest_route=\/wp\/v2\/media\/32558"}],"wp:attachment":[{"href":"https:\/\/tienda.rigelec.com.ar\/index.php?rest_route=%2Fwp%2Fv2%2Fmedia&parent=32557"}],"wp:term":[{"taxonomy":"product_brand","embeddable":true,"href":"https:\/\/tienda.rigelec.com.ar\/index.php?rest_route=%2Fwp%2Fv2%2Fproduct_brand&post=32557"},{"taxonomy":"product_cat","embeddable":true,"href":"https:\/\/tienda.rigelec.com.ar\/index.php?rest_route=%2Fwp%2Fv2%2Fproduct_cat&post=32557"},{"taxonomy":"product_tag","embeddable":true,"href":"https:\/\/tienda.rigelec.com.ar\/index.php?rest_route=%2Fwp%2Fv2%2Fproduct_tag&post=32557"}],"curies":[{"name":"wp","href":"https:\/\/api.w.org\/{rel}","templated":true}]}}