{"id":32563,"date":"2025-09-25T11:06:39","date_gmt":"2025-09-25T14:06:39","guid":{"rendered":"https:\/\/tienda.rigelec.com.ar\/?product=metro-cable-unipolar-verde-amarillo-flexible-clase-4-eco-1x50mm"},"modified":"2026-05-01T05:49:10","modified_gmt":"2026-05-01T08:49:10","slug":"metro-cable-unipolar-verde-amarillo-flexible-clase-4-eco-1x50mm","status":"publish","type":"product","link":"https:\/\/tienda.rigelec.com.ar\/?product=metro-cable-unipolar-verde-amarillo-flexible-clase-4-eco-1x50mm","title":{"rendered":"METRO CABLE UNIPOLAR VERDE\/AMARILLO FLEXIBLE CLASE 4 ECO 1X50MM"},"content":{"rendered":"<p>METRO CABLE UNIPOLAR VERDE\/AMARILLO<\/p>\n","protected":false},"excerpt":{"rendered":"<p>Metro de Cable Unipolar Flexible Clase 4 ECO \u0096 1&#215;50 mm\u00b2 \u0096 Verde\/Amarillo \u0096 Argenplas<br \/>\nCable fabricado con cobre recocido clase 4 (IRAM-NM 280) que asegura excelente conductividad y flexibilidad. Su aislaci\u00f3n en PVC especial contrallama\u00ae le otorga seguridad, resistencia mec\u00e1nica y \u00f3ptimas propiedades de deslizamiento para facilitar la instalaci\u00f3n.<br \/>\nCon una tensi\u00f3n nominal de 450\/750 V en corriente alterna y rango de temperatura de servicio entre -5 \u00baC y 70 \u00baC, este cable ofrece un rendimiento confiable y seguro en todo tipo de instalaciones el\u00e9ctricas.<\/p>\n<p>Aplicaciones:<br \/>\nInstalaciones fijas interiores domiciliarias, comerciales o industriales.<br \/>\nTendido en ca\u00f1er\u00edas met\u00e1licas o pl\u00e1sticas, dentro de mamposter\u00eda.<br \/>\nIluminaci\u00f3n y distribuci\u00f3n de energ\u00eda en edificios civiles e industriales.<\/p>\n<p>Caracter\u00edsticas principales:<br \/>\nSecci\u00f3n: 50 mm\u00b2<br \/>\nConductor: Cobre recocido flexible clase 4<br \/>\nAislaci\u00f3n: PVC especial contrallama\u00ae<br \/>\nTensi\u00f3n nominal: 450\/750 V<br \/>\nTemperatura de servicio: -5 \u00baC a 70 \u00baC<br \/>\nColor: Verde\/Amarillo (uso t\u00edpico como conductor de puesta a tierra)<\/p>\n","protected":false},"featured_media":32564,"comment_status":"open","ping_status":"closed","template":"","meta":{"_monsterinsights_skip_tracking":false,"_monsterinsights_sitenote_active":false,"_monsterinsights_sitenote_note":"","_monsterinsights_sitenote_category":0},"product_brand":[],"product_cat":[220],"product_tag":[54],"class_list":{"0":"post-32563","1":"product","2":"type-product","3":"status-publish","4":"has-post-thumbnail","6":"product_cat-a-unipolar","7":"product_tag-argenplas","9":"first","10":"instock","11":"shipping-taxable","12":"purchasable","13":"product-type-simple"},"yoast_head":"<!-- This site is optimized with the Yoast SEO plugin v25.3.1 - https:\/\/yoast.com\/wordpress\/plugins\/seo\/ -->\n<title>METRO CABLE UNIPOLAR VERDE\/AMARILLO FLEXIBLE CLASE 4 ECO 1X50MM - Tienda Rigelec<\/title>\n<meta name=\"robots\" content=\"index, follow, max-snippet:-1, max-image-preview:large, max-video-preview:-1\" \/>\n<link rel=\"canonical\" href=\"https:\/\/tienda.rigelec.com.ar\/?product=metro-cable-unipolar-verde-amarillo-flexible-clase-4-eco-1x50mm\" \/>\n<meta property=\"og:locale\" content=\"es_ES\" \/>\n<meta property=\"og:type\" content=\"article\" \/>\n<meta property=\"og:title\" content=\"METRO CABLE UNIPOLAR VERDE\/AMARILLO FLEXIBLE CLASE 4 ECO 1X50MM - Tienda Rigelec\" \/>\n<meta property=\"og:description\" content=\"Metro de Cable Unipolar Flexible Clase 4 ECO \u0096 1x50 mm\u00b2 \u0096 Verde\/Amarillo \u0096 Argenplas Cable fabricado con cobre recocido clase 4 (IRAM-NM 280) que asegura excelente conductividad y flexibilidad. Su aislaci\u00f3n en PVC especial contrallama\u00ae le otorga seguridad, resistencia mec\u00e1nica y \u00f3ptimas propiedades de deslizamiento para facilitar la instalaci\u00f3n. Con una tensi\u00f3n nominal de 450\/750 V en corriente alterna y rango de temperatura de servicio entre -5 \u00baC y 70 \u00baC, este cable ofrece un rendimiento confiable y seguro en todo tipo de instalaciones el\u00e9ctricas.  Aplicaciones: Instalaciones fijas interiores domiciliarias, comerciales o industriales. Tendido en ca\u00f1er\u00edas met\u00e1licas o pl\u00e1sticas, dentro de mamposter\u00eda. Iluminaci\u00f3n y distribuci\u00f3n de energ\u00eda en edificios civiles e industriales.  Caracter\u00edsticas principales: Secci\u00f3n: 50 mm\u00b2 Conductor: Cobre recocido flexible clase 4 Aislaci\u00f3n: PVC especial contrallama\u00ae Tensi\u00f3n nominal: 450\/750 V Temperatura de servicio: -5 \u00baC a 70 \u00baC Color: Verde\/Amarillo (uso t\u00edpico como conductor de puesta a tierra)\" \/>\n<meta property=\"og:url\" content=\"https:\/\/tienda.rigelec.com.ar\/?product=metro-cable-unipolar-verde-amarillo-flexible-clase-4-eco-1x50mm\" \/>\n<meta property=\"og:site_name\" content=\"Tienda Rigelec\" \/>\n<meta property=\"article:modified_time\" content=\"2026-05-01T08:49:10+00:00\" \/>\n<meta name=\"twitter:card\" content=\"summary_large_image\" \/>\n<script type=\"application\/ld+json\" class=\"yoast-schema-graph\">{\"@context\":\"https:\/\/schema.org\",\"@graph\":[{\"@type\":\"WebPage\",\"@id\":\"https:\/\/tienda.rigelec.com.ar\/?product=metro-cable-unipolar-verde-amarillo-flexible-clase-4-eco-1x50mm\",\"url\":\"https:\/\/tienda.rigelec.com.ar\/?product=metro-cable-unipolar-verde-amarillo-flexible-clase-4-eco-1x50mm\",\"name\":\"METRO CABLE UNIPOLAR VERDE\/AMARILLO FLEXIBLE CLASE 4 ECO 1X50MM - Tienda Rigelec\",\"isPartOf\":{\"@id\":\"https:\/\/tienda.rigelec.com.ar\/#website\"},\"primaryImageOfPage\":{\"@id\":\"https:\/\/tienda.rigelec.com.ar\/?product=metro-cable-unipolar-verde-amarillo-flexible-clase-4-eco-1x50mm#primaryimage\"},\"image\":{\"@id\":\"https:\/\/tienda.rigelec.com.ar\/?product=metro-cable-unipolar-verde-amarillo-flexible-clase-4-eco-1x50mm#primaryimage\"},\"thumbnailUrl\":\"https:\/\/tienda.rigelec.com.ar\/wp-content\/uploads\/2025\/09\/METROCABLEUNIPOLARVERDEAMARILLO-3.jpg\",\"datePublished\":\"2025-09-25T14:06:39+00:00\",\"dateModified\":\"2026-05-01T08:49:10+00:00\",\"breadcrumb\":{\"@id\":\"https:\/\/tienda.rigelec.com.ar\/?product=metro-cable-unipolar-verde-amarillo-flexible-clase-4-eco-1x50mm#breadcrumb\"},\"inLanguage\":\"es-AR\",\"potentialAction\":[{\"@type\":\"ReadAction\",\"target\":[\"https:\/\/tienda.rigelec.com.ar\/?product=metro-cable-unipolar-verde-amarillo-flexible-clase-4-eco-1x50mm\"]}]},{\"@type\":\"ImageObject\",\"inLanguage\":\"es-AR\",\"@id\":\"https:\/\/tienda.rigelec.com.ar\/?product=metro-cable-unipolar-verde-amarillo-flexible-clase-4-eco-1x50mm#primaryimage\",\"url\":\"https:\/\/tienda.rigelec.com.ar\/wp-content\/uploads\/2025\/09\/METROCABLEUNIPOLARVERDEAMARILLO-3.jpg\",\"contentUrl\":\"https:\/\/tienda.rigelec.com.ar\/wp-content\/uploads\/2025\/09\/METROCABLEUNIPOLARVERDEAMARILLO-3.jpg\",\"width\":280,\"height\":280},{\"@type\":\"BreadcrumbList\",\"@id\":\"https:\/\/tienda.rigelec.com.ar\/?product=metro-cable-unipolar-verde-amarillo-flexible-clase-4-eco-1x50mm#breadcrumb\",\"itemListElement\":[{\"@type\":\"ListItem\",\"position\":1,\"name\":\"Inicio\",\"item\":\"https:\/\/tienda.rigelec.com.ar\/\"},{\"@type\":\"ListItem\",\"position\":2,\"name\":\"Shop\",\"item\":\"https:\/\/tienda.rigelec.com.ar\/?page_id=12\"},{\"@type\":\"ListItem\",\"position\":3,\"name\":\"METRO CABLE UNIPOLAR VERDE\/AMARILLO FLEXIBLE CLASE 4 ECO 1X50MM\"}]},{\"@type\":\"WebSite\",\"@id\":\"https:\/\/tienda.rigelec.com.ar\/#website\",\"url\":\"https:\/\/tienda.rigelec.com.ar\/\",\"name\":\"Tienda Rigelec\",\"description\":\"Energia en movimiento\",\"publisher\":{\"@id\":\"https:\/\/tienda.rigelec.com.ar\/#organization\"},\"potentialAction\":[{\"@type\":\"SearchAction\",\"target\":{\"@type\":\"EntryPoint\",\"urlTemplate\":\"https:\/\/tienda.rigelec.com.ar\/?s={search_term_string}\"},\"query-input\":{\"@type\":\"PropertyValueSpecification\",\"valueRequired\":true,\"valueName\":\"search_term_string\"}}],\"inLanguage\":\"es-AR\"},{\"@type\":\"Organization\",\"@id\":\"https:\/\/tienda.rigelec.com.ar\/#organization\",\"name\":\"Tienda Rigelec\",\"url\":\"https:\/\/tienda.rigelec.com.ar\/\",\"logo\":{\"@type\":\"ImageObject\",\"inLanguage\":\"es-AR\",\"@id\":\"https:\/\/tienda.rigelec.com.ar\/#\/schema\/logo\/image\/\",\"url\":\"https:\/\/tienda.rigelec.com.ar\/wp-content\/uploads\/2024\/09\/isologo-blanco-rigelec.png\",\"contentUrl\":\"https:\/\/tienda.rigelec.com.ar\/wp-content\/uploads\/2024\/09\/isologo-blanco-rigelec.png\",\"width\":94,\"height\":97,\"caption\":\"Tienda Rigelec\"},\"image\":{\"@id\":\"https:\/\/tienda.rigelec.com.ar\/#\/schema\/logo\/image\/\"}}]}<\/script>\n<!-- \/ Yoast SEO plugin. -->","yoast_head_json":{"title":"METRO CABLE UNIPOLAR VERDE\/AMARILLO FLEXIBLE CLASE 4 ECO 1X50MM - Tienda Rigelec","robots":{"index":"index","follow":"follow","max-snippet":"max-snippet:-1","max-image-preview":"max-image-preview:large","max-video-preview":"max-video-preview:-1"},"canonical":"https:\/\/tienda.rigelec.com.ar\/?product=metro-cable-unipolar-verde-amarillo-flexible-clase-4-eco-1x50mm","og_locale":"es_ES","og_type":"article","og_title":"METRO CABLE UNIPOLAR VERDE\/AMARILLO FLEXIBLE CLASE 4 ECO 1X50MM - Tienda Rigelec","og_description":"Metro de Cable Unipolar Flexible Clase 4 ECO \u0096 1x50 mm\u00b2 \u0096 Verde\/Amarillo \u0096 Argenplas Cable fabricado con cobre recocido clase 4 (IRAM-NM 280) que asegura excelente conductividad y flexibilidad. Su aislaci\u00f3n en PVC especial contrallama\u00ae le otorga seguridad, resistencia mec\u00e1nica y \u00f3ptimas propiedades de deslizamiento para facilitar la instalaci\u00f3n. Con una tensi\u00f3n nominal de 450\/750 V en corriente alterna y rango de temperatura de servicio entre -5 \u00baC y 70 \u00baC, este cable ofrece un rendimiento confiable y seguro en todo tipo de instalaciones el\u00e9ctricas.  Aplicaciones: Instalaciones fijas interiores domiciliarias, comerciales o industriales. Tendido en ca\u00f1er\u00edas met\u00e1licas o pl\u00e1sticas, dentro de mamposter\u00eda. Iluminaci\u00f3n y distribuci\u00f3n de energ\u00eda en edificios civiles e industriales.  Caracter\u00edsticas principales: Secci\u00f3n: 50 mm\u00b2 Conductor: Cobre recocido flexible clase 4 Aislaci\u00f3n: PVC especial contrallama\u00ae Tensi\u00f3n nominal: 450\/750 V Temperatura de servicio: -5 \u00baC a 70 \u00baC Color: Verde\/Amarillo (uso t\u00edpico como conductor de puesta a tierra)","og_url":"https:\/\/tienda.rigelec.com.ar\/?product=metro-cable-unipolar-verde-amarillo-flexible-clase-4-eco-1x50mm","og_site_name":"Tienda Rigelec","article_modified_time":"2026-05-01T08:49:10+00:00","twitter_card":"summary_large_image","schema":{"@context":"https:\/\/schema.org","@graph":[{"@type":"WebPage","@id":"https:\/\/tienda.rigelec.com.ar\/?product=metro-cable-unipolar-verde-amarillo-flexible-clase-4-eco-1x50mm","url":"https:\/\/tienda.rigelec.com.ar\/?product=metro-cable-unipolar-verde-amarillo-flexible-clase-4-eco-1x50mm","name":"METRO CABLE UNIPOLAR VERDE\/AMARILLO FLEXIBLE CLASE 4 ECO 1X50MM - Tienda Rigelec","isPartOf":{"@id":"https:\/\/tienda.rigelec.com.ar\/#website"},"primaryImageOfPage":{"@id":"https:\/\/tienda.rigelec.com.ar\/?product=metro-cable-unipolar-verde-amarillo-flexible-clase-4-eco-1x50mm#primaryimage"},"image":{"@id":"https:\/\/tienda.rigelec.com.ar\/?product=metro-cable-unipolar-verde-amarillo-flexible-clase-4-eco-1x50mm#primaryimage"},"thumbnailUrl":"https:\/\/tienda.rigelec.com.ar\/wp-content\/uploads\/2025\/09\/METROCABLEUNIPOLARVERDEAMARILLO-3.jpg","datePublished":"2025-09-25T14:06:39+00:00","dateModified":"2026-05-01T08:49:10+00:00","breadcrumb":{"@id":"https:\/\/tienda.rigelec.com.ar\/?product=metro-cable-unipolar-verde-amarillo-flexible-clase-4-eco-1x50mm#breadcrumb"},"inLanguage":"es-AR","potentialAction":[{"@type":"ReadAction","target":["https:\/\/tienda.rigelec.com.ar\/?product=metro-cable-unipolar-verde-amarillo-flexible-clase-4-eco-1x50mm"]}]},{"@type":"ImageObject","inLanguage":"es-AR","@id":"https:\/\/tienda.rigelec.com.ar\/?product=metro-cable-unipolar-verde-amarillo-flexible-clase-4-eco-1x50mm#primaryimage","url":"https:\/\/tienda.rigelec.com.ar\/wp-content\/uploads\/2025\/09\/METROCABLEUNIPOLARVERDEAMARILLO-3.jpg","contentUrl":"https:\/\/tienda.rigelec.com.ar\/wp-content\/uploads\/2025\/09\/METROCABLEUNIPOLARVERDEAMARILLO-3.jpg","width":280,"height":280},{"@type":"BreadcrumbList","@id":"https:\/\/tienda.rigelec.com.ar\/?product=metro-cable-unipolar-verde-amarillo-flexible-clase-4-eco-1x50mm#breadcrumb","itemListElement":[{"@type":"ListItem","position":1,"name":"Inicio","item":"https:\/\/tienda.rigelec.com.ar\/"},{"@type":"ListItem","position":2,"name":"Shop","item":"https:\/\/tienda.rigelec.com.ar\/?page_id=12"},{"@type":"ListItem","position":3,"name":"METRO CABLE UNIPOLAR VERDE\/AMARILLO FLEXIBLE CLASE 4 ECO 1X50MM"}]},{"@type":"WebSite","@id":"https:\/\/tienda.rigelec.com.ar\/#website","url":"https:\/\/tienda.rigelec.com.ar\/","name":"Tienda Rigelec","description":"Energia en movimiento","publisher":{"@id":"https:\/\/tienda.rigelec.com.ar\/#organization"},"potentialAction":[{"@type":"SearchAction","target":{"@type":"EntryPoint","urlTemplate":"https:\/\/tienda.rigelec.com.ar\/?s={search_term_string}"},"query-input":{"@type":"PropertyValueSpecification","valueRequired":true,"valueName":"search_term_string"}}],"inLanguage":"es-AR"},{"@type":"Organization","@id":"https:\/\/tienda.rigelec.com.ar\/#organization","name":"Tienda Rigelec","url":"https:\/\/tienda.rigelec.com.ar\/","logo":{"@type":"ImageObject","inLanguage":"es-AR","@id":"https:\/\/tienda.rigelec.com.ar\/#\/schema\/logo\/image\/","url":"https:\/\/tienda.rigelec.com.ar\/wp-content\/uploads\/2024\/09\/isologo-blanco-rigelec.png","contentUrl":"https:\/\/tienda.rigelec.com.ar\/wp-content\/uploads\/2024\/09\/isologo-blanco-rigelec.png","width":94,"height":97,"caption":"Tienda Rigelec"},"image":{"@id":"https:\/\/tienda.rigelec.com.ar\/#\/schema\/logo\/image\/"}}]}},"jetpack_sharing_enabled":true,"_links":{"self":[{"href":"https:\/\/tienda.rigelec.com.ar\/index.php?rest_route=\/wp\/v2\/product\/32563","targetHints":{"allow":["GET"]}}],"collection":[{"href":"https:\/\/tienda.rigelec.com.ar\/index.php?rest_route=\/wp\/v2\/product"}],"about":[{"href":"https:\/\/tienda.rigelec.com.ar\/index.php?rest_route=\/wp\/v2\/types\/product"}],"replies":[{"embeddable":true,"href":"https:\/\/tienda.rigelec.com.ar\/index.php?rest_route=%2Fwp%2Fv2%2Fcomments&post=32563"}],"wp:featuredmedia":[{"embeddable":true,"href":"https:\/\/tienda.rigelec.com.ar\/index.php?rest_route=\/wp\/v2\/media\/32564"}],"wp:attachment":[{"href":"https:\/\/tienda.rigelec.com.ar\/index.php?rest_route=%2Fwp%2Fv2%2Fmedia&parent=32563"}],"wp:term":[{"taxonomy":"product_brand","embeddable":true,"href":"https:\/\/tienda.rigelec.com.ar\/index.php?rest_route=%2Fwp%2Fv2%2Fproduct_brand&post=32563"},{"taxonomy":"product_cat","embeddable":true,"href":"https:\/\/tienda.rigelec.com.ar\/index.php?rest_route=%2Fwp%2Fv2%2Fproduct_cat&post=32563"},{"taxonomy":"product_tag","embeddable":true,"href":"https:\/\/tienda.rigelec.com.ar\/index.php?rest_route=%2Fwp%2Fv2%2Fproduct_tag&post=32563"}],"curies":[{"name":"wp","href":"https:\/\/api.w.org\/{rel}","templated":true}]}}