{"id":32593,"date":"2025-09-25T11:18:31","date_gmt":"2025-09-25T14:18:31","guid":{"rendered":"https:\/\/tienda.rigelec.com.ar\/?product=inhibidor-de-destellos-sistema-modular-accesorios"},"modified":"2026-05-01T05:59:01","modified_gmt":"2026-05-01T08:59:01","slug":"inhibidor-de-destellos-sistema-modular-accesorios","status":"publish","type":"product","link":"https:\/\/tienda.rigelec.com.ar\/?product=inhibidor-de-destellos-sistema-modular-accesorios","title":{"rendered":"INHIBIDOR DE DESTELLOS SISTEMA MODULAR &#8211; ACCESORIOS"},"content":{"rendered":"<p>INHIBIDOR DE DESTELLOS<\/p>\n","protected":false},"excerpt":{"rendered":"<p>Funci\u00f3n: Este dispositivo elimina el destello c\u00edclico en l\u00e1mparas de bajo consumo y tubos fluorescentes, cuando estas son comandadas por interruptores iluminados con l\u00e1mparas testigo de ne\u00f3n. Este destello se produce por la circulaci\u00f3n de corriente a trav\u00e9s de los balastos electr\u00f3nicos, generada por el bulbo de ne\u00f3n que intenta cargar los capacitores del circuito pero como esta corriente es muy baja se produce la consecuente descarga realizando este ciclo en forma indefinida. Es aplicable a l\u00e1mparas bajo consumo y tubos fluorescentes con balasto electr\u00f3nico hasta 22W. En caso de utilizar interruptores iluminados por l\u00e1mpara testigo Kalop el uso del inhibidor de destellos no es necesario.<\/p>\n","protected":false},"featured_media":32594,"comment_status":"open","ping_status":"closed","template":"","meta":{"_monsterinsights_skip_tracking":false,"_monsterinsights_sitenote_active":false,"_monsterinsights_sitenote_note":"","_monsterinsights_sitenote_category":0},"product_brand":[],"product_cat":[211],"product_tag":[64],"class_list":{"0":"post-32593","1":"product","2":"type-product","3":"status-publish","4":"has-post-thumbnail","6":"product_cat-b-bajo-consumo","7":"product_tag-kalop","9":"first","10":"instock","11":"shipping-taxable","12":"purchasable","13":"product-type-simple"},"yoast_head":"<!-- This site is optimized with the Yoast SEO plugin v25.3.1 - https:\/\/yoast.com\/wordpress\/plugins\/seo\/ -->\n<title>INHIBIDOR DE DESTELLOS SISTEMA MODULAR - ACCESORIOS - Tienda Rigelec<\/title>\n<meta name=\"robots\" content=\"index, follow, max-snippet:-1, max-image-preview:large, max-video-preview:-1\" \/>\n<link rel=\"canonical\" href=\"https:\/\/tienda.rigelec.com.ar\/?product=inhibidor-de-destellos-sistema-modular-accesorios\" \/>\n<meta property=\"og:locale\" content=\"es_ES\" \/>\n<meta property=\"og:type\" content=\"article\" \/>\n<meta property=\"og:title\" content=\"INHIBIDOR DE DESTELLOS SISTEMA MODULAR - ACCESORIOS - Tienda Rigelec\" \/>\n<meta property=\"og:description\" content=\"Funci\u00f3n: Este dispositivo elimina el destello c\u00edclico en l\u00e1mparas de bajo consumo y tubos fluorescentes, cuando estas son comandadas por interruptores iluminados con l\u00e1mparas testigo de ne\u00f3n. Este destello se produce por la circulaci\u00f3n de corriente a trav\u00e9s de los balastos electr\u00f3nicos, generada por el bulbo de ne\u00f3n que intenta cargar los capacitores del circuito pero como esta corriente es muy baja se produce la consecuente descarga realizando este ciclo en forma indefinida. Es aplicable a l\u00e1mparas bajo consumo y tubos fluorescentes con balasto electr\u00f3nico hasta 22W. En caso de utilizar interruptores iluminados por l\u00e1mpara testigo Kalop el uso del inhibidor de destellos no es necesario.\" \/>\n<meta property=\"og:url\" content=\"https:\/\/tienda.rigelec.com.ar\/?product=inhibidor-de-destellos-sistema-modular-accesorios\" \/>\n<meta property=\"og:site_name\" content=\"Tienda Rigelec\" \/>\n<meta property=\"article:modified_time\" content=\"2026-05-01T08:59:01+00:00\" \/>\n<meta name=\"twitter:card\" content=\"summary_large_image\" \/>\n<script type=\"application\/ld+json\" class=\"yoast-schema-graph\">{\"@context\":\"https:\/\/schema.org\",\"@graph\":[{\"@type\":\"WebPage\",\"@id\":\"https:\/\/tienda.rigelec.com.ar\/?product=inhibidor-de-destellos-sistema-modular-accesorios\",\"url\":\"https:\/\/tienda.rigelec.com.ar\/?product=inhibidor-de-destellos-sistema-modular-accesorios\",\"name\":\"INHIBIDOR DE DESTELLOS SISTEMA MODULAR - ACCESORIOS - Tienda Rigelec\",\"isPartOf\":{\"@id\":\"https:\/\/tienda.rigelec.com.ar\/#website\"},\"primaryImageOfPage\":{\"@id\":\"https:\/\/tienda.rigelec.com.ar\/?product=inhibidor-de-destellos-sistema-modular-accesorios#primaryimage\"},\"image\":{\"@id\":\"https:\/\/tienda.rigelec.com.ar\/?product=inhibidor-de-destellos-sistema-modular-accesorios#primaryimage\"},\"thumbnailUrl\":\"https:\/\/tienda.rigelec.com.ar\/wp-content\/uploads\/2025\/09\/INHIBIDORDEDESTELLOS.jpg\",\"datePublished\":\"2025-09-25T14:18:31+00:00\",\"dateModified\":\"2026-05-01T08:59:01+00:00\",\"breadcrumb\":{\"@id\":\"https:\/\/tienda.rigelec.com.ar\/?product=inhibidor-de-destellos-sistema-modular-accesorios#breadcrumb\"},\"inLanguage\":\"es-AR\",\"potentialAction\":[{\"@type\":\"ReadAction\",\"target\":[\"https:\/\/tienda.rigelec.com.ar\/?product=inhibidor-de-destellos-sistema-modular-accesorios\"]}]},{\"@type\":\"ImageObject\",\"inLanguage\":\"es-AR\",\"@id\":\"https:\/\/tienda.rigelec.com.ar\/?product=inhibidor-de-destellos-sistema-modular-accesorios#primaryimage\",\"url\":\"https:\/\/tienda.rigelec.com.ar\/wp-content\/uploads\/2025\/09\/INHIBIDORDEDESTELLOS.jpg\",\"contentUrl\":\"https:\/\/tienda.rigelec.com.ar\/wp-content\/uploads\/2025\/09\/INHIBIDORDEDESTELLOS.jpg\",\"width\":1080,\"height\":961},{\"@type\":\"BreadcrumbList\",\"@id\":\"https:\/\/tienda.rigelec.com.ar\/?product=inhibidor-de-destellos-sistema-modular-accesorios#breadcrumb\",\"itemListElement\":[{\"@type\":\"ListItem\",\"position\":1,\"name\":\"Inicio\",\"item\":\"https:\/\/tienda.rigelec.com.ar\/\"},{\"@type\":\"ListItem\",\"position\":2,\"name\":\"Shop\",\"item\":\"https:\/\/tienda.rigelec.com.ar\/?page_id=12\"},{\"@type\":\"ListItem\",\"position\":3,\"name\":\"INHIBIDOR DE DESTELLOS SISTEMA MODULAR &#8211; ACCESORIOS\"}]},{\"@type\":\"WebSite\",\"@id\":\"https:\/\/tienda.rigelec.com.ar\/#website\",\"url\":\"https:\/\/tienda.rigelec.com.ar\/\",\"name\":\"Tienda Rigelec\",\"description\":\"Energia en movimiento\",\"publisher\":{\"@id\":\"https:\/\/tienda.rigelec.com.ar\/#organization\"},\"potentialAction\":[{\"@type\":\"SearchAction\",\"target\":{\"@type\":\"EntryPoint\",\"urlTemplate\":\"https:\/\/tienda.rigelec.com.ar\/?s={search_term_string}\"},\"query-input\":{\"@type\":\"PropertyValueSpecification\",\"valueRequired\":true,\"valueName\":\"search_term_string\"}}],\"inLanguage\":\"es-AR\"},{\"@type\":\"Organization\",\"@id\":\"https:\/\/tienda.rigelec.com.ar\/#organization\",\"name\":\"Tienda Rigelec\",\"url\":\"https:\/\/tienda.rigelec.com.ar\/\",\"logo\":{\"@type\":\"ImageObject\",\"inLanguage\":\"es-AR\",\"@id\":\"https:\/\/tienda.rigelec.com.ar\/#\/schema\/logo\/image\/\",\"url\":\"https:\/\/tienda.rigelec.com.ar\/wp-content\/uploads\/2024\/09\/isologo-blanco-rigelec.png\",\"contentUrl\":\"https:\/\/tienda.rigelec.com.ar\/wp-content\/uploads\/2024\/09\/isologo-blanco-rigelec.png\",\"width\":94,\"height\":97,\"caption\":\"Tienda Rigelec\"},\"image\":{\"@id\":\"https:\/\/tienda.rigelec.com.ar\/#\/schema\/logo\/image\/\"}}]}<\/script>\n<!-- \/ Yoast SEO plugin. -->","yoast_head_json":{"title":"INHIBIDOR DE DESTELLOS SISTEMA MODULAR - ACCESORIOS - Tienda Rigelec","robots":{"index":"index","follow":"follow","max-snippet":"max-snippet:-1","max-image-preview":"max-image-preview:large","max-video-preview":"max-video-preview:-1"},"canonical":"https:\/\/tienda.rigelec.com.ar\/?product=inhibidor-de-destellos-sistema-modular-accesorios","og_locale":"es_ES","og_type":"article","og_title":"INHIBIDOR DE DESTELLOS SISTEMA MODULAR - ACCESORIOS - Tienda Rigelec","og_description":"Funci\u00f3n: Este dispositivo elimina el destello c\u00edclico en l\u00e1mparas de bajo consumo y tubos fluorescentes, cuando estas son comandadas por interruptores iluminados con l\u00e1mparas testigo de ne\u00f3n. Este destello se produce por la circulaci\u00f3n de corriente a trav\u00e9s de los balastos electr\u00f3nicos, generada por el bulbo de ne\u00f3n que intenta cargar los capacitores del circuito pero como esta corriente es muy baja se produce la consecuente descarga realizando este ciclo en forma indefinida. Es aplicable a l\u00e1mparas bajo consumo y tubos fluorescentes con balasto electr\u00f3nico hasta 22W. En caso de utilizar interruptores iluminados por l\u00e1mpara testigo Kalop el uso del inhibidor de destellos no es necesario.","og_url":"https:\/\/tienda.rigelec.com.ar\/?product=inhibidor-de-destellos-sistema-modular-accesorios","og_site_name":"Tienda Rigelec","article_modified_time":"2026-05-01T08:59:01+00:00","twitter_card":"summary_large_image","schema":{"@context":"https:\/\/schema.org","@graph":[{"@type":"WebPage","@id":"https:\/\/tienda.rigelec.com.ar\/?product=inhibidor-de-destellos-sistema-modular-accesorios","url":"https:\/\/tienda.rigelec.com.ar\/?product=inhibidor-de-destellos-sistema-modular-accesorios","name":"INHIBIDOR DE DESTELLOS SISTEMA MODULAR - ACCESORIOS - Tienda Rigelec","isPartOf":{"@id":"https:\/\/tienda.rigelec.com.ar\/#website"},"primaryImageOfPage":{"@id":"https:\/\/tienda.rigelec.com.ar\/?product=inhibidor-de-destellos-sistema-modular-accesorios#primaryimage"},"image":{"@id":"https:\/\/tienda.rigelec.com.ar\/?product=inhibidor-de-destellos-sistema-modular-accesorios#primaryimage"},"thumbnailUrl":"https:\/\/tienda.rigelec.com.ar\/wp-content\/uploads\/2025\/09\/INHIBIDORDEDESTELLOS.jpg","datePublished":"2025-09-25T14:18:31+00:00","dateModified":"2026-05-01T08:59:01+00:00","breadcrumb":{"@id":"https:\/\/tienda.rigelec.com.ar\/?product=inhibidor-de-destellos-sistema-modular-accesorios#breadcrumb"},"inLanguage":"es-AR","potentialAction":[{"@type":"ReadAction","target":["https:\/\/tienda.rigelec.com.ar\/?product=inhibidor-de-destellos-sistema-modular-accesorios"]}]},{"@type":"ImageObject","inLanguage":"es-AR","@id":"https:\/\/tienda.rigelec.com.ar\/?product=inhibidor-de-destellos-sistema-modular-accesorios#primaryimage","url":"https:\/\/tienda.rigelec.com.ar\/wp-content\/uploads\/2025\/09\/INHIBIDORDEDESTELLOS.jpg","contentUrl":"https:\/\/tienda.rigelec.com.ar\/wp-content\/uploads\/2025\/09\/INHIBIDORDEDESTELLOS.jpg","width":1080,"height":961},{"@type":"BreadcrumbList","@id":"https:\/\/tienda.rigelec.com.ar\/?product=inhibidor-de-destellos-sistema-modular-accesorios#breadcrumb","itemListElement":[{"@type":"ListItem","position":1,"name":"Inicio","item":"https:\/\/tienda.rigelec.com.ar\/"},{"@type":"ListItem","position":2,"name":"Shop","item":"https:\/\/tienda.rigelec.com.ar\/?page_id=12"},{"@type":"ListItem","position":3,"name":"INHIBIDOR DE DESTELLOS SISTEMA MODULAR &#8211; ACCESORIOS"}]},{"@type":"WebSite","@id":"https:\/\/tienda.rigelec.com.ar\/#website","url":"https:\/\/tienda.rigelec.com.ar\/","name":"Tienda Rigelec","description":"Energia en movimiento","publisher":{"@id":"https:\/\/tienda.rigelec.com.ar\/#organization"},"potentialAction":[{"@type":"SearchAction","target":{"@type":"EntryPoint","urlTemplate":"https:\/\/tienda.rigelec.com.ar\/?s={search_term_string}"},"query-input":{"@type":"PropertyValueSpecification","valueRequired":true,"valueName":"search_term_string"}}],"inLanguage":"es-AR"},{"@type":"Organization","@id":"https:\/\/tienda.rigelec.com.ar\/#organization","name":"Tienda Rigelec","url":"https:\/\/tienda.rigelec.com.ar\/","logo":{"@type":"ImageObject","inLanguage":"es-AR","@id":"https:\/\/tienda.rigelec.com.ar\/#\/schema\/logo\/image\/","url":"https:\/\/tienda.rigelec.com.ar\/wp-content\/uploads\/2024\/09\/isologo-blanco-rigelec.png","contentUrl":"https:\/\/tienda.rigelec.com.ar\/wp-content\/uploads\/2024\/09\/isologo-blanco-rigelec.png","width":94,"height":97,"caption":"Tienda Rigelec"},"image":{"@id":"https:\/\/tienda.rigelec.com.ar\/#\/schema\/logo\/image\/"}}]}},"jetpack_sharing_enabled":true,"_links":{"self":[{"href":"https:\/\/tienda.rigelec.com.ar\/index.php?rest_route=\/wp\/v2\/product\/32593","targetHints":{"allow":["GET"]}}],"collection":[{"href":"https:\/\/tienda.rigelec.com.ar\/index.php?rest_route=\/wp\/v2\/product"}],"about":[{"href":"https:\/\/tienda.rigelec.com.ar\/index.php?rest_route=\/wp\/v2\/types\/product"}],"replies":[{"embeddable":true,"href":"https:\/\/tienda.rigelec.com.ar\/index.php?rest_route=%2Fwp%2Fv2%2Fcomments&post=32593"}],"wp:featuredmedia":[{"embeddable":true,"href":"https:\/\/tienda.rigelec.com.ar\/index.php?rest_route=\/wp\/v2\/media\/32594"}],"wp:attachment":[{"href":"https:\/\/tienda.rigelec.com.ar\/index.php?rest_route=%2Fwp%2Fv2%2Fmedia&parent=32593"}],"wp:term":[{"taxonomy":"product_brand","embeddable":true,"href":"https:\/\/tienda.rigelec.com.ar\/index.php?rest_route=%2Fwp%2Fv2%2Fproduct_brand&post=32593"},{"taxonomy":"product_cat","embeddable":true,"href":"https:\/\/tienda.rigelec.com.ar\/index.php?rest_route=%2Fwp%2Fv2%2Fproduct_cat&post=32593"},{"taxonomy":"product_tag","embeddable":true,"href":"https:\/\/tienda.rigelec.com.ar\/index.php?rest_route=%2Fwp%2Fv2%2Fproduct_tag&post=32593"}],"curies":[{"name":"wp","href":"https:\/\/api.w.org\/{rel}","templated":true}]}}