{"id":32605,"date":"2025-09-25T11:19:06","date_gmt":"2025-09-25T14:19:06","guid":{"rendered":"https:\/\/tienda.rigelec.com.ar\/?product=tapa-bastidor-3-modulos-blanco-sistema-modular-donna"},"modified":"2026-05-02T22:45:12","modified_gmt":"2026-05-03T01:45:12","slug":"tapa-bastidor-3-modulos-blanco-sistema-modular-donna","status":"publish","type":"product","link":"https:\/\/tienda.rigelec.com.ar\/?product=tapa-bastidor-3-modulos-blanco-sistema-modular-donna","title":{"rendered":"TAPA BASTIDOR 3 MODULOS BLANCO SISTEMA MODULAR &#8211; DONNA"},"content":{"rendered":"<p>TAPA BASTIDOR 3 MODULOS BLANCO<\/p>\n","protected":false},"excerpt":{"rendered":"<p>Sistema de fijaci\u00f3n de m\u00f3dulos Kalop con tapa y bastidor en una sola pieza. Esto permite realizar la inserci\u00f3n de los m\u00f3dulos sin tener que colocar posteriormente una tapa.<br \/>\nCaracter\u00edsticas t\u00e9cnicas: Permite la instalaci\u00f3n m\u00e1xima tres m\u00f3dulos Kalop. Provisto con tornillos para la fijaci\u00f3n y tapas para los mismos. Disponible en color blanco. Dise\u00f1ado con seis trabas independientes que aseguran la correcta fijaci\u00f3n de los m\u00f3dulos a instalar. Posee un sistema de regulaci\u00f3n que facilita la adaptaci\u00f3n a todas las cajas, permitiendo absorber diferencias en los entre centros de los agujeros roscados de las mismas, as\u00ed como tambi\u00e9n los errores de nivelaci\u00f3n.<\/p>\n","protected":false},"featured_media":32606,"comment_status":"open","ping_status":"closed","template":"","meta":{"_monsterinsights_skip_tracking":false,"_monsterinsights_sitenote_active":false,"_monsterinsights_sitenote_note":"","_monsterinsights_sitenote_category":0},"product_brand":[],"product_cat":[263],"product_tag":[64],"class_list":{"0":"post-32605","1":"product","2":"type-product","3":"status-publish","4":"has-post-thumbnail","6":"product_cat-ii-tapas","7":"product_tag-kalop","9":"first","10":"instock","11":"shipping-taxable","12":"purchasable","13":"product-type-simple"},"yoast_head":"<!-- This site is optimized with the Yoast SEO plugin v25.3.1 - https:\/\/yoast.com\/wordpress\/plugins\/seo\/ -->\n<title>TAPA BASTIDOR 3 MODULOS BLANCO SISTEMA MODULAR - DONNA - Tienda Rigelec<\/title>\n<meta name=\"robots\" content=\"index, follow, max-snippet:-1, max-image-preview:large, max-video-preview:-1\" \/>\n<link rel=\"canonical\" href=\"https:\/\/tienda.rigelec.com.ar\/?product=tapa-bastidor-3-modulos-blanco-sistema-modular-donna\" \/>\n<meta property=\"og:locale\" content=\"es_ES\" \/>\n<meta property=\"og:type\" content=\"article\" \/>\n<meta property=\"og:title\" content=\"TAPA BASTIDOR 3 MODULOS BLANCO SISTEMA MODULAR - DONNA - Tienda Rigelec\" \/>\n<meta property=\"og:description\" content=\"Sistema de fijaci\u00f3n de m\u00f3dulos Kalop con tapa y bastidor en una sola pieza. Esto permite realizar la inserci\u00f3n de los m\u00f3dulos sin tener que colocar posteriormente una tapa.  Caracter\u00edsticas t\u00e9cnicas: Permite la instalaci\u00f3n m\u00e1xima tres m\u00f3dulos Kalop. Provisto con tornillos para la fijaci\u00f3n y tapas para los mismos. Disponible en color blanco. Dise\u00f1ado con seis trabas independientes que aseguran la correcta fijaci\u00f3n de los m\u00f3dulos a instalar. Posee un sistema de regulaci\u00f3n que facilita la adaptaci\u00f3n a todas las cajas, permitiendo absorber diferencias en los entre centros de los agujeros roscados de las mismas, as\u00ed como tambi\u00e9n los errores de nivelaci\u00f3n.\" \/>\n<meta property=\"og:url\" content=\"https:\/\/tienda.rigelec.com.ar\/?product=tapa-bastidor-3-modulos-blanco-sistema-modular-donna\" \/>\n<meta property=\"og:site_name\" content=\"Tienda Rigelec\" \/>\n<meta property=\"article:modified_time\" content=\"2026-05-03T01:45:12+00:00\" \/>\n<meta name=\"twitter:card\" content=\"summary_large_image\" \/>\n<script type=\"application\/ld+json\" class=\"yoast-schema-graph\">{\"@context\":\"https:\/\/schema.org\",\"@graph\":[{\"@type\":\"WebPage\",\"@id\":\"https:\/\/tienda.rigelec.com.ar\/?product=tapa-bastidor-3-modulos-blanco-sistema-modular-donna\",\"url\":\"https:\/\/tienda.rigelec.com.ar\/?product=tapa-bastidor-3-modulos-blanco-sistema-modular-donna\",\"name\":\"TAPA BASTIDOR 3 MODULOS BLANCO SISTEMA MODULAR - DONNA - Tienda Rigelec\",\"isPartOf\":{\"@id\":\"https:\/\/tienda.rigelec.com.ar\/#website\"},\"primaryImageOfPage\":{\"@id\":\"https:\/\/tienda.rigelec.com.ar\/?product=tapa-bastidor-3-modulos-blanco-sistema-modular-donna#primaryimage\"},\"image\":{\"@id\":\"https:\/\/tienda.rigelec.com.ar\/?product=tapa-bastidor-3-modulos-blanco-sistema-modular-donna#primaryimage\"},\"thumbnailUrl\":\"https:\/\/tienda.rigelec.com.ar\/wp-content\/uploads\/2025\/09\/TAPABASTIDOR3MODULOSBLANCO.jpg\",\"datePublished\":\"2025-09-25T14:19:06+00:00\",\"dateModified\":\"2026-05-03T01:45:12+00:00\",\"breadcrumb\":{\"@id\":\"https:\/\/tienda.rigelec.com.ar\/?product=tapa-bastidor-3-modulos-blanco-sistema-modular-donna#breadcrumb\"},\"inLanguage\":\"es-AR\",\"potentialAction\":[{\"@type\":\"ReadAction\",\"target\":[\"https:\/\/tienda.rigelec.com.ar\/?product=tapa-bastidor-3-modulos-blanco-sistema-modular-donna\"]}]},{\"@type\":\"ImageObject\",\"inLanguage\":\"es-AR\",\"@id\":\"https:\/\/tienda.rigelec.com.ar\/?product=tapa-bastidor-3-modulos-blanco-sistema-modular-donna#primaryimage\",\"url\":\"https:\/\/tienda.rigelec.com.ar\/wp-content\/uploads\/2025\/09\/TAPABASTIDOR3MODULOSBLANCO.jpg\",\"contentUrl\":\"https:\/\/tienda.rigelec.com.ar\/wp-content\/uploads\/2025\/09\/TAPABASTIDOR3MODULOSBLANCO.jpg\",\"width\":882,\"height\":916},{\"@type\":\"BreadcrumbList\",\"@id\":\"https:\/\/tienda.rigelec.com.ar\/?product=tapa-bastidor-3-modulos-blanco-sistema-modular-donna#breadcrumb\",\"itemListElement\":[{\"@type\":\"ListItem\",\"position\":1,\"name\":\"Inicio\",\"item\":\"https:\/\/tienda.rigelec.com.ar\/\"},{\"@type\":\"ListItem\",\"position\":2,\"name\":\"Shop\",\"item\":\"https:\/\/tienda.rigelec.com.ar\/?page_id=12\"},{\"@type\":\"ListItem\",\"position\":3,\"name\":\"TAPA BASTIDOR 3 MODULOS BLANCO SISTEMA MODULAR &#8211; DONNA\"}]},{\"@type\":\"WebSite\",\"@id\":\"https:\/\/tienda.rigelec.com.ar\/#website\",\"url\":\"https:\/\/tienda.rigelec.com.ar\/\",\"name\":\"Tienda Rigelec\",\"description\":\"Energia en movimiento\",\"publisher\":{\"@id\":\"https:\/\/tienda.rigelec.com.ar\/#organization\"},\"potentialAction\":[{\"@type\":\"SearchAction\",\"target\":{\"@type\":\"EntryPoint\",\"urlTemplate\":\"https:\/\/tienda.rigelec.com.ar\/?s={search_term_string}\"},\"query-input\":{\"@type\":\"PropertyValueSpecification\",\"valueRequired\":true,\"valueName\":\"search_term_string\"}}],\"inLanguage\":\"es-AR\"},{\"@type\":\"Organization\",\"@id\":\"https:\/\/tienda.rigelec.com.ar\/#organization\",\"name\":\"Tienda Rigelec\",\"url\":\"https:\/\/tienda.rigelec.com.ar\/\",\"logo\":{\"@type\":\"ImageObject\",\"inLanguage\":\"es-AR\",\"@id\":\"https:\/\/tienda.rigelec.com.ar\/#\/schema\/logo\/image\/\",\"url\":\"https:\/\/tienda.rigelec.com.ar\/wp-content\/uploads\/2024\/09\/isologo-blanco-rigelec.png\",\"contentUrl\":\"https:\/\/tienda.rigelec.com.ar\/wp-content\/uploads\/2024\/09\/isologo-blanco-rigelec.png\",\"width\":94,\"height\":97,\"caption\":\"Tienda Rigelec\"},\"image\":{\"@id\":\"https:\/\/tienda.rigelec.com.ar\/#\/schema\/logo\/image\/\"}}]}<\/script>\n<!-- \/ Yoast SEO plugin. -->","yoast_head_json":{"title":"TAPA BASTIDOR 3 MODULOS BLANCO SISTEMA MODULAR - DONNA - Tienda Rigelec","robots":{"index":"index","follow":"follow","max-snippet":"max-snippet:-1","max-image-preview":"max-image-preview:large","max-video-preview":"max-video-preview:-1"},"canonical":"https:\/\/tienda.rigelec.com.ar\/?product=tapa-bastidor-3-modulos-blanco-sistema-modular-donna","og_locale":"es_ES","og_type":"article","og_title":"TAPA BASTIDOR 3 MODULOS BLANCO SISTEMA MODULAR - DONNA - Tienda Rigelec","og_description":"Sistema de fijaci\u00f3n de m\u00f3dulos Kalop con tapa y bastidor en una sola pieza. Esto permite realizar la inserci\u00f3n de los m\u00f3dulos sin tener que colocar posteriormente una tapa.  Caracter\u00edsticas t\u00e9cnicas: Permite la instalaci\u00f3n m\u00e1xima tres m\u00f3dulos Kalop. Provisto con tornillos para la fijaci\u00f3n y tapas para los mismos. Disponible en color blanco. Dise\u00f1ado con seis trabas independientes que aseguran la correcta fijaci\u00f3n de los m\u00f3dulos a instalar. Posee un sistema de regulaci\u00f3n que facilita la adaptaci\u00f3n a todas las cajas, permitiendo absorber diferencias en los entre centros de los agujeros roscados de las mismas, as\u00ed como tambi\u00e9n los errores de nivelaci\u00f3n.","og_url":"https:\/\/tienda.rigelec.com.ar\/?product=tapa-bastidor-3-modulos-blanco-sistema-modular-donna","og_site_name":"Tienda Rigelec","article_modified_time":"2026-05-03T01:45:12+00:00","twitter_card":"summary_large_image","schema":{"@context":"https:\/\/schema.org","@graph":[{"@type":"WebPage","@id":"https:\/\/tienda.rigelec.com.ar\/?product=tapa-bastidor-3-modulos-blanco-sistema-modular-donna","url":"https:\/\/tienda.rigelec.com.ar\/?product=tapa-bastidor-3-modulos-blanco-sistema-modular-donna","name":"TAPA BASTIDOR 3 MODULOS BLANCO SISTEMA MODULAR - DONNA - Tienda Rigelec","isPartOf":{"@id":"https:\/\/tienda.rigelec.com.ar\/#website"},"primaryImageOfPage":{"@id":"https:\/\/tienda.rigelec.com.ar\/?product=tapa-bastidor-3-modulos-blanco-sistema-modular-donna#primaryimage"},"image":{"@id":"https:\/\/tienda.rigelec.com.ar\/?product=tapa-bastidor-3-modulos-blanco-sistema-modular-donna#primaryimage"},"thumbnailUrl":"https:\/\/tienda.rigelec.com.ar\/wp-content\/uploads\/2025\/09\/TAPABASTIDOR3MODULOSBLANCO.jpg","datePublished":"2025-09-25T14:19:06+00:00","dateModified":"2026-05-03T01:45:12+00:00","breadcrumb":{"@id":"https:\/\/tienda.rigelec.com.ar\/?product=tapa-bastidor-3-modulos-blanco-sistema-modular-donna#breadcrumb"},"inLanguage":"es-AR","potentialAction":[{"@type":"ReadAction","target":["https:\/\/tienda.rigelec.com.ar\/?product=tapa-bastidor-3-modulos-blanco-sistema-modular-donna"]}]},{"@type":"ImageObject","inLanguage":"es-AR","@id":"https:\/\/tienda.rigelec.com.ar\/?product=tapa-bastidor-3-modulos-blanco-sistema-modular-donna#primaryimage","url":"https:\/\/tienda.rigelec.com.ar\/wp-content\/uploads\/2025\/09\/TAPABASTIDOR3MODULOSBLANCO.jpg","contentUrl":"https:\/\/tienda.rigelec.com.ar\/wp-content\/uploads\/2025\/09\/TAPABASTIDOR3MODULOSBLANCO.jpg","width":882,"height":916},{"@type":"BreadcrumbList","@id":"https:\/\/tienda.rigelec.com.ar\/?product=tapa-bastidor-3-modulos-blanco-sistema-modular-donna#breadcrumb","itemListElement":[{"@type":"ListItem","position":1,"name":"Inicio","item":"https:\/\/tienda.rigelec.com.ar\/"},{"@type":"ListItem","position":2,"name":"Shop","item":"https:\/\/tienda.rigelec.com.ar\/?page_id=12"},{"@type":"ListItem","position":3,"name":"TAPA BASTIDOR 3 MODULOS BLANCO SISTEMA MODULAR &#8211; DONNA"}]},{"@type":"WebSite","@id":"https:\/\/tienda.rigelec.com.ar\/#website","url":"https:\/\/tienda.rigelec.com.ar\/","name":"Tienda Rigelec","description":"Energia en movimiento","publisher":{"@id":"https:\/\/tienda.rigelec.com.ar\/#organization"},"potentialAction":[{"@type":"SearchAction","target":{"@type":"EntryPoint","urlTemplate":"https:\/\/tienda.rigelec.com.ar\/?s={search_term_string}"},"query-input":{"@type":"PropertyValueSpecification","valueRequired":true,"valueName":"search_term_string"}}],"inLanguage":"es-AR"},{"@type":"Organization","@id":"https:\/\/tienda.rigelec.com.ar\/#organization","name":"Tienda Rigelec","url":"https:\/\/tienda.rigelec.com.ar\/","logo":{"@type":"ImageObject","inLanguage":"es-AR","@id":"https:\/\/tienda.rigelec.com.ar\/#\/schema\/logo\/image\/","url":"https:\/\/tienda.rigelec.com.ar\/wp-content\/uploads\/2024\/09\/isologo-blanco-rigelec.png","contentUrl":"https:\/\/tienda.rigelec.com.ar\/wp-content\/uploads\/2024\/09\/isologo-blanco-rigelec.png","width":94,"height":97,"caption":"Tienda Rigelec"},"image":{"@id":"https:\/\/tienda.rigelec.com.ar\/#\/schema\/logo\/image\/"}}]}},"jetpack_sharing_enabled":true,"_links":{"self":[{"href":"https:\/\/tienda.rigelec.com.ar\/index.php?rest_route=\/wp\/v2\/product\/32605","targetHints":{"allow":["GET"]}}],"collection":[{"href":"https:\/\/tienda.rigelec.com.ar\/index.php?rest_route=\/wp\/v2\/product"}],"about":[{"href":"https:\/\/tienda.rigelec.com.ar\/index.php?rest_route=\/wp\/v2\/types\/product"}],"replies":[{"embeddable":true,"href":"https:\/\/tienda.rigelec.com.ar\/index.php?rest_route=%2Fwp%2Fv2%2Fcomments&post=32605"}],"wp:featuredmedia":[{"embeddable":true,"href":"https:\/\/tienda.rigelec.com.ar\/index.php?rest_route=\/wp\/v2\/media\/32606"}],"wp:attachment":[{"href":"https:\/\/tienda.rigelec.com.ar\/index.php?rest_route=%2Fwp%2Fv2%2Fmedia&parent=32605"}],"wp:term":[{"taxonomy":"product_brand","embeddable":true,"href":"https:\/\/tienda.rigelec.com.ar\/index.php?rest_route=%2Fwp%2Fv2%2Fproduct_brand&post=32605"},{"taxonomy":"product_cat","embeddable":true,"href":"https:\/\/tienda.rigelec.com.ar\/index.php?rest_route=%2Fwp%2Fv2%2Fproduct_cat&post=32605"},{"taxonomy":"product_tag","embeddable":true,"href":"https:\/\/tienda.rigelec.com.ar\/index.php?rest_route=%2Fwp%2Fv2%2Fproduct_tag&post=32605"}],"curies":[{"name":"wp","href":"https:\/\/api.w.org\/{rel}","templated":true}]}}