{"id":32879,"date":"2025-09-25T12:52:10","date_gmt":"2025-09-25T15:52:10","guid":{"rendered":"https:\/\/tienda.rigelec.com.ar\/?product=fotocontrol-4-cables-domiciliaria-1200w-220v"},"modified":"2026-04-30T18:00:39","modified_gmt":"2026-04-30T21:00:39","slug":"fotocontrol-4-cables-domiciliaria-1200w-220v","status":"publish","type":"product","link":"https:\/\/tienda.rigelec.com.ar\/?product=fotocontrol-4-cables-domiciliaria-1200w-220v","title":{"rendered":"FOTOCONTROL 4 CABLES DOMICILIARIA 1200W &#8211; 220V"},"content":{"rendered":"<p>FOTOCONTROL 4 CABLES<\/p>\n","protected":false},"excerpt":{"rendered":"<p>Es un dispositivo el cual capta la variaci\u00f3n de luz ambiente, activando un circuito electr\u00f3nico para el encendido de una luminaria.<br \/>\nCaracter\u00edsticas t\u00e9cnicas: Este fotocontrol est\u00e1 dise\u00f1ado para todo tipo de l\u00e1mparas hasta 1200W.<br \/>\nTensi\u00f3n nominal: 220V~.<br \/>\nValor nominal de corriente: 5A. Frecuencia: 50Hz.<br \/>\nNivel de conexi\u00f3n: 10 Lux (+30%).<br \/>\nNivel de desconexi\u00f3n: &lt; 50 Lux.<br \/>\nTiempo de retardo ante falsas maniobras: 20 &#8211; 30 segundos.<br \/>\nConsumo propio del equipo: &lt; 4W.<br \/>\nRango de temperatura de operaci\u00f3n: 0 a 50\u00b0C.<br \/>\nVida \u00fatil: Aprox. 5000 ciclos.<br \/>\nCuerpo pl\u00e1stico inyectado resistente, con ojal de sujeci\u00f3n.<\/p>\n","protected":false},"featured_media":32880,"comment_status":"open","ping_status":"closed","template":"","meta":{"_monsterinsights_skip_tracking":false,"_monsterinsights_sitenote_active":false,"_monsterinsights_sitenote_note":"","_monsterinsights_sitenote_category":0},"product_brand":[],"product_cat":[244],"product_tag":[64],"class_list":{"0":"post-32879","1":"product","2":"type-product","3":"status-publish","4":"has-post-thumbnail","6":"product_cat-ii-fotocontrol","7":"product_tag-kalop","9":"first","10":"outofstock","11":"shipping-taxable","12":"purchasable","13":"product-type-simple"},"yoast_head":"<!-- This site is optimized with the Yoast SEO plugin v25.3.1 - https:\/\/yoast.com\/wordpress\/plugins\/seo\/ -->\n<title>FOTOCONTROL 4 CABLES DOMICILIARIA 1200W - 220V - Tienda Rigelec<\/title>\n<meta name=\"robots\" content=\"index, follow, max-snippet:-1, max-image-preview:large, max-video-preview:-1\" \/>\n<link rel=\"canonical\" href=\"https:\/\/tienda.rigelec.com.ar\/?product=fotocontrol-4-cables-domiciliaria-1200w-220v\" \/>\n<meta property=\"og:locale\" content=\"es_ES\" \/>\n<meta property=\"og:type\" content=\"article\" \/>\n<meta property=\"og:title\" content=\"FOTOCONTROL 4 CABLES DOMICILIARIA 1200W - 220V - Tienda Rigelec\" \/>\n<meta property=\"og:description\" content=\"Es un dispositivo el cual capta la variaci\u00f3n de luz ambiente, activando un circuito electr\u00f3nico para el encendido de una luminaria.  Caracter\u00edsticas t\u00e9cnicas: Este fotocontrol est\u00e1 dise\u00f1ado para todo tipo de l\u00e1mparas hasta 1200W.  Tensi\u00f3n nominal: 220V~. Valor nominal de corriente: 5A. Frecuencia: 50Hz.  Nivel de conexi\u00f3n: 10 Lux (+30%).  Nivel de desconexi\u00f3n: &lt; 50 Lux.  Tiempo de retardo ante falsas maniobras: 20 - 30 segundos.  Consumo propio del equipo: &lt; 4W.  Rango de temperatura de operaci\u00f3n: 0 a 50\u00b0C.  Vida \u00fatil: Aprox. 5000 ciclos.  Cuerpo pl\u00e1stico inyectado resistente, con ojal de sujeci\u00f3n.\" \/>\n<meta property=\"og:url\" content=\"https:\/\/tienda.rigelec.com.ar\/?product=fotocontrol-4-cables-domiciliaria-1200w-220v\" \/>\n<meta property=\"og:site_name\" content=\"Tienda Rigelec\" \/>\n<meta property=\"article:modified_time\" content=\"2026-04-30T21:00:39+00:00\" \/>\n<meta name=\"twitter:card\" content=\"summary_large_image\" \/>\n<script type=\"application\/ld+json\" class=\"yoast-schema-graph\">{\"@context\":\"https:\/\/schema.org\",\"@graph\":[{\"@type\":\"WebPage\",\"@id\":\"https:\/\/tienda.rigelec.com.ar\/?product=fotocontrol-4-cables-domiciliaria-1200w-220v\",\"url\":\"https:\/\/tienda.rigelec.com.ar\/?product=fotocontrol-4-cables-domiciliaria-1200w-220v\",\"name\":\"FOTOCONTROL 4 CABLES DOMICILIARIA 1200W - 220V - Tienda Rigelec\",\"isPartOf\":{\"@id\":\"https:\/\/tienda.rigelec.com.ar\/#website\"},\"primaryImageOfPage\":{\"@id\":\"https:\/\/tienda.rigelec.com.ar\/?product=fotocontrol-4-cables-domiciliaria-1200w-220v#primaryimage\"},\"image\":{\"@id\":\"https:\/\/tienda.rigelec.com.ar\/?product=fotocontrol-4-cables-domiciliaria-1200w-220v#primaryimage\"},\"thumbnailUrl\":\"https:\/\/tienda.rigelec.com.ar\/wp-content\/uploads\/2025\/09\/FOTOCONTROL4CABLES.jpg\",\"datePublished\":\"2025-09-25T15:52:10+00:00\",\"dateModified\":\"2026-04-30T21:00:39+00:00\",\"breadcrumb\":{\"@id\":\"https:\/\/tienda.rigelec.com.ar\/?product=fotocontrol-4-cables-domiciliaria-1200w-220v#breadcrumb\"},\"inLanguage\":\"es-AR\",\"potentialAction\":[{\"@type\":\"ReadAction\",\"target\":[\"https:\/\/tienda.rigelec.com.ar\/?product=fotocontrol-4-cables-domiciliaria-1200w-220v\"]}]},{\"@type\":\"ImageObject\",\"inLanguage\":\"es-AR\",\"@id\":\"https:\/\/tienda.rigelec.com.ar\/?product=fotocontrol-4-cables-domiciliaria-1200w-220v#primaryimage\",\"url\":\"https:\/\/tienda.rigelec.com.ar\/wp-content\/uploads\/2025\/09\/FOTOCONTROL4CABLES.jpg\",\"contentUrl\":\"https:\/\/tienda.rigelec.com.ar\/wp-content\/uploads\/2025\/09\/FOTOCONTROL4CABLES.jpg\",\"width\":789,\"height\":800},{\"@type\":\"BreadcrumbList\",\"@id\":\"https:\/\/tienda.rigelec.com.ar\/?product=fotocontrol-4-cables-domiciliaria-1200w-220v#breadcrumb\",\"itemListElement\":[{\"@type\":\"ListItem\",\"position\":1,\"name\":\"Inicio\",\"item\":\"https:\/\/tienda.rigelec.com.ar\/\"},{\"@type\":\"ListItem\",\"position\":2,\"name\":\"Shop\",\"item\":\"https:\/\/tienda.rigelec.com.ar\/?page_id=12\"},{\"@type\":\"ListItem\",\"position\":3,\"name\":\"FOTOCONTROL 4 CABLES DOMICILIARIA 1200W &#8211; 220V\"}]},{\"@type\":\"WebSite\",\"@id\":\"https:\/\/tienda.rigelec.com.ar\/#website\",\"url\":\"https:\/\/tienda.rigelec.com.ar\/\",\"name\":\"Tienda Rigelec\",\"description\":\"Energia en movimiento\",\"publisher\":{\"@id\":\"https:\/\/tienda.rigelec.com.ar\/#organization\"},\"potentialAction\":[{\"@type\":\"SearchAction\",\"target\":{\"@type\":\"EntryPoint\",\"urlTemplate\":\"https:\/\/tienda.rigelec.com.ar\/?s={search_term_string}\"},\"query-input\":{\"@type\":\"PropertyValueSpecification\",\"valueRequired\":true,\"valueName\":\"search_term_string\"}}],\"inLanguage\":\"es-AR\"},{\"@type\":\"Organization\",\"@id\":\"https:\/\/tienda.rigelec.com.ar\/#organization\",\"name\":\"Tienda Rigelec\",\"url\":\"https:\/\/tienda.rigelec.com.ar\/\",\"logo\":{\"@type\":\"ImageObject\",\"inLanguage\":\"es-AR\",\"@id\":\"https:\/\/tienda.rigelec.com.ar\/#\/schema\/logo\/image\/\",\"url\":\"https:\/\/tienda.rigelec.com.ar\/wp-content\/uploads\/2024\/09\/isologo-blanco-rigelec.png\",\"contentUrl\":\"https:\/\/tienda.rigelec.com.ar\/wp-content\/uploads\/2024\/09\/isologo-blanco-rigelec.png\",\"width\":94,\"height\":97,\"caption\":\"Tienda Rigelec\"},\"image\":{\"@id\":\"https:\/\/tienda.rigelec.com.ar\/#\/schema\/logo\/image\/\"}}]}<\/script>\n<!-- \/ Yoast SEO plugin. -->","yoast_head_json":{"title":"FOTOCONTROL 4 CABLES DOMICILIARIA 1200W - 220V - Tienda Rigelec","robots":{"index":"index","follow":"follow","max-snippet":"max-snippet:-1","max-image-preview":"max-image-preview:large","max-video-preview":"max-video-preview:-1"},"canonical":"https:\/\/tienda.rigelec.com.ar\/?product=fotocontrol-4-cables-domiciliaria-1200w-220v","og_locale":"es_ES","og_type":"article","og_title":"FOTOCONTROL 4 CABLES DOMICILIARIA 1200W - 220V - Tienda Rigelec","og_description":"Es un dispositivo el cual capta la variaci\u00f3n de luz ambiente, activando un circuito electr\u00f3nico para el encendido de una luminaria.  Caracter\u00edsticas t\u00e9cnicas: Este fotocontrol est\u00e1 dise\u00f1ado para todo tipo de l\u00e1mparas hasta 1200W.  Tensi\u00f3n nominal: 220V~. Valor nominal de corriente: 5A. Frecuencia: 50Hz.  Nivel de conexi\u00f3n: 10 Lux (+30%).  Nivel de desconexi\u00f3n: &lt; 50 Lux.  Tiempo de retardo ante falsas maniobras: 20 - 30 segundos.  Consumo propio del equipo: &lt; 4W.  Rango de temperatura de operaci\u00f3n: 0 a 50\u00b0C.  Vida \u00fatil: Aprox. 5000 ciclos.  Cuerpo pl\u00e1stico inyectado resistente, con ojal de sujeci\u00f3n.","og_url":"https:\/\/tienda.rigelec.com.ar\/?product=fotocontrol-4-cables-domiciliaria-1200w-220v","og_site_name":"Tienda Rigelec","article_modified_time":"2026-04-30T21:00:39+00:00","twitter_card":"summary_large_image","schema":{"@context":"https:\/\/schema.org","@graph":[{"@type":"WebPage","@id":"https:\/\/tienda.rigelec.com.ar\/?product=fotocontrol-4-cables-domiciliaria-1200w-220v","url":"https:\/\/tienda.rigelec.com.ar\/?product=fotocontrol-4-cables-domiciliaria-1200w-220v","name":"FOTOCONTROL 4 CABLES DOMICILIARIA 1200W - 220V - Tienda Rigelec","isPartOf":{"@id":"https:\/\/tienda.rigelec.com.ar\/#website"},"primaryImageOfPage":{"@id":"https:\/\/tienda.rigelec.com.ar\/?product=fotocontrol-4-cables-domiciliaria-1200w-220v#primaryimage"},"image":{"@id":"https:\/\/tienda.rigelec.com.ar\/?product=fotocontrol-4-cables-domiciliaria-1200w-220v#primaryimage"},"thumbnailUrl":"https:\/\/tienda.rigelec.com.ar\/wp-content\/uploads\/2025\/09\/FOTOCONTROL4CABLES.jpg","datePublished":"2025-09-25T15:52:10+00:00","dateModified":"2026-04-30T21:00:39+00:00","breadcrumb":{"@id":"https:\/\/tienda.rigelec.com.ar\/?product=fotocontrol-4-cables-domiciliaria-1200w-220v#breadcrumb"},"inLanguage":"es-AR","potentialAction":[{"@type":"ReadAction","target":["https:\/\/tienda.rigelec.com.ar\/?product=fotocontrol-4-cables-domiciliaria-1200w-220v"]}]},{"@type":"ImageObject","inLanguage":"es-AR","@id":"https:\/\/tienda.rigelec.com.ar\/?product=fotocontrol-4-cables-domiciliaria-1200w-220v#primaryimage","url":"https:\/\/tienda.rigelec.com.ar\/wp-content\/uploads\/2025\/09\/FOTOCONTROL4CABLES.jpg","contentUrl":"https:\/\/tienda.rigelec.com.ar\/wp-content\/uploads\/2025\/09\/FOTOCONTROL4CABLES.jpg","width":789,"height":800},{"@type":"BreadcrumbList","@id":"https:\/\/tienda.rigelec.com.ar\/?product=fotocontrol-4-cables-domiciliaria-1200w-220v#breadcrumb","itemListElement":[{"@type":"ListItem","position":1,"name":"Inicio","item":"https:\/\/tienda.rigelec.com.ar\/"},{"@type":"ListItem","position":2,"name":"Shop","item":"https:\/\/tienda.rigelec.com.ar\/?page_id=12"},{"@type":"ListItem","position":3,"name":"FOTOCONTROL 4 CABLES DOMICILIARIA 1200W &#8211; 220V"}]},{"@type":"WebSite","@id":"https:\/\/tienda.rigelec.com.ar\/#website","url":"https:\/\/tienda.rigelec.com.ar\/","name":"Tienda Rigelec","description":"Energia en movimiento","publisher":{"@id":"https:\/\/tienda.rigelec.com.ar\/#organization"},"potentialAction":[{"@type":"SearchAction","target":{"@type":"EntryPoint","urlTemplate":"https:\/\/tienda.rigelec.com.ar\/?s={search_term_string}"},"query-input":{"@type":"PropertyValueSpecification","valueRequired":true,"valueName":"search_term_string"}}],"inLanguage":"es-AR"},{"@type":"Organization","@id":"https:\/\/tienda.rigelec.com.ar\/#organization","name":"Tienda Rigelec","url":"https:\/\/tienda.rigelec.com.ar\/","logo":{"@type":"ImageObject","inLanguage":"es-AR","@id":"https:\/\/tienda.rigelec.com.ar\/#\/schema\/logo\/image\/","url":"https:\/\/tienda.rigelec.com.ar\/wp-content\/uploads\/2024\/09\/isologo-blanco-rigelec.png","contentUrl":"https:\/\/tienda.rigelec.com.ar\/wp-content\/uploads\/2024\/09\/isologo-blanco-rigelec.png","width":94,"height":97,"caption":"Tienda Rigelec"},"image":{"@id":"https:\/\/tienda.rigelec.com.ar\/#\/schema\/logo\/image\/"}}]}},"jetpack_sharing_enabled":true,"_links":{"self":[{"href":"https:\/\/tienda.rigelec.com.ar\/index.php?rest_route=\/wp\/v2\/product\/32879","targetHints":{"allow":["GET"]}}],"collection":[{"href":"https:\/\/tienda.rigelec.com.ar\/index.php?rest_route=\/wp\/v2\/product"}],"about":[{"href":"https:\/\/tienda.rigelec.com.ar\/index.php?rest_route=\/wp\/v2\/types\/product"}],"replies":[{"embeddable":true,"href":"https:\/\/tienda.rigelec.com.ar\/index.php?rest_route=%2Fwp%2Fv2%2Fcomments&post=32879"}],"wp:featuredmedia":[{"embeddable":true,"href":"https:\/\/tienda.rigelec.com.ar\/index.php?rest_route=\/wp\/v2\/media\/32880"}],"wp:attachment":[{"href":"https:\/\/tienda.rigelec.com.ar\/index.php?rest_route=%2Fwp%2Fv2%2Fmedia&parent=32879"}],"wp:term":[{"taxonomy":"product_brand","embeddable":true,"href":"https:\/\/tienda.rigelec.com.ar\/index.php?rest_route=%2Fwp%2Fv2%2Fproduct_brand&post=32879"},{"taxonomy":"product_cat","embeddable":true,"href":"https:\/\/tienda.rigelec.com.ar\/index.php?rest_route=%2Fwp%2Fv2%2Fproduct_cat&post=32879"},{"taxonomy":"product_tag","embeddable":true,"href":"https:\/\/tienda.rigelec.com.ar\/index.php?rest_route=%2Fwp%2Fv2%2Fproduct_tag&post=32879"}],"curies":[{"name":"wp","href":"https:\/\/api.w.org\/{rel}","templated":true}]}}