{"id":32897,"date":"2025-09-25T12:58:40","date_gmt":"2025-09-25T15:58:40","guid":{"rendered":"https:\/\/tienda.rigelec.com.ar\/?product=marco-6-modulos-blanco-sistema-modular-linea-jonica"},"modified":"2026-04-30T18:07:08","modified_gmt":"2026-04-30T21:07:08","slug":"marco-6-modulos-blanco-sistema-modular-linea-jonica","status":"publish","type":"product","link":"https:\/\/tienda.rigelec.com.ar\/?product=marco-6-modulos-blanco-sistema-modular-linea-jonica","title":{"rendered":"MARCO 6 MODULOS BLANCO SISTEMA MODULAR &#8211; LINEA JONICA"},"content":{"rendered":"<p>MARCO 6 MODULOS BLANCO<\/p>\n","protected":false},"excerpt":{"rendered":"<p>Funci\u00f3n: Cumple la funci\u00f3n cubrir de manera est\u00e9tica el espacio generado entre la tapa Jonica y los m\u00f3dulos a instalar. Caracter\u00edsticas: Inyectadp en ABS (Acrilonitrilo-Butadieno-Estireno). Propiedades anti amarilleo (tratamiento UV). Se presentan en sus tres colores propios del material termoplastico: blanco, grafito y marfil. Fabricado e inyectado con termopl\u00e1sticos ign\u00edfugos, no propagantes de llama a 650\u00b0C seg\u00fan norma IEC 60695-2-1.<\/p>\n","protected":false},"featured_media":32898,"comment_status":"open","ping_status":"closed","template":"","meta":{"_monsterinsights_skip_tracking":false,"_monsterinsights_sitenote_active":false,"_monsterinsights_sitenote_note":"","_monsterinsights_sitenote_category":0},"product_brand":[],"product_cat":[263],"product_tag":[64],"class_list":{"0":"post-32897","1":"product","2":"type-product","3":"status-publish","4":"has-post-thumbnail","6":"product_cat-ii-tapas","7":"product_tag-kalop","9":"first","10":"instock","11":"shipping-taxable","12":"purchasable","13":"product-type-simple"},"yoast_head":"<!-- This site is optimized with the Yoast SEO plugin v25.3.1 - https:\/\/yoast.com\/wordpress\/plugins\/seo\/ -->\n<title>MARCO 6 MODULOS BLANCO SISTEMA MODULAR - LINEA JONICA - Tienda Rigelec<\/title>\n<meta name=\"robots\" content=\"index, follow, max-snippet:-1, max-image-preview:large, max-video-preview:-1\" \/>\n<link rel=\"canonical\" href=\"https:\/\/tienda.rigelec.com.ar\/?product=marco-6-modulos-blanco-sistema-modular-linea-jonica\" \/>\n<meta property=\"og:locale\" content=\"es_ES\" \/>\n<meta property=\"og:type\" content=\"article\" \/>\n<meta property=\"og:title\" content=\"MARCO 6 MODULOS BLANCO SISTEMA MODULAR - LINEA JONICA - Tienda Rigelec\" \/>\n<meta property=\"og:description\" content=\"Funci\u00f3n: Cumple la funci\u00f3n cubrir de manera est\u00e9tica el espacio generado entre la tapa Jonica y los m\u00f3dulos a instalar. Caracter\u00edsticas: Inyectadp en ABS (Acrilonitrilo-Butadieno-Estireno). Propiedades anti amarilleo (tratamiento UV). Se presentan en sus tres colores propios del material termoplastico: blanco, grafito y marfil. Fabricado e inyectado con termopl\u00e1sticos ign\u00edfugos, no propagantes de llama a 650\u00b0C seg\u00fan norma IEC 60695-2-1.\" \/>\n<meta property=\"og:url\" content=\"https:\/\/tienda.rigelec.com.ar\/?product=marco-6-modulos-blanco-sistema-modular-linea-jonica\" \/>\n<meta property=\"og:site_name\" content=\"Tienda Rigelec\" \/>\n<meta property=\"article:modified_time\" content=\"2026-04-30T21:07:08+00:00\" \/>\n<meta name=\"twitter:card\" content=\"summary_large_image\" \/>\n<script type=\"application\/ld+json\" class=\"yoast-schema-graph\">{\"@context\":\"https:\/\/schema.org\",\"@graph\":[{\"@type\":\"WebPage\",\"@id\":\"https:\/\/tienda.rigelec.com.ar\/?product=marco-6-modulos-blanco-sistema-modular-linea-jonica\",\"url\":\"https:\/\/tienda.rigelec.com.ar\/?product=marco-6-modulos-blanco-sistema-modular-linea-jonica\",\"name\":\"MARCO 6 MODULOS BLANCO SISTEMA MODULAR - LINEA JONICA - Tienda Rigelec\",\"isPartOf\":{\"@id\":\"https:\/\/tienda.rigelec.com.ar\/#website\"},\"primaryImageOfPage\":{\"@id\":\"https:\/\/tienda.rigelec.com.ar\/?product=marco-6-modulos-blanco-sistema-modular-linea-jonica#primaryimage\"},\"image\":{\"@id\":\"https:\/\/tienda.rigelec.com.ar\/?product=marco-6-modulos-blanco-sistema-modular-linea-jonica#primaryimage\"},\"thumbnailUrl\":\"https:\/\/tienda.rigelec.com.ar\/wp-content\/uploads\/2025\/09\/MARCO6MODULOSBLANCO.jpg\",\"datePublished\":\"2025-09-25T15:58:40+00:00\",\"dateModified\":\"2026-04-30T21:07:08+00:00\",\"breadcrumb\":{\"@id\":\"https:\/\/tienda.rigelec.com.ar\/?product=marco-6-modulos-blanco-sistema-modular-linea-jonica#breadcrumb\"},\"inLanguage\":\"es-AR\",\"potentialAction\":[{\"@type\":\"ReadAction\",\"target\":[\"https:\/\/tienda.rigelec.com.ar\/?product=marco-6-modulos-blanco-sistema-modular-linea-jonica\"]}]},{\"@type\":\"ImageObject\",\"inLanguage\":\"es-AR\",\"@id\":\"https:\/\/tienda.rigelec.com.ar\/?product=marco-6-modulos-blanco-sistema-modular-linea-jonica#primaryimage\",\"url\":\"https:\/\/tienda.rigelec.com.ar\/wp-content\/uploads\/2025\/09\/MARCO6MODULOSBLANCO.jpg\",\"contentUrl\":\"https:\/\/tienda.rigelec.com.ar\/wp-content\/uploads\/2025\/09\/MARCO6MODULOSBLANCO.jpg\",\"width\":1080,\"height\":798},{\"@type\":\"BreadcrumbList\",\"@id\":\"https:\/\/tienda.rigelec.com.ar\/?product=marco-6-modulos-blanco-sistema-modular-linea-jonica#breadcrumb\",\"itemListElement\":[{\"@type\":\"ListItem\",\"position\":1,\"name\":\"Inicio\",\"item\":\"https:\/\/tienda.rigelec.com.ar\/\"},{\"@type\":\"ListItem\",\"position\":2,\"name\":\"Shop\",\"item\":\"https:\/\/tienda.rigelec.com.ar\/?page_id=12\"},{\"@type\":\"ListItem\",\"position\":3,\"name\":\"MARCO 6 MODULOS BLANCO SISTEMA MODULAR &#8211; LINEA JONICA\"}]},{\"@type\":\"WebSite\",\"@id\":\"https:\/\/tienda.rigelec.com.ar\/#website\",\"url\":\"https:\/\/tienda.rigelec.com.ar\/\",\"name\":\"Tienda Rigelec\",\"description\":\"Energia en movimiento\",\"publisher\":{\"@id\":\"https:\/\/tienda.rigelec.com.ar\/#organization\"},\"potentialAction\":[{\"@type\":\"SearchAction\",\"target\":{\"@type\":\"EntryPoint\",\"urlTemplate\":\"https:\/\/tienda.rigelec.com.ar\/?s={search_term_string}\"},\"query-input\":{\"@type\":\"PropertyValueSpecification\",\"valueRequired\":true,\"valueName\":\"search_term_string\"}}],\"inLanguage\":\"es-AR\"},{\"@type\":\"Organization\",\"@id\":\"https:\/\/tienda.rigelec.com.ar\/#organization\",\"name\":\"Tienda Rigelec\",\"url\":\"https:\/\/tienda.rigelec.com.ar\/\",\"logo\":{\"@type\":\"ImageObject\",\"inLanguage\":\"es-AR\",\"@id\":\"https:\/\/tienda.rigelec.com.ar\/#\/schema\/logo\/image\/\",\"url\":\"https:\/\/tienda.rigelec.com.ar\/wp-content\/uploads\/2024\/09\/isologo-blanco-rigelec.png\",\"contentUrl\":\"https:\/\/tienda.rigelec.com.ar\/wp-content\/uploads\/2024\/09\/isologo-blanco-rigelec.png\",\"width\":94,\"height\":97,\"caption\":\"Tienda Rigelec\"},\"image\":{\"@id\":\"https:\/\/tienda.rigelec.com.ar\/#\/schema\/logo\/image\/\"}}]}<\/script>\n<!-- \/ Yoast SEO plugin. -->","yoast_head_json":{"title":"MARCO 6 MODULOS BLANCO SISTEMA MODULAR - LINEA JONICA - Tienda Rigelec","robots":{"index":"index","follow":"follow","max-snippet":"max-snippet:-1","max-image-preview":"max-image-preview:large","max-video-preview":"max-video-preview:-1"},"canonical":"https:\/\/tienda.rigelec.com.ar\/?product=marco-6-modulos-blanco-sistema-modular-linea-jonica","og_locale":"es_ES","og_type":"article","og_title":"MARCO 6 MODULOS BLANCO SISTEMA MODULAR - LINEA JONICA - Tienda Rigelec","og_description":"Funci\u00f3n: Cumple la funci\u00f3n cubrir de manera est\u00e9tica el espacio generado entre la tapa Jonica y los m\u00f3dulos a instalar. Caracter\u00edsticas: Inyectadp en ABS (Acrilonitrilo-Butadieno-Estireno). Propiedades anti amarilleo (tratamiento UV). Se presentan en sus tres colores propios del material termoplastico: blanco, grafito y marfil. Fabricado e inyectado con termopl\u00e1sticos ign\u00edfugos, no propagantes de llama a 650\u00b0C seg\u00fan norma IEC 60695-2-1.","og_url":"https:\/\/tienda.rigelec.com.ar\/?product=marco-6-modulos-blanco-sistema-modular-linea-jonica","og_site_name":"Tienda Rigelec","article_modified_time":"2026-04-30T21:07:08+00:00","twitter_card":"summary_large_image","schema":{"@context":"https:\/\/schema.org","@graph":[{"@type":"WebPage","@id":"https:\/\/tienda.rigelec.com.ar\/?product=marco-6-modulos-blanco-sistema-modular-linea-jonica","url":"https:\/\/tienda.rigelec.com.ar\/?product=marco-6-modulos-blanco-sistema-modular-linea-jonica","name":"MARCO 6 MODULOS BLANCO SISTEMA MODULAR - LINEA JONICA - Tienda Rigelec","isPartOf":{"@id":"https:\/\/tienda.rigelec.com.ar\/#website"},"primaryImageOfPage":{"@id":"https:\/\/tienda.rigelec.com.ar\/?product=marco-6-modulos-blanco-sistema-modular-linea-jonica#primaryimage"},"image":{"@id":"https:\/\/tienda.rigelec.com.ar\/?product=marco-6-modulos-blanco-sistema-modular-linea-jonica#primaryimage"},"thumbnailUrl":"https:\/\/tienda.rigelec.com.ar\/wp-content\/uploads\/2025\/09\/MARCO6MODULOSBLANCO.jpg","datePublished":"2025-09-25T15:58:40+00:00","dateModified":"2026-04-30T21:07:08+00:00","breadcrumb":{"@id":"https:\/\/tienda.rigelec.com.ar\/?product=marco-6-modulos-blanco-sistema-modular-linea-jonica#breadcrumb"},"inLanguage":"es-AR","potentialAction":[{"@type":"ReadAction","target":["https:\/\/tienda.rigelec.com.ar\/?product=marco-6-modulos-blanco-sistema-modular-linea-jonica"]}]},{"@type":"ImageObject","inLanguage":"es-AR","@id":"https:\/\/tienda.rigelec.com.ar\/?product=marco-6-modulos-blanco-sistema-modular-linea-jonica#primaryimage","url":"https:\/\/tienda.rigelec.com.ar\/wp-content\/uploads\/2025\/09\/MARCO6MODULOSBLANCO.jpg","contentUrl":"https:\/\/tienda.rigelec.com.ar\/wp-content\/uploads\/2025\/09\/MARCO6MODULOSBLANCO.jpg","width":1080,"height":798},{"@type":"BreadcrumbList","@id":"https:\/\/tienda.rigelec.com.ar\/?product=marco-6-modulos-blanco-sistema-modular-linea-jonica#breadcrumb","itemListElement":[{"@type":"ListItem","position":1,"name":"Inicio","item":"https:\/\/tienda.rigelec.com.ar\/"},{"@type":"ListItem","position":2,"name":"Shop","item":"https:\/\/tienda.rigelec.com.ar\/?page_id=12"},{"@type":"ListItem","position":3,"name":"MARCO 6 MODULOS BLANCO SISTEMA MODULAR &#8211; LINEA JONICA"}]},{"@type":"WebSite","@id":"https:\/\/tienda.rigelec.com.ar\/#website","url":"https:\/\/tienda.rigelec.com.ar\/","name":"Tienda Rigelec","description":"Energia en movimiento","publisher":{"@id":"https:\/\/tienda.rigelec.com.ar\/#organization"},"potentialAction":[{"@type":"SearchAction","target":{"@type":"EntryPoint","urlTemplate":"https:\/\/tienda.rigelec.com.ar\/?s={search_term_string}"},"query-input":{"@type":"PropertyValueSpecification","valueRequired":true,"valueName":"search_term_string"}}],"inLanguage":"es-AR"},{"@type":"Organization","@id":"https:\/\/tienda.rigelec.com.ar\/#organization","name":"Tienda Rigelec","url":"https:\/\/tienda.rigelec.com.ar\/","logo":{"@type":"ImageObject","inLanguage":"es-AR","@id":"https:\/\/tienda.rigelec.com.ar\/#\/schema\/logo\/image\/","url":"https:\/\/tienda.rigelec.com.ar\/wp-content\/uploads\/2024\/09\/isologo-blanco-rigelec.png","contentUrl":"https:\/\/tienda.rigelec.com.ar\/wp-content\/uploads\/2024\/09\/isologo-blanco-rigelec.png","width":94,"height":97,"caption":"Tienda Rigelec"},"image":{"@id":"https:\/\/tienda.rigelec.com.ar\/#\/schema\/logo\/image\/"}}]}},"jetpack_sharing_enabled":true,"_links":{"self":[{"href":"https:\/\/tienda.rigelec.com.ar\/index.php?rest_route=\/wp\/v2\/product\/32897","targetHints":{"allow":["GET"]}}],"collection":[{"href":"https:\/\/tienda.rigelec.com.ar\/index.php?rest_route=\/wp\/v2\/product"}],"about":[{"href":"https:\/\/tienda.rigelec.com.ar\/index.php?rest_route=\/wp\/v2\/types\/product"}],"replies":[{"embeddable":true,"href":"https:\/\/tienda.rigelec.com.ar\/index.php?rest_route=%2Fwp%2Fv2%2Fcomments&post=32897"}],"wp:featuredmedia":[{"embeddable":true,"href":"https:\/\/tienda.rigelec.com.ar\/index.php?rest_route=\/wp\/v2\/media\/32898"}],"wp:attachment":[{"href":"https:\/\/tienda.rigelec.com.ar\/index.php?rest_route=%2Fwp%2Fv2%2Fmedia&parent=32897"}],"wp:term":[{"taxonomy":"product_brand","embeddable":true,"href":"https:\/\/tienda.rigelec.com.ar\/index.php?rest_route=%2Fwp%2Fv2%2Fproduct_brand&post=32897"},{"taxonomy":"product_cat","embeddable":true,"href":"https:\/\/tienda.rigelec.com.ar\/index.php?rest_route=%2Fwp%2Fv2%2Fproduct_cat&post=32897"},{"taxonomy":"product_tag","embeddable":true,"href":"https:\/\/tienda.rigelec.com.ar\/index.php?rest_route=%2Fwp%2Fv2%2Fproduct_tag&post=32897"}],"curies":[{"name":"wp","href":"https:\/\/api.w.org\/{rel}","templated":true}]}}