{"id":32997,"date":"2025-09-25T13:08:30","date_gmt":"2025-09-25T16:08:30","guid":{"rendered":"https:\/\/tienda.rigelec.com.ar\/?product=tapa-3-modulos-limon-sistema-modular-luminic-block-87x127mm"},"modified":"2026-05-01T07:49:24","modified_gmt":"2026-05-01T10:49:24","slug":"tapa-3-modulos-limon-sistema-modular-luminic-block-87x127mm","status":"publish","type":"product","link":"https:\/\/tienda.rigelec.com.ar\/?product=tapa-3-modulos-limon-sistema-modular-luminic-block-87x127mm","title":{"rendered":"TAPA 3 MODULOS LIMON SISTEMA MODULAR &#8211; LUMINIC BLOCK 87X127MM"},"content":{"rendered":"<p>TAPA 3 MODULOS LIMON<\/p>\n","protected":false},"excerpt":{"rendered":"<p>Su funci\u00f3n es la de cubrir el bastidor junto con sus m\u00f3dulos una vez instalados, de forma est\u00e9tica y segura.<br \/>\nCaracter\u00edsticas: Inyectada con una base de policarbonato blanco con una sobre inyecci\u00f3n de policarbonato semi transparente pigmentado con el color correspondiente al modelo. Propiedades anti amarilleo (tratamiento UV). Se presentan en los siguientes modelos: violeta, celeste, caramelo, manzana, naranja, lim\u00f3n, rosa, gris y blanco. Fabricado e inyectado con termopl\u00e1sticos ign\u00edfugos, no propagantes de llama a 650\u00b0C seg\u00fan norma IEC 60695-2-1.<\/p>\n","protected":false},"featured_media":32998,"comment_status":"open","ping_status":"closed","template":"","meta":{"_monsterinsights_skip_tracking":false,"_monsterinsights_sitenote_active":false,"_monsterinsights_sitenote_note":"","_monsterinsights_sitenote_category":0},"product_brand":[],"product_cat":[263],"product_tag":[64],"class_list":{"0":"post-32997","1":"product","2":"type-product","3":"status-publish","4":"has-post-thumbnail","6":"product_cat-ii-tapas","7":"product_tag-kalop","9":"first","10":"instock","11":"shipping-taxable","12":"purchasable","13":"product-type-simple"},"yoast_head":"<!-- This site is optimized with the Yoast SEO plugin v25.3.1 - https:\/\/yoast.com\/wordpress\/plugins\/seo\/ -->\n<title>TAPA 3 MODULOS LIMON SISTEMA MODULAR - LUMINIC BLOCK 87X127MM - Tienda Rigelec<\/title>\n<meta name=\"robots\" content=\"index, follow, max-snippet:-1, max-image-preview:large, max-video-preview:-1\" \/>\n<link rel=\"canonical\" href=\"https:\/\/tienda.rigelec.com.ar\/?product=tapa-3-modulos-limon-sistema-modular-luminic-block-87x127mm\" \/>\n<meta property=\"og:locale\" content=\"es_ES\" \/>\n<meta property=\"og:type\" content=\"article\" \/>\n<meta property=\"og:title\" content=\"TAPA 3 MODULOS LIMON SISTEMA MODULAR - LUMINIC BLOCK 87X127MM - Tienda Rigelec\" \/>\n<meta property=\"og:description\" content=\"Su funci\u00f3n es la de cubrir el bastidor junto con sus m\u00f3dulos una vez instalados, de forma est\u00e9tica y segura.  Caracter\u00edsticas: Inyectada con una base de policarbonato blanco con una sobre inyecci\u00f3n de policarbonato semi transparente pigmentado con el color correspondiente al modelo. Propiedades anti amarilleo (tratamiento UV). Se presentan en los siguientes modelos: violeta, celeste, caramelo, manzana, naranja, lim\u00f3n, rosa, gris y blanco. Fabricado e inyectado con termopl\u00e1sticos ign\u00edfugos, no propagantes de llama a 650\u00b0C seg\u00fan norma IEC 60695-2-1.\" \/>\n<meta property=\"og:url\" content=\"https:\/\/tienda.rigelec.com.ar\/?product=tapa-3-modulos-limon-sistema-modular-luminic-block-87x127mm\" \/>\n<meta property=\"og:site_name\" content=\"Tienda Rigelec\" \/>\n<meta property=\"article:modified_time\" content=\"2026-05-01T10:49:24+00:00\" \/>\n<meta name=\"twitter:card\" content=\"summary_large_image\" \/>\n<script type=\"application\/ld+json\" class=\"yoast-schema-graph\">{\"@context\":\"https:\/\/schema.org\",\"@graph\":[{\"@type\":\"WebPage\",\"@id\":\"https:\/\/tienda.rigelec.com.ar\/?product=tapa-3-modulos-limon-sistema-modular-luminic-block-87x127mm\",\"url\":\"https:\/\/tienda.rigelec.com.ar\/?product=tapa-3-modulos-limon-sistema-modular-luminic-block-87x127mm\",\"name\":\"TAPA 3 MODULOS LIMON SISTEMA MODULAR - LUMINIC BLOCK 87X127MM - Tienda Rigelec\",\"isPartOf\":{\"@id\":\"https:\/\/tienda.rigelec.com.ar\/#website\"},\"primaryImageOfPage\":{\"@id\":\"https:\/\/tienda.rigelec.com.ar\/?product=tapa-3-modulos-limon-sistema-modular-luminic-block-87x127mm#primaryimage\"},\"image\":{\"@id\":\"https:\/\/tienda.rigelec.com.ar\/?product=tapa-3-modulos-limon-sistema-modular-luminic-block-87x127mm#primaryimage\"},\"thumbnailUrl\":\"https:\/\/tienda.rigelec.com.ar\/wp-content\/uploads\/2025\/09\/TAPA3MODULOSLIMON-1.jpg\",\"datePublished\":\"2025-09-25T16:08:30+00:00\",\"dateModified\":\"2026-05-01T10:49:24+00:00\",\"breadcrumb\":{\"@id\":\"https:\/\/tienda.rigelec.com.ar\/?product=tapa-3-modulos-limon-sistema-modular-luminic-block-87x127mm#breadcrumb\"},\"inLanguage\":\"es-AR\",\"potentialAction\":[{\"@type\":\"ReadAction\",\"target\":[\"https:\/\/tienda.rigelec.com.ar\/?product=tapa-3-modulos-limon-sistema-modular-luminic-block-87x127mm\"]}]},{\"@type\":\"ImageObject\",\"inLanguage\":\"es-AR\",\"@id\":\"https:\/\/tienda.rigelec.com.ar\/?product=tapa-3-modulos-limon-sistema-modular-luminic-block-87x127mm#primaryimage\",\"url\":\"https:\/\/tienda.rigelec.com.ar\/wp-content\/uploads\/2025\/09\/TAPA3MODULOSLIMON-1.jpg\",\"contentUrl\":\"https:\/\/tienda.rigelec.com.ar\/wp-content\/uploads\/2025\/09\/TAPA3MODULOSLIMON-1.jpg\",\"width\":871,\"height\":884},{\"@type\":\"BreadcrumbList\",\"@id\":\"https:\/\/tienda.rigelec.com.ar\/?product=tapa-3-modulos-limon-sistema-modular-luminic-block-87x127mm#breadcrumb\",\"itemListElement\":[{\"@type\":\"ListItem\",\"position\":1,\"name\":\"Inicio\",\"item\":\"https:\/\/tienda.rigelec.com.ar\/\"},{\"@type\":\"ListItem\",\"position\":2,\"name\":\"Shop\",\"item\":\"https:\/\/tienda.rigelec.com.ar\/?page_id=12\"},{\"@type\":\"ListItem\",\"position\":3,\"name\":\"TAPA 3 MODULOS LIMON SISTEMA MODULAR &#8211; LUMINIC BLOCK 87X127MM\"}]},{\"@type\":\"WebSite\",\"@id\":\"https:\/\/tienda.rigelec.com.ar\/#website\",\"url\":\"https:\/\/tienda.rigelec.com.ar\/\",\"name\":\"Tienda Rigelec\",\"description\":\"Energia en movimiento\",\"publisher\":{\"@id\":\"https:\/\/tienda.rigelec.com.ar\/#organization\"},\"potentialAction\":[{\"@type\":\"SearchAction\",\"target\":{\"@type\":\"EntryPoint\",\"urlTemplate\":\"https:\/\/tienda.rigelec.com.ar\/?s={search_term_string}\"},\"query-input\":{\"@type\":\"PropertyValueSpecification\",\"valueRequired\":true,\"valueName\":\"search_term_string\"}}],\"inLanguage\":\"es-AR\"},{\"@type\":\"Organization\",\"@id\":\"https:\/\/tienda.rigelec.com.ar\/#organization\",\"name\":\"Tienda Rigelec\",\"url\":\"https:\/\/tienda.rigelec.com.ar\/\",\"logo\":{\"@type\":\"ImageObject\",\"inLanguage\":\"es-AR\",\"@id\":\"https:\/\/tienda.rigelec.com.ar\/#\/schema\/logo\/image\/\",\"url\":\"https:\/\/tienda.rigelec.com.ar\/wp-content\/uploads\/2024\/09\/isologo-blanco-rigelec.png\",\"contentUrl\":\"https:\/\/tienda.rigelec.com.ar\/wp-content\/uploads\/2024\/09\/isologo-blanco-rigelec.png\",\"width\":94,\"height\":97,\"caption\":\"Tienda Rigelec\"},\"image\":{\"@id\":\"https:\/\/tienda.rigelec.com.ar\/#\/schema\/logo\/image\/\"}}]}<\/script>\n<!-- \/ Yoast SEO plugin. -->","yoast_head_json":{"title":"TAPA 3 MODULOS LIMON SISTEMA MODULAR - LUMINIC BLOCK 87X127MM - Tienda Rigelec","robots":{"index":"index","follow":"follow","max-snippet":"max-snippet:-1","max-image-preview":"max-image-preview:large","max-video-preview":"max-video-preview:-1"},"canonical":"https:\/\/tienda.rigelec.com.ar\/?product=tapa-3-modulos-limon-sistema-modular-luminic-block-87x127mm","og_locale":"es_ES","og_type":"article","og_title":"TAPA 3 MODULOS LIMON SISTEMA MODULAR - LUMINIC BLOCK 87X127MM - Tienda Rigelec","og_description":"Su funci\u00f3n es la de cubrir el bastidor junto con sus m\u00f3dulos una vez instalados, de forma est\u00e9tica y segura.  Caracter\u00edsticas: Inyectada con una base de policarbonato blanco con una sobre inyecci\u00f3n de policarbonato semi transparente pigmentado con el color correspondiente al modelo. Propiedades anti amarilleo (tratamiento UV). Se presentan en los siguientes modelos: violeta, celeste, caramelo, manzana, naranja, lim\u00f3n, rosa, gris y blanco. Fabricado e inyectado con termopl\u00e1sticos ign\u00edfugos, no propagantes de llama a 650\u00b0C seg\u00fan norma IEC 60695-2-1.","og_url":"https:\/\/tienda.rigelec.com.ar\/?product=tapa-3-modulos-limon-sistema-modular-luminic-block-87x127mm","og_site_name":"Tienda Rigelec","article_modified_time":"2026-05-01T10:49:24+00:00","twitter_card":"summary_large_image","schema":{"@context":"https:\/\/schema.org","@graph":[{"@type":"WebPage","@id":"https:\/\/tienda.rigelec.com.ar\/?product=tapa-3-modulos-limon-sistema-modular-luminic-block-87x127mm","url":"https:\/\/tienda.rigelec.com.ar\/?product=tapa-3-modulos-limon-sistema-modular-luminic-block-87x127mm","name":"TAPA 3 MODULOS LIMON SISTEMA MODULAR - LUMINIC BLOCK 87X127MM - Tienda Rigelec","isPartOf":{"@id":"https:\/\/tienda.rigelec.com.ar\/#website"},"primaryImageOfPage":{"@id":"https:\/\/tienda.rigelec.com.ar\/?product=tapa-3-modulos-limon-sistema-modular-luminic-block-87x127mm#primaryimage"},"image":{"@id":"https:\/\/tienda.rigelec.com.ar\/?product=tapa-3-modulos-limon-sistema-modular-luminic-block-87x127mm#primaryimage"},"thumbnailUrl":"https:\/\/tienda.rigelec.com.ar\/wp-content\/uploads\/2025\/09\/TAPA3MODULOSLIMON-1.jpg","datePublished":"2025-09-25T16:08:30+00:00","dateModified":"2026-05-01T10:49:24+00:00","breadcrumb":{"@id":"https:\/\/tienda.rigelec.com.ar\/?product=tapa-3-modulos-limon-sistema-modular-luminic-block-87x127mm#breadcrumb"},"inLanguage":"es-AR","potentialAction":[{"@type":"ReadAction","target":["https:\/\/tienda.rigelec.com.ar\/?product=tapa-3-modulos-limon-sistema-modular-luminic-block-87x127mm"]}]},{"@type":"ImageObject","inLanguage":"es-AR","@id":"https:\/\/tienda.rigelec.com.ar\/?product=tapa-3-modulos-limon-sistema-modular-luminic-block-87x127mm#primaryimage","url":"https:\/\/tienda.rigelec.com.ar\/wp-content\/uploads\/2025\/09\/TAPA3MODULOSLIMON-1.jpg","contentUrl":"https:\/\/tienda.rigelec.com.ar\/wp-content\/uploads\/2025\/09\/TAPA3MODULOSLIMON-1.jpg","width":871,"height":884},{"@type":"BreadcrumbList","@id":"https:\/\/tienda.rigelec.com.ar\/?product=tapa-3-modulos-limon-sistema-modular-luminic-block-87x127mm#breadcrumb","itemListElement":[{"@type":"ListItem","position":1,"name":"Inicio","item":"https:\/\/tienda.rigelec.com.ar\/"},{"@type":"ListItem","position":2,"name":"Shop","item":"https:\/\/tienda.rigelec.com.ar\/?page_id=12"},{"@type":"ListItem","position":3,"name":"TAPA 3 MODULOS LIMON SISTEMA MODULAR &#8211; LUMINIC BLOCK 87X127MM"}]},{"@type":"WebSite","@id":"https:\/\/tienda.rigelec.com.ar\/#website","url":"https:\/\/tienda.rigelec.com.ar\/","name":"Tienda Rigelec","description":"Energia en movimiento","publisher":{"@id":"https:\/\/tienda.rigelec.com.ar\/#organization"},"potentialAction":[{"@type":"SearchAction","target":{"@type":"EntryPoint","urlTemplate":"https:\/\/tienda.rigelec.com.ar\/?s={search_term_string}"},"query-input":{"@type":"PropertyValueSpecification","valueRequired":true,"valueName":"search_term_string"}}],"inLanguage":"es-AR"},{"@type":"Organization","@id":"https:\/\/tienda.rigelec.com.ar\/#organization","name":"Tienda Rigelec","url":"https:\/\/tienda.rigelec.com.ar\/","logo":{"@type":"ImageObject","inLanguage":"es-AR","@id":"https:\/\/tienda.rigelec.com.ar\/#\/schema\/logo\/image\/","url":"https:\/\/tienda.rigelec.com.ar\/wp-content\/uploads\/2024\/09\/isologo-blanco-rigelec.png","contentUrl":"https:\/\/tienda.rigelec.com.ar\/wp-content\/uploads\/2024\/09\/isologo-blanco-rigelec.png","width":94,"height":97,"caption":"Tienda Rigelec"},"image":{"@id":"https:\/\/tienda.rigelec.com.ar\/#\/schema\/logo\/image\/"}}]}},"jetpack_sharing_enabled":true,"_links":{"self":[{"href":"https:\/\/tienda.rigelec.com.ar\/index.php?rest_route=\/wp\/v2\/product\/32997","targetHints":{"allow":["GET"]}}],"collection":[{"href":"https:\/\/tienda.rigelec.com.ar\/index.php?rest_route=\/wp\/v2\/product"}],"about":[{"href":"https:\/\/tienda.rigelec.com.ar\/index.php?rest_route=\/wp\/v2\/types\/product"}],"replies":[{"embeddable":true,"href":"https:\/\/tienda.rigelec.com.ar\/index.php?rest_route=%2Fwp%2Fv2%2Fcomments&post=32997"}],"wp:featuredmedia":[{"embeddable":true,"href":"https:\/\/tienda.rigelec.com.ar\/index.php?rest_route=\/wp\/v2\/media\/32998"}],"wp:attachment":[{"href":"https:\/\/tienda.rigelec.com.ar\/index.php?rest_route=%2Fwp%2Fv2%2Fmedia&parent=32997"}],"wp:term":[{"taxonomy":"product_brand","embeddable":true,"href":"https:\/\/tienda.rigelec.com.ar\/index.php?rest_route=%2Fwp%2Fv2%2Fproduct_brand&post=32997"},{"taxonomy":"product_cat","embeddable":true,"href":"https:\/\/tienda.rigelec.com.ar\/index.php?rest_route=%2Fwp%2Fv2%2Fproduct_cat&post=32997"},{"taxonomy":"product_tag","embeddable":true,"href":"https:\/\/tienda.rigelec.com.ar\/index.php?rest_route=%2Fwp%2Fv2%2Fproduct_tag&post=32997"}],"curies":[{"name":"wp","href":"https:\/\/api.w.org\/{rel}","templated":true}]}}