{"id":33031,"date":"2025-09-25T13:32:25","date_gmt":"2025-09-25T16:32:25","guid":{"rendered":"https:\/\/tienda.rigelec.com.ar\/?product=grampa-coaxil-negra-sujeta-cables-tv-8-rg6"},"modified":"2026-05-04T04:07:49","modified_gmt":"2026-05-04T07:07:49","slug":"grampa-coaxil-negra-sujeta-cables-tv-8-rg6","status":"publish","type":"product","link":"https:\/\/tienda.rigelec.com.ar\/?product=grampa-coaxil-negra-sujeta-cables-tv-8-rg6","title":{"rendered":"GRAMPA COAXIL NEGRA SUJETA CABLES TV 8 &#8211; RG6"},"content":{"rendered":"<p>GRAMPA COAXIL NEGRA<\/p>\n","protected":false},"excerpt":{"rendered":"<p>Funci\u00f3n: Accesorio de sujeci\u00f3n que permite el montaje sobre superficie de conductores el\u00e9ctricos aislados, de se\u00f1al o de datos, en forma permanente o provisoria sobre materiales en donde el clavo de acero pueda ser clavado. Cuando se est\u00e1 en una obra, se utiliza la grampa para sujetar los cables provisoriamente antes de finalizar la instalaci\u00f3n.<br \/>\nCaracter\u00edsticas t\u00e9cnicas: Su clavo de acero es templado y zincado asegurando resistencia a la oxidaci\u00f3n y reforzando su dureza para evitar deformaciones durante el clavado. Cuerpo pl\u00e1stico construido en polietileno de alta resistencia.<\/p>\n","protected":false},"featured_media":33032,"comment_status":"open","ping_status":"closed","template":"","meta":{"_monsterinsights_skip_tracking":false,"_monsterinsights_sitenote_active":false,"_monsterinsights_sitenote_note":"","_monsterinsights_sitenote_category":0},"product_brand":[],"product_cat":[361],"product_tag":[64],"class_list":{"0":"post-33031","1":"product","2":"type-product","3":"status-publish","4":"has-post-thumbnail","6":"product_cat-f-grampas","7":"product_tag-kalop","9":"first","10":"instock","11":"shipping-taxable","12":"purchasable","13":"product-type-simple"},"yoast_head":"<!-- This site is optimized with the Yoast SEO plugin v25.3.1 - https:\/\/yoast.com\/wordpress\/plugins\/seo\/ -->\n<title>GRAMPA COAXIL NEGRA SUJETA CABLES TV 8 - RG6 - Tienda Rigelec<\/title>\n<meta name=\"robots\" content=\"index, follow, max-snippet:-1, max-image-preview:large, max-video-preview:-1\" \/>\n<link rel=\"canonical\" href=\"https:\/\/tienda.rigelec.com.ar\/?product=grampa-coaxil-negra-sujeta-cables-tv-8-rg6\" \/>\n<meta property=\"og:locale\" content=\"es_ES\" \/>\n<meta property=\"og:type\" content=\"article\" \/>\n<meta property=\"og:title\" content=\"GRAMPA COAXIL NEGRA SUJETA CABLES TV 8 - RG6 - Tienda Rigelec\" \/>\n<meta property=\"og:description\" content=\"Funci\u00f3n: Accesorio de sujeci\u00f3n que permite el montaje sobre superficie de conductores el\u00e9ctricos aislados, de se\u00f1al o de datos, en forma permanente o provisoria sobre materiales en donde el clavo de acero pueda ser clavado. Cuando se est\u00e1 en una obra, se utiliza la grampa para sujetar los cables provisoriamente antes de finalizar la instalaci\u00f3n.  Caracter\u00edsticas t\u00e9cnicas: Su clavo de acero es templado y zincado asegurando resistencia a la oxidaci\u00f3n y reforzando su dureza para evitar deformaciones durante el clavado. Cuerpo pl\u00e1stico construido en polietileno de alta resistencia.\" \/>\n<meta property=\"og:url\" content=\"https:\/\/tienda.rigelec.com.ar\/?product=grampa-coaxil-negra-sujeta-cables-tv-8-rg6\" \/>\n<meta property=\"og:site_name\" content=\"Tienda Rigelec\" \/>\n<meta property=\"article:modified_time\" content=\"2026-05-04T07:07:49+00:00\" \/>\n<meta name=\"twitter:card\" content=\"summary_large_image\" \/>\n<script type=\"application\/ld+json\" class=\"yoast-schema-graph\">{\"@context\":\"https:\/\/schema.org\",\"@graph\":[{\"@type\":\"WebPage\",\"@id\":\"https:\/\/tienda.rigelec.com.ar\/?product=grampa-coaxil-negra-sujeta-cables-tv-8-rg6\",\"url\":\"https:\/\/tienda.rigelec.com.ar\/?product=grampa-coaxil-negra-sujeta-cables-tv-8-rg6\",\"name\":\"GRAMPA COAXIL NEGRA SUJETA CABLES TV 8 - RG6 - Tienda Rigelec\",\"isPartOf\":{\"@id\":\"https:\/\/tienda.rigelec.com.ar\/#website\"},\"primaryImageOfPage\":{\"@id\":\"https:\/\/tienda.rigelec.com.ar\/?product=grampa-coaxil-negra-sujeta-cables-tv-8-rg6#primaryimage\"},\"image\":{\"@id\":\"https:\/\/tienda.rigelec.com.ar\/?product=grampa-coaxil-negra-sujeta-cables-tv-8-rg6#primaryimage\"},\"thumbnailUrl\":\"https:\/\/tienda.rigelec.com.ar\/wp-content\/uploads\/2025\/09\/GRAMPACOAXILNEGRA.jpg\",\"datePublished\":\"2025-09-25T16:32:25+00:00\",\"dateModified\":\"2026-05-04T07:07:49+00:00\",\"breadcrumb\":{\"@id\":\"https:\/\/tienda.rigelec.com.ar\/?product=grampa-coaxil-negra-sujeta-cables-tv-8-rg6#breadcrumb\"},\"inLanguage\":\"es-AR\",\"potentialAction\":[{\"@type\":\"ReadAction\",\"target\":[\"https:\/\/tienda.rigelec.com.ar\/?product=grampa-coaxil-negra-sujeta-cables-tv-8-rg6\"]}]},{\"@type\":\"ImageObject\",\"inLanguage\":\"es-AR\",\"@id\":\"https:\/\/tienda.rigelec.com.ar\/?product=grampa-coaxil-negra-sujeta-cables-tv-8-rg6#primaryimage\",\"url\":\"https:\/\/tienda.rigelec.com.ar\/wp-content\/uploads\/2025\/09\/GRAMPACOAXILNEGRA.jpg\",\"contentUrl\":\"https:\/\/tienda.rigelec.com.ar\/wp-content\/uploads\/2025\/09\/GRAMPACOAXILNEGRA.jpg\",\"width\":1080,\"height\":804},{\"@type\":\"BreadcrumbList\",\"@id\":\"https:\/\/tienda.rigelec.com.ar\/?product=grampa-coaxil-negra-sujeta-cables-tv-8-rg6#breadcrumb\",\"itemListElement\":[{\"@type\":\"ListItem\",\"position\":1,\"name\":\"Inicio\",\"item\":\"https:\/\/tienda.rigelec.com.ar\/\"},{\"@type\":\"ListItem\",\"position\":2,\"name\":\"Shop\",\"item\":\"https:\/\/tienda.rigelec.com.ar\/?page_id=12\"},{\"@type\":\"ListItem\",\"position\":3,\"name\":\"GRAMPA COAXIL NEGRA SUJETA CABLES TV 8 &#8211; RG6\"}]},{\"@type\":\"WebSite\",\"@id\":\"https:\/\/tienda.rigelec.com.ar\/#website\",\"url\":\"https:\/\/tienda.rigelec.com.ar\/\",\"name\":\"Tienda Rigelec\",\"description\":\"Energia en movimiento\",\"publisher\":{\"@id\":\"https:\/\/tienda.rigelec.com.ar\/#organization\"},\"potentialAction\":[{\"@type\":\"SearchAction\",\"target\":{\"@type\":\"EntryPoint\",\"urlTemplate\":\"https:\/\/tienda.rigelec.com.ar\/?s={search_term_string}\"},\"query-input\":{\"@type\":\"PropertyValueSpecification\",\"valueRequired\":true,\"valueName\":\"search_term_string\"}}],\"inLanguage\":\"es-AR\"},{\"@type\":\"Organization\",\"@id\":\"https:\/\/tienda.rigelec.com.ar\/#organization\",\"name\":\"Tienda Rigelec\",\"url\":\"https:\/\/tienda.rigelec.com.ar\/\",\"logo\":{\"@type\":\"ImageObject\",\"inLanguage\":\"es-AR\",\"@id\":\"https:\/\/tienda.rigelec.com.ar\/#\/schema\/logo\/image\/\",\"url\":\"https:\/\/tienda.rigelec.com.ar\/wp-content\/uploads\/2024\/09\/isologo-blanco-rigelec.png\",\"contentUrl\":\"https:\/\/tienda.rigelec.com.ar\/wp-content\/uploads\/2024\/09\/isologo-blanco-rigelec.png\",\"width\":94,\"height\":97,\"caption\":\"Tienda Rigelec\"},\"image\":{\"@id\":\"https:\/\/tienda.rigelec.com.ar\/#\/schema\/logo\/image\/\"}}]}<\/script>\n<!-- \/ Yoast SEO plugin. -->","yoast_head_json":{"title":"GRAMPA COAXIL NEGRA SUJETA CABLES TV 8 - RG6 - Tienda Rigelec","robots":{"index":"index","follow":"follow","max-snippet":"max-snippet:-1","max-image-preview":"max-image-preview:large","max-video-preview":"max-video-preview:-1"},"canonical":"https:\/\/tienda.rigelec.com.ar\/?product=grampa-coaxil-negra-sujeta-cables-tv-8-rg6","og_locale":"es_ES","og_type":"article","og_title":"GRAMPA COAXIL NEGRA SUJETA CABLES TV 8 - RG6 - Tienda Rigelec","og_description":"Funci\u00f3n: Accesorio de sujeci\u00f3n que permite el montaje sobre superficie de conductores el\u00e9ctricos aislados, de se\u00f1al o de datos, en forma permanente o provisoria sobre materiales en donde el clavo de acero pueda ser clavado. Cuando se est\u00e1 en una obra, se utiliza la grampa para sujetar los cables provisoriamente antes de finalizar la instalaci\u00f3n.  Caracter\u00edsticas t\u00e9cnicas: Su clavo de acero es templado y zincado asegurando resistencia a la oxidaci\u00f3n y reforzando su dureza para evitar deformaciones durante el clavado. Cuerpo pl\u00e1stico construido en polietileno de alta resistencia.","og_url":"https:\/\/tienda.rigelec.com.ar\/?product=grampa-coaxil-negra-sujeta-cables-tv-8-rg6","og_site_name":"Tienda Rigelec","article_modified_time":"2026-05-04T07:07:49+00:00","twitter_card":"summary_large_image","schema":{"@context":"https:\/\/schema.org","@graph":[{"@type":"WebPage","@id":"https:\/\/tienda.rigelec.com.ar\/?product=grampa-coaxil-negra-sujeta-cables-tv-8-rg6","url":"https:\/\/tienda.rigelec.com.ar\/?product=grampa-coaxil-negra-sujeta-cables-tv-8-rg6","name":"GRAMPA COAXIL NEGRA SUJETA CABLES TV 8 - RG6 - Tienda Rigelec","isPartOf":{"@id":"https:\/\/tienda.rigelec.com.ar\/#website"},"primaryImageOfPage":{"@id":"https:\/\/tienda.rigelec.com.ar\/?product=grampa-coaxil-negra-sujeta-cables-tv-8-rg6#primaryimage"},"image":{"@id":"https:\/\/tienda.rigelec.com.ar\/?product=grampa-coaxil-negra-sujeta-cables-tv-8-rg6#primaryimage"},"thumbnailUrl":"https:\/\/tienda.rigelec.com.ar\/wp-content\/uploads\/2025\/09\/GRAMPACOAXILNEGRA.jpg","datePublished":"2025-09-25T16:32:25+00:00","dateModified":"2026-05-04T07:07:49+00:00","breadcrumb":{"@id":"https:\/\/tienda.rigelec.com.ar\/?product=grampa-coaxil-negra-sujeta-cables-tv-8-rg6#breadcrumb"},"inLanguage":"es-AR","potentialAction":[{"@type":"ReadAction","target":["https:\/\/tienda.rigelec.com.ar\/?product=grampa-coaxil-negra-sujeta-cables-tv-8-rg6"]}]},{"@type":"ImageObject","inLanguage":"es-AR","@id":"https:\/\/tienda.rigelec.com.ar\/?product=grampa-coaxil-negra-sujeta-cables-tv-8-rg6#primaryimage","url":"https:\/\/tienda.rigelec.com.ar\/wp-content\/uploads\/2025\/09\/GRAMPACOAXILNEGRA.jpg","contentUrl":"https:\/\/tienda.rigelec.com.ar\/wp-content\/uploads\/2025\/09\/GRAMPACOAXILNEGRA.jpg","width":1080,"height":804},{"@type":"BreadcrumbList","@id":"https:\/\/tienda.rigelec.com.ar\/?product=grampa-coaxil-negra-sujeta-cables-tv-8-rg6#breadcrumb","itemListElement":[{"@type":"ListItem","position":1,"name":"Inicio","item":"https:\/\/tienda.rigelec.com.ar\/"},{"@type":"ListItem","position":2,"name":"Shop","item":"https:\/\/tienda.rigelec.com.ar\/?page_id=12"},{"@type":"ListItem","position":3,"name":"GRAMPA COAXIL NEGRA SUJETA CABLES TV 8 &#8211; RG6"}]},{"@type":"WebSite","@id":"https:\/\/tienda.rigelec.com.ar\/#website","url":"https:\/\/tienda.rigelec.com.ar\/","name":"Tienda Rigelec","description":"Energia en movimiento","publisher":{"@id":"https:\/\/tienda.rigelec.com.ar\/#organization"},"potentialAction":[{"@type":"SearchAction","target":{"@type":"EntryPoint","urlTemplate":"https:\/\/tienda.rigelec.com.ar\/?s={search_term_string}"},"query-input":{"@type":"PropertyValueSpecification","valueRequired":true,"valueName":"search_term_string"}}],"inLanguage":"es-AR"},{"@type":"Organization","@id":"https:\/\/tienda.rigelec.com.ar\/#organization","name":"Tienda Rigelec","url":"https:\/\/tienda.rigelec.com.ar\/","logo":{"@type":"ImageObject","inLanguage":"es-AR","@id":"https:\/\/tienda.rigelec.com.ar\/#\/schema\/logo\/image\/","url":"https:\/\/tienda.rigelec.com.ar\/wp-content\/uploads\/2024\/09\/isologo-blanco-rigelec.png","contentUrl":"https:\/\/tienda.rigelec.com.ar\/wp-content\/uploads\/2024\/09\/isologo-blanco-rigelec.png","width":94,"height":97,"caption":"Tienda Rigelec"},"image":{"@id":"https:\/\/tienda.rigelec.com.ar\/#\/schema\/logo\/image\/"}}]}},"jetpack_sharing_enabled":true,"_links":{"self":[{"href":"https:\/\/tienda.rigelec.com.ar\/index.php?rest_route=\/wp\/v2\/product\/33031","targetHints":{"allow":["GET"]}}],"collection":[{"href":"https:\/\/tienda.rigelec.com.ar\/index.php?rest_route=\/wp\/v2\/product"}],"about":[{"href":"https:\/\/tienda.rigelec.com.ar\/index.php?rest_route=\/wp\/v2\/types\/product"}],"replies":[{"embeddable":true,"href":"https:\/\/tienda.rigelec.com.ar\/index.php?rest_route=%2Fwp%2Fv2%2Fcomments&post=33031"}],"wp:featuredmedia":[{"embeddable":true,"href":"https:\/\/tienda.rigelec.com.ar\/index.php?rest_route=\/wp\/v2\/media\/33032"}],"wp:attachment":[{"href":"https:\/\/tienda.rigelec.com.ar\/index.php?rest_route=%2Fwp%2Fv2%2Fmedia&parent=33031"}],"wp:term":[{"taxonomy":"product_brand","embeddable":true,"href":"https:\/\/tienda.rigelec.com.ar\/index.php?rest_route=%2Fwp%2Fv2%2Fproduct_brand&post=33031"},{"taxonomy":"product_cat","embeddable":true,"href":"https:\/\/tienda.rigelec.com.ar\/index.php?rest_route=%2Fwp%2Fv2%2Fproduct_cat&post=33031"},{"taxonomy":"product_tag","embeddable":true,"href":"https:\/\/tienda.rigelec.com.ar\/index.php?rest_route=%2Fwp%2Fv2%2Fproduct_tag&post=33031"}],"curies":[{"name":"wp","href":"https:\/\/api.w.org\/{rel}","templated":true}]}}