{"id":33063,"date":"2025-09-25T13:42:42","date_gmt":"2025-09-25T16:42:42","guid":{"rendered":"https:\/\/tienda.rigelec.com.ar\/?product=base-exterior-toma-computacion-rj45-blanco-superficie-tekna-rj45"},"modified":"2026-05-02T11:28:06","modified_gmt":"2026-05-02T14:28:06","slug":"base-exterior-toma-computacion-rj45-blanco-superficie-tekna-rj45","status":"publish","type":"product","link":"https:\/\/tienda.rigelec.com.ar\/?product=base-exterior-toma-computacion-rj45-blanco-superficie-tekna-rj45","title":{"rendered":"BASE EXTERIOR TOMA COMPUTACI\u00d3N RJ45 BLANCO SUPERFICIE TEKNA RJ45"},"content":{"rendered":"<p>BASE EXTERIOR TOMA COMPUTACI\u00d3N RJ45 BLANCO<\/p>\n","protected":false},"excerpt":{"rendered":"<p>Funci\u00f3n: Este m\u00f3dulo es utilizado para la conexi\u00f3n de equipamiento en redes para transmisi\u00f3n de voz, datos e im\u00e1genes. Su nomenclatura es muy variada: Keystone jacks, toma de telecomunicaci\u00f3n, conector RJ45 o simplemente conector hembra.<br \/>\nCaracter\u00edsticas: La conexi\u00f3n se realiza a trav\u00e9s de interfaz RJ45. Grado de protecci\u00f3n IP20. Orificios internos para la fijaci\u00f3n a la pared o superficie vertical. Troqueles extra\u00edbles para sistema de canalizaci\u00f3n (cablecanal 20 x 10mm).<\/p>\n","protected":false},"featured_media":33064,"comment_status":"open","ping_status":"closed","template":"","meta":{"_monsterinsights_skip_tracking":false,"_monsterinsights_sitenote_active":false,"_monsterinsights_sitenote_note":"","_monsterinsights_sitenote_category":0},"product_brand":[],"product_cat":[326],"product_tag":[64],"class_list":{"0":"post-33063","1":"product","2":"type-product","3":"status-publish","4":"has-post-thumbnail","6":"product_cat-iv-de-senal","7":"product_tag-kalop","9":"first","10":"outofstock","11":"shipping-taxable","12":"purchasable","13":"product-type-simple"},"yoast_head":"<!-- This site is optimized with the Yoast SEO plugin v25.3.1 - https:\/\/yoast.com\/wordpress\/plugins\/seo\/ -->\n<title>BASE EXTERIOR TOMA COMPUTACI\u00d3N RJ45 BLANCO SUPERFICIE TEKNA RJ45 - Tienda Rigelec<\/title>\n<meta name=\"robots\" content=\"index, follow, max-snippet:-1, max-image-preview:large, max-video-preview:-1\" \/>\n<link rel=\"canonical\" href=\"https:\/\/tienda.rigelec.com.ar\/?product=base-exterior-toma-computacion-rj45-blanco-superficie-tekna-rj45\" \/>\n<meta property=\"og:locale\" content=\"es_ES\" \/>\n<meta property=\"og:type\" content=\"article\" \/>\n<meta property=\"og:title\" content=\"BASE EXTERIOR TOMA COMPUTACI\u00d3N RJ45 BLANCO SUPERFICIE TEKNA RJ45 - Tienda Rigelec\" \/>\n<meta property=\"og:description\" content=\"Funci\u00f3n: Este m\u00f3dulo es utilizado para la conexi\u00f3n de equipamiento en redes para transmisi\u00f3n de voz, datos e im\u00e1genes. Su nomenclatura es muy variada: Keystone jacks, toma de telecomunicaci\u00f3n, conector RJ45 o simplemente conector hembra.  Caracter\u00edsticas: La conexi\u00f3n se realiza a trav\u00e9s de interfaz RJ45. Grado de protecci\u00f3n IP20. Orificios internos para la fijaci\u00f3n a la pared o superficie vertical. Troqueles extra\u00edbles para sistema de canalizaci\u00f3n (cablecanal 20 x 10mm).\" \/>\n<meta property=\"og:url\" content=\"https:\/\/tienda.rigelec.com.ar\/?product=base-exterior-toma-computacion-rj45-blanco-superficie-tekna-rj45\" \/>\n<meta property=\"og:site_name\" content=\"Tienda Rigelec\" \/>\n<meta property=\"article:modified_time\" content=\"2026-05-02T14:28:06+00:00\" \/>\n<meta name=\"twitter:card\" content=\"summary_large_image\" \/>\n<script type=\"application\/ld+json\" class=\"yoast-schema-graph\">{\"@context\":\"https:\/\/schema.org\",\"@graph\":[{\"@type\":\"WebPage\",\"@id\":\"https:\/\/tienda.rigelec.com.ar\/?product=base-exterior-toma-computacion-rj45-blanco-superficie-tekna-rj45\",\"url\":\"https:\/\/tienda.rigelec.com.ar\/?product=base-exterior-toma-computacion-rj45-blanco-superficie-tekna-rj45\",\"name\":\"BASE EXTERIOR TOMA COMPUTACI\u00d3N RJ45 BLANCO SUPERFICIE TEKNA RJ45 - Tienda Rigelec\",\"isPartOf\":{\"@id\":\"https:\/\/tienda.rigelec.com.ar\/#website\"},\"primaryImageOfPage\":{\"@id\":\"https:\/\/tienda.rigelec.com.ar\/?product=base-exterior-toma-computacion-rj45-blanco-superficie-tekna-rj45#primaryimage\"},\"image\":{\"@id\":\"https:\/\/tienda.rigelec.com.ar\/?product=base-exterior-toma-computacion-rj45-blanco-superficie-tekna-rj45#primaryimage\"},\"thumbnailUrl\":\"https:\/\/tienda.rigelec.com.ar\/wp-content\/uploads\/2025\/09\/BASEEXTERIORTOMACOMPUTACIONRJ45BLANCO.jpg\",\"datePublished\":\"2025-09-25T16:42:42+00:00\",\"dateModified\":\"2026-05-02T14:28:06+00:00\",\"breadcrumb\":{\"@id\":\"https:\/\/tienda.rigelec.com.ar\/?product=base-exterior-toma-computacion-rj45-blanco-superficie-tekna-rj45#breadcrumb\"},\"inLanguage\":\"es-AR\",\"potentialAction\":[{\"@type\":\"ReadAction\",\"target\":[\"https:\/\/tienda.rigelec.com.ar\/?product=base-exterior-toma-computacion-rj45-blanco-superficie-tekna-rj45\"]}]},{\"@type\":\"ImageObject\",\"inLanguage\":\"es-AR\",\"@id\":\"https:\/\/tienda.rigelec.com.ar\/?product=base-exterior-toma-computacion-rj45-blanco-superficie-tekna-rj45#primaryimage\",\"url\":\"https:\/\/tienda.rigelec.com.ar\/wp-content\/uploads\/2025\/09\/BASEEXTERIORTOMACOMPUTACIONRJ45BLANCO.jpg\",\"contentUrl\":\"https:\/\/tienda.rigelec.com.ar\/wp-content\/uploads\/2025\/09\/BASEEXTERIORTOMACOMPUTACIONRJ45BLANCO.jpg\",\"width\":1080,\"height\":961},{\"@type\":\"BreadcrumbList\",\"@id\":\"https:\/\/tienda.rigelec.com.ar\/?product=base-exterior-toma-computacion-rj45-blanco-superficie-tekna-rj45#breadcrumb\",\"itemListElement\":[{\"@type\":\"ListItem\",\"position\":1,\"name\":\"Inicio\",\"item\":\"https:\/\/tienda.rigelec.com.ar\/\"},{\"@type\":\"ListItem\",\"position\":2,\"name\":\"Shop\",\"item\":\"https:\/\/tienda.rigelec.com.ar\/?page_id=12\"},{\"@type\":\"ListItem\",\"position\":3,\"name\":\"BASE EXTERIOR TOMA COMPUTACI\u00d3N RJ45 BLANCO SUPERFICIE TEKNA RJ45\"}]},{\"@type\":\"WebSite\",\"@id\":\"https:\/\/tienda.rigelec.com.ar\/#website\",\"url\":\"https:\/\/tienda.rigelec.com.ar\/\",\"name\":\"Tienda Rigelec\",\"description\":\"Energia en movimiento\",\"publisher\":{\"@id\":\"https:\/\/tienda.rigelec.com.ar\/#organization\"},\"potentialAction\":[{\"@type\":\"SearchAction\",\"target\":{\"@type\":\"EntryPoint\",\"urlTemplate\":\"https:\/\/tienda.rigelec.com.ar\/?s={search_term_string}\"},\"query-input\":{\"@type\":\"PropertyValueSpecification\",\"valueRequired\":true,\"valueName\":\"search_term_string\"}}],\"inLanguage\":\"es-AR\"},{\"@type\":\"Organization\",\"@id\":\"https:\/\/tienda.rigelec.com.ar\/#organization\",\"name\":\"Tienda Rigelec\",\"url\":\"https:\/\/tienda.rigelec.com.ar\/\",\"logo\":{\"@type\":\"ImageObject\",\"inLanguage\":\"es-AR\",\"@id\":\"https:\/\/tienda.rigelec.com.ar\/#\/schema\/logo\/image\/\",\"url\":\"https:\/\/tienda.rigelec.com.ar\/wp-content\/uploads\/2024\/09\/isologo-blanco-rigelec.png\",\"contentUrl\":\"https:\/\/tienda.rigelec.com.ar\/wp-content\/uploads\/2024\/09\/isologo-blanco-rigelec.png\",\"width\":94,\"height\":97,\"caption\":\"Tienda Rigelec\"},\"image\":{\"@id\":\"https:\/\/tienda.rigelec.com.ar\/#\/schema\/logo\/image\/\"}}]}<\/script>\n<!-- \/ Yoast SEO plugin. -->","yoast_head_json":{"title":"BASE EXTERIOR TOMA COMPUTACI\u00d3N RJ45 BLANCO SUPERFICIE TEKNA RJ45 - Tienda Rigelec","robots":{"index":"index","follow":"follow","max-snippet":"max-snippet:-1","max-image-preview":"max-image-preview:large","max-video-preview":"max-video-preview:-1"},"canonical":"https:\/\/tienda.rigelec.com.ar\/?product=base-exterior-toma-computacion-rj45-blanco-superficie-tekna-rj45","og_locale":"es_ES","og_type":"article","og_title":"BASE EXTERIOR TOMA COMPUTACI\u00d3N RJ45 BLANCO SUPERFICIE TEKNA RJ45 - Tienda Rigelec","og_description":"Funci\u00f3n: Este m\u00f3dulo es utilizado para la conexi\u00f3n de equipamiento en redes para transmisi\u00f3n de voz, datos e im\u00e1genes. Su nomenclatura es muy variada: Keystone jacks, toma de telecomunicaci\u00f3n, conector RJ45 o simplemente conector hembra.  Caracter\u00edsticas: La conexi\u00f3n se realiza a trav\u00e9s de interfaz RJ45. Grado de protecci\u00f3n IP20. Orificios internos para la fijaci\u00f3n a la pared o superficie vertical. Troqueles extra\u00edbles para sistema de canalizaci\u00f3n (cablecanal 20 x 10mm).","og_url":"https:\/\/tienda.rigelec.com.ar\/?product=base-exterior-toma-computacion-rj45-blanco-superficie-tekna-rj45","og_site_name":"Tienda Rigelec","article_modified_time":"2026-05-02T14:28:06+00:00","twitter_card":"summary_large_image","schema":{"@context":"https:\/\/schema.org","@graph":[{"@type":"WebPage","@id":"https:\/\/tienda.rigelec.com.ar\/?product=base-exterior-toma-computacion-rj45-blanco-superficie-tekna-rj45","url":"https:\/\/tienda.rigelec.com.ar\/?product=base-exterior-toma-computacion-rj45-blanco-superficie-tekna-rj45","name":"BASE EXTERIOR TOMA COMPUTACI\u00d3N RJ45 BLANCO SUPERFICIE TEKNA RJ45 - Tienda Rigelec","isPartOf":{"@id":"https:\/\/tienda.rigelec.com.ar\/#website"},"primaryImageOfPage":{"@id":"https:\/\/tienda.rigelec.com.ar\/?product=base-exterior-toma-computacion-rj45-blanco-superficie-tekna-rj45#primaryimage"},"image":{"@id":"https:\/\/tienda.rigelec.com.ar\/?product=base-exterior-toma-computacion-rj45-blanco-superficie-tekna-rj45#primaryimage"},"thumbnailUrl":"https:\/\/tienda.rigelec.com.ar\/wp-content\/uploads\/2025\/09\/BASEEXTERIORTOMACOMPUTACIONRJ45BLANCO.jpg","datePublished":"2025-09-25T16:42:42+00:00","dateModified":"2026-05-02T14:28:06+00:00","breadcrumb":{"@id":"https:\/\/tienda.rigelec.com.ar\/?product=base-exterior-toma-computacion-rj45-blanco-superficie-tekna-rj45#breadcrumb"},"inLanguage":"es-AR","potentialAction":[{"@type":"ReadAction","target":["https:\/\/tienda.rigelec.com.ar\/?product=base-exterior-toma-computacion-rj45-blanco-superficie-tekna-rj45"]}]},{"@type":"ImageObject","inLanguage":"es-AR","@id":"https:\/\/tienda.rigelec.com.ar\/?product=base-exterior-toma-computacion-rj45-blanco-superficie-tekna-rj45#primaryimage","url":"https:\/\/tienda.rigelec.com.ar\/wp-content\/uploads\/2025\/09\/BASEEXTERIORTOMACOMPUTACIONRJ45BLANCO.jpg","contentUrl":"https:\/\/tienda.rigelec.com.ar\/wp-content\/uploads\/2025\/09\/BASEEXTERIORTOMACOMPUTACIONRJ45BLANCO.jpg","width":1080,"height":961},{"@type":"BreadcrumbList","@id":"https:\/\/tienda.rigelec.com.ar\/?product=base-exterior-toma-computacion-rj45-blanco-superficie-tekna-rj45#breadcrumb","itemListElement":[{"@type":"ListItem","position":1,"name":"Inicio","item":"https:\/\/tienda.rigelec.com.ar\/"},{"@type":"ListItem","position":2,"name":"Shop","item":"https:\/\/tienda.rigelec.com.ar\/?page_id=12"},{"@type":"ListItem","position":3,"name":"BASE EXTERIOR TOMA COMPUTACI\u00d3N RJ45 BLANCO SUPERFICIE TEKNA RJ45"}]},{"@type":"WebSite","@id":"https:\/\/tienda.rigelec.com.ar\/#website","url":"https:\/\/tienda.rigelec.com.ar\/","name":"Tienda Rigelec","description":"Energia en movimiento","publisher":{"@id":"https:\/\/tienda.rigelec.com.ar\/#organization"},"potentialAction":[{"@type":"SearchAction","target":{"@type":"EntryPoint","urlTemplate":"https:\/\/tienda.rigelec.com.ar\/?s={search_term_string}"},"query-input":{"@type":"PropertyValueSpecification","valueRequired":true,"valueName":"search_term_string"}}],"inLanguage":"es-AR"},{"@type":"Organization","@id":"https:\/\/tienda.rigelec.com.ar\/#organization","name":"Tienda Rigelec","url":"https:\/\/tienda.rigelec.com.ar\/","logo":{"@type":"ImageObject","inLanguage":"es-AR","@id":"https:\/\/tienda.rigelec.com.ar\/#\/schema\/logo\/image\/","url":"https:\/\/tienda.rigelec.com.ar\/wp-content\/uploads\/2024\/09\/isologo-blanco-rigelec.png","contentUrl":"https:\/\/tienda.rigelec.com.ar\/wp-content\/uploads\/2024\/09\/isologo-blanco-rigelec.png","width":94,"height":97,"caption":"Tienda Rigelec"},"image":{"@id":"https:\/\/tienda.rigelec.com.ar\/#\/schema\/logo\/image\/"}}]}},"jetpack_sharing_enabled":true,"_links":{"self":[{"href":"https:\/\/tienda.rigelec.com.ar\/index.php?rest_route=\/wp\/v2\/product\/33063","targetHints":{"allow":["GET"]}}],"collection":[{"href":"https:\/\/tienda.rigelec.com.ar\/index.php?rest_route=\/wp\/v2\/product"}],"about":[{"href":"https:\/\/tienda.rigelec.com.ar\/index.php?rest_route=\/wp\/v2\/types\/product"}],"replies":[{"embeddable":true,"href":"https:\/\/tienda.rigelec.com.ar\/index.php?rest_route=%2Fwp%2Fv2%2Fcomments&post=33063"}],"wp:featuredmedia":[{"embeddable":true,"href":"https:\/\/tienda.rigelec.com.ar\/index.php?rest_route=\/wp\/v2\/media\/33064"}],"wp:attachment":[{"href":"https:\/\/tienda.rigelec.com.ar\/index.php?rest_route=%2Fwp%2Fv2%2Fmedia&parent=33063"}],"wp:term":[{"taxonomy":"product_brand","embeddable":true,"href":"https:\/\/tienda.rigelec.com.ar\/index.php?rest_route=%2Fwp%2Fv2%2Fproduct_brand&post=33063"},{"taxonomy":"product_cat","embeddable":true,"href":"https:\/\/tienda.rigelec.com.ar\/index.php?rest_route=%2Fwp%2Fv2%2Fproduct_cat&post=33063"},{"taxonomy":"product_tag","embeddable":true,"href":"https:\/\/tienda.rigelec.com.ar\/index.php?rest_route=%2Fwp%2Fv2%2Fproduct_tag&post=33063"}],"curies":[{"name":"wp","href":"https:\/\/api.w.org\/{rel}","templated":true}]}}