{"id":33277,"date":"2025-09-25T14:58:35","date_gmt":"2025-09-25T17:58:35","guid":{"rendered":"https:\/\/tienda.rigelec.com.ar\/?product=acople-recto-para-cable-canal-blanco-linea-cable-canal-20x10mm"},"modified":"2026-04-30T19:55:29","modified_gmt":"2026-04-30T22:55:29","slug":"acople-recto-para-cable-canal-blanco-linea-cable-canal-20x10mm","status":"publish","type":"product","link":"https:\/\/tienda.rigelec.com.ar\/?product=acople-recto-para-cable-canal-blanco-linea-cable-canal-20x10mm","title":{"rendered":"ACOPLE RECTO PARA CABLE CANAL BLANCO LINEA CABLE CANAL 20X10MM"},"content":{"rendered":"<p>ACOPLE RECTO PARA CABLE CANAL BLANCO<\/p>\n","protected":false},"excerpt":{"rendered":"<p>Sistema de canalizaci\u00f3n para instalaciones el\u00e9ctricas, de se\u00f1al o de datos.<\/p>\n","protected":false},"featured_media":33278,"comment_status":"open","ping_status":"closed","template":"","meta":{"_monsterinsights_skip_tracking":false,"_monsterinsights_sitenote_active":false,"_monsterinsights_sitenote_note":"","_monsterinsights_sitenote_category":0},"product_brand":[],"product_cat":[388],"product_tag":[64],"class_list":{"0":"post-33277","1":"product","2":"type-product","3":"status-publish","4":"has-post-thumbnail","6":"product_cat-vi-accesorios","7":"product_tag-kalop","9":"first","10":"instock","11":"shipping-taxable","12":"purchasable","13":"product-type-simple"},"yoast_head":"<!-- This site is optimized with the Yoast SEO plugin v25.3.1 - https:\/\/yoast.com\/wordpress\/plugins\/seo\/ -->\n<title>ACOPLE RECTO PARA CABLE CANAL BLANCO LINEA CABLE CANAL 20X10MM - Tienda Rigelec<\/title>\n<meta name=\"robots\" content=\"index, follow, max-snippet:-1, max-image-preview:large, max-video-preview:-1\" \/>\n<link rel=\"canonical\" href=\"https:\/\/tienda.rigelec.com.ar\/?product=acople-recto-para-cable-canal-blanco-linea-cable-canal-20x10mm\" \/>\n<meta property=\"og:locale\" content=\"es_ES\" \/>\n<meta property=\"og:type\" content=\"article\" \/>\n<meta property=\"og:title\" content=\"ACOPLE RECTO PARA CABLE CANAL BLANCO LINEA CABLE CANAL 20X10MM - Tienda Rigelec\" \/>\n<meta property=\"og:description\" content=\"Sistema de canalizaci\u00f3n para instalaciones el\u00e9ctricas, de se\u00f1al o de datos.\" \/>\n<meta property=\"og:url\" content=\"https:\/\/tienda.rigelec.com.ar\/?product=acople-recto-para-cable-canal-blanco-linea-cable-canal-20x10mm\" \/>\n<meta property=\"og:site_name\" content=\"Tienda Rigelec\" \/>\n<meta property=\"article:modified_time\" content=\"2026-04-30T22:55:29+00:00\" \/>\n<meta name=\"twitter:card\" content=\"summary_large_image\" \/>\n<script type=\"application\/ld+json\" class=\"yoast-schema-graph\">{\"@context\":\"https:\/\/schema.org\",\"@graph\":[{\"@type\":\"WebPage\",\"@id\":\"https:\/\/tienda.rigelec.com.ar\/?product=acople-recto-para-cable-canal-blanco-linea-cable-canal-20x10mm\",\"url\":\"https:\/\/tienda.rigelec.com.ar\/?product=acople-recto-para-cable-canal-blanco-linea-cable-canal-20x10mm\",\"name\":\"ACOPLE RECTO PARA CABLE CANAL BLANCO LINEA CABLE CANAL 20X10MM - Tienda Rigelec\",\"isPartOf\":{\"@id\":\"https:\/\/tienda.rigelec.com.ar\/#website\"},\"primaryImageOfPage\":{\"@id\":\"https:\/\/tienda.rigelec.com.ar\/?product=acople-recto-para-cable-canal-blanco-linea-cable-canal-20x10mm#primaryimage\"},\"image\":{\"@id\":\"https:\/\/tienda.rigelec.com.ar\/?product=acople-recto-para-cable-canal-blanco-linea-cable-canal-20x10mm#primaryimage\"},\"thumbnailUrl\":\"https:\/\/tienda.rigelec.com.ar\/wp-content\/uploads\/2025\/09\/ACOPLERECTOPARACABLECANALBLANCO.jpg\",\"datePublished\":\"2025-09-25T17:58:35+00:00\",\"dateModified\":\"2026-04-30T22:55:29+00:00\",\"breadcrumb\":{\"@id\":\"https:\/\/tienda.rigelec.com.ar\/?product=acople-recto-para-cable-canal-blanco-linea-cable-canal-20x10mm#breadcrumb\"},\"inLanguage\":\"es-AR\",\"potentialAction\":[{\"@type\":\"ReadAction\",\"target\":[\"https:\/\/tienda.rigelec.com.ar\/?product=acople-recto-para-cable-canal-blanco-linea-cable-canal-20x10mm\"]}]},{\"@type\":\"ImageObject\",\"inLanguage\":\"es-AR\",\"@id\":\"https:\/\/tienda.rigelec.com.ar\/?product=acople-recto-para-cable-canal-blanco-linea-cable-canal-20x10mm#primaryimage\",\"url\":\"https:\/\/tienda.rigelec.com.ar\/wp-content\/uploads\/2025\/09\/ACOPLERECTOPARACABLECANALBLANCO.jpg\",\"contentUrl\":\"https:\/\/tienda.rigelec.com.ar\/wp-content\/uploads\/2025\/09\/ACOPLERECTOPARACABLECANALBLANCO.jpg\",\"width\":1080,\"height\":804},{\"@type\":\"BreadcrumbList\",\"@id\":\"https:\/\/tienda.rigelec.com.ar\/?product=acople-recto-para-cable-canal-blanco-linea-cable-canal-20x10mm#breadcrumb\",\"itemListElement\":[{\"@type\":\"ListItem\",\"position\":1,\"name\":\"Inicio\",\"item\":\"https:\/\/tienda.rigelec.com.ar\/\"},{\"@type\":\"ListItem\",\"position\":2,\"name\":\"Shop\",\"item\":\"https:\/\/tienda.rigelec.com.ar\/?page_id=12\"},{\"@type\":\"ListItem\",\"position\":3,\"name\":\"ACOPLE RECTO PARA CABLE CANAL BLANCO LINEA CABLE CANAL 20X10MM\"}]},{\"@type\":\"WebSite\",\"@id\":\"https:\/\/tienda.rigelec.com.ar\/#website\",\"url\":\"https:\/\/tienda.rigelec.com.ar\/\",\"name\":\"Tienda Rigelec\",\"description\":\"Energia en movimiento\",\"publisher\":{\"@id\":\"https:\/\/tienda.rigelec.com.ar\/#organization\"},\"potentialAction\":[{\"@type\":\"SearchAction\",\"target\":{\"@type\":\"EntryPoint\",\"urlTemplate\":\"https:\/\/tienda.rigelec.com.ar\/?s={search_term_string}\"},\"query-input\":{\"@type\":\"PropertyValueSpecification\",\"valueRequired\":true,\"valueName\":\"search_term_string\"}}],\"inLanguage\":\"es-AR\"},{\"@type\":\"Organization\",\"@id\":\"https:\/\/tienda.rigelec.com.ar\/#organization\",\"name\":\"Tienda Rigelec\",\"url\":\"https:\/\/tienda.rigelec.com.ar\/\",\"logo\":{\"@type\":\"ImageObject\",\"inLanguage\":\"es-AR\",\"@id\":\"https:\/\/tienda.rigelec.com.ar\/#\/schema\/logo\/image\/\",\"url\":\"https:\/\/tienda.rigelec.com.ar\/wp-content\/uploads\/2024\/09\/isologo-blanco-rigelec.png\",\"contentUrl\":\"https:\/\/tienda.rigelec.com.ar\/wp-content\/uploads\/2024\/09\/isologo-blanco-rigelec.png\",\"width\":94,\"height\":97,\"caption\":\"Tienda Rigelec\"},\"image\":{\"@id\":\"https:\/\/tienda.rigelec.com.ar\/#\/schema\/logo\/image\/\"}}]}<\/script>\n<!-- \/ Yoast SEO plugin. -->","yoast_head_json":{"title":"ACOPLE RECTO PARA CABLE CANAL BLANCO LINEA CABLE CANAL 20X10MM - Tienda Rigelec","robots":{"index":"index","follow":"follow","max-snippet":"max-snippet:-1","max-image-preview":"max-image-preview:large","max-video-preview":"max-video-preview:-1"},"canonical":"https:\/\/tienda.rigelec.com.ar\/?product=acople-recto-para-cable-canal-blanco-linea-cable-canal-20x10mm","og_locale":"es_ES","og_type":"article","og_title":"ACOPLE RECTO PARA CABLE CANAL BLANCO LINEA CABLE CANAL 20X10MM - Tienda Rigelec","og_description":"Sistema de canalizaci\u00f3n para instalaciones el\u00e9ctricas, de se\u00f1al o de datos.","og_url":"https:\/\/tienda.rigelec.com.ar\/?product=acople-recto-para-cable-canal-blanco-linea-cable-canal-20x10mm","og_site_name":"Tienda Rigelec","article_modified_time":"2026-04-30T22:55:29+00:00","twitter_card":"summary_large_image","schema":{"@context":"https:\/\/schema.org","@graph":[{"@type":"WebPage","@id":"https:\/\/tienda.rigelec.com.ar\/?product=acople-recto-para-cable-canal-blanco-linea-cable-canal-20x10mm","url":"https:\/\/tienda.rigelec.com.ar\/?product=acople-recto-para-cable-canal-blanco-linea-cable-canal-20x10mm","name":"ACOPLE RECTO PARA CABLE CANAL BLANCO LINEA CABLE CANAL 20X10MM - Tienda Rigelec","isPartOf":{"@id":"https:\/\/tienda.rigelec.com.ar\/#website"},"primaryImageOfPage":{"@id":"https:\/\/tienda.rigelec.com.ar\/?product=acople-recto-para-cable-canal-blanco-linea-cable-canal-20x10mm#primaryimage"},"image":{"@id":"https:\/\/tienda.rigelec.com.ar\/?product=acople-recto-para-cable-canal-blanco-linea-cable-canal-20x10mm#primaryimage"},"thumbnailUrl":"https:\/\/tienda.rigelec.com.ar\/wp-content\/uploads\/2025\/09\/ACOPLERECTOPARACABLECANALBLANCO.jpg","datePublished":"2025-09-25T17:58:35+00:00","dateModified":"2026-04-30T22:55:29+00:00","breadcrumb":{"@id":"https:\/\/tienda.rigelec.com.ar\/?product=acople-recto-para-cable-canal-blanco-linea-cable-canal-20x10mm#breadcrumb"},"inLanguage":"es-AR","potentialAction":[{"@type":"ReadAction","target":["https:\/\/tienda.rigelec.com.ar\/?product=acople-recto-para-cable-canal-blanco-linea-cable-canal-20x10mm"]}]},{"@type":"ImageObject","inLanguage":"es-AR","@id":"https:\/\/tienda.rigelec.com.ar\/?product=acople-recto-para-cable-canal-blanco-linea-cable-canal-20x10mm#primaryimage","url":"https:\/\/tienda.rigelec.com.ar\/wp-content\/uploads\/2025\/09\/ACOPLERECTOPARACABLECANALBLANCO.jpg","contentUrl":"https:\/\/tienda.rigelec.com.ar\/wp-content\/uploads\/2025\/09\/ACOPLERECTOPARACABLECANALBLANCO.jpg","width":1080,"height":804},{"@type":"BreadcrumbList","@id":"https:\/\/tienda.rigelec.com.ar\/?product=acople-recto-para-cable-canal-blanco-linea-cable-canal-20x10mm#breadcrumb","itemListElement":[{"@type":"ListItem","position":1,"name":"Inicio","item":"https:\/\/tienda.rigelec.com.ar\/"},{"@type":"ListItem","position":2,"name":"Shop","item":"https:\/\/tienda.rigelec.com.ar\/?page_id=12"},{"@type":"ListItem","position":3,"name":"ACOPLE RECTO PARA CABLE CANAL BLANCO LINEA CABLE CANAL 20X10MM"}]},{"@type":"WebSite","@id":"https:\/\/tienda.rigelec.com.ar\/#website","url":"https:\/\/tienda.rigelec.com.ar\/","name":"Tienda Rigelec","description":"Energia en movimiento","publisher":{"@id":"https:\/\/tienda.rigelec.com.ar\/#organization"},"potentialAction":[{"@type":"SearchAction","target":{"@type":"EntryPoint","urlTemplate":"https:\/\/tienda.rigelec.com.ar\/?s={search_term_string}"},"query-input":{"@type":"PropertyValueSpecification","valueRequired":true,"valueName":"search_term_string"}}],"inLanguage":"es-AR"},{"@type":"Organization","@id":"https:\/\/tienda.rigelec.com.ar\/#organization","name":"Tienda Rigelec","url":"https:\/\/tienda.rigelec.com.ar\/","logo":{"@type":"ImageObject","inLanguage":"es-AR","@id":"https:\/\/tienda.rigelec.com.ar\/#\/schema\/logo\/image\/","url":"https:\/\/tienda.rigelec.com.ar\/wp-content\/uploads\/2024\/09\/isologo-blanco-rigelec.png","contentUrl":"https:\/\/tienda.rigelec.com.ar\/wp-content\/uploads\/2024\/09\/isologo-blanco-rigelec.png","width":94,"height":97,"caption":"Tienda Rigelec"},"image":{"@id":"https:\/\/tienda.rigelec.com.ar\/#\/schema\/logo\/image\/"}}]}},"jetpack_sharing_enabled":true,"_links":{"self":[{"href":"https:\/\/tienda.rigelec.com.ar\/index.php?rest_route=\/wp\/v2\/product\/33277","targetHints":{"allow":["GET"]}}],"collection":[{"href":"https:\/\/tienda.rigelec.com.ar\/index.php?rest_route=\/wp\/v2\/product"}],"about":[{"href":"https:\/\/tienda.rigelec.com.ar\/index.php?rest_route=\/wp\/v2\/types\/product"}],"replies":[{"embeddable":true,"href":"https:\/\/tienda.rigelec.com.ar\/index.php?rest_route=%2Fwp%2Fv2%2Fcomments&post=33277"}],"wp:featuredmedia":[{"embeddable":true,"href":"https:\/\/tienda.rigelec.com.ar\/index.php?rest_route=\/wp\/v2\/media\/33278"}],"wp:attachment":[{"href":"https:\/\/tienda.rigelec.com.ar\/index.php?rest_route=%2Fwp%2Fv2%2Fmedia&parent=33277"}],"wp:term":[{"taxonomy":"product_brand","embeddable":true,"href":"https:\/\/tienda.rigelec.com.ar\/index.php?rest_route=%2Fwp%2Fv2%2Fproduct_brand&post=33277"},{"taxonomy":"product_cat","embeddable":true,"href":"https:\/\/tienda.rigelec.com.ar\/index.php?rest_route=%2Fwp%2Fv2%2Fproduct_cat&post=33277"},{"taxonomy":"product_tag","embeddable":true,"href":"https:\/\/tienda.rigelec.com.ar\/index.php?rest_route=%2Fwp%2Fv2%2Fproduct_tag&post=33277"}],"curies":[{"name":"wp","href":"https:\/\/api.w.org\/{rel}","templated":true}]}}