{"id":33409,"date":"2025-09-25T17:32:46","date_gmt":"2025-09-25T20:32:46","guid":{"rendered":"https:\/\/tienda.rigelec.com.ar\/?product=modulo-cruzamiento-negro-sistema-modular-interruptores-10-16a-250v"},"modified":"2026-05-04T07:13:09","modified_gmt":"2026-05-04T10:13:09","slug":"modulo-cruzamiento-negro-sistema-modular-interruptores-10-16a-250v","status":"publish","type":"product","link":"https:\/\/tienda.rigelec.com.ar\/?product=modulo-cruzamiento-negro-sistema-modular-interruptores-10-16a-250v","title":{"rendered":"MODULO CRUZAMIENTO NEGRO SISTEMA MODULAR &#8211; INTERRUPTORES 10 &#8211; 16A &#8211; 250V"},"content":{"rendered":"<p>MODULO CRUZAMIENTO NEGRO<\/p>\n","protected":false},"excerpt":{"rendered":"<p>Permite comandar luminarias desde dos lugares logrando la interrupci\u00f3n de ambos polos (fase y neutro) en forma simult\u00e1nea. Este modelo de interruptor nos permite transformarlo en uno del tipo 4 v\u00edas o m\u00faltiples combinaciones, adicion\u00e1ndole un puente externo de conexi\u00f3n entre extremos de los bornes. En este \u00faltimo caso combinado en el mismo circuito con dos interruptores de combinaci\u00f3n unipolar podemos comandar circuitos de iluminaci\u00f3n desde varios lugares. Caracter\u00edsticas t\u00e9cnicas: Dimensiones: 1 m\u00f3dulo. Conexi\u00f3n con conductores de hasta 1.50mm\u00b2. 10A &#8211; 250V~. Contactos con aleaci\u00f3n de plata tanto en el contacto m\u00f3vil como en el lateral, permiten una \u00f3ptima resistencia al arco el\u00e9ctrico, reduciendo la temperatura y aumentado la performance durante las maniobras bajo carga. Fabricado e inyectado con termopl\u00e1sticos ign\u00edfugos, no propagantes de llama a 850\u00b0C seg\u00fan norma IEC 60695-2-1.<\/p>\n","protected":false},"featured_media":33410,"comment_status":"open","ping_status":"closed","template":"","meta":{"_monsterinsights_skip_tracking":false,"_monsterinsights_sitenote_active":false,"_monsterinsights_sitenote_note":"","_monsterinsights_sitenote_category":0},"product_brand":[],"product_cat":[196],"product_tag":[64],"class_list":{"0":"post-33409","1":"product","2":"type-product","3":"status-publish","4":"has-post-thumbnail","6":"product_cat-1-interruptores","7":"product_tag-kalop","9":"first","10":"instock","11":"shipping-taxable","12":"purchasable","13":"product-type-simple"},"yoast_head":"<!-- This site is optimized with the Yoast SEO plugin v25.3.1 - https:\/\/yoast.com\/wordpress\/plugins\/seo\/ -->\n<title>MODULO CRUZAMIENTO NEGRO SISTEMA MODULAR - INTERRUPTORES 10 - 16A - 250V - Tienda Rigelec<\/title>\n<meta name=\"robots\" content=\"index, follow, max-snippet:-1, max-image-preview:large, max-video-preview:-1\" \/>\n<link rel=\"canonical\" href=\"https:\/\/tienda.rigelec.com.ar\/?product=modulo-cruzamiento-negro-sistema-modular-interruptores-10-16a-250v\" \/>\n<meta property=\"og:locale\" content=\"es_ES\" \/>\n<meta property=\"og:type\" content=\"article\" \/>\n<meta property=\"og:title\" content=\"MODULO CRUZAMIENTO NEGRO SISTEMA MODULAR - INTERRUPTORES 10 - 16A - 250V - Tienda Rigelec\" \/>\n<meta property=\"og:description\" content=\"Permite comandar luminarias desde dos lugares logrando la interrupci\u00f3n de ambos polos (fase y neutro) en forma simult\u00e1nea. Este modelo de interruptor nos permite transformarlo en uno del tipo 4 v\u00edas o m\u00faltiples combinaciones, adicion\u00e1ndole un puente externo de conexi\u00f3n entre extremos de los bornes. En este \u00faltimo caso combinado en el mismo circuito con dos interruptores de combinaci\u00f3n unipolar podemos comandar circuitos de iluminaci\u00f3n desde varios lugares. Caracter\u00edsticas t\u00e9cnicas: Dimensiones: 1 m\u00f3dulo. Conexi\u00f3n con conductores de hasta 1.50mm\u00b2. 10A - 250V~. Contactos con aleaci\u00f3n de plata tanto en el contacto m\u00f3vil como en el lateral, permiten una \u00f3ptima resistencia al arco el\u00e9ctrico, reduciendo la temperatura y aumentado la performance durante las maniobras bajo carga. Fabricado e inyectado con termopl\u00e1sticos ign\u00edfugos, no propagantes de llama a 850\u00b0C seg\u00fan norma IEC 60695-2-1.\" \/>\n<meta property=\"og:url\" content=\"https:\/\/tienda.rigelec.com.ar\/?product=modulo-cruzamiento-negro-sistema-modular-interruptores-10-16a-250v\" \/>\n<meta property=\"og:site_name\" content=\"Tienda Rigelec\" \/>\n<meta property=\"article:modified_time\" content=\"2026-05-04T10:13:09+00:00\" \/>\n<meta name=\"twitter:card\" content=\"summary_large_image\" \/>\n<script type=\"application\/ld+json\" class=\"yoast-schema-graph\">{\"@context\":\"https:\/\/schema.org\",\"@graph\":[{\"@type\":\"WebPage\",\"@id\":\"https:\/\/tienda.rigelec.com.ar\/?product=modulo-cruzamiento-negro-sistema-modular-interruptores-10-16a-250v\",\"url\":\"https:\/\/tienda.rigelec.com.ar\/?product=modulo-cruzamiento-negro-sistema-modular-interruptores-10-16a-250v\",\"name\":\"MODULO CRUZAMIENTO NEGRO SISTEMA MODULAR - INTERRUPTORES 10 - 16A - 250V - Tienda Rigelec\",\"isPartOf\":{\"@id\":\"https:\/\/tienda.rigelec.com.ar\/#website\"},\"primaryImageOfPage\":{\"@id\":\"https:\/\/tienda.rigelec.com.ar\/?product=modulo-cruzamiento-negro-sistema-modular-interruptores-10-16a-250v#primaryimage\"},\"image\":{\"@id\":\"https:\/\/tienda.rigelec.com.ar\/?product=modulo-cruzamiento-negro-sistema-modular-interruptores-10-16a-250v#primaryimage\"},\"thumbnailUrl\":\"https:\/\/tienda.rigelec.com.ar\/wp-content\/uploads\/2025\/09\/MODULOCRUZAMIENTONEGRO.jpg\",\"datePublished\":\"2025-09-25T20:32:46+00:00\",\"dateModified\":\"2026-05-04T10:13:09+00:00\",\"breadcrumb\":{\"@id\":\"https:\/\/tienda.rigelec.com.ar\/?product=modulo-cruzamiento-negro-sistema-modular-interruptores-10-16a-250v#breadcrumb\"},\"inLanguage\":\"es-AR\",\"potentialAction\":[{\"@type\":\"ReadAction\",\"target\":[\"https:\/\/tienda.rigelec.com.ar\/?product=modulo-cruzamiento-negro-sistema-modular-interruptores-10-16a-250v\"]}]},{\"@type\":\"ImageObject\",\"inLanguage\":\"es-AR\",\"@id\":\"https:\/\/tienda.rigelec.com.ar\/?product=modulo-cruzamiento-negro-sistema-modular-interruptores-10-16a-250v#primaryimage\",\"url\":\"https:\/\/tienda.rigelec.com.ar\/wp-content\/uploads\/2025\/09\/MODULOCRUZAMIENTONEGRO.jpg\",\"contentUrl\":\"https:\/\/tienda.rigelec.com.ar\/wp-content\/uploads\/2025\/09\/MODULOCRUZAMIENTONEGRO.jpg\",\"width\":500,\"height\":446},{\"@type\":\"BreadcrumbList\",\"@id\":\"https:\/\/tienda.rigelec.com.ar\/?product=modulo-cruzamiento-negro-sistema-modular-interruptores-10-16a-250v#breadcrumb\",\"itemListElement\":[{\"@type\":\"ListItem\",\"position\":1,\"name\":\"Inicio\",\"item\":\"https:\/\/tienda.rigelec.com.ar\/\"},{\"@type\":\"ListItem\",\"position\":2,\"name\":\"Shop\",\"item\":\"https:\/\/tienda.rigelec.com.ar\/?page_id=12\"},{\"@type\":\"ListItem\",\"position\":3,\"name\":\"MODULO CRUZAMIENTO NEGRO SISTEMA MODULAR &#8211; INTERRUPTORES 10 &#8211; 16A &#8211; 250V\"}]},{\"@type\":\"WebSite\",\"@id\":\"https:\/\/tienda.rigelec.com.ar\/#website\",\"url\":\"https:\/\/tienda.rigelec.com.ar\/\",\"name\":\"Tienda Rigelec\",\"description\":\"Energia en movimiento\",\"publisher\":{\"@id\":\"https:\/\/tienda.rigelec.com.ar\/#organization\"},\"potentialAction\":[{\"@type\":\"SearchAction\",\"target\":{\"@type\":\"EntryPoint\",\"urlTemplate\":\"https:\/\/tienda.rigelec.com.ar\/?s={search_term_string}\"},\"query-input\":{\"@type\":\"PropertyValueSpecification\",\"valueRequired\":true,\"valueName\":\"search_term_string\"}}],\"inLanguage\":\"es-AR\"},{\"@type\":\"Organization\",\"@id\":\"https:\/\/tienda.rigelec.com.ar\/#organization\",\"name\":\"Tienda Rigelec\",\"url\":\"https:\/\/tienda.rigelec.com.ar\/\",\"logo\":{\"@type\":\"ImageObject\",\"inLanguage\":\"es-AR\",\"@id\":\"https:\/\/tienda.rigelec.com.ar\/#\/schema\/logo\/image\/\",\"url\":\"https:\/\/tienda.rigelec.com.ar\/wp-content\/uploads\/2024\/09\/isologo-blanco-rigelec.png\",\"contentUrl\":\"https:\/\/tienda.rigelec.com.ar\/wp-content\/uploads\/2024\/09\/isologo-blanco-rigelec.png\",\"width\":94,\"height\":97,\"caption\":\"Tienda Rigelec\"},\"image\":{\"@id\":\"https:\/\/tienda.rigelec.com.ar\/#\/schema\/logo\/image\/\"}}]}<\/script>\n<!-- \/ Yoast SEO plugin. -->","yoast_head_json":{"title":"MODULO CRUZAMIENTO NEGRO SISTEMA MODULAR - INTERRUPTORES 10 - 16A - 250V - Tienda Rigelec","robots":{"index":"index","follow":"follow","max-snippet":"max-snippet:-1","max-image-preview":"max-image-preview:large","max-video-preview":"max-video-preview:-1"},"canonical":"https:\/\/tienda.rigelec.com.ar\/?product=modulo-cruzamiento-negro-sistema-modular-interruptores-10-16a-250v","og_locale":"es_ES","og_type":"article","og_title":"MODULO CRUZAMIENTO NEGRO SISTEMA MODULAR - INTERRUPTORES 10 - 16A - 250V - Tienda Rigelec","og_description":"Permite comandar luminarias desde dos lugares logrando la interrupci\u00f3n de ambos polos (fase y neutro) en forma simult\u00e1nea. Este modelo de interruptor nos permite transformarlo en uno del tipo 4 v\u00edas o m\u00faltiples combinaciones, adicion\u00e1ndole un puente externo de conexi\u00f3n entre extremos de los bornes. En este \u00faltimo caso combinado en el mismo circuito con dos interruptores de combinaci\u00f3n unipolar podemos comandar circuitos de iluminaci\u00f3n desde varios lugares. Caracter\u00edsticas t\u00e9cnicas: Dimensiones: 1 m\u00f3dulo. Conexi\u00f3n con conductores de hasta 1.50mm\u00b2. 10A - 250V~. Contactos con aleaci\u00f3n de plata tanto en el contacto m\u00f3vil como en el lateral, permiten una \u00f3ptima resistencia al arco el\u00e9ctrico, reduciendo la temperatura y aumentado la performance durante las maniobras bajo carga. Fabricado e inyectado con termopl\u00e1sticos ign\u00edfugos, no propagantes de llama a 850\u00b0C seg\u00fan norma IEC 60695-2-1.","og_url":"https:\/\/tienda.rigelec.com.ar\/?product=modulo-cruzamiento-negro-sistema-modular-interruptores-10-16a-250v","og_site_name":"Tienda Rigelec","article_modified_time":"2026-05-04T10:13:09+00:00","twitter_card":"summary_large_image","schema":{"@context":"https:\/\/schema.org","@graph":[{"@type":"WebPage","@id":"https:\/\/tienda.rigelec.com.ar\/?product=modulo-cruzamiento-negro-sistema-modular-interruptores-10-16a-250v","url":"https:\/\/tienda.rigelec.com.ar\/?product=modulo-cruzamiento-negro-sistema-modular-interruptores-10-16a-250v","name":"MODULO CRUZAMIENTO NEGRO SISTEMA MODULAR - INTERRUPTORES 10 - 16A - 250V - Tienda Rigelec","isPartOf":{"@id":"https:\/\/tienda.rigelec.com.ar\/#website"},"primaryImageOfPage":{"@id":"https:\/\/tienda.rigelec.com.ar\/?product=modulo-cruzamiento-negro-sistema-modular-interruptores-10-16a-250v#primaryimage"},"image":{"@id":"https:\/\/tienda.rigelec.com.ar\/?product=modulo-cruzamiento-negro-sistema-modular-interruptores-10-16a-250v#primaryimage"},"thumbnailUrl":"https:\/\/tienda.rigelec.com.ar\/wp-content\/uploads\/2025\/09\/MODULOCRUZAMIENTONEGRO.jpg","datePublished":"2025-09-25T20:32:46+00:00","dateModified":"2026-05-04T10:13:09+00:00","breadcrumb":{"@id":"https:\/\/tienda.rigelec.com.ar\/?product=modulo-cruzamiento-negro-sistema-modular-interruptores-10-16a-250v#breadcrumb"},"inLanguage":"es-AR","potentialAction":[{"@type":"ReadAction","target":["https:\/\/tienda.rigelec.com.ar\/?product=modulo-cruzamiento-negro-sistema-modular-interruptores-10-16a-250v"]}]},{"@type":"ImageObject","inLanguage":"es-AR","@id":"https:\/\/tienda.rigelec.com.ar\/?product=modulo-cruzamiento-negro-sistema-modular-interruptores-10-16a-250v#primaryimage","url":"https:\/\/tienda.rigelec.com.ar\/wp-content\/uploads\/2025\/09\/MODULOCRUZAMIENTONEGRO.jpg","contentUrl":"https:\/\/tienda.rigelec.com.ar\/wp-content\/uploads\/2025\/09\/MODULOCRUZAMIENTONEGRO.jpg","width":500,"height":446},{"@type":"BreadcrumbList","@id":"https:\/\/tienda.rigelec.com.ar\/?product=modulo-cruzamiento-negro-sistema-modular-interruptores-10-16a-250v#breadcrumb","itemListElement":[{"@type":"ListItem","position":1,"name":"Inicio","item":"https:\/\/tienda.rigelec.com.ar\/"},{"@type":"ListItem","position":2,"name":"Shop","item":"https:\/\/tienda.rigelec.com.ar\/?page_id=12"},{"@type":"ListItem","position":3,"name":"MODULO CRUZAMIENTO NEGRO SISTEMA MODULAR &#8211; INTERRUPTORES 10 &#8211; 16A &#8211; 250V"}]},{"@type":"WebSite","@id":"https:\/\/tienda.rigelec.com.ar\/#website","url":"https:\/\/tienda.rigelec.com.ar\/","name":"Tienda Rigelec","description":"Energia en movimiento","publisher":{"@id":"https:\/\/tienda.rigelec.com.ar\/#organization"},"potentialAction":[{"@type":"SearchAction","target":{"@type":"EntryPoint","urlTemplate":"https:\/\/tienda.rigelec.com.ar\/?s={search_term_string}"},"query-input":{"@type":"PropertyValueSpecification","valueRequired":true,"valueName":"search_term_string"}}],"inLanguage":"es-AR"},{"@type":"Organization","@id":"https:\/\/tienda.rigelec.com.ar\/#organization","name":"Tienda Rigelec","url":"https:\/\/tienda.rigelec.com.ar\/","logo":{"@type":"ImageObject","inLanguage":"es-AR","@id":"https:\/\/tienda.rigelec.com.ar\/#\/schema\/logo\/image\/","url":"https:\/\/tienda.rigelec.com.ar\/wp-content\/uploads\/2024\/09\/isologo-blanco-rigelec.png","contentUrl":"https:\/\/tienda.rigelec.com.ar\/wp-content\/uploads\/2024\/09\/isologo-blanco-rigelec.png","width":94,"height":97,"caption":"Tienda Rigelec"},"image":{"@id":"https:\/\/tienda.rigelec.com.ar\/#\/schema\/logo\/image\/"}}]}},"jetpack_sharing_enabled":true,"_links":{"self":[{"href":"https:\/\/tienda.rigelec.com.ar\/index.php?rest_route=\/wp\/v2\/product\/33409","targetHints":{"allow":["GET"]}}],"collection":[{"href":"https:\/\/tienda.rigelec.com.ar\/index.php?rest_route=\/wp\/v2\/product"}],"about":[{"href":"https:\/\/tienda.rigelec.com.ar\/index.php?rest_route=\/wp\/v2\/types\/product"}],"replies":[{"embeddable":true,"href":"https:\/\/tienda.rigelec.com.ar\/index.php?rest_route=%2Fwp%2Fv2%2Fcomments&post=33409"}],"wp:featuredmedia":[{"embeddable":true,"href":"https:\/\/tienda.rigelec.com.ar\/index.php?rest_route=\/wp\/v2\/media\/33410"}],"wp:attachment":[{"href":"https:\/\/tienda.rigelec.com.ar\/index.php?rest_route=%2Fwp%2Fv2%2Fmedia&parent=33409"}],"wp:term":[{"taxonomy":"product_brand","embeddable":true,"href":"https:\/\/tienda.rigelec.com.ar\/index.php?rest_route=%2Fwp%2Fv2%2Fproduct_brand&post=33409"},{"taxonomy":"product_cat","embeddable":true,"href":"https:\/\/tienda.rigelec.com.ar\/index.php?rest_route=%2Fwp%2Fv2%2Fproduct_cat&post=33409"},{"taxonomy":"product_tag","embeddable":true,"href":"https:\/\/tienda.rigelec.com.ar\/index.php?rest_route=%2Fwp%2Fv2%2Fproduct_tag&post=33409"}],"curies":[{"name":"wp","href":"https:\/\/api.w.org\/{rel}","templated":true}]}}