{"id":33707,"date":"2025-09-25T19:38:26","date_gmt":"2025-09-25T22:38:26","guid":{"rendered":"https:\/\/tienda.rigelec.com.ar\/?product=modulo-toma-usb-negro-ac-sistema-modular-electronicos-2a"},"modified":"2026-05-03T19:43:52","modified_gmt":"2026-05-03T22:43:52","slug":"modulo-toma-usb-negro-ac-sistema-modular-electronicos-2a","status":"publish","type":"product","link":"https:\/\/tienda.rigelec.com.ar\/?product=modulo-toma-usb-negro-ac-sistema-modular-electronicos-2a","title":{"rendered":"MODULO TOMA USB NEGRO A+C SISTEMA MODULAR &#8211; ELECTRONICOS 2A"},"content":{"rendered":"<p>MODULO TOMA USB NEGRO A+C<\/p>\n","protected":false},"excerpt":{"rendered":"<p>Su funci\u00f3n es la de cargar dispositivos electr\u00f3nicos que sean compatibles con el sistema de carga USB (universal serial bus) con la posibilidad de poder cargar un m\u00e1ximo de dos dispositivos simult\u00e1neamente.<\/p>\n","protected":false},"featured_media":33708,"comment_status":"open","ping_status":"closed","template":"","meta":{"_monsterinsights_skip_tracking":false,"_monsterinsights_sitenote_active":false,"_monsterinsights_sitenote_note":"","_monsterinsights_sitenote_category":0},"product_brand":[],"product_cat":[228],"product_tag":[64],"class_list":{"0":"post-33707","1":"product","2":"type-product","3":"status-publish","4":"has-post-thumbnail","6":"product_cat-2-toma","7":"product_tag-kalop","9":"first","10":"instock","11":"shipping-taxable","12":"purchasable","13":"product-type-simple"},"yoast_head":"<!-- This site is optimized with the Yoast SEO plugin v25.3.1 - https:\/\/yoast.com\/wordpress\/plugins\/seo\/ -->\n<title>MODULO TOMA USB NEGRO A+C SISTEMA MODULAR - ELECTRONICOS 2A - Tienda Rigelec<\/title>\n<meta name=\"robots\" content=\"index, follow, max-snippet:-1, max-image-preview:large, max-video-preview:-1\" \/>\n<link rel=\"canonical\" href=\"https:\/\/tienda.rigelec.com.ar\/?product=modulo-toma-usb-negro-ac-sistema-modular-electronicos-2a\" \/>\n<meta property=\"og:locale\" content=\"es_ES\" \/>\n<meta property=\"og:type\" content=\"article\" \/>\n<meta property=\"og:title\" content=\"MODULO TOMA USB NEGRO A+C SISTEMA MODULAR - ELECTRONICOS 2A - Tienda Rigelec\" \/>\n<meta property=\"og:description\" content=\"Su funci\u00f3n es la de cargar dispositivos electr\u00f3nicos que sean compatibles con el sistema de carga USB (universal serial bus) con la posibilidad de poder cargar un m\u00e1ximo de dos dispositivos simult\u00e1neamente.\" \/>\n<meta property=\"og:url\" content=\"https:\/\/tienda.rigelec.com.ar\/?product=modulo-toma-usb-negro-ac-sistema-modular-electronicos-2a\" \/>\n<meta property=\"og:site_name\" content=\"Tienda Rigelec\" \/>\n<meta property=\"article:modified_time\" content=\"2026-05-03T22:43:52+00:00\" \/>\n<meta name=\"twitter:card\" content=\"summary_large_image\" \/>\n<script type=\"application\/ld+json\" class=\"yoast-schema-graph\">{\"@context\":\"https:\/\/schema.org\",\"@graph\":[{\"@type\":\"WebPage\",\"@id\":\"https:\/\/tienda.rigelec.com.ar\/?product=modulo-toma-usb-negro-ac-sistema-modular-electronicos-2a\",\"url\":\"https:\/\/tienda.rigelec.com.ar\/?product=modulo-toma-usb-negro-ac-sistema-modular-electronicos-2a\",\"name\":\"MODULO TOMA USB NEGRO A+C SISTEMA MODULAR - ELECTRONICOS 2A - Tienda Rigelec\",\"isPartOf\":{\"@id\":\"https:\/\/tienda.rigelec.com.ar\/#website\"},\"primaryImageOfPage\":{\"@id\":\"https:\/\/tienda.rigelec.com.ar\/?product=modulo-toma-usb-negro-ac-sistema-modular-electronicos-2a#primaryimage\"},\"image\":{\"@id\":\"https:\/\/tienda.rigelec.com.ar\/?product=modulo-toma-usb-negro-ac-sistema-modular-electronicos-2a#primaryimage\"},\"thumbnailUrl\":\"https:\/\/tienda.rigelec.com.ar\/wp-content\/uploads\/2025\/09\/MODULOTOMAUSBNEGROAC.jpg\",\"datePublished\":\"2025-09-25T22:38:26+00:00\",\"dateModified\":\"2026-05-03T22:43:52+00:00\",\"breadcrumb\":{\"@id\":\"https:\/\/tienda.rigelec.com.ar\/?product=modulo-toma-usb-negro-ac-sistema-modular-electronicos-2a#breadcrumb\"},\"inLanguage\":\"es-AR\",\"potentialAction\":[{\"@type\":\"ReadAction\",\"target\":[\"https:\/\/tienda.rigelec.com.ar\/?product=modulo-toma-usb-negro-ac-sistema-modular-electronicos-2a\"]}]},{\"@type\":\"ImageObject\",\"inLanguage\":\"es-AR\",\"@id\":\"https:\/\/tienda.rigelec.com.ar\/?product=modulo-toma-usb-negro-ac-sistema-modular-electronicos-2a#primaryimage\",\"url\":\"https:\/\/tienda.rigelec.com.ar\/wp-content\/uploads\/2025\/09\/MODULOTOMAUSBNEGROAC.jpg\",\"contentUrl\":\"https:\/\/tienda.rigelec.com.ar\/wp-content\/uploads\/2025\/09\/MODULOTOMAUSBNEGROAC.jpg\",\"width\":1080,\"height\":954},{\"@type\":\"BreadcrumbList\",\"@id\":\"https:\/\/tienda.rigelec.com.ar\/?product=modulo-toma-usb-negro-ac-sistema-modular-electronicos-2a#breadcrumb\",\"itemListElement\":[{\"@type\":\"ListItem\",\"position\":1,\"name\":\"Inicio\",\"item\":\"https:\/\/tienda.rigelec.com.ar\/\"},{\"@type\":\"ListItem\",\"position\":2,\"name\":\"Shop\",\"item\":\"https:\/\/tienda.rigelec.com.ar\/?page_id=12\"},{\"@type\":\"ListItem\",\"position\":3,\"name\":\"MODULO TOMA USB NEGRO A+C SISTEMA MODULAR &#8211; ELECTRONICOS 2A\"}]},{\"@type\":\"WebSite\",\"@id\":\"https:\/\/tienda.rigelec.com.ar\/#website\",\"url\":\"https:\/\/tienda.rigelec.com.ar\/\",\"name\":\"Tienda Rigelec\",\"description\":\"Energia en movimiento\",\"publisher\":{\"@id\":\"https:\/\/tienda.rigelec.com.ar\/#organization\"},\"potentialAction\":[{\"@type\":\"SearchAction\",\"target\":{\"@type\":\"EntryPoint\",\"urlTemplate\":\"https:\/\/tienda.rigelec.com.ar\/?s={search_term_string}\"},\"query-input\":{\"@type\":\"PropertyValueSpecification\",\"valueRequired\":true,\"valueName\":\"search_term_string\"}}],\"inLanguage\":\"es-AR\"},{\"@type\":\"Organization\",\"@id\":\"https:\/\/tienda.rigelec.com.ar\/#organization\",\"name\":\"Tienda Rigelec\",\"url\":\"https:\/\/tienda.rigelec.com.ar\/\",\"logo\":{\"@type\":\"ImageObject\",\"inLanguage\":\"es-AR\",\"@id\":\"https:\/\/tienda.rigelec.com.ar\/#\/schema\/logo\/image\/\",\"url\":\"https:\/\/tienda.rigelec.com.ar\/wp-content\/uploads\/2024\/09\/isologo-blanco-rigelec.png\",\"contentUrl\":\"https:\/\/tienda.rigelec.com.ar\/wp-content\/uploads\/2024\/09\/isologo-blanco-rigelec.png\",\"width\":94,\"height\":97,\"caption\":\"Tienda Rigelec\"},\"image\":{\"@id\":\"https:\/\/tienda.rigelec.com.ar\/#\/schema\/logo\/image\/\"}}]}<\/script>\n<!-- \/ Yoast SEO plugin. -->","yoast_head_json":{"title":"MODULO TOMA USB NEGRO A+C SISTEMA MODULAR - ELECTRONICOS 2A - Tienda Rigelec","robots":{"index":"index","follow":"follow","max-snippet":"max-snippet:-1","max-image-preview":"max-image-preview:large","max-video-preview":"max-video-preview:-1"},"canonical":"https:\/\/tienda.rigelec.com.ar\/?product=modulo-toma-usb-negro-ac-sistema-modular-electronicos-2a","og_locale":"es_ES","og_type":"article","og_title":"MODULO TOMA USB NEGRO A+C SISTEMA MODULAR - ELECTRONICOS 2A - Tienda Rigelec","og_description":"Su funci\u00f3n es la de cargar dispositivos electr\u00f3nicos que sean compatibles con el sistema de carga USB (universal serial bus) con la posibilidad de poder cargar un m\u00e1ximo de dos dispositivos simult\u00e1neamente.","og_url":"https:\/\/tienda.rigelec.com.ar\/?product=modulo-toma-usb-negro-ac-sistema-modular-electronicos-2a","og_site_name":"Tienda Rigelec","article_modified_time":"2026-05-03T22:43:52+00:00","twitter_card":"summary_large_image","schema":{"@context":"https:\/\/schema.org","@graph":[{"@type":"WebPage","@id":"https:\/\/tienda.rigelec.com.ar\/?product=modulo-toma-usb-negro-ac-sistema-modular-electronicos-2a","url":"https:\/\/tienda.rigelec.com.ar\/?product=modulo-toma-usb-negro-ac-sistema-modular-electronicos-2a","name":"MODULO TOMA USB NEGRO A+C SISTEMA MODULAR - ELECTRONICOS 2A - Tienda Rigelec","isPartOf":{"@id":"https:\/\/tienda.rigelec.com.ar\/#website"},"primaryImageOfPage":{"@id":"https:\/\/tienda.rigelec.com.ar\/?product=modulo-toma-usb-negro-ac-sistema-modular-electronicos-2a#primaryimage"},"image":{"@id":"https:\/\/tienda.rigelec.com.ar\/?product=modulo-toma-usb-negro-ac-sistema-modular-electronicos-2a#primaryimage"},"thumbnailUrl":"https:\/\/tienda.rigelec.com.ar\/wp-content\/uploads\/2025\/09\/MODULOTOMAUSBNEGROAC.jpg","datePublished":"2025-09-25T22:38:26+00:00","dateModified":"2026-05-03T22:43:52+00:00","breadcrumb":{"@id":"https:\/\/tienda.rigelec.com.ar\/?product=modulo-toma-usb-negro-ac-sistema-modular-electronicos-2a#breadcrumb"},"inLanguage":"es-AR","potentialAction":[{"@type":"ReadAction","target":["https:\/\/tienda.rigelec.com.ar\/?product=modulo-toma-usb-negro-ac-sistema-modular-electronicos-2a"]}]},{"@type":"ImageObject","inLanguage":"es-AR","@id":"https:\/\/tienda.rigelec.com.ar\/?product=modulo-toma-usb-negro-ac-sistema-modular-electronicos-2a#primaryimage","url":"https:\/\/tienda.rigelec.com.ar\/wp-content\/uploads\/2025\/09\/MODULOTOMAUSBNEGROAC.jpg","contentUrl":"https:\/\/tienda.rigelec.com.ar\/wp-content\/uploads\/2025\/09\/MODULOTOMAUSBNEGROAC.jpg","width":1080,"height":954},{"@type":"BreadcrumbList","@id":"https:\/\/tienda.rigelec.com.ar\/?product=modulo-toma-usb-negro-ac-sistema-modular-electronicos-2a#breadcrumb","itemListElement":[{"@type":"ListItem","position":1,"name":"Inicio","item":"https:\/\/tienda.rigelec.com.ar\/"},{"@type":"ListItem","position":2,"name":"Shop","item":"https:\/\/tienda.rigelec.com.ar\/?page_id=12"},{"@type":"ListItem","position":3,"name":"MODULO TOMA USB NEGRO A+C SISTEMA MODULAR &#8211; ELECTRONICOS 2A"}]},{"@type":"WebSite","@id":"https:\/\/tienda.rigelec.com.ar\/#website","url":"https:\/\/tienda.rigelec.com.ar\/","name":"Tienda Rigelec","description":"Energia en movimiento","publisher":{"@id":"https:\/\/tienda.rigelec.com.ar\/#organization"},"potentialAction":[{"@type":"SearchAction","target":{"@type":"EntryPoint","urlTemplate":"https:\/\/tienda.rigelec.com.ar\/?s={search_term_string}"},"query-input":{"@type":"PropertyValueSpecification","valueRequired":true,"valueName":"search_term_string"}}],"inLanguage":"es-AR"},{"@type":"Organization","@id":"https:\/\/tienda.rigelec.com.ar\/#organization","name":"Tienda Rigelec","url":"https:\/\/tienda.rigelec.com.ar\/","logo":{"@type":"ImageObject","inLanguage":"es-AR","@id":"https:\/\/tienda.rigelec.com.ar\/#\/schema\/logo\/image\/","url":"https:\/\/tienda.rigelec.com.ar\/wp-content\/uploads\/2024\/09\/isologo-blanco-rigelec.png","contentUrl":"https:\/\/tienda.rigelec.com.ar\/wp-content\/uploads\/2024\/09\/isologo-blanco-rigelec.png","width":94,"height":97,"caption":"Tienda Rigelec"},"image":{"@id":"https:\/\/tienda.rigelec.com.ar\/#\/schema\/logo\/image\/"}}]}},"jetpack_sharing_enabled":true,"_links":{"self":[{"href":"https:\/\/tienda.rigelec.com.ar\/index.php?rest_route=\/wp\/v2\/product\/33707","targetHints":{"allow":["GET"]}}],"collection":[{"href":"https:\/\/tienda.rigelec.com.ar\/index.php?rest_route=\/wp\/v2\/product"}],"about":[{"href":"https:\/\/tienda.rigelec.com.ar\/index.php?rest_route=\/wp\/v2\/types\/product"}],"replies":[{"embeddable":true,"href":"https:\/\/tienda.rigelec.com.ar\/index.php?rest_route=%2Fwp%2Fv2%2Fcomments&post=33707"}],"wp:featuredmedia":[{"embeddable":true,"href":"https:\/\/tienda.rigelec.com.ar\/index.php?rest_route=\/wp\/v2\/media\/33708"}],"wp:attachment":[{"href":"https:\/\/tienda.rigelec.com.ar\/index.php?rest_route=%2Fwp%2Fv2%2Fmedia&parent=33707"}],"wp:term":[{"taxonomy":"product_brand","embeddable":true,"href":"https:\/\/tienda.rigelec.com.ar\/index.php?rest_route=%2Fwp%2Fv2%2Fproduct_brand&post=33707"},{"taxonomy":"product_cat","embeddable":true,"href":"https:\/\/tienda.rigelec.com.ar\/index.php?rest_route=%2Fwp%2Fv2%2Fproduct_cat&post=33707"},{"taxonomy":"product_tag","embeddable":true,"href":"https:\/\/tienda.rigelec.com.ar\/index.php?rest_route=%2Fwp%2Fv2%2Fproduct_tag&post=33707"}],"curies":[{"name":"wp","href":"https:\/\/api.w.org\/{rel}","templated":true}]}}