{"id":33853,"date":"2025-09-25T20:33:42","date_gmt":"2025-09-25T23:33:42","guid":{"rendered":"https:\/\/tienda.rigelec.com.ar\/?product=tapa-bastidor-3-modulos-donna"},"modified":"2026-05-01T00:45:48","modified_gmt":"2026-05-01T03:45:48","slug":"tapa-bastidor-3-modulos-donna","status":"publish","type":"product","link":"https:\/\/tienda.rigelec.com.ar\/?product=tapa-bastidor-3-modulos-donna","title":{"rendered":"TAPA BASTIDOR 3 MODULOS DONNA"},"content":{"rendered":"<p>TAPA BASTIDOR 3 MODULOS<\/p>\n","protected":false},"excerpt":{"rendered":"<p>Funci\u00f3n:<br \/>\nSistema de jaci\u00f3n de m\u00f3dulos Kalop con tapa y bastidor en una sola pieza. Esto permite realizar la inserci\u00f3n de los m\u00f3dulos sin tener que colocar posteriormente una tapa.<br \/>\nCaracter\u00edsticas t\u00e9cnicas:<br \/>\nPermite la instalaci\u00f3n m\u00e1xima tres m\u00f3dulos Kalop. Provisto con tornillos para la jaci\u00f3n y tapas para los mismos. Disponible en color blanco. Dise\u00f1ado con seis trabas independientes que aseguran la correcta jaci\u00f3n de los m\u00f3dulos a instalar. Posee un sistema de regulaci\u00f3n que facilita la adaptaci\u00f3n a todas las cajas, permitiendo absorber diferencias en los entre centros de los agujeros roscados de las mismas, as\u00ed como tambi\u00e9n los errores de nivelaci\u00f3n que son muy frecuentes en la instalaci\u00f3n.<\/p>\n<p>Colocaci\u00f3n:<br \/>\n&#8211; Se coloca el o los m\u00f3dulos necesarios en el bastidor.<br \/>\n&#8211; Se realiza la conexi\u00f3n del o los m\u00f3dulos.<br \/>\n&#8211; Se retiran las tapas de los tornillos<br \/>\n&#8211; Se procede a jar el conjunto completo (tapa bastidor y m\u00f3dulos) a la caja empotrada o de supercie por medio de los tornillos asegurando su<br \/>\ncorrecta jaci\u00f3n.<br \/>\n&#8211; Por \u00faltimo se colocan las tapas de los tornillos. <\/p>\n","protected":false},"featured_media":33854,"comment_status":"open","ping_status":"closed","template":"","meta":{"_monsterinsights_skip_tracking":false,"_monsterinsights_sitenote_active":false,"_monsterinsights_sitenote_note":"","_monsterinsights_sitenote_category":0},"product_brand":[],"product_cat":[263],"product_tag":[64],"class_list":{"0":"post-33853","1":"product","2":"type-product","3":"status-publish","4":"has-post-thumbnail","6":"product_cat-ii-tapas","7":"product_tag-kalop","9":"first","10":"outofstock","11":"shipping-taxable","12":"purchasable","13":"product-type-simple"},"yoast_head":"<!-- This site is optimized with the Yoast SEO plugin v25.3.1 - https:\/\/yoast.com\/wordpress\/plugins\/seo\/ -->\n<title>TAPA BASTIDOR 3 MODULOS DONNA - Tienda Rigelec<\/title>\n<meta name=\"robots\" content=\"index, follow, max-snippet:-1, max-image-preview:large, max-video-preview:-1\" \/>\n<link rel=\"canonical\" href=\"https:\/\/tienda.rigelec.com.ar\/?product=tapa-bastidor-3-modulos-donna\" \/>\n<meta property=\"og:locale\" content=\"es_ES\" \/>\n<meta property=\"og:type\" content=\"article\" \/>\n<meta property=\"og:title\" content=\"TAPA BASTIDOR 3 MODULOS DONNA - Tienda Rigelec\" \/>\n<meta property=\"og:description\" content=\"Funci\u00f3n: Sistema de jaci\u00f3n de m\u00f3dulos Kalop con tapa y bastidor en una sola pieza. Esto permite realizar la inserci\u00f3n de los m\u00f3dulos sin tener que colocar posteriormente una tapa. Caracter\u00edsticas t\u00e9cnicas: Permite la instalaci\u00f3n m\u00e1xima tres m\u00f3dulos Kalop. Provisto con tornillos para la jaci\u00f3n y tapas para los mismos. Disponible en color blanco. Dise\u00f1ado con seis trabas independientes que aseguran la correcta jaci\u00f3n de los m\u00f3dulos a instalar. Posee un sistema de regulaci\u00f3n que facilita la adaptaci\u00f3n a todas las cajas, permitiendo absorber diferencias en los entre centros de los agujeros roscados de las mismas, as\u00ed como tambi\u00e9n los errores de nivelaci\u00f3n que son muy frecuentes en la instalaci\u00f3n.   Colocaci\u00f3n: - Se coloca el o los m\u00f3dulos necesarios en el bastidor. - Se realiza la conexi\u00f3n del o los m\u00f3dulos. - Se retiran las tapas de los tornillos - Se procede a jar el conjunto completo (tapa bastidor y m\u00f3dulos) a la caja empotrada o de supercie por medio de los tornillos asegurando su correcta jaci\u00f3n. - Por \u00faltimo se colocan las tapas de los tornillos.\" \/>\n<meta property=\"og:url\" content=\"https:\/\/tienda.rigelec.com.ar\/?product=tapa-bastidor-3-modulos-donna\" \/>\n<meta property=\"og:site_name\" content=\"Tienda Rigelec\" \/>\n<meta property=\"article:modified_time\" content=\"2026-05-01T03:45:48+00:00\" \/>\n<meta name=\"twitter:card\" content=\"summary_large_image\" \/>\n<script type=\"application\/ld+json\" class=\"yoast-schema-graph\">{\"@context\":\"https:\/\/schema.org\",\"@graph\":[{\"@type\":\"WebPage\",\"@id\":\"https:\/\/tienda.rigelec.com.ar\/?product=tapa-bastidor-3-modulos-donna\",\"url\":\"https:\/\/tienda.rigelec.com.ar\/?product=tapa-bastidor-3-modulos-donna\",\"name\":\"TAPA BASTIDOR 3 MODULOS DONNA - Tienda Rigelec\",\"isPartOf\":{\"@id\":\"https:\/\/tienda.rigelec.com.ar\/#website\"},\"primaryImageOfPage\":{\"@id\":\"https:\/\/tienda.rigelec.com.ar\/?product=tapa-bastidor-3-modulos-donna#primaryimage\"},\"image\":{\"@id\":\"https:\/\/tienda.rigelec.com.ar\/?product=tapa-bastidor-3-modulos-donna#primaryimage\"},\"thumbnailUrl\":\"https:\/\/tienda.rigelec.com.ar\/wp-content\/uploads\/2025\/09\/TAPABASTIDOR3MODULOS.jpg\",\"datePublished\":\"2025-09-25T23:33:42+00:00\",\"dateModified\":\"2026-05-01T03:45:48+00:00\",\"breadcrumb\":{\"@id\":\"https:\/\/tienda.rigelec.com.ar\/?product=tapa-bastidor-3-modulos-donna#breadcrumb\"},\"inLanguage\":\"es-AR\",\"potentialAction\":[{\"@type\":\"ReadAction\",\"target\":[\"https:\/\/tienda.rigelec.com.ar\/?product=tapa-bastidor-3-modulos-donna\"]}]},{\"@type\":\"ImageObject\",\"inLanguage\":\"es-AR\",\"@id\":\"https:\/\/tienda.rigelec.com.ar\/?product=tapa-bastidor-3-modulos-donna#primaryimage\",\"url\":\"https:\/\/tienda.rigelec.com.ar\/wp-content\/uploads\/2025\/09\/TAPABASTIDOR3MODULOS.jpg\",\"contentUrl\":\"https:\/\/tienda.rigelec.com.ar\/wp-content\/uploads\/2025\/09\/TAPABASTIDOR3MODULOS.jpg\",\"width\":1080,\"height\":956},{\"@type\":\"BreadcrumbList\",\"@id\":\"https:\/\/tienda.rigelec.com.ar\/?product=tapa-bastidor-3-modulos-donna#breadcrumb\",\"itemListElement\":[{\"@type\":\"ListItem\",\"position\":1,\"name\":\"Inicio\",\"item\":\"https:\/\/tienda.rigelec.com.ar\/\"},{\"@type\":\"ListItem\",\"position\":2,\"name\":\"Shop\",\"item\":\"https:\/\/tienda.rigelec.com.ar\/?page_id=12\"},{\"@type\":\"ListItem\",\"position\":3,\"name\":\"TAPA BASTIDOR 3 MODULOS DONNA\"}]},{\"@type\":\"WebSite\",\"@id\":\"https:\/\/tienda.rigelec.com.ar\/#website\",\"url\":\"https:\/\/tienda.rigelec.com.ar\/\",\"name\":\"Tienda Rigelec\",\"description\":\"Energia en movimiento\",\"publisher\":{\"@id\":\"https:\/\/tienda.rigelec.com.ar\/#organization\"},\"potentialAction\":[{\"@type\":\"SearchAction\",\"target\":{\"@type\":\"EntryPoint\",\"urlTemplate\":\"https:\/\/tienda.rigelec.com.ar\/?s={search_term_string}\"},\"query-input\":{\"@type\":\"PropertyValueSpecification\",\"valueRequired\":true,\"valueName\":\"search_term_string\"}}],\"inLanguage\":\"es-AR\"},{\"@type\":\"Organization\",\"@id\":\"https:\/\/tienda.rigelec.com.ar\/#organization\",\"name\":\"Tienda Rigelec\",\"url\":\"https:\/\/tienda.rigelec.com.ar\/\",\"logo\":{\"@type\":\"ImageObject\",\"inLanguage\":\"es-AR\",\"@id\":\"https:\/\/tienda.rigelec.com.ar\/#\/schema\/logo\/image\/\",\"url\":\"https:\/\/tienda.rigelec.com.ar\/wp-content\/uploads\/2024\/09\/isologo-blanco-rigelec.png\",\"contentUrl\":\"https:\/\/tienda.rigelec.com.ar\/wp-content\/uploads\/2024\/09\/isologo-blanco-rigelec.png\",\"width\":94,\"height\":97,\"caption\":\"Tienda Rigelec\"},\"image\":{\"@id\":\"https:\/\/tienda.rigelec.com.ar\/#\/schema\/logo\/image\/\"}}]}<\/script>\n<!-- \/ Yoast SEO plugin. -->","yoast_head_json":{"title":"TAPA BASTIDOR 3 MODULOS DONNA - Tienda Rigelec","robots":{"index":"index","follow":"follow","max-snippet":"max-snippet:-1","max-image-preview":"max-image-preview:large","max-video-preview":"max-video-preview:-1"},"canonical":"https:\/\/tienda.rigelec.com.ar\/?product=tapa-bastidor-3-modulos-donna","og_locale":"es_ES","og_type":"article","og_title":"TAPA BASTIDOR 3 MODULOS DONNA - Tienda Rigelec","og_description":"Funci\u00f3n: Sistema de jaci\u00f3n de m\u00f3dulos Kalop con tapa y bastidor en una sola pieza. Esto permite realizar la inserci\u00f3n de los m\u00f3dulos sin tener que colocar posteriormente una tapa. Caracter\u00edsticas t\u00e9cnicas: Permite la instalaci\u00f3n m\u00e1xima tres m\u00f3dulos Kalop. Provisto con tornillos para la jaci\u00f3n y tapas para los mismos. Disponible en color blanco. Dise\u00f1ado con seis trabas independientes que aseguran la correcta jaci\u00f3n de los m\u00f3dulos a instalar. Posee un sistema de regulaci\u00f3n que facilita la adaptaci\u00f3n a todas las cajas, permitiendo absorber diferencias en los entre centros de los agujeros roscados de las mismas, as\u00ed como tambi\u00e9n los errores de nivelaci\u00f3n que son muy frecuentes en la instalaci\u00f3n.   Colocaci\u00f3n: - Se coloca el o los m\u00f3dulos necesarios en el bastidor. - Se realiza la conexi\u00f3n del o los m\u00f3dulos. - Se retiran las tapas de los tornillos - Se procede a jar el conjunto completo (tapa bastidor y m\u00f3dulos) a la caja empotrada o de supercie por medio de los tornillos asegurando su correcta jaci\u00f3n. - Por \u00faltimo se colocan las tapas de los tornillos.","og_url":"https:\/\/tienda.rigelec.com.ar\/?product=tapa-bastidor-3-modulos-donna","og_site_name":"Tienda Rigelec","article_modified_time":"2026-05-01T03:45:48+00:00","twitter_card":"summary_large_image","schema":{"@context":"https:\/\/schema.org","@graph":[{"@type":"WebPage","@id":"https:\/\/tienda.rigelec.com.ar\/?product=tapa-bastidor-3-modulos-donna","url":"https:\/\/tienda.rigelec.com.ar\/?product=tapa-bastidor-3-modulos-donna","name":"TAPA BASTIDOR 3 MODULOS DONNA - Tienda Rigelec","isPartOf":{"@id":"https:\/\/tienda.rigelec.com.ar\/#website"},"primaryImageOfPage":{"@id":"https:\/\/tienda.rigelec.com.ar\/?product=tapa-bastidor-3-modulos-donna#primaryimage"},"image":{"@id":"https:\/\/tienda.rigelec.com.ar\/?product=tapa-bastidor-3-modulos-donna#primaryimage"},"thumbnailUrl":"https:\/\/tienda.rigelec.com.ar\/wp-content\/uploads\/2025\/09\/TAPABASTIDOR3MODULOS.jpg","datePublished":"2025-09-25T23:33:42+00:00","dateModified":"2026-05-01T03:45:48+00:00","breadcrumb":{"@id":"https:\/\/tienda.rigelec.com.ar\/?product=tapa-bastidor-3-modulos-donna#breadcrumb"},"inLanguage":"es-AR","potentialAction":[{"@type":"ReadAction","target":["https:\/\/tienda.rigelec.com.ar\/?product=tapa-bastidor-3-modulos-donna"]}]},{"@type":"ImageObject","inLanguage":"es-AR","@id":"https:\/\/tienda.rigelec.com.ar\/?product=tapa-bastidor-3-modulos-donna#primaryimage","url":"https:\/\/tienda.rigelec.com.ar\/wp-content\/uploads\/2025\/09\/TAPABASTIDOR3MODULOS.jpg","contentUrl":"https:\/\/tienda.rigelec.com.ar\/wp-content\/uploads\/2025\/09\/TAPABASTIDOR3MODULOS.jpg","width":1080,"height":956},{"@type":"BreadcrumbList","@id":"https:\/\/tienda.rigelec.com.ar\/?product=tapa-bastidor-3-modulos-donna#breadcrumb","itemListElement":[{"@type":"ListItem","position":1,"name":"Inicio","item":"https:\/\/tienda.rigelec.com.ar\/"},{"@type":"ListItem","position":2,"name":"Shop","item":"https:\/\/tienda.rigelec.com.ar\/?page_id=12"},{"@type":"ListItem","position":3,"name":"TAPA BASTIDOR 3 MODULOS DONNA"}]},{"@type":"WebSite","@id":"https:\/\/tienda.rigelec.com.ar\/#website","url":"https:\/\/tienda.rigelec.com.ar\/","name":"Tienda Rigelec","description":"Energia en movimiento","publisher":{"@id":"https:\/\/tienda.rigelec.com.ar\/#organization"},"potentialAction":[{"@type":"SearchAction","target":{"@type":"EntryPoint","urlTemplate":"https:\/\/tienda.rigelec.com.ar\/?s={search_term_string}"},"query-input":{"@type":"PropertyValueSpecification","valueRequired":true,"valueName":"search_term_string"}}],"inLanguage":"es-AR"},{"@type":"Organization","@id":"https:\/\/tienda.rigelec.com.ar\/#organization","name":"Tienda Rigelec","url":"https:\/\/tienda.rigelec.com.ar\/","logo":{"@type":"ImageObject","inLanguage":"es-AR","@id":"https:\/\/tienda.rigelec.com.ar\/#\/schema\/logo\/image\/","url":"https:\/\/tienda.rigelec.com.ar\/wp-content\/uploads\/2024\/09\/isologo-blanco-rigelec.png","contentUrl":"https:\/\/tienda.rigelec.com.ar\/wp-content\/uploads\/2024\/09\/isologo-blanco-rigelec.png","width":94,"height":97,"caption":"Tienda Rigelec"},"image":{"@id":"https:\/\/tienda.rigelec.com.ar\/#\/schema\/logo\/image\/"}}]}},"jetpack_sharing_enabled":true,"_links":{"self":[{"href":"https:\/\/tienda.rigelec.com.ar\/index.php?rest_route=\/wp\/v2\/product\/33853","targetHints":{"allow":["GET"]}}],"collection":[{"href":"https:\/\/tienda.rigelec.com.ar\/index.php?rest_route=\/wp\/v2\/product"}],"about":[{"href":"https:\/\/tienda.rigelec.com.ar\/index.php?rest_route=\/wp\/v2\/types\/product"}],"replies":[{"embeddable":true,"href":"https:\/\/tienda.rigelec.com.ar\/index.php?rest_route=%2Fwp%2Fv2%2Fcomments&post=33853"}],"wp:featuredmedia":[{"embeddable":true,"href":"https:\/\/tienda.rigelec.com.ar\/index.php?rest_route=\/wp\/v2\/media\/33854"}],"wp:attachment":[{"href":"https:\/\/tienda.rigelec.com.ar\/index.php?rest_route=%2Fwp%2Fv2%2Fmedia&parent=33853"}],"wp:term":[{"taxonomy":"product_brand","embeddable":true,"href":"https:\/\/tienda.rigelec.com.ar\/index.php?rest_route=%2Fwp%2Fv2%2Fproduct_brand&post=33853"},{"taxonomy":"product_cat","embeddable":true,"href":"https:\/\/tienda.rigelec.com.ar\/index.php?rest_route=%2Fwp%2Fv2%2Fproduct_cat&post=33853"},{"taxonomy":"product_tag","embeddable":true,"href":"https:\/\/tienda.rigelec.com.ar\/index.php?rest_route=%2Fwp%2Fv2%2Fproduct_tag&post=33853"}],"curies":[{"name":"wp","href":"https:\/\/api.w.org\/{rel}","templated":true}]}}