{"id":33867,"date":"2025-09-25T20:35:29","date_gmt":"2025-09-25T23:35:29","guid":{"rendered":"https:\/\/tienda.rigelec.com.ar\/?product=conjunto-armado-1-modulo-senal-catv-blanco-donna-tv-catv"},"modified":"2026-05-01T00:45:49","modified_gmt":"2026-05-01T03:45:49","slug":"conjunto-armado-1-modulo-senal-catv-blanco-donna-tv-catv","status":"publish","type":"product","link":"https:\/\/tienda.rigelec.com.ar\/?product=conjunto-armado-1-modulo-senal-catv-blanco-donna-tv-catv","title":{"rendered":"CONJUNTO ARMADO 1 MODULO SE\u00d1AL CATV BLANCO DONNA TV &#8211; CATV"},"content":{"rendered":"<p>CONJUNTO ARMADO 1 MODULO SE\u00d1AL CATV BLANCO<\/p>\n","protected":false},"excerpt":{"rendered":"<p>Funci\u00f3n:<br \/>\nConjunto de tapa &#8211; bastidor y m\u00f3dulo toma CATV armado previamente en f\u00e1brica para mejorar y facilitar su instalaci\u00f3n.<\/p>\n<p>Caracter\u00edsticas t\u00e9cnicas:<br \/>\n&#8211; M\u00f3dulo divisor para se\u00f1al de TV \u0096 CATV<br \/>\n&#8211; Este dispositivo permite dividir la se\u00f1al de TV (aire y digital) entregada por una antena colectiva o de transmisi\u00f3n por cable (CATV), con rango de frecuencia entre 5 y 900 MHz.<\/p>\n","protected":false},"featured_media":33868,"comment_status":"open","ping_status":"closed","template":"","meta":{"_monsterinsights_skip_tracking":false,"_monsterinsights_sitenote_active":false,"_monsterinsights_sitenote_note":"","_monsterinsights_sitenote_category":0},"product_brand":[],"product_cat":[360],"product_tag":[64],"class_list":{"0":"post-33867","1":"product","2":"type-product","3":"status-publish","4":"has-post-thumbnail","6":"product_cat-iv-conjuntos-armados","7":"product_tag-kalop","9":"first","10":"outofstock","11":"shipping-taxable","12":"purchasable","13":"product-type-simple"},"yoast_head":"<!-- This site is optimized with the Yoast SEO plugin v25.3.1 - https:\/\/yoast.com\/wordpress\/plugins\/seo\/ -->\n<title>CONJUNTO ARMADO 1 MODULO SE\u00d1AL CATV BLANCO DONNA TV - CATV - Tienda Rigelec<\/title>\n<meta name=\"robots\" content=\"index, follow, max-snippet:-1, max-image-preview:large, max-video-preview:-1\" \/>\n<link rel=\"canonical\" href=\"https:\/\/tienda.rigelec.com.ar\/?product=conjunto-armado-1-modulo-senal-catv-blanco-donna-tv-catv\" \/>\n<meta property=\"og:locale\" content=\"es_ES\" \/>\n<meta property=\"og:type\" content=\"article\" \/>\n<meta property=\"og:title\" content=\"CONJUNTO ARMADO 1 MODULO SE\u00d1AL CATV BLANCO DONNA TV - CATV - Tienda Rigelec\" \/>\n<meta property=\"og:description\" content=\"Funci\u00f3n: Conjunto de tapa - bastidor y m\u00f3dulo toma CATV armado previamente en f\u00e1brica para mejorar y facilitar su instalaci\u00f3n.  Caracter\u00edsticas t\u00e9cnicas: - M\u00f3dulo divisor para se\u00f1al de TV \u0096 CATV - Este dispositivo permite dividir la se\u00f1al de TV (aire y digital) entregada por una antena colectiva o de transmisi\u00f3n por cable (CATV), con rango de frecuencia entre 5 y 900 MHz.\" \/>\n<meta property=\"og:url\" content=\"https:\/\/tienda.rigelec.com.ar\/?product=conjunto-armado-1-modulo-senal-catv-blanco-donna-tv-catv\" \/>\n<meta property=\"og:site_name\" content=\"Tienda Rigelec\" \/>\n<meta property=\"article:modified_time\" content=\"2026-05-01T03:45:49+00:00\" \/>\n<meta name=\"twitter:card\" content=\"summary_large_image\" \/>\n<script type=\"application\/ld+json\" class=\"yoast-schema-graph\">{\"@context\":\"https:\/\/schema.org\",\"@graph\":[{\"@type\":\"WebPage\",\"@id\":\"https:\/\/tienda.rigelec.com.ar\/?product=conjunto-armado-1-modulo-senal-catv-blanco-donna-tv-catv\",\"url\":\"https:\/\/tienda.rigelec.com.ar\/?product=conjunto-armado-1-modulo-senal-catv-blanco-donna-tv-catv\",\"name\":\"CONJUNTO ARMADO 1 MODULO SE\u00d1AL CATV BLANCO DONNA TV - CATV - Tienda Rigelec\",\"isPartOf\":{\"@id\":\"https:\/\/tienda.rigelec.com.ar\/#website\"},\"primaryImageOfPage\":{\"@id\":\"https:\/\/tienda.rigelec.com.ar\/?product=conjunto-armado-1-modulo-senal-catv-blanco-donna-tv-catv#primaryimage\"},\"image\":{\"@id\":\"https:\/\/tienda.rigelec.com.ar\/?product=conjunto-armado-1-modulo-senal-catv-blanco-donna-tv-catv#primaryimage\"},\"thumbnailUrl\":\"https:\/\/tienda.rigelec.com.ar\/wp-content\/uploads\/2025\/09\/CONJUNTOARMADO1MODULOSENALCATVBLANCO.jpg\",\"datePublished\":\"2025-09-25T23:35:29+00:00\",\"dateModified\":\"2026-05-01T03:45:49+00:00\",\"breadcrumb\":{\"@id\":\"https:\/\/tienda.rigelec.com.ar\/?product=conjunto-armado-1-modulo-senal-catv-blanco-donna-tv-catv#breadcrumb\"},\"inLanguage\":\"es-AR\",\"potentialAction\":[{\"@type\":\"ReadAction\",\"target\":[\"https:\/\/tienda.rigelec.com.ar\/?product=conjunto-armado-1-modulo-senal-catv-blanco-donna-tv-catv\"]}]},{\"@type\":\"ImageObject\",\"inLanguage\":\"es-AR\",\"@id\":\"https:\/\/tienda.rigelec.com.ar\/?product=conjunto-armado-1-modulo-senal-catv-blanco-donna-tv-catv#primaryimage\",\"url\":\"https:\/\/tienda.rigelec.com.ar\/wp-content\/uploads\/2025\/09\/CONJUNTOARMADO1MODULOSENALCATVBLANCO.jpg\",\"contentUrl\":\"https:\/\/tienda.rigelec.com.ar\/wp-content\/uploads\/2025\/09\/CONJUNTOARMADO1MODULOSENALCATVBLANCO.jpg\",\"width\":1080,\"height\":956},{\"@type\":\"BreadcrumbList\",\"@id\":\"https:\/\/tienda.rigelec.com.ar\/?product=conjunto-armado-1-modulo-senal-catv-blanco-donna-tv-catv#breadcrumb\",\"itemListElement\":[{\"@type\":\"ListItem\",\"position\":1,\"name\":\"Inicio\",\"item\":\"https:\/\/tienda.rigelec.com.ar\/\"},{\"@type\":\"ListItem\",\"position\":2,\"name\":\"Shop\",\"item\":\"https:\/\/tienda.rigelec.com.ar\/?page_id=12\"},{\"@type\":\"ListItem\",\"position\":3,\"name\":\"CONJUNTO ARMADO 1 MODULO SE\u00d1AL CATV BLANCO DONNA TV &#8211; CATV\"}]},{\"@type\":\"WebSite\",\"@id\":\"https:\/\/tienda.rigelec.com.ar\/#website\",\"url\":\"https:\/\/tienda.rigelec.com.ar\/\",\"name\":\"Tienda Rigelec\",\"description\":\"Energia en movimiento\",\"publisher\":{\"@id\":\"https:\/\/tienda.rigelec.com.ar\/#organization\"},\"potentialAction\":[{\"@type\":\"SearchAction\",\"target\":{\"@type\":\"EntryPoint\",\"urlTemplate\":\"https:\/\/tienda.rigelec.com.ar\/?s={search_term_string}\"},\"query-input\":{\"@type\":\"PropertyValueSpecification\",\"valueRequired\":true,\"valueName\":\"search_term_string\"}}],\"inLanguage\":\"es-AR\"},{\"@type\":\"Organization\",\"@id\":\"https:\/\/tienda.rigelec.com.ar\/#organization\",\"name\":\"Tienda Rigelec\",\"url\":\"https:\/\/tienda.rigelec.com.ar\/\",\"logo\":{\"@type\":\"ImageObject\",\"inLanguage\":\"es-AR\",\"@id\":\"https:\/\/tienda.rigelec.com.ar\/#\/schema\/logo\/image\/\",\"url\":\"https:\/\/tienda.rigelec.com.ar\/wp-content\/uploads\/2024\/09\/isologo-blanco-rigelec.png\",\"contentUrl\":\"https:\/\/tienda.rigelec.com.ar\/wp-content\/uploads\/2024\/09\/isologo-blanco-rigelec.png\",\"width\":94,\"height\":97,\"caption\":\"Tienda Rigelec\"},\"image\":{\"@id\":\"https:\/\/tienda.rigelec.com.ar\/#\/schema\/logo\/image\/\"}}]}<\/script>\n<!-- \/ Yoast SEO plugin. -->","yoast_head_json":{"title":"CONJUNTO ARMADO 1 MODULO SE\u00d1AL CATV BLANCO DONNA TV - CATV - Tienda Rigelec","robots":{"index":"index","follow":"follow","max-snippet":"max-snippet:-1","max-image-preview":"max-image-preview:large","max-video-preview":"max-video-preview:-1"},"canonical":"https:\/\/tienda.rigelec.com.ar\/?product=conjunto-armado-1-modulo-senal-catv-blanco-donna-tv-catv","og_locale":"es_ES","og_type":"article","og_title":"CONJUNTO ARMADO 1 MODULO SE\u00d1AL CATV BLANCO DONNA TV - CATV - Tienda Rigelec","og_description":"Funci\u00f3n: Conjunto de tapa - bastidor y m\u00f3dulo toma CATV armado previamente en f\u00e1brica para mejorar y facilitar su instalaci\u00f3n.  Caracter\u00edsticas t\u00e9cnicas: - M\u00f3dulo divisor para se\u00f1al de TV \u0096 CATV - Este dispositivo permite dividir la se\u00f1al de TV (aire y digital) entregada por una antena colectiva o de transmisi\u00f3n por cable (CATV), con rango de frecuencia entre 5 y 900 MHz.","og_url":"https:\/\/tienda.rigelec.com.ar\/?product=conjunto-armado-1-modulo-senal-catv-blanco-donna-tv-catv","og_site_name":"Tienda Rigelec","article_modified_time":"2026-05-01T03:45:49+00:00","twitter_card":"summary_large_image","schema":{"@context":"https:\/\/schema.org","@graph":[{"@type":"WebPage","@id":"https:\/\/tienda.rigelec.com.ar\/?product=conjunto-armado-1-modulo-senal-catv-blanco-donna-tv-catv","url":"https:\/\/tienda.rigelec.com.ar\/?product=conjunto-armado-1-modulo-senal-catv-blanco-donna-tv-catv","name":"CONJUNTO ARMADO 1 MODULO SE\u00d1AL CATV BLANCO DONNA TV - CATV - Tienda Rigelec","isPartOf":{"@id":"https:\/\/tienda.rigelec.com.ar\/#website"},"primaryImageOfPage":{"@id":"https:\/\/tienda.rigelec.com.ar\/?product=conjunto-armado-1-modulo-senal-catv-blanco-donna-tv-catv#primaryimage"},"image":{"@id":"https:\/\/tienda.rigelec.com.ar\/?product=conjunto-armado-1-modulo-senal-catv-blanco-donna-tv-catv#primaryimage"},"thumbnailUrl":"https:\/\/tienda.rigelec.com.ar\/wp-content\/uploads\/2025\/09\/CONJUNTOARMADO1MODULOSENALCATVBLANCO.jpg","datePublished":"2025-09-25T23:35:29+00:00","dateModified":"2026-05-01T03:45:49+00:00","breadcrumb":{"@id":"https:\/\/tienda.rigelec.com.ar\/?product=conjunto-armado-1-modulo-senal-catv-blanco-donna-tv-catv#breadcrumb"},"inLanguage":"es-AR","potentialAction":[{"@type":"ReadAction","target":["https:\/\/tienda.rigelec.com.ar\/?product=conjunto-armado-1-modulo-senal-catv-blanco-donna-tv-catv"]}]},{"@type":"ImageObject","inLanguage":"es-AR","@id":"https:\/\/tienda.rigelec.com.ar\/?product=conjunto-armado-1-modulo-senal-catv-blanco-donna-tv-catv#primaryimage","url":"https:\/\/tienda.rigelec.com.ar\/wp-content\/uploads\/2025\/09\/CONJUNTOARMADO1MODULOSENALCATVBLANCO.jpg","contentUrl":"https:\/\/tienda.rigelec.com.ar\/wp-content\/uploads\/2025\/09\/CONJUNTOARMADO1MODULOSENALCATVBLANCO.jpg","width":1080,"height":956},{"@type":"BreadcrumbList","@id":"https:\/\/tienda.rigelec.com.ar\/?product=conjunto-armado-1-modulo-senal-catv-blanco-donna-tv-catv#breadcrumb","itemListElement":[{"@type":"ListItem","position":1,"name":"Inicio","item":"https:\/\/tienda.rigelec.com.ar\/"},{"@type":"ListItem","position":2,"name":"Shop","item":"https:\/\/tienda.rigelec.com.ar\/?page_id=12"},{"@type":"ListItem","position":3,"name":"CONJUNTO ARMADO 1 MODULO SE\u00d1AL CATV BLANCO DONNA TV &#8211; CATV"}]},{"@type":"WebSite","@id":"https:\/\/tienda.rigelec.com.ar\/#website","url":"https:\/\/tienda.rigelec.com.ar\/","name":"Tienda Rigelec","description":"Energia en movimiento","publisher":{"@id":"https:\/\/tienda.rigelec.com.ar\/#organization"},"potentialAction":[{"@type":"SearchAction","target":{"@type":"EntryPoint","urlTemplate":"https:\/\/tienda.rigelec.com.ar\/?s={search_term_string}"},"query-input":{"@type":"PropertyValueSpecification","valueRequired":true,"valueName":"search_term_string"}}],"inLanguage":"es-AR"},{"@type":"Organization","@id":"https:\/\/tienda.rigelec.com.ar\/#organization","name":"Tienda Rigelec","url":"https:\/\/tienda.rigelec.com.ar\/","logo":{"@type":"ImageObject","inLanguage":"es-AR","@id":"https:\/\/tienda.rigelec.com.ar\/#\/schema\/logo\/image\/","url":"https:\/\/tienda.rigelec.com.ar\/wp-content\/uploads\/2024\/09\/isologo-blanco-rigelec.png","contentUrl":"https:\/\/tienda.rigelec.com.ar\/wp-content\/uploads\/2024\/09\/isologo-blanco-rigelec.png","width":94,"height":97,"caption":"Tienda Rigelec"},"image":{"@id":"https:\/\/tienda.rigelec.com.ar\/#\/schema\/logo\/image\/"}}]}},"jetpack_sharing_enabled":true,"_links":{"self":[{"href":"https:\/\/tienda.rigelec.com.ar\/index.php?rest_route=\/wp\/v2\/product\/33867","targetHints":{"allow":["GET"]}}],"collection":[{"href":"https:\/\/tienda.rigelec.com.ar\/index.php?rest_route=\/wp\/v2\/product"}],"about":[{"href":"https:\/\/tienda.rigelec.com.ar\/index.php?rest_route=\/wp\/v2\/types\/product"}],"replies":[{"embeddable":true,"href":"https:\/\/tienda.rigelec.com.ar\/index.php?rest_route=%2Fwp%2Fv2%2Fcomments&post=33867"}],"wp:featuredmedia":[{"embeddable":true,"href":"https:\/\/tienda.rigelec.com.ar\/index.php?rest_route=\/wp\/v2\/media\/33868"}],"wp:attachment":[{"href":"https:\/\/tienda.rigelec.com.ar\/index.php?rest_route=%2Fwp%2Fv2%2Fmedia&parent=33867"}],"wp:term":[{"taxonomy":"product_brand","embeddable":true,"href":"https:\/\/tienda.rigelec.com.ar\/index.php?rest_route=%2Fwp%2Fv2%2Fproduct_brand&post=33867"},{"taxonomy":"product_cat","embeddable":true,"href":"https:\/\/tienda.rigelec.com.ar\/index.php?rest_route=%2Fwp%2Fv2%2Fproduct_cat&post=33867"},{"taxonomy":"product_tag","embeddable":true,"href":"https:\/\/tienda.rigelec.com.ar\/index.php?rest_route=%2Fwp%2Fv2%2Fproduct_tag&post=33867"}],"curies":[{"name":"wp","href":"https:\/\/api.w.org\/{rel}","templated":true}]}}