{"id":34349,"date":"2025-10-07T19:01:01","date_gmt":"2025-10-07T22:01:01","guid":{"rendered":"https:\/\/tienda.rigelec.com.ar\/?product=gabinete-estanco-acero-inoxidable-linea-fi-600x900x300mm-2"},"modified":"2026-05-04T12:09:42","modified_gmt":"2026-05-04T15:09:42","slug":"gabinete-estanco-acero-inoxidable-linea-fi-600x900x300mm-2","status":"publish","type":"product","link":"https:\/\/tienda.rigelec.com.ar\/?product=gabinete-estanco-acero-inoxidable-linea-fi-600x900x300mm-2","title":{"rendered":"GABINETE ESTANCO ACERO INOXIDABLE LINEA FI 600x900x300MM"},"content":{"rendered":"<p>GABINETE ESTANCO ACERO INOXIDABLE<\/p>\n","protected":false},"excerpt":{"rendered":"<p>CARACTERITICAS.<br \/>\nCon bandeja de montaje en chapa galvanizada de 1,6mm.<\/p>\n<p>Los gabinetes de la l\u00ednea FI son construidos en chapa de acero inoxidable AISI 304 de<br \/>\n1,5mm de espesor con terminaci\u00f3n esmerilada. Poseen bisagras, cierres y<br \/>\nbuloner\u00eda del mismo material para impedir corrosiones. Poseen un grado de estanqueidad IP65 gracias al burlete de poliuretano inyectado que se coloca en la puerta<\/p>\n","protected":false},"featured_media":34350,"comment_status":"open","ping_status":"closed","template":"","meta":{"_monsterinsights_skip_tracking":false,"_monsterinsights_sitenote_active":false,"_monsterinsights_sitenote_note":"","_monsterinsights_sitenote_category":0},"product_brand":[],"product_cat":[353],"product_tag":[494],"class_list":{"0":"post-34349","1":"product","2":"type-product","3":"status-publish","4":"has-post-thumbnail","6":"product_cat-e-gabinetes","7":"product_tag-forli","9":"first","10":"outofstock","11":"shipping-taxable","12":"purchasable","13":"product-type-simple"},"yoast_head":"<!-- This site is optimized with the Yoast SEO plugin v25.3.1 - https:\/\/yoast.com\/wordpress\/plugins\/seo\/ -->\n<title>GABINETE ESTANCO ACERO INOXIDABLE LINEA FI 600x900x300MM - Tienda Rigelec<\/title>\n<meta name=\"robots\" content=\"index, follow, max-snippet:-1, max-image-preview:large, max-video-preview:-1\" \/>\n<link rel=\"canonical\" href=\"https:\/\/tienda.rigelec.com.ar\/?product=gabinete-estanco-acero-inoxidable-linea-fi-600x900x300mm-2\" \/>\n<meta property=\"og:locale\" content=\"es_ES\" \/>\n<meta property=\"og:type\" content=\"article\" \/>\n<meta property=\"og:title\" content=\"GABINETE ESTANCO ACERO INOXIDABLE LINEA FI 600x900x300MM - Tienda Rigelec\" \/>\n<meta property=\"og:description\" content=\"CARACTERITICAS. Con bandeja de montaje en chapa galvanizada de 1,6mm.  Los gabinetes de la l\u00ednea FI son construidos en chapa de acero inoxidable AISI 304 de 1,5mm de espesor con terminaci\u00f3n esmerilada. Poseen bisagras, cierres y buloner\u00eda del mismo material para impedir corrosiones. Poseen un grado de estanqueidad IP65 gracias al burlete de poliuretano inyectado que se coloca en la puerta\" \/>\n<meta property=\"og:url\" content=\"https:\/\/tienda.rigelec.com.ar\/?product=gabinete-estanco-acero-inoxidable-linea-fi-600x900x300mm-2\" \/>\n<meta property=\"og:site_name\" content=\"Tienda Rigelec\" \/>\n<meta property=\"article:modified_time\" content=\"2026-05-04T15:09:42+00:00\" \/>\n<meta name=\"twitter:card\" content=\"summary_large_image\" \/>\n<script type=\"application\/ld+json\" class=\"yoast-schema-graph\">{\"@context\":\"https:\/\/schema.org\",\"@graph\":[{\"@type\":\"WebPage\",\"@id\":\"https:\/\/tienda.rigelec.com.ar\/?product=gabinete-estanco-acero-inoxidable-linea-fi-600x900x300mm-2\",\"url\":\"https:\/\/tienda.rigelec.com.ar\/?product=gabinete-estanco-acero-inoxidable-linea-fi-600x900x300mm-2\",\"name\":\"GABINETE ESTANCO ACERO INOXIDABLE LINEA FI 600x900x300MM - Tienda Rigelec\",\"isPartOf\":{\"@id\":\"https:\/\/tienda.rigelec.com.ar\/#website\"},\"primaryImageOfPage\":{\"@id\":\"https:\/\/tienda.rigelec.com.ar\/?product=gabinete-estanco-acero-inoxidable-linea-fi-600x900x300mm-2#primaryimage\"},\"image\":{\"@id\":\"https:\/\/tienda.rigelec.com.ar\/?product=gabinete-estanco-acero-inoxidable-linea-fi-600x900x300mm-2#primaryimage\"},\"thumbnailUrl\":\"https:\/\/tienda.rigelec.com.ar\/wp-content\/uploads\/2025\/10\/GABINETEESTANCOACEROINOXIDABLE-1.jpg\",\"datePublished\":\"2025-10-07T22:01:01+00:00\",\"dateModified\":\"2026-05-04T15:09:42+00:00\",\"breadcrumb\":{\"@id\":\"https:\/\/tienda.rigelec.com.ar\/?product=gabinete-estanco-acero-inoxidable-linea-fi-600x900x300mm-2#breadcrumb\"},\"inLanguage\":\"es-AR\",\"potentialAction\":[{\"@type\":\"ReadAction\",\"target\":[\"https:\/\/tienda.rigelec.com.ar\/?product=gabinete-estanco-acero-inoxidable-linea-fi-600x900x300mm-2\"]}]},{\"@type\":\"ImageObject\",\"inLanguage\":\"es-AR\",\"@id\":\"https:\/\/tienda.rigelec.com.ar\/?product=gabinete-estanco-acero-inoxidable-linea-fi-600x900x300mm-2#primaryimage\",\"url\":\"https:\/\/tienda.rigelec.com.ar\/wp-content\/uploads\/2025\/10\/GABINETEESTANCOACEROINOXIDABLE-1.jpg\",\"contentUrl\":\"https:\/\/tienda.rigelec.com.ar\/wp-content\/uploads\/2025\/10\/GABINETEESTANCOACEROINOXIDABLE-1.jpg\",\"width\":2348,\"height\":1771},{\"@type\":\"BreadcrumbList\",\"@id\":\"https:\/\/tienda.rigelec.com.ar\/?product=gabinete-estanco-acero-inoxidable-linea-fi-600x900x300mm-2#breadcrumb\",\"itemListElement\":[{\"@type\":\"ListItem\",\"position\":1,\"name\":\"Inicio\",\"item\":\"https:\/\/tienda.rigelec.com.ar\/\"},{\"@type\":\"ListItem\",\"position\":2,\"name\":\"Shop\",\"item\":\"https:\/\/tienda.rigelec.com.ar\/?page_id=12\"},{\"@type\":\"ListItem\",\"position\":3,\"name\":\"GABINETE ESTANCO ACERO INOXIDABLE LINEA FI 600x900x300MM\"}]},{\"@type\":\"WebSite\",\"@id\":\"https:\/\/tienda.rigelec.com.ar\/#website\",\"url\":\"https:\/\/tienda.rigelec.com.ar\/\",\"name\":\"Tienda Rigelec\",\"description\":\"Energia en movimiento\",\"publisher\":{\"@id\":\"https:\/\/tienda.rigelec.com.ar\/#organization\"},\"potentialAction\":[{\"@type\":\"SearchAction\",\"target\":{\"@type\":\"EntryPoint\",\"urlTemplate\":\"https:\/\/tienda.rigelec.com.ar\/?s={search_term_string}\"},\"query-input\":{\"@type\":\"PropertyValueSpecification\",\"valueRequired\":true,\"valueName\":\"search_term_string\"}}],\"inLanguage\":\"es-AR\"},{\"@type\":\"Organization\",\"@id\":\"https:\/\/tienda.rigelec.com.ar\/#organization\",\"name\":\"Tienda Rigelec\",\"url\":\"https:\/\/tienda.rigelec.com.ar\/\",\"logo\":{\"@type\":\"ImageObject\",\"inLanguage\":\"es-AR\",\"@id\":\"https:\/\/tienda.rigelec.com.ar\/#\/schema\/logo\/image\/\",\"url\":\"https:\/\/tienda.rigelec.com.ar\/wp-content\/uploads\/2024\/09\/isologo-blanco-rigelec.png\",\"contentUrl\":\"https:\/\/tienda.rigelec.com.ar\/wp-content\/uploads\/2024\/09\/isologo-blanco-rigelec.png\",\"width\":94,\"height\":97,\"caption\":\"Tienda Rigelec\"},\"image\":{\"@id\":\"https:\/\/tienda.rigelec.com.ar\/#\/schema\/logo\/image\/\"}}]}<\/script>\n<!-- \/ Yoast SEO plugin. -->","yoast_head_json":{"title":"GABINETE ESTANCO ACERO INOXIDABLE LINEA FI 600x900x300MM - Tienda Rigelec","robots":{"index":"index","follow":"follow","max-snippet":"max-snippet:-1","max-image-preview":"max-image-preview:large","max-video-preview":"max-video-preview:-1"},"canonical":"https:\/\/tienda.rigelec.com.ar\/?product=gabinete-estanco-acero-inoxidable-linea-fi-600x900x300mm-2","og_locale":"es_ES","og_type":"article","og_title":"GABINETE ESTANCO ACERO INOXIDABLE LINEA FI 600x900x300MM - Tienda Rigelec","og_description":"CARACTERITICAS. Con bandeja de montaje en chapa galvanizada de 1,6mm.  Los gabinetes de la l\u00ednea FI son construidos en chapa de acero inoxidable AISI 304 de 1,5mm de espesor con terminaci\u00f3n esmerilada. Poseen bisagras, cierres y buloner\u00eda del mismo material para impedir corrosiones. Poseen un grado de estanqueidad IP65 gracias al burlete de poliuretano inyectado que se coloca en la puerta","og_url":"https:\/\/tienda.rigelec.com.ar\/?product=gabinete-estanco-acero-inoxidable-linea-fi-600x900x300mm-2","og_site_name":"Tienda Rigelec","article_modified_time":"2026-05-04T15:09:42+00:00","twitter_card":"summary_large_image","schema":{"@context":"https:\/\/schema.org","@graph":[{"@type":"WebPage","@id":"https:\/\/tienda.rigelec.com.ar\/?product=gabinete-estanco-acero-inoxidable-linea-fi-600x900x300mm-2","url":"https:\/\/tienda.rigelec.com.ar\/?product=gabinete-estanco-acero-inoxidable-linea-fi-600x900x300mm-2","name":"GABINETE ESTANCO ACERO INOXIDABLE LINEA FI 600x900x300MM - Tienda Rigelec","isPartOf":{"@id":"https:\/\/tienda.rigelec.com.ar\/#website"},"primaryImageOfPage":{"@id":"https:\/\/tienda.rigelec.com.ar\/?product=gabinete-estanco-acero-inoxidable-linea-fi-600x900x300mm-2#primaryimage"},"image":{"@id":"https:\/\/tienda.rigelec.com.ar\/?product=gabinete-estanco-acero-inoxidable-linea-fi-600x900x300mm-2#primaryimage"},"thumbnailUrl":"https:\/\/tienda.rigelec.com.ar\/wp-content\/uploads\/2025\/10\/GABINETEESTANCOACEROINOXIDABLE-1.jpg","datePublished":"2025-10-07T22:01:01+00:00","dateModified":"2026-05-04T15:09:42+00:00","breadcrumb":{"@id":"https:\/\/tienda.rigelec.com.ar\/?product=gabinete-estanco-acero-inoxidable-linea-fi-600x900x300mm-2#breadcrumb"},"inLanguage":"es-AR","potentialAction":[{"@type":"ReadAction","target":["https:\/\/tienda.rigelec.com.ar\/?product=gabinete-estanco-acero-inoxidable-linea-fi-600x900x300mm-2"]}]},{"@type":"ImageObject","inLanguage":"es-AR","@id":"https:\/\/tienda.rigelec.com.ar\/?product=gabinete-estanco-acero-inoxidable-linea-fi-600x900x300mm-2#primaryimage","url":"https:\/\/tienda.rigelec.com.ar\/wp-content\/uploads\/2025\/10\/GABINETEESTANCOACEROINOXIDABLE-1.jpg","contentUrl":"https:\/\/tienda.rigelec.com.ar\/wp-content\/uploads\/2025\/10\/GABINETEESTANCOACEROINOXIDABLE-1.jpg","width":2348,"height":1771},{"@type":"BreadcrumbList","@id":"https:\/\/tienda.rigelec.com.ar\/?product=gabinete-estanco-acero-inoxidable-linea-fi-600x900x300mm-2#breadcrumb","itemListElement":[{"@type":"ListItem","position":1,"name":"Inicio","item":"https:\/\/tienda.rigelec.com.ar\/"},{"@type":"ListItem","position":2,"name":"Shop","item":"https:\/\/tienda.rigelec.com.ar\/?page_id=12"},{"@type":"ListItem","position":3,"name":"GABINETE ESTANCO ACERO INOXIDABLE LINEA FI 600x900x300MM"}]},{"@type":"WebSite","@id":"https:\/\/tienda.rigelec.com.ar\/#website","url":"https:\/\/tienda.rigelec.com.ar\/","name":"Tienda Rigelec","description":"Energia en movimiento","publisher":{"@id":"https:\/\/tienda.rigelec.com.ar\/#organization"},"potentialAction":[{"@type":"SearchAction","target":{"@type":"EntryPoint","urlTemplate":"https:\/\/tienda.rigelec.com.ar\/?s={search_term_string}"},"query-input":{"@type":"PropertyValueSpecification","valueRequired":true,"valueName":"search_term_string"}}],"inLanguage":"es-AR"},{"@type":"Organization","@id":"https:\/\/tienda.rigelec.com.ar\/#organization","name":"Tienda Rigelec","url":"https:\/\/tienda.rigelec.com.ar\/","logo":{"@type":"ImageObject","inLanguage":"es-AR","@id":"https:\/\/tienda.rigelec.com.ar\/#\/schema\/logo\/image\/","url":"https:\/\/tienda.rigelec.com.ar\/wp-content\/uploads\/2024\/09\/isologo-blanco-rigelec.png","contentUrl":"https:\/\/tienda.rigelec.com.ar\/wp-content\/uploads\/2024\/09\/isologo-blanco-rigelec.png","width":94,"height":97,"caption":"Tienda Rigelec"},"image":{"@id":"https:\/\/tienda.rigelec.com.ar\/#\/schema\/logo\/image\/"}}]}},"jetpack_sharing_enabled":true,"_links":{"self":[{"href":"https:\/\/tienda.rigelec.com.ar\/index.php?rest_route=\/wp\/v2\/product\/34349","targetHints":{"allow":["GET"]}}],"collection":[{"href":"https:\/\/tienda.rigelec.com.ar\/index.php?rest_route=\/wp\/v2\/product"}],"about":[{"href":"https:\/\/tienda.rigelec.com.ar\/index.php?rest_route=\/wp\/v2\/types\/product"}],"replies":[{"embeddable":true,"href":"https:\/\/tienda.rigelec.com.ar\/index.php?rest_route=%2Fwp%2Fv2%2Fcomments&post=34349"}],"wp:featuredmedia":[{"embeddable":true,"href":"https:\/\/tienda.rigelec.com.ar\/index.php?rest_route=\/wp\/v2\/media\/34350"}],"wp:attachment":[{"href":"https:\/\/tienda.rigelec.com.ar\/index.php?rest_route=%2Fwp%2Fv2%2Fmedia&parent=34349"}],"wp:term":[{"taxonomy":"product_brand","embeddable":true,"href":"https:\/\/tienda.rigelec.com.ar\/index.php?rest_route=%2Fwp%2Fv2%2Fproduct_brand&post=34349"},{"taxonomy":"product_cat","embeddable":true,"href":"https:\/\/tienda.rigelec.com.ar\/index.php?rest_route=%2Fwp%2Fv2%2Fproduct_cat&post=34349"},{"taxonomy":"product_tag","embeddable":true,"href":"https:\/\/tienda.rigelec.com.ar\/index.php?rest_route=%2Fwp%2Fv2%2Fproduct_tag&post=34349"}],"curies":[{"name":"wp","href":"https:\/\/api.w.org\/{rel}","templated":true}]}}