{"id":34448,"date":"2025-10-14T21:14:45","date_gmt":"2025-10-15T00:14:45","guid":{"rendered":"https:\/\/tienda.rigelec.com.ar\/?product=rele-varimetrico-8-pasos-easylogic-3a-250v"},"modified":"2026-05-03T22:34:46","modified_gmt":"2026-05-04T01:34:46","slug":"rele-varimetrico-8-pasos-easylogic-3a-250v","status":"publish","type":"product","link":"https:\/\/tienda.rigelec.com.ar\/?product=rele-varimetrico-8-pasos-easylogic-3a-250v","title":{"rendered":"RELE VARIMETRICO 8 PASOS EASYLOGIC 3A &#8211; 250V"},"content":{"rendered":"<p>RELE VARIMETRICO 8 PASOS<\/p>\n","protected":false},"excerpt":{"rendered":"<p>Los controladores Varlogic monitorean de manera permanente la potencia reactiva de la instalaci\u00f3n. Este dispositivo tambi\u00e9n controla la conexi\u00f3n y desconexi\u00f3n de los pasos del capacitor para obtener el factor de potencia objetivo. En caso de sobretensi\u00f3n, factor de baja potencia o compensaci\u00f3n excesiva, se activar\u00e1 un rel\u00e9 de alarma. El usuario puede ajustar el factor de potencia de 0,85 induct a 1. El nuevo algoritmo de control fue dise\u00f1ado para reducir el n\u00famero de operaciones de conmutaci\u00f3n para llegar r\u00e1pidamente al factor de potencia objetivo. Esta versi\u00f3n incluye 8 contactos de salida de paso para una gama de compensaciones. Los contactos de salida est\u00e1n calibrados para una carga de 3 amperios a 250 V o 1 amperio a 400 V. La fuente de alimentaci\u00f3n permite la entrada de tensi\u00f3n de 320 a 460 V Las dimensiones del controlador son 143 mm de ancho, 143 mm de altura, 67 mm de profundidad para un peso de producto de 800 g. Certificada para compatibilidad electromagn\u00e9tica con IEC 61326, IEC 61000-6-2 e IEC 61000-6-4. Se necesitar\u00e1 un interruptor de 139 mm por 139 mm para el montaje del panel empotrado.<\/p>\n","protected":false},"featured_media":34449,"comment_status":"open","ping_status":"closed","template":"","meta":{"_monsterinsights_skip_tracking":false,"_monsterinsights_sitenote_active":false,"_monsterinsights_sitenote_note":"","_monsterinsights_sitenote_category":0},"product_brand":[],"product_cat":[327],"product_tag":[450],"class_list":{"0":"post-34448","1":"product","2":"type-product","3":"status-publish","4":"has-post-thumbnail","6":"product_cat-c-descargadores","7":"product_tag-schneider","9":"first","10":"outofstock","11":"shipping-taxable","12":"purchasable","13":"product-type-simple"},"yoast_head":"<!-- This site is optimized with the Yoast SEO plugin v25.3.1 - https:\/\/yoast.com\/wordpress\/plugins\/seo\/ -->\n<title>RELE VARIMETRICO 8 PASOS EASYLOGIC 3A - 250V - Tienda Rigelec<\/title>\n<meta name=\"robots\" content=\"index, follow, max-snippet:-1, max-image-preview:large, max-video-preview:-1\" \/>\n<link rel=\"canonical\" href=\"https:\/\/tienda.rigelec.com.ar\/?product=rele-varimetrico-8-pasos-easylogic-3a-250v\" \/>\n<meta property=\"og:locale\" content=\"es_ES\" \/>\n<meta property=\"og:type\" content=\"article\" \/>\n<meta property=\"og:title\" content=\"RELE VARIMETRICO 8 PASOS EASYLOGIC 3A - 250V - Tienda Rigelec\" \/>\n<meta property=\"og:description\" content=\"Los controladores Varlogic monitorean de manera permanente la potencia reactiva de la instalaci\u00f3n. Este dispositivo tambi\u00e9n controla la conexi\u00f3n y desconexi\u00f3n de los pasos del capacitor para obtener el factor de potencia objetivo. En caso de sobretensi\u00f3n, factor de baja potencia o compensaci\u00f3n excesiva, se activar\u00e1 un rel\u00e9 de alarma. El usuario puede ajustar el factor de potencia de 0,85 induct a 1. El nuevo algoritmo de control fue dise\u00f1ado para reducir el n\u00famero de operaciones de conmutaci\u00f3n para llegar r\u00e1pidamente al factor de potencia objetivo. Esta versi\u00f3n incluye 8 contactos de salida de paso para una gama de compensaciones. Los contactos de salida est\u00e1n calibrados para una carga de 3 amperios a 250 V o 1 amperio a 400 V. La fuente de alimentaci\u00f3n permite la entrada de tensi\u00f3n de 320 a 460 V Las dimensiones del controlador son 143 mm de ancho, 143 mm de altura, 67 mm de profundidad para un peso de producto de 800 g. Certificada para compatibilidad electromagn\u00e9tica con IEC 61326, IEC 61000-6-2 e IEC 61000-6-4. Se necesitar\u00e1 un interruptor de 139 mm por 139 mm para el montaje del panel empotrado.\" \/>\n<meta property=\"og:url\" content=\"https:\/\/tienda.rigelec.com.ar\/?product=rele-varimetrico-8-pasos-easylogic-3a-250v\" \/>\n<meta property=\"og:site_name\" content=\"Tienda Rigelec\" \/>\n<meta property=\"article:modified_time\" content=\"2026-05-04T01:34:46+00:00\" \/>\n<meta name=\"twitter:card\" content=\"summary_large_image\" \/>\n<script type=\"application\/ld+json\" class=\"yoast-schema-graph\">{\"@context\":\"https:\/\/schema.org\",\"@graph\":[{\"@type\":\"WebPage\",\"@id\":\"https:\/\/tienda.rigelec.com.ar\/?product=rele-varimetrico-8-pasos-easylogic-3a-250v\",\"url\":\"https:\/\/tienda.rigelec.com.ar\/?product=rele-varimetrico-8-pasos-easylogic-3a-250v\",\"name\":\"RELE VARIMETRICO 8 PASOS EASYLOGIC 3A - 250V - Tienda Rigelec\",\"isPartOf\":{\"@id\":\"https:\/\/tienda.rigelec.com.ar\/#website\"},\"primaryImageOfPage\":{\"@id\":\"https:\/\/tienda.rigelec.com.ar\/?product=rele-varimetrico-8-pasos-easylogic-3a-250v#primaryimage\"},\"image\":{\"@id\":\"https:\/\/tienda.rigelec.com.ar\/?product=rele-varimetrico-8-pasos-easylogic-3a-250v#primaryimage\"},\"thumbnailUrl\":\"https:\/\/tienda.rigelec.com.ar\/wp-content\/uploads\/2025\/10\/RELEVARIMETRICO8PASOS.jpg\",\"datePublished\":\"2025-10-15T00:14:45+00:00\",\"dateModified\":\"2026-05-04T01:34:46+00:00\",\"breadcrumb\":{\"@id\":\"https:\/\/tienda.rigelec.com.ar\/?product=rele-varimetrico-8-pasos-easylogic-3a-250v#breadcrumb\"},\"inLanguage\":\"es-AR\",\"potentialAction\":[{\"@type\":\"ReadAction\",\"target\":[\"https:\/\/tienda.rigelec.com.ar\/?product=rele-varimetrico-8-pasos-easylogic-3a-250v\"]}]},{\"@type\":\"ImageObject\",\"inLanguage\":\"es-AR\",\"@id\":\"https:\/\/tienda.rigelec.com.ar\/?product=rele-varimetrico-8-pasos-easylogic-3a-250v#primaryimage\",\"url\":\"https:\/\/tienda.rigelec.com.ar\/wp-content\/uploads\/2025\/10\/RELEVARIMETRICO8PASOS.jpg\",\"contentUrl\":\"https:\/\/tienda.rigelec.com.ar\/wp-content\/uploads\/2025\/10\/RELEVARIMETRICO8PASOS.jpg\",\"width\":1080,\"height\":1080},{\"@type\":\"BreadcrumbList\",\"@id\":\"https:\/\/tienda.rigelec.com.ar\/?product=rele-varimetrico-8-pasos-easylogic-3a-250v#breadcrumb\",\"itemListElement\":[{\"@type\":\"ListItem\",\"position\":1,\"name\":\"Inicio\",\"item\":\"https:\/\/tienda.rigelec.com.ar\/\"},{\"@type\":\"ListItem\",\"position\":2,\"name\":\"Shop\",\"item\":\"https:\/\/tienda.rigelec.com.ar\/?page_id=12\"},{\"@type\":\"ListItem\",\"position\":3,\"name\":\"RELE VARIMETRICO 8 PASOS EASYLOGIC 3A &#8211; 250V\"}]},{\"@type\":\"WebSite\",\"@id\":\"https:\/\/tienda.rigelec.com.ar\/#website\",\"url\":\"https:\/\/tienda.rigelec.com.ar\/\",\"name\":\"Tienda Rigelec\",\"description\":\"Energia en movimiento\",\"publisher\":{\"@id\":\"https:\/\/tienda.rigelec.com.ar\/#organization\"},\"potentialAction\":[{\"@type\":\"SearchAction\",\"target\":{\"@type\":\"EntryPoint\",\"urlTemplate\":\"https:\/\/tienda.rigelec.com.ar\/?s={search_term_string}\"},\"query-input\":{\"@type\":\"PropertyValueSpecification\",\"valueRequired\":true,\"valueName\":\"search_term_string\"}}],\"inLanguage\":\"es-AR\"},{\"@type\":\"Organization\",\"@id\":\"https:\/\/tienda.rigelec.com.ar\/#organization\",\"name\":\"Tienda Rigelec\",\"url\":\"https:\/\/tienda.rigelec.com.ar\/\",\"logo\":{\"@type\":\"ImageObject\",\"inLanguage\":\"es-AR\",\"@id\":\"https:\/\/tienda.rigelec.com.ar\/#\/schema\/logo\/image\/\",\"url\":\"https:\/\/tienda.rigelec.com.ar\/wp-content\/uploads\/2024\/09\/isologo-blanco-rigelec.png\",\"contentUrl\":\"https:\/\/tienda.rigelec.com.ar\/wp-content\/uploads\/2024\/09\/isologo-blanco-rigelec.png\",\"width\":94,\"height\":97,\"caption\":\"Tienda Rigelec\"},\"image\":{\"@id\":\"https:\/\/tienda.rigelec.com.ar\/#\/schema\/logo\/image\/\"}}]}<\/script>\n<!-- \/ Yoast SEO plugin. -->","yoast_head_json":{"title":"RELE VARIMETRICO 8 PASOS EASYLOGIC 3A - 250V - Tienda Rigelec","robots":{"index":"index","follow":"follow","max-snippet":"max-snippet:-1","max-image-preview":"max-image-preview:large","max-video-preview":"max-video-preview:-1"},"canonical":"https:\/\/tienda.rigelec.com.ar\/?product=rele-varimetrico-8-pasos-easylogic-3a-250v","og_locale":"es_ES","og_type":"article","og_title":"RELE VARIMETRICO 8 PASOS EASYLOGIC 3A - 250V - Tienda Rigelec","og_description":"Los controladores Varlogic monitorean de manera permanente la potencia reactiva de la instalaci\u00f3n. Este dispositivo tambi\u00e9n controla la conexi\u00f3n y desconexi\u00f3n de los pasos del capacitor para obtener el factor de potencia objetivo. En caso de sobretensi\u00f3n, factor de baja potencia o compensaci\u00f3n excesiva, se activar\u00e1 un rel\u00e9 de alarma. El usuario puede ajustar el factor de potencia de 0,85 induct a 1. El nuevo algoritmo de control fue dise\u00f1ado para reducir el n\u00famero de operaciones de conmutaci\u00f3n para llegar r\u00e1pidamente al factor de potencia objetivo. Esta versi\u00f3n incluye 8 contactos de salida de paso para una gama de compensaciones. Los contactos de salida est\u00e1n calibrados para una carga de 3 amperios a 250 V o 1 amperio a 400 V. La fuente de alimentaci\u00f3n permite la entrada de tensi\u00f3n de 320 a 460 V Las dimensiones del controlador son 143 mm de ancho, 143 mm de altura, 67 mm de profundidad para un peso de producto de 800 g. Certificada para compatibilidad electromagn\u00e9tica con IEC 61326, IEC 61000-6-2 e IEC 61000-6-4. Se necesitar\u00e1 un interruptor de 139 mm por 139 mm para el montaje del panel empotrado.","og_url":"https:\/\/tienda.rigelec.com.ar\/?product=rele-varimetrico-8-pasos-easylogic-3a-250v","og_site_name":"Tienda Rigelec","article_modified_time":"2026-05-04T01:34:46+00:00","twitter_card":"summary_large_image","schema":{"@context":"https:\/\/schema.org","@graph":[{"@type":"WebPage","@id":"https:\/\/tienda.rigelec.com.ar\/?product=rele-varimetrico-8-pasos-easylogic-3a-250v","url":"https:\/\/tienda.rigelec.com.ar\/?product=rele-varimetrico-8-pasos-easylogic-3a-250v","name":"RELE VARIMETRICO 8 PASOS EASYLOGIC 3A - 250V - Tienda Rigelec","isPartOf":{"@id":"https:\/\/tienda.rigelec.com.ar\/#website"},"primaryImageOfPage":{"@id":"https:\/\/tienda.rigelec.com.ar\/?product=rele-varimetrico-8-pasos-easylogic-3a-250v#primaryimage"},"image":{"@id":"https:\/\/tienda.rigelec.com.ar\/?product=rele-varimetrico-8-pasos-easylogic-3a-250v#primaryimage"},"thumbnailUrl":"https:\/\/tienda.rigelec.com.ar\/wp-content\/uploads\/2025\/10\/RELEVARIMETRICO8PASOS.jpg","datePublished":"2025-10-15T00:14:45+00:00","dateModified":"2026-05-04T01:34:46+00:00","breadcrumb":{"@id":"https:\/\/tienda.rigelec.com.ar\/?product=rele-varimetrico-8-pasos-easylogic-3a-250v#breadcrumb"},"inLanguage":"es-AR","potentialAction":[{"@type":"ReadAction","target":["https:\/\/tienda.rigelec.com.ar\/?product=rele-varimetrico-8-pasos-easylogic-3a-250v"]}]},{"@type":"ImageObject","inLanguage":"es-AR","@id":"https:\/\/tienda.rigelec.com.ar\/?product=rele-varimetrico-8-pasos-easylogic-3a-250v#primaryimage","url":"https:\/\/tienda.rigelec.com.ar\/wp-content\/uploads\/2025\/10\/RELEVARIMETRICO8PASOS.jpg","contentUrl":"https:\/\/tienda.rigelec.com.ar\/wp-content\/uploads\/2025\/10\/RELEVARIMETRICO8PASOS.jpg","width":1080,"height":1080},{"@type":"BreadcrumbList","@id":"https:\/\/tienda.rigelec.com.ar\/?product=rele-varimetrico-8-pasos-easylogic-3a-250v#breadcrumb","itemListElement":[{"@type":"ListItem","position":1,"name":"Inicio","item":"https:\/\/tienda.rigelec.com.ar\/"},{"@type":"ListItem","position":2,"name":"Shop","item":"https:\/\/tienda.rigelec.com.ar\/?page_id=12"},{"@type":"ListItem","position":3,"name":"RELE VARIMETRICO 8 PASOS EASYLOGIC 3A &#8211; 250V"}]},{"@type":"WebSite","@id":"https:\/\/tienda.rigelec.com.ar\/#website","url":"https:\/\/tienda.rigelec.com.ar\/","name":"Tienda Rigelec","description":"Energia en movimiento","publisher":{"@id":"https:\/\/tienda.rigelec.com.ar\/#organization"},"potentialAction":[{"@type":"SearchAction","target":{"@type":"EntryPoint","urlTemplate":"https:\/\/tienda.rigelec.com.ar\/?s={search_term_string}"},"query-input":{"@type":"PropertyValueSpecification","valueRequired":true,"valueName":"search_term_string"}}],"inLanguage":"es-AR"},{"@type":"Organization","@id":"https:\/\/tienda.rigelec.com.ar\/#organization","name":"Tienda Rigelec","url":"https:\/\/tienda.rigelec.com.ar\/","logo":{"@type":"ImageObject","inLanguage":"es-AR","@id":"https:\/\/tienda.rigelec.com.ar\/#\/schema\/logo\/image\/","url":"https:\/\/tienda.rigelec.com.ar\/wp-content\/uploads\/2024\/09\/isologo-blanco-rigelec.png","contentUrl":"https:\/\/tienda.rigelec.com.ar\/wp-content\/uploads\/2024\/09\/isologo-blanco-rigelec.png","width":94,"height":97,"caption":"Tienda Rigelec"},"image":{"@id":"https:\/\/tienda.rigelec.com.ar\/#\/schema\/logo\/image\/"}}]}},"jetpack_sharing_enabled":true,"_links":{"self":[{"href":"https:\/\/tienda.rigelec.com.ar\/index.php?rest_route=\/wp\/v2\/product\/34448","targetHints":{"allow":["GET"]}}],"collection":[{"href":"https:\/\/tienda.rigelec.com.ar\/index.php?rest_route=\/wp\/v2\/product"}],"about":[{"href":"https:\/\/tienda.rigelec.com.ar\/index.php?rest_route=\/wp\/v2\/types\/product"}],"replies":[{"embeddable":true,"href":"https:\/\/tienda.rigelec.com.ar\/index.php?rest_route=%2Fwp%2Fv2%2Fcomments&post=34448"}],"wp:featuredmedia":[{"embeddable":true,"href":"https:\/\/tienda.rigelec.com.ar\/index.php?rest_route=\/wp\/v2\/media\/34449"}],"wp:attachment":[{"href":"https:\/\/tienda.rigelec.com.ar\/index.php?rest_route=%2Fwp%2Fv2%2Fmedia&parent=34448"}],"wp:term":[{"taxonomy":"product_brand","embeddable":true,"href":"https:\/\/tienda.rigelec.com.ar\/index.php?rest_route=%2Fwp%2Fv2%2Fproduct_brand&post=34448"},{"taxonomy":"product_cat","embeddable":true,"href":"https:\/\/tienda.rigelec.com.ar\/index.php?rest_route=%2Fwp%2Fv2%2Fproduct_cat&post=34448"},{"taxonomy":"product_tag","embeddable":true,"href":"https:\/\/tienda.rigelec.com.ar\/index.php?rest_route=%2Fwp%2Fv2%2Fproduct_tag&post=34448"}],"curies":[{"name":"wp","href":"https:\/\/api.w.org\/{rel}","templated":true}]}}