{"id":34450,"date":"2025-10-14T21:14:56","date_gmt":"2025-10-15T00:14:56","guid":{"rendered":"https:\/\/tienda.rigelec.com.ar\/?product=interruptor-compacto-en-caja-moldeada-easypact-3x25ka-125a-415vca"},"modified":"2026-05-01T02:39:34","modified_gmt":"2026-05-01T05:39:34","slug":"interruptor-compacto-en-caja-moldeada-easypact-3x25ka-125a-415vca","status":"publish","type":"product","link":"https:\/\/tienda.rigelec.com.ar\/?product=interruptor-compacto-en-caja-moldeada-easypact-3x25ka-125a-415vca","title":{"rendered":"INTERRUPTOR COMPACTO EN CAJA MOLDEADA EASYPACT 3X25KA -125A &#8211; 415VCA"},"content":{"rendered":"<p>INTERRUPTOR COMPACTO EN CAJA MOLDEADA<\/p>\n","protected":false},"excerpt":{"rendered":"<p>&#8220;Easypact de Schneider Electric es la soluci\u00f3n f\u00e1cil y sencilla que responde a todas las necesidades en t\u00e9rminos de protecci\u00f3n de instalaciones el\u00e9ctricas de baja tensi\u00f3n.&#8221; &#8220;EasyPact CVS160B es un interruptor termomagn\u00e9tico, o llave t\u00e9rmica, fijo 3d de 3P polos con un alto nivel de rendimiento y funcionalidad econ\u00f3mica.&#8221; &#8220;Es una opci\u00f3n \u00f3ptima para aplicaciones de protecci\u00f3n de edificios peque\u00f1os y medianos.&#8221; &#8220;La capacidad de corte (Icu) es de 25kA rms a 415VCA 50\/60Hz. &#8221; &#8220;La tensi\u00f3n de funcionamiento es 440 VCA 50\/60 Hz.&#8221; &#8220;Esta llave t\u00e9rmica incluye una unidad de control magnetot\u00e9rmica (TMD) de clasificaci\u00f3n 160A.&#8221; &#8220;La unidad de desconexi\u00f3n TMD proporciona una protecci\u00f3n t\u00e9rmica ajustable contra sobrecargas y una protecci\u00f3n magn\u00e9tica fija.&#8221; &#8220;Esta versi\u00f3n de 3 polos con dimensiones de 105mm (An.) x 161mmn (Alt.) x 86mm (Prof.), incluye una variedad de funciones y accesorios opcionales.&#8221; &#8220;Adem\u00e1s, puede instalarse en paneles de conmutaci\u00f3n de aislamiento de clase II, ya que es un dispositivo de cara frontal clase II (IEC 60664-1).&#8221; &#8220;Este producto cumple las normas internacionales (IEC 60947, CCC, EAC).&#8221; &#8220;Los interruptores termomagn\u00e9ticos Easypact CVS cuentan con la etiqueta Green PremiumTM,&#8221; &#8220;la cual promete el cumplimiento de las reglamentaciones m\u00e1s recientes, transparencia sobre los impactos medioambientales, productos circulares y de bajo nivel de CO2.&#8221;<\/p>\n","protected":false},"featured_media":34451,"comment_status":"open","ping_status":"closed","template":"","meta":{"_monsterinsights_skip_tracking":false,"_monsterinsights_sitenote_active":false,"_monsterinsights_sitenote_note":"","_monsterinsights_sitenote_category":0},"product_brand":[],"product_cat":[151],"product_tag":[450],"class_list":{"0":"post-34450","1":"product","2":"type-product","3":"status-publish","4":"has-post-thumbnail","6":"product_cat-k-interruptor-compacto","7":"product_tag-schneider","9":"first","10":"outofstock","11":"shipping-taxable","12":"purchasable","13":"product-type-simple"},"yoast_head":"<!-- This site is optimized with the Yoast SEO plugin v25.3.1 - https:\/\/yoast.com\/wordpress\/plugins\/seo\/ -->\n<title>INTERRUPTOR COMPACTO EN CAJA MOLDEADA EASYPACT 3X25KA -125A - 415VCA - Tienda Rigelec<\/title>\n<meta name=\"robots\" content=\"index, follow, max-snippet:-1, max-image-preview:large, max-video-preview:-1\" \/>\n<link rel=\"canonical\" href=\"https:\/\/tienda.rigelec.com.ar\/?product=interruptor-compacto-en-caja-moldeada-easypact-3x25ka-125a-415vca\" \/>\n<meta property=\"og:locale\" content=\"es_ES\" \/>\n<meta property=\"og:type\" content=\"article\" \/>\n<meta property=\"og:title\" content=\"INTERRUPTOR COMPACTO EN CAJA MOLDEADA EASYPACT 3X25KA -125A - 415VCA - Tienda Rigelec\" \/>\n<meta property=\"og:description\" content=\"&quot;Easypact de Schneider Electric es la soluci\u00f3n f\u00e1cil y sencilla que responde a todas las necesidades en t\u00e9rminos de protecci\u00f3n de instalaciones el\u00e9ctricas de baja tensi\u00f3n.&quot; &quot;EasyPact CVS160B es un interruptor termomagn\u00e9tico, o llave t\u00e9rmica, fijo 3d de 3P polos con un alto nivel de rendimiento y funcionalidad econ\u00f3mica.&quot; &quot;Es una opci\u00f3n \u00f3ptima para aplicaciones de protecci\u00f3n de edificios peque\u00f1os y medianos.&quot; &quot;La capacidad de corte (Icu) es de 25kA rms a 415VCA 50\/60Hz. &quot; &quot;La tensi\u00f3n de funcionamiento es 440 VCA 50\/60 Hz.&quot; &quot;Esta llave t\u00e9rmica incluye una unidad de control magnetot\u00e9rmica (TMD) de clasificaci\u00f3n 160A.&quot; &quot;La unidad de desconexi\u00f3n TMD proporciona una protecci\u00f3n t\u00e9rmica ajustable contra sobrecargas y una protecci\u00f3n magn\u00e9tica fija.&quot; &quot;Esta versi\u00f3n de 3 polos con dimensiones de 105mm (An.) x 161mmn (Alt.) x 86mm (Prof.), incluye una variedad de funciones y accesorios opcionales.&quot; &quot;Adem\u00e1s, puede instalarse en paneles de conmutaci\u00f3n de aislamiento de clase II, ya que es un dispositivo de cara frontal clase II (IEC 60664-1).&quot; &quot;Este producto cumple las normas internacionales (IEC 60947, CCC, EAC).&quot; &quot;Los interruptores termomagn\u00e9ticos Easypact CVS cuentan con la etiqueta Green PremiumTM,&quot; &quot;la cual promete el cumplimiento de las reglamentaciones m\u00e1s recientes, transparencia sobre los impactos medioambientales, productos circulares y de bajo nivel de CO2.&quot;\" \/>\n<meta property=\"og:url\" content=\"https:\/\/tienda.rigelec.com.ar\/?product=interruptor-compacto-en-caja-moldeada-easypact-3x25ka-125a-415vca\" \/>\n<meta property=\"og:site_name\" content=\"Tienda Rigelec\" \/>\n<meta property=\"article:modified_time\" content=\"2026-05-01T05:39:34+00:00\" \/>\n<meta name=\"twitter:card\" content=\"summary_large_image\" \/>\n<script type=\"application\/ld+json\" class=\"yoast-schema-graph\">{\"@context\":\"https:\/\/schema.org\",\"@graph\":[{\"@type\":\"WebPage\",\"@id\":\"https:\/\/tienda.rigelec.com.ar\/?product=interruptor-compacto-en-caja-moldeada-easypact-3x25ka-125a-415vca\",\"url\":\"https:\/\/tienda.rigelec.com.ar\/?product=interruptor-compacto-en-caja-moldeada-easypact-3x25ka-125a-415vca\",\"name\":\"INTERRUPTOR COMPACTO EN CAJA MOLDEADA EASYPACT 3X25KA -125A - 415VCA - Tienda Rigelec\",\"isPartOf\":{\"@id\":\"https:\/\/tienda.rigelec.com.ar\/#website\"},\"primaryImageOfPage\":{\"@id\":\"https:\/\/tienda.rigelec.com.ar\/?product=interruptor-compacto-en-caja-moldeada-easypact-3x25ka-125a-415vca#primaryimage\"},\"image\":{\"@id\":\"https:\/\/tienda.rigelec.com.ar\/?product=interruptor-compacto-en-caja-moldeada-easypact-3x25ka-125a-415vca#primaryimage\"},\"thumbnailUrl\":\"https:\/\/tienda.rigelec.com.ar\/wp-content\/uploads\/2025\/10\/INTERRUPTORCOMPACTOENCAJAMOLDEADA.jpg\",\"datePublished\":\"2025-10-15T00:14:56+00:00\",\"dateModified\":\"2026-05-01T05:39:34+00:00\",\"breadcrumb\":{\"@id\":\"https:\/\/tienda.rigelec.com.ar\/?product=interruptor-compacto-en-caja-moldeada-easypact-3x25ka-125a-415vca#breadcrumb\"},\"inLanguage\":\"es-AR\",\"potentialAction\":[{\"@type\":\"ReadAction\",\"target\":[\"https:\/\/tienda.rigelec.com.ar\/?product=interruptor-compacto-en-caja-moldeada-easypact-3x25ka-125a-415vca\"]}]},{\"@type\":\"ImageObject\",\"inLanguage\":\"es-AR\",\"@id\":\"https:\/\/tienda.rigelec.com.ar\/?product=interruptor-compacto-en-caja-moldeada-easypact-3x25ka-125a-415vca#primaryimage\",\"url\":\"https:\/\/tienda.rigelec.com.ar\/wp-content\/uploads\/2025\/10\/INTERRUPTORCOMPACTOENCAJAMOLDEADA.jpg\",\"contentUrl\":\"https:\/\/tienda.rigelec.com.ar\/wp-content\/uploads\/2025\/10\/INTERRUPTORCOMPACTOENCAJAMOLDEADA.jpg\",\"width\":1080,\"height\":1080},{\"@type\":\"BreadcrumbList\",\"@id\":\"https:\/\/tienda.rigelec.com.ar\/?product=interruptor-compacto-en-caja-moldeada-easypact-3x25ka-125a-415vca#breadcrumb\",\"itemListElement\":[{\"@type\":\"ListItem\",\"position\":1,\"name\":\"Inicio\",\"item\":\"https:\/\/tienda.rigelec.com.ar\/\"},{\"@type\":\"ListItem\",\"position\":2,\"name\":\"Shop\",\"item\":\"https:\/\/tienda.rigelec.com.ar\/?page_id=12\"},{\"@type\":\"ListItem\",\"position\":3,\"name\":\"INTERRUPTOR COMPACTO EN CAJA MOLDEADA EASYPACT 3X25KA -125A &#8211; 415VCA\"}]},{\"@type\":\"WebSite\",\"@id\":\"https:\/\/tienda.rigelec.com.ar\/#website\",\"url\":\"https:\/\/tienda.rigelec.com.ar\/\",\"name\":\"Tienda Rigelec\",\"description\":\"Energia en movimiento\",\"publisher\":{\"@id\":\"https:\/\/tienda.rigelec.com.ar\/#organization\"},\"potentialAction\":[{\"@type\":\"SearchAction\",\"target\":{\"@type\":\"EntryPoint\",\"urlTemplate\":\"https:\/\/tienda.rigelec.com.ar\/?s={search_term_string}\"},\"query-input\":{\"@type\":\"PropertyValueSpecification\",\"valueRequired\":true,\"valueName\":\"search_term_string\"}}],\"inLanguage\":\"es-AR\"},{\"@type\":\"Organization\",\"@id\":\"https:\/\/tienda.rigelec.com.ar\/#organization\",\"name\":\"Tienda Rigelec\",\"url\":\"https:\/\/tienda.rigelec.com.ar\/\",\"logo\":{\"@type\":\"ImageObject\",\"inLanguage\":\"es-AR\",\"@id\":\"https:\/\/tienda.rigelec.com.ar\/#\/schema\/logo\/image\/\",\"url\":\"https:\/\/tienda.rigelec.com.ar\/wp-content\/uploads\/2024\/09\/isologo-blanco-rigelec.png\",\"contentUrl\":\"https:\/\/tienda.rigelec.com.ar\/wp-content\/uploads\/2024\/09\/isologo-blanco-rigelec.png\",\"width\":94,\"height\":97,\"caption\":\"Tienda Rigelec\"},\"image\":{\"@id\":\"https:\/\/tienda.rigelec.com.ar\/#\/schema\/logo\/image\/\"}}]}<\/script>\n<!-- \/ Yoast SEO plugin. -->","yoast_head_json":{"title":"INTERRUPTOR COMPACTO EN CAJA MOLDEADA EASYPACT 3X25KA -125A - 415VCA - Tienda Rigelec","robots":{"index":"index","follow":"follow","max-snippet":"max-snippet:-1","max-image-preview":"max-image-preview:large","max-video-preview":"max-video-preview:-1"},"canonical":"https:\/\/tienda.rigelec.com.ar\/?product=interruptor-compacto-en-caja-moldeada-easypact-3x25ka-125a-415vca","og_locale":"es_ES","og_type":"article","og_title":"INTERRUPTOR COMPACTO EN CAJA MOLDEADA EASYPACT 3X25KA -125A - 415VCA - Tienda Rigelec","og_description":"\"Easypact de Schneider Electric es la soluci\u00f3n f\u00e1cil y sencilla que responde a todas las necesidades en t\u00e9rminos de protecci\u00f3n de instalaciones el\u00e9ctricas de baja tensi\u00f3n.\" \"EasyPact CVS160B es un interruptor termomagn\u00e9tico, o llave t\u00e9rmica, fijo 3d de 3P polos con un alto nivel de rendimiento y funcionalidad econ\u00f3mica.\" \"Es una opci\u00f3n \u00f3ptima para aplicaciones de protecci\u00f3n de edificios peque\u00f1os y medianos.\" \"La capacidad de corte (Icu) es de 25kA rms a 415VCA 50\/60Hz. \" \"La tensi\u00f3n de funcionamiento es 440 VCA 50\/60 Hz.\" \"Esta llave t\u00e9rmica incluye una unidad de control magnetot\u00e9rmica (TMD) de clasificaci\u00f3n 160A.\" \"La unidad de desconexi\u00f3n TMD proporciona una protecci\u00f3n t\u00e9rmica ajustable contra sobrecargas y una protecci\u00f3n magn\u00e9tica fija.\" \"Esta versi\u00f3n de 3 polos con dimensiones de 105mm (An.) x 161mmn (Alt.) x 86mm (Prof.), incluye una variedad de funciones y accesorios opcionales.\" \"Adem\u00e1s, puede instalarse en paneles de conmutaci\u00f3n de aislamiento de clase II, ya que es un dispositivo de cara frontal clase II (IEC 60664-1).\" \"Este producto cumple las normas internacionales (IEC 60947, CCC, EAC).\" \"Los interruptores termomagn\u00e9ticos Easypact CVS cuentan con la etiqueta Green PremiumTM,\" \"la cual promete el cumplimiento de las reglamentaciones m\u00e1s recientes, transparencia sobre los impactos medioambientales, productos circulares y de bajo nivel de CO2.\"","og_url":"https:\/\/tienda.rigelec.com.ar\/?product=interruptor-compacto-en-caja-moldeada-easypact-3x25ka-125a-415vca","og_site_name":"Tienda Rigelec","article_modified_time":"2026-05-01T05:39:34+00:00","twitter_card":"summary_large_image","schema":{"@context":"https:\/\/schema.org","@graph":[{"@type":"WebPage","@id":"https:\/\/tienda.rigelec.com.ar\/?product=interruptor-compacto-en-caja-moldeada-easypact-3x25ka-125a-415vca","url":"https:\/\/tienda.rigelec.com.ar\/?product=interruptor-compacto-en-caja-moldeada-easypact-3x25ka-125a-415vca","name":"INTERRUPTOR COMPACTO EN CAJA MOLDEADA EASYPACT 3X25KA -125A - 415VCA - Tienda Rigelec","isPartOf":{"@id":"https:\/\/tienda.rigelec.com.ar\/#website"},"primaryImageOfPage":{"@id":"https:\/\/tienda.rigelec.com.ar\/?product=interruptor-compacto-en-caja-moldeada-easypact-3x25ka-125a-415vca#primaryimage"},"image":{"@id":"https:\/\/tienda.rigelec.com.ar\/?product=interruptor-compacto-en-caja-moldeada-easypact-3x25ka-125a-415vca#primaryimage"},"thumbnailUrl":"https:\/\/tienda.rigelec.com.ar\/wp-content\/uploads\/2025\/10\/INTERRUPTORCOMPACTOENCAJAMOLDEADA.jpg","datePublished":"2025-10-15T00:14:56+00:00","dateModified":"2026-05-01T05:39:34+00:00","breadcrumb":{"@id":"https:\/\/tienda.rigelec.com.ar\/?product=interruptor-compacto-en-caja-moldeada-easypact-3x25ka-125a-415vca#breadcrumb"},"inLanguage":"es-AR","potentialAction":[{"@type":"ReadAction","target":["https:\/\/tienda.rigelec.com.ar\/?product=interruptor-compacto-en-caja-moldeada-easypact-3x25ka-125a-415vca"]}]},{"@type":"ImageObject","inLanguage":"es-AR","@id":"https:\/\/tienda.rigelec.com.ar\/?product=interruptor-compacto-en-caja-moldeada-easypact-3x25ka-125a-415vca#primaryimage","url":"https:\/\/tienda.rigelec.com.ar\/wp-content\/uploads\/2025\/10\/INTERRUPTORCOMPACTOENCAJAMOLDEADA.jpg","contentUrl":"https:\/\/tienda.rigelec.com.ar\/wp-content\/uploads\/2025\/10\/INTERRUPTORCOMPACTOENCAJAMOLDEADA.jpg","width":1080,"height":1080},{"@type":"BreadcrumbList","@id":"https:\/\/tienda.rigelec.com.ar\/?product=interruptor-compacto-en-caja-moldeada-easypact-3x25ka-125a-415vca#breadcrumb","itemListElement":[{"@type":"ListItem","position":1,"name":"Inicio","item":"https:\/\/tienda.rigelec.com.ar\/"},{"@type":"ListItem","position":2,"name":"Shop","item":"https:\/\/tienda.rigelec.com.ar\/?page_id=12"},{"@type":"ListItem","position":3,"name":"INTERRUPTOR COMPACTO EN CAJA MOLDEADA EASYPACT 3X25KA -125A &#8211; 415VCA"}]},{"@type":"WebSite","@id":"https:\/\/tienda.rigelec.com.ar\/#website","url":"https:\/\/tienda.rigelec.com.ar\/","name":"Tienda Rigelec","description":"Energia en movimiento","publisher":{"@id":"https:\/\/tienda.rigelec.com.ar\/#organization"},"potentialAction":[{"@type":"SearchAction","target":{"@type":"EntryPoint","urlTemplate":"https:\/\/tienda.rigelec.com.ar\/?s={search_term_string}"},"query-input":{"@type":"PropertyValueSpecification","valueRequired":true,"valueName":"search_term_string"}}],"inLanguage":"es-AR"},{"@type":"Organization","@id":"https:\/\/tienda.rigelec.com.ar\/#organization","name":"Tienda Rigelec","url":"https:\/\/tienda.rigelec.com.ar\/","logo":{"@type":"ImageObject","inLanguage":"es-AR","@id":"https:\/\/tienda.rigelec.com.ar\/#\/schema\/logo\/image\/","url":"https:\/\/tienda.rigelec.com.ar\/wp-content\/uploads\/2024\/09\/isologo-blanco-rigelec.png","contentUrl":"https:\/\/tienda.rigelec.com.ar\/wp-content\/uploads\/2024\/09\/isologo-blanco-rigelec.png","width":94,"height":97,"caption":"Tienda Rigelec"},"image":{"@id":"https:\/\/tienda.rigelec.com.ar\/#\/schema\/logo\/image\/"}}]}},"jetpack_sharing_enabled":true,"_links":{"self":[{"href":"https:\/\/tienda.rigelec.com.ar\/index.php?rest_route=\/wp\/v2\/product\/34450","targetHints":{"allow":["GET"]}}],"collection":[{"href":"https:\/\/tienda.rigelec.com.ar\/index.php?rest_route=\/wp\/v2\/product"}],"about":[{"href":"https:\/\/tienda.rigelec.com.ar\/index.php?rest_route=\/wp\/v2\/types\/product"}],"replies":[{"embeddable":true,"href":"https:\/\/tienda.rigelec.com.ar\/index.php?rest_route=%2Fwp%2Fv2%2Fcomments&post=34450"}],"wp:featuredmedia":[{"embeddable":true,"href":"https:\/\/tienda.rigelec.com.ar\/index.php?rest_route=\/wp\/v2\/media\/34451"}],"wp:attachment":[{"href":"https:\/\/tienda.rigelec.com.ar\/index.php?rest_route=%2Fwp%2Fv2%2Fmedia&parent=34450"}],"wp:term":[{"taxonomy":"product_brand","embeddable":true,"href":"https:\/\/tienda.rigelec.com.ar\/index.php?rest_route=%2Fwp%2Fv2%2Fproduct_brand&post=34450"},{"taxonomy":"product_cat","embeddable":true,"href":"https:\/\/tienda.rigelec.com.ar\/index.php?rest_route=%2Fwp%2Fv2%2Fproduct_cat&post=34450"},{"taxonomy":"product_tag","embeddable":true,"href":"https:\/\/tienda.rigelec.com.ar\/index.php?rest_route=%2Fwp%2Fv2%2Fproduct_tag&post=34450"}],"curies":[{"name":"wp","href":"https:\/\/api.w.org\/{rel}","templated":true}]}}