{"id":34665,"date":"2025-10-21T15:01:21","date_gmt":"2025-10-21T18:01:21","guid":{"rendered":"https:\/\/tienda.rigelec.com.ar\/?product=lampara-led-luz-calida-globo-ip20-12w-1200lm-o95-e27"},"modified":"2026-02-05T16:08:24","modified_gmt":"2026-02-05T19:08:24","slug":"lampara-led-luz-calida-globo-ip20-12w-1200lm-o95-e27","status":"publish","type":"product","link":"https:\/\/tienda.rigelec.com.ar\/?product=lampara-led-luz-calida-globo-ip20-12w-1200lm-o95-e27","title":{"rendered":"LAMPARA LED LUZ CALIDA GLOBO &#8211; IP20 12W &#8211; 1200LM &#8211; \u00d895 &#8211; E27"},"content":{"rendered":"<p>LAMPARA LED LUZ CALIDA<\/p>\n","protected":false},"excerpt":{"rendered":"<p>APLICACIONES:<br \/>\n&#8211; Ideal para uso residencial y hoteleria<br \/>\n&#8211; Iluminaci\u00f3n decorativa<br \/>\n&#8211; Uso interno<\/p>\n<p>BENEFICIOS<br \/>\n&#8211; Disponible en temperatura de color c\u00e1lida (2700 K), y luz de d\u00eda (6 500 K)<br \/>\n&#8211; Dise\u00f1o ergon\u00f3mico<br \/>\n&#8211; 15 000 horas de vida<br \/>\n&#8211; Garant\u00eda de 3 a\u00f1os<\/p>\n<p>CARACTERISTICAS<br \/>\nEquipadas con bases E27<br \/>\nPotencia: 12 W<br \/>\nFlujo luminoso: 260 lm<br \/>\nTemperatura de color: 2700 K<br \/>\nEficiencia luminosa: 101 lm\/W<br \/>\nTensi\u00f3n: 100-240 V<br \/>\nFactor de potencia: =&gt; 0.7<br \/>\nCorriente: 70 \u0096 40 mA<br \/>\n\u00c1ngulo de apertura: 200\u00b0<br \/>\nVida \u00fatil: Hasta 25.000h<br \/>\nIndice de proteccion: IP20<\/p>\n","protected":false},"featured_media":34666,"comment_status":"open","ping_status":"closed","template":"","meta":{"_monsterinsights_skip_tracking":false,"_monsterinsights_sitenote_active":false,"_monsterinsights_sitenote_note":"","_monsterinsights_sitenote_category":0},"product_brand":[],"product_cat":[214],"product_tag":[497],"class_list":{"0":"post-34665","1":"product","2":"type-product","3":"status-publish","4":"has-post-thumbnail","6":"product_cat-i-lamparas","7":"product_tag-ledvance","9":"first","10":"outofstock","11":"shipping-taxable","12":"purchasable","13":"product-type-simple"},"yoast_head":"<!-- This site is optimized with the Yoast SEO plugin v25.3.1 - https:\/\/yoast.com\/wordpress\/plugins\/seo\/ -->\n<title>LAMPARA LED LUZ CALIDA GLOBO - IP20 12W - 1200LM - \u00d895 - E27 - Tienda Rigelec<\/title>\n<meta name=\"robots\" content=\"index, follow, max-snippet:-1, max-image-preview:large, max-video-preview:-1\" \/>\n<link rel=\"canonical\" href=\"https:\/\/tienda.rigelec.com.ar\/?product=lampara-led-luz-calida-globo-ip20-12w-1200lm-o95-e27\" \/>\n<meta property=\"og:locale\" content=\"es_ES\" \/>\n<meta property=\"og:type\" content=\"article\" \/>\n<meta property=\"og:title\" content=\"LAMPARA LED LUZ CALIDA GLOBO - IP20 12W - 1200LM - \u00d895 - E27 - Tienda Rigelec\" \/>\n<meta property=\"og:description\" content=\"APLICACIONES: - Ideal para uso residencial y hoteleria - Iluminaci\u00f3n decorativa - Uso interno  BENEFICIOS - Disponible en temperatura de color c\u00e1lida (2700 K), y luz de d\u00eda (6 500 K) - Dise\u00f1o ergon\u00f3mico - 15 000 horas de vida - Garant\u00eda de 3 a\u00f1os  CARACTERISTICAS  Equipadas con bases E27 Potencia: 12 W Flujo luminoso: 260 lm Temperatura de color: 2700 K Eficiencia luminosa: 101 lm\/W Tensi\u00f3n: 100-240 V Factor de potencia: =&gt; 0.7 Corriente: 70 \u0096 40 mA \u00c1ngulo de apertura: 200\u00b0 Vida \u00fatil: Hasta 25.000h Indice de proteccion: IP20\" \/>\n<meta property=\"og:url\" content=\"https:\/\/tienda.rigelec.com.ar\/?product=lampara-led-luz-calida-globo-ip20-12w-1200lm-o95-e27\" \/>\n<meta property=\"og:site_name\" content=\"Tienda Rigelec\" \/>\n<meta property=\"article:modified_time\" content=\"2026-02-05T19:08:24+00:00\" \/>\n<meta name=\"twitter:card\" content=\"summary_large_image\" \/>\n<script type=\"application\/ld+json\" class=\"yoast-schema-graph\">{\"@context\":\"https:\/\/schema.org\",\"@graph\":[{\"@type\":\"WebPage\",\"@id\":\"https:\/\/tienda.rigelec.com.ar\/?product=lampara-led-luz-calida-globo-ip20-12w-1200lm-o95-e27\",\"url\":\"https:\/\/tienda.rigelec.com.ar\/?product=lampara-led-luz-calida-globo-ip20-12w-1200lm-o95-e27\",\"name\":\"LAMPARA LED LUZ CALIDA GLOBO - IP20 12W - 1200LM - \u00d895 - E27 - Tienda Rigelec\",\"isPartOf\":{\"@id\":\"https:\/\/tienda.rigelec.com.ar\/#website\"},\"primaryImageOfPage\":{\"@id\":\"https:\/\/tienda.rigelec.com.ar\/?product=lampara-led-luz-calida-globo-ip20-12w-1200lm-o95-e27#primaryimage\"},\"image\":{\"@id\":\"https:\/\/tienda.rigelec.com.ar\/?product=lampara-led-luz-calida-globo-ip20-12w-1200lm-o95-e27#primaryimage\"},\"thumbnailUrl\":\"https:\/\/tienda.rigelec.com.ar\/wp-content\/uploads\/2025\/10\/LAMPARALEDLUZCALIDA-7.jpg\",\"datePublished\":\"2025-10-21T18:01:21+00:00\",\"dateModified\":\"2026-02-05T19:08:24+00:00\",\"breadcrumb\":{\"@id\":\"https:\/\/tienda.rigelec.com.ar\/?product=lampara-led-luz-calida-globo-ip20-12w-1200lm-o95-e27#breadcrumb\"},\"inLanguage\":\"es-AR\",\"potentialAction\":[{\"@type\":\"ReadAction\",\"target\":[\"https:\/\/tienda.rigelec.com.ar\/?product=lampara-led-luz-calida-globo-ip20-12w-1200lm-o95-e27\"]}]},{\"@type\":\"ImageObject\",\"inLanguage\":\"es-AR\",\"@id\":\"https:\/\/tienda.rigelec.com.ar\/?product=lampara-led-luz-calida-globo-ip20-12w-1200lm-o95-e27#primaryimage\",\"url\":\"https:\/\/tienda.rigelec.com.ar\/wp-content\/uploads\/2025\/10\/LAMPARALEDLUZCALIDA-7.jpg\",\"contentUrl\":\"https:\/\/tienda.rigelec.com.ar\/wp-content\/uploads\/2025\/10\/LAMPARALEDLUZCALIDA-7.jpg\",\"width\":1080,\"height\":1080},{\"@type\":\"BreadcrumbList\",\"@id\":\"https:\/\/tienda.rigelec.com.ar\/?product=lampara-led-luz-calida-globo-ip20-12w-1200lm-o95-e27#breadcrumb\",\"itemListElement\":[{\"@type\":\"ListItem\",\"position\":1,\"name\":\"Inicio\",\"item\":\"https:\/\/tienda.rigelec.com.ar\/\"},{\"@type\":\"ListItem\",\"position\":2,\"name\":\"Shop\",\"item\":\"https:\/\/tienda.rigelec.com.ar\/?page_id=12\"},{\"@type\":\"ListItem\",\"position\":3,\"name\":\"LAMPARA LED LUZ CALIDA GLOBO &#8211; IP20 12W &#8211; 1200LM &#8211; \u00d895 &#8211; E27\"}]},{\"@type\":\"WebSite\",\"@id\":\"https:\/\/tienda.rigelec.com.ar\/#website\",\"url\":\"https:\/\/tienda.rigelec.com.ar\/\",\"name\":\"Tienda Rigelec\",\"description\":\"Energia en movimiento\",\"publisher\":{\"@id\":\"https:\/\/tienda.rigelec.com.ar\/#organization\"},\"potentialAction\":[{\"@type\":\"SearchAction\",\"target\":{\"@type\":\"EntryPoint\",\"urlTemplate\":\"https:\/\/tienda.rigelec.com.ar\/?s={search_term_string}\"},\"query-input\":{\"@type\":\"PropertyValueSpecification\",\"valueRequired\":true,\"valueName\":\"search_term_string\"}}],\"inLanguage\":\"es-AR\"},{\"@type\":\"Organization\",\"@id\":\"https:\/\/tienda.rigelec.com.ar\/#organization\",\"name\":\"Tienda Rigelec\",\"url\":\"https:\/\/tienda.rigelec.com.ar\/\",\"logo\":{\"@type\":\"ImageObject\",\"inLanguage\":\"es-AR\",\"@id\":\"https:\/\/tienda.rigelec.com.ar\/#\/schema\/logo\/image\/\",\"url\":\"https:\/\/tienda.rigelec.com.ar\/wp-content\/uploads\/2024\/09\/isologo-blanco-rigelec.png\",\"contentUrl\":\"https:\/\/tienda.rigelec.com.ar\/wp-content\/uploads\/2024\/09\/isologo-blanco-rigelec.png\",\"width\":94,\"height\":97,\"caption\":\"Tienda Rigelec\"},\"image\":{\"@id\":\"https:\/\/tienda.rigelec.com.ar\/#\/schema\/logo\/image\/\"}}]}<\/script>\n<!-- \/ Yoast SEO plugin. -->","yoast_head_json":{"title":"LAMPARA LED LUZ CALIDA GLOBO - IP20 12W - 1200LM - \u00d895 - E27 - Tienda Rigelec","robots":{"index":"index","follow":"follow","max-snippet":"max-snippet:-1","max-image-preview":"max-image-preview:large","max-video-preview":"max-video-preview:-1"},"canonical":"https:\/\/tienda.rigelec.com.ar\/?product=lampara-led-luz-calida-globo-ip20-12w-1200lm-o95-e27","og_locale":"es_ES","og_type":"article","og_title":"LAMPARA LED LUZ CALIDA GLOBO - IP20 12W - 1200LM - \u00d895 - E27 - Tienda Rigelec","og_description":"APLICACIONES: - Ideal para uso residencial y hoteleria - Iluminaci\u00f3n decorativa - Uso interno  BENEFICIOS - Disponible en temperatura de color c\u00e1lida (2700 K), y luz de d\u00eda (6 500 K) - Dise\u00f1o ergon\u00f3mico - 15 000 horas de vida - Garant\u00eda de 3 a\u00f1os  CARACTERISTICAS  Equipadas con bases E27 Potencia: 12 W Flujo luminoso: 260 lm Temperatura de color: 2700 K Eficiencia luminosa: 101 lm\/W Tensi\u00f3n: 100-240 V Factor de potencia: =&gt; 0.7 Corriente: 70 \u0096 40 mA \u00c1ngulo de apertura: 200\u00b0 Vida \u00fatil: Hasta 25.000h Indice de proteccion: IP20","og_url":"https:\/\/tienda.rigelec.com.ar\/?product=lampara-led-luz-calida-globo-ip20-12w-1200lm-o95-e27","og_site_name":"Tienda Rigelec","article_modified_time":"2026-02-05T19:08:24+00:00","twitter_card":"summary_large_image","schema":{"@context":"https:\/\/schema.org","@graph":[{"@type":"WebPage","@id":"https:\/\/tienda.rigelec.com.ar\/?product=lampara-led-luz-calida-globo-ip20-12w-1200lm-o95-e27","url":"https:\/\/tienda.rigelec.com.ar\/?product=lampara-led-luz-calida-globo-ip20-12w-1200lm-o95-e27","name":"LAMPARA LED LUZ CALIDA GLOBO - IP20 12W - 1200LM - \u00d895 - E27 - Tienda Rigelec","isPartOf":{"@id":"https:\/\/tienda.rigelec.com.ar\/#website"},"primaryImageOfPage":{"@id":"https:\/\/tienda.rigelec.com.ar\/?product=lampara-led-luz-calida-globo-ip20-12w-1200lm-o95-e27#primaryimage"},"image":{"@id":"https:\/\/tienda.rigelec.com.ar\/?product=lampara-led-luz-calida-globo-ip20-12w-1200lm-o95-e27#primaryimage"},"thumbnailUrl":"https:\/\/tienda.rigelec.com.ar\/wp-content\/uploads\/2025\/10\/LAMPARALEDLUZCALIDA-7.jpg","datePublished":"2025-10-21T18:01:21+00:00","dateModified":"2026-02-05T19:08:24+00:00","breadcrumb":{"@id":"https:\/\/tienda.rigelec.com.ar\/?product=lampara-led-luz-calida-globo-ip20-12w-1200lm-o95-e27#breadcrumb"},"inLanguage":"es-AR","potentialAction":[{"@type":"ReadAction","target":["https:\/\/tienda.rigelec.com.ar\/?product=lampara-led-luz-calida-globo-ip20-12w-1200lm-o95-e27"]}]},{"@type":"ImageObject","inLanguage":"es-AR","@id":"https:\/\/tienda.rigelec.com.ar\/?product=lampara-led-luz-calida-globo-ip20-12w-1200lm-o95-e27#primaryimage","url":"https:\/\/tienda.rigelec.com.ar\/wp-content\/uploads\/2025\/10\/LAMPARALEDLUZCALIDA-7.jpg","contentUrl":"https:\/\/tienda.rigelec.com.ar\/wp-content\/uploads\/2025\/10\/LAMPARALEDLUZCALIDA-7.jpg","width":1080,"height":1080},{"@type":"BreadcrumbList","@id":"https:\/\/tienda.rigelec.com.ar\/?product=lampara-led-luz-calida-globo-ip20-12w-1200lm-o95-e27#breadcrumb","itemListElement":[{"@type":"ListItem","position":1,"name":"Inicio","item":"https:\/\/tienda.rigelec.com.ar\/"},{"@type":"ListItem","position":2,"name":"Shop","item":"https:\/\/tienda.rigelec.com.ar\/?page_id=12"},{"@type":"ListItem","position":3,"name":"LAMPARA LED LUZ CALIDA GLOBO &#8211; IP20 12W &#8211; 1200LM &#8211; \u00d895 &#8211; E27"}]},{"@type":"WebSite","@id":"https:\/\/tienda.rigelec.com.ar\/#website","url":"https:\/\/tienda.rigelec.com.ar\/","name":"Tienda Rigelec","description":"Energia en movimiento","publisher":{"@id":"https:\/\/tienda.rigelec.com.ar\/#organization"},"potentialAction":[{"@type":"SearchAction","target":{"@type":"EntryPoint","urlTemplate":"https:\/\/tienda.rigelec.com.ar\/?s={search_term_string}"},"query-input":{"@type":"PropertyValueSpecification","valueRequired":true,"valueName":"search_term_string"}}],"inLanguage":"es-AR"},{"@type":"Organization","@id":"https:\/\/tienda.rigelec.com.ar\/#organization","name":"Tienda Rigelec","url":"https:\/\/tienda.rigelec.com.ar\/","logo":{"@type":"ImageObject","inLanguage":"es-AR","@id":"https:\/\/tienda.rigelec.com.ar\/#\/schema\/logo\/image\/","url":"https:\/\/tienda.rigelec.com.ar\/wp-content\/uploads\/2024\/09\/isologo-blanco-rigelec.png","contentUrl":"https:\/\/tienda.rigelec.com.ar\/wp-content\/uploads\/2024\/09\/isologo-blanco-rigelec.png","width":94,"height":97,"caption":"Tienda Rigelec"},"image":{"@id":"https:\/\/tienda.rigelec.com.ar\/#\/schema\/logo\/image\/"}}]}},"jetpack_sharing_enabled":true,"_links":{"self":[{"href":"https:\/\/tienda.rigelec.com.ar\/index.php?rest_route=\/wp\/v2\/product\/34665","targetHints":{"allow":["GET"]}}],"collection":[{"href":"https:\/\/tienda.rigelec.com.ar\/index.php?rest_route=\/wp\/v2\/product"}],"about":[{"href":"https:\/\/tienda.rigelec.com.ar\/index.php?rest_route=\/wp\/v2\/types\/product"}],"replies":[{"embeddable":true,"href":"https:\/\/tienda.rigelec.com.ar\/index.php?rest_route=%2Fwp%2Fv2%2Fcomments&post=34665"}],"wp:featuredmedia":[{"embeddable":true,"href":"https:\/\/tienda.rigelec.com.ar\/index.php?rest_route=\/wp\/v2\/media\/34666"}],"wp:attachment":[{"href":"https:\/\/tienda.rigelec.com.ar\/index.php?rest_route=%2Fwp%2Fv2%2Fmedia&parent=34665"}],"wp:term":[{"taxonomy":"product_brand","embeddable":true,"href":"https:\/\/tienda.rigelec.com.ar\/index.php?rest_route=%2Fwp%2Fv2%2Fproduct_brand&post=34665"},{"taxonomy":"product_cat","embeddable":true,"href":"https:\/\/tienda.rigelec.com.ar\/index.php?rest_route=%2Fwp%2Fv2%2Fproduct_cat&post=34665"},{"taxonomy":"product_tag","embeddable":true,"href":"https:\/\/tienda.rigelec.com.ar\/index.php?rest_route=%2Fwp%2Fv2%2Fproduct_tag&post=34665"}],"curies":[{"name":"wp","href":"https:\/\/api.w.org\/{rel}","templated":true}]}}