{"id":34729,"date":"2025-10-27T10:58:08","date_gmt":"2025-10-27T13:58:08","guid":{"rendered":"https:\/\/tienda.rigelec.com.ar\/?product=contador-horario-harmony-xb5-230-vca"},"modified":"2026-05-03T22:45:47","modified_gmt":"2026-05-04T01:45:47","slug":"contador-horario-harmony-xb5-230-vca","status":"publish","type":"product","link":"https:\/\/tienda.rigelec.com.ar\/?product=contador-horario-harmony-xb5-230-vca","title":{"rendered":"CONTADOR HORARIO HARMONY XB5 230 VCA"},"content":{"rendered":"<p>CONTADOR HORARIO<\/p>\n","protected":false},"excerpt":{"rendered":"<p>Este contador de horas forma parte de la gama Harmony XB5 de unidades de se\u00f1alizaci\u00f3n y control de pl\u00e1stico de 22 mm. Proporciona una visualizaci\u00f3n mec\u00e1nica de 5 d\u00edgitos. Suministra de 230 V a 240 V CA. Es resistente al impacto, al polvo, al agua y a la vibraci\u00f3n, gracias a su protecci\u00f3n IP66, lo que lo hace id\u00f3neo para su funcionamiento en entornos exigentes. Se instala f\u00e1cilmente en un orificio est\u00e1ndar de 22 mm de di\u00e1metro. Pesa 45g y sus dimensiones son: 30mm de ancho, 30mm de alto, 60mm de profundidad. Gracias a su simplicidad de instalaci\u00f3n, flexibilidad y robustez, satisface los requisitos de la mayor\u00eda de las aplicaciones industriales Cuenta con la certificaci\u00f3n CE y UL. Esta gama ofrece un dise\u00f1o innovador y ergon\u00f3mico que facilita el funcionamiento y mejora el aspecto de tus cuadros de control y m\u00e1quinas.<\/p>\n<p>Grado de protecci\u00f3n IP IP66 conforme a IEC 60529, IP67, IP69, IP69K<br \/>\nModo de montaje : Empotrado<br \/>\ndi\u00e1metro de montaje: 22 mm<\/p>\n","protected":false},"featured_media":34730,"comment_status":"open","ping_status":"closed","template":"","meta":{"_monsterinsights_skip_tracking":false,"_monsterinsights_sitenote_active":false,"_monsterinsights_sitenote_note":"","_monsterinsights_sitenote_category":0},"product_brand":[],"product_cat":[332],"product_tag":[450],"class_list":{"0":"post-34729","1":"product","2":"type-product","3":"status-publish","4":"has-post-thumbnail","6":"product_cat-a-contactores","7":"product_tag-schneider","9":"first","10":"outofstock","11":"shipping-taxable","12":"purchasable","13":"product-type-simple"},"yoast_head":"<!-- This site is optimized with the Yoast SEO plugin v25.3.1 - https:\/\/yoast.com\/wordpress\/plugins\/seo\/ -->\n<title>CONTADOR HORARIO HARMONY XB5 230 VCA - Tienda Rigelec<\/title>\n<meta name=\"robots\" content=\"index, follow, max-snippet:-1, max-image-preview:large, max-video-preview:-1\" \/>\n<link rel=\"canonical\" href=\"https:\/\/tienda.rigelec.com.ar\/?product=contador-horario-harmony-xb5-230-vca\" \/>\n<meta property=\"og:locale\" content=\"es_ES\" \/>\n<meta property=\"og:type\" content=\"article\" \/>\n<meta property=\"og:title\" content=\"CONTADOR HORARIO HARMONY XB5 230 VCA - Tienda Rigelec\" \/>\n<meta property=\"og:description\" content=\"Este contador de horas forma parte de la gama Harmony XB5 de unidades de se\u00f1alizaci\u00f3n y control de pl\u00e1stico de 22 mm. Proporciona una visualizaci\u00f3n mec\u00e1nica de 5 d\u00edgitos. Suministra de 230 V a 240 V CA. Es resistente al impacto, al polvo, al agua y a la vibraci\u00f3n, gracias a su protecci\u00f3n IP66, lo que lo hace id\u00f3neo para su funcionamiento en entornos exigentes. Se instala f\u00e1cilmente en un orificio est\u00e1ndar de 22 mm de di\u00e1metro. Pesa 45g y sus dimensiones son: 30mm de ancho, 30mm de alto, 60mm de profundidad. Gracias a su simplicidad de instalaci\u00f3n, flexibilidad y robustez, satisface los requisitos de la mayor\u00eda de las aplicaciones industriales Cuenta con la certificaci\u00f3n CE y UL. Esta gama ofrece un dise\u00f1o innovador y ergon\u00f3mico que facilita el funcionamiento y mejora el aspecto de tus cuadros de control y m\u00e1quinas.  Grado de protecci\u00f3n IP IP66 conforme a IEC 60529, IP67, IP69, IP69K Modo de montaje : Empotrado di\u00e1metro de montaje: 22 mm\" \/>\n<meta property=\"og:url\" content=\"https:\/\/tienda.rigelec.com.ar\/?product=contador-horario-harmony-xb5-230-vca\" \/>\n<meta property=\"og:site_name\" content=\"Tienda Rigelec\" \/>\n<meta property=\"article:modified_time\" content=\"2026-05-04T01:45:47+00:00\" \/>\n<meta name=\"twitter:card\" content=\"summary_large_image\" \/>\n<script type=\"application\/ld+json\" class=\"yoast-schema-graph\">{\"@context\":\"https:\/\/schema.org\",\"@graph\":[{\"@type\":\"WebPage\",\"@id\":\"https:\/\/tienda.rigelec.com.ar\/?product=contador-horario-harmony-xb5-230-vca\",\"url\":\"https:\/\/tienda.rigelec.com.ar\/?product=contador-horario-harmony-xb5-230-vca\",\"name\":\"CONTADOR HORARIO HARMONY XB5 230 VCA - Tienda Rigelec\",\"isPartOf\":{\"@id\":\"https:\/\/tienda.rigelec.com.ar\/#website\"},\"primaryImageOfPage\":{\"@id\":\"https:\/\/tienda.rigelec.com.ar\/?product=contador-horario-harmony-xb5-230-vca#primaryimage\"},\"image\":{\"@id\":\"https:\/\/tienda.rigelec.com.ar\/?product=contador-horario-harmony-xb5-230-vca#primaryimage\"},\"thumbnailUrl\":\"https:\/\/tienda.rigelec.com.ar\/wp-content\/uploads\/2025\/10\/CONTADORHORARIO.jpg\",\"datePublished\":\"2025-10-27T13:58:08+00:00\",\"dateModified\":\"2026-05-04T01:45:47+00:00\",\"breadcrumb\":{\"@id\":\"https:\/\/tienda.rigelec.com.ar\/?product=contador-horario-harmony-xb5-230-vca#breadcrumb\"},\"inLanguage\":\"es-AR\",\"potentialAction\":[{\"@type\":\"ReadAction\",\"target\":[\"https:\/\/tienda.rigelec.com.ar\/?product=contador-horario-harmony-xb5-230-vca\"]}]},{\"@type\":\"ImageObject\",\"inLanguage\":\"es-AR\",\"@id\":\"https:\/\/tienda.rigelec.com.ar\/?product=contador-horario-harmony-xb5-230-vca#primaryimage\",\"url\":\"https:\/\/tienda.rigelec.com.ar\/wp-content\/uploads\/2025\/10\/CONTADORHORARIO.jpg\",\"contentUrl\":\"https:\/\/tienda.rigelec.com.ar\/wp-content\/uploads\/2025\/10\/CONTADORHORARIO.jpg\",\"width\":1500,\"height\":1500},{\"@type\":\"BreadcrumbList\",\"@id\":\"https:\/\/tienda.rigelec.com.ar\/?product=contador-horario-harmony-xb5-230-vca#breadcrumb\",\"itemListElement\":[{\"@type\":\"ListItem\",\"position\":1,\"name\":\"Inicio\",\"item\":\"https:\/\/tienda.rigelec.com.ar\/\"},{\"@type\":\"ListItem\",\"position\":2,\"name\":\"Shop\",\"item\":\"https:\/\/tienda.rigelec.com.ar\/?page_id=12\"},{\"@type\":\"ListItem\",\"position\":3,\"name\":\"CONTADOR HORARIO HARMONY XB5 230 VCA\"}]},{\"@type\":\"WebSite\",\"@id\":\"https:\/\/tienda.rigelec.com.ar\/#website\",\"url\":\"https:\/\/tienda.rigelec.com.ar\/\",\"name\":\"Tienda Rigelec\",\"description\":\"Energia en movimiento\",\"publisher\":{\"@id\":\"https:\/\/tienda.rigelec.com.ar\/#organization\"},\"potentialAction\":[{\"@type\":\"SearchAction\",\"target\":{\"@type\":\"EntryPoint\",\"urlTemplate\":\"https:\/\/tienda.rigelec.com.ar\/?s={search_term_string}\"},\"query-input\":{\"@type\":\"PropertyValueSpecification\",\"valueRequired\":true,\"valueName\":\"search_term_string\"}}],\"inLanguage\":\"es-AR\"},{\"@type\":\"Organization\",\"@id\":\"https:\/\/tienda.rigelec.com.ar\/#organization\",\"name\":\"Tienda Rigelec\",\"url\":\"https:\/\/tienda.rigelec.com.ar\/\",\"logo\":{\"@type\":\"ImageObject\",\"inLanguage\":\"es-AR\",\"@id\":\"https:\/\/tienda.rigelec.com.ar\/#\/schema\/logo\/image\/\",\"url\":\"https:\/\/tienda.rigelec.com.ar\/wp-content\/uploads\/2024\/09\/isologo-blanco-rigelec.png\",\"contentUrl\":\"https:\/\/tienda.rigelec.com.ar\/wp-content\/uploads\/2024\/09\/isologo-blanco-rigelec.png\",\"width\":94,\"height\":97,\"caption\":\"Tienda Rigelec\"},\"image\":{\"@id\":\"https:\/\/tienda.rigelec.com.ar\/#\/schema\/logo\/image\/\"}}]}<\/script>\n<!-- \/ Yoast SEO plugin. -->","yoast_head_json":{"title":"CONTADOR HORARIO HARMONY XB5 230 VCA - Tienda Rigelec","robots":{"index":"index","follow":"follow","max-snippet":"max-snippet:-1","max-image-preview":"max-image-preview:large","max-video-preview":"max-video-preview:-1"},"canonical":"https:\/\/tienda.rigelec.com.ar\/?product=contador-horario-harmony-xb5-230-vca","og_locale":"es_ES","og_type":"article","og_title":"CONTADOR HORARIO HARMONY XB5 230 VCA - Tienda Rigelec","og_description":"Este contador de horas forma parte de la gama Harmony XB5 de unidades de se\u00f1alizaci\u00f3n y control de pl\u00e1stico de 22 mm. Proporciona una visualizaci\u00f3n mec\u00e1nica de 5 d\u00edgitos. Suministra de 230 V a 240 V CA. Es resistente al impacto, al polvo, al agua y a la vibraci\u00f3n, gracias a su protecci\u00f3n IP66, lo que lo hace id\u00f3neo para su funcionamiento en entornos exigentes. Se instala f\u00e1cilmente en un orificio est\u00e1ndar de 22 mm de di\u00e1metro. Pesa 45g y sus dimensiones son: 30mm de ancho, 30mm de alto, 60mm de profundidad. Gracias a su simplicidad de instalaci\u00f3n, flexibilidad y robustez, satisface los requisitos de la mayor\u00eda de las aplicaciones industriales Cuenta con la certificaci\u00f3n CE y UL. Esta gama ofrece un dise\u00f1o innovador y ergon\u00f3mico que facilita el funcionamiento y mejora el aspecto de tus cuadros de control y m\u00e1quinas.  Grado de protecci\u00f3n IP IP66 conforme a IEC 60529, IP67, IP69, IP69K Modo de montaje : Empotrado di\u00e1metro de montaje: 22 mm","og_url":"https:\/\/tienda.rigelec.com.ar\/?product=contador-horario-harmony-xb5-230-vca","og_site_name":"Tienda Rigelec","article_modified_time":"2026-05-04T01:45:47+00:00","twitter_card":"summary_large_image","schema":{"@context":"https:\/\/schema.org","@graph":[{"@type":"WebPage","@id":"https:\/\/tienda.rigelec.com.ar\/?product=contador-horario-harmony-xb5-230-vca","url":"https:\/\/tienda.rigelec.com.ar\/?product=contador-horario-harmony-xb5-230-vca","name":"CONTADOR HORARIO HARMONY XB5 230 VCA - Tienda Rigelec","isPartOf":{"@id":"https:\/\/tienda.rigelec.com.ar\/#website"},"primaryImageOfPage":{"@id":"https:\/\/tienda.rigelec.com.ar\/?product=contador-horario-harmony-xb5-230-vca#primaryimage"},"image":{"@id":"https:\/\/tienda.rigelec.com.ar\/?product=contador-horario-harmony-xb5-230-vca#primaryimage"},"thumbnailUrl":"https:\/\/tienda.rigelec.com.ar\/wp-content\/uploads\/2025\/10\/CONTADORHORARIO.jpg","datePublished":"2025-10-27T13:58:08+00:00","dateModified":"2026-05-04T01:45:47+00:00","breadcrumb":{"@id":"https:\/\/tienda.rigelec.com.ar\/?product=contador-horario-harmony-xb5-230-vca#breadcrumb"},"inLanguage":"es-AR","potentialAction":[{"@type":"ReadAction","target":["https:\/\/tienda.rigelec.com.ar\/?product=contador-horario-harmony-xb5-230-vca"]}]},{"@type":"ImageObject","inLanguage":"es-AR","@id":"https:\/\/tienda.rigelec.com.ar\/?product=contador-horario-harmony-xb5-230-vca#primaryimage","url":"https:\/\/tienda.rigelec.com.ar\/wp-content\/uploads\/2025\/10\/CONTADORHORARIO.jpg","contentUrl":"https:\/\/tienda.rigelec.com.ar\/wp-content\/uploads\/2025\/10\/CONTADORHORARIO.jpg","width":1500,"height":1500},{"@type":"BreadcrumbList","@id":"https:\/\/tienda.rigelec.com.ar\/?product=contador-horario-harmony-xb5-230-vca#breadcrumb","itemListElement":[{"@type":"ListItem","position":1,"name":"Inicio","item":"https:\/\/tienda.rigelec.com.ar\/"},{"@type":"ListItem","position":2,"name":"Shop","item":"https:\/\/tienda.rigelec.com.ar\/?page_id=12"},{"@type":"ListItem","position":3,"name":"CONTADOR HORARIO HARMONY XB5 230 VCA"}]},{"@type":"WebSite","@id":"https:\/\/tienda.rigelec.com.ar\/#website","url":"https:\/\/tienda.rigelec.com.ar\/","name":"Tienda Rigelec","description":"Energia en movimiento","publisher":{"@id":"https:\/\/tienda.rigelec.com.ar\/#organization"},"potentialAction":[{"@type":"SearchAction","target":{"@type":"EntryPoint","urlTemplate":"https:\/\/tienda.rigelec.com.ar\/?s={search_term_string}"},"query-input":{"@type":"PropertyValueSpecification","valueRequired":true,"valueName":"search_term_string"}}],"inLanguage":"es-AR"},{"@type":"Organization","@id":"https:\/\/tienda.rigelec.com.ar\/#organization","name":"Tienda Rigelec","url":"https:\/\/tienda.rigelec.com.ar\/","logo":{"@type":"ImageObject","inLanguage":"es-AR","@id":"https:\/\/tienda.rigelec.com.ar\/#\/schema\/logo\/image\/","url":"https:\/\/tienda.rigelec.com.ar\/wp-content\/uploads\/2024\/09\/isologo-blanco-rigelec.png","contentUrl":"https:\/\/tienda.rigelec.com.ar\/wp-content\/uploads\/2024\/09\/isologo-blanco-rigelec.png","width":94,"height":97,"caption":"Tienda Rigelec"},"image":{"@id":"https:\/\/tienda.rigelec.com.ar\/#\/schema\/logo\/image\/"}}]}},"jetpack_sharing_enabled":true,"_links":{"self":[{"href":"https:\/\/tienda.rigelec.com.ar\/index.php?rest_route=\/wp\/v2\/product\/34729","targetHints":{"allow":["GET"]}}],"collection":[{"href":"https:\/\/tienda.rigelec.com.ar\/index.php?rest_route=\/wp\/v2\/product"}],"about":[{"href":"https:\/\/tienda.rigelec.com.ar\/index.php?rest_route=\/wp\/v2\/types\/product"}],"replies":[{"embeddable":true,"href":"https:\/\/tienda.rigelec.com.ar\/index.php?rest_route=%2Fwp%2Fv2%2Fcomments&post=34729"}],"wp:featuredmedia":[{"embeddable":true,"href":"https:\/\/tienda.rigelec.com.ar\/index.php?rest_route=\/wp\/v2\/media\/34730"}],"wp:attachment":[{"href":"https:\/\/tienda.rigelec.com.ar\/index.php?rest_route=%2Fwp%2Fv2%2Fmedia&parent=34729"}],"wp:term":[{"taxonomy":"product_brand","embeddable":true,"href":"https:\/\/tienda.rigelec.com.ar\/index.php?rest_route=%2Fwp%2Fv2%2Fproduct_brand&post=34729"},{"taxonomy":"product_cat","embeddable":true,"href":"https:\/\/tienda.rigelec.com.ar\/index.php?rest_route=%2Fwp%2Fv2%2Fproduct_cat&post=34729"},{"taxonomy":"product_tag","embeddable":true,"href":"https:\/\/tienda.rigelec.com.ar\/index.php?rest_route=%2Fwp%2Fv2%2Fproduct_tag&post=34729"}],"curies":[{"name":"wp","href":"https:\/\/api.w.org\/{rel}","templated":true}]}}