{"id":34772,"date":"2025-10-30T20:30:24","date_gmt":"2025-10-30T23:30:24","guid":{"rendered":"https:\/\/tienda.rigelec.com.ar\/?product=cano-pvc-rigido-negro-3-4-semipesado-nera-o20mm-3m"},"modified":"2026-05-01T02:53:02","modified_gmt":"2026-05-01T05:53:02","slug":"cano-pvc-rigido-negro-3-4-semipesado-nera-o20mm-3m","status":"publish","type":"product","link":"https:\/\/tienda.rigelec.com.ar\/?product=cano-pvc-rigido-negro-3-4-semipesado-nera-o20mm-3m","title":{"rendered":"CA\u00d1O PVC RIGIDO NEGRO 3\/4&#8243; SEMIPESADO &#8211; NERA \u00d820MM &#8211; 3M"},"content":{"rendered":"<p>CA\u00d1O PVC RIGIDO NEGRO 3\/4&#8243;<\/p>\n","protected":false},"excerpt":{"rendered":"<p>Ca\u00f1o PVC R\u00edgido negro \u00be\u0094 \u00d820mm x 3m \u0096 Semipesado \u0096 Genrod<\/p>\n<p>Ca\u00f1o semipesado de PVC ideal para instalaciones el\u00e9ctricas embutidas o superficiales, ofreciendo excelente resistencia mec\u00e1nica y durabilidad. Su dise\u00f1o con memoria de forma facilita el trabajo de instalaci\u00f3n y garantiza mayor seguridad en canalizaciones el\u00e9ctricas domiciliarias e industriales.<\/p>\n<p>Caracter\u00edsticas t\u00e9cnicas:<br \/>\nMaterial: PVC<br \/>\nTipo: Semipesado<br \/>\nColor: negro<br \/>\nDi\u00e1metro exterior: 20 mm (\u00be\u0094)<br \/>\nLargo: 3 m<br \/>\nUso: Instalaciones el\u00e9ctricas embutidas y a la vista<br \/>\nMarca: Genrod<br \/>\nModelo: Semipesado<br \/>\nPropiedades: Alta resistencia al impacto y a la tracci\u00f3n<br \/>\nNormas de calidad: Cumple con est\u00e1ndares de fabricaci\u00f3n Sistelectric<\/p>\n","protected":false},"featured_media":34773,"comment_status":"open","ping_status":"closed","template":"","meta":{"_monsterinsights_skip_tracking":false,"_monsterinsights_sitenote_active":false,"_monsterinsights_sitenote_note":"","_monsterinsights_sitenote_category":0},"product_brand":[],"product_cat":[344],"product_tag":[66],"class_list":{"0":"post-34772","1":"product","2":"type-product","3":"status-publish","4":"has-post-thumbnail","6":"product_cat-2-canos-rigidos","7":"product_tag-genrod","9":"first","10":"instock","11":"shipping-taxable","12":"purchasable","13":"product-type-simple"},"yoast_head":"<!-- This site is optimized with the Yoast SEO plugin v25.3.1 - https:\/\/yoast.com\/wordpress\/plugins\/seo\/ -->\n<title>CA\u00d1O PVC RIGIDO NEGRO 3\/4&quot; SEMIPESADO - NERA \u00d820MM - 3M - Tienda Rigelec<\/title>\n<meta name=\"robots\" content=\"index, follow, max-snippet:-1, max-image-preview:large, max-video-preview:-1\" \/>\n<link rel=\"canonical\" href=\"https:\/\/tienda.rigelec.com.ar\/?product=cano-pvc-rigido-negro-3-4-semipesado-nera-o20mm-3m\" \/>\n<meta property=\"og:locale\" content=\"es_ES\" \/>\n<meta property=\"og:type\" content=\"article\" \/>\n<meta property=\"og:title\" content=\"CA\u00d1O PVC RIGIDO NEGRO 3\/4&quot; SEMIPESADO - NERA \u00d820MM - 3M - Tienda Rigelec\" \/>\n<meta property=\"og:description\" content=\"Ca\u00f1o PVC R\u00edgido negro \u00be\u0094 \u00d820mm x 3m \u0096 Semipesado \u0096 Genrod  Ca\u00f1o semipesado de PVC ideal para instalaciones el\u00e9ctricas embutidas o superficiales, ofreciendo excelente resistencia mec\u00e1nica y durabilidad. Su dise\u00f1o con memoria de forma facilita el trabajo de instalaci\u00f3n y garantiza mayor seguridad en canalizaciones el\u00e9ctricas domiciliarias e industriales.  Caracter\u00edsticas t\u00e9cnicas: Material: PVC Tipo: Semipesado Color: negro Di\u00e1metro exterior: 20 mm (\u00be\u0094) Largo: 3 m Uso: Instalaciones el\u00e9ctricas embutidas y a la vista Marca: Genrod Modelo: Semipesado Propiedades: Alta resistencia al impacto y a la tracci\u00f3n Normas de calidad: Cumple con est\u00e1ndares de fabricaci\u00f3n Sistelectric\" \/>\n<meta property=\"og:url\" content=\"https:\/\/tienda.rigelec.com.ar\/?product=cano-pvc-rigido-negro-3-4-semipesado-nera-o20mm-3m\" \/>\n<meta property=\"og:site_name\" content=\"Tienda Rigelec\" \/>\n<meta property=\"article:modified_time\" content=\"2026-05-01T05:53:02+00:00\" \/>\n<meta name=\"twitter:card\" content=\"summary_large_image\" \/>\n<script type=\"application\/ld+json\" class=\"yoast-schema-graph\">{\"@context\":\"https:\/\/schema.org\",\"@graph\":[{\"@type\":\"WebPage\",\"@id\":\"https:\/\/tienda.rigelec.com.ar\/?product=cano-pvc-rigido-negro-3-4-semipesado-nera-o20mm-3m\",\"url\":\"https:\/\/tienda.rigelec.com.ar\/?product=cano-pvc-rigido-negro-3-4-semipesado-nera-o20mm-3m\",\"name\":\"CA\u00d1O PVC RIGIDO NEGRO 3\/4\\\" SEMIPESADO - NERA \u00d820MM - 3M - Tienda Rigelec\",\"isPartOf\":{\"@id\":\"https:\/\/tienda.rigelec.com.ar\/#website\"},\"primaryImageOfPage\":{\"@id\":\"https:\/\/tienda.rigelec.com.ar\/?product=cano-pvc-rigido-negro-3-4-semipesado-nera-o20mm-3m#primaryimage\"},\"image\":{\"@id\":\"https:\/\/tienda.rigelec.com.ar\/?product=cano-pvc-rigido-negro-3-4-semipesado-nera-o20mm-3m#primaryimage\"},\"thumbnailUrl\":\"https:\/\/tienda.rigelec.com.ar\/wp-content\/uploads\/2025\/10\/CANOPVCRIGIDONEGRO34.jpg\",\"datePublished\":\"2025-10-30T23:30:24+00:00\",\"dateModified\":\"2026-05-01T05:53:02+00:00\",\"breadcrumb\":{\"@id\":\"https:\/\/tienda.rigelec.com.ar\/?product=cano-pvc-rigido-negro-3-4-semipesado-nera-o20mm-3m#breadcrumb\"},\"inLanguage\":\"es-AR\",\"potentialAction\":[{\"@type\":\"ReadAction\",\"target\":[\"https:\/\/tienda.rigelec.com.ar\/?product=cano-pvc-rigido-negro-3-4-semipesado-nera-o20mm-3m\"]}]},{\"@type\":\"ImageObject\",\"inLanguage\":\"es-AR\",\"@id\":\"https:\/\/tienda.rigelec.com.ar\/?product=cano-pvc-rigido-negro-3-4-semipesado-nera-o20mm-3m#primaryimage\",\"url\":\"https:\/\/tienda.rigelec.com.ar\/wp-content\/uploads\/2025\/10\/CANOPVCRIGIDONEGRO34.jpg\",\"contentUrl\":\"https:\/\/tienda.rigelec.com.ar\/wp-content\/uploads\/2025\/10\/CANOPVCRIGIDONEGRO34.jpg\",\"width\":1080,\"height\":1080},{\"@type\":\"BreadcrumbList\",\"@id\":\"https:\/\/tienda.rigelec.com.ar\/?product=cano-pvc-rigido-negro-3-4-semipesado-nera-o20mm-3m#breadcrumb\",\"itemListElement\":[{\"@type\":\"ListItem\",\"position\":1,\"name\":\"Inicio\",\"item\":\"https:\/\/tienda.rigelec.com.ar\/\"},{\"@type\":\"ListItem\",\"position\":2,\"name\":\"Shop\",\"item\":\"https:\/\/tienda.rigelec.com.ar\/?page_id=12\"},{\"@type\":\"ListItem\",\"position\":3,\"name\":\"CA\u00d1O PVC RIGIDO NEGRO 3\/4&#8243; SEMIPESADO &#8211; NERA \u00d820MM &#8211; 3M\"}]},{\"@type\":\"WebSite\",\"@id\":\"https:\/\/tienda.rigelec.com.ar\/#website\",\"url\":\"https:\/\/tienda.rigelec.com.ar\/\",\"name\":\"Tienda Rigelec\",\"description\":\"Energia en movimiento\",\"publisher\":{\"@id\":\"https:\/\/tienda.rigelec.com.ar\/#organization\"},\"potentialAction\":[{\"@type\":\"SearchAction\",\"target\":{\"@type\":\"EntryPoint\",\"urlTemplate\":\"https:\/\/tienda.rigelec.com.ar\/?s={search_term_string}\"},\"query-input\":{\"@type\":\"PropertyValueSpecification\",\"valueRequired\":true,\"valueName\":\"search_term_string\"}}],\"inLanguage\":\"es-AR\"},{\"@type\":\"Organization\",\"@id\":\"https:\/\/tienda.rigelec.com.ar\/#organization\",\"name\":\"Tienda Rigelec\",\"url\":\"https:\/\/tienda.rigelec.com.ar\/\",\"logo\":{\"@type\":\"ImageObject\",\"inLanguage\":\"es-AR\",\"@id\":\"https:\/\/tienda.rigelec.com.ar\/#\/schema\/logo\/image\/\",\"url\":\"https:\/\/tienda.rigelec.com.ar\/wp-content\/uploads\/2024\/09\/isologo-blanco-rigelec.png\",\"contentUrl\":\"https:\/\/tienda.rigelec.com.ar\/wp-content\/uploads\/2024\/09\/isologo-blanco-rigelec.png\",\"width\":94,\"height\":97,\"caption\":\"Tienda Rigelec\"},\"image\":{\"@id\":\"https:\/\/tienda.rigelec.com.ar\/#\/schema\/logo\/image\/\"}}]}<\/script>\n<!-- \/ Yoast SEO plugin. -->","yoast_head_json":{"title":"CA\u00d1O PVC RIGIDO NEGRO 3\/4\" SEMIPESADO - NERA \u00d820MM - 3M - Tienda Rigelec","robots":{"index":"index","follow":"follow","max-snippet":"max-snippet:-1","max-image-preview":"max-image-preview:large","max-video-preview":"max-video-preview:-1"},"canonical":"https:\/\/tienda.rigelec.com.ar\/?product=cano-pvc-rigido-negro-3-4-semipesado-nera-o20mm-3m","og_locale":"es_ES","og_type":"article","og_title":"CA\u00d1O PVC RIGIDO NEGRO 3\/4\" SEMIPESADO - NERA \u00d820MM - 3M - Tienda Rigelec","og_description":"Ca\u00f1o PVC R\u00edgido negro \u00be\u0094 \u00d820mm x 3m \u0096 Semipesado \u0096 Genrod  Ca\u00f1o semipesado de PVC ideal para instalaciones el\u00e9ctricas embutidas o superficiales, ofreciendo excelente resistencia mec\u00e1nica y durabilidad. Su dise\u00f1o con memoria de forma facilita el trabajo de instalaci\u00f3n y garantiza mayor seguridad en canalizaciones el\u00e9ctricas domiciliarias e industriales.  Caracter\u00edsticas t\u00e9cnicas: Material: PVC Tipo: Semipesado Color: negro Di\u00e1metro exterior: 20 mm (\u00be\u0094) Largo: 3 m Uso: Instalaciones el\u00e9ctricas embutidas y a la vista Marca: Genrod Modelo: Semipesado Propiedades: Alta resistencia al impacto y a la tracci\u00f3n Normas de calidad: Cumple con est\u00e1ndares de fabricaci\u00f3n Sistelectric","og_url":"https:\/\/tienda.rigelec.com.ar\/?product=cano-pvc-rigido-negro-3-4-semipesado-nera-o20mm-3m","og_site_name":"Tienda Rigelec","article_modified_time":"2026-05-01T05:53:02+00:00","twitter_card":"summary_large_image","schema":{"@context":"https:\/\/schema.org","@graph":[{"@type":"WebPage","@id":"https:\/\/tienda.rigelec.com.ar\/?product=cano-pvc-rigido-negro-3-4-semipesado-nera-o20mm-3m","url":"https:\/\/tienda.rigelec.com.ar\/?product=cano-pvc-rigido-negro-3-4-semipesado-nera-o20mm-3m","name":"CA\u00d1O PVC RIGIDO NEGRO 3\/4\" SEMIPESADO - NERA \u00d820MM - 3M - Tienda Rigelec","isPartOf":{"@id":"https:\/\/tienda.rigelec.com.ar\/#website"},"primaryImageOfPage":{"@id":"https:\/\/tienda.rigelec.com.ar\/?product=cano-pvc-rigido-negro-3-4-semipesado-nera-o20mm-3m#primaryimage"},"image":{"@id":"https:\/\/tienda.rigelec.com.ar\/?product=cano-pvc-rigido-negro-3-4-semipesado-nera-o20mm-3m#primaryimage"},"thumbnailUrl":"https:\/\/tienda.rigelec.com.ar\/wp-content\/uploads\/2025\/10\/CANOPVCRIGIDONEGRO34.jpg","datePublished":"2025-10-30T23:30:24+00:00","dateModified":"2026-05-01T05:53:02+00:00","breadcrumb":{"@id":"https:\/\/tienda.rigelec.com.ar\/?product=cano-pvc-rigido-negro-3-4-semipesado-nera-o20mm-3m#breadcrumb"},"inLanguage":"es-AR","potentialAction":[{"@type":"ReadAction","target":["https:\/\/tienda.rigelec.com.ar\/?product=cano-pvc-rigido-negro-3-4-semipesado-nera-o20mm-3m"]}]},{"@type":"ImageObject","inLanguage":"es-AR","@id":"https:\/\/tienda.rigelec.com.ar\/?product=cano-pvc-rigido-negro-3-4-semipesado-nera-o20mm-3m#primaryimage","url":"https:\/\/tienda.rigelec.com.ar\/wp-content\/uploads\/2025\/10\/CANOPVCRIGIDONEGRO34.jpg","contentUrl":"https:\/\/tienda.rigelec.com.ar\/wp-content\/uploads\/2025\/10\/CANOPVCRIGIDONEGRO34.jpg","width":1080,"height":1080},{"@type":"BreadcrumbList","@id":"https:\/\/tienda.rigelec.com.ar\/?product=cano-pvc-rigido-negro-3-4-semipesado-nera-o20mm-3m#breadcrumb","itemListElement":[{"@type":"ListItem","position":1,"name":"Inicio","item":"https:\/\/tienda.rigelec.com.ar\/"},{"@type":"ListItem","position":2,"name":"Shop","item":"https:\/\/tienda.rigelec.com.ar\/?page_id=12"},{"@type":"ListItem","position":3,"name":"CA\u00d1O PVC RIGIDO NEGRO 3\/4&#8243; SEMIPESADO &#8211; NERA \u00d820MM &#8211; 3M"}]},{"@type":"WebSite","@id":"https:\/\/tienda.rigelec.com.ar\/#website","url":"https:\/\/tienda.rigelec.com.ar\/","name":"Tienda Rigelec","description":"Energia en movimiento","publisher":{"@id":"https:\/\/tienda.rigelec.com.ar\/#organization"},"potentialAction":[{"@type":"SearchAction","target":{"@type":"EntryPoint","urlTemplate":"https:\/\/tienda.rigelec.com.ar\/?s={search_term_string}"},"query-input":{"@type":"PropertyValueSpecification","valueRequired":true,"valueName":"search_term_string"}}],"inLanguage":"es-AR"},{"@type":"Organization","@id":"https:\/\/tienda.rigelec.com.ar\/#organization","name":"Tienda Rigelec","url":"https:\/\/tienda.rigelec.com.ar\/","logo":{"@type":"ImageObject","inLanguage":"es-AR","@id":"https:\/\/tienda.rigelec.com.ar\/#\/schema\/logo\/image\/","url":"https:\/\/tienda.rigelec.com.ar\/wp-content\/uploads\/2024\/09\/isologo-blanco-rigelec.png","contentUrl":"https:\/\/tienda.rigelec.com.ar\/wp-content\/uploads\/2024\/09\/isologo-blanco-rigelec.png","width":94,"height":97,"caption":"Tienda Rigelec"},"image":{"@id":"https:\/\/tienda.rigelec.com.ar\/#\/schema\/logo\/image\/"}}]}},"jetpack_sharing_enabled":true,"_links":{"self":[{"href":"https:\/\/tienda.rigelec.com.ar\/index.php?rest_route=\/wp\/v2\/product\/34772","targetHints":{"allow":["GET"]}}],"collection":[{"href":"https:\/\/tienda.rigelec.com.ar\/index.php?rest_route=\/wp\/v2\/product"}],"about":[{"href":"https:\/\/tienda.rigelec.com.ar\/index.php?rest_route=\/wp\/v2\/types\/product"}],"replies":[{"embeddable":true,"href":"https:\/\/tienda.rigelec.com.ar\/index.php?rest_route=%2Fwp%2Fv2%2Fcomments&post=34772"}],"wp:featuredmedia":[{"embeddable":true,"href":"https:\/\/tienda.rigelec.com.ar\/index.php?rest_route=\/wp\/v2\/media\/34773"}],"wp:attachment":[{"href":"https:\/\/tienda.rigelec.com.ar\/index.php?rest_route=%2Fwp%2Fv2%2Fmedia&parent=34772"}],"wp:term":[{"taxonomy":"product_brand","embeddable":true,"href":"https:\/\/tienda.rigelec.com.ar\/index.php?rest_route=%2Fwp%2Fv2%2Fproduct_brand&post=34772"},{"taxonomy":"product_cat","embeddable":true,"href":"https:\/\/tienda.rigelec.com.ar\/index.php?rest_route=%2Fwp%2Fv2%2Fproduct_cat&post=34772"},{"taxonomy":"product_tag","embeddable":true,"href":"https:\/\/tienda.rigelec.com.ar\/index.php?rest_route=%2Fwp%2Fv2%2Fproduct_tag&post=34772"}],"curies":[{"name":"wp","href":"https:\/\/api.w.org\/{rel}","templated":true}]}}