{"id":34870,"date":"2025-10-31T20:00:31","date_gmt":"2025-10-31T23:00:31","guid":{"rendered":"https:\/\/tienda.rigelec.com.ar\/?product=detector-de-ventana-y-puerta-domotica-linea-wifi-gateway"},"modified":"2026-05-03T22:51:20","modified_gmt":"2026-05-04T01:51:20","slug":"detector-de-ventana-y-puerta-domotica-linea-wifi-gateway","status":"publish","type":"product","link":"https:\/\/tienda.rigelec.com.ar\/?product=detector-de-ventana-y-puerta-domotica-linea-wifi-gateway","title":{"rendered":"DETECTOR DE VENTANA Y PUERTA DOMOTICA LINEA WIFI &#8211; GATEWAY"},"content":{"rendered":"<p>DETECTOR DE VENTANA Y PUERTA<\/p>\n","protected":false},"excerpt":{"rendered":"<p>El sensor de ventanas y puertas detecta la apertura y cierre de ventanas y<br \/>\npuertas, trabaja en conjunto con otros dispositivos inteligentes disparar alertas e<br \/>\nimplementar escenarios y\/o rutinas.<br \/>\nEl detector de ventanas y puertas puede ser monitoreado desde la aplicaci\u00f3n en<br \/>\nun dispositivo inteligente desde cualquier parte del mundo mientras se tengan<br \/>\nacceso a internet el hogar y el dispositivo.<\/p>\n<p>Algunas de las funciones que se pueden configurar desde la aplicaci\u00f3n son:<br \/>\n\u0095 Control por voz, empleando los asistentes de voz Alexa\u00ae y Google Assistant\u00ae<br \/>\npodr\u00e1 consultar el estado de la bater\u00eda y del estado del sensor (abierto o cerrado).<br \/>\n\u0095 Recibir alertas, por apertura, cierre o bater\u00eda baja.<\/p>\n<p>Caracter\u00edsticas t\u00e9cnicas<br \/>\n\u0095 Bater\u00eda: CR1632 x 2 unidades. (3 Vcc x 2)<br \/>\n\u0095 Protocolo: Zigbee<br \/>\n\u0095 Indicador: led de color rojo, hace un destello cada vez que se acerca o aleja el<br \/>\nim\u00e1n al sensor, y destella r\u00e1pido cuando est\u00e1 en proceso de enlace.<br \/>\n\u0095 Material: en pl\u00e1stico color blanco mate.<br \/>\n\u0095 Temperatura de Operaci\u00f3n: -10 a 50 \u00baC<br \/>\n\u0095 Humedad de operaci\u00f3n: 0% a 95% RH (sin condensaci\u00f3n)<br \/>\n\u0095 Uso interior.<br \/>\n\u0095 Modelo: DS100-Z<br \/>\n\u0095 Origen: Fabricado en China.<br \/>\n\u0095 Importador: Cambre I.C. y F.S.A.<br \/>\n\u0095 Aplicaci\u00f3n: compatible con Smart Life \u0096 Smart Living y Tuya Smart (disponibles<br \/>\npara sistemas operativos IOS y Android).<br \/>\n\u0095 Disparar rutinas\/escenarios ante cambios de estados.<\/p>\n","protected":false},"featured_media":34871,"comment_status":"open","ping_status":"closed","template":"","meta":{"_monsterinsights_skip_tracking":false,"_monsterinsights_sitenote_active":false,"_monsterinsights_sitenote_note":"","_monsterinsights_sitenote_category":0},"product_brand":[],"product_cat":[301],"product_tag":[139],"class_list":{"0":"post-34870","1":"product","2":"type-product","3":"status-publish","4":"has-post-thumbnail","6":"product_cat-4-accesorios","7":"product_tag-cambre","9":"first","10":"outofstock","11":"shipping-taxable","12":"purchasable","13":"product-type-simple"},"yoast_head":"<!-- This site is optimized with the Yoast SEO plugin v25.3.1 - https:\/\/yoast.com\/wordpress\/plugins\/seo\/ -->\n<title>DETECTOR DE VENTANA Y PUERTA DOMOTICA LINEA WIFI - GATEWAY - Tienda Rigelec<\/title>\n<meta name=\"robots\" content=\"index, follow, max-snippet:-1, max-image-preview:large, max-video-preview:-1\" \/>\n<link rel=\"canonical\" href=\"https:\/\/tienda.rigelec.com.ar\/?product=detector-de-ventana-y-puerta-domotica-linea-wifi-gateway\" \/>\n<meta property=\"og:locale\" content=\"es_ES\" \/>\n<meta property=\"og:type\" content=\"article\" \/>\n<meta property=\"og:title\" content=\"DETECTOR DE VENTANA Y PUERTA DOMOTICA LINEA WIFI - GATEWAY - Tienda Rigelec\" \/>\n<meta property=\"og:description\" content=\"El sensor de ventanas y puertas detecta la apertura y cierre de ventanas y puertas, trabaja en conjunto con otros dispositivos inteligentes disparar alertas e implementar escenarios y\/o rutinas. El detector de ventanas y puertas puede ser monitoreado desde la aplicaci\u00f3n en un dispositivo inteligente desde cualquier parte del mundo mientras se tengan acceso a internet el hogar y el dispositivo.  Algunas de las funciones que se pueden configurar desde la aplicaci\u00f3n son: \u0095 Control por voz, empleando los asistentes de voz Alexa\u00ae y Google Assistant\u00ae podr\u00e1 consultar el estado de la bater\u00eda y del estado del sensor (abierto o cerrado). \u0095 Recibir alertas, por apertura, cierre o bater\u00eda baja.  Caracter\u00edsticas t\u00e9cnicas \u0095 Bater\u00eda: CR1632 x 2 unidades. (3 Vcc x 2) \u0095 Protocolo: Zigbee \u0095 Indicador: led de color rojo, hace un destello cada vez que se acerca o aleja el im\u00e1n al sensor, y destella r\u00e1pido cuando est\u00e1 en proceso de enlace. \u0095 Material: en pl\u00e1stico color blanco mate. \u0095 Temperatura de Operaci\u00f3n: -10 a 50 \u00baC \u0095 Humedad de operaci\u00f3n: 0% a 95% RH (sin condensaci\u00f3n) \u0095 Uso interior. \u0095 Modelo: DS100-Z \u0095 Origen: Fabricado en China. \u0095 Importador: Cambre I.C. y F.S.A. \u0095 Aplicaci\u00f3n: compatible con Smart Life \u0096 Smart Living y Tuya Smart (disponibles para sistemas operativos IOS y Android). \u0095 Disparar rutinas\/escenarios ante cambios de estados.\" \/>\n<meta property=\"og:url\" content=\"https:\/\/tienda.rigelec.com.ar\/?product=detector-de-ventana-y-puerta-domotica-linea-wifi-gateway\" \/>\n<meta property=\"og:site_name\" content=\"Tienda Rigelec\" \/>\n<meta property=\"article:modified_time\" content=\"2026-05-04T01:51:20+00:00\" \/>\n<meta name=\"twitter:card\" content=\"summary_large_image\" \/>\n<script type=\"application\/ld+json\" class=\"yoast-schema-graph\">{\"@context\":\"https:\/\/schema.org\",\"@graph\":[{\"@type\":\"WebPage\",\"@id\":\"https:\/\/tienda.rigelec.com.ar\/?product=detector-de-ventana-y-puerta-domotica-linea-wifi-gateway\",\"url\":\"https:\/\/tienda.rigelec.com.ar\/?product=detector-de-ventana-y-puerta-domotica-linea-wifi-gateway\",\"name\":\"DETECTOR DE VENTANA Y PUERTA DOMOTICA LINEA WIFI - GATEWAY - Tienda Rigelec\",\"isPartOf\":{\"@id\":\"https:\/\/tienda.rigelec.com.ar\/#website\"},\"primaryImageOfPage\":{\"@id\":\"https:\/\/tienda.rigelec.com.ar\/?product=detector-de-ventana-y-puerta-domotica-linea-wifi-gateway#primaryimage\"},\"image\":{\"@id\":\"https:\/\/tienda.rigelec.com.ar\/?product=detector-de-ventana-y-puerta-domotica-linea-wifi-gateway#primaryimage\"},\"thumbnailUrl\":\"https:\/\/tienda.rigelec.com.ar\/wp-content\/uploads\/2025\/10\/DETECTORDEVENTANAYPUERTA.jpg\",\"datePublished\":\"2025-10-31T23:00:31+00:00\",\"dateModified\":\"2026-05-04T01:51:20+00:00\",\"breadcrumb\":{\"@id\":\"https:\/\/tienda.rigelec.com.ar\/?product=detector-de-ventana-y-puerta-domotica-linea-wifi-gateway#breadcrumb\"},\"inLanguage\":\"es-AR\",\"potentialAction\":[{\"@type\":\"ReadAction\",\"target\":[\"https:\/\/tienda.rigelec.com.ar\/?product=detector-de-ventana-y-puerta-domotica-linea-wifi-gateway\"]}]},{\"@type\":\"ImageObject\",\"inLanguage\":\"es-AR\",\"@id\":\"https:\/\/tienda.rigelec.com.ar\/?product=detector-de-ventana-y-puerta-domotica-linea-wifi-gateway#primaryimage\",\"url\":\"https:\/\/tienda.rigelec.com.ar\/wp-content\/uploads\/2025\/10\/DETECTORDEVENTANAYPUERTA.jpg\",\"contentUrl\":\"https:\/\/tienda.rigelec.com.ar\/wp-content\/uploads\/2025\/10\/DETECTORDEVENTANAYPUERTA.jpg\",\"width\":1080,\"height\":1080},{\"@type\":\"BreadcrumbList\",\"@id\":\"https:\/\/tienda.rigelec.com.ar\/?product=detector-de-ventana-y-puerta-domotica-linea-wifi-gateway#breadcrumb\",\"itemListElement\":[{\"@type\":\"ListItem\",\"position\":1,\"name\":\"Inicio\",\"item\":\"https:\/\/tienda.rigelec.com.ar\/\"},{\"@type\":\"ListItem\",\"position\":2,\"name\":\"Shop\",\"item\":\"https:\/\/tienda.rigelec.com.ar\/?page_id=12\"},{\"@type\":\"ListItem\",\"position\":3,\"name\":\"DETECTOR DE VENTANA Y PUERTA DOMOTICA LINEA WIFI &#8211; GATEWAY\"}]},{\"@type\":\"WebSite\",\"@id\":\"https:\/\/tienda.rigelec.com.ar\/#website\",\"url\":\"https:\/\/tienda.rigelec.com.ar\/\",\"name\":\"Tienda Rigelec\",\"description\":\"Energia en movimiento\",\"publisher\":{\"@id\":\"https:\/\/tienda.rigelec.com.ar\/#organization\"},\"potentialAction\":[{\"@type\":\"SearchAction\",\"target\":{\"@type\":\"EntryPoint\",\"urlTemplate\":\"https:\/\/tienda.rigelec.com.ar\/?s={search_term_string}\"},\"query-input\":{\"@type\":\"PropertyValueSpecification\",\"valueRequired\":true,\"valueName\":\"search_term_string\"}}],\"inLanguage\":\"es-AR\"},{\"@type\":\"Organization\",\"@id\":\"https:\/\/tienda.rigelec.com.ar\/#organization\",\"name\":\"Tienda Rigelec\",\"url\":\"https:\/\/tienda.rigelec.com.ar\/\",\"logo\":{\"@type\":\"ImageObject\",\"inLanguage\":\"es-AR\",\"@id\":\"https:\/\/tienda.rigelec.com.ar\/#\/schema\/logo\/image\/\",\"url\":\"https:\/\/tienda.rigelec.com.ar\/wp-content\/uploads\/2024\/09\/isologo-blanco-rigelec.png\",\"contentUrl\":\"https:\/\/tienda.rigelec.com.ar\/wp-content\/uploads\/2024\/09\/isologo-blanco-rigelec.png\",\"width\":94,\"height\":97,\"caption\":\"Tienda Rigelec\"},\"image\":{\"@id\":\"https:\/\/tienda.rigelec.com.ar\/#\/schema\/logo\/image\/\"}}]}<\/script>\n<!-- \/ Yoast SEO plugin. -->","yoast_head_json":{"title":"DETECTOR DE VENTANA Y PUERTA DOMOTICA LINEA WIFI - GATEWAY - Tienda Rigelec","robots":{"index":"index","follow":"follow","max-snippet":"max-snippet:-1","max-image-preview":"max-image-preview:large","max-video-preview":"max-video-preview:-1"},"canonical":"https:\/\/tienda.rigelec.com.ar\/?product=detector-de-ventana-y-puerta-domotica-linea-wifi-gateway","og_locale":"es_ES","og_type":"article","og_title":"DETECTOR DE VENTANA Y PUERTA DOMOTICA LINEA WIFI - GATEWAY - Tienda Rigelec","og_description":"El sensor de ventanas y puertas detecta la apertura y cierre de ventanas y puertas, trabaja en conjunto con otros dispositivos inteligentes disparar alertas e implementar escenarios y\/o rutinas. El detector de ventanas y puertas puede ser monitoreado desde la aplicaci\u00f3n en un dispositivo inteligente desde cualquier parte del mundo mientras se tengan acceso a internet el hogar y el dispositivo.  Algunas de las funciones que se pueden configurar desde la aplicaci\u00f3n son: \u0095 Control por voz, empleando los asistentes de voz Alexa\u00ae y Google Assistant\u00ae podr\u00e1 consultar el estado de la bater\u00eda y del estado del sensor (abierto o cerrado). \u0095 Recibir alertas, por apertura, cierre o bater\u00eda baja.  Caracter\u00edsticas t\u00e9cnicas \u0095 Bater\u00eda: CR1632 x 2 unidades. (3 Vcc x 2) \u0095 Protocolo: Zigbee \u0095 Indicador: led de color rojo, hace un destello cada vez que se acerca o aleja el im\u00e1n al sensor, y destella r\u00e1pido cuando est\u00e1 en proceso de enlace. \u0095 Material: en pl\u00e1stico color blanco mate. \u0095 Temperatura de Operaci\u00f3n: -10 a 50 \u00baC \u0095 Humedad de operaci\u00f3n: 0% a 95% RH (sin condensaci\u00f3n) \u0095 Uso interior. \u0095 Modelo: DS100-Z \u0095 Origen: Fabricado en China. \u0095 Importador: Cambre I.C. y F.S.A. \u0095 Aplicaci\u00f3n: compatible con Smart Life \u0096 Smart Living y Tuya Smart (disponibles para sistemas operativos IOS y Android). \u0095 Disparar rutinas\/escenarios ante cambios de estados.","og_url":"https:\/\/tienda.rigelec.com.ar\/?product=detector-de-ventana-y-puerta-domotica-linea-wifi-gateway","og_site_name":"Tienda Rigelec","article_modified_time":"2026-05-04T01:51:20+00:00","twitter_card":"summary_large_image","schema":{"@context":"https:\/\/schema.org","@graph":[{"@type":"WebPage","@id":"https:\/\/tienda.rigelec.com.ar\/?product=detector-de-ventana-y-puerta-domotica-linea-wifi-gateway","url":"https:\/\/tienda.rigelec.com.ar\/?product=detector-de-ventana-y-puerta-domotica-linea-wifi-gateway","name":"DETECTOR DE VENTANA Y PUERTA DOMOTICA LINEA WIFI - GATEWAY - Tienda Rigelec","isPartOf":{"@id":"https:\/\/tienda.rigelec.com.ar\/#website"},"primaryImageOfPage":{"@id":"https:\/\/tienda.rigelec.com.ar\/?product=detector-de-ventana-y-puerta-domotica-linea-wifi-gateway#primaryimage"},"image":{"@id":"https:\/\/tienda.rigelec.com.ar\/?product=detector-de-ventana-y-puerta-domotica-linea-wifi-gateway#primaryimage"},"thumbnailUrl":"https:\/\/tienda.rigelec.com.ar\/wp-content\/uploads\/2025\/10\/DETECTORDEVENTANAYPUERTA.jpg","datePublished":"2025-10-31T23:00:31+00:00","dateModified":"2026-05-04T01:51:20+00:00","breadcrumb":{"@id":"https:\/\/tienda.rigelec.com.ar\/?product=detector-de-ventana-y-puerta-domotica-linea-wifi-gateway#breadcrumb"},"inLanguage":"es-AR","potentialAction":[{"@type":"ReadAction","target":["https:\/\/tienda.rigelec.com.ar\/?product=detector-de-ventana-y-puerta-domotica-linea-wifi-gateway"]}]},{"@type":"ImageObject","inLanguage":"es-AR","@id":"https:\/\/tienda.rigelec.com.ar\/?product=detector-de-ventana-y-puerta-domotica-linea-wifi-gateway#primaryimage","url":"https:\/\/tienda.rigelec.com.ar\/wp-content\/uploads\/2025\/10\/DETECTORDEVENTANAYPUERTA.jpg","contentUrl":"https:\/\/tienda.rigelec.com.ar\/wp-content\/uploads\/2025\/10\/DETECTORDEVENTANAYPUERTA.jpg","width":1080,"height":1080},{"@type":"BreadcrumbList","@id":"https:\/\/tienda.rigelec.com.ar\/?product=detector-de-ventana-y-puerta-domotica-linea-wifi-gateway#breadcrumb","itemListElement":[{"@type":"ListItem","position":1,"name":"Inicio","item":"https:\/\/tienda.rigelec.com.ar\/"},{"@type":"ListItem","position":2,"name":"Shop","item":"https:\/\/tienda.rigelec.com.ar\/?page_id=12"},{"@type":"ListItem","position":3,"name":"DETECTOR DE VENTANA Y PUERTA DOMOTICA LINEA WIFI &#8211; GATEWAY"}]},{"@type":"WebSite","@id":"https:\/\/tienda.rigelec.com.ar\/#website","url":"https:\/\/tienda.rigelec.com.ar\/","name":"Tienda Rigelec","description":"Energia en movimiento","publisher":{"@id":"https:\/\/tienda.rigelec.com.ar\/#organization"},"potentialAction":[{"@type":"SearchAction","target":{"@type":"EntryPoint","urlTemplate":"https:\/\/tienda.rigelec.com.ar\/?s={search_term_string}"},"query-input":{"@type":"PropertyValueSpecification","valueRequired":true,"valueName":"search_term_string"}}],"inLanguage":"es-AR"},{"@type":"Organization","@id":"https:\/\/tienda.rigelec.com.ar\/#organization","name":"Tienda Rigelec","url":"https:\/\/tienda.rigelec.com.ar\/","logo":{"@type":"ImageObject","inLanguage":"es-AR","@id":"https:\/\/tienda.rigelec.com.ar\/#\/schema\/logo\/image\/","url":"https:\/\/tienda.rigelec.com.ar\/wp-content\/uploads\/2024\/09\/isologo-blanco-rigelec.png","contentUrl":"https:\/\/tienda.rigelec.com.ar\/wp-content\/uploads\/2024\/09\/isologo-blanco-rigelec.png","width":94,"height":97,"caption":"Tienda Rigelec"},"image":{"@id":"https:\/\/tienda.rigelec.com.ar\/#\/schema\/logo\/image\/"}}]}},"jetpack_sharing_enabled":true,"_links":{"self":[{"href":"https:\/\/tienda.rigelec.com.ar\/index.php?rest_route=\/wp\/v2\/product\/34870","targetHints":{"allow":["GET"]}}],"collection":[{"href":"https:\/\/tienda.rigelec.com.ar\/index.php?rest_route=\/wp\/v2\/product"}],"about":[{"href":"https:\/\/tienda.rigelec.com.ar\/index.php?rest_route=\/wp\/v2\/types\/product"}],"replies":[{"embeddable":true,"href":"https:\/\/tienda.rigelec.com.ar\/index.php?rest_route=%2Fwp%2Fv2%2Fcomments&post=34870"}],"wp:featuredmedia":[{"embeddable":true,"href":"https:\/\/tienda.rigelec.com.ar\/index.php?rest_route=\/wp\/v2\/media\/34871"}],"wp:attachment":[{"href":"https:\/\/tienda.rigelec.com.ar\/index.php?rest_route=%2Fwp%2Fv2%2Fmedia&parent=34870"}],"wp:term":[{"taxonomy":"product_brand","embeddable":true,"href":"https:\/\/tienda.rigelec.com.ar\/index.php?rest_route=%2Fwp%2Fv2%2Fproduct_brand&post=34870"},{"taxonomy":"product_cat","embeddable":true,"href":"https:\/\/tienda.rigelec.com.ar\/index.php?rest_route=%2Fwp%2Fv2%2Fproduct_cat&post=34870"},{"taxonomy":"product_tag","embeddable":true,"href":"https:\/\/tienda.rigelec.com.ar\/index.php?rest_route=%2Fwp%2Fv2%2Fproduct_tag&post=34870"}],"curies":[{"name":"wp","href":"https:\/\/api.w.org\/{rel}","templated":true}]}}