{"id":34912,"date":"2025-10-31T20:02:07","date_gmt":"2025-10-31T23:02:07","guid":{"rendered":"https:\/\/tienda.rigelec.com.ar\/?product=ducha-electrica-3-temperatura-blanco-enerducha-plus-3t-5400w-220v-32a"},"modified":"2026-05-09T01:52:35","modified_gmt":"2026-05-09T04:52:35","slug":"ducha-electrica-bajo-consumo-5400w","status":"publish","type":"product","link":"https:\/\/tienda.rigelec.com.ar\/?product=ducha-electrica-bajo-consumo-5400w","title":{"rendered":"DUCHA ELECTRICA 3 TEMPERATURA BLANCO ENERDUCHA PLUS 3T 5400W &#8211; 220V &#8211; 32A"},"content":{"rendered":"<p data-start=\"239\" data-end=\"317\"><strong data-start=\"239\" data-end=\"317\">Ducha el\u00e9ctrica 3 temperaturas marca Enerbras<\/strong><\/p>\n<p data-start=\"319\" data-end=\"610\"><span data-start=\"322\" data-end=\"354\">Est\u00e1 <\/span><strong data-start=\"322\" data-end=\"354\">ducha el\u00e9ctrica de bajo consumo<\/strong> es la soluci\u00f3n ideal para quienes buscan eficiencia, confort y ahorro energ\u00e9tico diario. Dise\u00f1ada para ofrecer un excelente un excelente eficiencia energitica del 95%, aprovechando al m\u00e1ximo la energ\u00eda consumida y reducir el gasto el\u00e9ctrico sin sacrificar confort.<\/p>\n<p data-start=\"612\" data-end=\"955\">Con una potencia de 5400W, esta <strong data-start=\"644\" data-end=\"676\">ducha el\u00e9ctrica<\/strong>\u00a0permite un calentamiento r\u00e1pido del agua, garantizando una temperatura constante incluso en condiciones de baja presi\u00f3n. Su sistema de 3 temperaturas regulables te permite elegir el nivel de calor adecuado seg\u00fan la \u00e9poca del a\u00f1o, brindando mayor comodidad y control en cada uso.<\/p>\n<p data-start=\"1297\" data-end=\"1563\">Otro de sus grandes beneficios es su amplio rango de funcionamiento, estando dise\u00f1ada para operar con presiones desde 1 metro de columna de agua (ideal para instalaciones con tanque) hasta 40 metros, adapt\u00e1ndose perfectamente tanto a hogares con baja como alta presi\u00f3n.<\/p>\n<p data-start=\"1565\" data-end=\"1772\">Funciona con tensi\u00f3n nominal de 220V, lo que la hace compatible con instalaciones el\u00e9ctricas est\u00e1ndar. Adem\u00e1s, su instalaci\u00f3n es simple y pr\u00e1ctica, permitiendo una puesta en marcha r\u00e1pida sin complicaciones.<\/p>\n<p data-start=\"680\" data-end=\"1090\">Adem\u00e1s, esta ducha el\u00e9ctrica bajo consumo est\u00e1 fabricada con materiales resistentes y duraderos, pensados para un uso frecuente sin p\u00e9rdida de rendimiento. Su dise\u00f1o funcional permite una distribuci\u00f3n uniforme del agua, mejorando la experiencia de uso y garantizando mayor confort. Es una excelente alternativa para modernizar el ba\u00f1o con una soluci\u00f3n pr\u00e1ctica, eficiente y adaptada a las necesidades actuales.<\/p>\n<p data-start=\"680\" data-end=\"1090\">Enerbras es sinonimo de calidad, garantizando la seguridad de la instalacion, con precios accesibles<\/p>\n<p data-start=\"1774\" data-end=\"1806\"><strong data-start=\"1774\" data-end=\"1806\">Caracter\u00edsticas principales:<\/strong><\/p>\n<ul data-start=\"1807\" data-end=\"2073\">\n<li data-section-id=\"w0ng7e\" data-start=\"1807\" data-end=\"1859\">Ducha el\u00e9ctrica bajo consumo de alto rendimiento<\/li>\n<li data-section-id=\"g1ergv\" data-start=\"1860\" data-end=\"1879\">Potencia: 5400W<\/li>\n<li data-section-id=\"3i6z2q\" data-start=\"1880\" data-end=\"1898\">Tensi\u00f3n: 220V~<\/li>\n<li data-section-id=\"17jlp5s\" data-start=\"1899\" data-end=\"1928\">3 temperaturas ajustables<\/li>\n<li data-section-id=\"1as4c9i\" data-start=\"1929\" data-end=\"1959\">Eficiencia energ\u00e9tica: 95%<\/li>\n<li data-section-id=\"v36obh\" data-start=\"1960\" data-end=\"1994\">Presi\u00f3n m\u00ednima: 1 mca (10 kPa)<\/li>\n<li data-section-id=\"82ux6v\" data-start=\"1995\" data-end=\"2031\">Presi\u00f3n m\u00e1xima: 40 mca (400 kPa)<\/li>\n<li data-section-id=\"15jbfv\" data-start=\"2032\" data-end=\"2073\">Ideal para bajo y alto caudal de agua<\/li>\n<\/ul>\n","protected":false},"excerpt":{"rendered":"<p>Ducha El\u00e9ctrica 3 Temperaturas<\/p>\n<ul>\n<li>Potencia: 5400W<\/li>\n<li>Tensi\u00f3n Nominal: 220V~<\/li>\n<li>Eficiencia Energ\u00e9tica: 95%<\/li>\n<li>Presi\u00f3n m\u00ednima de funcionamiento: 1 mca (1 metro columna de agua) o 10kPa<\/li>\n<li>Presi\u00f3n m\u00e1xima de funcionamiento 40 mca (40 metro columna de agua) o 400kPa<\/li>\n<\/ul>\n","protected":false},"featured_media":34913,"comment_status":"open","ping_status":"closed","template":"","meta":{"_monsterinsights_skip_tracking":false,"_monsterinsights_sitenote_active":false,"_monsterinsights_sitenote_note":"","_monsterinsights_sitenote_category":0},"product_brand":[],"product_cat":[248],"product_tag":[506],"class_list":{"0":"post-34912","1":"product","2":"type-product","3":"status-publish","4":"has-post-thumbnail","6":"product_cat-i-calefones","7":"product_tag-enerbras","9":"first","10":"instock","11":"shipping-taxable","12":"purchasable","13":"product-type-simple"},"yoast_head":"<!-- This site is optimized with the Yoast SEO plugin v25.3.1 - https:\/\/yoast.com\/wordpress\/plugins\/seo\/ -->\n<title>Ducha el\u00e9ctrica 3 Temperaturas - Enerbras - 5400W - 32A - 220V<\/title>\n<meta name=\"description\" content=\"Ducha el\u00e9ctrica 220V de 5400W con 3 temperaturas, alta eficiencia energ\u00e9tica (95%). Ideal para ba\u00f1os con bajo o alta presion de agua. F\u00e1cil instalaci\u00f3n.\" \/>\n<meta name=\"robots\" content=\"index, follow, max-snippet:-1, max-image-preview:large, max-video-preview:-1\" \/>\n<link rel=\"canonical\" href=\"https:\/\/tienda.rigelec.com.ar\/?product=ducha-electrica-bajo-consumo-5400w\" \/>\n<meta property=\"og:locale\" content=\"es_ES\" \/>\n<meta property=\"og:type\" content=\"article\" \/>\n<meta property=\"og:title\" content=\"Ducha el\u00e9ctrica 3 Temperaturas - Enerbras - 5400W - 32A - 220V\" \/>\n<meta property=\"og:description\" content=\"Ducha el\u00e9ctrica 220V de 5400W con 3 temperaturas, alta eficiencia energ\u00e9tica (95%). Ideal para ba\u00f1os con bajo o alta presion de agua. F\u00e1cil instalaci\u00f3n.\" \/>\n<meta property=\"og:url\" content=\"https:\/\/tienda.rigelec.com.ar\/?product=ducha-electrica-bajo-consumo-5400w\" \/>\n<meta property=\"og:site_name\" content=\"Tienda Rigelec\" \/>\n<meta property=\"article:modified_time\" content=\"2026-05-09T04:52:35+00:00\" \/>\n<meta property=\"og:image\" content=\"https:\/\/tienda.rigelec.com.ar\/wp-content\/uploads\/2025\/10\/DUCHAELECTRICA3TEMPERATURABLANCO.jpg\" \/>\n\t<meta property=\"og:image:width\" content=\"1080\" \/>\n\t<meta property=\"og:image:height\" content=\"1080\" \/>\n\t<meta property=\"og:image:type\" content=\"image\/jpeg\" \/>\n<meta name=\"twitter:card\" content=\"summary_large_image\" \/>\n<meta name=\"twitter:label1\" content=\"Tiempo de lectura\" \/>\n\t<meta name=\"twitter:data1\" content=\"2 minutos\" \/>\n<script type=\"application\/ld+json\" class=\"yoast-schema-graph\">{\"@context\":\"https:\/\/schema.org\",\"@graph\":[{\"@type\":\"WebPage\",\"@id\":\"https:\/\/tienda.rigelec.com.ar\/?product=ducha-electrica-bajo-consumo-5400w\",\"url\":\"https:\/\/tienda.rigelec.com.ar\/?product=ducha-electrica-bajo-consumo-5400w\",\"name\":\"Ducha el\u00e9ctrica 3 Temperaturas - Enerbras - 5400W - 32A - 220V\",\"isPartOf\":{\"@id\":\"https:\/\/tienda.rigelec.com.ar\/#website\"},\"primaryImageOfPage\":{\"@id\":\"https:\/\/tienda.rigelec.com.ar\/?product=ducha-electrica-bajo-consumo-5400w#primaryimage\"},\"image\":{\"@id\":\"https:\/\/tienda.rigelec.com.ar\/?product=ducha-electrica-bajo-consumo-5400w#primaryimage\"},\"thumbnailUrl\":\"https:\/\/tienda.rigelec.com.ar\/wp-content\/uploads\/2025\/10\/DUCHAELECTRICA3TEMPERATURABLANCO.jpg\",\"datePublished\":\"2025-10-31T23:02:07+00:00\",\"dateModified\":\"2026-05-09T04:52:35+00:00\",\"description\":\"Ducha el\u00e9ctrica 220V de 5400W con 3 temperaturas, alta eficiencia energ\u00e9tica (95%). Ideal para ba\u00f1os con bajo o alta presion de agua. F\u00e1cil instalaci\u00f3n.\",\"breadcrumb\":{\"@id\":\"https:\/\/tienda.rigelec.com.ar\/?product=ducha-electrica-bajo-consumo-5400w#breadcrumb\"},\"inLanguage\":\"es-AR\",\"potentialAction\":[{\"@type\":\"ReadAction\",\"target\":[\"https:\/\/tienda.rigelec.com.ar\/?product=ducha-electrica-bajo-consumo-5400w\"]}]},{\"@type\":\"ImageObject\",\"inLanguage\":\"es-AR\",\"@id\":\"https:\/\/tienda.rigelec.com.ar\/?product=ducha-electrica-bajo-consumo-5400w#primaryimage\",\"url\":\"https:\/\/tienda.rigelec.com.ar\/wp-content\/uploads\/2025\/10\/DUCHAELECTRICA3TEMPERATURABLANCO.jpg\",\"contentUrl\":\"https:\/\/tienda.rigelec.com.ar\/wp-content\/uploads\/2025\/10\/DUCHAELECTRICA3TEMPERATURABLANCO.jpg\",\"width\":1080,\"height\":1080},{\"@type\":\"BreadcrumbList\",\"@id\":\"https:\/\/tienda.rigelec.com.ar\/?product=ducha-electrica-bajo-consumo-5400w#breadcrumb\",\"itemListElement\":[{\"@type\":\"ListItem\",\"position\":1,\"name\":\"Inicio\",\"item\":\"https:\/\/tienda.rigelec.com.ar\/\"},{\"@type\":\"ListItem\",\"position\":2,\"name\":\"Shop\",\"item\":\"https:\/\/tienda.rigelec.com.ar\/?page_id=12\"},{\"@type\":\"ListItem\",\"position\":3,\"name\":\"DUCHA ELECTRICA 3 TEMPERATURA BLANCO ENERDUCHA PLUS 3T 5400W &#8211; 220V &#8211; 32A\"}]},{\"@type\":\"WebSite\",\"@id\":\"https:\/\/tienda.rigelec.com.ar\/#website\",\"url\":\"https:\/\/tienda.rigelec.com.ar\/\",\"name\":\"Tienda Rigelec\",\"description\":\"Energia en movimiento\",\"publisher\":{\"@id\":\"https:\/\/tienda.rigelec.com.ar\/#organization\"},\"potentialAction\":[{\"@type\":\"SearchAction\",\"target\":{\"@type\":\"EntryPoint\",\"urlTemplate\":\"https:\/\/tienda.rigelec.com.ar\/?s={search_term_string}\"},\"query-input\":{\"@type\":\"PropertyValueSpecification\",\"valueRequired\":true,\"valueName\":\"search_term_string\"}}],\"inLanguage\":\"es-AR\"},{\"@type\":\"Organization\",\"@id\":\"https:\/\/tienda.rigelec.com.ar\/#organization\",\"name\":\"Tienda Rigelec\",\"url\":\"https:\/\/tienda.rigelec.com.ar\/\",\"logo\":{\"@type\":\"ImageObject\",\"inLanguage\":\"es-AR\",\"@id\":\"https:\/\/tienda.rigelec.com.ar\/#\/schema\/logo\/image\/\",\"url\":\"https:\/\/tienda.rigelec.com.ar\/wp-content\/uploads\/2024\/09\/isologo-blanco-rigelec.png\",\"contentUrl\":\"https:\/\/tienda.rigelec.com.ar\/wp-content\/uploads\/2024\/09\/isologo-blanco-rigelec.png\",\"width\":94,\"height\":97,\"caption\":\"Tienda Rigelec\"},\"image\":{\"@id\":\"https:\/\/tienda.rigelec.com.ar\/#\/schema\/logo\/image\/\"}}]}<\/script>\n<!-- \/ Yoast SEO plugin. -->","yoast_head_json":{"title":"Ducha el\u00e9ctrica 3 Temperaturas - Enerbras - 5400W - 32A - 220V","description":"Ducha el\u00e9ctrica 220V de 5400W con 3 temperaturas, alta eficiencia energ\u00e9tica (95%). Ideal para ba\u00f1os con bajo o alta presion de agua. F\u00e1cil instalaci\u00f3n.","robots":{"index":"index","follow":"follow","max-snippet":"max-snippet:-1","max-image-preview":"max-image-preview:large","max-video-preview":"max-video-preview:-1"},"canonical":"https:\/\/tienda.rigelec.com.ar\/?product=ducha-electrica-bajo-consumo-5400w","og_locale":"es_ES","og_type":"article","og_title":"Ducha el\u00e9ctrica 3 Temperaturas - Enerbras - 5400W - 32A - 220V","og_description":"Ducha el\u00e9ctrica 220V de 5400W con 3 temperaturas, alta eficiencia energ\u00e9tica (95%). Ideal para ba\u00f1os con bajo o alta presion de agua. F\u00e1cil instalaci\u00f3n.","og_url":"https:\/\/tienda.rigelec.com.ar\/?product=ducha-electrica-bajo-consumo-5400w","og_site_name":"Tienda Rigelec","article_modified_time":"2026-05-09T04:52:35+00:00","og_image":[{"width":1080,"height":1080,"url":"https:\/\/tienda.rigelec.com.ar\/wp-content\/uploads\/2025\/10\/DUCHAELECTRICA3TEMPERATURABLANCO.jpg","type":"image\/jpeg"}],"twitter_card":"summary_large_image","twitter_misc":{"Tiempo de lectura":"2 minutos"},"schema":{"@context":"https:\/\/schema.org","@graph":[{"@type":"WebPage","@id":"https:\/\/tienda.rigelec.com.ar\/?product=ducha-electrica-bajo-consumo-5400w","url":"https:\/\/tienda.rigelec.com.ar\/?product=ducha-electrica-bajo-consumo-5400w","name":"Ducha el\u00e9ctrica 3 Temperaturas - Enerbras - 5400W - 32A - 220V","isPartOf":{"@id":"https:\/\/tienda.rigelec.com.ar\/#website"},"primaryImageOfPage":{"@id":"https:\/\/tienda.rigelec.com.ar\/?product=ducha-electrica-bajo-consumo-5400w#primaryimage"},"image":{"@id":"https:\/\/tienda.rigelec.com.ar\/?product=ducha-electrica-bajo-consumo-5400w#primaryimage"},"thumbnailUrl":"https:\/\/tienda.rigelec.com.ar\/wp-content\/uploads\/2025\/10\/DUCHAELECTRICA3TEMPERATURABLANCO.jpg","datePublished":"2025-10-31T23:02:07+00:00","dateModified":"2026-05-09T04:52:35+00:00","description":"Ducha el\u00e9ctrica 220V de 5400W con 3 temperaturas, alta eficiencia energ\u00e9tica (95%). Ideal para ba\u00f1os con bajo o alta presion de agua. F\u00e1cil instalaci\u00f3n.","breadcrumb":{"@id":"https:\/\/tienda.rigelec.com.ar\/?product=ducha-electrica-bajo-consumo-5400w#breadcrumb"},"inLanguage":"es-AR","potentialAction":[{"@type":"ReadAction","target":["https:\/\/tienda.rigelec.com.ar\/?product=ducha-electrica-bajo-consumo-5400w"]}]},{"@type":"ImageObject","inLanguage":"es-AR","@id":"https:\/\/tienda.rigelec.com.ar\/?product=ducha-electrica-bajo-consumo-5400w#primaryimage","url":"https:\/\/tienda.rigelec.com.ar\/wp-content\/uploads\/2025\/10\/DUCHAELECTRICA3TEMPERATURABLANCO.jpg","contentUrl":"https:\/\/tienda.rigelec.com.ar\/wp-content\/uploads\/2025\/10\/DUCHAELECTRICA3TEMPERATURABLANCO.jpg","width":1080,"height":1080},{"@type":"BreadcrumbList","@id":"https:\/\/tienda.rigelec.com.ar\/?product=ducha-electrica-bajo-consumo-5400w#breadcrumb","itemListElement":[{"@type":"ListItem","position":1,"name":"Inicio","item":"https:\/\/tienda.rigelec.com.ar\/"},{"@type":"ListItem","position":2,"name":"Shop","item":"https:\/\/tienda.rigelec.com.ar\/?page_id=12"},{"@type":"ListItem","position":3,"name":"DUCHA ELECTRICA 3 TEMPERATURA BLANCO ENERDUCHA PLUS 3T 5400W &#8211; 220V &#8211; 32A"}]},{"@type":"WebSite","@id":"https:\/\/tienda.rigelec.com.ar\/#website","url":"https:\/\/tienda.rigelec.com.ar\/","name":"Tienda Rigelec","description":"Energia en movimiento","publisher":{"@id":"https:\/\/tienda.rigelec.com.ar\/#organization"},"potentialAction":[{"@type":"SearchAction","target":{"@type":"EntryPoint","urlTemplate":"https:\/\/tienda.rigelec.com.ar\/?s={search_term_string}"},"query-input":{"@type":"PropertyValueSpecification","valueRequired":true,"valueName":"search_term_string"}}],"inLanguage":"es-AR"},{"@type":"Organization","@id":"https:\/\/tienda.rigelec.com.ar\/#organization","name":"Tienda Rigelec","url":"https:\/\/tienda.rigelec.com.ar\/","logo":{"@type":"ImageObject","inLanguage":"es-AR","@id":"https:\/\/tienda.rigelec.com.ar\/#\/schema\/logo\/image\/","url":"https:\/\/tienda.rigelec.com.ar\/wp-content\/uploads\/2024\/09\/isologo-blanco-rigelec.png","contentUrl":"https:\/\/tienda.rigelec.com.ar\/wp-content\/uploads\/2024\/09\/isologo-blanco-rigelec.png","width":94,"height":97,"caption":"Tienda Rigelec"},"image":{"@id":"https:\/\/tienda.rigelec.com.ar\/#\/schema\/logo\/image\/"}}]}},"jetpack_sharing_enabled":true,"_links":{"self":[{"href":"https:\/\/tienda.rigelec.com.ar\/index.php?rest_route=\/wp\/v2\/product\/34912","targetHints":{"allow":["GET"]}}],"collection":[{"href":"https:\/\/tienda.rigelec.com.ar\/index.php?rest_route=\/wp\/v2\/product"}],"about":[{"href":"https:\/\/tienda.rigelec.com.ar\/index.php?rest_route=\/wp\/v2\/types\/product"}],"replies":[{"embeddable":true,"href":"https:\/\/tienda.rigelec.com.ar\/index.php?rest_route=%2Fwp%2Fv2%2Fcomments&post=34912"}],"wp:featuredmedia":[{"embeddable":true,"href":"https:\/\/tienda.rigelec.com.ar\/index.php?rest_route=\/wp\/v2\/media\/34913"}],"wp:attachment":[{"href":"https:\/\/tienda.rigelec.com.ar\/index.php?rest_route=%2Fwp%2Fv2%2Fmedia&parent=34912"}],"wp:term":[{"taxonomy":"product_brand","embeddable":true,"href":"https:\/\/tienda.rigelec.com.ar\/index.php?rest_route=%2Fwp%2Fv2%2Fproduct_brand&post=34912"},{"taxonomy":"product_cat","embeddable":true,"href":"https:\/\/tienda.rigelec.com.ar\/index.php?rest_route=%2Fwp%2Fv2%2Fproduct_cat&post=34912"},{"taxonomy":"product_tag","embeddable":true,"href":"https:\/\/tienda.rigelec.com.ar\/index.php?rest_route=%2Fwp%2Fv2%2Fproduct_tag&post=34912"}],"curies":[{"name":"wp","href":"https:\/\/api.w.org\/{rel}","templated":true}]}}