{"id":35372,"date":"2025-11-10T18:43:36","date_gmt":"2025-11-10T21:43:36","guid":{"rendered":"https:\/\/tienda.rigelec.com.ar\/?product=termofusora-jdwm1l15-4-800-w-0-300c"},"modified":"2026-05-02T06:28:08","modified_gmt":"2026-05-02T09:28:08","slug":"termofusora-jdwm1l15-4-800-w-0-300c","status":"publish","type":"product","link":"https:\/\/tienda.rigelec.com.ar\/?product=termofusora-jdwm1l15-4-800-w-0-300c","title":{"rendered":"TERMOFUSORA JDWM1L15-4 800 W &#8211;  0 &#8211; 300\u00b0C"},"content":{"rendered":"<p>TERMOFUSORA<\/p>\n","protected":false},"excerpt":{"rendered":"<p>El m\u00e9todo de calentamiento el\u00e9ctrico transfiere calor a la superficie de soldadura de la tuber\u00eda termopl\u00e1stica y del molde para derretir la superficie, luego se retira el fusor caliente para fusionar, solidificar e integrar r\u00e1pidamente las dos superficies.<\/p>\n<p>Caracteristicas Tecnicas:<br \/>\nVoltaje: 220-240 V ~ 50\/60 Hz (enchufe IRAM)<br \/>\nPotencia nominal: 800W<br \/>\nDi\u00e1metro de soldadura: 20,25,32 mm<br \/>\nTemperatura de trabajo: 0-300 cent\u00edgrados<br \/>\nAplicando a: PP-R, PB, PE, PE-RT<br \/>\nCon casquillos de soldadura de 3 uds: 20,25,32mm<br \/>\nCon 1 Uds destornillador<br \/>\nCon<\/p>\n","protected":false},"featured_media":35373,"comment_status":"open","ping_status":"closed","template":"","meta":{"_monsterinsights_skip_tracking":false,"_monsterinsights_sitenote_active":false,"_monsterinsights_sitenote_note":"","_monsterinsights_sitenote_category":0},"product_brand":[],"product_cat":[367],"product_tag":[452],"class_list":{"0":"post-35372","1":"product","2":"type-product","3":"status-publish","4":"has-post-thumbnail","6":"product_cat-d-instrumentos-de-medicion","7":"product_tag-jadever","9":"first","10":"outofstock","11":"shipping-taxable","12":"purchasable","13":"product-type-simple"},"yoast_head":"<!-- This site is optimized with the Yoast SEO plugin v25.3.1 - https:\/\/yoast.com\/wordpress\/plugins\/seo\/ -->\n<title>TERMOFUSORA JDWM1L15-4 800 W - 0 - 300\u00b0C - Tienda Rigelec<\/title>\n<meta name=\"robots\" content=\"index, follow, max-snippet:-1, max-image-preview:large, max-video-preview:-1\" \/>\n<link rel=\"canonical\" href=\"https:\/\/tienda.rigelec.com.ar\/?product=termofusora-jdwm1l15-4-800-w-0-300c\" \/>\n<meta property=\"og:locale\" content=\"es_ES\" \/>\n<meta property=\"og:type\" content=\"article\" \/>\n<meta property=\"og:title\" content=\"TERMOFUSORA JDWM1L15-4 800 W - 0 - 300\u00b0C - Tienda Rigelec\" \/>\n<meta property=\"og:description\" content=\"El m\u00e9todo de calentamiento el\u00e9ctrico transfiere calor a la superficie de soldadura de la tuber\u00eda termopl\u00e1stica y del molde para derretir la superficie, luego se retira el fusor caliente para fusionar, solidificar e integrar r\u00e1pidamente las dos superficies.  Caracteristicas Tecnicas: Voltaje: 220-240 V ~ 50\/60 Hz (enchufe IRAM) Potencia nominal: 800W Di\u00e1metro de soldadura: 20,25,32 mm Temperatura de trabajo: 0-300 cent\u00edgrados Aplicando a: PP-R, PB, PE, PE-RT Con casquillos de soldadura de 3 uds: 20,25,32mm Con 1 Uds destornillador Con\" \/>\n<meta property=\"og:url\" content=\"https:\/\/tienda.rigelec.com.ar\/?product=termofusora-jdwm1l15-4-800-w-0-300c\" \/>\n<meta property=\"og:site_name\" content=\"Tienda Rigelec\" \/>\n<meta property=\"article:modified_time\" content=\"2026-05-02T09:28:08+00:00\" \/>\n<meta name=\"twitter:card\" content=\"summary_large_image\" \/>\n<script type=\"application\/ld+json\" class=\"yoast-schema-graph\">{\"@context\":\"https:\/\/schema.org\",\"@graph\":[{\"@type\":\"WebPage\",\"@id\":\"https:\/\/tienda.rigelec.com.ar\/?product=termofusora-jdwm1l15-4-800-w-0-300c\",\"url\":\"https:\/\/tienda.rigelec.com.ar\/?product=termofusora-jdwm1l15-4-800-w-0-300c\",\"name\":\"TERMOFUSORA JDWM1L15-4 800 W - 0 - 300\u00b0C - Tienda Rigelec\",\"isPartOf\":{\"@id\":\"https:\/\/tienda.rigelec.com.ar\/#website\"},\"primaryImageOfPage\":{\"@id\":\"https:\/\/tienda.rigelec.com.ar\/?product=termofusora-jdwm1l15-4-800-w-0-300c#primaryimage\"},\"image\":{\"@id\":\"https:\/\/tienda.rigelec.com.ar\/?product=termofusora-jdwm1l15-4-800-w-0-300c#primaryimage\"},\"thumbnailUrl\":\"https:\/\/tienda.rigelec.com.ar\/wp-content\/uploads\/2025\/11\/TERMOFUSORA.jpg\",\"datePublished\":\"2025-11-10T21:43:36+00:00\",\"dateModified\":\"2026-05-02T09:28:08+00:00\",\"breadcrumb\":{\"@id\":\"https:\/\/tienda.rigelec.com.ar\/?product=termofusora-jdwm1l15-4-800-w-0-300c#breadcrumb\"},\"inLanguage\":\"es-AR\",\"potentialAction\":[{\"@type\":\"ReadAction\",\"target\":[\"https:\/\/tienda.rigelec.com.ar\/?product=termofusora-jdwm1l15-4-800-w-0-300c\"]}]},{\"@type\":\"ImageObject\",\"inLanguage\":\"es-AR\",\"@id\":\"https:\/\/tienda.rigelec.com.ar\/?product=termofusora-jdwm1l15-4-800-w-0-300c#primaryimage\",\"url\":\"https:\/\/tienda.rigelec.com.ar\/wp-content\/uploads\/2025\/11\/TERMOFUSORA.jpg\",\"contentUrl\":\"https:\/\/tienda.rigelec.com.ar\/wp-content\/uploads\/2025\/11\/TERMOFUSORA.jpg\",\"width\":1080,\"height\":1080},{\"@type\":\"BreadcrumbList\",\"@id\":\"https:\/\/tienda.rigelec.com.ar\/?product=termofusora-jdwm1l15-4-800-w-0-300c#breadcrumb\",\"itemListElement\":[{\"@type\":\"ListItem\",\"position\":1,\"name\":\"Inicio\",\"item\":\"https:\/\/tienda.rigelec.com.ar\/\"},{\"@type\":\"ListItem\",\"position\":2,\"name\":\"Shop\",\"item\":\"https:\/\/tienda.rigelec.com.ar\/?page_id=12\"},{\"@type\":\"ListItem\",\"position\":3,\"name\":\"TERMOFUSORA JDWM1L15-4 800 W &#8211; 0 &#8211; 300\u00b0C\"}]},{\"@type\":\"WebSite\",\"@id\":\"https:\/\/tienda.rigelec.com.ar\/#website\",\"url\":\"https:\/\/tienda.rigelec.com.ar\/\",\"name\":\"Tienda Rigelec\",\"description\":\"Energia en movimiento\",\"publisher\":{\"@id\":\"https:\/\/tienda.rigelec.com.ar\/#organization\"},\"potentialAction\":[{\"@type\":\"SearchAction\",\"target\":{\"@type\":\"EntryPoint\",\"urlTemplate\":\"https:\/\/tienda.rigelec.com.ar\/?s={search_term_string}\"},\"query-input\":{\"@type\":\"PropertyValueSpecification\",\"valueRequired\":true,\"valueName\":\"search_term_string\"}}],\"inLanguage\":\"es-AR\"},{\"@type\":\"Organization\",\"@id\":\"https:\/\/tienda.rigelec.com.ar\/#organization\",\"name\":\"Tienda Rigelec\",\"url\":\"https:\/\/tienda.rigelec.com.ar\/\",\"logo\":{\"@type\":\"ImageObject\",\"inLanguage\":\"es-AR\",\"@id\":\"https:\/\/tienda.rigelec.com.ar\/#\/schema\/logo\/image\/\",\"url\":\"https:\/\/tienda.rigelec.com.ar\/wp-content\/uploads\/2024\/09\/isologo-blanco-rigelec.png\",\"contentUrl\":\"https:\/\/tienda.rigelec.com.ar\/wp-content\/uploads\/2024\/09\/isologo-blanco-rigelec.png\",\"width\":94,\"height\":97,\"caption\":\"Tienda Rigelec\"},\"image\":{\"@id\":\"https:\/\/tienda.rigelec.com.ar\/#\/schema\/logo\/image\/\"}}]}<\/script>\n<!-- \/ Yoast SEO plugin. -->","yoast_head_json":{"title":"TERMOFUSORA JDWM1L15-4 800 W - 0 - 300\u00b0C - Tienda Rigelec","robots":{"index":"index","follow":"follow","max-snippet":"max-snippet:-1","max-image-preview":"max-image-preview:large","max-video-preview":"max-video-preview:-1"},"canonical":"https:\/\/tienda.rigelec.com.ar\/?product=termofusora-jdwm1l15-4-800-w-0-300c","og_locale":"es_ES","og_type":"article","og_title":"TERMOFUSORA JDWM1L15-4 800 W - 0 - 300\u00b0C - Tienda Rigelec","og_description":"El m\u00e9todo de calentamiento el\u00e9ctrico transfiere calor a la superficie de soldadura de la tuber\u00eda termopl\u00e1stica y del molde para derretir la superficie, luego se retira el fusor caliente para fusionar, solidificar e integrar r\u00e1pidamente las dos superficies.  Caracteristicas Tecnicas: Voltaje: 220-240 V ~ 50\/60 Hz (enchufe IRAM) Potencia nominal: 800W Di\u00e1metro de soldadura: 20,25,32 mm Temperatura de trabajo: 0-300 cent\u00edgrados Aplicando a: PP-R, PB, PE, PE-RT Con casquillos de soldadura de 3 uds: 20,25,32mm Con 1 Uds destornillador Con","og_url":"https:\/\/tienda.rigelec.com.ar\/?product=termofusora-jdwm1l15-4-800-w-0-300c","og_site_name":"Tienda Rigelec","article_modified_time":"2026-05-02T09:28:08+00:00","twitter_card":"summary_large_image","schema":{"@context":"https:\/\/schema.org","@graph":[{"@type":"WebPage","@id":"https:\/\/tienda.rigelec.com.ar\/?product=termofusora-jdwm1l15-4-800-w-0-300c","url":"https:\/\/tienda.rigelec.com.ar\/?product=termofusora-jdwm1l15-4-800-w-0-300c","name":"TERMOFUSORA JDWM1L15-4 800 W - 0 - 300\u00b0C - Tienda Rigelec","isPartOf":{"@id":"https:\/\/tienda.rigelec.com.ar\/#website"},"primaryImageOfPage":{"@id":"https:\/\/tienda.rigelec.com.ar\/?product=termofusora-jdwm1l15-4-800-w-0-300c#primaryimage"},"image":{"@id":"https:\/\/tienda.rigelec.com.ar\/?product=termofusora-jdwm1l15-4-800-w-0-300c#primaryimage"},"thumbnailUrl":"https:\/\/tienda.rigelec.com.ar\/wp-content\/uploads\/2025\/11\/TERMOFUSORA.jpg","datePublished":"2025-11-10T21:43:36+00:00","dateModified":"2026-05-02T09:28:08+00:00","breadcrumb":{"@id":"https:\/\/tienda.rigelec.com.ar\/?product=termofusora-jdwm1l15-4-800-w-0-300c#breadcrumb"},"inLanguage":"es-AR","potentialAction":[{"@type":"ReadAction","target":["https:\/\/tienda.rigelec.com.ar\/?product=termofusora-jdwm1l15-4-800-w-0-300c"]}]},{"@type":"ImageObject","inLanguage":"es-AR","@id":"https:\/\/tienda.rigelec.com.ar\/?product=termofusora-jdwm1l15-4-800-w-0-300c#primaryimage","url":"https:\/\/tienda.rigelec.com.ar\/wp-content\/uploads\/2025\/11\/TERMOFUSORA.jpg","contentUrl":"https:\/\/tienda.rigelec.com.ar\/wp-content\/uploads\/2025\/11\/TERMOFUSORA.jpg","width":1080,"height":1080},{"@type":"BreadcrumbList","@id":"https:\/\/tienda.rigelec.com.ar\/?product=termofusora-jdwm1l15-4-800-w-0-300c#breadcrumb","itemListElement":[{"@type":"ListItem","position":1,"name":"Inicio","item":"https:\/\/tienda.rigelec.com.ar\/"},{"@type":"ListItem","position":2,"name":"Shop","item":"https:\/\/tienda.rigelec.com.ar\/?page_id=12"},{"@type":"ListItem","position":3,"name":"TERMOFUSORA JDWM1L15-4 800 W &#8211; 0 &#8211; 300\u00b0C"}]},{"@type":"WebSite","@id":"https:\/\/tienda.rigelec.com.ar\/#website","url":"https:\/\/tienda.rigelec.com.ar\/","name":"Tienda Rigelec","description":"Energia en movimiento","publisher":{"@id":"https:\/\/tienda.rigelec.com.ar\/#organization"},"potentialAction":[{"@type":"SearchAction","target":{"@type":"EntryPoint","urlTemplate":"https:\/\/tienda.rigelec.com.ar\/?s={search_term_string}"},"query-input":{"@type":"PropertyValueSpecification","valueRequired":true,"valueName":"search_term_string"}}],"inLanguage":"es-AR"},{"@type":"Organization","@id":"https:\/\/tienda.rigelec.com.ar\/#organization","name":"Tienda Rigelec","url":"https:\/\/tienda.rigelec.com.ar\/","logo":{"@type":"ImageObject","inLanguage":"es-AR","@id":"https:\/\/tienda.rigelec.com.ar\/#\/schema\/logo\/image\/","url":"https:\/\/tienda.rigelec.com.ar\/wp-content\/uploads\/2024\/09\/isologo-blanco-rigelec.png","contentUrl":"https:\/\/tienda.rigelec.com.ar\/wp-content\/uploads\/2024\/09\/isologo-blanco-rigelec.png","width":94,"height":97,"caption":"Tienda Rigelec"},"image":{"@id":"https:\/\/tienda.rigelec.com.ar\/#\/schema\/logo\/image\/"}}]}},"jetpack_sharing_enabled":true,"_links":{"self":[{"href":"https:\/\/tienda.rigelec.com.ar\/index.php?rest_route=\/wp\/v2\/product\/35372","targetHints":{"allow":["GET"]}}],"collection":[{"href":"https:\/\/tienda.rigelec.com.ar\/index.php?rest_route=\/wp\/v2\/product"}],"about":[{"href":"https:\/\/tienda.rigelec.com.ar\/index.php?rest_route=\/wp\/v2\/types\/product"}],"replies":[{"embeddable":true,"href":"https:\/\/tienda.rigelec.com.ar\/index.php?rest_route=%2Fwp%2Fv2%2Fcomments&post=35372"}],"wp:featuredmedia":[{"embeddable":true,"href":"https:\/\/tienda.rigelec.com.ar\/index.php?rest_route=\/wp\/v2\/media\/35373"}],"wp:attachment":[{"href":"https:\/\/tienda.rigelec.com.ar\/index.php?rest_route=%2Fwp%2Fv2%2Fmedia&parent=35372"}],"wp:term":[{"taxonomy":"product_brand","embeddable":true,"href":"https:\/\/tienda.rigelec.com.ar\/index.php?rest_route=%2Fwp%2Fv2%2Fproduct_brand&post=35372"},{"taxonomy":"product_cat","embeddable":true,"href":"https:\/\/tienda.rigelec.com.ar\/index.php?rest_route=%2Fwp%2Fv2%2Fproduct_cat&post=35372"},{"taxonomy":"product_tag","embeddable":true,"href":"https:\/\/tienda.rigelec.com.ar\/index.php?rest_route=%2Fwp%2Fv2%2Fproduct_tag&post=35372"}],"curies":[{"name":"wp","href":"https:\/\/api.w.org\/{rel}","templated":true}]}}