{"id":35376,"date":"2025-11-10T18:44:45","date_gmt":"2025-11-10T21:44:45","guid":{"rendered":"https:\/\/tienda.rigelec.com.ar\/?product=gabinete-para-medicion-t3-ip43-ik10-520x640mm"},"modified":"2026-05-04T12:53:08","modified_gmt":"2026-05-04T15:53:08","slug":"gabinete-para-medicion-t3-ip43-ik10-520x640mm","status":"publish","type":"product","link":"https:\/\/tienda.rigelec.com.ar\/?product=gabinete-para-medicion-t3-ip43-ik10-520x640mm","title":{"rendered":"GABINETE PARA MEDICION T3 IP43 &#8211; IK10 520X640MM"},"content":{"rendered":"<p>GABINETE PARA MEDICION T3<\/p>\n","protected":false},"excerpt":{"rendered":"<p>Gabinetes para medici\u00f3n<\/p>\n<p>Gabinetes y cajas de material aislante para acometida de energ\u00eda subterr\u00e1nea,  protecci\u00f3n y maniobra de l\u00edneas de baja tensi\u00f3n<\/p>\n<p>Caracter\u00edsticas<br \/>\nSon cajas de material aislante para alojar todo tipo de equipos de medici\u00f3n de energ\u00eda (monof\u00e1sicos y trif\u00e1sicos),  con borneras de contraste y otros elementos de protecci\u00f3n.<\/p>\n<p>&#8211; Aptas para tarifas 1; 2 y 3, desde 60 A hasta 500 A.<br \/>\n&#8211; Equipadas con bases portafusibles NH (seg\u00fan el modelo).<br \/>\n&#8211; Aptas para instalaci\u00f3n en la v\u00eda p\u00fablica.<br \/>\n&#8211; Grado de protecci\u00f3n IP43.<br \/>\n&#8211; Alta resistencia al impacto (IK10).<br \/>\n&#8211; Autoextinguibles.<br \/>\n&#8211; Alta resistencia al uso en intemperie.<br \/>\n&#8211; Cierre seguro para evitar el ingreso de personas no<br \/>\n autorizadas y garantizar estanqueidad para prolongar su vida \u00fatil<\/p>\n","protected":false},"featured_media":35377,"comment_status":"open","ping_status":"closed","template":"","meta":{"_monsterinsights_skip_tracking":false,"_monsterinsights_sitenote_active":false,"_monsterinsights_sitenote_note":"","_monsterinsights_sitenote_category":0},"product_brand":[],"product_cat":[353],"product_tag":[66],"class_list":{"0":"post-35376","1":"product","2":"type-product","3":"status-publish","4":"has-post-thumbnail","6":"product_cat-e-gabinetes","7":"product_tag-genrod","9":"first","10":"instock","11":"shipping-taxable","12":"purchasable","13":"product-type-simple"},"yoast_head":"<!-- This site is optimized with the Yoast SEO plugin v25.3.1 - https:\/\/yoast.com\/wordpress\/plugins\/seo\/ -->\n<title>GABINETE PARA MEDICION T3 IP43 - IK10 520X640MM - Tienda Rigelec<\/title>\n<meta name=\"robots\" content=\"index, follow, max-snippet:-1, max-image-preview:large, max-video-preview:-1\" \/>\n<link rel=\"canonical\" href=\"https:\/\/tienda.rigelec.com.ar\/?product=gabinete-para-medicion-t3-ip43-ik10-520x640mm\" \/>\n<meta property=\"og:locale\" content=\"es_ES\" \/>\n<meta property=\"og:type\" content=\"article\" \/>\n<meta property=\"og:title\" content=\"GABINETE PARA MEDICION T3 IP43 - IK10 520X640MM - Tienda Rigelec\" \/>\n<meta property=\"og:description\" content=\"Gabinetes para medici\u00f3n  Gabinetes y cajas de material aislante para acometida de energ\u00eda subterr\u00e1nea, protecci\u00f3n y maniobra de l\u00edneas de baja tensi\u00f3n  Caracter\u00edsticas Son cajas de material aislante para alojar todo tipo de equipos de medici\u00f3n de energ\u00eda (monof\u00e1sicos y trif\u00e1sicos), con borneras de contraste y otros elementos de protecci\u00f3n.  - Aptas para tarifas 1; 2 y 3, desde 60 A hasta 500 A. - Equipadas con bases portafusibles NH (seg\u00fan el modelo). - Aptas para instalaci\u00f3n en la v\u00eda p\u00fablica. - Grado de protecci\u00f3n IP43. - Alta resistencia al impacto (IK10).  - Autoextinguibles. - Alta resistencia al uso en intemperie. - Cierre seguro para evitar el ingreso de personas no  autorizadas y garantizar estanqueidad para prolongar su vida \u00fatil\" \/>\n<meta property=\"og:url\" content=\"https:\/\/tienda.rigelec.com.ar\/?product=gabinete-para-medicion-t3-ip43-ik10-520x640mm\" \/>\n<meta property=\"og:site_name\" content=\"Tienda Rigelec\" \/>\n<meta property=\"article:modified_time\" content=\"2026-05-04T15:53:08+00:00\" \/>\n<meta name=\"twitter:card\" content=\"summary_large_image\" \/>\n<script type=\"application\/ld+json\" class=\"yoast-schema-graph\">{\"@context\":\"https:\/\/schema.org\",\"@graph\":[{\"@type\":\"WebPage\",\"@id\":\"https:\/\/tienda.rigelec.com.ar\/?product=gabinete-para-medicion-t3-ip43-ik10-520x640mm\",\"url\":\"https:\/\/tienda.rigelec.com.ar\/?product=gabinete-para-medicion-t3-ip43-ik10-520x640mm\",\"name\":\"GABINETE PARA MEDICION T3 IP43 - IK10 520X640MM - Tienda Rigelec\",\"isPartOf\":{\"@id\":\"https:\/\/tienda.rigelec.com.ar\/#website\"},\"primaryImageOfPage\":{\"@id\":\"https:\/\/tienda.rigelec.com.ar\/?product=gabinete-para-medicion-t3-ip43-ik10-520x640mm#primaryimage\"},\"image\":{\"@id\":\"https:\/\/tienda.rigelec.com.ar\/?product=gabinete-para-medicion-t3-ip43-ik10-520x640mm#primaryimage\"},\"thumbnailUrl\":\"https:\/\/tienda.rigelec.com.ar\/wp-content\/uploads\/2025\/11\/GABINETEPARAMEDICIONT3.jpg\",\"datePublished\":\"2025-11-10T21:44:45+00:00\",\"dateModified\":\"2026-05-04T15:53:08+00:00\",\"breadcrumb\":{\"@id\":\"https:\/\/tienda.rigelec.com.ar\/?product=gabinete-para-medicion-t3-ip43-ik10-520x640mm#breadcrumb\"},\"inLanguage\":\"es-AR\",\"potentialAction\":[{\"@type\":\"ReadAction\",\"target\":[\"https:\/\/tienda.rigelec.com.ar\/?product=gabinete-para-medicion-t3-ip43-ik10-520x640mm\"]}]},{\"@type\":\"ImageObject\",\"inLanguage\":\"es-AR\",\"@id\":\"https:\/\/tienda.rigelec.com.ar\/?product=gabinete-para-medicion-t3-ip43-ik10-520x640mm#primaryimage\",\"url\":\"https:\/\/tienda.rigelec.com.ar\/wp-content\/uploads\/2025\/11\/GABINETEPARAMEDICIONT3.jpg\",\"contentUrl\":\"https:\/\/tienda.rigelec.com.ar\/wp-content\/uploads\/2025\/11\/GABINETEPARAMEDICIONT3.jpg\",\"width\":1080,\"height\":1080},{\"@type\":\"BreadcrumbList\",\"@id\":\"https:\/\/tienda.rigelec.com.ar\/?product=gabinete-para-medicion-t3-ip43-ik10-520x640mm#breadcrumb\",\"itemListElement\":[{\"@type\":\"ListItem\",\"position\":1,\"name\":\"Inicio\",\"item\":\"https:\/\/tienda.rigelec.com.ar\/\"},{\"@type\":\"ListItem\",\"position\":2,\"name\":\"Shop\",\"item\":\"https:\/\/tienda.rigelec.com.ar\/?page_id=12\"},{\"@type\":\"ListItem\",\"position\":3,\"name\":\"GABINETE PARA MEDICION T3 IP43 &#8211; IK10 520X640MM\"}]},{\"@type\":\"WebSite\",\"@id\":\"https:\/\/tienda.rigelec.com.ar\/#website\",\"url\":\"https:\/\/tienda.rigelec.com.ar\/\",\"name\":\"Tienda Rigelec\",\"description\":\"Energia en movimiento\",\"publisher\":{\"@id\":\"https:\/\/tienda.rigelec.com.ar\/#organization\"},\"potentialAction\":[{\"@type\":\"SearchAction\",\"target\":{\"@type\":\"EntryPoint\",\"urlTemplate\":\"https:\/\/tienda.rigelec.com.ar\/?s={search_term_string}\"},\"query-input\":{\"@type\":\"PropertyValueSpecification\",\"valueRequired\":true,\"valueName\":\"search_term_string\"}}],\"inLanguage\":\"es-AR\"},{\"@type\":\"Organization\",\"@id\":\"https:\/\/tienda.rigelec.com.ar\/#organization\",\"name\":\"Tienda Rigelec\",\"url\":\"https:\/\/tienda.rigelec.com.ar\/\",\"logo\":{\"@type\":\"ImageObject\",\"inLanguage\":\"es-AR\",\"@id\":\"https:\/\/tienda.rigelec.com.ar\/#\/schema\/logo\/image\/\",\"url\":\"https:\/\/tienda.rigelec.com.ar\/wp-content\/uploads\/2024\/09\/isologo-blanco-rigelec.png\",\"contentUrl\":\"https:\/\/tienda.rigelec.com.ar\/wp-content\/uploads\/2024\/09\/isologo-blanco-rigelec.png\",\"width\":94,\"height\":97,\"caption\":\"Tienda Rigelec\"},\"image\":{\"@id\":\"https:\/\/tienda.rigelec.com.ar\/#\/schema\/logo\/image\/\"}}]}<\/script>\n<!-- \/ Yoast SEO plugin. -->","yoast_head_json":{"title":"GABINETE PARA MEDICION T3 IP43 - IK10 520X640MM - Tienda Rigelec","robots":{"index":"index","follow":"follow","max-snippet":"max-snippet:-1","max-image-preview":"max-image-preview:large","max-video-preview":"max-video-preview:-1"},"canonical":"https:\/\/tienda.rigelec.com.ar\/?product=gabinete-para-medicion-t3-ip43-ik10-520x640mm","og_locale":"es_ES","og_type":"article","og_title":"GABINETE PARA MEDICION T3 IP43 - IK10 520X640MM - Tienda Rigelec","og_description":"Gabinetes para medici\u00f3n  Gabinetes y cajas de material aislante para acometida de energ\u00eda subterr\u00e1nea, protecci\u00f3n y maniobra de l\u00edneas de baja tensi\u00f3n  Caracter\u00edsticas Son cajas de material aislante para alojar todo tipo de equipos de medici\u00f3n de energ\u00eda (monof\u00e1sicos y trif\u00e1sicos), con borneras de contraste y otros elementos de protecci\u00f3n.  - Aptas para tarifas 1; 2 y 3, desde 60 A hasta 500 A. - Equipadas con bases portafusibles NH (seg\u00fan el modelo). - Aptas para instalaci\u00f3n en la v\u00eda p\u00fablica. - Grado de protecci\u00f3n IP43. - Alta resistencia al impacto (IK10).  - Autoextinguibles. - Alta resistencia al uso en intemperie. - Cierre seguro para evitar el ingreso de personas no  autorizadas y garantizar estanqueidad para prolongar su vida \u00fatil","og_url":"https:\/\/tienda.rigelec.com.ar\/?product=gabinete-para-medicion-t3-ip43-ik10-520x640mm","og_site_name":"Tienda Rigelec","article_modified_time":"2026-05-04T15:53:08+00:00","twitter_card":"summary_large_image","schema":{"@context":"https:\/\/schema.org","@graph":[{"@type":"WebPage","@id":"https:\/\/tienda.rigelec.com.ar\/?product=gabinete-para-medicion-t3-ip43-ik10-520x640mm","url":"https:\/\/tienda.rigelec.com.ar\/?product=gabinete-para-medicion-t3-ip43-ik10-520x640mm","name":"GABINETE PARA MEDICION T3 IP43 - IK10 520X640MM - Tienda Rigelec","isPartOf":{"@id":"https:\/\/tienda.rigelec.com.ar\/#website"},"primaryImageOfPage":{"@id":"https:\/\/tienda.rigelec.com.ar\/?product=gabinete-para-medicion-t3-ip43-ik10-520x640mm#primaryimage"},"image":{"@id":"https:\/\/tienda.rigelec.com.ar\/?product=gabinete-para-medicion-t3-ip43-ik10-520x640mm#primaryimage"},"thumbnailUrl":"https:\/\/tienda.rigelec.com.ar\/wp-content\/uploads\/2025\/11\/GABINETEPARAMEDICIONT3.jpg","datePublished":"2025-11-10T21:44:45+00:00","dateModified":"2026-05-04T15:53:08+00:00","breadcrumb":{"@id":"https:\/\/tienda.rigelec.com.ar\/?product=gabinete-para-medicion-t3-ip43-ik10-520x640mm#breadcrumb"},"inLanguage":"es-AR","potentialAction":[{"@type":"ReadAction","target":["https:\/\/tienda.rigelec.com.ar\/?product=gabinete-para-medicion-t3-ip43-ik10-520x640mm"]}]},{"@type":"ImageObject","inLanguage":"es-AR","@id":"https:\/\/tienda.rigelec.com.ar\/?product=gabinete-para-medicion-t3-ip43-ik10-520x640mm#primaryimage","url":"https:\/\/tienda.rigelec.com.ar\/wp-content\/uploads\/2025\/11\/GABINETEPARAMEDICIONT3.jpg","contentUrl":"https:\/\/tienda.rigelec.com.ar\/wp-content\/uploads\/2025\/11\/GABINETEPARAMEDICIONT3.jpg","width":1080,"height":1080},{"@type":"BreadcrumbList","@id":"https:\/\/tienda.rigelec.com.ar\/?product=gabinete-para-medicion-t3-ip43-ik10-520x640mm#breadcrumb","itemListElement":[{"@type":"ListItem","position":1,"name":"Inicio","item":"https:\/\/tienda.rigelec.com.ar\/"},{"@type":"ListItem","position":2,"name":"Shop","item":"https:\/\/tienda.rigelec.com.ar\/?page_id=12"},{"@type":"ListItem","position":3,"name":"GABINETE PARA MEDICION T3 IP43 &#8211; IK10 520X640MM"}]},{"@type":"WebSite","@id":"https:\/\/tienda.rigelec.com.ar\/#website","url":"https:\/\/tienda.rigelec.com.ar\/","name":"Tienda Rigelec","description":"Energia en movimiento","publisher":{"@id":"https:\/\/tienda.rigelec.com.ar\/#organization"},"potentialAction":[{"@type":"SearchAction","target":{"@type":"EntryPoint","urlTemplate":"https:\/\/tienda.rigelec.com.ar\/?s={search_term_string}"},"query-input":{"@type":"PropertyValueSpecification","valueRequired":true,"valueName":"search_term_string"}}],"inLanguage":"es-AR"},{"@type":"Organization","@id":"https:\/\/tienda.rigelec.com.ar\/#organization","name":"Tienda Rigelec","url":"https:\/\/tienda.rigelec.com.ar\/","logo":{"@type":"ImageObject","inLanguage":"es-AR","@id":"https:\/\/tienda.rigelec.com.ar\/#\/schema\/logo\/image\/","url":"https:\/\/tienda.rigelec.com.ar\/wp-content\/uploads\/2024\/09\/isologo-blanco-rigelec.png","contentUrl":"https:\/\/tienda.rigelec.com.ar\/wp-content\/uploads\/2024\/09\/isologo-blanco-rigelec.png","width":94,"height":97,"caption":"Tienda Rigelec"},"image":{"@id":"https:\/\/tienda.rigelec.com.ar\/#\/schema\/logo\/image\/"}}]}},"jetpack_sharing_enabled":true,"_links":{"self":[{"href":"https:\/\/tienda.rigelec.com.ar\/index.php?rest_route=\/wp\/v2\/product\/35376","targetHints":{"allow":["GET"]}}],"collection":[{"href":"https:\/\/tienda.rigelec.com.ar\/index.php?rest_route=\/wp\/v2\/product"}],"about":[{"href":"https:\/\/tienda.rigelec.com.ar\/index.php?rest_route=\/wp\/v2\/types\/product"}],"replies":[{"embeddable":true,"href":"https:\/\/tienda.rigelec.com.ar\/index.php?rest_route=%2Fwp%2Fv2%2Fcomments&post=35376"}],"wp:featuredmedia":[{"embeddable":true,"href":"https:\/\/tienda.rigelec.com.ar\/index.php?rest_route=\/wp\/v2\/media\/35377"}],"wp:attachment":[{"href":"https:\/\/tienda.rigelec.com.ar\/index.php?rest_route=%2Fwp%2Fv2%2Fmedia&parent=35376"}],"wp:term":[{"taxonomy":"product_brand","embeddable":true,"href":"https:\/\/tienda.rigelec.com.ar\/index.php?rest_route=%2Fwp%2Fv2%2Fproduct_brand&post=35376"},{"taxonomy":"product_cat","embeddable":true,"href":"https:\/\/tienda.rigelec.com.ar\/index.php?rest_route=%2Fwp%2Fv2%2Fproduct_cat&post=35376"},{"taxonomy":"product_tag","embeddable":true,"href":"https:\/\/tienda.rigelec.com.ar\/index.php?rest_route=%2Fwp%2Fv2%2Fproduct_tag&post=35376"}],"curies":[{"name":"wp","href":"https:\/\/api.w.org\/{rel}","templated":true}]}}