{"id":35387,"date":"2025-11-10T18:45:05","date_gmt":"2025-11-10T21:45:05","guid":{"rendered":"https:\/\/tienda.rigelec.com.ar\/?product=termotanque-solar-no-presurizado-acero-galvanizado-150-litros"},"modified":"2026-05-02T06:29:00","modified_gmt":"2026-05-02T09:29:00","slug":"termotanque-solar-no-presurizado-acero-galvanizado-150-litros","status":"publish","type":"product","link":"https:\/\/tienda.rigelec.com.ar\/?product=termotanque-solar-no-presurizado-acero-galvanizado-150-litros","title":{"rendered":"TERMOTANQUE SOLAR NO PRESURIZADO &#8211; ACERO GALVANIZADO 150 LITROS"},"content":{"rendered":"<p>TERMOTANQUE SOLAR<\/p>\n","protected":false},"excerpt":{"rendered":"<p>TERMOTANQUE SOLAR SUNGREEN 150 LITROS no presurizable, incluye \u00c1NODO DE MAGNESIO para evitar la corrosi\u00f3n de aguas duras y RESISTENCIA EL\u00c9CTRICA de 1500W con Termostato. Interior Acero Inoxidable, exterior Acero Galvanizado.<\/p>\n<p>ESPECIFICACIONES:<\/p>\n<p>\u0096 Funciona por gravedad, debiendo instalarse en altura para asegurar la presi\u00f3n del agua.<br \/>\n\u0096 Puede trabajar con hasta -5\u00baC (para temperaturas inferiores, por favor consulte).<br \/>\n\u0096 Incluye manual de instalaci\u00f3n.<br \/>\n\u0096 Fuente de alimentaci\u00f3n: Solar \/\/ El\u00e9ctrica.<br \/>\n\u0096 Capacidad en volumen: 150 Litros \/ 15 Tubos.<br \/>\n\u0096 Puede montarse sobre techo plano o inclinado.<br \/>\n\u0096 Deber\u00e1 ubicarse por debajo del tanque de agua.<br \/>\n\u0096 Alta resistencia al granizo y vientos fuertes.<br \/>\n\u0096 No posee elementos mec\u00e1nicos sujetos a desgaste.<\/p>\n<p>DATOS T\u00c9CNICOS:<br \/>\nPresi\u00f3n de trabajo tanque: 0,3 bar<br \/>\nTanque interior: Acero inoxidable (SUS 304 \u0096 2B)<br \/>\nTanque exterior: Acero galvanizado<br \/>\nTubos \u0096 Di\u00e1metro: 58 mm (externo) \/ 47 mm (interno)<br \/>\nTubos \u0096 Largo: 1800 mm<br \/>\nMarco: Acero galvanizado<br \/>\n\u00c1ngulo del marco: 30\u00ba<br \/>\nEntrada y salida de agua: \u00be\u0094<br \/>\nEficiencia diaria: &gt; 60%<br \/>\nTemperatura de servicio: -5 \u00baC &lt; T &lt; 100 \u00baC<br \/>\nGARANT\u00cdA: 5 A\u00d1OS<\/p>\n","protected":false},"featured_media":35388,"comment_status":"open","ping_status":"closed","template":"","meta":{"_monsterinsights_skip_tracking":false,"_monsterinsights_sitenote_active":false,"_monsterinsights_sitenote_note":"","_monsterinsights_sitenote_category":0},"product_brand":[],"product_cat":[372],"product_tag":[508],"class_list":{"0":"post-35387","1":"product","2":"type-product","3":"status-publish","4":"has-post-thumbnail","6":"product_cat-g-termotanques","7":"product_tag-sungreen","9":"first","10":"outofstock","11":"shipping-taxable","12":"purchasable","13":"product-type-simple"},"yoast_head":"<!-- This site is optimized with the Yoast SEO plugin v25.3.1 - https:\/\/yoast.com\/wordpress\/plugins\/seo\/ -->\n<title>TERMOTANQUE SOLAR NO PRESURIZADO - ACERO GALVANIZADO 150 LITROS - Tienda Rigelec<\/title>\n<meta name=\"robots\" content=\"index, follow, max-snippet:-1, max-image-preview:large, max-video-preview:-1\" \/>\n<link rel=\"canonical\" href=\"https:\/\/tienda.rigelec.com.ar\/?product=termotanque-solar-no-presurizado-acero-galvanizado-150-litros\" \/>\n<meta property=\"og:locale\" content=\"es_ES\" \/>\n<meta property=\"og:type\" content=\"article\" \/>\n<meta property=\"og:title\" content=\"TERMOTANQUE SOLAR NO PRESURIZADO - ACERO GALVANIZADO 150 LITROS - Tienda Rigelec\" \/>\n<meta property=\"og:description\" content=\"TERMOTANQUE SOLAR SUNGREEN 150 LITROS no presurizable, incluye \u00c1NODO DE MAGNESIO para evitar la corrosi\u00f3n de aguas duras y RESISTENCIA EL\u00c9CTRICA de 1500W con Termostato. Interior Acero Inoxidable, exterior Acero Galvanizado.  ESPECIFICACIONES:  \u0096 Funciona por gravedad, debiendo instalarse en altura para asegurar la presi\u00f3n del agua. \u0096 Puede trabajar con hasta -5\u00baC (para temperaturas inferiores, por favor consulte). \u0096 Incluye manual de instalaci\u00f3n. \u0096 Fuente de alimentaci\u00f3n: Solar \/\/ El\u00e9ctrica. \u0096 Capacidad en volumen: 150 Litros \/ 15 Tubos. \u0096 Puede montarse sobre techo plano o inclinado. \u0096 Deber\u00e1 ubicarse por debajo del tanque de agua. \u0096 Alta resistencia al granizo y vientos fuertes. \u0096 No posee elementos mec\u00e1nicos sujetos a desgaste.  DATOS T\u00c9CNICOS: Presi\u00f3n de trabajo tanque: 0,3 bar Tanque interior: Acero inoxidable (SUS 304 \u0096 2B) Tanque exterior: Acero galvanizado Tubos \u0096 Di\u00e1metro: 58 mm (externo) \/ 47 mm (interno) Tubos \u0096 Largo: 1800 mm Marco: Acero galvanizado \u00c1ngulo del marco: 30\u00ba Entrada y salida de agua: \u00be\u0094 Eficiencia diaria: &gt; 60% Temperatura de servicio: -5 \u00baC &lt; T &lt; 100 \u00baC GARANT\u00cdA: 5 A\u00d1OS\" \/>\n<meta property=\"og:url\" content=\"https:\/\/tienda.rigelec.com.ar\/?product=termotanque-solar-no-presurizado-acero-galvanizado-150-litros\" \/>\n<meta property=\"og:site_name\" content=\"Tienda Rigelec\" \/>\n<meta property=\"article:modified_time\" content=\"2026-05-02T09:29:00+00:00\" \/>\n<meta name=\"twitter:card\" content=\"summary_large_image\" \/>\n<script type=\"application\/ld+json\" class=\"yoast-schema-graph\">{\"@context\":\"https:\/\/schema.org\",\"@graph\":[{\"@type\":\"WebPage\",\"@id\":\"https:\/\/tienda.rigelec.com.ar\/?product=termotanque-solar-no-presurizado-acero-galvanizado-150-litros\",\"url\":\"https:\/\/tienda.rigelec.com.ar\/?product=termotanque-solar-no-presurizado-acero-galvanizado-150-litros\",\"name\":\"TERMOTANQUE SOLAR NO PRESURIZADO - ACERO GALVANIZADO 150 LITROS - Tienda Rigelec\",\"isPartOf\":{\"@id\":\"https:\/\/tienda.rigelec.com.ar\/#website\"},\"primaryImageOfPage\":{\"@id\":\"https:\/\/tienda.rigelec.com.ar\/?product=termotanque-solar-no-presurizado-acero-galvanizado-150-litros#primaryimage\"},\"image\":{\"@id\":\"https:\/\/tienda.rigelec.com.ar\/?product=termotanque-solar-no-presurizado-acero-galvanizado-150-litros#primaryimage\"},\"thumbnailUrl\":\"https:\/\/tienda.rigelec.com.ar\/wp-content\/uploads\/2025\/11\/TERMOTANQUESOLAR.jpg\",\"datePublished\":\"2025-11-10T21:45:05+00:00\",\"dateModified\":\"2026-05-02T09:29:00+00:00\",\"breadcrumb\":{\"@id\":\"https:\/\/tienda.rigelec.com.ar\/?product=termotanque-solar-no-presurizado-acero-galvanizado-150-litros#breadcrumb\"},\"inLanguage\":\"es-AR\",\"potentialAction\":[{\"@type\":\"ReadAction\",\"target\":[\"https:\/\/tienda.rigelec.com.ar\/?product=termotanque-solar-no-presurizado-acero-galvanizado-150-litros\"]}]},{\"@type\":\"ImageObject\",\"inLanguage\":\"es-AR\",\"@id\":\"https:\/\/tienda.rigelec.com.ar\/?product=termotanque-solar-no-presurizado-acero-galvanizado-150-litros#primaryimage\",\"url\":\"https:\/\/tienda.rigelec.com.ar\/wp-content\/uploads\/2025\/11\/TERMOTANQUESOLAR.jpg\",\"contentUrl\":\"https:\/\/tienda.rigelec.com.ar\/wp-content\/uploads\/2025\/11\/TERMOTANQUESOLAR.jpg\",\"width\":1080,\"height\":1080},{\"@type\":\"BreadcrumbList\",\"@id\":\"https:\/\/tienda.rigelec.com.ar\/?product=termotanque-solar-no-presurizado-acero-galvanizado-150-litros#breadcrumb\",\"itemListElement\":[{\"@type\":\"ListItem\",\"position\":1,\"name\":\"Inicio\",\"item\":\"https:\/\/tienda.rigelec.com.ar\/\"},{\"@type\":\"ListItem\",\"position\":2,\"name\":\"Shop\",\"item\":\"https:\/\/tienda.rigelec.com.ar\/?page_id=12\"},{\"@type\":\"ListItem\",\"position\":3,\"name\":\"TERMOTANQUE SOLAR NO PRESURIZADO &#8211; ACERO GALVANIZADO 150 LITROS\"}]},{\"@type\":\"WebSite\",\"@id\":\"https:\/\/tienda.rigelec.com.ar\/#website\",\"url\":\"https:\/\/tienda.rigelec.com.ar\/\",\"name\":\"Tienda Rigelec\",\"description\":\"Energia en movimiento\",\"publisher\":{\"@id\":\"https:\/\/tienda.rigelec.com.ar\/#organization\"},\"potentialAction\":[{\"@type\":\"SearchAction\",\"target\":{\"@type\":\"EntryPoint\",\"urlTemplate\":\"https:\/\/tienda.rigelec.com.ar\/?s={search_term_string}\"},\"query-input\":{\"@type\":\"PropertyValueSpecification\",\"valueRequired\":true,\"valueName\":\"search_term_string\"}}],\"inLanguage\":\"es-AR\"},{\"@type\":\"Organization\",\"@id\":\"https:\/\/tienda.rigelec.com.ar\/#organization\",\"name\":\"Tienda Rigelec\",\"url\":\"https:\/\/tienda.rigelec.com.ar\/\",\"logo\":{\"@type\":\"ImageObject\",\"inLanguage\":\"es-AR\",\"@id\":\"https:\/\/tienda.rigelec.com.ar\/#\/schema\/logo\/image\/\",\"url\":\"https:\/\/tienda.rigelec.com.ar\/wp-content\/uploads\/2024\/09\/isologo-blanco-rigelec.png\",\"contentUrl\":\"https:\/\/tienda.rigelec.com.ar\/wp-content\/uploads\/2024\/09\/isologo-blanco-rigelec.png\",\"width\":94,\"height\":97,\"caption\":\"Tienda Rigelec\"},\"image\":{\"@id\":\"https:\/\/tienda.rigelec.com.ar\/#\/schema\/logo\/image\/\"}}]}<\/script>\n<!-- \/ Yoast SEO plugin. -->","yoast_head_json":{"title":"TERMOTANQUE SOLAR NO PRESURIZADO - ACERO GALVANIZADO 150 LITROS - Tienda Rigelec","robots":{"index":"index","follow":"follow","max-snippet":"max-snippet:-1","max-image-preview":"max-image-preview:large","max-video-preview":"max-video-preview:-1"},"canonical":"https:\/\/tienda.rigelec.com.ar\/?product=termotanque-solar-no-presurizado-acero-galvanizado-150-litros","og_locale":"es_ES","og_type":"article","og_title":"TERMOTANQUE SOLAR NO PRESURIZADO - ACERO GALVANIZADO 150 LITROS - Tienda Rigelec","og_description":"TERMOTANQUE SOLAR SUNGREEN 150 LITROS no presurizable, incluye \u00c1NODO DE MAGNESIO para evitar la corrosi\u00f3n de aguas duras y RESISTENCIA EL\u00c9CTRICA de 1500W con Termostato. Interior Acero Inoxidable, exterior Acero Galvanizado.  ESPECIFICACIONES:  \u0096 Funciona por gravedad, debiendo instalarse en altura para asegurar la presi\u00f3n del agua. \u0096 Puede trabajar con hasta -5\u00baC (para temperaturas inferiores, por favor consulte). \u0096 Incluye manual de instalaci\u00f3n. \u0096 Fuente de alimentaci\u00f3n: Solar \/\/ El\u00e9ctrica. \u0096 Capacidad en volumen: 150 Litros \/ 15 Tubos. \u0096 Puede montarse sobre techo plano o inclinado. \u0096 Deber\u00e1 ubicarse por debajo del tanque de agua. \u0096 Alta resistencia al granizo y vientos fuertes. \u0096 No posee elementos mec\u00e1nicos sujetos a desgaste.  DATOS T\u00c9CNICOS: Presi\u00f3n de trabajo tanque: 0,3 bar Tanque interior: Acero inoxidable (SUS 304 \u0096 2B) Tanque exterior: Acero galvanizado Tubos \u0096 Di\u00e1metro: 58 mm (externo) \/ 47 mm (interno) Tubos \u0096 Largo: 1800 mm Marco: Acero galvanizado \u00c1ngulo del marco: 30\u00ba Entrada y salida de agua: \u00be\u0094 Eficiencia diaria: &gt; 60% Temperatura de servicio: -5 \u00baC &lt; T &lt; 100 \u00baC GARANT\u00cdA: 5 A\u00d1OS","og_url":"https:\/\/tienda.rigelec.com.ar\/?product=termotanque-solar-no-presurizado-acero-galvanizado-150-litros","og_site_name":"Tienda Rigelec","article_modified_time":"2026-05-02T09:29:00+00:00","twitter_card":"summary_large_image","schema":{"@context":"https:\/\/schema.org","@graph":[{"@type":"WebPage","@id":"https:\/\/tienda.rigelec.com.ar\/?product=termotanque-solar-no-presurizado-acero-galvanizado-150-litros","url":"https:\/\/tienda.rigelec.com.ar\/?product=termotanque-solar-no-presurizado-acero-galvanizado-150-litros","name":"TERMOTANQUE SOLAR NO PRESURIZADO - ACERO GALVANIZADO 150 LITROS - Tienda Rigelec","isPartOf":{"@id":"https:\/\/tienda.rigelec.com.ar\/#website"},"primaryImageOfPage":{"@id":"https:\/\/tienda.rigelec.com.ar\/?product=termotanque-solar-no-presurizado-acero-galvanizado-150-litros#primaryimage"},"image":{"@id":"https:\/\/tienda.rigelec.com.ar\/?product=termotanque-solar-no-presurizado-acero-galvanizado-150-litros#primaryimage"},"thumbnailUrl":"https:\/\/tienda.rigelec.com.ar\/wp-content\/uploads\/2025\/11\/TERMOTANQUESOLAR.jpg","datePublished":"2025-11-10T21:45:05+00:00","dateModified":"2026-05-02T09:29:00+00:00","breadcrumb":{"@id":"https:\/\/tienda.rigelec.com.ar\/?product=termotanque-solar-no-presurizado-acero-galvanizado-150-litros#breadcrumb"},"inLanguage":"es-AR","potentialAction":[{"@type":"ReadAction","target":["https:\/\/tienda.rigelec.com.ar\/?product=termotanque-solar-no-presurizado-acero-galvanizado-150-litros"]}]},{"@type":"ImageObject","inLanguage":"es-AR","@id":"https:\/\/tienda.rigelec.com.ar\/?product=termotanque-solar-no-presurizado-acero-galvanizado-150-litros#primaryimage","url":"https:\/\/tienda.rigelec.com.ar\/wp-content\/uploads\/2025\/11\/TERMOTANQUESOLAR.jpg","contentUrl":"https:\/\/tienda.rigelec.com.ar\/wp-content\/uploads\/2025\/11\/TERMOTANQUESOLAR.jpg","width":1080,"height":1080},{"@type":"BreadcrumbList","@id":"https:\/\/tienda.rigelec.com.ar\/?product=termotanque-solar-no-presurizado-acero-galvanizado-150-litros#breadcrumb","itemListElement":[{"@type":"ListItem","position":1,"name":"Inicio","item":"https:\/\/tienda.rigelec.com.ar\/"},{"@type":"ListItem","position":2,"name":"Shop","item":"https:\/\/tienda.rigelec.com.ar\/?page_id=12"},{"@type":"ListItem","position":3,"name":"TERMOTANQUE SOLAR NO PRESURIZADO &#8211; ACERO GALVANIZADO 150 LITROS"}]},{"@type":"WebSite","@id":"https:\/\/tienda.rigelec.com.ar\/#website","url":"https:\/\/tienda.rigelec.com.ar\/","name":"Tienda Rigelec","description":"Energia en movimiento","publisher":{"@id":"https:\/\/tienda.rigelec.com.ar\/#organization"},"potentialAction":[{"@type":"SearchAction","target":{"@type":"EntryPoint","urlTemplate":"https:\/\/tienda.rigelec.com.ar\/?s={search_term_string}"},"query-input":{"@type":"PropertyValueSpecification","valueRequired":true,"valueName":"search_term_string"}}],"inLanguage":"es-AR"},{"@type":"Organization","@id":"https:\/\/tienda.rigelec.com.ar\/#organization","name":"Tienda Rigelec","url":"https:\/\/tienda.rigelec.com.ar\/","logo":{"@type":"ImageObject","inLanguage":"es-AR","@id":"https:\/\/tienda.rigelec.com.ar\/#\/schema\/logo\/image\/","url":"https:\/\/tienda.rigelec.com.ar\/wp-content\/uploads\/2024\/09\/isologo-blanco-rigelec.png","contentUrl":"https:\/\/tienda.rigelec.com.ar\/wp-content\/uploads\/2024\/09\/isologo-blanco-rigelec.png","width":94,"height":97,"caption":"Tienda Rigelec"},"image":{"@id":"https:\/\/tienda.rigelec.com.ar\/#\/schema\/logo\/image\/"}}]}},"jetpack_sharing_enabled":true,"_links":{"self":[{"href":"https:\/\/tienda.rigelec.com.ar\/index.php?rest_route=\/wp\/v2\/product\/35387","targetHints":{"allow":["GET"]}}],"collection":[{"href":"https:\/\/tienda.rigelec.com.ar\/index.php?rest_route=\/wp\/v2\/product"}],"about":[{"href":"https:\/\/tienda.rigelec.com.ar\/index.php?rest_route=\/wp\/v2\/types\/product"}],"replies":[{"embeddable":true,"href":"https:\/\/tienda.rigelec.com.ar\/index.php?rest_route=%2Fwp%2Fv2%2Fcomments&post=35387"}],"wp:featuredmedia":[{"embeddable":true,"href":"https:\/\/tienda.rigelec.com.ar\/index.php?rest_route=\/wp\/v2\/media\/35388"}],"wp:attachment":[{"href":"https:\/\/tienda.rigelec.com.ar\/index.php?rest_route=%2Fwp%2Fv2%2Fmedia&parent=35387"}],"wp:term":[{"taxonomy":"product_brand","embeddable":true,"href":"https:\/\/tienda.rigelec.com.ar\/index.php?rest_route=%2Fwp%2Fv2%2Fproduct_brand&post=35387"},{"taxonomy":"product_cat","embeddable":true,"href":"https:\/\/tienda.rigelec.com.ar\/index.php?rest_route=%2Fwp%2Fv2%2Fproduct_cat&post=35387"},{"taxonomy":"product_tag","embeddable":true,"href":"https:\/\/tienda.rigelec.com.ar\/index.php?rest_route=%2Fwp%2Fv2%2Fproduct_tag&post=35387"}],"curies":[{"name":"wp","href":"https:\/\/api.w.org\/{rel}","templated":true}]}}