{"id":35433,"date":"2025-11-12T19:14:44","date_gmt":"2025-11-12T22:14:44","guid":{"rendered":"https:\/\/tienda.rigelec.com.ar\/?product=reflector-led-pro-luz-fria-ip65-250w-25000lm"},"modified":"2026-05-01T03:19:38","modified_gmt":"2026-05-01T06:19:38","slug":"reflector-led-pro-luz-fria-ip65-250w-25000lm","status":"publish","type":"product","link":"https:\/\/tienda.rigelec.com.ar\/?product=reflector-led-pro-luz-fria-ip65-250w-25000lm","title":{"rendered":"REFLECTOR LED PRO LUZ FRIA IP65 250W &#8211; 25000LM"},"content":{"rendered":"<p>REFLECTOR LED PRO LUZ FRIA<\/p>\n","protected":false},"excerpt":{"rendered":"<p>\u00c1ngulo: 90\u00ba<br \/>\nGrado de Protecci\u00f3n: IP65<br \/>\nLumens: 25.000<br \/>\nLuz D\u00eda<br \/>\nMarca: MeanWell<br \/>\nMaterial: Aluminio<br \/>\nModelo: XLG-200-H-A<br \/>\nM\u00f3dulos: 5<br \/>\nPotencia: 250W<br \/>\nRa: &gt;70<br \/>\nTemp. de luz: 6000 \u00bak<br \/>\nTipo de Led: 2835SMD de alto<br \/>\nVida \u00fatil: 25.000 Hs.<\/p>\n","protected":false},"featured_media":35434,"comment_status":"open","ping_status":"closed","template":"","meta":{"_monsterinsights_skip_tracking":false,"_monsterinsights_sitenote_active":false,"_monsterinsights_sitenote_note":"","_monsterinsights_sitenote_category":0},"product_brand":[],"product_cat":[193],"product_tag":[509],"class_list":{"0":"post-35433","1":"product","2":"type-product","3":"status-publish","4":"has-post-thumbnail","6":"product_cat-1-led","7":"product_tag-sassin","9":"first","10":"outofstock","11":"shipping-taxable","12":"purchasable","13":"product-type-simple"},"yoast_head":"<!-- This site is optimized with the Yoast SEO plugin v25.3.1 - https:\/\/yoast.com\/wordpress\/plugins\/seo\/ -->\n<title>REFLECTOR LED PRO LUZ FRIA IP65 250W - 25000LM - Tienda Rigelec<\/title>\n<meta name=\"robots\" content=\"index, follow, max-snippet:-1, max-image-preview:large, max-video-preview:-1\" \/>\n<link rel=\"canonical\" href=\"https:\/\/tienda.rigelec.com.ar\/?product=reflector-led-pro-luz-fria-ip65-250w-25000lm\" \/>\n<meta property=\"og:locale\" content=\"es_ES\" \/>\n<meta property=\"og:type\" content=\"article\" \/>\n<meta property=\"og:title\" content=\"REFLECTOR LED PRO LUZ FRIA IP65 250W - 25000LM - Tienda Rigelec\" \/>\n<meta property=\"og:description\" content=\"\u00c1ngulo: 90\u00ba Grado de Protecci\u00f3n: IP65 Lumens: 25.000 Luz D\u00eda Marca: MeanWell Material: Aluminio Modelo: XLG-200-H-A M\u00f3dulos: 5  Potencia: 250W Ra: &gt;70 Temp. de luz: 6000 \u00bak Tipo de Led: 2835SMD de alto Vida \u00fatil: 25.000 Hs.\" \/>\n<meta property=\"og:url\" content=\"https:\/\/tienda.rigelec.com.ar\/?product=reflector-led-pro-luz-fria-ip65-250w-25000lm\" \/>\n<meta property=\"og:site_name\" content=\"Tienda Rigelec\" \/>\n<meta property=\"article:modified_time\" content=\"2026-05-01T06:19:38+00:00\" \/>\n<meta name=\"twitter:card\" content=\"summary_large_image\" \/>\n<script type=\"application\/ld+json\" class=\"yoast-schema-graph\">{\"@context\":\"https:\/\/schema.org\",\"@graph\":[{\"@type\":\"WebPage\",\"@id\":\"https:\/\/tienda.rigelec.com.ar\/?product=reflector-led-pro-luz-fria-ip65-250w-25000lm\",\"url\":\"https:\/\/tienda.rigelec.com.ar\/?product=reflector-led-pro-luz-fria-ip65-250w-25000lm\",\"name\":\"REFLECTOR LED PRO LUZ FRIA IP65 250W - 25000LM - Tienda Rigelec\",\"isPartOf\":{\"@id\":\"https:\/\/tienda.rigelec.com.ar\/#website\"},\"primaryImageOfPage\":{\"@id\":\"https:\/\/tienda.rigelec.com.ar\/?product=reflector-led-pro-luz-fria-ip65-250w-25000lm#primaryimage\"},\"image\":{\"@id\":\"https:\/\/tienda.rigelec.com.ar\/?product=reflector-led-pro-luz-fria-ip65-250w-25000lm#primaryimage\"},\"thumbnailUrl\":\"https:\/\/tienda.rigelec.com.ar\/wp-content\/uploads\/2025\/11\/REFLECTORLEDPROLUZFRIA-2.jpg\",\"datePublished\":\"2025-11-12T22:14:44+00:00\",\"dateModified\":\"2026-05-01T06:19:38+00:00\",\"breadcrumb\":{\"@id\":\"https:\/\/tienda.rigelec.com.ar\/?product=reflector-led-pro-luz-fria-ip65-250w-25000lm#breadcrumb\"},\"inLanguage\":\"es-AR\",\"potentialAction\":[{\"@type\":\"ReadAction\",\"target\":[\"https:\/\/tienda.rigelec.com.ar\/?product=reflector-led-pro-luz-fria-ip65-250w-25000lm\"]}]},{\"@type\":\"ImageObject\",\"inLanguage\":\"es-AR\",\"@id\":\"https:\/\/tienda.rigelec.com.ar\/?product=reflector-led-pro-luz-fria-ip65-250w-25000lm#primaryimage\",\"url\":\"https:\/\/tienda.rigelec.com.ar\/wp-content\/uploads\/2025\/11\/REFLECTORLEDPROLUZFRIA-2.jpg\",\"contentUrl\":\"https:\/\/tienda.rigelec.com.ar\/wp-content\/uploads\/2025\/11\/REFLECTORLEDPROLUZFRIA-2.jpg\",\"width\":996,\"height\":827},{\"@type\":\"BreadcrumbList\",\"@id\":\"https:\/\/tienda.rigelec.com.ar\/?product=reflector-led-pro-luz-fria-ip65-250w-25000lm#breadcrumb\",\"itemListElement\":[{\"@type\":\"ListItem\",\"position\":1,\"name\":\"Inicio\",\"item\":\"https:\/\/tienda.rigelec.com.ar\/\"},{\"@type\":\"ListItem\",\"position\":2,\"name\":\"Shop\",\"item\":\"https:\/\/tienda.rigelec.com.ar\/?page_id=12\"},{\"@type\":\"ListItem\",\"position\":3,\"name\":\"REFLECTOR LED PRO LUZ FRIA IP65 250W &#8211; 25000LM\"}]},{\"@type\":\"WebSite\",\"@id\":\"https:\/\/tienda.rigelec.com.ar\/#website\",\"url\":\"https:\/\/tienda.rigelec.com.ar\/\",\"name\":\"Tienda Rigelec\",\"description\":\"Energia en movimiento\",\"publisher\":{\"@id\":\"https:\/\/tienda.rigelec.com.ar\/#organization\"},\"potentialAction\":[{\"@type\":\"SearchAction\",\"target\":{\"@type\":\"EntryPoint\",\"urlTemplate\":\"https:\/\/tienda.rigelec.com.ar\/?s={search_term_string}\"},\"query-input\":{\"@type\":\"PropertyValueSpecification\",\"valueRequired\":true,\"valueName\":\"search_term_string\"}}],\"inLanguage\":\"es-AR\"},{\"@type\":\"Organization\",\"@id\":\"https:\/\/tienda.rigelec.com.ar\/#organization\",\"name\":\"Tienda Rigelec\",\"url\":\"https:\/\/tienda.rigelec.com.ar\/\",\"logo\":{\"@type\":\"ImageObject\",\"inLanguage\":\"es-AR\",\"@id\":\"https:\/\/tienda.rigelec.com.ar\/#\/schema\/logo\/image\/\",\"url\":\"https:\/\/tienda.rigelec.com.ar\/wp-content\/uploads\/2024\/09\/isologo-blanco-rigelec.png\",\"contentUrl\":\"https:\/\/tienda.rigelec.com.ar\/wp-content\/uploads\/2024\/09\/isologo-blanco-rigelec.png\",\"width\":94,\"height\":97,\"caption\":\"Tienda Rigelec\"},\"image\":{\"@id\":\"https:\/\/tienda.rigelec.com.ar\/#\/schema\/logo\/image\/\"}}]}<\/script>\n<!-- \/ Yoast SEO plugin. -->","yoast_head_json":{"title":"REFLECTOR LED PRO LUZ FRIA IP65 250W - 25000LM - Tienda Rigelec","robots":{"index":"index","follow":"follow","max-snippet":"max-snippet:-1","max-image-preview":"max-image-preview:large","max-video-preview":"max-video-preview:-1"},"canonical":"https:\/\/tienda.rigelec.com.ar\/?product=reflector-led-pro-luz-fria-ip65-250w-25000lm","og_locale":"es_ES","og_type":"article","og_title":"REFLECTOR LED PRO LUZ FRIA IP65 250W - 25000LM - Tienda Rigelec","og_description":"\u00c1ngulo: 90\u00ba Grado de Protecci\u00f3n: IP65 Lumens: 25.000 Luz D\u00eda Marca: MeanWell Material: Aluminio Modelo: XLG-200-H-A M\u00f3dulos: 5  Potencia: 250W Ra: &gt;70 Temp. de luz: 6000 \u00bak Tipo de Led: 2835SMD de alto Vida \u00fatil: 25.000 Hs.","og_url":"https:\/\/tienda.rigelec.com.ar\/?product=reflector-led-pro-luz-fria-ip65-250w-25000lm","og_site_name":"Tienda Rigelec","article_modified_time":"2026-05-01T06:19:38+00:00","twitter_card":"summary_large_image","schema":{"@context":"https:\/\/schema.org","@graph":[{"@type":"WebPage","@id":"https:\/\/tienda.rigelec.com.ar\/?product=reflector-led-pro-luz-fria-ip65-250w-25000lm","url":"https:\/\/tienda.rigelec.com.ar\/?product=reflector-led-pro-luz-fria-ip65-250w-25000lm","name":"REFLECTOR LED PRO LUZ FRIA IP65 250W - 25000LM - Tienda Rigelec","isPartOf":{"@id":"https:\/\/tienda.rigelec.com.ar\/#website"},"primaryImageOfPage":{"@id":"https:\/\/tienda.rigelec.com.ar\/?product=reflector-led-pro-luz-fria-ip65-250w-25000lm#primaryimage"},"image":{"@id":"https:\/\/tienda.rigelec.com.ar\/?product=reflector-led-pro-luz-fria-ip65-250w-25000lm#primaryimage"},"thumbnailUrl":"https:\/\/tienda.rigelec.com.ar\/wp-content\/uploads\/2025\/11\/REFLECTORLEDPROLUZFRIA-2.jpg","datePublished":"2025-11-12T22:14:44+00:00","dateModified":"2026-05-01T06:19:38+00:00","breadcrumb":{"@id":"https:\/\/tienda.rigelec.com.ar\/?product=reflector-led-pro-luz-fria-ip65-250w-25000lm#breadcrumb"},"inLanguage":"es-AR","potentialAction":[{"@type":"ReadAction","target":["https:\/\/tienda.rigelec.com.ar\/?product=reflector-led-pro-luz-fria-ip65-250w-25000lm"]}]},{"@type":"ImageObject","inLanguage":"es-AR","@id":"https:\/\/tienda.rigelec.com.ar\/?product=reflector-led-pro-luz-fria-ip65-250w-25000lm#primaryimage","url":"https:\/\/tienda.rigelec.com.ar\/wp-content\/uploads\/2025\/11\/REFLECTORLEDPROLUZFRIA-2.jpg","contentUrl":"https:\/\/tienda.rigelec.com.ar\/wp-content\/uploads\/2025\/11\/REFLECTORLEDPROLUZFRIA-2.jpg","width":996,"height":827},{"@type":"BreadcrumbList","@id":"https:\/\/tienda.rigelec.com.ar\/?product=reflector-led-pro-luz-fria-ip65-250w-25000lm#breadcrumb","itemListElement":[{"@type":"ListItem","position":1,"name":"Inicio","item":"https:\/\/tienda.rigelec.com.ar\/"},{"@type":"ListItem","position":2,"name":"Shop","item":"https:\/\/tienda.rigelec.com.ar\/?page_id=12"},{"@type":"ListItem","position":3,"name":"REFLECTOR LED PRO LUZ FRIA IP65 250W &#8211; 25000LM"}]},{"@type":"WebSite","@id":"https:\/\/tienda.rigelec.com.ar\/#website","url":"https:\/\/tienda.rigelec.com.ar\/","name":"Tienda Rigelec","description":"Energia en movimiento","publisher":{"@id":"https:\/\/tienda.rigelec.com.ar\/#organization"},"potentialAction":[{"@type":"SearchAction","target":{"@type":"EntryPoint","urlTemplate":"https:\/\/tienda.rigelec.com.ar\/?s={search_term_string}"},"query-input":{"@type":"PropertyValueSpecification","valueRequired":true,"valueName":"search_term_string"}}],"inLanguage":"es-AR"},{"@type":"Organization","@id":"https:\/\/tienda.rigelec.com.ar\/#organization","name":"Tienda Rigelec","url":"https:\/\/tienda.rigelec.com.ar\/","logo":{"@type":"ImageObject","inLanguage":"es-AR","@id":"https:\/\/tienda.rigelec.com.ar\/#\/schema\/logo\/image\/","url":"https:\/\/tienda.rigelec.com.ar\/wp-content\/uploads\/2024\/09\/isologo-blanco-rigelec.png","contentUrl":"https:\/\/tienda.rigelec.com.ar\/wp-content\/uploads\/2024\/09\/isologo-blanco-rigelec.png","width":94,"height":97,"caption":"Tienda Rigelec"},"image":{"@id":"https:\/\/tienda.rigelec.com.ar\/#\/schema\/logo\/image\/"}}]}},"jetpack_sharing_enabled":true,"_links":{"self":[{"href":"https:\/\/tienda.rigelec.com.ar\/index.php?rest_route=\/wp\/v2\/product\/35433","targetHints":{"allow":["GET"]}}],"collection":[{"href":"https:\/\/tienda.rigelec.com.ar\/index.php?rest_route=\/wp\/v2\/product"}],"about":[{"href":"https:\/\/tienda.rigelec.com.ar\/index.php?rest_route=\/wp\/v2\/types\/product"}],"replies":[{"embeddable":true,"href":"https:\/\/tienda.rigelec.com.ar\/index.php?rest_route=%2Fwp%2Fv2%2Fcomments&post=35433"}],"wp:featuredmedia":[{"embeddable":true,"href":"https:\/\/tienda.rigelec.com.ar\/index.php?rest_route=\/wp\/v2\/media\/35434"}],"wp:attachment":[{"href":"https:\/\/tienda.rigelec.com.ar\/index.php?rest_route=%2Fwp%2Fv2%2Fmedia&parent=35433"}],"wp:term":[{"taxonomy":"product_brand","embeddable":true,"href":"https:\/\/tienda.rigelec.com.ar\/index.php?rest_route=%2Fwp%2Fv2%2Fproduct_brand&post=35433"},{"taxonomy":"product_cat","embeddable":true,"href":"https:\/\/tienda.rigelec.com.ar\/index.php?rest_route=%2Fwp%2Fv2%2Fproduct_cat&post=35433"},{"taxonomy":"product_tag","embeddable":true,"href":"https:\/\/tienda.rigelec.com.ar\/index.php?rest_route=%2Fwp%2Fv2%2Fproduct_tag&post=35433"}],"curies":[{"name":"wp","href":"https:\/\/api.w.org\/{rel}","templated":true}]}}